{"id":4988,"date":"2022-02-03T19:18:14","date_gmt":"2022-02-03T19:18:14","guid":{"rendered":"https:\/\/www.danby.com\/fr\/product\/dfg26a1b\/"},"modified":"2026-04-18T10:08:01","modified_gmt":"2026-04-18T10:08:01","slug":"dfg26a1b","status":"publish","type":"product","link":"https:\/\/www.danby.com\/fr\/products\/home-herb-grower-fr\/dfg26a1b\/","title":{"rendered":"Planteuse d&#8217;herbes aromatiques Danby Fresh 2,6 pi3 en Noir"},"content":{"rendered":"","protected":false},"excerpt":{"rendered":"<ul>\n<li>La lampe de culture LED BloomBoss\u00ae 16W la plus avanc\u00e9e et la plus \u00e9conome en \u00e9nergie<\/li>\n<li>Syst\u00e8me de circulation d&#8217;air assist\u00e9 par ventilateur<\/li>\n<li>Tablette m\u00e9tallique r\u00e9glable et amovible<\/li>\n<li>Minuterie num\u00e9rique pour les cycles d&#8217;\u00e9clairage<\/li>\n<li>Plateau d&#8217;\u00e9gouttage \u00e0 d\u00e9bordement inclus<\/li>\n<li>Porte vitr\u00e9e transparente<\/li>\n<li>Charni\u00e8re de porte r\u00e9versible<\/li>\n<li>Poign\u00e9e de porte int\u00e9gr\u00e9e<\/li>\n<li>Bac \u00e0 eau pour contr\u00f4ler manuellement l&#8217;humidit\u00e9<\/li>\n<\/ul>\n","protected":false},"featured_media":35263,"comment_status":"closed","ping_status":"closed","template":"","meta":{"_acf_changed":false},"product_brand":[],"product_cat":[28],"product_tag":[],"class_list":{"0":"post-4988","1":"product","2":"type-product","3":"status-publish","4":"has-post-thumbnail","6":"product_cat-home-herb-grower-fr","8":"first","9":"outofstock","10":"taxable","11":"shipping-taxable","12":"product-type-simple"},"acf":[],"yoast_head":"<!-- This site is optimized with the Yoast SEO plugin v26.7 - https:\/\/yoast.com\/wordpress\/plugins\/seo\/ -->\n<title>Planteuse d&#039;herbes aromatiques Danby Fresh 2,6 pi3 en Noir - DFG26A1B | Danby Canada<\/title>\n<meta name=\"description\" content=\"Amenez votre jardin \u00e0 l&#039;int\u00e9rieur cet hiver avec Danby Fresh. Faites pousser des herbes fra\u00eeches et des micro-verts, et d\u00e9marrez des semis de l\u00e9gumes, de fruits et de fleurs dans un produit cl\u00e9 en main, facile \u00e0 utiliser et \u00e0 entretenir. Con\u00e7u pour s&#039;adapter \u00e0 votre d\u00e9cor, Danby Fresh est offert dans un fini noir-acier ressemblant \u00e0 la plupart des r\u00e9frig\u00e9rateurs \u00e0 vin et des centres de boissons contemporains. Vous saurez exactement d&#039;o\u00f9 viennent vos aliments et comment ils ont \u00e9t\u00e9 cultiv\u00e9s. Vous pouvez donc \u00eatre certain que vous servirez \u00e0 votre famille des l\u00e9gumes sains, frais et biologiques \u00e0 chaque fois. Danby Fresh \u00e9limine \u00e9galement les incertitudes li\u00e9es au jardinage en fournissant la bonne quantit\u00e9 de lumi\u00e8re, de temp\u00e9rature et de circulation d&#039;air frais en appuyant simplement sur un interrupteur. Et gr\u00e2ce aux lampes de culture \u00e0 DEL les plus efficaces de l&#039;industrie, aliment\u00e9es par BloomBoss\u00ae, vous n&#039;aurez pas \u00e0 vous soucier de factures d&#039;\u00e9nergie \u00e9lev\u00e9es. Disponible en 1,7 pi3 et 5,8 pi3.\" \/>\n<meta name=\"robots\" content=\"index, follow, max-snippet:-1, max-image-preview:large, max-video-preview:-1\" \/>\n<link rel=\"canonical\" href=\"https:\/\/www.danby.com\/fr\/products\/home-herb-grower-fr\/dfg26a1b\/\" \/>\n<meta property=\"og:locale\" content=\"fr_CA\" \/>\n<meta property=\"og:type\" content=\"article\" \/>\n<meta property=\"og:title\" content=\"Planteuse d&#039;herbes aromatiques Danby Fresh 2,6 pi3 en Noir - DFG26A1B | Danby Canada\" \/>\n<meta property=\"og:description\" content=\"Amenez votre jardin \u00e0 l&#039;int\u00e9rieur cet hiver avec Danby Fresh. Faites pousser des herbes fra\u00eeches et des micro-verts, et d\u00e9marrez des semis de l\u00e9gumes, de fruits et de fleurs dans un produit cl\u00e9 en main, facile \u00e0 utiliser et \u00e0 entretenir. Con\u00e7u pour s&#039;adapter \u00e0 votre d\u00e9cor, Danby Fresh est offert dans un fini noir-acier ressemblant \u00e0 la plupart des r\u00e9frig\u00e9rateurs \u00e0 vin et des centres de boissons contemporains. Vous saurez exactement d&#039;o\u00f9 viennent vos aliments et comment ils ont \u00e9t\u00e9 cultiv\u00e9s. Vous pouvez donc \u00eatre certain que vous servirez \u00e0 votre famille des l\u00e9gumes sains, frais et biologiques \u00e0 chaque fois. Danby Fresh \u00e9limine \u00e9galement les incertitudes li\u00e9es au jardinage en fournissant la bonne quantit\u00e9 de lumi\u00e8re, de temp\u00e9rature et de circulation d&#039;air frais en appuyant simplement sur un interrupteur. Et gr\u00e2ce aux lampes de culture \u00e0 DEL les plus efficaces de l&#039;industrie, aliment\u00e9es par BloomBoss\u00ae, vous n&#039;aurez pas \u00e0 vous soucier de factures d&#039;\u00e9nergie \u00e9lev\u00e9es. Disponible en 1,7 pi3 et 5,8 pi3.\" \/>\n<meta property=\"og:url\" content=\"https:\/\/www.danby.com\/fr\/products\/home-herb-grower-fr\/dfg26a1b\/\" \/>\n<meta property=\"og:site_name\" content=\"Danby - Canada - French\" \/>\n<meta property=\"article:publisher\" content=\"https:\/\/www.facebook.com\/DanbyAppliances\" \/>\n<meta property=\"article:modified_time\" content=\"2026-04-18T10:08:01+00:00\" \/>\n<meta property=\"og:image\" content=\"https:\/\/cdnweb.danby.com\/wp-content\/uploads\/sites\/2\/2023\/05\/30174622\/DFG26A1B_Front_Empty_NEW.jpg\" \/>\n\t<meta property=\"og:image:width\" content=\"1613\" \/>\n\t<meta property=\"og:image:height\" content=\"2151\" \/>\n\t<meta property=\"og:image:type\" content=\"image\/jpeg\" \/>\n<meta name=\"twitter:card\" content=\"summary_large_image\" \/>\n<meta name=\"twitter:site\" content=\"@DanbyAppliance\" \/>\n<script type=\"application\/ld+json\" class=\"yoast-schema-graph\">{\"@context\":\"https:\/\/schema.org\",\"@graph\":[{\"@type\":[\"WebPage\",\"ItemPage\"],\"url\":\"https:\/\/www.danby.com\/fr\/products\/home-herb-grower-fr\/dfg26a1b\/\",\"name\":\"Planteuse d'herbes aromatiques Danby Fresh 2,6 pi3 en Noir - DFG26A1B | Danby Canada\",\"isPartOf\":[],\"primaryImageOfPage\":[],\"image\":[],\"thumbnailUrl\":\"https:\/\/www.danby.com\/fr\/wp-content\/uploads\/sites\/2\/2025\/09\/dfg26a1b-thumbnail.jpg\",\"datePublished\":\"2022-02-03T19:18:14+00:00\",\"dateModified\":\"2026-04-18T10:08:01+00:00\",\"description\":\"Amenez votre jardin \u00e0 l'int\u00e9rieur cet hiver avec Danby Fresh. Faites pousser des herbes fra\u00eeches et des micro-verts, et d\u00e9marrez des semis de l\u00e9gumes, de fruits et de fleurs dans un produit cl\u00e9 en main, facile \u00e0 utiliser et \u00e0 entretenir. Con\u00e7u pour s'adapter \u00e0 votre d\u00e9cor, Danby Fresh est offert dans un fini noir-acier ressemblant \u00e0 la plupart des r\u00e9frig\u00e9rateurs \u00e0 vin et des centres de boissons contemporains. Vous saurez exactement d'o\u00f9 viennent vos aliments et comment ils ont \u00e9t\u00e9 cultiv\u00e9s. Vous pouvez donc \u00eatre certain que vous servirez \u00e0 votre famille des l\u00e9gumes sains, frais et biologiques \u00e0 chaque fois. Danby Fresh \u00e9limine \u00e9galement les incertitudes li\u00e9es au jardinage en fournissant la bonne quantit\u00e9 de lumi\u00e8re, de temp\u00e9rature et de circulation d'air frais en appuyant simplement sur un interrupteur. Et gr\u00e2ce aux lampes de culture \u00e0 DEL les plus efficaces de l'industrie, aliment\u00e9es par BloomBoss\u00ae, vous n'aurez pas \u00e0 vous soucier de factures d'\u00e9nergie \u00e9lev\u00e9es. Disponible en 1,7 pi3 et 5,8 pi3.\",\"breadcrumb\":[],\"inLanguage\":\"fr-CA\",\"potentialAction\":[{\"@type\":\"ReadAction\",\"target\":[\"https:\/\/www.danby.com\/fr\/products\/home-herb-grower-fr\/dfg26a1b\/\"]}]},{\"@type\":\"ImageObject\",\"inLanguage\":\"fr-CA\",\"url\":\"https:\/\/www.danby.com\/fr\/wp-content\/uploads\/sites\/2\/2025\/09\/dfg26a1b-thumbnail.jpg\",\"contentUrl\":\"https:\/\/www.danby.com\/fr\/wp-content\/uploads\/sites\/2\/2025\/09\/dfg26a1b-thumbnail.jpg\",\"width\":768,\"height\":1024},{\"@type\":\"BreadcrumbList\",\"itemListElement\":[{\"@type\":\"ListItem\",\"position\":1,\"name\":\"Home\",\"item\":\"https:\/\/www.danby.com\/fr\/\"},{\"@type\":\"ListItem\",\"position\":2,\"name\":\"Boutique\",\"item\":\"https:\/\/www.danby.com\/fr\/boutique\/\"},{\"@type\":\"ListItem\",\"position\":3,\"name\":\"Planteuse d&#8217;herbes aromatiques Danby Fresh 2,6 pi3 en Noir\"}]},{\"@type\":\"WebSite\",\"url\":\"https:\/\/www.danby.com\/fr\/\",\"name\":\"Danby - Canada - French\",\"description\":\"Leader dans le domaine de la r\u00e9frig\u00e9ration et des appareils sp\u00e9cialis\u00e9s\",\"publisher\":[],\"potentialAction\":[{\"@type\":\"SearchAction\",\"target\":{\"@type\":\"EntryPoint\",\"urlTemplate\":\"https:\/\/www.danby.com\/fr\/?s={search_term_string}\"},\"query-input\":{\"@type\":\"PropertyValueSpecification\",\"valueRequired\":true,\"valueName\":\"search_term_string\"}}],\"inLanguage\":\"fr-CA\"},{\"@type\":\"Organization\",\"name\":\"Danby Appliances\",\"url\":\"https:\/\/www.danby.com\/fr\/\",\"logo\":{\"@type\":\"ImageObject\",\"inLanguage\":\"fr-CA\",\"url\":\"https:\/\/cdnweb.danby.com\/wp-content\/uploads\/sites\/2\/2022\/02\/10141906\/Danby75Ans_Blue.png\",\"contentUrl\":\"https:\/\/cdnweb.danby.com\/wp-content\/uploads\/sites\/2\/2022\/02\/10141906\/Danby75Ans_Blue.png\",\"width\":470,\"height\":110,\"caption\":\"Danby Appliances\"},\"image\":[],\"sameAs\":[\"https:\/\/www.facebook.com\/DanbyAppliances\",\"https:\/\/x.com\/DanbyAppliance\",\"https:\/\/instagram.com\/danbyappliances\/\",\"https:\/\/www.linkedin.com\/company\/danbyappliances\",\"https:\/\/www.pinterest.ca\/danbyappliances\/\",\"https:\/\/www.youtube.com\/user\/DanbyProducts\",\"https:\/\/en.wikipedia.org\/wiki\/Danby_(appliances)\"]}]}<\/script>\n<!-- \/ Yoast SEO plugin. -->","yoast_head_json":{"title":"Planteuse d'herbes aromatiques Danby Fresh 2,6 pi3 en Noir - DFG26A1B | Danby Canada","description":"Amenez votre jardin \u00e0 l'int\u00e9rieur cet hiver avec Danby Fresh. Faites pousser des herbes fra\u00eeches et des micro-verts, et d\u00e9marrez des semis de l\u00e9gumes, de fruits et de fleurs dans un produit cl\u00e9 en main, facile \u00e0 utiliser et \u00e0 entretenir. Con\u00e7u pour s'adapter \u00e0 votre d\u00e9cor, Danby Fresh est offert dans un fini noir-acier ressemblant \u00e0 la plupart des r\u00e9frig\u00e9rateurs \u00e0 vin et des centres de boissons contemporains. Vous saurez exactement d'o\u00f9 viennent vos aliments et comment ils ont \u00e9t\u00e9 cultiv\u00e9s. Vous pouvez donc \u00eatre certain que vous servirez \u00e0 votre famille des l\u00e9gumes sains, frais et biologiques \u00e0 chaque fois. Danby Fresh \u00e9limine \u00e9galement les incertitudes li\u00e9es au jardinage en fournissant la bonne quantit\u00e9 de lumi\u00e8re, de temp\u00e9rature et de circulation d'air frais en appuyant simplement sur un interrupteur. Et gr\u00e2ce aux lampes de culture \u00e0 DEL les plus efficaces de l'industrie, aliment\u00e9es par BloomBoss\u00ae, vous n'aurez pas \u00e0 vous soucier de factures d'\u00e9nergie \u00e9lev\u00e9es. Disponible en 1,7 pi3 et 5,8 pi3.","robots":{"index":"index","follow":"follow","max-snippet":"max-snippet:-1","max-image-preview":"max-image-preview:large","max-video-preview":"max-video-preview:-1"},"canonical":"https:\/\/www.danby.com\/fr\/products\/home-herb-grower-fr\/dfg26a1b\/","og_locale":"fr_CA","og_type":"article","og_title":"Planteuse d'herbes aromatiques Danby Fresh 2,6 pi3 en Noir - DFG26A1B | Danby Canada","og_description":"Amenez votre jardin \u00e0 l'int\u00e9rieur cet hiver avec Danby Fresh. Faites pousser des herbes fra\u00eeches et des micro-verts, et d\u00e9marrez des semis de l\u00e9gumes, de fruits et de fleurs dans un produit cl\u00e9 en main, facile \u00e0 utiliser et \u00e0 entretenir. Con\u00e7u pour s'adapter \u00e0 votre d\u00e9cor, Danby Fresh est offert dans un fini noir-acier ressemblant \u00e0 la plupart des r\u00e9frig\u00e9rateurs \u00e0 vin et des centres de boissons contemporains. Vous saurez exactement d'o\u00f9 viennent vos aliments et comment ils ont \u00e9t\u00e9 cultiv\u00e9s. Vous pouvez donc \u00eatre certain que vous servirez \u00e0 votre famille des l\u00e9gumes sains, frais et biologiques \u00e0 chaque fois. Danby Fresh \u00e9limine \u00e9galement les incertitudes li\u00e9es au jardinage en fournissant la bonne quantit\u00e9 de lumi\u00e8re, de temp\u00e9rature et de circulation d'air frais en appuyant simplement sur un interrupteur. Et gr\u00e2ce aux lampes de culture \u00e0 DEL les plus efficaces de l'industrie, aliment\u00e9es par BloomBoss\u00ae, vous n'aurez pas \u00e0 vous soucier de factures d'\u00e9nergie \u00e9lev\u00e9es. Disponible en 1,7 pi3 et 5,8 pi3.","og_url":"https:\/\/www.danby.com\/fr\/products\/home-herb-grower-fr\/dfg26a1b\/","og_site_name":"Danby - Canada - French","article_publisher":"https:\/\/www.facebook.com\/DanbyAppliances","article_modified_time":"2026-04-18T10:08:01+00:00","og_image":[{"width":1613,"height":2151,"url":"https:\/\/cdnweb.danby.com\/wp-content\/uploads\/sites\/2\/2023\/05\/30174622\/DFG26A1B_Front_Empty_NEW.jpg","type":"image\/jpeg"}],"twitter_card":"summary_large_image","twitter_site":"@DanbyAppliance","schema":{"@context":"https:\/\/schema.org","@graph":[{"@type":["WebPage","ItemPage"],"url":"https:\/\/www.danby.com\/fr\/products\/home-herb-grower-fr\/dfg26a1b\/","name":"Planteuse d'herbes aromatiques Danby Fresh 2,6 pi3 en Noir - DFG26A1B | Danby Canada","isPartOf":[],"primaryImageOfPage":[],"image":[],"thumbnailUrl":"https:\/\/www.danby.com\/fr\/wp-content\/uploads\/sites\/2\/2025\/09\/dfg26a1b-thumbnail.jpg","datePublished":"2022-02-03T19:18:14+00:00","dateModified":"2026-04-18T10:08:01+00:00","description":"Amenez votre jardin \u00e0 l'int\u00e9rieur cet hiver avec Danby Fresh. Faites pousser des herbes fra\u00eeches et des micro-verts, et d\u00e9marrez des semis de l\u00e9gumes, de fruits et de fleurs dans un produit cl\u00e9 en main, facile \u00e0 utiliser et \u00e0 entretenir. Con\u00e7u pour s'adapter \u00e0 votre d\u00e9cor, Danby Fresh est offert dans un fini noir-acier ressemblant \u00e0 la plupart des r\u00e9frig\u00e9rateurs \u00e0 vin et des centres de boissons contemporains. Vous saurez exactement d'o\u00f9 viennent vos aliments et comment ils ont \u00e9t\u00e9 cultiv\u00e9s. Vous pouvez donc \u00eatre certain que vous servirez \u00e0 votre famille des l\u00e9gumes sains, frais et biologiques \u00e0 chaque fois. Danby Fresh \u00e9limine \u00e9galement les incertitudes li\u00e9es au jardinage en fournissant la bonne quantit\u00e9 de lumi\u00e8re, de temp\u00e9rature et de circulation d'air frais en appuyant simplement sur un interrupteur. Et gr\u00e2ce aux lampes de culture \u00e0 DEL les plus efficaces de l'industrie, aliment\u00e9es par BloomBoss\u00ae, vous n'aurez pas \u00e0 vous soucier de factures d'\u00e9nergie \u00e9lev\u00e9es. Disponible en 1,7 pi3 et 5,8 pi3.","breadcrumb":[],"inLanguage":"fr-CA","potentialAction":[{"@type":"ReadAction","target":["https:\/\/www.danby.com\/fr\/products\/home-herb-grower-fr\/dfg26a1b\/"]}]},{"@type":"ImageObject","inLanguage":"fr-CA","url":"https:\/\/www.danby.com\/fr\/wp-content\/uploads\/sites\/2\/2025\/09\/dfg26a1b-thumbnail.jpg","contentUrl":"https:\/\/www.danby.com\/fr\/wp-content\/uploads\/sites\/2\/2025\/09\/dfg26a1b-thumbnail.jpg","width":768,"height":1024},{"@type":"BreadcrumbList","itemListElement":[{"@type":"ListItem","position":1,"name":"Home","item":"https:\/\/www.danby.com\/fr\/"},{"@type":"ListItem","position":2,"name":"Boutique","item":"https:\/\/www.danby.com\/fr\/boutique\/"},{"@type":"ListItem","position":3,"name":"Planteuse d&#8217;herbes aromatiques Danby Fresh 2,6 pi3 en Noir"}]},{"@type":"WebSite","url":"https:\/\/www.danby.com\/fr\/","name":"Danby - Canada - French","description":"Leader dans le domaine de la r\u00e9frig\u00e9ration et des appareils sp\u00e9cialis\u00e9s","publisher":[],"potentialAction":[{"@type":"SearchAction","target":{"@type":"EntryPoint","urlTemplate":"https:\/\/www.danby.com\/fr\/?s={search_term_string}"},"query-input":{"@type":"PropertyValueSpecification","valueRequired":true,"valueName":"search_term_string"}}],"inLanguage":"fr-CA"},{"@type":"Organization","name":"Danby Appliances","url":"https:\/\/www.danby.com\/fr\/","logo":{"@type":"ImageObject","inLanguage":"fr-CA","url":"https:\/\/cdnweb.danby.com\/wp-content\/uploads\/sites\/2\/2022\/02\/10141906\/Danby75Ans_Blue.png","contentUrl":"https:\/\/cdnweb.danby.com\/wp-content\/uploads\/sites\/2\/2022\/02\/10141906\/Danby75Ans_Blue.png","width":470,"height":110,"caption":"Danby Appliances"},"image":[],"sameAs":["https:\/\/www.facebook.com\/DanbyAppliances","https:\/\/x.com\/DanbyAppliance","https:\/\/instagram.com\/danbyappliances\/","https:\/\/www.linkedin.com\/company\/danbyappliances","https:\/\/www.pinterest.ca\/danbyappliances\/","https:\/\/www.youtube.com\/user\/DanbyProducts","https:\/\/en.wikipedia.org\/wiki\/Danby_(appliances)"]}]}},"post_mailing_queue_ids":[],"_links":{"self":[{"href":"https:\/\/www.danby.com\/fr\/wp-json\/wp\/v2\/product\/4988","targetHints":{"allow":["GET"]}}],"collection":[{"href":"https:\/\/www.danby.com\/fr\/wp-json\/wp\/v2\/product"}],"about":[{"href":"https:\/\/www.danby.com\/fr\/wp-json\/wp\/v2\/types\/product"}],"replies":[{"embeddable":true,"href":"https:\/\/www.danby.com\/fr\/wp-json\/wp\/v2\/comments?post=4988"}],"wp:featuredmedia":[{"embeddable":true,"href":"https:\/\/www.danby.com\/fr\/wp-json\/wp\/v2\/media\/35263"}],"wp:attachment":[{"href":"https:\/\/www.danby.com\/fr\/wp-json\/wp\/v2\/media?parent=4988"}],"wp:term":[{"taxonomy":"product_brand","embeddable":true,"href":"https:\/\/www.danby.com\/fr\/wp-json\/wp\/v2\/product_brand?post=4988"},{"taxonomy":"product_cat","embeddable":true,"href":"https:\/\/www.danby.com\/fr\/wp-json\/wp\/v2\/product_cat?post=4988"},{"taxonomy":"product_tag","embeddable":true,"href":"https:\/\/www.danby.com\/fr\/wp-json\/wp\/v2\/product_tag?post=4988"}],"curies":[{"name":"wp","href":"https:\/\/api.w.org\/{rel}","templated":true}]}}