{"id":4982,"date":"2022-02-03T19:18:00","date_gmt":"2022-02-03T19:18:00","guid":{"rendered":"https:\/\/www.danby.com\/fr\/product\/dff8803w\/"},"modified":"2026-04-04T10:03:43","modified_gmt":"2026-04-04T10:03:43","slug":"dff8803w","status":"publish","type":"product","link":"https:\/\/www.danby.com\/fr\/products\/refrigerateurs-pour-petites-surfaces\/dff8803w\/","title":{"rendered":"Danby 8.8  R\u00e9frig\u00e9rateurs pour petites surface"},"content":{"rendered":"","protected":false},"excerpt":{"rendered":"<ul>\n<li>Capacit\u00e9 de 8,8 pi3. (249 L) capacit\u00e9<\/li>\n<li>Design peu encombrant adapt\u00e9 aux cuisines avec un espace limit\u00e9<\/li>\n<li>Fonctionnement sans givre offre un entretien sans tracas et une meilleure conservation des aliments<\/li>\n<li>Thermostat m\u00e9canique<\/li>\n<li>Personnalisez l&#8217;espace int\u00e9rieur avec des \u00e9tag\u00e8res r\u00e9glables<\/li>\n<li>\u00c9tag\u00e8res de porte int\u00e9gr\u00e9es et stockage d&#8217;\u0153ufs<\/li>\n<li>See thru crisper &#8211; aide \u00e0 conserver les fruits et l\u00e9gumes frais<\/li>\n<li>Rangement des grandes bouteilles<\/li>\n<li>Lumi\u00e8re int\u00e9rieure<\/li>\n<li>Charni\u00e8re de porte r\u00e9versible pour une ouverture \u00e0 gauche ou \u00e0 droite<\/li>\n<\/ul>\n","protected":false},"featured_media":6344,"comment_status":"closed","ping_status":"open","template":"","meta":{"_acf_changed":false},"product_brand":[],"product_cat":[20],"product_tag":[],"class_list":{"0":"post-4982","1":"product","2":"type-product","3":"status-publish","4":"has-post-thumbnail","6":"product_cat-refrigerateurs-pour-petites-surfaces","8":"first","9":"outofstock","10":"taxable","11":"shipping-taxable","12":"product-type-simple"},"acf":[],"yoast_head":"<!-- This site is optimized with the Yoast SEO plugin v26.7 - https:\/\/yoast.com\/wordpress\/plugins\/seo\/ -->\n<title>Danby 8.8 R\u00e9frig\u00e9rateurs pour petites surface - DFF8803W | Danby Canada<\/title>\n<meta name=\"description\" content=\"Ce chic r\u00e9frig\u00e9rateur compact et peu encombrant, convient parfaitement \u00e0 votre studio, \u00e0 votre copropri\u00e9t\u00e9, au bar de votre salle de jeu ou comme r\u00e9frig\u00e9rateur d\u2019appoint. Cet appareil sans givre d\u2019une capacit\u00e9 de 249 litres (8,8 pieds cubes) est \u00e9quip\u00e9 de deux clayettes r\u00e9glables pleine largeur, d\u2019un espace d\u2019entreposage pour les bouteilles grand format et d\u2019un thermostat m\u00e9canique. Il comprend aussi un bac \u00e0 l\u00e9gumes transparent, un compartiment pour les \u0153ufs ainsi que des balconnets int\u00e9gr\u00e9s, permettant de conserver tous vos condiments au frais. Le compartiment cong\u00e9lateur est muni d\u2019une clayette r\u00e9glable ce qui am\u00e9liore l\u2019espace logeable de l\u2019appareil et vous permet d\u2019en personnaliser l\u2019int\u00e9rieur. La porte, pourvue d\u2019une charni\u00e8re r\u00e9versible, est ais\u00e9ment modifiable, ce qui en fait le parfait r\u00e9frig\u00e9rateur, tant pour les utilisateurs gauchers que droitiers. Ce mod\u00e8le, pourvu d\u2019une garantie de 12 mois sur les pi\u00e8ces et la main-d\u2019\u0153uvre, vous permet de b\u00e9n\u00e9ficier d\u2019une compl\u00e8te tranquillit\u00e9 d\u2019esprit.\" \/>\n<meta name=\"robots\" content=\"index, follow, max-snippet:-1, max-image-preview:large, max-video-preview:-1\" \/>\n<link rel=\"canonical\" href=\"https:\/\/www.danby.com\/fr\/products\/refrigerateurs-pour-petites-surfaces\/dff8803w\/\" \/>\n<meta property=\"og:locale\" content=\"fr_CA\" \/>\n<meta property=\"og:type\" content=\"article\" \/>\n<meta property=\"og:title\" content=\"Danby 8.8 R\u00e9frig\u00e9rateurs pour petites surface - DFF8803W | Danby Canada\" \/>\n<meta property=\"og:description\" content=\"Ce chic r\u00e9frig\u00e9rateur compact et peu encombrant, convient parfaitement \u00e0 votre studio, \u00e0 votre copropri\u00e9t\u00e9, au bar de votre salle de jeu ou comme r\u00e9frig\u00e9rateur d\u2019appoint. Cet appareil sans givre d\u2019une capacit\u00e9 de 249 litres (8,8 pieds cubes) est \u00e9quip\u00e9 de deux clayettes r\u00e9glables pleine largeur, d\u2019un espace d\u2019entreposage pour les bouteilles grand format et d\u2019un thermostat m\u00e9canique. Il comprend aussi un bac \u00e0 l\u00e9gumes transparent, un compartiment pour les \u0153ufs ainsi que des balconnets int\u00e9gr\u00e9s, permettant de conserver tous vos condiments au frais. Le compartiment cong\u00e9lateur est muni d\u2019une clayette r\u00e9glable ce qui am\u00e9liore l\u2019espace logeable de l\u2019appareil et vous permet d\u2019en personnaliser l\u2019int\u00e9rieur. La porte, pourvue d\u2019une charni\u00e8re r\u00e9versible, est ais\u00e9ment modifiable, ce qui en fait le parfait r\u00e9frig\u00e9rateur, tant pour les utilisateurs gauchers que droitiers. Ce mod\u00e8le, pourvu d\u2019une garantie de 12 mois sur les pi\u00e8ces et la main-d\u2019\u0153uvre, vous permet de b\u00e9n\u00e9ficier d\u2019une compl\u00e8te tranquillit\u00e9 d\u2019esprit.\" \/>\n<meta property=\"og:url\" content=\"https:\/\/www.danby.com\/fr\/products\/refrigerateurs-pour-petites-surfaces\/dff8803w\/\" \/>\n<meta property=\"og:site_name\" content=\"Danby - Canada - French\" \/>\n<meta property=\"article:publisher\" content=\"https:\/\/www.facebook.com\/DanbyAppliances\" \/>\n<meta property=\"article:modified_time\" content=\"2026-04-04T10:03:43+00:00\" \/>\n<meta property=\"og:image\" content=\"https:\/\/cdnweb.danby.com\/wp-content\/uploads\/sites\/2\/2022\/02\/08183723\/proMed-dff8803w.jpg\" \/>\n\t<meta property=\"og:image:width\" content=\"300\" \/>\n\t<meta property=\"og:image:height\" content=\"272\" \/>\n\t<meta property=\"og:image:type\" content=\"image\/jpeg\" \/>\n<meta name=\"twitter:card\" content=\"summary_large_image\" \/>\n<meta name=\"twitter:site\" content=\"@DanbyAppliance\" \/>\n<script type=\"application\/ld+json\" class=\"yoast-schema-graph\">{\"@context\":\"https:\/\/schema.org\",\"@graph\":[{\"@type\":[\"WebPage\",\"ItemPage\"],\"url\":\"https:\/\/www.danby.com\/fr\/products\/refrigerateurs-pour-petites-surfaces\/dff8803w\/\",\"name\":\"Danby 8.8 R\u00e9frig\u00e9rateurs pour petites surface - DFF8803W | Danby Canada\",\"isPartOf\":[],\"primaryImageOfPage\":[],\"image\":[],\"thumbnailUrl\":\"https:\/\/cdnweb.danby.com\/wp-content\/uploads\/sites\/2\/2022\/02\/08183723\/proMed-dff8803w.jpg\",\"datePublished\":\"2022-02-03T19:18:00+00:00\",\"dateModified\":\"2026-04-04T10:03:43+00:00\",\"description\":\"Ce chic r\u00e9frig\u00e9rateur compact et peu encombrant, convient parfaitement \u00e0 votre studio, \u00e0 votre copropri\u00e9t\u00e9, au bar de votre salle de jeu ou comme r\u00e9frig\u00e9rateur d\u2019appoint. Cet appareil sans givre d\u2019une capacit\u00e9 de 249 litres (8,8 pieds cubes) est \u00e9quip\u00e9 de deux clayettes r\u00e9glables pleine largeur, d\u2019un espace d\u2019entreposage pour les bouteilles grand format et d\u2019un thermostat m\u00e9canique. Il comprend aussi un bac \u00e0 l\u00e9gumes transparent, un compartiment pour les \u0153ufs ainsi que des balconnets int\u00e9gr\u00e9s, permettant de conserver tous vos condiments au frais. Le compartiment cong\u00e9lateur est muni d\u2019une clayette r\u00e9glable ce qui am\u00e9liore l\u2019espace logeable de l\u2019appareil et vous permet d\u2019en personnaliser l\u2019int\u00e9rieur. La porte, pourvue d\u2019une charni\u00e8re r\u00e9versible, est ais\u00e9ment modifiable, ce qui en fait le parfait r\u00e9frig\u00e9rateur, tant pour les utilisateurs gauchers que droitiers. Ce mod\u00e8le, pourvu d\u2019une garantie de 12 mois sur les pi\u00e8ces et la main-d\u2019\u0153uvre, vous permet de b\u00e9n\u00e9ficier d\u2019une compl\u00e8te tranquillit\u00e9 d\u2019esprit.\",\"breadcrumb\":[],\"inLanguage\":\"fr-CA\",\"potentialAction\":[{\"@type\":\"ReadAction\",\"target\":[\"https:\/\/www.danby.com\/fr\/products\/refrigerateurs-pour-petites-surfaces\/dff8803w\/\"]}]},{\"@type\":\"ImageObject\",\"inLanguage\":\"fr-CA\",\"url\":\"https:\/\/cdnweb.danby.com\/wp-content\/uploads\/sites\/2\/2022\/02\/08183723\/proMed-dff8803w.jpg\",\"contentUrl\":\"https:\/\/cdnweb.danby.com\/wp-content\/uploads\/sites\/2\/2022\/02\/08183723\/proMed-dff8803w.jpg\",\"width\":300,\"height\":272},{\"@type\":\"BreadcrumbList\",\"itemListElement\":[{\"@type\":\"ListItem\",\"position\":1,\"name\":\"Home\",\"item\":\"https:\/\/www.danby.com\/fr\/\"},{\"@type\":\"ListItem\",\"position\":2,\"name\":\"Boutique\",\"item\":\"https:\/\/www.danby.com\/fr\/boutique\/\"},{\"@type\":\"ListItem\",\"position\":3,\"name\":\"Danby 8.8 R\u00e9frig\u00e9rateurs pour petites surface\"}]},{\"@type\":\"WebSite\",\"url\":\"https:\/\/www.danby.com\/fr\/\",\"name\":\"Danby - Canada - French\",\"description\":\"Leader dans le domaine de la r\u00e9frig\u00e9ration et des appareils sp\u00e9cialis\u00e9s\",\"publisher\":[],\"potentialAction\":[{\"@type\":\"SearchAction\",\"target\":{\"@type\":\"EntryPoint\",\"urlTemplate\":\"https:\/\/www.danby.com\/fr\/?s={search_term_string}\"},\"query-input\":{\"@type\":\"PropertyValueSpecification\",\"valueRequired\":true,\"valueName\":\"search_term_string\"}}],\"inLanguage\":\"fr-CA\"},{\"@type\":\"Organization\",\"name\":\"Danby Appliances\",\"url\":\"https:\/\/www.danby.com\/fr\/\",\"logo\":{\"@type\":\"ImageObject\",\"inLanguage\":\"fr-CA\",\"url\":\"https:\/\/cdnweb.danby.com\/wp-content\/uploads\/sites\/2\/2022\/02\/10141906\/Danby75Ans_Blue.png\",\"contentUrl\":\"https:\/\/cdnweb.danby.com\/wp-content\/uploads\/sites\/2\/2022\/02\/10141906\/Danby75Ans_Blue.png\",\"width\":470,\"height\":110,\"caption\":\"Danby Appliances\"},\"image\":[],\"sameAs\":[\"https:\/\/www.facebook.com\/DanbyAppliances\",\"https:\/\/x.com\/DanbyAppliance\",\"https:\/\/instagram.com\/danbyappliances\/\",\"https:\/\/www.linkedin.com\/company\/danbyappliances\",\"https:\/\/www.pinterest.ca\/danbyappliances\/\",\"https:\/\/www.youtube.com\/user\/DanbyProducts\",\"https:\/\/en.wikipedia.org\/wiki\/Danby_(appliances)\"]}]}<\/script>\n<!-- \/ Yoast SEO plugin. -->","yoast_head_json":{"title":"Danby 8.8 R\u00e9frig\u00e9rateurs pour petites surface - DFF8803W | Danby Canada","description":"Ce chic r\u00e9frig\u00e9rateur compact et peu encombrant, convient parfaitement \u00e0 votre studio, \u00e0 votre copropri\u00e9t\u00e9, au bar de votre salle de jeu ou comme r\u00e9frig\u00e9rateur d\u2019appoint. Cet appareil sans givre d\u2019une capacit\u00e9 de 249 litres (8,8 pieds cubes) est \u00e9quip\u00e9 de deux clayettes r\u00e9glables pleine largeur, d\u2019un espace d\u2019entreposage pour les bouteilles grand format et d\u2019un thermostat m\u00e9canique. Il comprend aussi un bac \u00e0 l\u00e9gumes transparent, un compartiment pour les \u0153ufs ainsi que des balconnets int\u00e9gr\u00e9s, permettant de conserver tous vos condiments au frais. Le compartiment cong\u00e9lateur est muni d\u2019une clayette r\u00e9glable ce qui am\u00e9liore l\u2019espace logeable de l\u2019appareil et vous permet d\u2019en personnaliser l\u2019int\u00e9rieur. La porte, pourvue d\u2019une charni\u00e8re r\u00e9versible, est ais\u00e9ment modifiable, ce qui en fait le parfait r\u00e9frig\u00e9rateur, tant pour les utilisateurs gauchers que droitiers. Ce mod\u00e8le, pourvu d\u2019une garantie de 12 mois sur les pi\u00e8ces et la main-d\u2019\u0153uvre, vous permet de b\u00e9n\u00e9ficier d\u2019une compl\u00e8te tranquillit\u00e9 d\u2019esprit.","robots":{"index":"index","follow":"follow","max-snippet":"max-snippet:-1","max-image-preview":"max-image-preview:large","max-video-preview":"max-video-preview:-1"},"canonical":"https:\/\/www.danby.com\/fr\/products\/refrigerateurs-pour-petites-surfaces\/dff8803w\/","og_locale":"fr_CA","og_type":"article","og_title":"Danby 8.8 R\u00e9frig\u00e9rateurs pour petites surface - DFF8803W | Danby Canada","og_description":"Ce chic r\u00e9frig\u00e9rateur compact et peu encombrant, convient parfaitement \u00e0 votre studio, \u00e0 votre copropri\u00e9t\u00e9, au bar de votre salle de jeu ou comme r\u00e9frig\u00e9rateur d\u2019appoint. Cet appareil sans givre d\u2019une capacit\u00e9 de 249 litres (8,8 pieds cubes) est \u00e9quip\u00e9 de deux clayettes r\u00e9glables pleine largeur, d\u2019un espace d\u2019entreposage pour les bouteilles grand format et d\u2019un thermostat m\u00e9canique. Il comprend aussi un bac \u00e0 l\u00e9gumes transparent, un compartiment pour les \u0153ufs ainsi que des balconnets int\u00e9gr\u00e9s, permettant de conserver tous vos condiments au frais. Le compartiment cong\u00e9lateur est muni d\u2019une clayette r\u00e9glable ce qui am\u00e9liore l\u2019espace logeable de l\u2019appareil et vous permet d\u2019en personnaliser l\u2019int\u00e9rieur. La porte, pourvue d\u2019une charni\u00e8re r\u00e9versible, est ais\u00e9ment modifiable, ce qui en fait le parfait r\u00e9frig\u00e9rateur, tant pour les utilisateurs gauchers que droitiers. Ce mod\u00e8le, pourvu d\u2019une garantie de 12 mois sur les pi\u00e8ces et la main-d\u2019\u0153uvre, vous permet de b\u00e9n\u00e9ficier d\u2019une compl\u00e8te tranquillit\u00e9 d\u2019esprit.","og_url":"https:\/\/www.danby.com\/fr\/products\/refrigerateurs-pour-petites-surfaces\/dff8803w\/","og_site_name":"Danby - Canada - French","article_publisher":"https:\/\/www.facebook.com\/DanbyAppliances","article_modified_time":"2026-04-04T10:03:43+00:00","og_image":[{"width":300,"height":272,"url":"https:\/\/cdnweb.danby.com\/wp-content\/uploads\/sites\/2\/2022\/02\/08183723\/proMed-dff8803w.jpg","type":"image\/jpeg"}],"twitter_card":"summary_large_image","twitter_site":"@DanbyAppliance","schema":{"@context":"https:\/\/schema.org","@graph":[{"@type":["WebPage","ItemPage"],"url":"https:\/\/www.danby.com\/fr\/products\/refrigerateurs-pour-petites-surfaces\/dff8803w\/","name":"Danby 8.8 R\u00e9frig\u00e9rateurs pour petites surface - DFF8803W | Danby Canada","isPartOf":[],"primaryImageOfPage":[],"image":[],"thumbnailUrl":"https:\/\/cdnweb.danby.com\/wp-content\/uploads\/sites\/2\/2022\/02\/08183723\/proMed-dff8803w.jpg","datePublished":"2022-02-03T19:18:00+00:00","dateModified":"2026-04-04T10:03:43+00:00","description":"Ce chic r\u00e9frig\u00e9rateur compact et peu encombrant, convient parfaitement \u00e0 votre studio, \u00e0 votre copropri\u00e9t\u00e9, au bar de votre salle de jeu ou comme r\u00e9frig\u00e9rateur d\u2019appoint. Cet appareil sans givre d\u2019une capacit\u00e9 de 249 litres (8,8 pieds cubes) est \u00e9quip\u00e9 de deux clayettes r\u00e9glables pleine largeur, d\u2019un espace d\u2019entreposage pour les bouteilles grand format et d\u2019un thermostat m\u00e9canique. Il comprend aussi un bac \u00e0 l\u00e9gumes transparent, un compartiment pour les \u0153ufs ainsi que des balconnets int\u00e9gr\u00e9s, permettant de conserver tous vos condiments au frais. Le compartiment cong\u00e9lateur est muni d\u2019une clayette r\u00e9glable ce qui am\u00e9liore l\u2019espace logeable de l\u2019appareil et vous permet d\u2019en personnaliser l\u2019int\u00e9rieur. La porte, pourvue d\u2019une charni\u00e8re r\u00e9versible, est ais\u00e9ment modifiable, ce qui en fait le parfait r\u00e9frig\u00e9rateur, tant pour les utilisateurs gauchers que droitiers. Ce mod\u00e8le, pourvu d\u2019une garantie de 12 mois sur les pi\u00e8ces et la main-d\u2019\u0153uvre, vous permet de b\u00e9n\u00e9ficier d\u2019une compl\u00e8te tranquillit\u00e9 d\u2019esprit.","breadcrumb":[],"inLanguage":"fr-CA","potentialAction":[{"@type":"ReadAction","target":["https:\/\/www.danby.com\/fr\/products\/refrigerateurs-pour-petites-surfaces\/dff8803w\/"]}]},{"@type":"ImageObject","inLanguage":"fr-CA","url":"https:\/\/cdnweb.danby.com\/wp-content\/uploads\/sites\/2\/2022\/02\/08183723\/proMed-dff8803w.jpg","contentUrl":"https:\/\/cdnweb.danby.com\/wp-content\/uploads\/sites\/2\/2022\/02\/08183723\/proMed-dff8803w.jpg","width":300,"height":272},{"@type":"BreadcrumbList","itemListElement":[{"@type":"ListItem","position":1,"name":"Home","item":"https:\/\/www.danby.com\/fr\/"},{"@type":"ListItem","position":2,"name":"Boutique","item":"https:\/\/www.danby.com\/fr\/boutique\/"},{"@type":"ListItem","position":3,"name":"Danby 8.8 R\u00e9frig\u00e9rateurs pour petites surface"}]},{"@type":"WebSite","url":"https:\/\/www.danby.com\/fr\/","name":"Danby - Canada - French","description":"Leader dans le domaine de la r\u00e9frig\u00e9ration et des appareils sp\u00e9cialis\u00e9s","publisher":[],"potentialAction":[{"@type":"SearchAction","target":{"@type":"EntryPoint","urlTemplate":"https:\/\/www.danby.com\/fr\/?s={search_term_string}"},"query-input":{"@type":"PropertyValueSpecification","valueRequired":true,"valueName":"search_term_string"}}],"inLanguage":"fr-CA"},{"@type":"Organization","name":"Danby Appliances","url":"https:\/\/www.danby.com\/fr\/","logo":{"@type":"ImageObject","inLanguage":"fr-CA","url":"https:\/\/cdnweb.danby.com\/wp-content\/uploads\/sites\/2\/2022\/02\/10141906\/Danby75Ans_Blue.png","contentUrl":"https:\/\/cdnweb.danby.com\/wp-content\/uploads\/sites\/2\/2022\/02\/10141906\/Danby75Ans_Blue.png","width":470,"height":110,"caption":"Danby Appliances"},"image":[],"sameAs":["https:\/\/www.facebook.com\/DanbyAppliances","https:\/\/x.com\/DanbyAppliance","https:\/\/instagram.com\/danbyappliances\/","https:\/\/www.linkedin.com\/company\/danbyappliances","https:\/\/www.pinterest.ca\/danbyappliances\/","https:\/\/www.youtube.com\/user\/DanbyProducts","https:\/\/en.wikipedia.org\/wiki\/Danby_(appliances)"]}]}},"post_mailing_queue_ids":[],"_links":{"self":[{"href":"https:\/\/www.danby.com\/fr\/wp-json\/wp\/v2\/product\/4982","targetHints":{"allow":["GET"]}}],"collection":[{"href":"https:\/\/www.danby.com\/fr\/wp-json\/wp\/v2\/product"}],"about":[{"href":"https:\/\/www.danby.com\/fr\/wp-json\/wp\/v2\/types\/product"}],"replies":[{"embeddable":true,"href":"https:\/\/www.danby.com\/fr\/wp-json\/wp\/v2\/comments?post=4982"}],"wp:featuredmedia":[{"embeddable":true,"href":"https:\/\/www.danby.com\/fr\/wp-json\/wp\/v2\/media\/6344"}],"wp:attachment":[{"href":"https:\/\/www.danby.com\/fr\/wp-json\/wp\/v2\/media?parent=4982"}],"wp:term":[{"taxonomy":"product_brand","embeddable":true,"href":"https:\/\/www.danby.com\/fr\/wp-json\/wp\/v2\/product_brand?post=4982"},{"taxonomy":"product_cat","embeddable":true,"href":"https:\/\/www.danby.com\/fr\/wp-json\/wp\/v2\/product_cat?post=4982"},{"taxonomy":"product_tag","embeddable":true,"href":"https:\/\/www.danby.com\/fr\/wp-json\/wp\/v2\/product_tag?post=4982"}],"curies":[{"name":"wp","href":"https:\/\/api.w.org\/{rel}","templated":true}]}}