{"id":4978,"date":"2022-02-03T19:18:00","date_gmt":"2022-02-03T19:18:00","guid":{"rendered":"https:\/\/www.danby.com\/fr\/product\/dff280wdb\/"},"modified":"2026-04-10T10:06:35","modified_gmt":"2026-04-10T10:06:35","slug":"dff280wdb","status":"publish","type":"product","link":"https:\/\/www.danby.com\/fr\/products\/refrigerateurs-pour-petites-surfaces\/dff280wdb\/","title":{"rendered":"Danby 10  pi3 R\u00e9frig\u00e9rateurs pour petites surface"},"content":{"rendered":"","protected":false},"excerpt":{"rendered":"<ul>\n<li>Capacit\u00e9 de 10 pi3. (282 litres) de capacit\u00e9<\/li>\n<li>Conforme \u00e0 la norme Energy Star\u00ae, utilisant seulement 312Kwh\/an<\/li>\n<li>Fonctionnement sans givre<\/li>\n<li>Commandes \u00e9lectroniques avec affichage \u00e0 DEL<\/li>\n<li>2 tablettes de r\u00e9frig\u00e9rateur en fil m\u00e9tallique ajustables<\/li>\n<li>1 tablette de cong\u00e9lateur en fil m\u00e9tallique ajustable\/amovible<\/li>\n<li>Distributeur de boissons CanStor\u00ae<\/li>\n<li>Distributeur de boissons en fil m\u00e9tallique r\u00e9glable\/amovible<\/li>\n<li>Distributeur de boissons CanStor\u00ae<\/li>\n<li>Deux bacs \u00e0 l\u00e9gumes avec couvercles en verre<\/li>\n<li>Charni\u00e8re de porte r\u00e9versible pour une ouverture \u00e0 gauche ou \u00e0 droite<\/li>\n<li>Design \u00e0 l&#8217;arri\u00e8re lisse<\/li>\n<\/ul>\n","protected":false},"featured_media":6282,"comment_status":"closed","ping_status":"open","template":"","meta":{"_acf_changed":false},"product_brand":[],"product_cat":[20],"product_tag":[],"class_list":{"0":"post-4978","1":"product","2":"type-product","3":"status-publish","4":"has-post-thumbnail","6":"product_cat-refrigerateurs-pour-petites-surfaces","8":"first","9":"outofstock","10":"taxable","11":"shipping-taxable","12":"product-type-simple"},"acf":[],"yoast_head":"<!-- This site is optimized with the Yoast SEO plugin v26.7 - https:\/\/yoast.com\/wordpress\/plugins\/seo\/ -->\n<title>Danby 10 pi3 R\u00e9frig\u00e9rateurs pour petites surface - DFF280WDB | Danby Canada<\/title>\n<meta name=\"description\" content=\"Gratter la glace qui se forme dans ce r\u00e9frig\u00e9rateur\/cong\u00e9lateur n\u2019est jamais un enjeu avec ce superbe mod\u00e8le sans givre Danby de format moyen. D\u2019une hauteur d\u2019un peu moins de cinq pieds et de deux pieds de largeur, c\u2019est le parfait appareil pour les copropri\u00e9t\u00e9s, appartements, minibars et pour les coins-repas des bureaux. La surface lisse du panneau arri\u00e8re autorise une installation \u00e0 plat contre un mur et la charni\u00e8re de porte r\u00e9versible innovatrice vous permet d\u2019en ajuster l\u2019ouverture pour convenir tant aux gauchers qu\u2019aux droitiers. Manquer d\u2019espace pour entreposer vos aliments pr\u00e9f\u00e9r\u00e9s sera chose du pass\u00e9 \u00e9tant donn\u00e9 la zone de refroidissement de 282 litres (10 pieds cubes) qu\u2019offre ce mod\u00e8le, dont 2,9 pieds cubes sont occup\u00e9s par le compartiment cong\u00e9lateur. L\u2019organisation de l\u2019espace est simplifi\u00e9e gr\u00e2ce aux deux bacs \u00e0 l\u00e9gumes munis de couvercles vitr\u00e9s, aux deux clayettes et demie r\u00e9glables, au distributeur de boisson CanStor et \u00e0 un \u00e9clairage \u00e0 DEL brillant et sans chaleur. De plus, le cong\u00e9lateur contient une robuste clayette m\u00e9tallique r\u00e9glable. Ce r\u00e9frig\u00e9rateur efficace, homologu\u00e9 Energy Star, ne consomme annuellement que 312 kWh et il est \u00e9quip\u00e9 de commandes \u00e9lectroniques \u00e0 affichage \u00e0 DEL, faciles \u00e0 programmer. Ce mod\u00e8le haut de gamme est assorti d\u2019une garantie de 12 mois sur les pi\u00e8ces et la main-d\u2019\u0153uvre, incluant le service \u00e0 domicile.\" \/>\n<meta name=\"robots\" content=\"index, follow, max-snippet:-1, max-image-preview:large, max-video-preview:-1\" \/>\n<link rel=\"canonical\" href=\"https:\/\/www.danby.com\/fr\/products\/refrigerateurs-pour-petites-surfaces\/dff280wdb\/\" \/>\n<meta property=\"og:locale\" content=\"fr_CA\" \/>\n<meta property=\"og:type\" content=\"article\" \/>\n<meta property=\"og:title\" content=\"Danby 10 pi3 R\u00e9frig\u00e9rateurs pour petites surface - DFF280WDB | Danby Canada\" \/>\n<meta property=\"og:description\" content=\"Gratter la glace qui se forme dans ce r\u00e9frig\u00e9rateur\/cong\u00e9lateur n\u2019est jamais un enjeu avec ce superbe mod\u00e8le sans givre Danby de format moyen. D\u2019une hauteur d\u2019un peu moins de cinq pieds et de deux pieds de largeur, c\u2019est le parfait appareil pour les copropri\u00e9t\u00e9s, appartements, minibars et pour les coins-repas des bureaux. La surface lisse du panneau arri\u00e8re autorise une installation \u00e0 plat contre un mur et la charni\u00e8re de porte r\u00e9versible innovatrice vous permet d\u2019en ajuster l\u2019ouverture pour convenir tant aux gauchers qu\u2019aux droitiers. Manquer d\u2019espace pour entreposer vos aliments pr\u00e9f\u00e9r\u00e9s sera chose du pass\u00e9 \u00e9tant donn\u00e9 la zone de refroidissement de 282 litres (10 pieds cubes) qu\u2019offre ce mod\u00e8le, dont 2,9 pieds cubes sont occup\u00e9s par le compartiment cong\u00e9lateur. L\u2019organisation de l\u2019espace est simplifi\u00e9e gr\u00e2ce aux deux bacs \u00e0 l\u00e9gumes munis de couvercles vitr\u00e9s, aux deux clayettes et demie r\u00e9glables, au distributeur de boisson CanStor et \u00e0 un \u00e9clairage \u00e0 DEL brillant et sans chaleur. De plus, le cong\u00e9lateur contient une robuste clayette m\u00e9tallique r\u00e9glable. Ce r\u00e9frig\u00e9rateur efficace, homologu\u00e9 Energy Star, ne consomme annuellement que 312 kWh et il est \u00e9quip\u00e9 de commandes \u00e9lectroniques \u00e0 affichage \u00e0 DEL, faciles \u00e0 programmer. Ce mod\u00e8le haut de gamme est assorti d\u2019une garantie de 12 mois sur les pi\u00e8ces et la main-d\u2019\u0153uvre, incluant le service \u00e0 domicile.\" \/>\n<meta property=\"og:url\" content=\"https:\/\/www.danby.com\/fr\/products\/refrigerateurs-pour-petites-surfaces\/dff280wdb\/\" \/>\n<meta property=\"og:site_name\" content=\"Danby - Canada - French\" \/>\n<meta property=\"article:publisher\" content=\"https:\/\/www.facebook.com\/DanbyAppliances\" \/>\n<meta property=\"article:modified_time\" content=\"2026-04-10T10:06:35+00:00\" \/>\n<meta property=\"og:image\" content=\"https:\/\/cdnweb.danby.com\/wp-content\/uploads\/sites\/2\/2022\/02\/08183532\/proMed-dff280wdb1.jpg\" \/>\n\t<meta property=\"og:image:width\" content=\"300\" \/>\n\t<meta property=\"og:image:height\" content=\"272\" \/>\n\t<meta property=\"og:image:type\" content=\"image\/jpeg\" \/>\n<meta name=\"twitter:card\" content=\"summary_large_image\" \/>\n<meta name=\"twitter:site\" content=\"@DanbyAppliance\" \/>\n<script type=\"application\/ld+json\" class=\"yoast-schema-graph\">{\"@context\":\"https:\/\/schema.org\",\"@graph\":[{\"@type\":[\"WebPage\",\"ItemPage\"],\"url\":\"https:\/\/www.danby.com\/fr\/products\/refrigerateurs-pour-petites-surfaces\/dff280wdb\/\",\"name\":\"Danby 10 pi3 R\u00e9frig\u00e9rateurs pour petites surface - DFF280WDB | Danby Canada\",\"isPartOf\":[],\"primaryImageOfPage\":[],\"image\":[],\"thumbnailUrl\":\"https:\/\/cdnweb.danby.com\/wp-content\/uploads\/sites\/2\/2022\/02\/08183532\/proMed-dff280wdb1.jpg\",\"datePublished\":\"2022-02-03T19:18:00+00:00\",\"dateModified\":\"2026-04-10T10:06:35+00:00\",\"description\":\"Gratter la glace qui se forme dans ce r\u00e9frig\u00e9rateur\/cong\u00e9lateur n\u2019est jamais un enjeu avec ce superbe mod\u00e8le sans givre Danby de format moyen. D\u2019une hauteur d\u2019un peu moins de cinq pieds et de deux pieds de largeur, c\u2019est le parfait appareil pour les copropri\u00e9t\u00e9s, appartements, minibars et pour les coins-repas des bureaux. La surface lisse du panneau arri\u00e8re autorise une installation \u00e0 plat contre un mur et la charni\u00e8re de porte r\u00e9versible innovatrice vous permet d\u2019en ajuster l\u2019ouverture pour convenir tant aux gauchers qu\u2019aux droitiers. Manquer d\u2019espace pour entreposer vos aliments pr\u00e9f\u00e9r\u00e9s sera chose du pass\u00e9 \u00e9tant donn\u00e9 la zone de refroidissement de 282 litres (10 pieds cubes) qu\u2019offre ce mod\u00e8le, dont 2,9 pieds cubes sont occup\u00e9s par le compartiment cong\u00e9lateur. L\u2019organisation de l\u2019espace est simplifi\u00e9e gr\u00e2ce aux deux bacs \u00e0 l\u00e9gumes munis de couvercles vitr\u00e9s, aux deux clayettes et demie r\u00e9glables, au distributeur de boisson CanStor et \u00e0 un \u00e9clairage \u00e0 DEL brillant et sans chaleur. De plus, le cong\u00e9lateur contient une robuste clayette m\u00e9tallique r\u00e9glable. Ce r\u00e9frig\u00e9rateur efficace, homologu\u00e9 Energy Star, ne consomme annuellement que 312 kWh et il est \u00e9quip\u00e9 de commandes \u00e9lectroniques \u00e0 affichage \u00e0 DEL, faciles \u00e0 programmer. Ce mod\u00e8le haut de gamme est assorti d\u2019une garantie de 12 mois sur les pi\u00e8ces et la main-d\u2019\u0153uvre, incluant le service \u00e0 domicile.\",\"breadcrumb\":[],\"inLanguage\":\"fr-CA\",\"potentialAction\":[{\"@type\":\"ReadAction\",\"target\":[\"https:\/\/www.danby.com\/fr\/products\/refrigerateurs-pour-petites-surfaces\/dff280wdb\/\"]}]},{\"@type\":\"ImageObject\",\"inLanguage\":\"fr-CA\",\"url\":\"https:\/\/cdnweb.danby.com\/wp-content\/uploads\/sites\/2\/2022\/02\/08183532\/proMed-dff280wdb1.jpg\",\"contentUrl\":\"https:\/\/cdnweb.danby.com\/wp-content\/uploads\/sites\/2\/2022\/02\/08183532\/proMed-dff280wdb1.jpg\",\"width\":300,\"height\":272},{\"@type\":\"BreadcrumbList\",\"itemListElement\":[{\"@type\":\"ListItem\",\"position\":1,\"name\":\"Home\",\"item\":\"https:\/\/www.danby.com\/fr\/\"},{\"@type\":\"ListItem\",\"position\":2,\"name\":\"Boutique\",\"item\":\"https:\/\/www.danby.com\/fr\/boutique\/\"},{\"@type\":\"ListItem\",\"position\":3,\"name\":\"Danby 10 pi3 R\u00e9frig\u00e9rateurs pour petites surface\"}]},{\"@type\":\"WebSite\",\"url\":\"https:\/\/www.danby.com\/fr\/\",\"name\":\"Danby - Canada - French\",\"description\":\"Leader dans le domaine de la r\u00e9frig\u00e9ration et des appareils sp\u00e9cialis\u00e9s\",\"publisher\":[],\"potentialAction\":[{\"@type\":\"SearchAction\",\"target\":{\"@type\":\"EntryPoint\",\"urlTemplate\":\"https:\/\/www.danby.com\/fr\/?s={search_term_string}\"},\"query-input\":{\"@type\":\"PropertyValueSpecification\",\"valueRequired\":true,\"valueName\":\"search_term_string\"}}],\"inLanguage\":\"fr-CA\"},{\"@type\":\"Organization\",\"name\":\"Danby Appliances\",\"url\":\"https:\/\/www.danby.com\/fr\/\",\"logo\":{\"@type\":\"ImageObject\",\"inLanguage\":\"fr-CA\",\"url\":\"https:\/\/cdnweb.danby.com\/wp-content\/uploads\/sites\/2\/2022\/02\/10141906\/Danby75Ans_Blue.png\",\"contentUrl\":\"https:\/\/cdnweb.danby.com\/wp-content\/uploads\/sites\/2\/2022\/02\/10141906\/Danby75Ans_Blue.png\",\"width\":470,\"height\":110,\"caption\":\"Danby Appliances\"},\"image\":[],\"sameAs\":[\"https:\/\/www.facebook.com\/DanbyAppliances\",\"https:\/\/x.com\/DanbyAppliance\",\"https:\/\/instagram.com\/danbyappliances\/\",\"https:\/\/www.linkedin.com\/company\/danbyappliances\",\"https:\/\/www.pinterest.ca\/danbyappliances\/\",\"https:\/\/www.youtube.com\/user\/DanbyProducts\",\"https:\/\/en.wikipedia.org\/wiki\/Danby_(appliances)\"]}]}<\/script>\n<!-- \/ Yoast SEO plugin. -->","yoast_head_json":{"title":"Danby 10 pi3 R\u00e9frig\u00e9rateurs pour petites surface - DFF280WDB | Danby Canada","description":"Gratter la glace qui se forme dans ce r\u00e9frig\u00e9rateur\/cong\u00e9lateur n\u2019est jamais un enjeu avec ce superbe mod\u00e8le sans givre Danby de format moyen. D\u2019une hauteur d\u2019un peu moins de cinq pieds et de deux pieds de largeur, c\u2019est le parfait appareil pour les copropri\u00e9t\u00e9s, appartements, minibars et pour les coins-repas des bureaux. La surface lisse du panneau arri\u00e8re autorise une installation \u00e0 plat contre un mur et la charni\u00e8re de porte r\u00e9versible innovatrice vous permet d\u2019en ajuster l\u2019ouverture pour convenir tant aux gauchers qu\u2019aux droitiers. Manquer d\u2019espace pour entreposer vos aliments pr\u00e9f\u00e9r\u00e9s sera chose du pass\u00e9 \u00e9tant donn\u00e9 la zone de refroidissement de 282 litres (10 pieds cubes) qu\u2019offre ce mod\u00e8le, dont 2,9 pieds cubes sont occup\u00e9s par le compartiment cong\u00e9lateur. L\u2019organisation de l\u2019espace est simplifi\u00e9e gr\u00e2ce aux deux bacs \u00e0 l\u00e9gumes munis de couvercles vitr\u00e9s, aux deux clayettes et demie r\u00e9glables, au distributeur de boisson CanStor et \u00e0 un \u00e9clairage \u00e0 DEL brillant et sans chaleur. De plus, le cong\u00e9lateur contient une robuste clayette m\u00e9tallique r\u00e9glable. Ce r\u00e9frig\u00e9rateur efficace, homologu\u00e9 Energy Star, ne consomme annuellement que 312 kWh et il est \u00e9quip\u00e9 de commandes \u00e9lectroniques \u00e0 affichage \u00e0 DEL, faciles \u00e0 programmer. Ce mod\u00e8le haut de gamme est assorti d\u2019une garantie de 12 mois sur les pi\u00e8ces et la main-d\u2019\u0153uvre, incluant le service \u00e0 domicile.","robots":{"index":"index","follow":"follow","max-snippet":"max-snippet:-1","max-image-preview":"max-image-preview:large","max-video-preview":"max-video-preview:-1"},"canonical":"https:\/\/www.danby.com\/fr\/products\/refrigerateurs-pour-petites-surfaces\/dff280wdb\/","og_locale":"fr_CA","og_type":"article","og_title":"Danby 10 pi3 R\u00e9frig\u00e9rateurs pour petites surface - DFF280WDB | Danby Canada","og_description":"Gratter la glace qui se forme dans ce r\u00e9frig\u00e9rateur\/cong\u00e9lateur n\u2019est jamais un enjeu avec ce superbe mod\u00e8le sans givre Danby de format moyen. D\u2019une hauteur d\u2019un peu moins de cinq pieds et de deux pieds de largeur, c\u2019est le parfait appareil pour les copropri\u00e9t\u00e9s, appartements, minibars et pour les coins-repas des bureaux. La surface lisse du panneau arri\u00e8re autorise une installation \u00e0 plat contre un mur et la charni\u00e8re de porte r\u00e9versible innovatrice vous permet d\u2019en ajuster l\u2019ouverture pour convenir tant aux gauchers qu\u2019aux droitiers. Manquer d\u2019espace pour entreposer vos aliments pr\u00e9f\u00e9r\u00e9s sera chose du pass\u00e9 \u00e9tant donn\u00e9 la zone de refroidissement de 282 litres (10 pieds cubes) qu\u2019offre ce mod\u00e8le, dont 2,9 pieds cubes sont occup\u00e9s par le compartiment cong\u00e9lateur. L\u2019organisation de l\u2019espace est simplifi\u00e9e gr\u00e2ce aux deux bacs \u00e0 l\u00e9gumes munis de couvercles vitr\u00e9s, aux deux clayettes et demie r\u00e9glables, au distributeur de boisson CanStor et \u00e0 un \u00e9clairage \u00e0 DEL brillant et sans chaleur. De plus, le cong\u00e9lateur contient une robuste clayette m\u00e9tallique r\u00e9glable. Ce r\u00e9frig\u00e9rateur efficace, homologu\u00e9 Energy Star, ne consomme annuellement que 312 kWh et il est \u00e9quip\u00e9 de commandes \u00e9lectroniques \u00e0 affichage \u00e0 DEL, faciles \u00e0 programmer. Ce mod\u00e8le haut de gamme est assorti d\u2019une garantie de 12 mois sur les pi\u00e8ces et la main-d\u2019\u0153uvre, incluant le service \u00e0 domicile.","og_url":"https:\/\/www.danby.com\/fr\/products\/refrigerateurs-pour-petites-surfaces\/dff280wdb\/","og_site_name":"Danby - Canada - French","article_publisher":"https:\/\/www.facebook.com\/DanbyAppliances","article_modified_time":"2026-04-10T10:06:35+00:00","og_image":[{"width":300,"height":272,"url":"https:\/\/cdnweb.danby.com\/wp-content\/uploads\/sites\/2\/2022\/02\/08183532\/proMed-dff280wdb1.jpg","type":"image\/jpeg"}],"twitter_card":"summary_large_image","twitter_site":"@DanbyAppliance","schema":{"@context":"https:\/\/schema.org","@graph":[{"@type":["WebPage","ItemPage"],"url":"https:\/\/www.danby.com\/fr\/products\/refrigerateurs-pour-petites-surfaces\/dff280wdb\/","name":"Danby 10 pi3 R\u00e9frig\u00e9rateurs pour petites surface - DFF280WDB | Danby Canada","isPartOf":[],"primaryImageOfPage":[],"image":[],"thumbnailUrl":"https:\/\/cdnweb.danby.com\/wp-content\/uploads\/sites\/2\/2022\/02\/08183532\/proMed-dff280wdb1.jpg","datePublished":"2022-02-03T19:18:00+00:00","dateModified":"2026-04-10T10:06:35+00:00","description":"Gratter la glace qui se forme dans ce r\u00e9frig\u00e9rateur\/cong\u00e9lateur n\u2019est jamais un enjeu avec ce superbe mod\u00e8le sans givre Danby de format moyen. D\u2019une hauteur d\u2019un peu moins de cinq pieds et de deux pieds de largeur, c\u2019est le parfait appareil pour les copropri\u00e9t\u00e9s, appartements, minibars et pour les coins-repas des bureaux. La surface lisse du panneau arri\u00e8re autorise une installation \u00e0 plat contre un mur et la charni\u00e8re de porte r\u00e9versible innovatrice vous permet d\u2019en ajuster l\u2019ouverture pour convenir tant aux gauchers qu\u2019aux droitiers. Manquer d\u2019espace pour entreposer vos aliments pr\u00e9f\u00e9r\u00e9s sera chose du pass\u00e9 \u00e9tant donn\u00e9 la zone de refroidissement de 282 litres (10 pieds cubes) qu\u2019offre ce mod\u00e8le, dont 2,9 pieds cubes sont occup\u00e9s par le compartiment cong\u00e9lateur. L\u2019organisation de l\u2019espace est simplifi\u00e9e gr\u00e2ce aux deux bacs \u00e0 l\u00e9gumes munis de couvercles vitr\u00e9s, aux deux clayettes et demie r\u00e9glables, au distributeur de boisson CanStor et \u00e0 un \u00e9clairage \u00e0 DEL brillant et sans chaleur. De plus, le cong\u00e9lateur contient une robuste clayette m\u00e9tallique r\u00e9glable. Ce r\u00e9frig\u00e9rateur efficace, homologu\u00e9 Energy Star, ne consomme annuellement que 312 kWh et il est \u00e9quip\u00e9 de commandes \u00e9lectroniques \u00e0 affichage \u00e0 DEL, faciles \u00e0 programmer. Ce mod\u00e8le haut de gamme est assorti d\u2019une garantie de 12 mois sur les pi\u00e8ces et la main-d\u2019\u0153uvre, incluant le service \u00e0 domicile.","breadcrumb":[],"inLanguage":"fr-CA","potentialAction":[{"@type":"ReadAction","target":["https:\/\/www.danby.com\/fr\/products\/refrigerateurs-pour-petites-surfaces\/dff280wdb\/"]}]},{"@type":"ImageObject","inLanguage":"fr-CA","url":"https:\/\/cdnweb.danby.com\/wp-content\/uploads\/sites\/2\/2022\/02\/08183532\/proMed-dff280wdb1.jpg","contentUrl":"https:\/\/cdnweb.danby.com\/wp-content\/uploads\/sites\/2\/2022\/02\/08183532\/proMed-dff280wdb1.jpg","width":300,"height":272},{"@type":"BreadcrumbList","itemListElement":[{"@type":"ListItem","position":1,"name":"Home","item":"https:\/\/www.danby.com\/fr\/"},{"@type":"ListItem","position":2,"name":"Boutique","item":"https:\/\/www.danby.com\/fr\/boutique\/"},{"@type":"ListItem","position":3,"name":"Danby 10 pi3 R\u00e9frig\u00e9rateurs pour petites surface"}]},{"@type":"WebSite","url":"https:\/\/www.danby.com\/fr\/","name":"Danby - Canada - French","description":"Leader dans le domaine de la r\u00e9frig\u00e9ration et des appareils sp\u00e9cialis\u00e9s","publisher":[],"potentialAction":[{"@type":"SearchAction","target":{"@type":"EntryPoint","urlTemplate":"https:\/\/www.danby.com\/fr\/?s={search_term_string}"},"query-input":{"@type":"PropertyValueSpecification","valueRequired":true,"valueName":"search_term_string"}}],"inLanguage":"fr-CA"},{"@type":"Organization","name":"Danby Appliances","url":"https:\/\/www.danby.com\/fr\/","logo":{"@type":"ImageObject","inLanguage":"fr-CA","url":"https:\/\/cdnweb.danby.com\/wp-content\/uploads\/sites\/2\/2022\/02\/10141906\/Danby75Ans_Blue.png","contentUrl":"https:\/\/cdnweb.danby.com\/wp-content\/uploads\/sites\/2\/2022\/02\/10141906\/Danby75Ans_Blue.png","width":470,"height":110,"caption":"Danby Appliances"},"image":[],"sameAs":["https:\/\/www.facebook.com\/DanbyAppliances","https:\/\/x.com\/DanbyAppliance","https:\/\/instagram.com\/danbyappliances\/","https:\/\/www.linkedin.com\/company\/danbyappliances","https:\/\/www.pinterest.ca\/danbyappliances\/","https:\/\/www.youtube.com\/user\/DanbyProducts","https:\/\/en.wikipedia.org\/wiki\/Danby_(appliances)"]}]}},"post_mailing_queue_ids":[],"_links":{"self":[{"href":"https:\/\/www.danby.com\/fr\/wp-json\/wp\/v2\/product\/4978","targetHints":{"allow":["GET"]}}],"collection":[{"href":"https:\/\/www.danby.com\/fr\/wp-json\/wp\/v2\/product"}],"about":[{"href":"https:\/\/www.danby.com\/fr\/wp-json\/wp\/v2\/types\/product"}],"replies":[{"embeddable":true,"href":"https:\/\/www.danby.com\/fr\/wp-json\/wp\/v2\/comments?post=4978"}],"wp:featuredmedia":[{"embeddable":true,"href":"https:\/\/www.danby.com\/fr\/wp-json\/wp\/v2\/media\/6282"}],"wp:attachment":[{"href":"https:\/\/www.danby.com\/fr\/wp-json\/wp\/v2\/media?parent=4978"}],"wp:term":[{"taxonomy":"product_brand","embeddable":true,"href":"https:\/\/www.danby.com\/fr\/wp-json\/wp\/v2\/product_brand?post=4978"},{"taxonomy":"product_cat","embeddable":true,"href":"https:\/\/www.danby.com\/fr\/wp-json\/wp\/v2\/product_cat?post=4978"},{"taxonomy":"product_tag","embeddable":true,"href":"https:\/\/www.danby.com\/fr\/wp-json\/wp\/v2\/product_tag?post=4978"}],"curies":[{"name":"wp","href":"https:\/\/api.w.org\/{rel}","templated":true}]}}