{"id":4974,"date":"2022-02-03T19:18:00","date_gmt":"2022-02-03T19:18:00","guid":{"rendered":"https:\/\/www.danby.com\/fr\/product\/dff258blssb\/"},"modified":"2026-04-26T10:03:56","modified_gmt":"2026-04-26T10:03:56","slug":"dff258blssb","status":"publish","type":"product","link":"https:\/\/www.danby.com\/fr\/products\/refrigerateurs-pour-petites-surfaces\/dff258blssb\/","title":{"rendered":"Sunbeam 9.1  R\u00e9frig\u00e9rateurs pour petites surface"},"content":{"rendered":"","protected":false},"excerpt":{"rendered":"<ul>\n<li>R\u00e9frig\u00e9rateur d&#8217;une capacit\u00e9 de 9,1 pi3 (257,7 litres)<\/li>\n<li>Capacit\u00e9 du r\u00e9frig\u00e9rateur de 6,9 pi3 et de 2,3 pi3. capacit\u00e9 de cong\u00e9lation<\/li>\n<li>Fonctionnement sans givre<\/li>\n<li>Thermostat m\u00e9canique<\/li>\n<li>Distributeur de canettes de boisson mont\u00e9 sur la porte<\/li>\n<li>Croustillant \u00e0 l\u00e9gumes en cristal avec couvercle en verre<\/li>\n<li>Rangement de grandes bouteilles<\/li>\n<li>3 tablettes en verre r\u00e9glables sur toute la largeur, tablettes en verre r\u00e9glables pour une polyvalence de rangement maximale<\/li>\n<li>Tablettes de porte et compartiment \u00e0 \u0153ufs int\u00e9gr\u00e9s<\/li>\n<li>Lumi\u00e8re int\u00e9rieure<\/li>\n<li>Charni\u00e8re de porte r\u00e9versible<\/li>\n<li>Poign\u00e9e int\u00e9gr\u00e9e<\/li>\n<\/ul>\n","protected":false},"featured_media":6228,"comment_status":"closed","ping_status":"open","template":"","meta":{"_acf_changed":false},"product_brand":[],"product_cat":[20],"product_tag":[],"class_list":{"0":"post-4974","1":"product","2":"type-product","3":"status-publish","4":"has-post-thumbnail","6":"product_cat-refrigerateurs-pour-petites-surfaces","8":"first","9":"outofstock","10":"taxable","11":"shipping-taxable","12":"product-type-simple"},"acf":[],"yoast_head":"<!-- This site is optimized with the Yoast SEO plugin v27.4 - https:\/\/yoast.com\/product\/yoast-seo-wordpress\/ -->\n<title>Sunbeam 9.1 R\u00e9frig\u00e9rateurs pour petites surface - DFF258BLSSB | Danby Canada<\/title>\n<meta name=\"description\" content=\"Ce r\u00e9frig\u00e9rateur de taille interm\u00e9diaire est simple, \u00e9l\u00e9gant et offre un rangement g\u00e9n\u00e9reux dans un espace restreint. La partie r\u00e9frig\u00e9rateur a une capacit\u00e9 de 195,4\u00a0litres (6,9\u00a0pi\u00b3) tandis que le cong\u00e9lateur est de 56,6\u00a0litres (2,3\u00a0pi\u00b3). Ce mod\u00e8le contemporain et peu encombrant est id\u00e9al pour les petites cuisines, les appartements, les condos et les bungalows!\" \/>\n<meta name=\"robots\" content=\"index, follow, max-snippet:-1, max-image-preview:large, max-video-preview:-1\" \/>\n<link rel=\"canonical\" href=\"https:\/\/www.danby.com\/fr\/products\/refrigerateurs-pour-petites-surfaces\/dff258blssb\/\" \/>\n<meta property=\"og:locale\" content=\"fr_CA\" \/>\n<meta property=\"og:type\" content=\"article\" \/>\n<meta property=\"og:title\" content=\"Sunbeam 9.1 R\u00e9frig\u00e9rateurs pour petites surface - DFF258BLSSB | Danby Canada\" \/>\n<meta property=\"og:description\" content=\"Ce r\u00e9frig\u00e9rateur de taille interm\u00e9diaire est simple, \u00e9l\u00e9gant et offre un rangement g\u00e9n\u00e9reux dans un espace restreint. La partie r\u00e9frig\u00e9rateur a une capacit\u00e9 de 195,4\u00a0litres (6,9\u00a0pi\u00b3) tandis que le cong\u00e9lateur est de 56,6\u00a0litres (2,3\u00a0pi\u00b3). Ce mod\u00e8le contemporain et peu encombrant est id\u00e9al pour les petites cuisines, les appartements, les condos et les bungalows!\" \/>\n<meta property=\"og:url\" content=\"https:\/\/www.danby.com\/fr\/products\/refrigerateurs-pour-petites-surfaces\/dff258blssb\/\" \/>\n<meta property=\"og:site_name\" content=\"Danby - Canada - French\" \/>\n<meta property=\"article:publisher\" content=\"https:\/\/www.facebook.com\/DanbyAppliances\" \/>\n<meta property=\"article:modified_time\" content=\"2026-04-26T10:03:56+00:00\" \/>\n<meta property=\"og:image\" content=\"https:\/\/cdnweb.danby.com\/wp-content\/uploads\/sites\/2\/2022\/02\/08183358\/proMed-dff258blssb.jpg\" \/>\n\t<meta property=\"og:image:width\" content=\"300\" \/>\n\t<meta property=\"og:image:height\" content=\"272\" \/>\n\t<meta property=\"og:image:type\" content=\"image\/jpeg\" \/>\n<meta name=\"twitter:card\" content=\"summary_large_image\" \/>\n<meta name=\"twitter:site\" content=\"@DanbyAppliance\" \/>\n<script type=\"application\/ld+json\" class=\"yoast-schema-graph\">{\"@context\":\"https:\\\/\\\/schema.org\",\"@graph\":[{\"@type\":[\"WebPage\",\"ItemPage\"],\"url\":\"https:\\\/\\\/www.danby.com\\\/fr\\\/products\\\/refrigerateurs-pour-petites-surfaces\\\/dff258blssb\\\/\",\"name\":\"Sunbeam 9.1 R\u00e9frig\u00e9rateurs pour petites surface - DFF258BLSSB | Danby Canada\",\"isPartOf\":[],\"primaryImageOfPage\":[],\"image\":[],\"thumbnailUrl\":\"https:\\\/\\\/cdnweb.danby.com\\\/wp-content\\\/uploads\\\/sites\\\/2\\\/2022\\\/02\\\/08183358\\\/proMed-dff258blssb.jpg\",\"datePublished\":\"2022-02-03T19:18:00+00:00\",\"dateModified\":\"2026-04-26T10:03:56+00:00\",\"description\":\"Ce r\u00e9frig\u00e9rateur de taille interm\u00e9diaire est simple, \u00e9l\u00e9gant et offre un rangement g\u00e9n\u00e9reux dans un espace restreint. La partie r\u00e9frig\u00e9rateur a une capacit\u00e9 de 195,4\u00a0litres (6,9\u00a0pi\u00b3) tandis que le cong\u00e9lateur est de 56,6\u00a0litres (2,3\u00a0pi\u00b3). Ce mod\u00e8le contemporain et peu encombrant est id\u00e9al pour les petites cuisines, les appartements, les condos et les bungalows!\",\"breadcrumb\":[],\"inLanguage\":\"fr-CA\",\"potentialAction\":[{\"@type\":\"ReadAction\",\"target\":[\"https:\\\/\\\/www.danby.com\\\/fr\\\/products\\\/refrigerateurs-pour-petites-surfaces\\\/dff258blssb\\\/\"]}]},{\"@type\":\"ImageObject\",\"inLanguage\":\"fr-CA\",\"url\":\"https:\\\/\\\/cdnweb.danby.com\\\/wp-content\\\/uploads\\\/sites\\\/2\\\/2022\\\/02\\\/08183358\\\/proMed-dff258blssb.jpg\",\"contentUrl\":\"https:\\\/\\\/cdnweb.danby.com\\\/wp-content\\\/uploads\\\/sites\\\/2\\\/2022\\\/02\\\/08183358\\\/proMed-dff258blssb.jpg\",\"width\":300,\"height\":272},{\"@type\":\"BreadcrumbList\",\"itemListElement\":[{\"@type\":\"ListItem\",\"position\":1,\"name\":\"Home\",\"item\":\"https:\\\/\\\/www.danby.com\\\/fr\\\/\"},{\"@type\":\"ListItem\",\"position\":2,\"name\":\"Boutique\",\"item\":\"https:\\\/\\\/www.danby.com\\\/fr\\\/boutique\\\/\"},{\"@type\":\"ListItem\",\"position\":3,\"name\":\"Sunbeam 9.1 R\u00e9frig\u00e9rateurs pour petites surface\"}]},{\"@type\":\"WebSite\",\"url\":\"https:\\\/\\\/www.danby.com\\\/fr\\\/\",\"name\":\"Danby - Canada - French\",\"description\":\"Leader dans le domaine de la r\u00e9frig\u00e9ration et des appareils sp\u00e9cialis\u00e9s\",\"publisher\":[],\"potentialAction\":[{\"@type\":\"SearchAction\",\"target\":{\"@type\":\"EntryPoint\",\"urlTemplate\":\"https:\\\/\\\/www.danby.com\\\/fr\\\/?s={search_term_string}\"},\"query-input\":{\"@type\":\"PropertyValueSpecification\",\"valueRequired\":true,\"valueName\":\"search_term_string\"}}],\"inLanguage\":\"fr-CA\"},{\"@type\":\"Organization\",\"name\":\"Danby Appliances\",\"url\":\"https:\\\/\\\/www.danby.com\\\/fr\\\/\",\"logo\":{\"@type\":\"ImageObject\",\"inLanguage\":\"fr-CA\",\"url\":\"https:\\\/\\\/cdnweb.danby.com\\\/wp-content\\\/uploads\\\/sites\\\/2\\\/2022\\\/02\\\/10141906\\\/Danby75Ans_Blue.png\",\"contentUrl\":\"https:\\\/\\\/cdnweb.danby.com\\\/wp-content\\\/uploads\\\/sites\\\/2\\\/2022\\\/02\\\/10141906\\\/Danby75Ans_Blue.png\",\"width\":470,\"height\":110,\"caption\":\"Danby Appliances\"},\"image\":[],\"sameAs\":[\"https:\\\/\\\/www.facebook.com\\\/DanbyAppliances\",\"https:\\\/\\\/x.com\\\/DanbyAppliance\",\"https:\\\/\\\/instagram.com\\\/danbyappliances\\\/\",\"https:\\\/\\\/www.linkedin.com\\\/company\\\/danbyappliances\",\"https:\\\/\\\/www.pinterest.ca\\\/danbyappliances\\\/\",\"https:\\\/\\\/www.youtube.com\\\/user\\\/DanbyProducts\",\"https:\\\/\\\/en.wikipedia.org\\\/wiki\\\/Danby_(appliances)\"]}]}<\/script>\n<!-- \/ Yoast SEO plugin. -->","yoast_head_json":{"title":"Sunbeam 9.1 R\u00e9frig\u00e9rateurs pour petites surface - DFF258BLSSB | Danby Canada","description":"Ce r\u00e9frig\u00e9rateur de taille interm\u00e9diaire est simple, \u00e9l\u00e9gant et offre un rangement g\u00e9n\u00e9reux dans un espace restreint. La partie r\u00e9frig\u00e9rateur a une capacit\u00e9 de 195,4\u00a0litres (6,9\u00a0pi\u00b3) tandis que le cong\u00e9lateur est de 56,6\u00a0litres (2,3\u00a0pi\u00b3). Ce mod\u00e8le contemporain et peu encombrant est id\u00e9al pour les petites cuisines, les appartements, les condos et les bungalows!","robots":{"index":"index","follow":"follow","max-snippet":"max-snippet:-1","max-image-preview":"max-image-preview:large","max-video-preview":"max-video-preview:-1"},"canonical":"https:\/\/www.danby.com\/fr\/products\/refrigerateurs-pour-petites-surfaces\/dff258blssb\/","og_locale":"fr_CA","og_type":"article","og_title":"Sunbeam 9.1 R\u00e9frig\u00e9rateurs pour petites surface - DFF258BLSSB | Danby Canada","og_description":"Ce r\u00e9frig\u00e9rateur de taille interm\u00e9diaire est simple, \u00e9l\u00e9gant et offre un rangement g\u00e9n\u00e9reux dans un espace restreint. La partie r\u00e9frig\u00e9rateur a une capacit\u00e9 de 195,4\u00a0litres (6,9\u00a0pi\u00b3) tandis que le cong\u00e9lateur est de 56,6\u00a0litres (2,3\u00a0pi\u00b3). Ce mod\u00e8le contemporain et peu encombrant est id\u00e9al pour les petites cuisines, les appartements, les condos et les bungalows!","og_url":"https:\/\/www.danby.com\/fr\/products\/refrigerateurs-pour-petites-surfaces\/dff258blssb\/","og_site_name":"Danby - Canada - French","article_publisher":"https:\/\/www.facebook.com\/DanbyAppliances","article_modified_time":"2026-04-26T10:03:56+00:00","og_image":[{"width":300,"height":272,"url":"https:\/\/cdnweb.danby.com\/wp-content\/uploads\/sites\/2\/2022\/02\/08183358\/proMed-dff258blssb.jpg","type":"image\/jpeg"}],"twitter_card":"summary_large_image","twitter_site":"@DanbyAppliance","schema":{"@context":"https:\/\/schema.org","@graph":[{"@type":["WebPage","ItemPage"],"url":"https:\/\/www.danby.com\/fr\/products\/refrigerateurs-pour-petites-surfaces\/dff258blssb\/","name":"Sunbeam 9.1 R\u00e9frig\u00e9rateurs pour petites surface - DFF258BLSSB | Danby Canada","isPartOf":[],"primaryImageOfPage":[],"image":[],"thumbnailUrl":"https:\/\/cdnweb.danby.com\/wp-content\/uploads\/sites\/2\/2022\/02\/08183358\/proMed-dff258blssb.jpg","datePublished":"2022-02-03T19:18:00+00:00","dateModified":"2026-04-26T10:03:56+00:00","description":"Ce r\u00e9frig\u00e9rateur de taille interm\u00e9diaire est simple, \u00e9l\u00e9gant et offre un rangement g\u00e9n\u00e9reux dans un espace restreint. La partie r\u00e9frig\u00e9rateur a une capacit\u00e9 de 195,4\u00a0litres (6,9\u00a0pi\u00b3) tandis que le cong\u00e9lateur est de 56,6\u00a0litres (2,3\u00a0pi\u00b3). Ce mod\u00e8le contemporain et peu encombrant est id\u00e9al pour les petites cuisines, les appartements, les condos et les bungalows!","breadcrumb":[],"inLanguage":"fr-CA","potentialAction":[{"@type":"ReadAction","target":["https:\/\/www.danby.com\/fr\/products\/refrigerateurs-pour-petites-surfaces\/dff258blssb\/"]}]},{"@type":"ImageObject","inLanguage":"fr-CA","url":"https:\/\/cdnweb.danby.com\/wp-content\/uploads\/sites\/2\/2022\/02\/08183358\/proMed-dff258blssb.jpg","contentUrl":"https:\/\/cdnweb.danby.com\/wp-content\/uploads\/sites\/2\/2022\/02\/08183358\/proMed-dff258blssb.jpg","width":300,"height":272},{"@type":"BreadcrumbList","itemListElement":[{"@type":"ListItem","position":1,"name":"Home","item":"https:\/\/www.danby.com\/fr\/"},{"@type":"ListItem","position":2,"name":"Boutique","item":"https:\/\/www.danby.com\/fr\/boutique\/"},{"@type":"ListItem","position":3,"name":"Sunbeam 9.1 R\u00e9frig\u00e9rateurs pour petites surface"}]},{"@type":"WebSite","url":"https:\/\/www.danby.com\/fr\/","name":"Danby - Canada - French","description":"Leader dans le domaine de la r\u00e9frig\u00e9ration et des appareils sp\u00e9cialis\u00e9s","publisher":[],"potentialAction":[{"@type":"SearchAction","target":{"@type":"EntryPoint","urlTemplate":"https:\/\/www.danby.com\/fr\/?s={search_term_string}"},"query-input":{"@type":"PropertyValueSpecification","valueRequired":true,"valueName":"search_term_string"}}],"inLanguage":"fr-CA"},{"@type":"Organization","name":"Danby Appliances","url":"https:\/\/www.danby.com\/fr\/","logo":{"@type":"ImageObject","inLanguage":"fr-CA","url":"https:\/\/cdnweb.danby.com\/wp-content\/uploads\/sites\/2\/2022\/02\/10141906\/Danby75Ans_Blue.png","contentUrl":"https:\/\/cdnweb.danby.com\/wp-content\/uploads\/sites\/2\/2022\/02\/10141906\/Danby75Ans_Blue.png","width":470,"height":110,"caption":"Danby Appliances"},"image":[],"sameAs":["https:\/\/www.facebook.com\/DanbyAppliances","https:\/\/x.com\/DanbyAppliance","https:\/\/instagram.com\/danbyappliances\/","https:\/\/www.linkedin.com\/company\/danbyappliances","https:\/\/www.pinterest.ca\/danbyappliances\/","https:\/\/www.youtube.com\/user\/DanbyProducts","https:\/\/en.wikipedia.org\/wiki\/Danby_(appliances)"]}]}},"post_mailing_queue_ids":[],"_links":{"self":[{"href":"https:\/\/www.danby.com\/fr\/wp-json\/wp\/v2\/product\/4974","targetHints":{"allow":["GET"]}}],"collection":[{"href":"https:\/\/www.danby.com\/fr\/wp-json\/wp\/v2\/product"}],"about":[{"href":"https:\/\/www.danby.com\/fr\/wp-json\/wp\/v2\/types\/product"}],"replies":[{"embeddable":true,"href":"https:\/\/www.danby.com\/fr\/wp-json\/wp\/v2\/comments?post=4974"}],"wp:featuredmedia":[{"embeddable":true,"href":"https:\/\/www.danby.com\/fr\/wp-json\/wp\/v2\/media\/6228"}],"wp:attachment":[{"href":"https:\/\/www.danby.com\/fr\/wp-json\/wp\/v2\/media?parent=4974"}],"wp:term":[{"taxonomy":"product_brand","embeddable":true,"href":"https:\/\/www.danby.com\/fr\/wp-json\/wp\/v2\/product_brand?post=4974"},{"taxonomy":"product_cat","embeddable":true,"href":"https:\/\/www.danby.com\/fr\/wp-json\/wp\/v2\/product_cat?post=4974"},{"taxonomy":"product_tag","embeddable":true,"href":"https:\/\/www.danby.com\/fr\/wp-json\/wp\/v2\/product_tag?post=4974"}],"curies":[{"name":"wp","href":"https:\/\/api.w.org\/{rel}","templated":true}]}}