{"id":4965,"date":"2022-02-03T19:17:47","date_gmt":"2022-02-03T19:17:47","guid":{"rendered":"https:\/\/www.danby.com\/fr\/product\/dff121c1wdbl\/"},"modified":"2026-04-29T10:23:02","modified_gmt":"2026-04-29T10:23:02","slug":"dff121c1wdbl","status":"publish","type":"product","link":"https:\/\/www.danby.com\/fr\/products\/refrigerateurs-pour-petites-surfaces\/dff121c1wdbl\/","title":{"rendered":"Danby 12.1 pi3 R\u00e9frig\u00e9rateurs pour petites surface"},"content":{"rendered":"","protected":false},"excerpt":{"rendered":"<ul>\n<li>D&#8217;une capacit\u00e9 de 12,1 pi3. (342 L) capacit\u00e9 du r\u00e9frig\u00e9rateur <\/li>\n<li>R\u00e9frig\u00e9rant R600a respectueux de l&#8217;environnement<\/li>\n<li>Le fonctionnement sans givre permet un entretien sans tracas et une meilleure conservation des aliments<\/li>\n<li>2 tablettes filaires pleine largeur et 1 &#8211; 1\/2 largeur pour une polyvalence de rangement maximale<\/li>\n<li>1 tablette filaire pleine largeur pour le cong\u00e9lateur<\/li>\n<li>Int\u00e9gr\u00e9e dans la porte 1\/2 largeur pour une polyvalence de rangement maximale<\/li>\n<li>1 tablette de cong\u00e9lation en fil m\u00e9tallique pleine largeur<\/li>\n<li>Tablette de porte int\u00e9gr\u00e9e avec rangement pour grandes bouteilles<\/li>\n<li>Cassette \u00e0 l\u00e9gumes et couvercle<\/li>\n<li>Thermostat \u00e9lectronique<\/li>\n<li>Lumi\u00e8re int\u00e9rieure<\/li>\n<li>Poign\u00e9e de porte int\u00e9gr\u00e9e<\/li>\n<li>Charni\u00e8re \u00e0 gauche r\u00e9gl\u00e9e en usine et r\u00e9versible<\/li>\n<li>Dossier lisse<\/li>\n<\/ul>\n","protected":false},"featured_media":10971,"comment_status":"closed","ping_status":"open","template":"","meta":{"_acf_changed":false},"product_brand":[],"product_cat":[20],"product_tag":[],"class_list":{"0":"post-4965","1":"product","2":"type-product","3":"status-publish","4":"has-post-thumbnail","6":"product_cat-refrigerateurs-pour-petites-surfaces","7":"pa_capacite-pi3-12-1","8":"pa_duree-de-la-garantie-en-mois-1173","10":"first","11":"outofstock","12":"taxable","13":"shipping-taxable","14":"product-type-simple"},"acf":[],"yoast_head":"<!-- This site is optimized with the Yoast SEO plugin v27.5 - https:\/\/yoast.com\/product\/yoast-seo-wordpress\/ -->\n<title>Danby 12.1 pi3 R\u00e9frig\u00e9rateurs pour petites surface - DFF121C1WDBL | Danby Canada<\/title>\n<meta name=\"description\" content=\"Si vous \u00eates \u00e0 la recherche d&#039;un r\u00e9frig\u00e9rateur\/cong\u00e9lateur fiable de taille moyenne pour votre bar, chalet, appartement ou condo, votre recherche peut prendre fin avec ce mod\u00e8le \u00e9l\u00e9gant de Danby. Cet appareil offre un total de 12,1 pieds cubes (342 litres) d&#039;espace de refroidissement de premier ordre avec une section cong\u00e9lateur de 3,3 pieds cubes au-dessus d&#039;un r\u00e9frig\u00e9rateur de 8,8 pieds cubes. L&#039;ing\u00e9nieux syst\u00e8me de fonctionnement sans givre et le thermostat \u00e9lectronique pr\u00e9cis garantissent un fonctionnement souple et silencieux. Il y a un bac \u00e0 l\u00e9gumes avec un couvercle en verre pour vos l\u00e9gumes et plus qu&#039;assez d&#039;espace pour les grandes bouteilles de boissons. Le r\u00e9frig\u00e9rateur est dot\u00e9 de spacieuses \u00e9tag\u00e8res de porte int\u00e9gr\u00e9es et de trois \u00e9tag\u00e8res m\u00e9talliques r\u00e9glables pour une polyvalence de rangement maximale. L&#039;\u00e9clairage int\u00e9rieur lumineux \u00e0 LED vous permet de voir facilement vos aliments r\u00e9frig\u00e9r\u00e9s et surgel\u00e9s pr\u00e9f\u00e9r\u00e9s dans chaque compartiment. La charni\u00e8re de porte r\u00e9versible de l&#039;appareil vous permet d&#039;ouvrir la poign\u00e9e int\u00e9gr\u00e9e du c\u00f4t\u00e9 gauche ou droit. Cet article \u00e0 la mode est \u00e9galement assorti d&#039;une garantie populaire de 12 mois sur les pi\u00e8ces et la main-d&#039;\u0153uvre avec service \u00e0 domicile.\" \/>\n<meta name=\"robots\" content=\"index, follow, max-snippet:-1, max-image-preview:large, max-video-preview:-1\" \/>\n<link rel=\"canonical\" href=\"https:\/\/www.danby.com\/fr\/products\/refrigerateurs-pour-petites-surfaces\/dff121c1wdbl\/\" \/>\n<meta property=\"og:locale\" content=\"fr_CA\" \/>\n<meta property=\"og:type\" content=\"article\" \/>\n<meta property=\"og:title\" content=\"Danby 12.1 pi3 R\u00e9frig\u00e9rateurs pour petites surface - DFF121C1WDBL | Danby Canada\" \/>\n<meta property=\"og:description\" content=\"Si vous \u00eates \u00e0 la recherche d&#039;un r\u00e9frig\u00e9rateur\/cong\u00e9lateur fiable de taille moyenne pour votre bar, chalet, appartement ou condo, votre recherche peut prendre fin avec ce mod\u00e8le \u00e9l\u00e9gant de Danby. Cet appareil offre un total de 12,1 pieds cubes (342 litres) d&#039;espace de refroidissement de premier ordre avec une section cong\u00e9lateur de 3,3 pieds cubes au-dessus d&#039;un r\u00e9frig\u00e9rateur de 8,8 pieds cubes. L&#039;ing\u00e9nieux syst\u00e8me de fonctionnement sans givre et le thermostat \u00e9lectronique pr\u00e9cis garantissent un fonctionnement souple et silencieux. Il y a un bac \u00e0 l\u00e9gumes avec un couvercle en verre pour vos l\u00e9gumes et plus qu&#039;assez d&#039;espace pour les grandes bouteilles de boissons. Le r\u00e9frig\u00e9rateur est dot\u00e9 de spacieuses \u00e9tag\u00e8res de porte int\u00e9gr\u00e9es et de trois \u00e9tag\u00e8res m\u00e9talliques r\u00e9glables pour une polyvalence de rangement maximale. L&#039;\u00e9clairage int\u00e9rieur lumineux \u00e0 LED vous permet de voir facilement vos aliments r\u00e9frig\u00e9r\u00e9s et surgel\u00e9s pr\u00e9f\u00e9r\u00e9s dans chaque compartiment. La charni\u00e8re de porte r\u00e9versible de l&#039;appareil vous permet d&#039;ouvrir la poign\u00e9e int\u00e9gr\u00e9e du c\u00f4t\u00e9 gauche ou droit. Cet article \u00e0 la mode est \u00e9galement assorti d&#039;une garantie populaire de 12 mois sur les pi\u00e8ces et la main-d&#039;\u0153uvre avec service \u00e0 domicile.\" \/>\n<meta property=\"og:url\" content=\"https:\/\/www.danby.com\/fr\/products\/refrigerateurs-pour-petites-surfaces\/dff121c1wdbl\/\" \/>\n<meta property=\"og:site_name\" content=\"Danby - Canada - French\" \/>\n<meta property=\"article:publisher\" content=\"https:\/\/www.facebook.com\/DanbyAppliances\" \/>\n<meta property=\"article:modified_time\" content=\"2026-04-29T10:23:02+00:00\" \/>\n<meta property=\"og:image\" content=\"https:\/\/cdnweb.danby.com\/wp-content\/uploads\/sites\/2\/2022\/02\/08235653\/DFF121C1WDBR-Featured.jpg\" \/>\n\t<meta property=\"og:image:width\" content=\"1440\" \/>\n\t<meta property=\"og:image:height\" content=\"1920\" \/>\n\t<meta property=\"og:image:type\" content=\"image\/jpeg\" \/>\n<meta name=\"twitter:card\" content=\"summary_large_image\" \/>\n<meta name=\"twitter:site\" content=\"@DanbyAppliance\" \/>\n<script type=\"application\/ld+json\" class=\"yoast-schema-graph\">{\"@context\":\"https:\\\/\\\/schema.org\",\"@graph\":[{\"@type\":[\"WebPage\",\"ItemPage\"],\"url\":\"https:\\\/\\\/www.danby.com\\\/fr\\\/products\\\/refrigerateurs-pour-petites-surfaces\\\/dff121c1wdbl\\\/\",\"name\":\"Danby 12.1 pi3 R\u00e9frig\u00e9rateurs pour petites surface - DFF121C1WDBL | Danby Canada\",\"isPartOf\":[],\"primaryImageOfPage\":[],\"image\":[],\"thumbnailUrl\":\"https:\\\/\\\/cdnweb.danby.com\\\/wp-content\\\/uploads\\\/sites\\\/2\\\/2022\\\/02\\\/08235653\\\/DFF121C1WDBR-Featured.jpg\",\"datePublished\":\"2022-02-03T19:17:47+00:00\",\"dateModified\":\"2026-04-29T10:23:02+00:00\",\"description\":\"Si vous \u00eates \u00e0 la recherche d'un r\u00e9frig\u00e9rateur\\\/cong\u00e9lateur fiable de taille moyenne pour votre bar, chalet, appartement ou condo, votre recherche peut prendre fin avec ce mod\u00e8le \u00e9l\u00e9gant de Danby. Cet appareil offre un total de 12,1 pieds cubes (342 litres) d'espace de refroidissement de premier ordre avec une section cong\u00e9lateur de 3,3 pieds cubes au-dessus d'un r\u00e9frig\u00e9rateur de 8,8 pieds cubes. L'ing\u00e9nieux syst\u00e8me de fonctionnement sans givre et le thermostat \u00e9lectronique pr\u00e9cis garantissent un fonctionnement souple et silencieux. Il y a un bac \u00e0 l\u00e9gumes avec un couvercle en verre pour vos l\u00e9gumes et plus qu'assez d'espace pour les grandes bouteilles de boissons. Le r\u00e9frig\u00e9rateur est dot\u00e9 de spacieuses \u00e9tag\u00e8res de porte int\u00e9gr\u00e9es et de trois \u00e9tag\u00e8res m\u00e9talliques r\u00e9glables pour une polyvalence de rangement maximale. L'\u00e9clairage int\u00e9rieur lumineux \u00e0 LED vous permet de voir facilement vos aliments r\u00e9frig\u00e9r\u00e9s et surgel\u00e9s pr\u00e9f\u00e9r\u00e9s dans chaque compartiment. La charni\u00e8re de porte r\u00e9versible de l'appareil vous permet d'ouvrir la poign\u00e9e int\u00e9gr\u00e9e du c\u00f4t\u00e9 gauche ou droit. Cet article \u00e0 la mode est \u00e9galement assorti d'une garantie populaire de 12 mois sur les pi\u00e8ces et la main-d'\u0153uvre avec service \u00e0 domicile.\",\"breadcrumb\":[],\"inLanguage\":\"fr-CA\",\"potentialAction\":[{\"@type\":\"ReadAction\",\"target\":[\"https:\\\/\\\/www.danby.com\\\/fr\\\/products\\\/refrigerateurs-pour-petites-surfaces\\\/dff121c1wdbl\\\/\"]}]},{\"@type\":\"ImageObject\",\"inLanguage\":\"fr-CA\",\"url\":\"https:\\\/\\\/cdnweb.danby.com\\\/wp-content\\\/uploads\\\/sites\\\/2\\\/2022\\\/02\\\/08235653\\\/DFF121C1WDBR-Featured.jpg\",\"contentUrl\":\"https:\\\/\\\/cdnweb.danby.com\\\/wp-content\\\/uploads\\\/sites\\\/2\\\/2022\\\/02\\\/08235653\\\/DFF121C1WDBR-Featured.jpg\",\"width\":1440,\"height\":1920},{\"@type\":\"BreadcrumbList\",\"itemListElement\":[{\"@type\":\"ListItem\",\"position\":1,\"name\":\"Home\",\"item\":\"https:\\\/\\\/www.danby.com\\\/fr\\\/\"},{\"@type\":\"ListItem\",\"position\":2,\"name\":\"Boutique\",\"item\":\"https:\\\/\\\/www.danby.com\\\/fr\\\/boutique\\\/\"},{\"@type\":\"ListItem\",\"position\":3,\"name\":\"Danby 12.1 pi3 R\u00e9frig\u00e9rateurs pour petites surface\"}]},{\"@type\":\"WebSite\",\"url\":\"https:\\\/\\\/www.danby.com\\\/fr\\\/\",\"name\":\"Danby - Canada - French\",\"description\":\"Leader dans le domaine de la r\u00e9frig\u00e9ration et des appareils sp\u00e9cialis\u00e9s\",\"publisher\":[],\"potentialAction\":[{\"@type\":\"SearchAction\",\"target\":{\"@type\":\"EntryPoint\",\"urlTemplate\":\"https:\\\/\\\/www.danby.com\\\/fr\\\/?s={search_term_string}\"},\"query-input\":{\"@type\":\"PropertyValueSpecification\",\"valueRequired\":true,\"valueName\":\"search_term_string\"}}],\"inLanguage\":\"fr-CA\"},{\"@type\":\"Organization\",\"name\":\"Danby Appliances\",\"url\":\"https:\\\/\\\/www.danby.com\\\/fr\\\/\",\"logo\":{\"@type\":\"ImageObject\",\"inLanguage\":\"fr-CA\",\"url\":\"https:\\\/\\\/cdnweb.danby.com\\\/wp-content\\\/uploads\\\/sites\\\/2\\\/2022\\\/02\\\/10141906\\\/Danby75Ans_Blue.png\",\"contentUrl\":\"https:\\\/\\\/cdnweb.danby.com\\\/wp-content\\\/uploads\\\/sites\\\/2\\\/2022\\\/02\\\/10141906\\\/Danby75Ans_Blue.png\",\"width\":470,\"height\":110,\"caption\":\"Danby Appliances\"},\"image\":[],\"sameAs\":[\"https:\\\/\\\/www.facebook.com\\\/DanbyAppliances\",\"https:\\\/\\\/x.com\\\/DanbyAppliance\",\"https:\\\/\\\/instagram.com\\\/danbyappliances\\\/\",\"https:\\\/\\\/www.linkedin.com\\\/company\\\/danbyappliances\",\"https:\\\/\\\/www.pinterest.ca\\\/danbyappliances\\\/\",\"https:\\\/\\\/www.youtube.com\\\/user\\\/DanbyProducts\",\"https:\\\/\\\/en.wikipedia.org\\\/wiki\\\/Danby_(appliances)\"]}]}<\/script>\n<!-- \/ Yoast SEO plugin. -->","yoast_head_json":{"title":"Danby 12.1 pi3 R\u00e9frig\u00e9rateurs pour petites surface - DFF121C1WDBL | Danby Canada","description":"Si vous \u00eates \u00e0 la recherche d'un r\u00e9frig\u00e9rateur\/cong\u00e9lateur fiable de taille moyenne pour votre bar, chalet, appartement ou condo, votre recherche peut prendre fin avec ce mod\u00e8le \u00e9l\u00e9gant de Danby. Cet appareil offre un total de 12,1 pieds cubes (342 litres) d'espace de refroidissement de premier ordre avec une section cong\u00e9lateur de 3,3 pieds cubes au-dessus d'un r\u00e9frig\u00e9rateur de 8,8 pieds cubes. L'ing\u00e9nieux syst\u00e8me de fonctionnement sans givre et le thermostat \u00e9lectronique pr\u00e9cis garantissent un fonctionnement souple et silencieux. Il y a un bac \u00e0 l\u00e9gumes avec un couvercle en verre pour vos l\u00e9gumes et plus qu'assez d'espace pour les grandes bouteilles de boissons. Le r\u00e9frig\u00e9rateur est dot\u00e9 de spacieuses \u00e9tag\u00e8res de porte int\u00e9gr\u00e9es et de trois \u00e9tag\u00e8res m\u00e9talliques r\u00e9glables pour une polyvalence de rangement maximale. L'\u00e9clairage int\u00e9rieur lumineux \u00e0 LED vous permet de voir facilement vos aliments r\u00e9frig\u00e9r\u00e9s et surgel\u00e9s pr\u00e9f\u00e9r\u00e9s dans chaque compartiment. La charni\u00e8re de porte r\u00e9versible de l'appareil vous permet d'ouvrir la poign\u00e9e int\u00e9gr\u00e9e du c\u00f4t\u00e9 gauche ou droit. Cet article \u00e0 la mode est \u00e9galement assorti d'une garantie populaire de 12 mois sur les pi\u00e8ces et la main-d'\u0153uvre avec service \u00e0 domicile.","robots":{"index":"index","follow":"follow","max-snippet":"max-snippet:-1","max-image-preview":"max-image-preview:large","max-video-preview":"max-video-preview:-1"},"canonical":"https:\/\/www.danby.com\/fr\/products\/refrigerateurs-pour-petites-surfaces\/dff121c1wdbl\/","og_locale":"fr_CA","og_type":"article","og_title":"Danby 12.1 pi3 R\u00e9frig\u00e9rateurs pour petites surface - DFF121C1WDBL | Danby Canada","og_description":"Si vous \u00eates \u00e0 la recherche d'un r\u00e9frig\u00e9rateur\/cong\u00e9lateur fiable de taille moyenne pour votre bar, chalet, appartement ou condo, votre recherche peut prendre fin avec ce mod\u00e8le \u00e9l\u00e9gant de Danby. Cet appareil offre un total de 12,1 pieds cubes (342 litres) d'espace de refroidissement de premier ordre avec une section cong\u00e9lateur de 3,3 pieds cubes au-dessus d'un r\u00e9frig\u00e9rateur de 8,8 pieds cubes. L'ing\u00e9nieux syst\u00e8me de fonctionnement sans givre et le thermostat \u00e9lectronique pr\u00e9cis garantissent un fonctionnement souple et silencieux. Il y a un bac \u00e0 l\u00e9gumes avec un couvercle en verre pour vos l\u00e9gumes et plus qu'assez d'espace pour les grandes bouteilles de boissons. Le r\u00e9frig\u00e9rateur est dot\u00e9 de spacieuses \u00e9tag\u00e8res de porte int\u00e9gr\u00e9es et de trois \u00e9tag\u00e8res m\u00e9talliques r\u00e9glables pour une polyvalence de rangement maximale. L'\u00e9clairage int\u00e9rieur lumineux \u00e0 LED vous permet de voir facilement vos aliments r\u00e9frig\u00e9r\u00e9s et surgel\u00e9s pr\u00e9f\u00e9r\u00e9s dans chaque compartiment. La charni\u00e8re de porte r\u00e9versible de l'appareil vous permet d'ouvrir la poign\u00e9e int\u00e9gr\u00e9e du c\u00f4t\u00e9 gauche ou droit. Cet article \u00e0 la mode est \u00e9galement assorti d'une garantie populaire de 12 mois sur les pi\u00e8ces et la main-d'\u0153uvre avec service \u00e0 domicile.","og_url":"https:\/\/www.danby.com\/fr\/products\/refrigerateurs-pour-petites-surfaces\/dff121c1wdbl\/","og_site_name":"Danby - Canada - French","article_publisher":"https:\/\/www.facebook.com\/DanbyAppliances","article_modified_time":"2026-04-29T10:23:02+00:00","og_image":[{"width":1440,"height":1920,"url":"https:\/\/cdnweb.danby.com\/wp-content\/uploads\/sites\/2\/2022\/02\/08235653\/DFF121C1WDBR-Featured.jpg","type":"image\/jpeg"}],"twitter_card":"summary_large_image","twitter_site":"@DanbyAppliance","schema":{"@context":"https:\/\/schema.org","@graph":[{"@type":["WebPage","ItemPage"],"url":"https:\/\/www.danby.com\/fr\/products\/refrigerateurs-pour-petites-surfaces\/dff121c1wdbl\/","name":"Danby 12.1 pi3 R\u00e9frig\u00e9rateurs pour petites surface - DFF121C1WDBL | Danby Canada","isPartOf":[],"primaryImageOfPage":[],"image":[],"thumbnailUrl":"https:\/\/cdnweb.danby.com\/wp-content\/uploads\/sites\/2\/2022\/02\/08235653\/DFF121C1WDBR-Featured.jpg","datePublished":"2022-02-03T19:17:47+00:00","dateModified":"2026-04-29T10:23:02+00:00","description":"Si vous \u00eates \u00e0 la recherche d'un r\u00e9frig\u00e9rateur\/cong\u00e9lateur fiable de taille moyenne pour votre bar, chalet, appartement ou condo, votre recherche peut prendre fin avec ce mod\u00e8le \u00e9l\u00e9gant de Danby. Cet appareil offre un total de 12,1 pieds cubes (342 litres) d'espace de refroidissement de premier ordre avec une section cong\u00e9lateur de 3,3 pieds cubes au-dessus d'un r\u00e9frig\u00e9rateur de 8,8 pieds cubes. L'ing\u00e9nieux syst\u00e8me de fonctionnement sans givre et le thermostat \u00e9lectronique pr\u00e9cis garantissent un fonctionnement souple et silencieux. Il y a un bac \u00e0 l\u00e9gumes avec un couvercle en verre pour vos l\u00e9gumes et plus qu'assez d'espace pour les grandes bouteilles de boissons. Le r\u00e9frig\u00e9rateur est dot\u00e9 de spacieuses \u00e9tag\u00e8res de porte int\u00e9gr\u00e9es et de trois \u00e9tag\u00e8res m\u00e9talliques r\u00e9glables pour une polyvalence de rangement maximale. L'\u00e9clairage int\u00e9rieur lumineux \u00e0 LED vous permet de voir facilement vos aliments r\u00e9frig\u00e9r\u00e9s et surgel\u00e9s pr\u00e9f\u00e9r\u00e9s dans chaque compartiment. La charni\u00e8re de porte r\u00e9versible de l'appareil vous permet d'ouvrir la poign\u00e9e int\u00e9gr\u00e9e du c\u00f4t\u00e9 gauche ou droit. Cet article \u00e0 la mode est \u00e9galement assorti d'une garantie populaire de 12 mois sur les pi\u00e8ces et la main-d'\u0153uvre avec service \u00e0 domicile.","breadcrumb":[],"inLanguage":"fr-CA","potentialAction":[{"@type":"ReadAction","target":["https:\/\/www.danby.com\/fr\/products\/refrigerateurs-pour-petites-surfaces\/dff121c1wdbl\/"]}]},{"@type":"ImageObject","inLanguage":"fr-CA","url":"https:\/\/cdnweb.danby.com\/wp-content\/uploads\/sites\/2\/2022\/02\/08235653\/DFF121C1WDBR-Featured.jpg","contentUrl":"https:\/\/cdnweb.danby.com\/wp-content\/uploads\/sites\/2\/2022\/02\/08235653\/DFF121C1WDBR-Featured.jpg","width":1440,"height":1920},{"@type":"BreadcrumbList","itemListElement":[{"@type":"ListItem","position":1,"name":"Home","item":"https:\/\/www.danby.com\/fr\/"},{"@type":"ListItem","position":2,"name":"Boutique","item":"https:\/\/www.danby.com\/fr\/boutique\/"},{"@type":"ListItem","position":3,"name":"Danby 12.1 pi3 R\u00e9frig\u00e9rateurs pour petites surface"}]},{"@type":"WebSite","url":"https:\/\/www.danby.com\/fr\/","name":"Danby - Canada - French","description":"Leader dans le domaine de la r\u00e9frig\u00e9ration et des appareils sp\u00e9cialis\u00e9s","publisher":[],"potentialAction":[{"@type":"SearchAction","target":{"@type":"EntryPoint","urlTemplate":"https:\/\/www.danby.com\/fr\/?s={search_term_string}"},"query-input":{"@type":"PropertyValueSpecification","valueRequired":true,"valueName":"search_term_string"}}],"inLanguage":"fr-CA"},{"@type":"Organization","name":"Danby Appliances","url":"https:\/\/www.danby.com\/fr\/","logo":{"@type":"ImageObject","inLanguage":"fr-CA","url":"https:\/\/cdnweb.danby.com\/wp-content\/uploads\/sites\/2\/2022\/02\/10141906\/Danby75Ans_Blue.png","contentUrl":"https:\/\/cdnweb.danby.com\/wp-content\/uploads\/sites\/2\/2022\/02\/10141906\/Danby75Ans_Blue.png","width":470,"height":110,"caption":"Danby Appliances"},"image":[],"sameAs":["https:\/\/www.facebook.com\/DanbyAppliances","https:\/\/x.com\/DanbyAppliance","https:\/\/instagram.com\/danbyappliances\/","https:\/\/www.linkedin.com\/company\/danbyappliances","https:\/\/www.pinterest.ca\/danbyappliances\/","https:\/\/www.youtube.com\/user\/DanbyProducts","https:\/\/en.wikipedia.org\/wiki\/Danby_(appliances)"]}]}},"post_mailing_queue_ids":[],"_links":{"self":[{"href":"https:\/\/www.danby.com\/fr\/wp-json\/wp\/v2\/product\/4965","targetHints":{"allow":["GET"]}}],"collection":[{"href":"https:\/\/www.danby.com\/fr\/wp-json\/wp\/v2\/product"}],"about":[{"href":"https:\/\/www.danby.com\/fr\/wp-json\/wp\/v2\/types\/product"}],"replies":[{"embeddable":true,"href":"https:\/\/www.danby.com\/fr\/wp-json\/wp\/v2\/comments?post=4965"}],"wp:featuredmedia":[{"embeddable":true,"href":"https:\/\/www.danby.com\/fr\/wp-json\/wp\/v2\/media\/10971"}],"wp:attachment":[{"href":"https:\/\/www.danby.com\/fr\/wp-json\/wp\/v2\/media?parent=4965"}],"wp:term":[{"taxonomy":"product_brand","embeddable":true,"href":"https:\/\/www.danby.com\/fr\/wp-json\/wp\/v2\/product_brand?post=4965"},{"taxonomy":"product_cat","embeddable":true,"href":"https:\/\/www.danby.com\/fr\/wp-json\/wp\/v2\/product_cat?post=4965"},{"taxonomy":"product_tag","embeddable":true,"href":"https:\/\/www.danby.com\/fr\/wp-json\/wp\/v2\/product_tag?post=4965"}],"curies":[{"name":"wp","href":"https:\/\/api.w.org\/{rel}","templated":true}]}}