{"id":4964,"date":"2022-02-03T19:17:47","date_gmt":"2022-02-03T19:17:47","guid":{"rendered":"https:\/\/www.danby.com\/fr\/product\/dff116b2wdbr\/"},"modified":"2026-04-09T10:07:12","modified_gmt":"2026-04-09T10:07:12","slug":"dff116b2wdbr","status":"publish","type":"product","link":"https:\/\/www.danby.com\/fr\/products\/refrigerateurs-pour-petites-surfaces\/dff116b2wdbr\/","title":{"rendered":"Danby R\u00e9frig\u00e9rateur \u00e0 montage par le haut de 11 pi3 pour appartement en blanc"},"content":{"rendered":"","protected":false},"excerpt":{"rendered":"<ul>\n<li>R\u00e9frig\u00e9rateur d&#8217;appartement d&#8217;une capacit\u00e9 de 328 litres (11,6 pi3)<\/li>\n<li>certifi\u00e9 ENERGY STAR\u00ae<\/li>\n<li>2 \u00e9tag\u00e8res en fil m\u00e9tallique sur toute la largeur et 1 \u00e9tag\u00e8re en fil m\u00e9tallique sur une largeur et demie pour une polyvalence de rangement maximale.<\/li>\n<li>Le fonctionnement hors-gel permet un entretien sans souci et une meilleure conservation des aliments.<\/li>\n<li>1 \u00e9tag\u00e8re de cong\u00e9lation en fil m\u00e9tallique r\u00e9glable sur toute la largeur<\/li>\n<li>\u00c9tag\u00e8res de porte int\u00e9gr\u00e9es avec rangement pour les grandes bouteilles<\/li>\n<li>Bac \u00e0 l\u00e9gumes et couvercle<\/li>\n<li>Thermostat \u00e9lectronique<\/li>\n<li>Lumi\u00e8re int\u00e9rieure LED<\/li>\n<li>Poign\u00e9e de porte int\u00e9gr\u00e9e<\/li>\n<li>Orientation de la porte vers la droite<\/li>\n<li>Porte r\u00e9versible <\/li>\n<\/ul>\n","protected":false},"featured_media":37728,"comment_status":"closed","ping_status":"closed","template":"","meta":{"_acf_changed":false},"product_brand":[],"product_cat":[20],"product_tag":[],"class_list":{"0":"post-4964","1":"product","2":"type-product","3":"status-publish","4":"has-post-thumbnail","6":"product_cat-refrigerateurs-pour-petites-surfaces","8":"first","9":"instock","10":"taxable","11":"shipping-taxable","12":"purchasable","13":"product-type-simple"},"acf":[],"yoast_head":"<!-- This site is optimized with the Yoast SEO plugin v26.7 - https:\/\/yoast.com\/wordpress\/plugins\/seo\/ -->\n<title>Danby R\u00e9frig\u00e9rateur \u00e0 montage par le haut de 11 pi3 pour appartement en blanc - DFF116B2WDBR | Danby Canada<\/title>\n<meta name=\"description\" content=\"Cet \u00e9l\u00e9gant r\u00e9frig\u00e9rateur de taille moyenne est id\u00e9al pour les appartements, les chalets, les bureaux et les bars, car il offre un grand espace de rangement tout en occupant un minimum d&#039;espace. L&#039;appareil offre 11,6 pieds cubes (328 litres) d&#039;espace de refroidissement total avec un r\u00e9frig\u00e9rateur g\u00e9n\u00e9reux de 8,4 pieds cubes et une section cong\u00e9lateur de 3,2 pieds cubes. Cet appareil fonctionne en douceur et en silence gr\u00e2ce \u00e0 un thermostat m\u00e9canique pr\u00e9cis et \u00e0 un syst\u00e8me de fonctionnement sans givre. Il offre beaucoup d&#039;espace de rangement pour les grandes bouteilles ainsi qu&#039;un bac \u00e0 l\u00e9gumes en cristal recouvert de verre pour vos l\u00e9gumes pr\u00e9f\u00e9r\u00e9s. L&#039;espace de rangement maximal est facilement cr\u00e9\u00e9 gr\u00e2ce aux trois \u00e9tag\u00e8res m\u00e9talliques r\u00e9glables du r\u00e9frig\u00e9rateur et aux \u00e9tag\u00e8res de porte int\u00e9gr\u00e9es. L&#039;appareil est dot\u00e9 d&#039;une poign\u00e9e int\u00e9gr\u00e9e attrayante et d&#039;une charni\u00e8re de porte r\u00e9versible qui vous permet d&#039;ouvrir le r\u00e9frig\u00e9rateur du c\u00f4t\u00e9 gauche ou du c\u00f4t\u00e9 droit, selon vos pr\u00e9f\u00e9rences et vos besoins. Cet \u00e9l\u00e9gant appareil est \u00e9galement dot\u00e9 d&#039;un plan de travail r\u00e9sistant aux rayures et facile \u00e0 nettoyer, ainsi que d&#039;un \u00e9clairage int\u00e9rieur lumineux dans le compartiment r\u00e9frig\u00e9rateur. L&#039;appareil b\u00e9n\u00e9ficie d&#039;une garantie de 12 mois sur les pi\u00e8ces et la main-d&#039;\u0153uvre avec un service \u00e0 domicile.\" \/>\n<meta name=\"robots\" content=\"index, follow, max-snippet:-1, max-image-preview:large, max-video-preview:-1\" \/>\n<link rel=\"canonical\" href=\"https:\/\/www.danby.com\/fr\/products\/refrigerateurs-pour-petites-surfaces\/dff116b2wdbr\/\" \/>\n<meta property=\"og:locale\" content=\"fr_CA\" \/>\n<meta property=\"og:type\" content=\"article\" \/>\n<meta property=\"og:title\" content=\"Danby R\u00e9frig\u00e9rateur \u00e0 montage par le haut de 11 pi3 pour appartement en blanc - DFF116B2WDBR | Danby Canada\" \/>\n<meta property=\"og:description\" content=\"Cet \u00e9l\u00e9gant r\u00e9frig\u00e9rateur de taille moyenne est id\u00e9al pour les appartements, les chalets, les bureaux et les bars, car il offre un grand espace de rangement tout en occupant un minimum d&#039;espace. L&#039;appareil offre 11,6 pieds cubes (328 litres) d&#039;espace de refroidissement total avec un r\u00e9frig\u00e9rateur g\u00e9n\u00e9reux de 8,4 pieds cubes et une section cong\u00e9lateur de 3,2 pieds cubes. Cet appareil fonctionne en douceur et en silence gr\u00e2ce \u00e0 un thermostat m\u00e9canique pr\u00e9cis et \u00e0 un syst\u00e8me de fonctionnement sans givre. Il offre beaucoup d&#039;espace de rangement pour les grandes bouteilles ainsi qu&#039;un bac \u00e0 l\u00e9gumes en cristal recouvert de verre pour vos l\u00e9gumes pr\u00e9f\u00e9r\u00e9s. L&#039;espace de rangement maximal est facilement cr\u00e9\u00e9 gr\u00e2ce aux trois \u00e9tag\u00e8res m\u00e9talliques r\u00e9glables du r\u00e9frig\u00e9rateur et aux \u00e9tag\u00e8res de porte int\u00e9gr\u00e9es. L&#039;appareil est dot\u00e9 d&#039;une poign\u00e9e int\u00e9gr\u00e9e attrayante et d&#039;une charni\u00e8re de porte r\u00e9versible qui vous permet d&#039;ouvrir le r\u00e9frig\u00e9rateur du c\u00f4t\u00e9 gauche ou du c\u00f4t\u00e9 droit, selon vos pr\u00e9f\u00e9rences et vos besoins. Cet \u00e9l\u00e9gant appareil est \u00e9galement dot\u00e9 d&#039;un plan de travail r\u00e9sistant aux rayures et facile \u00e0 nettoyer, ainsi que d&#039;un \u00e9clairage int\u00e9rieur lumineux dans le compartiment r\u00e9frig\u00e9rateur. L&#039;appareil b\u00e9n\u00e9ficie d&#039;une garantie de 12 mois sur les pi\u00e8ces et la main-d&#039;\u0153uvre avec un service \u00e0 domicile.\" \/>\n<meta property=\"og:url\" content=\"https:\/\/www.danby.com\/fr\/products\/refrigerateurs-pour-petites-surfaces\/dff116b2wdbr\/\" \/>\n<meta property=\"og:site_name\" content=\"Danby - Canada - French\" \/>\n<meta property=\"article:publisher\" content=\"https:\/\/www.facebook.com\/DanbyAppliances\" \/>\n<meta property=\"article:modified_time\" content=\"2026-04-09T10:07:12+00:00\" \/>\n<meta property=\"og:image\" content=\"https:\/\/cdnweb.danby.com\/wp-content\/uploads\/sites\/2\/2024\/10\/08115148\/DFF116B2WDBR_Thumbnail_MEES.jpg\" \/>\n\t<meta property=\"og:image:width\" content=\"1125\" \/>\n\t<meta property=\"og:image:height\" content=\"1500\" \/>\n\t<meta property=\"og:image:type\" content=\"image\/jpeg\" \/>\n<meta name=\"twitter:card\" content=\"summary_large_image\" \/>\n<meta name=\"twitter:site\" content=\"@DanbyAppliance\" \/>\n<meta name=\"twitter:label1\" content=\"Estimation du temps de lecture\" \/>\n\t<meta name=\"twitter:data1\" content=\"1 minute\" \/>\n<script type=\"application\/ld+json\" class=\"yoast-schema-graph\">{\"@context\":\"https:\/\/schema.org\",\"@graph\":[{\"@type\":[\"WebPage\",\"ItemPage\"],\"url\":\"https:\/\/www.danby.com\/fr\/products\/refrigerateurs-pour-petites-surfaces\/dff116b2wdbr\/\",\"name\":\"Danby R\u00e9frig\u00e9rateur \u00e0 montage par le haut de 11 pi3 pour appartement en blanc - DFF116B2WDBR | Danby Canada\",\"isPartOf\":[],\"primaryImageOfPage\":[],\"image\":[],\"thumbnailUrl\":\"https:\/\/www.danby.com\/fr\/wp-content\/uploads\/sites\/2\/2025\/12\/dff116b2wdbr-front.jpg\",\"datePublished\":\"2022-02-03T19:17:47+00:00\",\"dateModified\":\"2026-04-09T10:07:12+00:00\",\"description\":\"Cet \u00e9l\u00e9gant r\u00e9frig\u00e9rateur de taille moyenne est id\u00e9al pour les appartements, les chalets, les bureaux et les bars, car il offre un grand espace de rangement tout en occupant un minimum d'espace. L'appareil offre 11,6 pieds cubes (328 litres) d'espace de refroidissement total avec un r\u00e9frig\u00e9rateur g\u00e9n\u00e9reux de 8,4 pieds cubes et une section cong\u00e9lateur de 3,2 pieds cubes. Cet appareil fonctionne en douceur et en silence gr\u00e2ce \u00e0 un thermostat m\u00e9canique pr\u00e9cis et \u00e0 un syst\u00e8me de fonctionnement sans givre. Il offre beaucoup d'espace de rangement pour les grandes bouteilles ainsi qu'un bac \u00e0 l\u00e9gumes en cristal recouvert de verre pour vos l\u00e9gumes pr\u00e9f\u00e9r\u00e9s. L'espace de rangement maximal est facilement cr\u00e9\u00e9 gr\u00e2ce aux trois \u00e9tag\u00e8res m\u00e9talliques r\u00e9glables du r\u00e9frig\u00e9rateur et aux \u00e9tag\u00e8res de porte int\u00e9gr\u00e9es. L'appareil est dot\u00e9 d'une poign\u00e9e int\u00e9gr\u00e9e attrayante et d'une charni\u00e8re de porte r\u00e9versible qui vous permet d'ouvrir le r\u00e9frig\u00e9rateur du c\u00f4t\u00e9 gauche ou du c\u00f4t\u00e9 droit, selon vos pr\u00e9f\u00e9rences et vos besoins. Cet \u00e9l\u00e9gant appareil est \u00e9galement dot\u00e9 d'un plan de travail r\u00e9sistant aux rayures et facile \u00e0 nettoyer, ainsi que d'un \u00e9clairage int\u00e9rieur lumineux dans le compartiment r\u00e9frig\u00e9rateur. L'appareil b\u00e9n\u00e9ficie d'une garantie de 12 mois sur les pi\u00e8ces et la main-d'\u0153uvre avec un service \u00e0 domicile.\",\"breadcrumb\":[],\"inLanguage\":\"fr-CA\",\"potentialAction\":[{\"@type\":\"ReadAction\",\"target\":[\"https:\/\/www.danby.com\/fr\/products\/refrigerateurs-pour-petites-surfaces\/dff116b2wdbr\/\"]}]},{\"@type\":\"ImageObject\",\"inLanguage\":\"fr-CA\",\"url\":\"https:\/\/www.danby.com\/fr\/wp-content\/uploads\/sites\/2\/2025\/12\/dff116b2wdbr-front.jpg\",\"contentUrl\":\"https:\/\/www.danby.com\/fr\/wp-content\/uploads\/sites\/2\/2025\/12\/dff116b2wdbr-front.jpg\",\"width\":810,\"height\":1080},{\"@type\":\"BreadcrumbList\",\"itemListElement\":[{\"@type\":\"ListItem\",\"position\":1,\"name\":\"Home\",\"item\":\"https:\/\/www.danby.com\/fr\/\"},{\"@type\":\"ListItem\",\"position\":2,\"name\":\"Boutique\",\"item\":\"https:\/\/www.danby.com\/fr\/boutique\/\"},{\"@type\":\"ListItem\",\"position\":3,\"name\":\"Danby R\u00e9frig\u00e9rateur \u00e0 montage par le haut de 11 pi3 pour appartement en blanc\"}]},{\"@type\":\"WebSite\",\"url\":\"https:\/\/www.danby.com\/fr\/\",\"name\":\"Danby - Canada - French\",\"description\":\"Leader dans le domaine de la r\u00e9frig\u00e9ration et des appareils sp\u00e9cialis\u00e9s\",\"publisher\":[],\"potentialAction\":[{\"@type\":\"SearchAction\",\"target\":{\"@type\":\"EntryPoint\",\"urlTemplate\":\"https:\/\/www.danby.com\/fr\/?s={search_term_string}\"},\"query-input\":{\"@type\":\"PropertyValueSpecification\",\"valueRequired\":true,\"valueName\":\"search_term_string\"}}],\"inLanguage\":\"fr-CA\"},{\"@type\":\"Organization\",\"name\":\"Danby Appliances\",\"url\":\"https:\/\/www.danby.com\/fr\/\",\"logo\":{\"@type\":\"ImageObject\",\"inLanguage\":\"fr-CA\",\"url\":\"https:\/\/cdnweb.danby.com\/wp-content\/uploads\/sites\/2\/2022\/02\/10141906\/Danby75Ans_Blue.png\",\"contentUrl\":\"https:\/\/cdnweb.danby.com\/wp-content\/uploads\/sites\/2\/2022\/02\/10141906\/Danby75Ans_Blue.png\",\"width\":470,\"height\":110,\"caption\":\"Danby Appliances\"},\"image\":[],\"sameAs\":[\"https:\/\/www.facebook.com\/DanbyAppliances\",\"https:\/\/x.com\/DanbyAppliance\",\"https:\/\/instagram.com\/danbyappliances\/\",\"https:\/\/www.linkedin.com\/company\/danbyappliances\",\"https:\/\/www.pinterest.ca\/danbyappliances\/\",\"https:\/\/www.youtube.com\/user\/DanbyProducts\",\"https:\/\/en.wikipedia.org\/wiki\/Danby_(appliances)\"]}]}<\/script>\n<!-- \/ Yoast SEO plugin. -->","yoast_head_json":{"title":"Danby R\u00e9frig\u00e9rateur \u00e0 montage par le haut de 11 pi3 pour appartement en blanc - DFF116B2WDBR | Danby Canada","description":"Cet \u00e9l\u00e9gant r\u00e9frig\u00e9rateur de taille moyenne est id\u00e9al pour les appartements, les chalets, les bureaux et les bars, car il offre un grand espace de rangement tout en occupant un minimum d'espace. L'appareil offre 11,6 pieds cubes (328 litres) d'espace de refroidissement total avec un r\u00e9frig\u00e9rateur g\u00e9n\u00e9reux de 8,4 pieds cubes et une section cong\u00e9lateur de 3,2 pieds cubes. Cet appareil fonctionne en douceur et en silence gr\u00e2ce \u00e0 un thermostat m\u00e9canique pr\u00e9cis et \u00e0 un syst\u00e8me de fonctionnement sans givre. Il offre beaucoup d'espace de rangement pour les grandes bouteilles ainsi qu'un bac \u00e0 l\u00e9gumes en cristal recouvert de verre pour vos l\u00e9gumes pr\u00e9f\u00e9r\u00e9s. L'espace de rangement maximal est facilement cr\u00e9\u00e9 gr\u00e2ce aux trois \u00e9tag\u00e8res m\u00e9talliques r\u00e9glables du r\u00e9frig\u00e9rateur et aux \u00e9tag\u00e8res de porte int\u00e9gr\u00e9es. L'appareil est dot\u00e9 d'une poign\u00e9e int\u00e9gr\u00e9e attrayante et d'une charni\u00e8re de porte r\u00e9versible qui vous permet d'ouvrir le r\u00e9frig\u00e9rateur du c\u00f4t\u00e9 gauche ou du c\u00f4t\u00e9 droit, selon vos pr\u00e9f\u00e9rences et vos besoins. Cet \u00e9l\u00e9gant appareil est \u00e9galement dot\u00e9 d'un plan de travail r\u00e9sistant aux rayures et facile \u00e0 nettoyer, ainsi que d'un \u00e9clairage int\u00e9rieur lumineux dans le compartiment r\u00e9frig\u00e9rateur. L'appareil b\u00e9n\u00e9ficie d'une garantie de 12 mois sur les pi\u00e8ces et la main-d'\u0153uvre avec un service \u00e0 domicile.","robots":{"index":"index","follow":"follow","max-snippet":"max-snippet:-1","max-image-preview":"max-image-preview:large","max-video-preview":"max-video-preview:-1"},"canonical":"https:\/\/www.danby.com\/fr\/products\/refrigerateurs-pour-petites-surfaces\/dff116b2wdbr\/","og_locale":"fr_CA","og_type":"article","og_title":"Danby R\u00e9frig\u00e9rateur \u00e0 montage par le haut de 11 pi3 pour appartement en blanc - DFF116B2WDBR | Danby Canada","og_description":"Cet \u00e9l\u00e9gant r\u00e9frig\u00e9rateur de taille moyenne est id\u00e9al pour les appartements, les chalets, les bureaux et les bars, car il offre un grand espace de rangement tout en occupant un minimum d'espace. L'appareil offre 11,6 pieds cubes (328 litres) d'espace de refroidissement total avec un r\u00e9frig\u00e9rateur g\u00e9n\u00e9reux de 8,4 pieds cubes et une section cong\u00e9lateur de 3,2 pieds cubes. Cet appareil fonctionne en douceur et en silence gr\u00e2ce \u00e0 un thermostat m\u00e9canique pr\u00e9cis et \u00e0 un syst\u00e8me de fonctionnement sans givre. Il offre beaucoup d'espace de rangement pour les grandes bouteilles ainsi qu'un bac \u00e0 l\u00e9gumes en cristal recouvert de verre pour vos l\u00e9gumes pr\u00e9f\u00e9r\u00e9s. L'espace de rangement maximal est facilement cr\u00e9\u00e9 gr\u00e2ce aux trois \u00e9tag\u00e8res m\u00e9talliques r\u00e9glables du r\u00e9frig\u00e9rateur et aux \u00e9tag\u00e8res de porte int\u00e9gr\u00e9es. L'appareil est dot\u00e9 d'une poign\u00e9e int\u00e9gr\u00e9e attrayante et d'une charni\u00e8re de porte r\u00e9versible qui vous permet d'ouvrir le r\u00e9frig\u00e9rateur du c\u00f4t\u00e9 gauche ou du c\u00f4t\u00e9 droit, selon vos pr\u00e9f\u00e9rences et vos besoins. Cet \u00e9l\u00e9gant appareil est \u00e9galement dot\u00e9 d'un plan de travail r\u00e9sistant aux rayures et facile \u00e0 nettoyer, ainsi que d'un \u00e9clairage int\u00e9rieur lumineux dans le compartiment r\u00e9frig\u00e9rateur. L'appareil b\u00e9n\u00e9ficie d'une garantie de 12 mois sur les pi\u00e8ces et la main-d'\u0153uvre avec un service \u00e0 domicile.","og_url":"https:\/\/www.danby.com\/fr\/products\/refrigerateurs-pour-petites-surfaces\/dff116b2wdbr\/","og_site_name":"Danby - Canada - French","article_publisher":"https:\/\/www.facebook.com\/DanbyAppliances","article_modified_time":"2026-04-09T10:07:12+00:00","og_image":[{"width":1125,"height":1500,"url":"https:\/\/cdnweb.danby.com\/wp-content\/uploads\/sites\/2\/2024\/10\/08115148\/DFF116B2WDBR_Thumbnail_MEES.jpg","type":"image\/jpeg"}],"twitter_card":"summary_large_image","twitter_site":"@DanbyAppliance","twitter_misc":{"Estimation du temps de lecture":"1 minute"},"schema":{"@context":"https:\/\/schema.org","@graph":[{"@type":["WebPage","ItemPage"],"url":"https:\/\/www.danby.com\/fr\/products\/refrigerateurs-pour-petites-surfaces\/dff116b2wdbr\/","name":"Danby R\u00e9frig\u00e9rateur \u00e0 montage par le haut de 11 pi3 pour appartement en blanc - DFF116B2WDBR | Danby Canada","isPartOf":[],"primaryImageOfPage":[],"image":[],"thumbnailUrl":"https:\/\/www.danby.com\/fr\/wp-content\/uploads\/sites\/2\/2025\/12\/dff116b2wdbr-front.jpg","datePublished":"2022-02-03T19:17:47+00:00","dateModified":"2026-04-09T10:07:12+00:00","description":"Cet \u00e9l\u00e9gant r\u00e9frig\u00e9rateur de taille moyenne est id\u00e9al pour les appartements, les chalets, les bureaux et les bars, car il offre un grand espace de rangement tout en occupant un minimum d'espace. L'appareil offre 11,6 pieds cubes (328 litres) d'espace de refroidissement total avec un r\u00e9frig\u00e9rateur g\u00e9n\u00e9reux de 8,4 pieds cubes et une section cong\u00e9lateur de 3,2 pieds cubes. Cet appareil fonctionne en douceur et en silence gr\u00e2ce \u00e0 un thermostat m\u00e9canique pr\u00e9cis et \u00e0 un syst\u00e8me de fonctionnement sans givre. Il offre beaucoup d'espace de rangement pour les grandes bouteilles ainsi qu'un bac \u00e0 l\u00e9gumes en cristal recouvert de verre pour vos l\u00e9gumes pr\u00e9f\u00e9r\u00e9s. L'espace de rangement maximal est facilement cr\u00e9\u00e9 gr\u00e2ce aux trois \u00e9tag\u00e8res m\u00e9talliques r\u00e9glables du r\u00e9frig\u00e9rateur et aux \u00e9tag\u00e8res de porte int\u00e9gr\u00e9es. L'appareil est dot\u00e9 d'une poign\u00e9e int\u00e9gr\u00e9e attrayante et d'une charni\u00e8re de porte r\u00e9versible qui vous permet d'ouvrir le r\u00e9frig\u00e9rateur du c\u00f4t\u00e9 gauche ou du c\u00f4t\u00e9 droit, selon vos pr\u00e9f\u00e9rences et vos besoins. Cet \u00e9l\u00e9gant appareil est \u00e9galement dot\u00e9 d'un plan de travail r\u00e9sistant aux rayures et facile \u00e0 nettoyer, ainsi que d'un \u00e9clairage int\u00e9rieur lumineux dans le compartiment r\u00e9frig\u00e9rateur. L'appareil b\u00e9n\u00e9ficie d'une garantie de 12 mois sur les pi\u00e8ces et la main-d'\u0153uvre avec un service \u00e0 domicile.","breadcrumb":[],"inLanguage":"fr-CA","potentialAction":[{"@type":"ReadAction","target":["https:\/\/www.danby.com\/fr\/products\/refrigerateurs-pour-petites-surfaces\/dff116b2wdbr\/"]}]},{"@type":"ImageObject","inLanguage":"fr-CA","url":"https:\/\/www.danby.com\/fr\/wp-content\/uploads\/sites\/2\/2025\/12\/dff116b2wdbr-front.jpg","contentUrl":"https:\/\/www.danby.com\/fr\/wp-content\/uploads\/sites\/2\/2025\/12\/dff116b2wdbr-front.jpg","width":810,"height":1080},{"@type":"BreadcrumbList","itemListElement":[{"@type":"ListItem","position":1,"name":"Home","item":"https:\/\/www.danby.com\/fr\/"},{"@type":"ListItem","position":2,"name":"Boutique","item":"https:\/\/www.danby.com\/fr\/boutique\/"},{"@type":"ListItem","position":3,"name":"Danby R\u00e9frig\u00e9rateur \u00e0 montage par le haut de 11 pi3 pour appartement en blanc"}]},{"@type":"WebSite","url":"https:\/\/www.danby.com\/fr\/","name":"Danby - Canada - French","description":"Leader dans le domaine de la r\u00e9frig\u00e9ration et des appareils sp\u00e9cialis\u00e9s","publisher":[],"potentialAction":[{"@type":"SearchAction","target":{"@type":"EntryPoint","urlTemplate":"https:\/\/www.danby.com\/fr\/?s={search_term_string}"},"query-input":{"@type":"PropertyValueSpecification","valueRequired":true,"valueName":"search_term_string"}}],"inLanguage":"fr-CA"},{"@type":"Organization","name":"Danby Appliances","url":"https:\/\/www.danby.com\/fr\/","logo":{"@type":"ImageObject","inLanguage":"fr-CA","url":"https:\/\/cdnweb.danby.com\/wp-content\/uploads\/sites\/2\/2022\/02\/10141906\/Danby75Ans_Blue.png","contentUrl":"https:\/\/cdnweb.danby.com\/wp-content\/uploads\/sites\/2\/2022\/02\/10141906\/Danby75Ans_Blue.png","width":470,"height":110,"caption":"Danby Appliances"},"image":[],"sameAs":["https:\/\/www.facebook.com\/DanbyAppliances","https:\/\/x.com\/DanbyAppliance","https:\/\/instagram.com\/danbyappliances\/","https:\/\/www.linkedin.com\/company\/danbyappliances","https:\/\/www.pinterest.ca\/danbyappliances\/","https:\/\/www.youtube.com\/user\/DanbyProducts","https:\/\/en.wikipedia.org\/wiki\/Danby_(appliances)"]}]}},"post_mailing_queue_ids":[],"_links":{"self":[{"href":"https:\/\/www.danby.com\/fr\/wp-json\/wp\/v2\/product\/4964","targetHints":{"allow":["GET"]}}],"collection":[{"href":"https:\/\/www.danby.com\/fr\/wp-json\/wp\/v2\/product"}],"about":[{"href":"https:\/\/www.danby.com\/fr\/wp-json\/wp\/v2\/types\/product"}],"replies":[{"embeddable":true,"href":"https:\/\/www.danby.com\/fr\/wp-json\/wp\/v2\/comments?post=4964"}],"wp:featuredmedia":[{"embeddable":true,"href":"https:\/\/www.danby.com\/fr\/wp-json\/wp\/v2\/media\/37728"}],"wp:attachment":[{"href":"https:\/\/www.danby.com\/fr\/wp-json\/wp\/v2\/media?parent=4964"}],"wp:term":[{"taxonomy":"product_brand","embeddable":true,"href":"https:\/\/www.danby.com\/fr\/wp-json\/wp\/v2\/product_brand?post=4964"},{"taxonomy":"product_cat","embeddable":true,"href":"https:\/\/www.danby.com\/fr\/wp-json\/wp\/v2\/product_cat?post=4964"},{"taxonomy":"product_tag","embeddable":true,"href":"https:\/\/www.danby.com\/fr\/wp-json\/wp\/v2\/product_tag?post=4964"}],"curies":[{"name":"wp","href":"https:\/\/api.w.org\/{rel}","templated":true}]}}