{"id":4954,"date":"2022-02-03T19:17:47","date_gmt":"2022-02-03T19:17:47","guid":{"rendered":"https:\/\/www.danby.com\/fr\/product\/dff101b1wdb\/"},"modified":"2026-04-17T10:03:44","modified_gmt":"2026-04-17T10:03:44","slug":"dff101b1wdb","status":"publish","type":"product","link":"https:\/\/www.danby.com\/fr\/products\/refrigerateurs-pour-petites-surfaces\/dff101b1wdb\/","title":{"rendered":"Danby R\u00e9frig\u00e9rateur d&#8217;appartement \u00e0 montage par le haut de 10,1 pi3 en blanc"},"content":{"rendered":"","protected":false},"excerpt":{"rendered":"<ul>\n<li>R\u00e9frig\u00e9rateur d&#8217;appartement de 10,1 pi3 avec capacit\u00e9 de cong\u00e9lation : parfait pour les appartements, les bureaux et les petits espaces de vie.<\/li>\n<li>Fonctionnement sans givre : Profitez d&#8217;une utilisation sans entretien, cet appareil d\u00e9givre automatiquement afin d&#8217;\u00e9viter l&#8217;accumulation de glace.<\/li>\n<li>Nombreux rangements : 2,5 tablettes en verre r\u00e9glables et 5 tablettes de porte, y compris pour les grandes bouteilles.<\/li>\n<li>Ajustement sans soudure : Porte r\u00e9versible pour une ouverture \u00e0 gauche ou \u00e0 droite. Ouverture sans poign\u00e9e avec charni\u00e8re cach\u00e9e.<\/li>\n<li>Un look \u00e9pur\u00e9 : un bac \u00e0 l\u00e9gumes transparent et un \u00e9clairage int\u00e9rieur \u00e0 LED.<\/li>\n<li>Design intelligent : Moderne, sans bavure, tout en noir.<\/li>\n<li>Flux d&#8217;air contr\u00f4l\u00e9 : L&#8217;int\u00e9rieur sp\u00e9cialement con\u00e7u permet une circulation d&#8217;air contr\u00f4l\u00e9e sans perte d&#8217;espace ou de capacit\u00e9 de stockage. Une meilleure circulation de l&#8217;air signifie une plus longue dur\u00e9e de conservation pour tous vos produits alimentaires.<\/li>\n<\/ul>\n","protected":false},"featured_media":37703,"comment_status":"closed","ping_status":"open","template":"","meta":{"_acf_changed":false},"product_brand":[],"product_cat":[20],"product_tag":[],"class_list":{"0":"post-4954","1":"product","2":"type-product","3":"status-publish","4":"has-post-thumbnail","6":"product_cat-refrigerateurs-pour-petites-surfaces","8":"first","9":"instock","10":"taxable","11":"shipping-taxable","12":"purchasable","13":"product-type-simple"},"acf":[],"yoast_head":"<!-- This site is optimized with the Yoast SEO plugin v26.7 - https:\/\/yoast.com\/wordpress\/plugins\/seo\/ -->\n<title>Danby R\u00e9frig\u00e9rateur d&#039;appartement \u00e0 montage par le haut de 10,1 pi3 en blanc - DFF101B1WDB | Danby Canada<\/title>\n<meta name=\"description\" content=\"Parfait pour les appartements, les bureaux et les petits espaces de vie, ce r\u00e9frig\u00e9rateur \u00e9l\u00e9gant offre 290 litres (10,1 pi3) d&#039;espace de rangement. Son ext\u00e9rieur est sans bavure et moderne avec son coloris blanc vif, son ouverture sans poign\u00e9e et sa porte r\u00e9versible \u00e0 gauche et \u00e0 droite. L&#039;int\u00e9rieur est \u00e9clair\u00e9 par un \u00e9clairage LED qui facilite l&#039;organisation des 2,5 \u00e9tag\u00e8res en verre r\u00e9glables, des 2 bacs \u00e0 l\u00e9gumes transparents et des 5 \u00e9tag\u00e8res de porte, avec un rangement pour les grandes bouteilles. Profitez d&#039;une utilisation sans entretien gr\u00e2ce au d\u00e9givrage automatique et au flux d&#039;air contr\u00f4l\u00e9, con\u00e7us pour prolonger la dur\u00e9e de conservation de vos produits d&#039;\u00e9picerie ! Ce Danby est couvert par une garantie de 12 mois sur les pi\u00e8ces et la main-d&#039;\u0153uvre.\" \/>\n<meta name=\"robots\" content=\"index, follow, max-snippet:-1, max-image-preview:large, max-video-preview:-1\" \/>\n<link rel=\"canonical\" href=\"https:\/\/www.danby.com\/fr\/products\/refrigerateurs-pour-petites-surfaces\/dff101b1wdb\/\" \/>\n<meta property=\"og:locale\" content=\"fr_CA\" \/>\n<meta property=\"og:type\" content=\"article\" \/>\n<meta property=\"og:title\" content=\"Danby R\u00e9frig\u00e9rateur d&#039;appartement \u00e0 montage par le haut de 10,1 pi3 en blanc - DFF101B1WDB | Danby Canada\" \/>\n<meta property=\"og:description\" content=\"Parfait pour les appartements, les bureaux et les petits espaces de vie, ce r\u00e9frig\u00e9rateur \u00e9l\u00e9gant offre 290 litres (10,1 pi3) d&#039;espace de rangement. Son ext\u00e9rieur est sans bavure et moderne avec son coloris blanc vif, son ouverture sans poign\u00e9e et sa porte r\u00e9versible \u00e0 gauche et \u00e0 droite. L&#039;int\u00e9rieur est \u00e9clair\u00e9 par un \u00e9clairage LED qui facilite l&#039;organisation des 2,5 \u00e9tag\u00e8res en verre r\u00e9glables, des 2 bacs \u00e0 l\u00e9gumes transparents et des 5 \u00e9tag\u00e8res de porte, avec un rangement pour les grandes bouteilles. Profitez d&#039;une utilisation sans entretien gr\u00e2ce au d\u00e9givrage automatique et au flux d&#039;air contr\u00f4l\u00e9, con\u00e7us pour prolonger la dur\u00e9e de conservation de vos produits d&#039;\u00e9picerie ! Ce Danby est couvert par une garantie de 12 mois sur les pi\u00e8ces et la main-d&#039;\u0153uvre.\" \/>\n<meta property=\"og:url\" content=\"https:\/\/www.danby.com\/fr\/products\/refrigerateurs-pour-petites-surfaces\/dff101b1wdb\/\" \/>\n<meta property=\"og:site_name\" content=\"Danby - Canada - French\" \/>\n<meta property=\"article:publisher\" content=\"https:\/\/www.facebook.com\/DanbyAppliances\" \/>\n<meta property=\"article:modified_time\" content=\"2026-04-17T10:03:44+00:00\" \/>\n<meta property=\"og:image\" content=\"https:\/\/cdnweb.danby.com\/wp-content\/uploads\/sites\/2\/2023\/04\/28180931\/DFF100B1WDB_FrontClosed-scaled.jpg\" \/>\n\t<meta property=\"og:image:width\" content=\"1396\" \/>\n\t<meta property=\"og:image:height\" content=\"2560\" \/>\n\t<meta property=\"og:image:type\" content=\"image\/jpeg\" \/>\n<meta name=\"twitter:card\" content=\"summary_large_image\" \/>\n<meta name=\"twitter:site\" content=\"@DanbyAppliance\" \/>\n<script type=\"application\/ld+json\" class=\"yoast-schema-graph\">{\"@context\":\"https:\/\/schema.org\",\"@graph\":[{\"@type\":[\"WebPage\",\"ItemPage\"],\"url\":\"https:\/\/www.danby.com\/fr\/products\/refrigerateurs-pour-petites-surfaces\/dff101b1wdb\/\",\"name\":\"Danby R\u00e9frig\u00e9rateur d'appartement \u00e0 montage par le haut de 10,1 pi3 en blanc - DFF101B1WDB | Danby Canada\",\"isPartOf\":[],\"primaryImageOfPage\":[],\"image\":[],\"thumbnailUrl\":\"https:\/\/www.danby.com\/fr\/wp-content\/uploads\/sites\/2\/2025\/12\/dff100b1wdb-front-closed.jpg\",\"datePublished\":\"2022-02-03T19:17:47+00:00\",\"dateModified\":\"2026-04-17T10:03:44+00:00\",\"description\":\"Parfait pour les appartements, les bureaux et les petits espaces de vie, ce r\u00e9frig\u00e9rateur \u00e9l\u00e9gant offre 290 litres (10,1 pi3) d'espace de rangement. Son ext\u00e9rieur est sans bavure et moderne avec son coloris blanc vif, son ouverture sans poign\u00e9e et sa porte r\u00e9versible \u00e0 gauche et \u00e0 droite. L'int\u00e9rieur est \u00e9clair\u00e9 par un \u00e9clairage LED qui facilite l'organisation des 2,5 \u00e9tag\u00e8res en verre r\u00e9glables, des 2 bacs \u00e0 l\u00e9gumes transparents et des 5 \u00e9tag\u00e8res de porte, avec un rangement pour les grandes bouteilles. Profitez d'une utilisation sans entretien gr\u00e2ce au d\u00e9givrage automatique et au flux d'air contr\u00f4l\u00e9, con\u00e7us pour prolonger la dur\u00e9e de conservation de vos produits d'\u00e9picerie ! Ce Danby est couvert par une garantie de 12 mois sur les pi\u00e8ces et la main-d'\u0153uvre.\",\"breadcrumb\":[],\"inLanguage\":\"fr-CA\",\"potentialAction\":[{\"@type\":\"ReadAction\",\"target\":[\"https:\/\/www.danby.com\/fr\/products\/refrigerateurs-pour-petites-surfaces\/dff101b1wdb\/\"]}]},{\"@type\":\"ImageObject\",\"inLanguage\":\"fr-CA\",\"url\":\"https:\/\/www.danby.com\/fr\/wp-content\/uploads\/sites\/2\/2025\/12\/dff100b1wdb-front-closed.jpg\",\"contentUrl\":\"https:\/\/www.danby.com\/fr\/wp-content\/uploads\/sites\/2\/2025\/12\/dff100b1wdb-front-closed.jpg\",\"width\":810,\"height\":1080},{\"@type\":\"BreadcrumbList\",\"itemListElement\":[{\"@type\":\"ListItem\",\"position\":1,\"name\":\"Home\",\"item\":\"https:\/\/www.danby.com\/fr\/\"},{\"@type\":\"ListItem\",\"position\":2,\"name\":\"Boutique\",\"item\":\"https:\/\/www.danby.com\/fr\/boutique\/\"},{\"@type\":\"ListItem\",\"position\":3,\"name\":\"Danby R\u00e9frig\u00e9rateur d&#8217;appartement \u00e0 montage par le haut de 10,1 pi3 en blanc\"}]},{\"@type\":\"WebSite\",\"url\":\"https:\/\/www.danby.com\/fr\/\",\"name\":\"Danby - Canada - French\",\"description\":\"Leader dans le domaine de la r\u00e9frig\u00e9ration et des appareils sp\u00e9cialis\u00e9s\",\"publisher\":[],\"potentialAction\":[{\"@type\":\"SearchAction\",\"target\":{\"@type\":\"EntryPoint\",\"urlTemplate\":\"https:\/\/www.danby.com\/fr\/?s={search_term_string}\"},\"query-input\":{\"@type\":\"PropertyValueSpecification\",\"valueRequired\":true,\"valueName\":\"search_term_string\"}}],\"inLanguage\":\"fr-CA\"},{\"@type\":\"Organization\",\"name\":\"Danby Appliances\",\"url\":\"https:\/\/www.danby.com\/fr\/\",\"logo\":{\"@type\":\"ImageObject\",\"inLanguage\":\"fr-CA\",\"url\":\"https:\/\/cdnweb.danby.com\/wp-content\/uploads\/sites\/2\/2022\/02\/10141906\/Danby75Ans_Blue.png\",\"contentUrl\":\"https:\/\/cdnweb.danby.com\/wp-content\/uploads\/sites\/2\/2022\/02\/10141906\/Danby75Ans_Blue.png\",\"width\":470,\"height\":110,\"caption\":\"Danby Appliances\"},\"image\":[],\"sameAs\":[\"https:\/\/www.facebook.com\/DanbyAppliances\",\"https:\/\/x.com\/DanbyAppliance\",\"https:\/\/instagram.com\/danbyappliances\/\",\"https:\/\/www.linkedin.com\/company\/danbyappliances\",\"https:\/\/www.pinterest.ca\/danbyappliances\/\",\"https:\/\/www.youtube.com\/user\/DanbyProducts\",\"https:\/\/en.wikipedia.org\/wiki\/Danby_(appliances)\"]}]}<\/script>\n<!-- \/ Yoast SEO plugin. -->","yoast_head_json":{"title":"Danby R\u00e9frig\u00e9rateur d'appartement \u00e0 montage par le haut de 10,1 pi3 en blanc - DFF101B1WDB | Danby Canada","description":"Parfait pour les appartements, les bureaux et les petits espaces de vie, ce r\u00e9frig\u00e9rateur \u00e9l\u00e9gant offre 290 litres (10,1 pi3) d'espace de rangement. Son ext\u00e9rieur est sans bavure et moderne avec son coloris blanc vif, son ouverture sans poign\u00e9e et sa porte r\u00e9versible \u00e0 gauche et \u00e0 droite. L'int\u00e9rieur est \u00e9clair\u00e9 par un \u00e9clairage LED qui facilite l'organisation des 2,5 \u00e9tag\u00e8res en verre r\u00e9glables, des 2 bacs \u00e0 l\u00e9gumes transparents et des 5 \u00e9tag\u00e8res de porte, avec un rangement pour les grandes bouteilles. Profitez d'une utilisation sans entretien gr\u00e2ce au d\u00e9givrage automatique et au flux d'air contr\u00f4l\u00e9, con\u00e7us pour prolonger la dur\u00e9e de conservation de vos produits d'\u00e9picerie ! Ce Danby est couvert par une garantie de 12 mois sur les pi\u00e8ces et la main-d'\u0153uvre.","robots":{"index":"index","follow":"follow","max-snippet":"max-snippet:-1","max-image-preview":"max-image-preview:large","max-video-preview":"max-video-preview:-1"},"canonical":"https:\/\/www.danby.com\/fr\/products\/refrigerateurs-pour-petites-surfaces\/dff101b1wdb\/","og_locale":"fr_CA","og_type":"article","og_title":"Danby R\u00e9frig\u00e9rateur d'appartement \u00e0 montage par le haut de 10,1 pi3 en blanc - DFF101B1WDB | Danby Canada","og_description":"Parfait pour les appartements, les bureaux et les petits espaces de vie, ce r\u00e9frig\u00e9rateur \u00e9l\u00e9gant offre 290 litres (10,1 pi3) d'espace de rangement. Son ext\u00e9rieur est sans bavure et moderne avec son coloris blanc vif, son ouverture sans poign\u00e9e et sa porte r\u00e9versible \u00e0 gauche et \u00e0 droite. L'int\u00e9rieur est \u00e9clair\u00e9 par un \u00e9clairage LED qui facilite l'organisation des 2,5 \u00e9tag\u00e8res en verre r\u00e9glables, des 2 bacs \u00e0 l\u00e9gumes transparents et des 5 \u00e9tag\u00e8res de porte, avec un rangement pour les grandes bouteilles. Profitez d'une utilisation sans entretien gr\u00e2ce au d\u00e9givrage automatique et au flux d'air contr\u00f4l\u00e9, con\u00e7us pour prolonger la dur\u00e9e de conservation de vos produits d'\u00e9picerie ! Ce Danby est couvert par une garantie de 12 mois sur les pi\u00e8ces et la main-d'\u0153uvre.","og_url":"https:\/\/www.danby.com\/fr\/products\/refrigerateurs-pour-petites-surfaces\/dff101b1wdb\/","og_site_name":"Danby - Canada - French","article_publisher":"https:\/\/www.facebook.com\/DanbyAppliances","article_modified_time":"2026-04-17T10:03:44+00:00","og_image":[{"width":1396,"height":2560,"url":"https:\/\/cdnweb.danby.com\/wp-content\/uploads\/sites\/2\/2023\/04\/28180931\/DFF100B1WDB_FrontClosed-scaled.jpg","type":"image\/jpeg"}],"twitter_card":"summary_large_image","twitter_site":"@DanbyAppliance","schema":{"@context":"https:\/\/schema.org","@graph":[{"@type":["WebPage","ItemPage"],"url":"https:\/\/www.danby.com\/fr\/products\/refrigerateurs-pour-petites-surfaces\/dff101b1wdb\/","name":"Danby R\u00e9frig\u00e9rateur d'appartement \u00e0 montage par le haut de 10,1 pi3 en blanc - DFF101B1WDB | Danby Canada","isPartOf":[],"primaryImageOfPage":[],"image":[],"thumbnailUrl":"https:\/\/www.danby.com\/fr\/wp-content\/uploads\/sites\/2\/2025\/12\/dff100b1wdb-front-closed.jpg","datePublished":"2022-02-03T19:17:47+00:00","dateModified":"2026-04-17T10:03:44+00:00","description":"Parfait pour les appartements, les bureaux et les petits espaces de vie, ce r\u00e9frig\u00e9rateur \u00e9l\u00e9gant offre 290 litres (10,1 pi3) d'espace de rangement. Son ext\u00e9rieur est sans bavure et moderne avec son coloris blanc vif, son ouverture sans poign\u00e9e et sa porte r\u00e9versible \u00e0 gauche et \u00e0 droite. L'int\u00e9rieur est \u00e9clair\u00e9 par un \u00e9clairage LED qui facilite l'organisation des 2,5 \u00e9tag\u00e8res en verre r\u00e9glables, des 2 bacs \u00e0 l\u00e9gumes transparents et des 5 \u00e9tag\u00e8res de porte, avec un rangement pour les grandes bouteilles. Profitez d'une utilisation sans entretien gr\u00e2ce au d\u00e9givrage automatique et au flux d'air contr\u00f4l\u00e9, con\u00e7us pour prolonger la dur\u00e9e de conservation de vos produits d'\u00e9picerie ! Ce Danby est couvert par une garantie de 12 mois sur les pi\u00e8ces et la main-d'\u0153uvre.","breadcrumb":[],"inLanguage":"fr-CA","potentialAction":[{"@type":"ReadAction","target":["https:\/\/www.danby.com\/fr\/products\/refrigerateurs-pour-petites-surfaces\/dff101b1wdb\/"]}]},{"@type":"ImageObject","inLanguage":"fr-CA","url":"https:\/\/www.danby.com\/fr\/wp-content\/uploads\/sites\/2\/2025\/12\/dff100b1wdb-front-closed.jpg","contentUrl":"https:\/\/www.danby.com\/fr\/wp-content\/uploads\/sites\/2\/2025\/12\/dff100b1wdb-front-closed.jpg","width":810,"height":1080},{"@type":"BreadcrumbList","itemListElement":[{"@type":"ListItem","position":1,"name":"Home","item":"https:\/\/www.danby.com\/fr\/"},{"@type":"ListItem","position":2,"name":"Boutique","item":"https:\/\/www.danby.com\/fr\/boutique\/"},{"@type":"ListItem","position":3,"name":"Danby R\u00e9frig\u00e9rateur d&#8217;appartement \u00e0 montage par le haut de 10,1 pi3 en blanc"}]},{"@type":"WebSite","url":"https:\/\/www.danby.com\/fr\/","name":"Danby - Canada - French","description":"Leader dans le domaine de la r\u00e9frig\u00e9ration et des appareils sp\u00e9cialis\u00e9s","publisher":[],"potentialAction":[{"@type":"SearchAction","target":{"@type":"EntryPoint","urlTemplate":"https:\/\/www.danby.com\/fr\/?s={search_term_string}"},"query-input":{"@type":"PropertyValueSpecification","valueRequired":true,"valueName":"search_term_string"}}],"inLanguage":"fr-CA"},{"@type":"Organization","name":"Danby Appliances","url":"https:\/\/www.danby.com\/fr\/","logo":{"@type":"ImageObject","inLanguage":"fr-CA","url":"https:\/\/cdnweb.danby.com\/wp-content\/uploads\/sites\/2\/2022\/02\/10141906\/Danby75Ans_Blue.png","contentUrl":"https:\/\/cdnweb.danby.com\/wp-content\/uploads\/sites\/2\/2022\/02\/10141906\/Danby75Ans_Blue.png","width":470,"height":110,"caption":"Danby Appliances"},"image":[],"sameAs":["https:\/\/www.facebook.com\/DanbyAppliances","https:\/\/x.com\/DanbyAppliance","https:\/\/instagram.com\/danbyappliances\/","https:\/\/www.linkedin.com\/company\/danbyappliances","https:\/\/www.pinterest.ca\/danbyappliances\/","https:\/\/www.youtube.com\/user\/DanbyProducts","https:\/\/en.wikipedia.org\/wiki\/Danby_(appliances)"]}]}},"post_mailing_queue_ids":[],"_links":{"self":[{"href":"https:\/\/www.danby.com\/fr\/wp-json\/wp\/v2\/product\/4954","targetHints":{"allow":["GET"]}}],"collection":[{"href":"https:\/\/www.danby.com\/fr\/wp-json\/wp\/v2\/product"}],"about":[{"href":"https:\/\/www.danby.com\/fr\/wp-json\/wp\/v2\/types\/product"}],"replies":[{"embeddable":true,"href":"https:\/\/www.danby.com\/fr\/wp-json\/wp\/v2\/comments?post=4954"}],"wp:featuredmedia":[{"embeddable":true,"href":"https:\/\/www.danby.com\/fr\/wp-json\/wp\/v2\/media\/37703"}],"wp:attachment":[{"href":"https:\/\/www.danby.com\/fr\/wp-json\/wp\/v2\/media?parent=4954"}],"wp:term":[{"taxonomy":"product_brand","embeddable":true,"href":"https:\/\/www.danby.com\/fr\/wp-json\/wp\/v2\/product_brand?post=4954"},{"taxonomy":"product_cat","embeddable":true,"href":"https:\/\/www.danby.com\/fr\/wp-json\/wp\/v2\/product_cat?post=4954"},{"taxonomy":"product_tag","embeddable":true,"href":"https:\/\/www.danby.com\/fr\/wp-json\/wp\/v2\/product_tag?post=4954"}],"curies":[{"name":"wp","href":"https:\/\/api.w.org\/{rel}","templated":true}]}}