{"id":4945,"date":"2022-02-03T19:17:32","date_gmt":"2022-02-03T19:17:32","guid":{"rendered":"https:\/\/www.danby.com\/fr\/product\/dff100a2bsldb\/"},"modified":"2026-04-30T10:06:22","modified_gmt":"2026-04-30T10:06:22","slug":"dff100a2bsldb","status":"publish","type":"product","link":"https:\/\/www.danby.com\/fr\/products\/refrigerateurs-pour-petites-surfaces\/dff100a2bsldb\/","title":{"rendered":"Danby 10  pi3 R\u00e9frig\u00e9rateurs pour petites surface"},"content":{"rendered":"","protected":false},"excerpt":{"rendered":"<ul>\n<li>Capacit\u00e9 de 10 pi3.  r\u00e9glable\/amovible<\/li>\n<li>Cassette \u00e0 l\u00e9gumes avec couvercle en verre<\/li>\n<li>Charni\u00e8re de porte r\u00e9versible pour une ouverture \u00e0 gauche ou \u00e0 droite<\/li>\n<li>Dessin arri\u00e8re lisse<\/li>\n<li>Lumi\u00e8re int\u00e9rieure LED blanche<\/li>\n<li>Tiroir \u00e0 gla\u00e7ons inclus<\/li>\n<\/ul>\n","protected":false},"featured_media":6109,"comment_status":"closed","ping_status":"open","template":"","meta":{"_acf_changed":false},"product_brand":[],"product_cat":[20],"product_tag":[],"class_list":{"0":"post-4945","1":"product","2":"type-product","3":"status-publish","4":"has-post-thumbnail","6":"product_cat-refrigerateurs-pour-petites-surfaces","8":"first","9":"outofstock","10":"taxable","11":"shipping-taxable","12":"product-type-simple"},"acf":[],"yoast_head":"<!-- This site is optimized with the Yoast SEO plugin v27.5 - https:\/\/yoast.com\/product\/yoast-seo-wordpress\/ -->\n<title>Danby 10 pi3 R\u00e9frig\u00e9rateurs pour petites surface - DFF100A2BSLDB | Danby Canada<\/title>\n<meta name=\"description\" content=\"Ce r\u00e9frig\u00e9rateur d\u2019appartement Danby est in\u00e9galable au chapitre de la performance et de l\u2019allure. Cet appareil dispose d\u2019un g\u00e9n\u00e9reux espace de r\u00e9frig\u00e9ration de 282 litres (10 pieds cubes), ainsi que d\u2019une \u00e9l\u00e9gante conception qui s\u2019int\u00e8gre harmonieusement \u00e0 n\u2019importe quel d\u00e9cor existant. Le panneau arri\u00e8re lisse vous permet de l\u2019installer contre le mur et l\u2019appareil b\u00e9n\u00e9ficie d\u2019un syst\u00e8me d\u2019op\u00e9ration sans givre pratique. Ce mod\u00e8le est \u00e9quip\u00e9 de deux tablettes de verre amovibles et r\u00e9glables, ainsi que d\u2019une clayette amovible et r\u00e9glable dans le compartiment cong\u00e9lateur. Il comprend aussi un vaste bac \u00e0 l\u00e9gumes muni d\u2019un couvercle vitr\u00e9. L\u2019appareil peut \u00eatre ais\u00e9ment programm\u00e9, gr\u00e2ce aux commandes \u00e9lectroniques \u00e0 \u00e9cran d\u2019indication bleu et la pratique charni\u00e8re r\u00e9versible permet l\u2019ouverture de la porte du c\u00f4t\u00e9 gauche ou droit. Si vous pr\u00e9f\u00e9rez vos boissons servies sur gla\u00e7ons, l\u2019appareil est muni d\u2019un bac \u00e0 glace et l\u2019\u00e9clairage int\u00e9rieur, \u00e0 DEL d\u2019un blanc \u00e9clatant, procure une visibilit\u00e9 parfaite \u00e0 l\u2019int\u00e9rieur des compartiments r\u00e9frig\u00e9rateur et cong\u00e9lateur. Ce mod\u00e8le populaire est offert avec une garantie de 12 mois sur les pi\u00e8ces et la main d\u2019\u0153uvre, incluant le service \u00e0 domicile.\" \/>\n<meta name=\"robots\" content=\"index, follow, max-snippet:-1, max-image-preview:large, max-video-preview:-1\" \/>\n<link rel=\"canonical\" href=\"https:\/\/www.danby.com\/fr\/products\/refrigerateurs-pour-petites-surfaces\/dff100a2bsldb\/\" \/>\n<meta property=\"og:locale\" content=\"fr_CA\" \/>\n<meta property=\"og:type\" content=\"article\" \/>\n<meta property=\"og:title\" content=\"Danby 10 pi3 R\u00e9frig\u00e9rateurs pour petites surface - DFF100A2BSLDB | Danby Canada\" \/>\n<meta property=\"og:description\" content=\"Ce r\u00e9frig\u00e9rateur d\u2019appartement Danby est in\u00e9galable au chapitre de la performance et de l\u2019allure. Cet appareil dispose d\u2019un g\u00e9n\u00e9reux espace de r\u00e9frig\u00e9ration de 282 litres (10 pieds cubes), ainsi que d\u2019une \u00e9l\u00e9gante conception qui s\u2019int\u00e8gre harmonieusement \u00e0 n\u2019importe quel d\u00e9cor existant. Le panneau arri\u00e8re lisse vous permet de l\u2019installer contre le mur et l\u2019appareil b\u00e9n\u00e9ficie d\u2019un syst\u00e8me d\u2019op\u00e9ration sans givre pratique. Ce mod\u00e8le est \u00e9quip\u00e9 de deux tablettes de verre amovibles et r\u00e9glables, ainsi que d\u2019une clayette amovible et r\u00e9glable dans le compartiment cong\u00e9lateur. Il comprend aussi un vaste bac \u00e0 l\u00e9gumes muni d\u2019un couvercle vitr\u00e9. L\u2019appareil peut \u00eatre ais\u00e9ment programm\u00e9, gr\u00e2ce aux commandes \u00e9lectroniques \u00e0 \u00e9cran d\u2019indication bleu et la pratique charni\u00e8re r\u00e9versible permet l\u2019ouverture de la porte du c\u00f4t\u00e9 gauche ou droit. Si vous pr\u00e9f\u00e9rez vos boissons servies sur gla\u00e7ons, l\u2019appareil est muni d\u2019un bac \u00e0 glace et l\u2019\u00e9clairage int\u00e9rieur, \u00e0 DEL d\u2019un blanc \u00e9clatant, procure une visibilit\u00e9 parfaite \u00e0 l\u2019int\u00e9rieur des compartiments r\u00e9frig\u00e9rateur et cong\u00e9lateur. Ce mod\u00e8le populaire est offert avec une garantie de 12 mois sur les pi\u00e8ces et la main d\u2019\u0153uvre, incluant le service \u00e0 domicile.\" \/>\n<meta property=\"og:url\" content=\"https:\/\/www.danby.com\/fr\/products\/refrigerateurs-pour-petites-surfaces\/dff100a2bsldb\/\" \/>\n<meta property=\"og:site_name\" content=\"Danby - Canada - French\" \/>\n<meta property=\"article:publisher\" content=\"https:\/\/www.facebook.com\/DanbyAppliances\" \/>\n<meta property=\"article:modified_time\" content=\"2026-04-30T10:06:22+00:00\" \/>\n<meta property=\"og:image\" content=\"https:\/\/cdnweb.danby.com\/wp-content\/uploads\/sites\/2\/2022\/02\/08183017\/proMed-DFF100A1BSLD5.jpg\" \/>\n\t<meta property=\"og:image:width\" content=\"300\" \/>\n\t<meta property=\"og:image:height\" content=\"272\" \/>\n\t<meta property=\"og:image:type\" content=\"image\/jpeg\" \/>\n<meta name=\"twitter:card\" content=\"summary_large_image\" \/>\n<meta name=\"twitter:site\" content=\"@DanbyAppliance\" \/>\n<script type=\"application\/ld+json\" class=\"yoast-schema-graph\">{\"@context\":\"https:\\\/\\\/schema.org\",\"@graph\":[{\"@type\":[\"WebPage\",\"ItemPage\"],\"url\":\"https:\\\/\\\/www.danby.com\\\/fr\\\/products\\\/refrigerateurs-pour-petites-surfaces\\\/dff100a2bsldb\\\/\",\"name\":\"Danby 10 pi3 R\u00e9frig\u00e9rateurs pour petites surface - DFF100A2BSLDB | Danby Canada\",\"isPartOf\":[],\"primaryImageOfPage\":[],\"image\":[],\"thumbnailUrl\":\"https:\\\/\\\/cdnweb.danby.com\\\/wp-content\\\/uploads\\\/sites\\\/2\\\/2022\\\/02\\\/08183017\\\/proMed-DFF100A1BSLD5.jpg\",\"datePublished\":\"2022-02-03T19:17:32+00:00\",\"dateModified\":\"2026-04-30T10:06:22+00:00\",\"description\":\"Ce r\u00e9frig\u00e9rateur d\u2019appartement Danby est in\u00e9galable au chapitre de la performance et de l\u2019allure. Cet appareil dispose d\u2019un g\u00e9n\u00e9reux espace de r\u00e9frig\u00e9ration de 282 litres (10 pieds cubes), ainsi que d\u2019une \u00e9l\u00e9gante conception qui s\u2019int\u00e8gre harmonieusement \u00e0 n\u2019importe quel d\u00e9cor existant. Le panneau arri\u00e8re lisse vous permet de l\u2019installer contre le mur et l\u2019appareil b\u00e9n\u00e9ficie d\u2019un syst\u00e8me d\u2019op\u00e9ration sans givre pratique. Ce mod\u00e8le est \u00e9quip\u00e9 de deux tablettes de verre amovibles et r\u00e9glables, ainsi que d\u2019une clayette amovible et r\u00e9glable dans le compartiment cong\u00e9lateur. Il comprend aussi un vaste bac \u00e0 l\u00e9gumes muni d\u2019un couvercle vitr\u00e9. L\u2019appareil peut \u00eatre ais\u00e9ment programm\u00e9, gr\u00e2ce aux commandes \u00e9lectroniques \u00e0 \u00e9cran d\u2019indication bleu et la pratique charni\u00e8re r\u00e9versible permet l\u2019ouverture de la porte du c\u00f4t\u00e9 gauche ou droit. Si vous pr\u00e9f\u00e9rez vos boissons servies sur gla\u00e7ons, l\u2019appareil est muni d\u2019un bac \u00e0 glace et l\u2019\u00e9clairage int\u00e9rieur, \u00e0 DEL d\u2019un blanc \u00e9clatant, procure une visibilit\u00e9 parfaite \u00e0 l\u2019int\u00e9rieur des compartiments r\u00e9frig\u00e9rateur et cong\u00e9lateur. Ce mod\u00e8le populaire est offert avec une garantie de 12 mois sur les pi\u00e8ces et la main d\u2019\u0153uvre, incluant le service \u00e0 domicile.\",\"breadcrumb\":[],\"inLanguage\":\"fr-CA\",\"potentialAction\":[{\"@type\":\"ReadAction\",\"target\":[\"https:\\\/\\\/www.danby.com\\\/fr\\\/products\\\/refrigerateurs-pour-petites-surfaces\\\/dff100a2bsldb\\\/\"]}]},{\"@type\":\"ImageObject\",\"inLanguage\":\"fr-CA\",\"url\":\"https:\\\/\\\/cdnweb.danby.com\\\/wp-content\\\/uploads\\\/sites\\\/2\\\/2022\\\/02\\\/08183017\\\/proMed-DFF100A1BSLD5.jpg\",\"contentUrl\":\"https:\\\/\\\/cdnweb.danby.com\\\/wp-content\\\/uploads\\\/sites\\\/2\\\/2022\\\/02\\\/08183017\\\/proMed-DFF100A1BSLD5.jpg\",\"width\":300,\"height\":272},{\"@type\":\"BreadcrumbList\",\"itemListElement\":[{\"@type\":\"ListItem\",\"position\":1,\"name\":\"Home\",\"item\":\"https:\\\/\\\/www.danby.com\\\/fr\\\/\"},{\"@type\":\"ListItem\",\"position\":2,\"name\":\"Boutique\",\"item\":\"https:\\\/\\\/www.danby.com\\\/fr\\\/boutique\\\/\"},{\"@type\":\"ListItem\",\"position\":3,\"name\":\"Danby 10 pi3 R\u00e9frig\u00e9rateurs pour petites surface\"}]},{\"@type\":\"WebSite\",\"url\":\"https:\\\/\\\/www.danby.com\\\/fr\\\/\",\"name\":\"Danby - Canada - French\",\"description\":\"Leader dans le domaine de la r\u00e9frig\u00e9ration et des appareils sp\u00e9cialis\u00e9s\",\"publisher\":[],\"potentialAction\":[{\"@type\":\"SearchAction\",\"target\":{\"@type\":\"EntryPoint\",\"urlTemplate\":\"https:\\\/\\\/www.danby.com\\\/fr\\\/?s={search_term_string}\"},\"query-input\":{\"@type\":\"PropertyValueSpecification\",\"valueRequired\":true,\"valueName\":\"search_term_string\"}}],\"inLanguage\":\"fr-CA\"},{\"@type\":\"Organization\",\"name\":\"Danby Appliances\",\"url\":\"https:\\\/\\\/www.danby.com\\\/fr\\\/\",\"logo\":{\"@type\":\"ImageObject\",\"inLanguage\":\"fr-CA\",\"url\":\"https:\\\/\\\/cdnweb.danby.com\\\/wp-content\\\/uploads\\\/sites\\\/2\\\/2022\\\/02\\\/10141906\\\/Danby75Ans_Blue.png\",\"contentUrl\":\"https:\\\/\\\/cdnweb.danby.com\\\/wp-content\\\/uploads\\\/sites\\\/2\\\/2022\\\/02\\\/10141906\\\/Danby75Ans_Blue.png\",\"width\":470,\"height\":110,\"caption\":\"Danby Appliances\"},\"image\":[],\"sameAs\":[\"https:\\\/\\\/www.facebook.com\\\/DanbyAppliances\",\"https:\\\/\\\/x.com\\\/DanbyAppliance\",\"https:\\\/\\\/instagram.com\\\/danbyappliances\\\/\",\"https:\\\/\\\/www.linkedin.com\\\/company\\\/danbyappliances\",\"https:\\\/\\\/www.pinterest.ca\\\/danbyappliances\\\/\",\"https:\\\/\\\/www.youtube.com\\\/user\\\/DanbyProducts\",\"https:\\\/\\\/en.wikipedia.org\\\/wiki\\\/Danby_(appliances)\"]}]}<\/script>\n<!-- \/ Yoast SEO plugin. -->","yoast_head_json":{"title":"Danby 10 pi3 R\u00e9frig\u00e9rateurs pour petites surface - DFF100A2BSLDB | Danby Canada","description":"Ce r\u00e9frig\u00e9rateur d\u2019appartement Danby est in\u00e9galable au chapitre de la performance et de l\u2019allure. Cet appareil dispose d\u2019un g\u00e9n\u00e9reux espace de r\u00e9frig\u00e9ration de 282 litres (10 pieds cubes), ainsi que d\u2019une \u00e9l\u00e9gante conception qui s\u2019int\u00e8gre harmonieusement \u00e0 n\u2019importe quel d\u00e9cor existant. Le panneau arri\u00e8re lisse vous permet de l\u2019installer contre le mur et l\u2019appareil b\u00e9n\u00e9ficie d\u2019un syst\u00e8me d\u2019op\u00e9ration sans givre pratique. Ce mod\u00e8le est \u00e9quip\u00e9 de deux tablettes de verre amovibles et r\u00e9glables, ainsi que d\u2019une clayette amovible et r\u00e9glable dans le compartiment cong\u00e9lateur. Il comprend aussi un vaste bac \u00e0 l\u00e9gumes muni d\u2019un couvercle vitr\u00e9. L\u2019appareil peut \u00eatre ais\u00e9ment programm\u00e9, gr\u00e2ce aux commandes \u00e9lectroniques \u00e0 \u00e9cran d\u2019indication bleu et la pratique charni\u00e8re r\u00e9versible permet l\u2019ouverture de la porte du c\u00f4t\u00e9 gauche ou droit. Si vous pr\u00e9f\u00e9rez vos boissons servies sur gla\u00e7ons, l\u2019appareil est muni d\u2019un bac \u00e0 glace et l\u2019\u00e9clairage int\u00e9rieur, \u00e0 DEL d\u2019un blanc \u00e9clatant, procure une visibilit\u00e9 parfaite \u00e0 l\u2019int\u00e9rieur des compartiments r\u00e9frig\u00e9rateur et cong\u00e9lateur. Ce mod\u00e8le populaire est offert avec une garantie de 12 mois sur les pi\u00e8ces et la main d\u2019\u0153uvre, incluant le service \u00e0 domicile.","robots":{"index":"index","follow":"follow","max-snippet":"max-snippet:-1","max-image-preview":"max-image-preview:large","max-video-preview":"max-video-preview:-1"},"canonical":"https:\/\/www.danby.com\/fr\/products\/refrigerateurs-pour-petites-surfaces\/dff100a2bsldb\/","og_locale":"fr_CA","og_type":"article","og_title":"Danby 10 pi3 R\u00e9frig\u00e9rateurs pour petites surface - DFF100A2BSLDB | Danby Canada","og_description":"Ce r\u00e9frig\u00e9rateur d\u2019appartement Danby est in\u00e9galable au chapitre de la performance et de l\u2019allure. Cet appareil dispose d\u2019un g\u00e9n\u00e9reux espace de r\u00e9frig\u00e9ration de 282 litres (10 pieds cubes), ainsi que d\u2019une \u00e9l\u00e9gante conception qui s\u2019int\u00e8gre harmonieusement \u00e0 n\u2019importe quel d\u00e9cor existant. Le panneau arri\u00e8re lisse vous permet de l\u2019installer contre le mur et l\u2019appareil b\u00e9n\u00e9ficie d\u2019un syst\u00e8me d\u2019op\u00e9ration sans givre pratique. Ce mod\u00e8le est \u00e9quip\u00e9 de deux tablettes de verre amovibles et r\u00e9glables, ainsi que d\u2019une clayette amovible et r\u00e9glable dans le compartiment cong\u00e9lateur. Il comprend aussi un vaste bac \u00e0 l\u00e9gumes muni d\u2019un couvercle vitr\u00e9. L\u2019appareil peut \u00eatre ais\u00e9ment programm\u00e9, gr\u00e2ce aux commandes \u00e9lectroniques \u00e0 \u00e9cran d\u2019indication bleu et la pratique charni\u00e8re r\u00e9versible permet l\u2019ouverture de la porte du c\u00f4t\u00e9 gauche ou droit. Si vous pr\u00e9f\u00e9rez vos boissons servies sur gla\u00e7ons, l\u2019appareil est muni d\u2019un bac \u00e0 glace et l\u2019\u00e9clairage int\u00e9rieur, \u00e0 DEL d\u2019un blanc \u00e9clatant, procure une visibilit\u00e9 parfaite \u00e0 l\u2019int\u00e9rieur des compartiments r\u00e9frig\u00e9rateur et cong\u00e9lateur. Ce mod\u00e8le populaire est offert avec une garantie de 12 mois sur les pi\u00e8ces et la main d\u2019\u0153uvre, incluant le service \u00e0 domicile.","og_url":"https:\/\/www.danby.com\/fr\/products\/refrigerateurs-pour-petites-surfaces\/dff100a2bsldb\/","og_site_name":"Danby - Canada - French","article_publisher":"https:\/\/www.facebook.com\/DanbyAppliances","article_modified_time":"2026-04-30T10:06:22+00:00","og_image":[{"width":300,"height":272,"url":"https:\/\/cdnweb.danby.com\/wp-content\/uploads\/sites\/2\/2022\/02\/08183017\/proMed-DFF100A1BSLD5.jpg","type":"image\/jpeg"}],"twitter_card":"summary_large_image","twitter_site":"@DanbyAppliance","schema":{"@context":"https:\/\/schema.org","@graph":[{"@type":["WebPage","ItemPage"],"url":"https:\/\/www.danby.com\/fr\/products\/refrigerateurs-pour-petites-surfaces\/dff100a2bsldb\/","name":"Danby 10 pi3 R\u00e9frig\u00e9rateurs pour petites surface - DFF100A2BSLDB | Danby Canada","isPartOf":[],"primaryImageOfPage":[],"image":[],"thumbnailUrl":"https:\/\/cdnweb.danby.com\/wp-content\/uploads\/sites\/2\/2022\/02\/08183017\/proMed-DFF100A1BSLD5.jpg","datePublished":"2022-02-03T19:17:32+00:00","dateModified":"2026-04-30T10:06:22+00:00","description":"Ce r\u00e9frig\u00e9rateur d\u2019appartement Danby est in\u00e9galable au chapitre de la performance et de l\u2019allure. Cet appareil dispose d\u2019un g\u00e9n\u00e9reux espace de r\u00e9frig\u00e9ration de 282 litres (10 pieds cubes), ainsi que d\u2019une \u00e9l\u00e9gante conception qui s\u2019int\u00e8gre harmonieusement \u00e0 n\u2019importe quel d\u00e9cor existant. Le panneau arri\u00e8re lisse vous permet de l\u2019installer contre le mur et l\u2019appareil b\u00e9n\u00e9ficie d\u2019un syst\u00e8me d\u2019op\u00e9ration sans givre pratique. Ce mod\u00e8le est \u00e9quip\u00e9 de deux tablettes de verre amovibles et r\u00e9glables, ainsi que d\u2019une clayette amovible et r\u00e9glable dans le compartiment cong\u00e9lateur. Il comprend aussi un vaste bac \u00e0 l\u00e9gumes muni d\u2019un couvercle vitr\u00e9. L\u2019appareil peut \u00eatre ais\u00e9ment programm\u00e9, gr\u00e2ce aux commandes \u00e9lectroniques \u00e0 \u00e9cran d\u2019indication bleu et la pratique charni\u00e8re r\u00e9versible permet l\u2019ouverture de la porte du c\u00f4t\u00e9 gauche ou droit. Si vous pr\u00e9f\u00e9rez vos boissons servies sur gla\u00e7ons, l\u2019appareil est muni d\u2019un bac \u00e0 glace et l\u2019\u00e9clairage int\u00e9rieur, \u00e0 DEL d\u2019un blanc \u00e9clatant, procure une visibilit\u00e9 parfaite \u00e0 l\u2019int\u00e9rieur des compartiments r\u00e9frig\u00e9rateur et cong\u00e9lateur. Ce mod\u00e8le populaire est offert avec une garantie de 12 mois sur les pi\u00e8ces et la main d\u2019\u0153uvre, incluant le service \u00e0 domicile.","breadcrumb":[],"inLanguage":"fr-CA","potentialAction":[{"@type":"ReadAction","target":["https:\/\/www.danby.com\/fr\/products\/refrigerateurs-pour-petites-surfaces\/dff100a2bsldb\/"]}]},{"@type":"ImageObject","inLanguage":"fr-CA","url":"https:\/\/cdnweb.danby.com\/wp-content\/uploads\/sites\/2\/2022\/02\/08183017\/proMed-DFF100A1BSLD5.jpg","contentUrl":"https:\/\/cdnweb.danby.com\/wp-content\/uploads\/sites\/2\/2022\/02\/08183017\/proMed-DFF100A1BSLD5.jpg","width":300,"height":272},{"@type":"BreadcrumbList","itemListElement":[{"@type":"ListItem","position":1,"name":"Home","item":"https:\/\/www.danby.com\/fr\/"},{"@type":"ListItem","position":2,"name":"Boutique","item":"https:\/\/www.danby.com\/fr\/boutique\/"},{"@type":"ListItem","position":3,"name":"Danby 10 pi3 R\u00e9frig\u00e9rateurs pour petites surface"}]},{"@type":"WebSite","url":"https:\/\/www.danby.com\/fr\/","name":"Danby - Canada - French","description":"Leader dans le domaine de la r\u00e9frig\u00e9ration et des appareils sp\u00e9cialis\u00e9s","publisher":[],"potentialAction":[{"@type":"SearchAction","target":{"@type":"EntryPoint","urlTemplate":"https:\/\/www.danby.com\/fr\/?s={search_term_string}"},"query-input":{"@type":"PropertyValueSpecification","valueRequired":true,"valueName":"search_term_string"}}],"inLanguage":"fr-CA"},{"@type":"Organization","name":"Danby Appliances","url":"https:\/\/www.danby.com\/fr\/","logo":{"@type":"ImageObject","inLanguage":"fr-CA","url":"https:\/\/cdnweb.danby.com\/wp-content\/uploads\/sites\/2\/2022\/02\/10141906\/Danby75Ans_Blue.png","contentUrl":"https:\/\/cdnweb.danby.com\/wp-content\/uploads\/sites\/2\/2022\/02\/10141906\/Danby75Ans_Blue.png","width":470,"height":110,"caption":"Danby Appliances"},"image":[],"sameAs":["https:\/\/www.facebook.com\/DanbyAppliances","https:\/\/x.com\/DanbyAppliance","https:\/\/instagram.com\/danbyappliances\/","https:\/\/www.linkedin.com\/company\/danbyappliances","https:\/\/www.pinterest.ca\/danbyappliances\/","https:\/\/www.youtube.com\/user\/DanbyProducts","https:\/\/en.wikipedia.org\/wiki\/Danby_(appliances)"]}]}},"post_mailing_queue_ids":[],"_links":{"self":[{"href":"https:\/\/www.danby.com\/fr\/wp-json\/wp\/v2\/product\/4945","targetHints":{"allow":["GET"]}}],"collection":[{"href":"https:\/\/www.danby.com\/fr\/wp-json\/wp\/v2\/product"}],"about":[{"href":"https:\/\/www.danby.com\/fr\/wp-json\/wp\/v2\/types\/product"}],"replies":[{"embeddable":true,"href":"https:\/\/www.danby.com\/fr\/wp-json\/wp\/v2\/comments?post=4945"}],"wp:featuredmedia":[{"embeddable":true,"href":"https:\/\/www.danby.com\/fr\/wp-json\/wp\/v2\/media\/6109"}],"wp:attachment":[{"href":"https:\/\/www.danby.com\/fr\/wp-json\/wp\/v2\/media?parent=4945"}],"wp:term":[{"taxonomy":"product_brand","embeddable":true,"href":"https:\/\/www.danby.com\/fr\/wp-json\/wp\/v2\/product_brand?post=4945"},{"taxonomy":"product_cat","embeddable":true,"href":"https:\/\/www.danby.com\/fr\/wp-json\/wp\/v2\/product_cat?post=4945"},{"taxonomy":"product_tag","embeddable":true,"href":"https:\/\/www.danby.com\/fr\/wp-json\/wp\/v2\/product_tag?post=4945"}],"curies":[{"name":"wp","href":"https:\/\/api.w.org\/{rel}","templated":true}]}}