{"id":4944,"date":"2022-02-03T19:17:32","date_gmt":"2022-02-03T19:17:32","guid":{"rendered":"https:\/\/www.danby.com\/fr\/product\/dff100a1sldb\/"},"modified":"2026-04-06T09:59:05","modified_gmt":"2026-04-06T09:59:05","slug":"dff100a1sldb","status":"publish","type":"product","link":"https:\/\/www.danby.com\/fr\/products\/refrigerateurs-pour-petites-surfaces\/dff100a1sldb\/","title":{"rendered":"Danby 10  pi3 R\u00e9frig\u00e9rateurs pour petites surface"},"content":{"rendered":"","protected":false},"excerpt":{"rendered":"<ul>\n<li>Capacit\u00e9 de 10 pi3. (282 litres) de capacit\u00e9<\/li>\n<li>Conforme \u00e0 la norme Energy Star\u00ae, utilisant seulement 312Kwh\/an<\/li>\n<li>Fonctionnement sans givre<\/li>\n<li>Commandes \u00e9lectroniques avec affichage \u00e0 DEL<\/li>\n<li>2 tablettes de r\u00e9frig\u00e9rateur en fil m\u00e9tallique ajustables<\/li>\n<li>1 tablette de cong\u00e9lateur en fil m\u00e9tallique ajustable\/amovible<\/li>\n<li>Distributeur de boissons CanStor\u00ae<\/li>\n<li>Distributeur de boissons en fil m\u00e9tallique r\u00e9glable\/amovible<\/li>\n<li>Distributeur de boissons CanStor\u00ae<\/li>\n<li>Deux bacs \u00e0 l\u00e9gumes avec couvercles en verre<\/li>\n<li>Charni\u00e8re de porte r\u00e9versible pour une ouverture \u00e0 gauche ou \u00e0 droite<\/li>\n<li>Dessin \u00e0 dos lisse<\/li>\n<\/ul>\n","protected":false},"featured_media":6103,"comment_status":"closed","ping_status":"open","template":"","meta":{"_acf_changed":false},"product_brand":[],"product_cat":[20],"product_tag":[],"class_list":{"0":"post-4944","1":"product","2":"type-product","3":"status-publish","4":"has-post-thumbnail","6":"product_cat-refrigerateurs-pour-petites-surfaces","8":"first","9":"outofstock","10":"taxable","11":"shipping-taxable","12":"product-type-simple"},"acf":[],"yoast_head":"<!-- This site is optimized with the Yoast SEO plugin v26.7 - https:\/\/yoast.com\/wordpress\/plugins\/seo\/ -->\n<title>Danby 10 pi3 R\u00e9frig\u00e9rateurs pour petites surface - DFF100A1SLDB | Danby Canada<\/title>\n<meta name=\"description\" content=\"Ce r\u00e9frig\u00e9rateur Danby \u00e0 la mode est le choix id\u00e9al pour tous les genres de r\u00e9sidences, avec sa capacit\u00e9 de r\u00e9frig\u00e9ration de 282 litres (10 pieds cubes), il convient dans votre cuisine, chambre \u00e0 coucher, dortoir ou salle de jeu. Vos co\u00fbts d\u2019\u00e9lectricit\u00e9 seront r\u00e9duits, \u00e9tant donn\u00e9 que cet appareil, homologu\u00e9 Energy Star, ne consomme que 312 kWh par ann\u00e9e. Son entretien en est simplifi\u00e9, gr\u00e2ce \u00e0 son fonctionnement sans givre pratique et l\u2019acc\u00e8s \u00e0 vos breuvages favoris est facile, gr\u00e2ce au distributeur fonctionnel de boissons CanStor. Cet \u00e9l\u00e9gant appareil comporte des r\u00e9glages \u00e9lectroniques d\u2019utilisation facile et ais\u00e9ment rep\u00e9rables gr\u00e2ce \u00e0 l\u2019affichage \u00e0 DEL. Ce r\u00e9frig\u00e9rateur est \u00e9quip\u00e9 de deux clayettes r\u00e9glables et d\u2019une clayette de cong\u00e9lateur r\u00e9glable\/amovible, afin de vous procurer un espace d\u2019entreposage maximal et polyvalent. Vos l\u00e9gumes seront conserv\u00e9s au frais et facilement rep\u00e9rables dans les deux bacs \u00e0 l\u00e9gumes \u00e9quip\u00e9s de couvercles vitr\u00e9s. La charni\u00e8re de porte r\u00e9versible permet de choisir une ouverture \u00e0 gauche ou \u00e0 droite et ce r\u00e9frig\u00e9rateur robuste, dot\u00e9 d\u2019un panneau arri\u00e8re lisse, peut \u00eatre install\u00e9 contre le mur. Il est offert avec une garantie de 12 mois sur les pi\u00e8ces et la main-d\u2019\u0153uvre, incluant le service \u00e0 domicile.\" \/>\n<meta name=\"robots\" content=\"index, follow, max-snippet:-1, max-image-preview:large, max-video-preview:-1\" \/>\n<link rel=\"canonical\" href=\"https:\/\/www.danby.com\/fr\/products\/refrigerateurs-pour-petites-surfaces\/dff100a1sldb\/\" \/>\n<meta property=\"og:locale\" content=\"fr_CA\" \/>\n<meta property=\"og:type\" content=\"article\" \/>\n<meta property=\"og:title\" content=\"Danby 10 pi3 R\u00e9frig\u00e9rateurs pour petites surface - DFF100A1SLDB | Danby Canada\" \/>\n<meta property=\"og:description\" content=\"Ce r\u00e9frig\u00e9rateur Danby \u00e0 la mode est le choix id\u00e9al pour tous les genres de r\u00e9sidences, avec sa capacit\u00e9 de r\u00e9frig\u00e9ration de 282 litres (10 pieds cubes), il convient dans votre cuisine, chambre \u00e0 coucher, dortoir ou salle de jeu. Vos co\u00fbts d\u2019\u00e9lectricit\u00e9 seront r\u00e9duits, \u00e9tant donn\u00e9 que cet appareil, homologu\u00e9 Energy Star, ne consomme que 312 kWh par ann\u00e9e. Son entretien en est simplifi\u00e9, gr\u00e2ce \u00e0 son fonctionnement sans givre pratique et l\u2019acc\u00e8s \u00e0 vos breuvages favoris est facile, gr\u00e2ce au distributeur fonctionnel de boissons CanStor. Cet \u00e9l\u00e9gant appareil comporte des r\u00e9glages \u00e9lectroniques d\u2019utilisation facile et ais\u00e9ment rep\u00e9rables gr\u00e2ce \u00e0 l\u2019affichage \u00e0 DEL. Ce r\u00e9frig\u00e9rateur est \u00e9quip\u00e9 de deux clayettes r\u00e9glables et d\u2019une clayette de cong\u00e9lateur r\u00e9glable\/amovible, afin de vous procurer un espace d\u2019entreposage maximal et polyvalent. Vos l\u00e9gumes seront conserv\u00e9s au frais et facilement rep\u00e9rables dans les deux bacs \u00e0 l\u00e9gumes \u00e9quip\u00e9s de couvercles vitr\u00e9s. La charni\u00e8re de porte r\u00e9versible permet de choisir une ouverture \u00e0 gauche ou \u00e0 droite et ce r\u00e9frig\u00e9rateur robuste, dot\u00e9 d\u2019un panneau arri\u00e8re lisse, peut \u00eatre install\u00e9 contre le mur. Il est offert avec une garantie de 12 mois sur les pi\u00e8ces et la main-d\u2019\u0153uvre, incluant le service \u00e0 domicile.\" \/>\n<meta property=\"og:url\" content=\"https:\/\/www.danby.com\/fr\/products\/refrigerateurs-pour-petites-surfaces\/dff100a1sldb\/\" \/>\n<meta property=\"og:site_name\" content=\"Danby - Canada - French\" \/>\n<meta property=\"article:publisher\" content=\"https:\/\/www.facebook.com\/DanbyAppliances\" \/>\n<meta property=\"article:modified_time\" content=\"2026-04-06T09:59:05+00:00\" \/>\n<meta property=\"og:image\" content=\"https:\/\/cdnweb.danby.com\/wp-content\/uploads\/sites\/2\/2022\/02\/08183007\/proMed-DFF100A1BSLD4.jpg\" \/>\n\t<meta property=\"og:image:width\" content=\"300\" \/>\n\t<meta property=\"og:image:height\" content=\"272\" \/>\n\t<meta property=\"og:image:type\" content=\"image\/jpeg\" \/>\n<meta name=\"twitter:card\" content=\"summary_large_image\" \/>\n<meta name=\"twitter:site\" content=\"@DanbyAppliance\" \/>\n<script type=\"application\/ld+json\" class=\"yoast-schema-graph\">{\"@context\":\"https:\/\/schema.org\",\"@graph\":[{\"@type\":[\"WebPage\",\"ItemPage\"],\"url\":\"https:\/\/www.danby.com\/fr\/products\/refrigerateurs-pour-petites-surfaces\/dff100a1sldb\/\",\"name\":\"Danby 10 pi3 R\u00e9frig\u00e9rateurs pour petites surface - DFF100A1SLDB | Danby Canada\",\"isPartOf\":[],\"primaryImageOfPage\":[],\"image\":[],\"thumbnailUrl\":\"https:\/\/cdnweb.danby.com\/wp-content\/uploads\/sites\/2\/2022\/02\/08183007\/proMed-DFF100A1BSLD4.jpg\",\"datePublished\":\"2022-02-03T19:17:32+00:00\",\"dateModified\":\"2026-04-06T09:59:05+00:00\",\"description\":\"Ce r\u00e9frig\u00e9rateur Danby \u00e0 la mode est le choix id\u00e9al pour tous les genres de r\u00e9sidences, avec sa capacit\u00e9 de r\u00e9frig\u00e9ration de 282 litres (10 pieds cubes), il convient dans votre cuisine, chambre \u00e0 coucher, dortoir ou salle de jeu. Vos co\u00fbts d\u2019\u00e9lectricit\u00e9 seront r\u00e9duits, \u00e9tant donn\u00e9 que cet appareil, homologu\u00e9 Energy Star, ne consomme que 312 kWh par ann\u00e9e. Son entretien en est simplifi\u00e9, gr\u00e2ce \u00e0 son fonctionnement sans givre pratique et l\u2019acc\u00e8s \u00e0 vos breuvages favoris est facile, gr\u00e2ce au distributeur fonctionnel de boissons CanStor. Cet \u00e9l\u00e9gant appareil comporte des r\u00e9glages \u00e9lectroniques d\u2019utilisation facile et ais\u00e9ment rep\u00e9rables gr\u00e2ce \u00e0 l\u2019affichage \u00e0 DEL. Ce r\u00e9frig\u00e9rateur est \u00e9quip\u00e9 de deux clayettes r\u00e9glables et d\u2019une clayette de cong\u00e9lateur r\u00e9glable\/amovible, afin de vous procurer un espace d\u2019entreposage maximal et polyvalent. Vos l\u00e9gumes seront conserv\u00e9s au frais et facilement rep\u00e9rables dans les deux bacs \u00e0 l\u00e9gumes \u00e9quip\u00e9s de couvercles vitr\u00e9s. La charni\u00e8re de porte r\u00e9versible permet de choisir une ouverture \u00e0 gauche ou \u00e0 droite et ce r\u00e9frig\u00e9rateur robuste, dot\u00e9 d\u2019un panneau arri\u00e8re lisse, peut \u00eatre install\u00e9 contre le mur. Il est offert avec une garantie de 12 mois sur les pi\u00e8ces et la main-d\u2019\u0153uvre, incluant le service \u00e0 domicile.\",\"breadcrumb\":[],\"inLanguage\":\"fr-CA\",\"potentialAction\":[{\"@type\":\"ReadAction\",\"target\":[\"https:\/\/www.danby.com\/fr\/products\/refrigerateurs-pour-petites-surfaces\/dff100a1sldb\/\"]}]},{\"@type\":\"ImageObject\",\"inLanguage\":\"fr-CA\",\"url\":\"https:\/\/cdnweb.danby.com\/wp-content\/uploads\/sites\/2\/2022\/02\/08183007\/proMed-DFF100A1BSLD4.jpg\",\"contentUrl\":\"https:\/\/cdnweb.danby.com\/wp-content\/uploads\/sites\/2\/2022\/02\/08183007\/proMed-DFF100A1BSLD4.jpg\",\"width\":300,\"height\":272},{\"@type\":\"BreadcrumbList\",\"itemListElement\":[{\"@type\":\"ListItem\",\"position\":1,\"name\":\"Home\",\"item\":\"https:\/\/www.danby.com\/fr\/\"},{\"@type\":\"ListItem\",\"position\":2,\"name\":\"Boutique\",\"item\":\"https:\/\/www.danby.com\/fr\/boutique\/\"},{\"@type\":\"ListItem\",\"position\":3,\"name\":\"Danby 10 pi3 R\u00e9frig\u00e9rateurs pour petites surface\"}]},{\"@type\":\"WebSite\",\"url\":\"https:\/\/www.danby.com\/fr\/\",\"name\":\"Danby - Canada - French\",\"description\":\"Leader dans le domaine de la r\u00e9frig\u00e9ration et des appareils sp\u00e9cialis\u00e9s\",\"publisher\":[],\"potentialAction\":[{\"@type\":\"SearchAction\",\"target\":{\"@type\":\"EntryPoint\",\"urlTemplate\":\"https:\/\/www.danby.com\/fr\/?s={search_term_string}\"},\"query-input\":{\"@type\":\"PropertyValueSpecification\",\"valueRequired\":true,\"valueName\":\"search_term_string\"}}],\"inLanguage\":\"fr-CA\"},{\"@type\":\"Organization\",\"name\":\"Danby Appliances\",\"url\":\"https:\/\/www.danby.com\/fr\/\",\"logo\":{\"@type\":\"ImageObject\",\"inLanguage\":\"fr-CA\",\"url\":\"https:\/\/cdnweb.danby.com\/wp-content\/uploads\/sites\/2\/2022\/02\/10141906\/Danby75Ans_Blue.png\",\"contentUrl\":\"https:\/\/cdnweb.danby.com\/wp-content\/uploads\/sites\/2\/2022\/02\/10141906\/Danby75Ans_Blue.png\",\"width\":470,\"height\":110,\"caption\":\"Danby Appliances\"},\"image\":[],\"sameAs\":[\"https:\/\/www.facebook.com\/DanbyAppliances\",\"https:\/\/x.com\/DanbyAppliance\",\"https:\/\/instagram.com\/danbyappliances\/\",\"https:\/\/www.linkedin.com\/company\/danbyappliances\",\"https:\/\/www.pinterest.ca\/danbyappliances\/\",\"https:\/\/www.youtube.com\/user\/DanbyProducts\",\"https:\/\/en.wikipedia.org\/wiki\/Danby_(appliances)\"]}]}<\/script>\n<!-- \/ Yoast SEO plugin. -->","yoast_head_json":{"title":"Danby 10 pi3 R\u00e9frig\u00e9rateurs pour petites surface - DFF100A1SLDB | Danby Canada","description":"Ce r\u00e9frig\u00e9rateur Danby \u00e0 la mode est le choix id\u00e9al pour tous les genres de r\u00e9sidences, avec sa capacit\u00e9 de r\u00e9frig\u00e9ration de 282 litres (10 pieds cubes), il convient dans votre cuisine, chambre \u00e0 coucher, dortoir ou salle de jeu. Vos co\u00fbts d\u2019\u00e9lectricit\u00e9 seront r\u00e9duits, \u00e9tant donn\u00e9 que cet appareil, homologu\u00e9 Energy Star, ne consomme que 312 kWh par ann\u00e9e. Son entretien en est simplifi\u00e9, gr\u00e2ce \u00e0 son fonctionnement sans givre pratique et l\u2019acc\u00e8s \u00e0 vos breuvages favoris est facile, gr\u00e2ce au distributeur fonctionnel de boissons CanStor. Cet \u00e9l\u00e9gant appareil comporte des r\u00e9glages \u00e9lectroniques d\u2019utilisation facile et ais\u00e9ment rep\u00e9rables gr\u00e2ce \u00e0 l\u2019affichage \u00e0 DEL. Ce r\u00e9frig\u00e9rateur est \u00e9quip\u00e9 de deux clayettes r\u00e9glables et d\u2019une clayette de cong\u00e9lateur r\u00e9glable\/amovible, afin de vous procurer un espace d\u2019entreposage maximal et polyvalent. Vos l\u00e9gumes seront conserv\u00e9s au frais et facilement rep\u00e9rables dans les deux bacs \u00e0 l\u00e9gumes \u00e9quip\u00e9s de couvercles vitr\u00e9s. La charni\u00e8re de porte r\u00e9versible permet de choisir une ouverture \u00e0 gauche ou \u00e0 droite et ce r\u00e9frig\u00e9rateur robuste, dot\u00e9 d\u2019un panneau arri\u00e8re lisse, peut \u00eatre install\u00e9 contre le mur. Il est offert avec une garantie de 12 mois sur les pi\u00e8ces et la main-d\u2019\u0153uvre, incluant le service \u00e0 domicile.","robots":{"index":"index","follow":"follow","max-snippet":"max-snippet:-1","max-image-preview":"max-image-preview:large","max-video-preview":"max-video-preview:-1"},"canonical":"https:\/\/www.danby.com\/fr\/products\/refrigerateurs-pour-petites-surfaces\/dff100a1sldb\/","og_locale":"fr_CA","og_type":"article","og_title":"Danby 10 pi3 R\u00e9frig\u00e9rateurs pour petites surface - DFF100A1SLDB | Danby Canada","og_description":"Ce r\u00e9frig\u00e9rateur Danby \u00e0 la mode est le choix id\u00e9al pour tous les genres de r\u00e9sidences, avec sa capacit\u00e9 de r\u00e9frig\u00e9ration de 282 litres (10 pieds cubes), il convient dans votre cuisine, chambre \u00e0 coucher, dortoir ou salle de jeu. Vos co\u00fbts d\u2019\u00e9lectricit\u00e9 seront r\u00e9duits, \u00e9tant donn\u00e9 que cet appareil, homologu\u00e9 Energy Star, ne consomme que 312 kWh par ann\u00e9e. Son entretien en est simplifi\u00e9, gr\u00e2ce \u00e0 son fonctionnement sans givre pratique et l\u2019acc\u00e8s \u00e0 vos breuvages favoris est facile, gr\u00e2ce au distributeur fonctionnel de boissons CanStor. Cet \u00e9l\u00e9gant appareil comporte des r\u00e9glages \u00e9lectroniques d\u2019utilisation facile et ais\u00e9ment rep\u00e9rables gr\u00e2ce \u00e0 l\u2019affichage \u00e0 DEL. Ce r\u00e9frig\u00e9rateur est \u00e9quip\u00e9 de deux clayettes r\u00e9glables et d\u2019une clayette de cong\u00e9lateur r\u00e9glable\/amovible, afin de vous procurer un espace d\u2019entreposage maximal et polyvalent. Vos l\u00e9gumes seront conserv\u00e9s au frais et facilement rep\u00e9rables dans les deux bacs \u00e0 l\u00e9gumes \u00e9quip\u00e9s de couvercles vitr\u00e9s. La charni\u00e8re de porte r\u00e9versible permet de choisir une ouverture \u00e0 gauche ou \u00e0 droite et ce r\u00e9frig\u00e9rateur robuste, dot\u00e9 d\u2019un panneau arri\u00e8re lisse, peut \u00eatre install\u00e9 contre le mur. Il est offert avec une garantie de 12 mois sur les pi\u00e8ces et la main-d\u2019\u0153uvre, incluant le service \u00e0 domicile.","og_url":"https:\/\/www.danby.com\/fr\/products\/refrigerateurs-pour-petites-surfaces\/dff100a1sldb\/","og_site_name":"Danby - Canada - French","article_publisher":"https:\/\/www.facebook.com\/DanbyAppliances","article_modified_time":"2026-04-06T09:59:05+00:00","og_image":[{"width":300,"height":272,"url":"https:\/\/cdnweb.danby.com\/wp-content\/uploads\/sites\/2\/2022\/02\/08183007\/proMed-DFF100A1BSLD4.jpg","type":"image\/jpeg"}],"twitter_card":"summary_large_image","twitter_site":"@DanbyAppliance","schema":{"@context":"https:\/\/schema.org","@graph":[{"@type":["WebPage","ItemPage"],"url":"https:\/\/www.danby.com\/fr\/products\/refrigerateurs-pour-petites-surfaces\/dff100a1sldb\/","name":"Danby 10 pi3 R\u00e9frig\u00e9rateurs pour petites surface - DFF100A1SLDB | Danby Canada","isPartOf":[],"primaryImageOfPage":[],"image":[],"thumbnailUrl":"https:\/\/cdnweb.danby.com\/wp-content\/uploads\/sites\/2\/2022\/02\/08183007\/proMed-DFF100A1BSLD4.jpg","datePublished":"2022-02-03T19:17:32+00:00","dateModified":"2026-04-06T09:59:05+00:00","description":"Ce r\u00e9frig\u00e9rateur Danby \u00e0 la mode est le choix id\u00e9al pour tous les genres de r\u00e9sidences, avec sa capacit\u00e9 de r\u00e9frig\u00e9ration de 282 litres (10 pieds cubes), il convient dans votre cuisine, chambre \u00e0 coucher, dortoir ou salle de jeu. Vos co\u00fbts d\u2019\u00e9lectricit\u00e9 seront r\u00e9duits, \u00e9tant donn\u00e9 que cet appareil, homologu\u00e9 Energy Star, ne consomme que 312 kWh par ann\u00e9e. Son entretien en est simplifi\u00e9, gr\u00e2ce \u00e0 son fonctionnement sans givre pratique et l\u2019acc\u00e8s \u00e0 vos breuvages favoris est facile, gr\u00e2ce au distributeur fonctionnel de boissons CanStor. Cet \u00e9l\u00e9gant appareil comporte des r\u00e9glages \u00e9lectroniques d\u2019utilisation facile et ais\u00e9ment rep\u00e9rables gr\u00e2ce \u00e0 l\u2019affichage \u00e0 DEL. Ce r\u00e9frig\u00e9rateur est \u00e9quip\u00e9 de deux clayettes r\u00e9glables et d\u2019une clayette de cong\u00e9lateur r\u00e9glable\/amovible, afin de vous procurer un espace d\u2019entreposage maximal et polyvalent. Vos l\u00e9gumes seront conserv\u00e9s au frais et facilement rep\u00e9rables dans les deux bacs \u00e0 l\u00e9gumes \u00e9quip\u00e9s de couvercles vitr\u00e9s. La charni\u00e8re de porte r\u00e9versible permet de choisir une ouverture \u00e0 gauche ou \u00e0 droite et ce r\u00e9frig\u00e9rateur robuste, dot\u00e9 d\u2019un panneau arri\u00e8re lisse, peut \u00eatre install\u00e9 contre le mur. Il est offert avec une garantie de 12 mois sur les pi\u00e8ces et la main-d\u2019\u0153uvre, incluant le service \u00e0 domicile.","breadcrumb":[],"inLanguage":"fr-CA","potentialAction":[{"@type":"ReadAction","target":["https:\/\/www.danby.com\/fr\/products\/refrigerateurs-pour-petites-surfaces\/dff100a1sldb\/"]}]},{"@type":"ImageObject","inLanguage":"fr-CA","url":"https:\/\/cdnweb.danby.com\/wp-content\/uploads\/sites\/2\/2022\/02\/08183007\/proMed-DFF100A1BSLD4.jpg","contentUrl":"https:\/\/cdnweb.danby.com\/wp-content\/uploads\/sites\/2\/2022\/02\/08183007\/proMed-DFF100A1BSLD4.jpg","width":300,"height":272},{"@type":"BreadcrumbList","itemListElement":[{"@type":"ListItem","position":1,"name":"Home","item":"https:\/\/www.danby.com\/fr\/"},{"@type":"ListItem","position":2,"name":"Boutique","item":"https:\/\/www.danby.com\/fr\/boutique\/"},{"@type":"ListItem","position":3,"name":"Danby 10 pi3 R\u00e9frig\u00e9rateurs pour petites surface"}]},{"@type":"WebSite","url":"https:\/\/www.danby.com\/fr\/","name":"Danby - Canada - French","description":"Leader dans le domaine de la r\u00e9frig\u00e9ration et des appareils sp\u00e9cialis\u00e9s","publisher":[],"potentialAction":[{"@type":"SearchAction","target":{"@type":"EntryPoint","urlTemplate":"https:\/\/www.danby.com\/fr\/?s={search_term_string}"},"query-input":{"@type":"PropertyValueSpecification","valueRequired":true,"valueName":"search_term_string"}}],"inLanguage":"fr-CA"},{"@type":"Organization","name":"Danby Appliances","url":"https:\/\/www.danby.com\/fr\/","logo":{"@type":"ImageObject","inLanguage":"fr-CA","url":"https:\/\/cdnweb.danby.com\/wp-content\/uploads\/sites\/2\/2022\/02\/10141906\/Danby75Ans_Blue.png","contentUrl":"https:\/\/cdnweb.danby.com\/wp-content\/uploads\/sites\/2\/2022\/02\/10141906\/Danby75Ans_Blue.png","width":470,"height":110,"caption":"Danby Appliances"},"image":[],"sameAs":["https:\/\/www.facebook.com\/DanbyAppliances","https:\/\/x.com\/DanbyAppliance","https:\/\/instagram.com\/danbyappliances\/","https:\/\/www.linkedin.com\/company\/danbyappliances","https:\/\/www.pinterest.ca\/danbyappliances\/","https:\/\/www.youtube.com\/user\/DanbyProducts","https:\/\/en.wikipedia.org\/wiki\/Danby_(appliances)"]}]}},"post_mailing_queue_ids":[],"_links":{"self":[{"href":"https:\/\/www.danby.com\/fr\/wp-json\/wp\/v2\/product\/4944","targetHints":{"allow":["GET"]}}],"collection":[{"href":"https:\/\/www.danby.com\/fr\/wp-json\/wp\/v2\/product"}],"about":[{"href":"https:\/\/www.danby.com\/fr\/wp-json\/wp\/v2\/types\/product"}],"replies":[{"embeddable":true,"href":"https:\/\/www.danby.com\/fr\/wp-json\/wp\/v2\/comments?post=4944"}],"wp:featuredmedia":[{"embeddable":true,"href":"https:\/\/www.danby.com\/fr\/wp-json\/wp\/v2\/media\/6103"}],"wp:attachment":[{"href":"https:\/\/www.danby.com\/fr\/wp-json\/wp\/v2\/media?parent=4944"}],"wp:term":[{"taxonomy":"product_brand","embeddable":true,"href":"https:\/\/www.danby.com\/fr\/wp-json\/wp\/v2\/product_brand?post=4944"},{"taxonomy":"product_cat","embeddable":true,"href":"https:\/\/www.danby.com\/fr\/wp-json\/wp\/v2\/product_cat?post=4944"},{"taxonomy":"product_tag","embeddable":true,"href":"https:\/\/www.danby.com\/fr\/wp-json\/wp\/v2\/product_tag?post=4944"}],"curies":[{"name":"wp","href":"https:\/\/api.w.org\/{rel}","templated":true}]}}