{"id":4942,"date":"2022-02-03T19:17:32","date_gmt":"2022-02-03T19:17:32","guid":{"rendered":"https:\/\/www.danby.com\/fr\/product\/dff092c1bsldb\/"},"modified":"2026-04-08T10:06:57","modified_gmt":"2026-04-08T10:06:57","slug":"dff092c1bsldb","status":"publish","type":"product","link":"https:\/\/www.danby.com\/fr\/products\/refrigerateurs-pour-petites-surfaces\/dff092c1bsldb\/","title":{"rendered":"Danby 9.2 pi3 R\u00e9frig\u00e9rateurs pour petites surface"},"content":{"rendered":"","protected":false},"excerpt":{"rendered":"<ul>\n<li>9,2 pi3. (260 L) capacit\u00e9 du r\u00e9frig\u00e9rateur <\/li>\n<li>Plainte ENERGY STAR\u00ae, \u00e9conome en \u00e9nergie pour vous aider \u00e0 \u00e9conomiser de l&#8217;argent sans sacrifier la performance <\/li>\n<li>Frigorig\u00e8ne R600a respectueux de l&#8217;environnement <\/li>\n<li>Finition de la porte en acier sans taches &#8211; a l&#8217;air identique au v\u00e9ritable acier inoxydable, mais sans les taches <\/li>\n<li>Le fonctionnement sans givre permet un entretien sans tracas et une meilleure conservation des aliments <\/li>\n<li>2 tablettes en verre r\u00e9glables sur toute la largeur <\/li>\n<li>1 tablette de cong\u00e9lation en fil m\u00e9tallique r\u00e9glable sur toute la largeur <\/li>\n<li>L&#8217;int\u00e9gration d&#8217;un syst\u00e8me d&#8217;alimentation en eau et d&#8217;un syst\u00e8me d&#8217;\u00e9vacuation des eaux us\u00e9eslargeur <\/li>\n<li>Tablette de cong\u00e9lation en fil m\u00e9tallique r\u00e9glable sur toute la largeur <\/li>\n<li>Tablette de porte int\u00e9gr\u00e9e <\/li>\n<li>Syst\u00e8me de distribution de boissons CanStor\u00ae <\/li>\n<li>Cassette et couvercle \u00e0 l\u00e9gumes <\/li>\n<li>Thermostat \u00e9lectronique <\/li>\n<li>Lumi\u00e8re int\u00e9rieure <\/li>\n<li>Poign\u00e9e de porte int\u00e9gr\u00e9e <\/li>\n<li>Syst\u00e8me de distribution de boissons CanStor\u00ae <\/li>\n<li>S\u00e9parateur de l\u00e9gumes et couvercle <\/li>\n<li>Thermostat \u00e9lectronique <\/li>\n<li>Lumi\u00e8re int\u00e9rieure <\/li>\n<li>Poign\u00e9e de porte int\u00e9gr\u00e9e <\/li>\n<li>Charni\u00e8re de porte r\u00e9versible <\/li>\n<li>Dessin de dos lisse <\/li>\n<li>Garantie de 12-mois sur les pi\u00e8ces et la main d&#8217;oeuvre avec service \u00e0 domicile <\/li>\n<\/ul>\n","protected":false},"featured_media":6931,"comment_status":"closed","ping_status":"open","template":"","meta":{"_acf_changed":false},"product_brand":[],"product_cat":[20],"product_tag":[],"class_list":{"0":"post-4942","1":"product","2":"type-product","3":"status-publish","4":"has-post-thumbnail","6":"product_cat-refrigerateurs-pour-petites-surfaces","7":"pa_capacite-pi3-9-2","8":"pa_couleur-stainless-steel","9":"pa_duree-de-la-garantie-en-mois-1173","11":"first","12":"outofstock","13":"taxable","14":"shipping-taxable","15":"product-type-simple"},"acf":[],"yoast_head":"<!-- This site is optimized with the Yoast SEO plugin v26.7 - https:\/\/yoast.com\/wordpress\/plugins\/seo\/ -->\n<title>Danby 9.2 pi3 R\u00e9frig\u00e9rateurs pour petites surface - DFF092C1BSLDB | Danby Canada<\/title>\n<meta name=\"description\" content=\"D\u00e9couvrez le style et la simplicit\u00e9 du r\u00e9frig\u00e9rateur de 9,2 pieds cubes (260 L) en acier inoxydable de Danby, parfait pour les petits espaces de vie dans un condo, un appartement ou une maison en rang\u00e9e ! R\u00e9duisez votre facture d&#039;\u00e9lectricit\u00e9 et \u00e9conomisez sur l&#039;\u00e9nergie gr\u00e2ce \u00e0 ce produit ENERGY STAR\u00ae. R\u00e9duisez le d\u00e9sordre gr\u00e2ce \u00e0 deux tablettes en verre r\u00e9glables, trois tablettes de porte int\u00e9gr\u00e9es, un tiroir \u00e0 l\u00e9gumes et un distributeur de boissons CanStor\u00ae offrant une polyvalence de rangement maximale. Tous vos produits congel\u00e9s pr\u00e9f\u00e9r\u00e9s peuvent \u00eatre rang\u00e9s dans un panier m\u00e9tallique et sur une \u00e9tag\u00e8re, ce qui permet de garder votre cong\u00e9lateur accessible et organis\u00e9. Le syst\u00e8me de fonctionnement sans givre \u00e0 la pointe de la technologie est con\u00e7u pour une meilleure conservation des aliments et un entretien sans effort, tandis que la lampe LED int\u00e9rieure brillante \u00e9claire l&#039;int\u00e9rieur. En outre, la porte est dot\u00e9e d&#039;une poign\u00e9e int\u00e9gr\u00e9e et peut \u00eatre r\u00e9gl\u00e9e pour une ouverture \u00e0 gauche ou \u00e0 droite gr\u00e2ce \u00e0 sa conception intelligente de charni\u00e8re r\u00e9versible. Ce mod\u00e8le peut servir de r\u00e9frig\u00e9rateur principal ou de deuxi\u00e8me option pour augmenter la capacit\u00e9 de stockage.\" \/>\n<meta name=\"robots\" content=\"index, follow, max-snippet:-1, max-image-preview:large, max-video-preview:-1\" \/>\n<link rel=\"canonical\" href=\"https:\/\/www.danby.com\/fr\/products\/refrigerateurs-pour-petites-surfaces\/dff092c1bsldb\/\" \/>\n<meta property=\"og:locale\" content=\"fr_CA\" \/>\n<meta property=\"og:type\" content=\"article\" \/>\n<meta property=\"og:title\" content=\"Danby 9.2 pi3 R\u00e9frig\u00e9rateurs pour petites surface - DFF092C1BSLDB | Danby Canada\" \/>\n<meta property=\"og:description\" content=\"D\u00e9couvrez le style et la simplicit\u00e9 du r\u00e9frig\u00e9rateur de 9,2 pieds cubes (260 L) en acier inoxydable de Danby, parfait pour les petits espaces de vie dans un condo, un appartement ou une maison en rang\u00e9e ! R\u00e9duisez votre facture d&#039;\u00e9lectricit\u00e9 et \u00e9conomisez sur l&#039;\u00e9nergie gr\u00e2ce \u00e0 ce produit ENERGY STAR\u00ae. R\u00e9duisez le d\u00e9sordre gr\u00e2ce \u00e0 deux tablettes en verre r\u00e9glables, trois tablettes de porte int\u00e9gr\u00e9es, un tiroir \u00e0 l\u00e9gumes et un distributeur de boissons CanStor\u00ae offrant une polyvalence de rangement maximale. Tous vos produits congel\u00e9s pr\u00e9f\u00e9r\u00e9s peuvent \u00eatre rang\u00e9s dans un panier m\u00e9tallique et sur une \u00e9tag\u00e8re, ce qui permet de garder votre cong\u00e9lateur accessible et organis\u00e9. Le syst\u00e8me de fonctionnement sans givre \u00e0 la pointe de la technologie est con\u00e7u pour une meilleure conservation des aliments et un entretien sans effort, tandis que la lampe LED int\u00e9rieure brillante \u00e9claire l&#039;int\u00e9rieur. En outre, la porte est dot\u00e9e d&#039;une poign\u00e9e int\u00e9gr\u00e9e et peut \u00eatre r\u00e9gl\u00e9e pour une ouverture \u00e0 gauche ou \u00e0 droite gr\u00e2ce \u00e0 sa conception intelligente de charni\u00e8re r\u00e9versible. Ce mod\u00e8le peut servir de r\u00e9frig\u00e9rateur principal ou de deuxi\u00e8me option pour augmenter la capacit\u00e9 de stockage.\" \/>\n<meta property=\"og:url\" content=\"https:\/\/www.danby.com\/fr\/products\/refrigerateurs-pour-petites-surfaces\/dff092c1bsldb\/\" \/>\n<meta property=\"og:site_name\" content=\"Danby - Canada - French\" \/>\n<meta property=\"article:publisher\" content=\"https:\/\/www.facebook.com\/DanbyAppliances\" \/>\n<meta property=\"article:modified_time\" content=\"2026-04-08T10:06:57+00:00\" \/>\n<meta property=\"og:image\" content=\"https:\/\/cdnweb.danby.com\/wp-content\/uploads\/sites\/2\/2022\/02\/08190827\/DFF092C1BSLDB-Featured.jpg\" \/>\n\t<meta property=\"og:image:width\" content=\"640\" \/>\n\t<meta property=\"og:image:height\" content=\"800\" \/>\n\t<meta property=\"og:image:type\" content=\"image\/jpeg\" \/>\n<meta name=\"twitter:card\" content=\"summary_large_image\" \/>\n<meta name=\"twitter:site\" content=\"@DanbyAppliance\" \/>\n<script type=\"application\/ld+json\" class=\"yoast-schema-graph\">{\"@context\":\"https:\/\/schema.org\",\"@graph\":[{\"@type\":[\"WebPage\",\"ItemPage\"],\"url\":\"https:\/\/www.danby.com\/fr\/products\/refrigerateurs-pour-petites-surfaces\/dff092c1bsldb\/\",\"name\":\"Danby 9.2 pi3 R\u00e9frig\u00e9rateurs pour petites surface - DFF092C1BSLDB | Danby Canada\",\"isPartOf\":[],\"primaryImageOfPage\":[],\"image\":[],\"thumbnailUrl\":\"https:\/\/cdnweb.danby.com\/wp-content\/uploads\/sites\/2\/2022\/02\/08190827\/DFF092C1BSLDB-Featured.jpg\",\"datePublished\":\"2022-02-03T19:17:32+00:00\",\"dateModified\":\"2026-04-08T10:06:57+00:00\",\"description\":\"D\u00e9couvrez le style et la simplicit\u00e9 du r\u00e9frig\u00e9rateur de 9,2 pieds cubes (260 L) en acier inoxydable de Danby, parfait pour les petits espaces de vie dans un condo, un appartement ou une maison en rang\u00e9e ! R\u00e9duisez votre facture d'\u00e9lectricit\u00e9 et \u00e9conomisez sur l'\u00e9nergie gr\u00e2ce \u00e0 ce produit ENERGY STAR\u00ae. R\u00e9duisez le d\u00e9sordre gr\u00e2ce \u00e0 deux tablettes en verre r\u00e9glables, trois tablettes de porte int\u00e9gr\u00e9es, un tiroir \u00e0 l\u00e9gumes et un distributeur de boissons CanStor\u00ae offrant une polyvalence de rangement maximale. Tous vos produits congel\u00e9s pr\u00e9f\u00e9r\u00e9s peuvent \u00eatre rang\u00e9s dans un panier m\u00e9tallique et sur une \u00e9tag\u00e8re, ce qui permet de garder votre cong\u00e9lateur accessible et organis\u00e9. Le syst\u00e8me de fonctionnement sans givre \u00e0 la pointe de la technologie est con\u00e7u pour une meilleure conservation des aliments et un entretien sans effort, tandis que la lampe LED int\u00e9rieure brillante \u00e9claire l'int\u00e9rieur. En outre, la porte est dot\u00e9e d'une poign\u00e9e int\u00e9gr\u00e9e et peut \u00eatre r\u00e9gl\u00e9e pour une ouverture \u00e0 gauche ou \u00e0 droite gr\u00e2ce \u00e0 sa conception intelligente de charni\u00e8re r\u00e9versible. Ce mod\u00e8le peut servir de r\u00e9frig\u00e9rateur principal ou de deuxi\u00e8me option pour augmenter la capacit\u00e9 de stockage.\",\"breadcrumb\":[],\"inLanguage\":\"fr-CA\",\"potentialAction\":[{\"@type\":\"ReadAction\",\"target\":[\"https:\/\/www.danby.com\/fr\/products\/refrigerateurs-pour-petites-surfaces\/dff092c1bsldb\/\"]}]},{\"@type\":\"ImageObject\",\"inLanguage\":\"fr-CA\",\"url\":\"https:\/\/cdnweb.danby.com\/wp-content\/uploads\/sites\/2\/2022\/02\/08190827\/DFF092C1BSLDB-Featured.jpg\",\"contentUrl\":\"https:\/\/cdnweb.danby.com\/wp-content\/uploads\/sites\/2\/2022\/02\/08190827\/DFF092C1BSLDB-Featured.jpg\",\"width\":640,\"height\":800},{\"@type\":\"BreadcrumbList\",\"itemListElement\":[{\"@type\":\"ListItem\",\"position\":1,\"name\":\"Home\",\"item\":\"https:\/\/www.danby.com\/fr\/\"},{\"@type\":\"ListItem\",\"position\":2,\"name\":\"Boutique\",\"item\":\"https:\/\/www.danby.com\/fr\/boutique\/\"},{\"@type\":\"ListItem\",\"position\":3,\"name\":\"Danby 9.2 pi3 R\u00e9frig\u00e9rateurs pour petites surface\"}]},{\"@type\":\"WebSite\",\"url\":\"https:\/\/www.danby.com\/fr\/\",\"name\":\"Danby - Canada - French\",\"description\":\"Leader dans le domaine de la r\u00e9frig\u00e9ration et des appareils sp\u00e9cialis\u00e9s\",\"publisher\":[],\"potentialAction\":[{\"@type\":\"SearchAction\",\"target\":{\"@type\":\"EntryPoint\",\"urlTemplate\":\"https:\/\/www.danby.com\/fr\/?s={search_term_string}\"},\"query-input\":{\"@type\":\"PropertyValueSpecification\",\"valueRequired\":true,\"valueName\":\"search_term_string\"}}],\"inLanguage\":\"fr-CA\"},{\"@type\":\"Organization\",\"name\":\"Danby Appliances\",\"url\":\"https:\/\/www.danby.com\/fr\/\",\"logo\":{\"@type\":\"ImageObject\",\"inLanguage\":\"fr-CA\",\"url\":\"https:\/\/cdnweb.danby.com\/wp-content\/uploads\/sites\/2\/2022\/02\/10141906\/Danby75Ans_Blue.png\",\"contentUrl\":\"https:\/\/cdnweb.danby.com\/wp-content\/uploads\/sites\/2\/2022\/02\/10141906\/Danby75Ans_Blue.png\",\"width\":470,\"height\":110,\"caption\":\"Danby Appliances\"},\"image\":[],\"sameAs\":[\"https:\/\/www.facebook.com\/DanbyAppliances\",\"https:\/\/x.com\/DanbyAppliance\",\"https:\/\/instagram.com\/danbyappliances\/\",\"https:\/\/www.linkedin.com\/company\/danbyappliances\",\"https:\/\/www.pinterest.ca\/danbyappliances\/\",\"https:\/\/www.youtube.com\/user\/DanbyProducts\",\"https:\/\/en.wikipedia.org\/wiki\/Danby_(appliances)\"]}]}<\/script>\n<!-- \/ Yoast SEO plugin. -->","yoast_head_json":{"title":"Danby 9.2 pi3 R\u00e9frig\u00e9rateurs pour petites surface - DFF092C1BSLDB | Danby Canada","description":"D\u00e9couvrez le style et la simplicit\u00e9 du r\u00e9frig\u00e9rateur de 9,2 pieds cubes (260 L) en acier inoxydable de Danby, parfait pour les petits espaces de vie dans un condo, un appartement ou une maison en rang\u00e9e ! R\u00e9duisez votre facture d'\u00e9lectricit\u00e9 et \u00e9conomisez sur l'\u00e9nergie gr\u00e2ce \u00e0 ce produit ENERGY STAR\u00ae. R\u00e9duisez le d\u00e9sordre gr\u00e2ce \u00e0 deux tablettes en verre r\u00e9glables, trois tablettes de porte int\u00e9gr\u00e9es, un tiroir \u00e0 l\u00e9gumes et un distributeur de boissons CanStor\u00ae offrant une polyvalence de rangement maximale. Tous vos produits congel\u00e9s pr\u00e9f\u00e9r\u00e9s peuvent \u00eatre rang\u00e9s dans un panier m\u00e9tallique et sur une \u00e9tag\u00e8re, ce qui permet de garder votre cong\u00e9lateur accessible et organis\u00e9. Le syst\u00e8me de fonctionnement sans givre \u00e0 la pointe de la technologie est con\u00e7u pour une meilleure conservation des aliments et un entretien sans effort, tandis que la lampe LED int\u00e9rieure brillante \u00e9claire l'int\u00e9rieur. En outre, la porte est dot\u00e9e d'une poign\u00e9e int\u00e9gr\u00e9e et peut \u00eatre r\u00e9gl\u00e9e pour une ouverture \u00e0 gauche ou \u00e0 droite gr\u00e2ce \u00e0 sa conception intelligente de charni\u00e8re r\u00e9versible. Ce mod\u00e8le peut servir de r\u00e9frig\u00e9rateur principal ou de deuxi\u00e8me option pour augmenter la capacit\u00e9 de stockage.","robots":{"index":"index","follow":"follow","max-snippet":"max-snippet:-1","max-image-preview":"max-image-preview:large","max-video-preview":"max-video-preview:-1"},"canonical":"https:\/\/www.danby.com\/fr\/products\/refrigerateurs-pour-petites-surfaces\/dff092c1bsldb\/","og_locale":"fr_CA","og_type":"article","og_title":"Danby 9.2 pi3 R\u00e9frig\u00e9rateurs pour petites surface - DFF092C1BSLDB | Danby Canada","og_description":"D\u00e9couvrez le style et la simplicit\u00e9 du r\u00e9frig\u00e9rateur de 9,2 pieds cubes (260 L) en acier inoxydable de Danby, parfait pour les petits espaces de vie dans un condo, un appartement ou une maison en rang\u00e9e ! R\u00e9duisez votre facture d'\u00e9lectricit\u00e9 et \u00e9conomisez sur l'\u00e9nergie gr\u00e2ce \u00e0 ce produit ENERGY STAR\u00ae. R\u00e9duisez le d\u00e9sordre gr\u00e2ce \u00e0 deux tablettes en verre r\u00e9glables, trois tablettes de porte int\u00e9gr\u00e9es, un tiroir \u00e0 l\u00e9gumes et un distributeur de boissons CanStor\u00ae offrant une polyvalence de rangement maximale. Tous vos produits congel\u00e9s pr\u00e9f\u00e9r\u00e9s peuvent \u00eatre rang\u00e9s dans un panier m\u00e9tallique et sur une \u00e9tag\u00e8re, ce qui permet de garder votre cong\u00e9lateur accessible et organis\u00e9. Le syst\u00e8me de fonctionnement sans givre \u00e0 la pointe de la technologie est con\u00e7u pour une meilleure conservation des aliments et un entretien sans effort, tandis que la lampe LED int\u00e9rieure brillante \u00e9claire l'int\u00e9rieur. En outre, la porte est dot\u00e9e d'une poign\u00e9e int\u00e9gr\u00e9e et peut \u00eatre r\u00e9gl\u00e9e pour une ouverture \u00e0 gauche ou \u00e0 droite gr\u00e2ce \u00e0 sa conception intelligente de charni\u00e8re r\u00e9versible. Ce mod\u00e8le peut servir de r\u00e9frig\u00e9rateur principal ou de deuxi\u00e8me option pour augmenter la capacit\u00e9 de stockage.","og_url":"https:\/\/www.danby.com\/fr\/products\/refrigerateurs-pour-petites-surfaces\/dff092c1bsldb\/","og_site_name":"Danby - Canada - French","article_publisher":"https:\/\/www.facebook.com\/DanbyAppliances","article_modified_time":"2026-04-08T10:06:57+00:00","og_image":[{"width":640,"height":800,"url":"https:\/\/cdnweb.danby.com\/wp-content\/uploads\/sites\/2\/2022\/02\/08190827\/DFF092C1BSLDB-Featured.jpg","type":"image\/jpeg"}],"twitter_card":"summary_large_image","twitter_site":"@DanbyAppliance","schema":{"@context":"https:\/\/schema.org","@graph":[{"@type":["WebPage","ItemPage"],"url":"https:\/\/www.danby.com\/fr\/products\/refrigerateurs-pour-petites-surfaces\/dff092c1bsldb\/","name":"Danby 9.2 pi3 R\u00e9frig\u00e9rateurs pour petites surface - DFF092C1BSLDB | Danby Canada","isPartOf":[],"primaryImageOfPage":[],"image":[],"thumbnailUrl":"https:\/\/cdnweb.danby.com\/wp-content\/uploads\/sites\/2\/2022\/02\/08190827\/DFF092C1BSLDB-Featured.jpg","datePublished":"2022-02-03T19:17:32+00:00","dateModified":"2026-04-08T10:06:57+00:00","description":"D\u00e9couvrez le style et la simplicit\u00e9 du r\u00e9frig\u00e9rateur de 9,2 pieds cubes (260 L) en acier inoxydable de Danby, parfait pour les petits espaces de vie dans un condo, un appartement ou une maison en rang\u00e9e ! R\u00e9duisez votre facture d'\u00e9lectricit\u00e9 et \u00e9conomisez sur l'\u00e9nergie gr\u00e2ce \u00e0 ce produit ENERGY STAR\u00ae. R\u00e9duisez le d\u00e9sordre gr\u00e2ce \u00e0 deux tablettes en verre r\u00e9glables, trois tablettes de porte int\u00e9gr\u00e9es, un tiroir \u00e0 l\u00e9gumes et un distributeur de boissons CanStor\u00ae offrant une polyvalence de rangement maximale. Tous vos produits congel\u00e9s pr\u00e9f\u00e9r\u00e9s peuvent \u00eatre rang\u00e9s dans un panier m\u00e9tallique et sur une \u00e9tag\u00e8re, ce qui permet de garder votre cong\u00e9lateur accessible et organis\u00e9. Le syst\u00e8me de fonctionnement sans givre \u00e0 la pointe de la technologie est con\u00e7u pour une meilleure conservation des aliments et un entretien sans effort, tandis que la lampe LED int\u00e9rieure brillante \u00e9claire l'int\u00e9rieur. En outre, la porte est dot\u00e9e d'une poign\u00e9e int\u00e9gr\u00e9e et peut \u00eatre r\u00e9gl\u00e9e pour une ouverture \u00e0 gauche ou \u00e0 droite gr\u00e2ce \u00e0 sa conception intelligente de charni\u00e8re r\u00e9versible. Ce mod\u00e8le peut servir de r\u00e9frig\u00e9rateur principal ou de deuxi\u00e8me option pour augmenter la capacit\u00e9 de stockage.","breadcrumb":[],"inLanguage":"fr-CA","potentialAction":[{"@type":"ReadAction","target":["https:\/\/www.danby.com\/fr\/products\/refrigerateurs-pour-petites-surfaces\/dff092c1bsldb\/"]}]},{"@type":"ImageObject","inLanguage":"fr-CA","url":"https:\/\/cdnweb.danby.com\/wp-content\/uploads\/sites\/2\/2022\/02\/08190827\/DFF092C1BSLDB-Featured.jpg","contentUrl":"https:\/\/cdnweb.danby.com\/wp-content\/uploads\/sites\/2\/2022\/02\/08190827\/DFF092C1BSLDB-Featured.jpg","width":640,"height":800},{"@type":"BreadcrumbList","itemListElement":[{"@type":"ListItem","position":1,"name":"Home","item":"https:\/\/www.danby.com\/fr\/"},{"@type":"ListItem","position":2,"name":"Boutique","item":"https:\/\/www.danby.com\/fr\/boutique\/"},{"@type":"ListItem","position":3,"name":"Danby 9.2 pi3 R\u00e9frig\u00e9rateurs pour petites surface"}]},{"@type":"WebSite","url":"https:\/\/www.danby.com\/fr\/","name":"Danby - Canada - French","description":"Leader dans le domaine de la r\u00e9frig\u00e9ration et des appareils sp\u00e9cialis\u00e9s","publisher":[],"potentialAction":[{"@type":"SearchAction","target":{"@type":"EntryPoint","urlTemplate":"https:\/\/www.danby.com\/fr\/?s={search_term_string}"},"query-input":{"@type":"PropertyValueSpecification","valueRequired":true,"valueName":"search_term_string"}}],"inLanguage":"fr-CA"},{"@type":"Organization","name":"Danby Appliances","url":"https:\/\/www.danby.com\/fr\/","logo":{"@type":"ImageObject","inLanguage":"fr-CA","url":"https:\/\/cdnweb.danby.com\/wp-content\/uploads\/sites\/2\/2022\/02\/10141906\/Danby75Ans_Blue.png","contentUrl":"https:\/\/cdnweb.danby.com\/wp-content\/uploads\/sites\/2\/2022\/02\/10141906\/Danby75Ans_Blue.png","width":470,"height":110,"caption":"Danby Appliances"},"image":[],"sameAs":["https:\/\/www.facebook.com\/DanbyAppliances","https:\/\/x.com\/DanbyAppliance","https:\/\/instagram.com\/danbyappliances\/","https:\/\/www.linkedin.com\/company\/danbyappliances","https:\/\/www.pinterest.ca\/danbyappliances\/","https:\/\/www.youtube.com\/user\/DanbyProducts","https:\/\/en.wikipedia.org\/wiki\/Danby_(appliances)"]}]}},"post_mailing_queue_ids":[],"_links":{"self":[{"href":"https:\/\/www.danby.com\/fr\/wp-json\/wp\/v2\/product\/4942","targetHints":{"allow":["GET"]}}],"collection":[{"href":"https:\/\/www.danby.com\/fr\/wp-json\/wp\/v2\/product"}],"about":[{"href":"https:\/\/www.danby.com\/fr\/wp-json\/wp\/v2\/types\/product"}],"replies":[{"embeddable":true,"href":"https:\/\/www.danby.com\/fr\/wp-json\/wp\/v2\/comments?post=4942"}],"wp:featuredmedia":[{"embeddable":true,"href":"https:\/\/www.danby.com\/fr\/wp-json\/wp\/v2\/media\/6931"}],"wp:attachment":[{"href":"https:\/\/www.danby.com\/fr\/wp-json\/wp\/v2\/media?parent=4942"}],"wp:term":[{"taxonomy":"product_brand","embeddable":true,"href":"https:\/\/www.danby.com\/fr\/wp-json\/wp\/v2\/product_brand?post=4942"},{"taxonomy":"product_cat","embeddable":true,"href":"https:\/\/www.danby.com\/fr\/wp-json\/wp\/v2\/product_cat?post=4942"},{"taxonomy":"product_tag","embeddable":true,"href":"https:\/\/www.danby.com\/fr\/wp-json\/wp\/v2\/product_tag?post=4942"}],"curies":[{"name":"wp","href":"https:\/\/api.w.org\/{rel}","templated":true}]}}