{"id":4936,"date":"2022-02-03T19:17:32","date_gmt":"2022-02-03T19:17:32","guid":{"rendered":"https:\/\/www.danby.com\/fr\/product\/derm240bssc\/"},"modified":"2026-04-17T10:03:39","modified_gmt":"2026-04-17T10:03:39","slug":"derm240bssc","status":"publish","type":"product","link":"https:\/\/www.danby.com\/fr\/products\/cuisinieres\/derm240bssc\/","title":{"rendered":"Danby Cuisini\u00e8re \u00e9lectrique de 24 po de largeur en acier inoxydable"},"content":{"rendered":"","protected":false},"excerpt":{"rendered":"<ul>\n<li>Solution compacte pour les petits espaces de vie : cuisini\u00e8re \u00e9lectrique \u00e0 poser de 24\u2033 avec un four de grande capacit\u00e9 de 2,5 pi3.<\/li>\n<li>Four pyrolytique manuel, facile \u00e0 nettoyer, et table de cuisson relevable.<\/li>\n<li>Poign\u00e9es et boutons de couleur assortie<\/li>\n<li>\u00c9l\u00e9ments de limitation de la temp\u00e9rature du serpentin : 1x 7,5&#8243; (2100 W) pour l&#8217;\u00e9bullition rapide et 3 x 6&#8243; (1250 W) \u00e9l\u00e9ments de serpentin Porte en acier inoxydable avec fen\u00eatre XL (SS).<\/li>\n<li>Cuisson puissante et uniforme : six \u00e9l\u00e9ments de cuisson (2000 W) et de gril (2200 W) dissimul\u00e9s en passage pour une puissance de cuisson maximale. Lumi\u00e8re du four<\/li>\n<li>Plage de temp\u00e9rature du four de 200\u00b0F \u00e0 450\u00b0F<\/li>\n<li>Flexibilit\u00e9 : deux grilles de four avec trois positions r\u00e9glables et des arr\u00eats de s\u00e9curit\u00e9 pour une cuisson optimale.<\/li>\n<li>Tiroir de rangement avec poign\u00e9e de couleur assortie<\/li>\n<li>Garantie de 24 mois sur les pi\u00e8ces et la main-d&#8217;\u0153uvre avec un service \u00e0 domicile.<\/li>\n<\/ul>\n","protected":false},"featured_media":35359,"comment_status":"closed","ping_status":"closed","template":"","meta":{"_acf_changed":false},"product_brand":[],"product_cat":[36],"product_tag":[],"class_list":{"0":"post-4936","1":"product","2":"type-product","3":"status-publish","4":"has-post-thumbnail","6":"product_cat-cuisinieres","8":"first","9":"instock","10":"taxable","11":"shipping-taxable","12":"purchasable","13":"product-type-simple"},"acf":[],"yoast_head":"<!-- This site is optimized with the Yoast SEO plugin v26.7 - https:\/\/yoast.com\/wordpress\/plugins\/seo\/ -->\n<title>Danby Cuisini\u00e8re \u00e9lectrique de 24 po de largeur en acier inoxydable - DERM240BSSC | Danby Canada<\/title>\n<meta name=\"description\" content=\"Que vous pr\u00e9pariez des repas pour vous-m\u00eame ou pour la famille, cette cuisini\u00e8re \u00e9lectrique de 24 po de Danby offre tout ce dont vous avez besoin pour bien manger. Offerte en acier inoxydable, cette cuisini\u00e8re est id\u00e9ale pour les condos, les appartements ou les maisons en rang\u00e9e. Cuisinez de d\u00e9licieux repas gr\u00e2ce \u00e0 l&#039;espace de 2,5 pieds cubes du four et aux quatre br\u00fbleurs. La temp\u00e9rature du four varie entre 200\u00b0F et 450\u00b0F, tandis que le gril peut fournir une puissance de 2200 watts. Cette cuisini\u00e8re \u00e9lectrique fiable est \u00e9quip\u00e9e de boutons \u00e0 pousser et \u00e0 tourner pour plus de s\u00e9curit\u00e9 et comprend deux grilles de four \u00e0 trois positions r\u00e9glables. En outre, une grande fen\u00eatre de visualisation avec \u00e9clairage int\u00e9rieur vous permet de garder un \u0153il sur vos aliments pendant leur cuisson.\" \/>\n<meta name=\"robots\" content=\"index, follow, max-snippet:-1, max-image-preview:large, max-video-preview:-1\" \/>\n<link rel=\"canonical\" href=\"https:\/\/www.danby.com\/fr\/products\/cuisinieres\/derm240bssc\/\" \/>\n<meta property=\"og:locale\" content=\"fr_CA\" \/>\n<meta property=\"og:type\" content=\"article\" \/>\n<meta property=\"og:title\" content=\"Danby Cuisini\u00e8re \u00e9lectrique de 24 po de largeur en acier inoxydable - DERM240BSSC | Danby Canada\" \/>\n<meta property=\"og:description\" content=\"Que vous pr\u00e9pariez des repas pour vous-m\u00eame ou pour la famille, cette cuisini\u00e8re \u00e9lectrique de 24 po de Danby offre tout ce dont vous avez besoin pour bien manger. Offerte en acier inoxydable, cette cuisini\u00e8re est id\u00e9ale pour les condos, les appartements ou les maisons en rang\u00e9e. Cuisinez de d\u00e9licieux repas gr\u00e2ce \u00e0 l&#039;espace de 2,5 pieds cubes du four et aux quatre br\u00fbleurs. La temp\u00e9rature du four varie entre 200\u00b0F et 450\u00b0F, tandis que le gril peut fournir une puissance de 2200 watts. Cette cuisini\u00e8re \u00e9lectrique fiable est \u00e9quip\u00e9e de boutons \u00e0 pousser et \u00e0 tourner pour plus de s\u00e9curit\u00e9 et comprend deux grilles de four \u00e0 trois positions r\u00e9glables. En outre, une grande fen\u00eatre de visualisation avec \u00e9clairage int\u00e9rieur vous permet de garder un \u0153il sur vos aliments pendant leur cuisson.\" \/>\n<meta property=\"og:url\" content=\"https:\/\/www.danby.com\/fr\/products\/cuisinieres\/derm240bssc\/\" \/>\n<meta property=\"og:site_name\" content=\"Danby - Canada - French\" \/>\n<meta property=\"article:publisher\" content=\"https:\/\/www.facebook.com\/DanbyAppliances\" \/>\n<meta property=\"article:modified_time\" content=\"2026-04-17T10:03:39+00:00\" \/>\n<meta property=\"og:image\" content=\"https:\/\/cdnweb.danby.com\/wp-content\/uploads\/sites\/2\/2024\/03\/04155528\/DERM240BSSC_Front-scaled.jpg\" \/>\n\t<meta property=\"og:image:width\" content=\"1920\" \/>\n\t<meta property=\"og:image:height\" content=\"2560\" \/>\n\t<meta property=\"og:image:type\" content=\"image\/jpeg\" \/>\n<meta name=\"twitter:card\" content=\"summary_large_image\" \/>\n<meta name=\"twitter:site\" content=\"@DanbyAppliance\" \/>\n<script type=\"application\/ld+json\" class=\"yoast-schema-graph\">{\"@context\":\"https:\/\/schema.org\",\"@graph\":[{\"@type\":[\"WebPage\",\"ItemPage\"],\"url\":\"https:\/\/www.danby.com\/fr\/products\/cuisinieres\/derm240bssc\/\",\"name\":\"Danby Cuisini\u00e8re \u00e9lectrique de 24 po de largeur en acier inoxydable - DERM240BSSC | Danby Canada\",\"isPartOf\":[],\"primaryImageOfPage\":[],\"image\":[],\"thumbnailUrl\":\"https:\/\/www.danby.com\/fr\/wp-content\/uploads\/sites\/2\/2025\/10\/derm240bssc-thumbnail.jpg\",\"datePublished\":\"2022-02-03T19:17:32+00:00\",\"dateModified\":\"2026-04-17T10:03:39+00:00\",\"description\":\"Que vous pr\u00e9pariez des repas pour vous-m\u00eame ou pour la famille, cette cuisini\u00e8re \u00e9lectrique de 24 po de Danby offre tout ce dont vous avez besoin pour bien manger. Offerte en acier inoxydable, cette cuisini\u00e8re est id\u00e9ale pour les condos, les appartements ou les maisons en rang\u00e9e. Cuisinez de d\u00e9licieux repas gr\u00e2ce \u00e0 l'espace de 2,5 pieds cubes du four et aux quatre br\u00fbleurs. La temp\u00e9rature du four varie entre 200\u00b0F et 450\u00b0F, tandis que le gril peut fournir une puissance de 2200 watts. Cette cuisini\u00e8re \u00e9lectrique fiable est \u00e9quip\u00e9e de boutons \u00e0 pousser et \u00e0 tourner pour plus de s\u00e9curit\u00e9 et comprend deux grilles de four \u00e0 trois positions r\u00e9glables. En outre, une grande fen\u00eatre de visualisation avec \u00e9clairage int\u00e9rieur vous permet de garder un \u0153il sur vos aliments pendant leur cuisson.\",\"breadcrumb\":[],\"inLanguage\":\"fr-CA\",\"potentialAction\":[{\"@type\":\"ReadAction\",\"target\":[\"https:\/\/www.danby.com\/fr\/products\/cuisinieres\/derm240bssc\/\"]}]},{\"@type\":\"ImageObject\",\"inLanguage\":\"fr-CA\",\"url\":\"https:\/\/www.danby.com\/fr\/wp-content\/uploads\/sites\/2\/2025\/10\/derm240bssc-thumbnail.jpg\",\"contentUrl\":\"https:\/\/www.danby.com\/fr\/wp-content\/uploads\/sites\/2\/2025\/10\/derm240bssc-thumbnail.jpg\",\"width\":768,\"height\":1024},{\"@type\":\"BreadcrumbList\",\"itemListElement\":[{\"@type\":\"ListItem\",\"position\":1,\"name\":\"Home\",\"item\":\"https:\/\/www.danby.com\/fr\/\"},{\"@type\":\"ListItem\",\"position\":2,\"name\":\"Boutique\",\"item\":\"https:\/\/www.danby.com\/fr\/boutique\/\"},{\"@type\":\"ListItem\",\"position\":3,\"name\":\"Danby Cuisini\u00e8re \u00e9lectrique de 24 po de largeur en acier inoxydable\"}]},{\"@type\":\"WebSite\",\"url\":\"https:\/\/www.danby.com\/fr\/\",\"name\":\"Danby - Canada - French\",\"description\":\"Leader dans le domaine de la r\u00e9frig\u00e9ration et des appareils sp\u00e9cialis\u00e9s\",\"publisher\":[],\"potentialAction\":[{\"@type\":\"SearchAction\",\"target\":{\"@type\":\"EntryPoint\",\"urlTemplate\":\"https:\/\/www.danby.com\/fr\/?s={search_term_string}\"},\"query-input\":{\"@type\":\"PropertyValueSpecification\",\"valueRequired\":true,\"valueName\":\"search_term_string\"}}],\"inLanguage\":\"fr-CA\"},{\"@type\":\"Organization\",\"name\":\"Danby Appliances\",\"url\":\"https:\/\/www.danby.com\/fr\/\",\"logo\":{\"@type\":\"ImageObject\",\"inLanguage\":\"fr-CA\",\"url\":\"https:\/\/cdnweb.danby.com\/wp-content\/uploads\/sites\/2\/2022\/02\/10141906\/Danby75Ans_Blue.png\",\"contentUrl\":\"https:\/\/cdnweb.danby.com\/wp-content\/uploads\/sites\/2\/2022\/02\/10141906\/Danby75Ans_Blue.png\",\"width\":470,\"height\":110,\"caption\":\"Danby Appliances\"},\"image\":[],\"sameAs\":[\"https:\/\/www.facebook.com\/DanbyAppliances\",\"https:\/\/x.com\/DanbyAppliance\",\"https:\/\/instagram.com\/danbyappliances\/\",\"https:\/\/www.linkedin.com\/company\/danbyappliances\",\"https:\/\/www.pinterest.ca\/danbyappliances\/\",\"https:\/\/www.youtube.com\/user\/DanbyProducts\",\"https:\/\/en.wikipedia.org\/wiki\/Danby_(appliances)\"]}]}<\/script>\n<!-- \/ Yoast SEO plugin. -->","yoast_head_json":{"title":"Danby Cuisini\u00e8re \u00e9lectrique de 24 po de largeur en acier inoxydable - DERM240BSSC | Danby Canada","description":"Que vous pr\u00e9pariez des repas pour vous-m\u00eame ou pour la famille, cette cuisini\u00e8re \u00e9lectrique de 24 po de Danby offre tout ce dont vous avez besoin pour bien manger. Offerte en acier inoxydable, cette cuisini\u00e8re est id\u00e9ale pour les condos, les appartements ou les maisons en rang\u00e9e. Cuisinez de d\u00e9licieux repas gr\u00e2ce \u00e0 l'espace de 2,5 pieds cubes du four et aux quatre br\u00fbleurs. La temp\u00e9rature du four varie entre 200\u00b0F et 450\u00b0F, tandis que le gril peut fournir une puissance de 2200 watts. Cette cuisini\u00e8re \u00e9lectrique fiable est \u00e9quip\u00e9e de boutons \u00e0 pousser et \u00e0 tourner pour plus de s\u00e9curit\u00e9 et comprend deux grilles de four \u00e0 trois positions r\u00e9glables. En outre, une grande fen\u00eatre de visualisation avec \u00e9clairage int\u00e9rieur vous permet de garder un \u0153il sur vos aliments pendant leur cuisson.","robots":{"index":"index","follow":"follow","max-snippet":"max-snippet:-1","max-image-preview":"max-image-preview:large","max-video-preview":"max-video-preview:-1"},"canonical":"https:\/\/www.danby.com\/fr\/products\/cuisinieres\/derm240bssc\/","og_locale":"fr_CA","og_type":"article","og_title":"Danby Cuisini\u00e8re \u00e9lectrique de 24 po de largeur en acier inoxydable - DERM240BSSC | Danby Canada","og_description":"Que vous pr\u00e9pariez des repas pour vous-m\u00eame ou pour la famille, cette cuisini\u00e8re \u00e9lectrique de 24 po de Danby offre tout ce dont vous avez besoin pour bien manger. Offerte en acier inoxydable, cette cuisini\u00e8re est id\u00e9ale pour les condos, les appartements ou les maisons en rang\u00e9e. Cuisinez de d\u00e9licieux repas gr\u00e2ce \u00e0 l'espace de 2,5 pieds cubes du four et aux quatre br\u00fbleurs. La temp\u00e9rature du four varie entre 200\u00b0F et 450\u00b0F, tandis que le gril peut fournir une puissance de 2200 watts. Cette cuisini\u00e8re \u00e9lectrique fiable est \u00e9quip\u00e9e de boutons \u00e0 pousser et \u00e0 tourner pour plus de s\u00e9curit\u00e9 et comprend deux grilles de four \u00e0 trois positions r\u00e9glables. En outre, une grande fen\u00eatre de visualisation avec \u00e9clairage int\u00e9rieur vous permet de garder un \u0153il sur vos aliments pendant leur cuisson.","og_url":"https:\/\/www.danby.com\/fr\/products\/cuisinieres\/derm240bssc\/","og_site_name":"Danby - Canada - French","article_publisher":"https:\/\/www.facebook.com\/DanbyAppliances","article_modified_time":"2026-04-17T10:03:39+00:00","og_image":[{"width":1920,"height":2560,"url":"https:\/\/cdnweb.danby.com\/wp-content\/uploads\/sites\/2\/2024\/03\/04155528\/DERM240BSSC_Front-scaled.jpg","type":"image\/jpeg"}],"twitter_card":"summary_large_image","twitter_site":"@DanbyAppliance","schema":{"@context":"https:\/\/schema.org","@graph":[{"@type":["WebPage","ItemPage"],"url":"https:\/\/www.danby.com\/fr\/products\/cuisinieres\/derm240bssc\/","name":"Danby Cuisini\u00e8re \u00e9lectrique de 24 po de largeur en acier inoxydable - DERM240BSSC | Danby Canada","isPartOf":[],"primaryImageOfPage":[],"image":[],"thumbnailUrl":"https:\/\/www.danby.com\/fr\/wp-content\/uploads\/sites\/2\/2025\/10\/derm240bssc-thumbnail.jpg","datePublished":"2022-02-03T19:17:32+00:00","dateModified":"2026-04-17T10:03:39+00:00","description":"Que vous pr\u00e9pariez des repas pour vous-m\u00eame ou pour la famille, cette cuisini\u00e8re \u00e9lectrique de 24 po de Danby offre tout ce dont vous avez besoin pour bien manger. Offerte en acier inoxydable, cette cuisini\u00e8re est id\u00e9ale pour les condos, les appartements ou les maisons en rang\u00e9e. Cuisinez de d\u00e9licieux repas gr\u00e2ce \u00e0 l'espace de 2,5 pieds cubes du four et aux quatre br\u00fbleurs. La temp\u00e9rature du four varie entre 200\u00b0F et 450\u00b0F, tandis que le gril peut fournir une puissance de 2200 watts. Cette cuisini\u00e8re \u00e9lectrique fiable est \u00e9quip\u00e9e de boutons \u00e0 pousser et \u00e0 tourner pour plus de s\u00e9curit\u00e9 et comprend deux grilles de four \u00e0 trois positions r\u00e9glables. En outre, une grande fen\u00eatre de visualisation avec \u00e9clairage int\u00e9rieur vous permet de garder un \u0153il sur vos aliments pendant leur cuisson.","breadcrumb":[],"inLanguage":"fr-CA","potentialAction":[{"@type":"ReadAction","target":["https:\/\/www.danby.com\/fr\/products\/cuisinieres\/derm240bssc\/"]}]},{"@type":"ImageObject","inLanguage":"fr-CA","url":"https:\/\/www.danby.com\/fr\/wp-content\/uploads\/sites\/2\/2025\/10\/derm240bssc-thumbnail.jpg","contentUrl":"https:\/\/www.danby.com\/fr\/wp-content\/uploads\/sites\/2\/2025\/10\/derm240bssc-thumbnail.jpg","width":768,"height":1024},{"@type":"BreadcrumbList","itemListElement":[{"@type":"ListItem","position":1,"name":"Home","item":"https:\/\/www.danby.com\/fr\/"},{"@type":"ListItem","position":2,"name":"Boutique","item":"https:\/\/www.danby.com\/fr\/boutique\/"},{"@type":"ListItem","position":3,"name":"Danby Cuisini\u00e8re \u00e9lectrique de 24 po de largeur en acier inoxydable"}]},{"@type":"WebSite","url":"https:\/\/www.danby.com\/fr\/","name":"Danby - Canada - French","description":"Leader dans le domaine de la r\u00e9frig\u00e9ration et des appareils sp\u00e9cialis\u00e9s","publisher":[],"potentialAction":[{"@type":"SearchAction","target":{"@type":"EntryPoint","urlTemplate":"https:\/\/www.danby.com\/fr\/?s={search_term_string}"},"query-input":{"@type":"PropertyValueSpecification","valueRequired":true,"valueName":"search_term_string"}}],"inLanguage":"fr-CA"},{"@type":"Organization","name":"Danby Appliances","url":"https:\/\/www.danby.com\/fr\/","logo":{"@type":"ImageObject","inLanguage":"fr-CA","url":"https:\/\/cdnweb.danby.com\/wp-content\/uploads\/sites\/2\/2022\/02\/10141906\/Danby75Ans_Blue.png","contentUrl":"https:\/\/cdnweb.danby.com\/wp-content\/uploads\/sites\/2\/2022\/02\/10141906\/Danby75Ans_Blue.png","width":470,"height":110,"caption":"Danby Appliances"},"image":[],"sameAs":["https:\/\/www.facebook.com\/DanbyAppliances","https:\/\/x.com\/DanbyAppliance","https:\/\/instagram.com\/danbyappliances\/","https:\/\/www.linkedin.com\/company\/danbyappliances","https:\/\/www.pinterest.ca\/danbyappliances\/","https:\/\/www.youtube.com\/user\/DanbyProducts","https:\/\/en.wikipedia.org\/wiki\/Danby_(appliances)"]}]}},"post_mailing_queue_ids":[],"_links":{"self":[{"href":"https:\/\/www.danby.com\/fr\/wp-json\/wp\/v2\/product\/4936","targetHints":{"allow":["GET"]}}],"collection":[{"href":"https:\/\/www.danby.com\/fr\/wp-json\/wp\/v2\/product"}],"about":[{"href":"https:\/\/www.danby.com\/fr\/wp-json\/wp\/v2\/types\/product"}],"replies":[{"embeddable":true,"href":"https:\/\/www.danby.com\/fr\/wp-json\/wp\/v2\/comments?post=4936"}],"wp:featuredmedia":[{"embeddable":true,"href":"https:\/\/www.danby.com\/fr\/wp-json\/wp\/v2\/media\/35359"}],"wp:attachment":[{"href":"https:\/\/www.danby.com\/fr\/wp-json\/wp\/v2\/media?parent=4936"}],"wp:term":[{"taxonomy":"product_brand","embeddable":true,"href":"https:\/\/www.danby.com\/fr\/wp-json\/wp\/v2\/product_brand?post=4936"},{"taxonomy":"product_cat","embeddable":true,"href":"https:\/\/www.danby.com\/fr\/wp-json\/wp\/v2\/product_cat?post=4936"},{"taxonomy":"product_tag","embeddable":true,"href":"https:\/\/www.danby.com\/fr\/wp-json\/wp\/v2\/product_tag?post=4936"}],"curies":[{"name":"wp","href":"https:\/\/api.w.org\/{rel}","templated":true}]}}