{"id":4935,"date":"2022-02-03T19:17:32","date_gmt":"2022-02-03T19:17:32","guid":{"rendered":"https:\/\/www.danby.com\/fr\/product\/der245bssc\/"},"modified":"2026-04-25T10:09:49","modified_gmt":"2026-04-25T10:09:49","slug":"der245bssc","status":"publish","type":"product","link":"https:\/\/www.danby.com\/fr\/products\/cuisinieres\/der245bssc\/","title":{"rendered":"Gamme Danby \u00e0 bobine \u00e9lectrique autonome en acier inoxydable de 24 pouces"},"content":{"rendered":"","protected":false},"excerpt":{"rendered":"<ul>\n<li>Solution compacte pour les petits espaces de vie : cuisini\u00e8re \u00e9lectrique sur pied 24\u2033 avec une grande capacit\u00e9 de four de 2,9 pi3.<\/li>\n<li>Panneau de commande angulaire et boutons frontaux : boutons de s\u00e9curit\u00e9 \u00e0 montage frontal faciles \u00e0 atteindre, \u00e0 pousser et \u00e0 tourner.<\/li>\n<li>Poign\u00e9e incurv\u00e9e : poign\u00e9e design incurv\u00e9e en une seule pi\u00e8ce.<\/li>\n<li>Pieds de protection des pi\u00e8ces d&#8217;angle pour \u00e9viter les dommages<\/li>\n<li>Grande fen\u00eatre du four avec \u00e9clairage int\u00e9rieur vous permettant de garder un \u0153il sur vos aliments pendant qu&#8217;ils cuisent.<\/li>\n<li>Int\u00e9rieur du four bleu pyrolytique : la finition en porcelaine \u00e9maill\u00e9e pyrolytique rend le nettoyage de votre four aussi facile que celui du verre.<\/li>\n<li>La cuisini\u00e8re est conforme \u00e0 la norme ADA et r\u00e9pond aux exigences des Standards for Accessible Design pour les personnes handicap\u00e9es.<\/li>\n<li>Technologie de cuisson parfaite : Un int\u00e9rieur redessin\u00e9 avec une base circulaire qui distribue mieux la chaleur, cuisant vos aliments de mani\u00e8re plus uniforme.<\/li>\n<li>Cuisson puissante et uniforme : quatre \u00e9l\u00e9ments de cuisson (2000 W) et de gril (2400 W) pour une puissance de cuisson maximale.<\/li>\n<li>Flexibilit\u00e9 : deux grilles de four avec quatre positions r\u00e9glables et des arr\u00eats de s\u00e9curit\u00e9 pour une cuisson optimale<\/li>\n<li>Bobines de limitation de la temp\u00e9rature : l&#8217;\u00e9l\u00e9ment bobine s&#8217;\u00e9teint lorsque la casserole atteint la temp\u00e9rature maximale, conform\u00e9ment \u00e0 la norme UL 858 60A. 1x 8&#8243; (2400 W) pour l&#8217;\u00e9bullition rapide et 3 x 6&#8243; \u00e9l\u00e9ments serpentins (1250 W)<\/li>\n<li>Garantie de 18 mois sur les pi\u00e8ces et la main-d&#8217;\u0153uvre avec service \u00e0 domicile.<\/li>\n<\/ul>\n","protected":false},"featured_media":12656,"comment_status":"closed","ping_status":"open","template":"","meta":{"_acf_changed":false},"product_brand":[],"product_cat":[36],"product_tag":[],"class_list":{"0":"post-4935","1":"product","2":"type-product","3":"status-publish","4":"has-post-thumbnail","6":"product_cat-cuisinieres","7":"pa_duree-de-la-garantie-en-mois-1170","9":"first","10":"outofstock","11":"taxable","12":"shipping-taxable","13":"product-type-simple"},"acf":[],"yoast_head":"<!-- This site is optimized with the Yoast SEO plugin v27.4 - https:\/\/yoast.com\/product\/yoast-seo-wordpress\/ -->\n<title>Gamme Danby \u00e0 bobine \u00e9lectrique autonome en acier inoxydable de 24 pouces - DER245BSSC | Danby Canada<\/title>\n<meta name=\"description\" content=\"Il n&#039;est pas n\u00e9cessaire d&#039;\u00eatre un chef de renomm\u00e9e mondiale pour appr\u00e9cier la cuisine avec cette cuisini\u00e8re \u00e9lectrique compacte de Danby. Ce mod\u00e8le ne fait peut-\u00eatre que 24 pouces de large, mais il est dot\u00e9 de tout ce dont vous avez besoin pour bien manger. Il comprend un four et quatre br\u00fbleurs : un \u00e9l\u00e9ment \u00e0 serpentin de huit pouces et trois de six pouces. Cet appareil tendance est offert en noir, en blanc ou en acier inoxydable et offre un espace de cuisson de 2,9 pieds cubes, ce qui le rend id\u00e9al pour les petits appartements, les condos ou les chalets. Il est dot\u00e9 d&#039;une plaque de cuisson en porcelaine facile \u00e0 nettoyer et r\u00e9sistante aux d\u00e9versements. La temp\u00e9rature du four varie entre 250\u00b0F et 500\u00b0F, tandis que le gril peut fournir une puissance de 2400 watts. Cette cuisini\u00e8re \u00e9lectrique fiable est \u00e9quip\u00e9e de boutons \u00e0 pousser et \u00e0 tourner pour plus de s\u00e9curit\u00e9 et comprend deux grilles de four \u00e0 quatre positions r\u00e9glables avec des arr\u00eats de s\u00e9curit\u00e9 pour une cuisson optimale. Une grande fen\u00eatre de visualisation avec \u00e9clairage int\u00e9rieur vous permet de garder un \u0153il sur vos aliments pendant qu&#039;ils cuisent. Les serpentins de limitation de la temp\u00e9rature s&#039;\u00e9teignent lorsque le four atteint la temp\u00e9rature maximale, conform\u00e9ment \u00e0 la norme UL 858 60A. Cette cuisini\u00e8re est conforme aux normes ADA et b\u00e9n\u00e9ficie d&#039;une garantie de 18 mois sur les pi\u00e8ces et la main d&#039;\u0153uvre avec un service \u00e0 domicile pratique.\" \/>\n<meta name=\"robots\" content=\"index, follow, max-snippet:-1, max-image-preview:large, max-video-preview:-1\" \/>\n<link rel=\"canonical\" href=\"https:\/\/www.danby.com\/fr\/products\/cuisinieres\/der245bssc\/\" \/>\n<meta property=\"og:locale\" content=\"fr_CA\" \/>\n<meta property=\"og:type\" content=\"article\" \/>\n<meta property=\"og:title\" content=\"Gamme Danby \u00e0 bobine \u00e9lectrique autonome en acier inoxydable de 24 pouces - DER245BSSC | Danby Canada\" \/>\n<meta property=\"og:description\" content=\"Il n&#039;est pas n\u00e9cessaire d&#039;\u00eatre un chef de renomm\u00e9e mondiale pour appr\u00e9cier la cuisine avec cette cuisini\u00e8re \u00e9lectrique compacte de Danby. Ce mod\u00e8le ne fait peut-\u00eatre que 24 pouces de large, mais il est dot\u00e9 de tout ce dont vous avez besoin pour bien manger. Il comprend un four et quatre br\u00fbleurs : un \u00e9l\u00e9ment \u00e0 serpentin de huit pouces et trois de six pouces. Cet appareil tendance est offert en noir, en blanc ou en acier inoxydable et offre un espace de cuisson de 2,9 pieds cubes, ce qui le rend id\u00e9al pour les petits appartements, les condos ou les chalets. Il est dot\u00e9 d&#039;une plaque de cuisson en porcelaine facile \u00e0 nettoyer et r\u00e9sistante aux d\u00e9versements. La temp\u00e9rature du four varie entre 250\u00b0F et 500\u00b0F, tandis que le gril peut fournir une puissance de 2400 watts. Cette cuisini\u00e8re \u00e9lectrique fiable est \u00e9quip\u00e9e de boutons \u00e0 pousser et \u00e0 tourner pour plus de s\u00e9curit\u00e9 et comprend deux grilles de four \u00e0 quatre positions r\u00e9glables avec des arr\u00eats de s\u00e9curit\u00e9 pour une cuisson optimale. Une grande fen\u00eatre de visualisation avec \u00e9clairage int\u00e9rieur vous permet de garder un \u0153il sur vos aliments pendant qu&#039;ils cuisent. Les serpentins de limitation de la temp\u00e9rature s&#039;\u00e9teignent lorsque le four atteint la temp\u00e9rature maximale, conform\u00e9ment \u00e0 la norme UL 858 60A. Cette cuisini\u00e8re est conforme aux normes ADA et b\u00e9n\u00e9ficie d&#039;une garantie de 18 mois sur les pi\u00e8ces et la main d&#039;\u0153uvre avec un service \u00e0 domicile pratique.\" \/>\n<meta property=\"og:url\" content=\"https:\/\/www.danby.com\/fr\/products\/cuisinieres\/der245bssc\/\" \/>\n<meta property=\"og:site_name\" content=\"Danby - Canada - French\" \/>\n<meta property=\"article:publisher\" content=\"https:\/\/www.facebook.com\/DanbyAppliances\" \/>\n<meta property=\"article:modified_time\" content=\"2026-04-25T10:09:49+00:00\" \/>\n<meta property=\"og:image\" content=\"https:\/\/cdnweb.danby.com\/wp-content\/uploads\/sites\/2\/2022\/02\/09162014\/DER202BSS_Front_Closed-1.jpg\" \/>\n\t<meta property=\"og:image:width\" content=\"1491\" \/>\n\t<meta property=\"og:image:height\" content=\"2400\" \/>\n\t<meta property=\"og:image:type\" content=\"image\/jpeg\" \/>\n<meta name=\"twitter:card\" content=\"summary_large_image\" \/>\n<meta name=\"twitter:site\" content=\"@DanbyAppliance\" \/>\n<script type=\"application\/ld+json\" class=\"yoast-schema-graph\">{\"@context\":\"https:\\\/\\\/schema.org\",\"@graph\":[{\"@type\":[\"WebPage\",\"ItemPage\"],\"url\":\"https:\\\/\\\/www.danby.com\\\/fr\\\/products\\\/cuisinieres\\\/der245bssc\\\/\",\"name\":\"Gamme Danby \u00e0 bobine \u00e9lectrique autonome en acier inoxydable de 24 pouces - DER245BSSC | Danby Canada\",\"isPartOf\":[],\"primaryImageOfPage\":[],\"image\":[],\"thumbnailUrl\":\"https:\\\/\\\/cdnweb.danby.com\\\/wp-content\\\/uploads\\\/sites\\\/2\\\/2022\\\/02\\\/09162014\\\/DER202BSS_Front_Closed-1.jpg\",\"datePublished\":\"2022-02-03T19:17:32+00:00\",\"dateModified\":\"2026-04-25T10:09:49+00:00\",\"description\":\"Il n'est pas n\u00e9cessaire d'\u00eatre un chef de renomm\u00e9e mondiale pour appr\u00e9cier la cuisine avec cette cuisini\u00e8re \u00e9lectrique compacte de Danby. Ce mod\u00e8le ne fait peut-\u00eatre que 24 pouces de large, mais il est dot\u00e9 de tout ce dont vous avez besoin pour bien manger. Il comprend un four et quatre br\u00fbleurs : un \u00e9l\u00e9ment \u00e0 serpentin de huit pouces et trois de six pouces. Cet appareil tendance est offert en noir, en blanc ou en acier inoxydable et offre un espace de cuisson de 2,9 pieds cubes, ce qui le rend id\u00e9al pour les petits appartements, les condos ou les chalets. Il est dot\u00e9 d'une plaque de cuisson en porcelaine facile \u00e0 nettoyer et r\u00e9sistante aux d\u00e9versements. La temp\u00e9rature du four varie entre 250\u00b0F et 500\u00b0F, tandis que le gril peut fournir une puissance de 2400 watts. Cette cuisini\u00e8re \u00e9lectrique fiable est \u00e9quip\u00e9e de boutons \u00e0 pousser et \u00e0 tourner pour plus de s\u00e9curit\u00e9 et comprend deux grilles de four \u00e0 quatre positions r\u00e9glables avec des arr\u00eats de s\u00e9curit\u00e9 pour une cuisson optimale. Une grande fen\u00eatre de visualisation avec \u00e9clairage int\u00e9rieur vous permet de garder un \u0153il sur vos aliments pendant qu'ils cuisent. Les serpentins de limitation de la temp\u00e9rature s'\u00e9teignent lorsque le four atteint la temp\u00e9rature maximale, conform\u00e9ment \u00e0 la norme UL 858 60A. Cette cuisini\u00e8re est conforme aux normes ADA et b\u00e9n\u00e9ficie d'une garantie de 18 mois sur les pi\u00e8ces et la main d'\u0153uvre avec un service \u00e0 domicile pratique.\",\"breadcrumb\":[],\"inLanguage\":\"fr-CA\",\"potentialAction\":[{\"@type\":\"ReadAction\",\"target\":[\"https:\\\/\\\/www.danby.com\\\/fr\\\/products\\\/cuisinieres\\\/der245bssc\\\/\"]}]},{\"@type\":\"ImageObject\",\"inLanguage\":\"fr-CA\",\"url\":\"https:\\\/\\\/cdnweb.danby.com\\\/wp-content\\\/uploads\\\/sites\\\/2\\\/2022\\\/02\\\/09162014\\\/DER202BSS_Front_Closed-1.jpg\",\"contentUrl\":\"https:\\\/\\\/cdnweb.danby.com\\\/wp-content\\\/uploads\\\/sites\\\/2\\\/2022\\\/02\\\/09162014\\\/DER202BSS_Front_Closed-1.jpg\",\"width\":1491,\"height\":2400},{\"@type\":\"BreadcrumbList\",\"itemListElement\":[{\"@type\":\"ListItem\",\"position\":1,\"name\":\"Home\",\"item\":\"https:\\\/\\\/www.danby.com\\\/fr\\\/\"},{\"@type\":\"ListItem\",\"position\":2,\"name\":\"Boutique\",\"item\":\"https:\\\/\\\/www.danby.com\\\/fr\\\/boutique\\\/\"},{\"@type\":\"ListItem\",\"position\":3,\"name\":\"Gamme Danby \u00e0 bobine \u00e9lectrique autonome en acier inoxydable de 24 pouces\"}]},{\"@type\":\"WebSite\",\"url\":\"https:\\\/\\\/www.danby.com\\\/fr\\\/\",\"name\":\"Danby - Canada - French\",\"description\":\"Leader dans le domaine de la r\u00e9frig\u00e9ration et des appareils sp\u00e9cialis\u00e9s\",\"publisher\":[],\"potentialAction\":[{\"@type\":\"SearchAction\",\"target\":{\"@type\":\"EntryPoint\",\"urlTemplate\":\"https:\\\/\\\/www.danby.com\\\/fr\\\/?s={search_term_string}\"},\"query-input\":{\"@type\":\"PropertyValueSpecification\",\"valueRequired\":true,\"valueName\":\"search_term_string\"}}],\"inLanguage\":\"fr-CA\"},{\"@type\":\"Organization\",\"name\":\"Danby Appliances\",\"url\":\"https:\\\/\\\/www.danby.com\\\/fr\\\/\",\"logo\":{\"@type\":\"ImageObject\",\"inLanguage\":\"fr-CA\",\"url\":\"https:\\\/\\\/cdnweb.danby.com\\\/wp-content\\\/uploads\\\/sites\\\/2\\\/2022\\\/02\\\/10141906\\\/Danby75Ans_Blue.png\",\"contentUrl\":\"https:\\\/\\\/cdnweb.danby.com\\\/wp-content\\\/uploads\\\/sites\\\/2\\\/2022\\\/02\\\/10141906\\\/Danby75Ans_Blue.png\",\"width\":470,\"height\":110,\"caption\":\"Danby Appliances\"},\"image\":[],\"sameAs\":[\"https:\\\/\\\/www.facebook.com\\\/DanbyAppliances\",\"https:\\\/\\\/x.com\\\/DanbyAppliance\",\"https:\\\/\\\/instagram.com\\\/danbyappliances\\\/\",\"https:\\\/\\\/www.linkedin.com\\\/company\\\/danbyappliances\",\"https:\\\/\\\/www.pinterest.ca\\\/danbyappliances\\\/\",\"https:\\\/\\\/www.youtube.com\\\/user\\\/DanbyProducts\",\"https:\\\/\\\/en.wikipedia.org\\\/wiki\\\/Danby_(appliances)\"]}]}<\/script>\n<!-- \/ Yoast SEO plugin. -->","yoast_head_json":{"title":"Gamme Danby \u00e0 bobine \u00e9lectrique autonome en acier inoxydable de 24 pouces - DER245BSSC | Danby Canada","description":"Il n'est pas n\u00e9cessaire d'\u00eatre un chef de renomm\u00e9e mondiale pour appr\u00e9cier la cuisine avec cette cuisini\u00e8re \u00e9lectrique compacte de Danby. Ce mod\u00e8le ne fait peut-\u00eatre que 24 pouces de large, mais il est dot\u00e9 de tout ce dont vous avez besoin pour bien manger. Il comprend un four et quatre br\u00fbleurs : un \u00e9l\u00e9ment \u00e0 serpentin de huit pouces et trois de six pouces. Cet appareil tendance est offert en noir, en blanc ou en acier inoxydable et offre un espace de cuisson de 2,9 pieds cubes, ce qui le rend id\u00e9al pour les petits appartements, les condos ou les chalets. Il est dot\u00e9 d'une plaque de cuisson en porcelaine facile \u00e0 nettoyer et r\u00e9sistante aux d\u00e9versements. La temp\u00e9rature du four varie entre 250\u00b0F et 500\u00b0F, tandis que le gril peut fournir une puissance de 2400 watts. Cette cuisini\u00e8re \u00e9lectrique fiable est \u00e9quip\u00e9e de boutons \u00e0 pousser et \u00e0 tourner pour plus de s\u00e9curit\u00e9 et comprend deux grilles de four \u00e0 quatre positions r\u00e9glables avec des arr\u00eats de s\u00e9curit\u00e9 pour une cuisson optimale. Une grande fen\u00eatre de visualisation avec \u00e9clairage int\u00e9rieur vous permet de garder un \u0153il sur vos aliments pendant qu'ils cuisent. Les serpentins de limitation de la temp\u00e9rature s'\u00e9teignent lorsque le four atteint la temp\u00e9rature maximale, conform\u00e9ment \u00e0 la norme UL 858 60A. Cette cuisini\u00e8re est conforme aux normes ADA et b\u00e9n\u00e9ficie d'une garantie de 18 mois sur les pi\u00e8ces et la main d'\u0153uvre avec un service \u00e0 domicile pratique.","robots":{"index":"index","follow":"follow","max-snippet":"max-snippet:-1","max-image-preview":"max-image-preview:large","max-video-preview":"max-video-preview:-1"},"canonical":"https:\/\/www.danby.com\/fr\/products\/cuisinieres\/der245bssc\/","og_locale":"fr_CA","og_type":"article","og_title":"Gamme Danby \u00e0 bobine \u00e9lectrique autonome en acier inoxydable de 24 pouces - DER245BSSC | Danby Canada","og_description":"Il n'est pas n\u00e9cessaire d'\u00eatre un chef de renomm\u00e9e mondiale pour appr\u00e9cier la cuisine avec cette cuisini\u00e8re \u00e9lectrique compacte de Danby. Ce mod\u00e8le ne fait peut-\u00eatre que 24 pouces de large, mais il est dot\u00e9 de tout ce dont vous avez besoin pour bien manger. Il comprend un four et quatre br\u00fbleurs : un \u00e9l\u00e9ment \u00e0 serpentin de huit pouces et trois de six pouces. Cet appareil tendance est offert en noir, en blanc ou en acier inoxydable et offre un espace de cuisson de 2,9 pieds cubes, ce qui le rend id\u00e9al pour les petits appartements, les condos ou les chalets. Il est dot\u00e9 d'une plaque de cuisson en porcelaine facile \u00e0 nettoyer et r\u00e9sistante aux d\u00e9versements. La temp\u00e9rature du four varie entre 250\u00b0F et 500\u00b0F, tandis que le gril peut fournir une puissance de 2400 watts. Cette cuisini\u00e8re \u00e9lectrique fiable est \u00e9quip\u00e9e de boutons \u00e0 pousser et \u00e0 tourner pour plus de s\u00e9curit\u00e9 et comprend deux grilles de four \u00e0 quatre positions r\u00e9glables avec des arr\u00eats de s\u00e9curit\u00e9 pour une cuisson optimale. Une grande fen\u00eatre de visualisation avec \u00e9clairage int\u00e9rieur vous permet de garder un \u0153il sur vos aliments pendant qu'ils cuisent. Les serpentins de limitation de la temp\u00e9rature s'\u00e9teignent lorsque le four atteint la temp\u00e9rature maximale, conform\u00e9ment \u00e0 la norme UL 858 60A. Cette cuisini\u00e8re est conforme aux normes ADA et b\u00e9n\u00e9ficie d'une garantie de 18 mois sur les pi\u00e8ces et la main d'\u0153uvre avec un service \u00e0 domicile pratique.","og_url":"https:\/\/www.danby.com\/fr\/products\/cuisinieres\/der245bssc\/","og_site_name":"Danby - Canada - French","article_publisher":"https:\/\/www.facebook.com\/DanbyAppliances","article_modified_time":"2026-04-25T10:09:49+00:00","og_image":[{"width":1491,"height":2400,"url":"https:\/\/cdnweb.danby.com\/wp-content\/uploads\/sites\/2\/2022\/02\/09162014\/DER202BSS_Front_Closed-1.jpg","type":"image\/jpeg"}],"twitter_card":"summary_large_image","twitter_site":"@DanbyAppliance","schema":{"@context":"https:\/\/schema.org","@graph":[{"@type":["WebPage","ItemPage"],"url":"https:\/\/www.danby.com\/fr\/products\/cuisinieres\/der245bssc\/","name":"Gamme Danby \u00e0 bobine \u00e9lectrique autonome en acier inoxydable de 24 pouces - DER245BSSC | Danby Canada","isPartOf":[],"primaryImageOfPage":[],"image":[],"thumbnailUrl":"https:\/\/cdnweb.danby.com\/wp-content\/uploads\/sites\/2\/2022\/02\/09162014\/DER202BSS_Front_Closed-1.jpg","datePublished":"2022-02-03T19:17:32+00:00","dateModified":"2026-04-25T10:09:49+00:00","description":"Il n'est pas n\u00e9cessaire d'\u00eatre un chef de renomm\u00e9e mondiale pour appr\u00e9cier la cuisine avec cette cuisini\u00e8re \u00e9lectrique compacte de Danby. Ce mod\u00e8le ne fait peut-\u00eatre que 24 pouces de large, mais il est dot\u00e9 de tout ce dont vous avez besoin pour bien manger. Il comprend un four et quatre br\u00fbleurs : un \u00e9l\u00e9ment \u00e0 serpentin de huit pouces et trois de six pouces. Cet appareil tendance est offert en noir, en blanc ou en acier inoxydable et offre un espace de cuisson de 2,9 pieds cubes, ce qui le rend id\u00e9al pour les petits appartements, les condos ou les chalets. Il est dot\u00e9 d'une plaque de cuisson en porcelaine facile \u00e0 nettoyer et r\u00e9sistante aux d\u00e9versements. La temp\u00e9rature du four varie entre 250\u00b0F et 500\u00b0F, tandis que le gril peut fournir une puissance de 2400 watts. Cette cuisini\u00e8re \u00e9lectrique fiable est \u00e9quip\u00e9e de boutons \u00e0 pousser et \u00e0 tourner pour plus de s\u00e9curit\u00e9 et comprend deux grilles de four \u00e0 quatre positions r\u00e9glables avec des arr\u00eats de s\u00e9curit\u00e9 pour une cuisson optimale. Une grande fen\u00eatre de visualisation avec \u00e9clairage int\u00e9rieur vous permet de garder un \u0153il sur vos aliments pendant qu'ils cuisent. Les serpentins de limitation de la temp\u00e9rature s'\u00e9teignent lorsque le four atteint la temp\u00e9rature maximale, conform\u00e9ment \u00e0 la norme UL 858 60A. Cette cuisini\u00e8re est conforme aux normes ADA et b\u00e9n\u00e9ficie d'une garantie de 18 mois sur les pi\u00e8ces et la main d'\u0153uvre avec un service \u00e0 domicile pratique.","breadcrumb":[],"inLanguage":"fr-CA","potentialAction":[{"@type":"ReadAction","target":["https:\/\/www.danby.com\/fr\/products\/cuisinieres\/der245bssc\/"]}]},{"@type":"ImageObject","inLanguage":"fr-CA","url":"https:\/\/cdnweb.danby.com\/wp-content\/uploads\/sites\/2\/2022\/02\/09162014\/DER202BSS_Front_Closed-1.jpg","contentUrl":"https:\/\/cdnweb.danby.com\/wp-content\/uploads\/sites\/2\/2022\/02\/09162014\/DER202BSS_Front_Closed-1.jpg","width":1491,"height":2400},{"@type":"BreadcrumbList","itemListElement":[{"@type":"ListItem","position":1,"name":"Home","item":"https:\/\/www.danby.com\/fr\/"},{"@type":"ListItem","position":2,"name":"Boutique","item":"https:\/\/www.danby.com\/fr\/boutique\/"},{"@type":"ListItem","position":3,"name":"Gamme Danby \u00e0 bobine \u00e9lectrique autonome en acier inoxydable de 24 pouces"}]},{"@type":"WebSite","url":"https:\/\/www.danby.com\/fr\/","name":"Danby - Canada - French","description":"Leader dans le domaine de la r\u00e9frig\u00e9ration et des appareils sp\u00e9cialis\u00e9s","publisher":[],"potentialAction":[{"@type":"SearchAction","target":{"@type":"EntryPoint","urlTemplate":"https:\/\/www.danby.com\/fr\/?s={search_term_string}"},"query-input":{"@type":"PropertyValueSpecification","valueRequired":true,"valueName":"search_term_string"}}],"inLanguage":"fr-CA"},{"@type":"Organization","name":"Danby Appliances","url":"https:\/\/www.danby.com\/fr\/","logo":{"@type":"ImageObject","inLanguage":"fr-CA","url":"https:\/\/cdnweb.danby.com\/wp-content\/uploads\/sites\/2\/2022\/02\/10141906\/Danby75Ans_Blue.png","contentUrl":"https:\/\/cdnweb.danby.com\/wp-content\/uploads\/sites\/2\/2022\/02\/10141906\/Danby75Ans_Blue.png","width":470,"height":110,"caption":"Danby Appliances"},"image":[],"sameAs":["https:\/\/www.facebook.com\/DanbyAppliances","https:\/\/x.com\/DanbyAppliance","https:\/\/instagram.com\/danbyappliances\/","https:\/\/www.linkedin.com\/company\/danbyappliances","https:\/\/www.pinterest.ca\/danbyappliances\/","https:\/\/www.youtube.com\/user\/DanbyProducts","https:\/\/en.wikipedia.org\/wiki\/Danby_(appliances)"]}]}},"post_mailing_queue_ids":[],"_links":{"self":[{"href":"https:\/\/www.danby.com\/fr\/wp-json\/wp\/v2\/product\/4935","targetHints":{"allow":["GET"]}}],"collection":[{"href":"https:\/\/www.danby.com\/fr\/wp-json\/wp\/v2\/product"}],"about":[{"href":"https:\/\/www.danby.com\/fr\/wp-json\/wp\/v2\/types\/product"}],"replies":[{"embeddable":true,"href":"https:\/\/www.danby.com\/fr\/wp-json\/wp\/v2\/comments?post=4935"}],"wp:featuredmedia":[{"embeddable":true,"href":"https:\/\/www.danby.com\/fr\/wp-json\/wp\/v2\/media\/12656"}],"wp:attachment":[{"href":"https:\/\/www.danby.com\/fr\/wp-json\/wp\/v2\/media?parent=4935"}],"wp:term":[{"taxonomy":"product_brand","embeddable":true,"href":"https:\/\/www.danby.com\/fr\/wp-json\/wp\/v2\/product_brand?post=4935"},{"taxonomy":"product_cat","embeddable":true,"href":"https:\/\/www.danby.com\/fr\/wp-json\/wp\/v2\/product_cat?post=4935"},{"taxonomy":"product_tag","embeddable":true,"href":"https:\/\/www.danby.com\/fr\/wp-json\/wp\/v2\/product_tag?post=4935"}],"curies":[{"name":"wp","href":"https:\/\/api.w.org\/{rel}","templated":true}]}}