{"id":4934,"date":"2022-02-03T19:17:32","date_gmt":"2022-02-03T19:17:32","guid":{"rendered":"https:\/\/www.danby.com\/fr\/product\/der244wc\/"},"modified":"2026-04-08T10:06:57","modified_gmt":"2026-04-08T10:06:57","slug":"der244wc","status":"publish","type":"product","link":"https:\/\/www.danby.com\/fr\/products\/cuisinieres\/der244wc\/","title":{"rendered":"Danby Cuisini\u00e8re \u00e9lectrique de 24 po de largeur en blanc"},"content":{"rendered":"","protected":false},"excerpt":{"rendered":"<ul>\n<li>Solution compacte pour la vie dans un petit espace : cuisini\u00e8re \u00e9lectrique 24\u2033 sans socle avec une grande capacit\u00e9 de four de 2,9 pi3.<\/li>\n<li>Panneau de commande angulaire et boutons frontaux : boutons de s\u00e9curit\u00e9 frontaux faciles \u00e0 atteindre, \u00e0 pousser et \u00e0 tourner.<\/li>\n<li>Poign\u00e9e incurv\u00e9e : poign\u00e9e Designer incurv\u00e9e d&#8217;une seule pi\u00e8ce.<\/li>\n<li>Pieds de protection des pi\u00e8ces d&#8217;angle pour \u00e9viter tout dommage.<\/li>\n<li>Grande fen\u00eatre du four avec \u00e9clairage int\u00e9rieur : vous permet de garder un \u0153il sur vos aliments pendant qu&#8217;ils cuisent.<\/li>\n<li>Int\u00e9rieur du four bleu pyrolytique : La finition en porcelaine \u00e9maill\u00e9e pyrolytique rend le nettoyage de votre four aussi facile que celui du verre.<\/li>\n<li>Gamme conforme \u00e0 l&#8217;ADA : r\u00e9pond aux exigences d\u00e9finies par les normes d&#8217;accessibilit\u00e9 pour les personnes handicap\u00e9es.<\/li>\n<li>Technologie de cuisson parfaite : Un int\u00e9rieur redessin\u00e9 avec une base circulaire qui distribue mieux la chaleur, cuisant vos aliments de mani\u00e8re plus uniforme.<\/li>\n<li>Cuisson puissante et uniforme : quatre \u00e9l\u00e9ments de cuisson (2 000 W) et de gril (2 400 W) pour une puissance de cuisson maximale.<\/li>\n<li>Flexibilit\u00e9 : deux grilles de four avec quatre positions r\u00e9glables et des arr\u00eats de s\u00e9curit\u00e9 pour une cuisson optimale.<\/li>\n<li>Bobines de limitation de la temp\u00e9rature : L&#8217;\u00e9l\u00e9ment serpentin s&#8217;\u00e9teint lorsque la casserole atteint la temp\u00e9rature maximale, conform\u00e9ment \u00e0 la norme UL 858 60A. 1 x 8&#8243; (2 400 W) pour l&#8217;\u00e9bullition rapide et 3 x 6&#8243; (1 250 W) pour les serpentins.<\/li>\n<\/ul>\n","protected":false},"featured_media":26728,"comment_status":"closed","ping_status":"closed","template":"","meta":{"_acf_changed":false},"product_brand":[],"product_cat":[36],"product_tag":[],"class_list":{"0":"post-4934","1":"product","2":"type-product","3":"status-publish","4":"has-post-thumbnail","6":"product_cat-cuisinieres","7":"pa_capacite-pi3-2-9","8":"pa_couleur-white","9":"pa_duree-de-la-garantie-en-mois-1170","11":"first","12":"outofstock","13":"taxable","14":"shipping-taxable","15":"product-type-simple"},"acf":[],"yoast_head":"<!-- This site is optimized with the Yoast SEO plugin v26.7 - https:\/\/yoast.com\/wordpress\/plugins\/seo\/ -->\n<title>Danby Cuisini\u00e8re \u00e9lectrique de 24 po de largeur en blanc - DER244WC | Danby Canada<\/title>\n<meta name=\"description\" content=\"Il n&#039;est pas n\u00e9cessaire d&#039;\u00eatre un chef de renomm\u00e9e mondiale pour appr\u00e9cier la cuisine avec cette cuisini\u00e8re \u00e9lectrique compacte de Danby. Ce mod\u00e8le attrayant ne fait peut-\u00eatre que 24 pouces de large, mais il est dot\u00e9 de tout ce dont vous avez besoin pour bien manger. Il comprend un four et quatre br\u00fbleurs : un \u00e9l\u00e9ment \u00e0 serpentin de huit pouces et trois de six pouces. Cet appareil tendance offre 2,9 pieds cubes d&#039;espace de cuisson, ce qui le rend id\u00e9al pour les petits appartements ou les chalets. Il est dot\u00e9 d&#039;une plaque de cuisson en porcelaine facile \u00e0 nettoyer et r\u00e9sistante aux d\u00e9versements. La temp\u00e9rature du four varie entre 250\u00b0F et 500\u00b0F, tandis que le gril peut fournir une puissance de 2 400 watts. Cette cuisini\u00e8re \u00e9lectrique fiable est \u00e9quip\u00e9e de boutons \u00e0 pousser et \u00e0 tourner pour plus de s\u00e9curit\u00e9 et comprend deux grilles de four \u00e0 quatre positions r\u00e9glables avec des arr\u00eats de s\u00e9curit\u00e9 pour une cuisson optimale. Une grande fen\u00eatre de visualisation avec \u00e9clairage int\u00e9rieur vous permet de garder un \u0153il sur vos aliments pendant qu&#039;ils cuisent. Les serpentins de limitation de la temp\u00e9rature s&#039;\u00e9teignent lorsque le four atteint la temp\u00e9rature maximale, conform\u00e9ment \u00e0 la norme UL 858 60A. Cette cuisini\u00e8re est conforme aux normes ADA et offre \u00e9galement une garantie de 18 mois sur les pi\u00e8ces et la main-d&#039;\u0153uvre avec un service \u00e0 domicile pratique.\" \/>\n<meta name=\"robots\" content=\"index, follow, max-snippet:-1, max-image-preview:large, max-video-preview:-1\" \/>\n<link rel=\"canonical\" href=\"https:\/\/www.danby.com\/fr\/products\/cuisinieres\/der244wc\/\" \/>\n<meta property=\"og:locale\" content=\"fr_CA\" \/>\n<meta property=\"og:type\" content=\"article\" \/>\n<meta property=\"og:title\" content=\"Danby Cuisini\u00e8re \u00e9lectrique de 24 po de largeur en blanc - DER244WC | Danby Canada\" \/>\n<meta property=\"og:description\" content=\"Il n&#039;est pas n\u00e9cessaire d&#039;\u00eatre un chef de renomm\u00e9e mondiale pour appr\u00e9cier la cuisine avec cette cuisini\u00e8re \u00e9lectrique compacte de Danby. Ce mod\u00e8le attrayant ne fait peut-\u00eatre que 24 pouces de large, mais il est dot\u00e9 de tout ce dont vous avez besoin pour bien manger. Il comprend un four et quatre br\u00fbleurs : un \u00e9l\u00e9ment \u00e0 serpentin de huit pouces et trois de six pouces. Cet appareil tendance offre 2,9 pieds cubes d&#039;espace de cuisson, ce qui le rend id\u00e9al pour les petits appartements ou les chalets. Il est dot\u00e9 d&#039;une plaque de cuisson en porcelaine facile \u00e0 nettoyer et r\u00e9sistante aux d\u00e9versements. La temp\u00e9rature du four varie entre 250\u00b0F et 500\u00b0F, tandis que le gril peut fournir une puissance de 2 400 watts. Cette cuisini\u00e8re \u00e9lectrique fiable est \u00e9quip\u00e9e de boutons \u00e0 pousser et \u00e0 tourner pour plus de s\u00e9curit\u00e9 et comprend deux grilles de four \u00e0 quatre positions r\u00e9glables avec des arr\u00eats de s\u00e9curit\u00e9 pour une cuisson optimale. Une grande fen\u00eatre de visualisation avec \u00e9clairage int\u00e9rieur vous permet de garder un \u0153il sur vos aliments pendant qu&#039;ils cuisent. Les serpentins de limitation de la temp\u00e9rature s&#039;\u00e9teignent lorsque le four atteint la temp\u00e9rature maximale, conform\u00e9ment \u00e0 la norme UL 858 60A. Cette cuisini\u00e8re est conforme aux normes ADA et offre \u00e9galement une garantie de 18 mois sur les pi\u00e8ces et la main-d&#039;\u0153uvre avec un service \u00e0 domicile pratique.\" \/>\n<meta property=\"og:url\" content=\"https:\/\/www.danby.com\/fr\/products\/cuisinieres\/der244wc\/\" \/>\n<meta property=\"og:site_name\" content=\"Danby - Canada - French\" \/>\n<meta property=\"article:publisher\" content=\"https:\/\/www.facebook.com\/DanbyAppliances\" \/>\n<meta property=\"article:modified_time\" content=\"2026-04-08T10:06:57+00:00\" \/>\n<meta property=\"og:image\" content=\"https:\/\/cdnweb.danby.com\/wp-content\/uploads\/sites\/2\/2022\/02\/08224845\/DER244WC-Featured.jpg\" \/>\n\t<meta property=\"og:image:width\" content=\"400\" \/>\n\t<meta property=\"og:image:height\" content=\"600\" \/>\n\t<meta property=\"og:image:type\" content=\"image\/png\" \/>\n<meta name=\"twitter:card\" content=\"summary_large_image\" \/>\n<meta name=\"twitter:site\" content=\"@DanbyAppliance\" \/>\n<script type=\"application\/ld+json\" class=\"yoast-schema-graph\">{\"@context\":\"https:\/\/schema.org\",\"@graph\":[{\"@type\":[\"WebPage\",\"ItemPage\"],\"url\":\"https:\/\/www.danby.com\/fr\/products\/cuisinieres\/der244wc\/\",\"name\":\"Danby Cuisini\u00e8re \u00e9lectrique de 24 po de largeur en blanc - DER244WC | Danby Canada\",\"isPartOf\":[],\"primaryImageOfPage\":[],\"image\":[],\"thumbnailUrl\":\"https:\/\/cdnweb.danby.com\/wp-content\/uploads\/sites\/2\/2024\/03\/04155529\/DER244WC_Front_Closed.jpg\",\"datePublished\":\"2022-02-03T19:17:32+00:00\",\"dateModified\":\"2026-04-08T10:06:57+00:00\",\"description\":\"Il n'est pas n\u00e9cessaire d'\u00eatre un chef de renomm\u00e9e mondiale pour appr\u00e9cier la cuisine avec cette cuisini\u00e8re \u00e9lectrique compacte de Danby. Ce mod\u00e8le attrayant ne fait peut-\u00eatre que 24 pouces de large, mais il est dot\u00e9 de tout ce dont vous avez besoin pour bien manger. Il comprend un four et quatre br\u00fbleurs : un \u00e9l\u00e9ment \u00e0 serpentin de huit pouces et trois de six pouces. Cet appareil tendance offre 2,9 pieds cubes d'espace de cuisson, ce qui le rend id\u00e9al pour les petits appartements ou les chalets. Il est dot\u00e9 d'une plaque de cuisson en porcelaine facile \u00e0 nettoyer et r\u00e9sistante aux d\u00e9versements. La temp\u00e9rature du four varie entre 250\u00b0F et 500\u00b0F, tandis que le gril peut fournir une puissance de 2 400 watts. Cette cuisini\u00e8re \u00e9lectrique fiable est \u00e9quip\u00e9e de boutons \u00e0 pousser et \u00e0 tourner pour plus de s\u00e9curit\u00e9 et comprend deux grilles de four \u00e0 quatre positions r\u00e9glables avec des arr\u00eats de s\u00e9curit\u00e9 pour une cuisson optimale. Une grande fen\u00eatre de visualisation avec \u00e9clairage int\u00e9rieur vous permet de garder un \u0153il sur vos aliments pendant qu'ils cuisent. Les serpentins de limitation de la temp\u00e9rature s'\u00e9teignent lorsque le four atteint la temp\u00e9rature maximale, conform\u00e9ment \u00e0 la norme UL 858 60A. Cette cuisini\u00e8re est conforme aux normes ADA et offre \u00e9galement une garantie de 18 mois sur les pi\u00e8ces et la main-d'\u0153uvre avec un service \u00e0 domicile pratique.\",\"breadcrumb\":[],\"inLanguage\":\"fr-CA\",\"potentialAction\":[{\"@type\":\"ReadAction\",\"target\":[\"https:\/\/www.danby.com\/fr\/products\/cuisinieres\/der244wc\/\"]}]},{\"@type\":\"ImageObject\",\"inLanguage\":\"fr-CA\",\"url\":\"https:\/\/cdnweb.danby.com\/wp-content\/uploads\/sites\/2\/2024\/03\/04155529\/DER244WC_Front_Closed.jpg\",\"contentUrl\":\"https:\/\/cdnweb.danby.com\/wp-content\/uploads\/sites\/2\/2024\/03\/04155529\/DER244WC_Front_Closed.jpg\",\"width\":1800,\"height\":2400},{\"@type\":\"BreadcrumbList\",\"itemListElement\":[{\"@type\":\"ListItem\",\"position\":1,\"name\":\"Home\",\"item\":\"https:\/\/www.danby.com\/fr\/\"},{\"@type\":\"ListItem\",\"position\":2,\"name\":\"Boutique\",\"item\":\"https:\/\/www.danby.com\/fr\/boutique\/\"},{\"@type\":\"ListItem\",\"position\":3,\"name\":\"Danby Cuisini\u00e8re \u00e9lectrique de 24 po de largeur en blanc\"}]},{\"@type\":\"WebSite\",\"url\":\"https:\/\/www.danby.com\/fr\/\",\"name\":\"Danby - Canada - French\",\"description\":\"Leader dans le domaine de la r\u00e9frig\u00e9ration et des appareils sp\u00e9cialis\u00e9s\",\"publisher\":[],\"potentialAction\":[{\"@type\":\"SearchAction\",\"target\":{\"@type\":\"EntryPoint\",\"urlTemplate\":\"https:\/\/www.danby.com\/fr\/?s={search_term_string}\"},\"query-input\":{\"@type\":\"PropertyValueSpecification\",\"valueRequired\":true,\"valueName\":\"search_term_string\"}}],\"inLanguage\":\"fr-CA\"},{\"@type\":\"Organization\",\"name\":\"Danby Appliances\",\"url\":\"https:\/\/www.danby.com\/fr\/\",\"logo\":{\"@type\":\"ImageObject\",\"inLanguage\":\"fr-CA\",\"url\":\"https:\/\/cdnweb.danby.com\/wp-content\/uploads\/sites\/2\/2022\/02\/10141906\/Danby75Ans_Blue.png\",\"contentUrl\":\"https:\/\/cdnweb.danby.com\/wp-content\/uploads\/sites\/2\/2022\/02\/10141906\/Danby75Ans_Blue.png\",\"width\":470,\"height\":110,\"caption\":\"Danby Appliances\"},\"image\":[],\"sameAs\":[\"https:\/\/www.facebook.com\/DanbyAppliances\",\"https:\/\/x.com\/DanbyAppliance\",\"https:\/\/instagram.com\/danbyappliances\/\",\"https:\/\/www.linkedin.com\/company\/danbyappliances\",\"https:\/\/www.pinterest.ca\/danbyappliances\/\",\"https:\/\/www.youtube.com\/user\/DanbyProducts\",\"https:\/\/en.wikipedia.org\/wiki\/Danby_(appliances)\"]}]}<\/script>\n<!-- \/ Yoast SEO plugin. -->","yoast_head_json":{"title":"Danby Cuisini\u00e8re \u00e9lectrique de 24 po de largeur en blanc - DER244WC | Danby Canada","description":"Il n'est pas n\u00e9cessaire d'\u00eatre un chef de renomm\u00e9e mondiale pour appr\u00e9cier la cuisine avec cette cuisini\u00e8re \u00e9lectrique compacte de Danby. Ce mod\u00e8le attrayant ne fait peut-\u00eatre que 24 pouces de large, mais il est dot\u00e9 de tout ce dont vous avez besoin pour bien manger. Il comprend un four et quatre br\u00fbleurs : un \u00e9l\u00e9ment \u00e0 serpentin de huit pouces et trois de six pouces. Cet appareil tendance offre 2,9 pieds cubes d'espace de cuisson, ce qui le rend id\u00e9al pour les petits appartements ou les chalets. Il est dot\u00e9 d'une plaque de cuisson en porcelaine facile \u00e0 nettoyer et r\u00e9sistante aux d\u00e9versements. La temp\u00e9rature du four varie entre 250\u00b0F et 500\u00b0F, tandis que le gril peut fournir une puissance de 2 400 watts. Cette cuisini\u00e8re \u00e9lectrique fiable est \u00e9quip\u00e9e de boutons \u00e0 pousser et \u00e0 tourner pour plus de s\u00e9curit\u00e9 et comprend deux grilles de four \u00e0 quatre positions r\u00e9glables avec des arr\u00eats de s\u00e9curit\u00e9 pour une cuisson optimale. Une grande fen\u00eatre de visualisation avec \u00e9clairage int\u00e9rieur vous permet de garder un \u0153il sur vos aliments pendant qu'ils cuisent. Les serpentins de limitation de la temp\u00e9rature s'\u00e9teignent lorsque le four atteint la temp\u00e9rature maximale, conform\u00e9ment \u00e0 la norme UL 858 60A. Cette cuisini\u00e8re est conforme aux normes ADA et offre \u00e9galement une garantie de 18 mois sur les pi\u00e8ces et la main-d'\u0153uvre avec un service \u00e0 domicile pratique.","robots":{"index":"index","follow":"follow","max-snippet":"max-snippet:-1","max-image-preview":"max-image-preview:large","max-video-preview":"max-video-preview:-1"},"canonical":"https:\/\/www.danby.com\/fr\/products\/cuisinieres\/der244wc\/","og_locale":"fr_CA","og_type":"article","og_title":"Danby Cuisini\u00e8re \u00e9lectrique de 24 po de largeur en blanc - DER244WC | Danby Canada","og_description":"Il n'est pas n\u00e9cessaire d'\u00eatre un chef de renomm\u00e9e mondiale pour appr\u00e9cier la cuisine avec cette cuisini\u00e8re \u00e9lectrique compacte de Danby. Ce mod\u00e8le attrayant ne fait peut-\u00eatre que 24 pouces de large, mais il est dot\u00e9 de tout ce dont vous avez besoin pour bien manger. Il comprend un four et quatre br\u00fbleurs : un \u00e9l\u00e9ment \u00e0 serpentin de huit pouces et trois de six pouces. Cet appareil tendance offre 2,9 pieds cubes d'espace de cuisson, ce qui le rend id\u00e9al pour les petits appartements ou les chalets. Il est dot\u00e9 d'une plaque de cuisson en porcelaine facile \u00e0 nettoyer et r\u00e9sistante aux d\u00e9versements. La temp\u00e9rature du four varie entre 250\u00b0F et 500\u00b0F, tandis que le gril peut fournir une puissance de 2 400 watts. Cette cuisini\u00e8re \u00e9lectrique fiable est \u00e9quip\u00e9e de boutons \u00e0 pousser et \u00e0 tourner pour plus de s\u00e9curit\u00e9 et comprend deux grilles de four \u00e0 quatre positions r\u00e9glables avec des arr\u00eats de s\u00e9curit\u00e9 pour une cuisson optimale. Une grande fen\u00eatre de visualisation avec \u00e9clairage int\u00e9rieur vous permet de garder un \u0153il sur vos aliments pendant qu'ils cuisent. Les serpentins de limitation de la temp\u00e9rature s'\u00e9teignent lorsque le four atteint la temp\u00e9rature maximale, conform\u00e9ment \u00e0 la norme UL 858 60A. Cette cuisini\u00e8re est conforme aux normes ADA et offre \u00e9galement une garantie de 18 mois sur les pi\u00e8ces et la main-d'\u0153uvre avec un service \u00e0 domicile pratique.","og_url":"https:\/\/www.danby.com\/fr\/products\/cuisinieres\/der244wc\/","og_site_name":"Danby - Canada - French","article_publisher":"https:\/\/www.facebook.com\/DanbyAppliances","article_modified_time":"2026-04-08T10:06:57+00:00","og_image":[{"width":400,"height":600,"url":"https:\/\/cdnweb.danby.com\/wp-content\/uploads\/sites\/2\/2022\/02\/08224845\/DER244WC-Featured.jpg","type":"image\/png"}],"twitter_card":"summary_large_image","twitter_site":"@DanbyAppliance","schema":{"@context":"https:\/\/schema.org","@graph":[{"@type":["WebPage","ItemPage"],"url":"https:\/\/www.danby.com\/fr\/products\/cuisinieres\/der244wc\/","name":"Danby Cuisini\u00e8re \u00e9lectrique de 24 po de largeur en blanc - DER244WC | Danby Canada","isPartOf":[],"primaryImageOfPage":[],"image":[],"thumbnailUrl":"https:\/\/cdnweb.danby.com\/wp-content\/uploads\/sites\/2\/2024\/03\/04155529\/DER244WC_Front_Closed.jpg","datePublished":"2022-02-03T19:17:32+00:00","dateModified":"2026-04-08T10:06:57+00:00","description":"Il n'est pas n\u00e9cessaire d'\u00eatre un chef de renomm\u00e9e mondiale pour appr\u00e9cier la cuisine avec cette cuisini\u00e8re \u00e9lectrique compacte de Danby. Ce mod\u00e8le attrayant ne fait peut-\u00eatre que 24 pouces de large, mais il est dot\u00e9 de tout ce dont vous avez besoin pour bien manger. Il comprend un four et quatre br\u00fbleurs : un \u00e9l\u00e9ment \u00e0 serpentin de huit pouces et trois de six pouces. Cet appareil tendance offre 2,9 pieds cubes d'espace de cuisson, ce qui le rend id\u00e9al pour les petits appartements ou les chalets. Il est dot\u00e9 d'une plaque de cuisson en porcelaine facile \u00e0 nettoyer et r\u00e9sistante aux d\u00e9versements. La temp\u00e9rature du four varie entre 250\u00b0F et 500\u00b0F, tandis que le gril peut fournir une puissance de 2 400 watts. Cette cuisini\u00e8re \u00e9lectrique fiable est \u00e9quip\u00e9e de boutons \u00e0 pousser et \u00e0 tourner pour plus de s\u00e9curit\u00e9 et comprend deux grilles de four \u00e0 quatre positions r\u00e9glables avec des arr\u00eats de s\u00e9curit\u00e9 pour une cuisson optimale. Une grande fen\u00eatre de visualisation avec \u00e9clairage int\u00e9rieur vous permet de garder un \u0153il sur vos aliments pendant qu'ils cuisent. Les serpentins de limitation de la temp\u00e9rature s'\u00e9teignent lorsque le four atteint la temp\u00e9rature maximale, conform\u00e9ment \u00e0 la norme UL 858 60A. Cette cuisini\u00e8re est conforme aux normes ADA et offre \u00e9galement une garantie de 18 mois sur les pi\u00e8ces et la main-d'\u0153uvre avec un service \u00e0 domicile pratique.","breadcrumb":[],"inLanguage":"fr-CA","potentialAction":[{"@type":"ReadAction","target":["https:\/\/www.danby.com\/fr\/products\/cuisinieres\/der244wc\/"]}]},{"@type":"ImageObject","inLanguage":"fr-CA","url":"https:\/\/cdnweb.danby.com\/wp-content\/uploads\/sites\/2\/2024\/03\/04155529\/DER244WC_Front_Closed.jpg","contentUrl":"https:\/\/cdnweb.danby.com\/wp-content\/uploads\/sites\/2\/2024\/03\/04155529\/DER244WC_Front_Closed.jpg","width":1800,"height":2400},{"@type":"BreadcrumbList","itemListElement":[{"@type":"ListItem","position":1,"name":"Home","item":"https:\/\/www.danby.com\/fr\/"},{"@type":"ListItem","position":2,"name":"Boutique","item":"https:\/\/www.danby.com\/fr\/boutique\/"},{"@type":"ListItem","position":3,"name":"Danby Cuisini\u00e8re \u00e9lectrique de 24 po de largeur en blanc"}]},{"@type":"WebSite","url":"https:\/\/www.danby.com\/fr\/","name":"Danby - Canada - French","description":"Leader dans le domaine de la r\u00e9frig\u00e9ration et des appareils sp\u00e9cialis\u00e9s","publisher":[],"potentialAction":[{"@type":"SearchAction","target":{"@type":"EntryPoint","urlTemplate":"https:\/\/www.danby.com\/fr\/?s={search_term_string}"},"query-input":{"@type":"PropertyValueSpecification","valueRequired":true,"valueName":"search_term_string"}}],"inLanguage":"fr-CA"},{"@type":"Organization","name":"Danby Appliances","url":"https:\/\/www.danby.com\/fr\/","logo":{"@type":"ImageObject","inLanguage":"fr-CA","url":"https:\/\/cdnweb.danby.com\/wp-content\/uploads\/sites\/2\/2022\/02\/10141906\/Danby75Ans_Blue.png","contentUrl":"https:\/\/cdnweb.danby.com\/wp-content\/uploads\/sites\/2\/2022\/02\/10141906\/Danby75Ans_Blue.png","width":470,"height":110,"caption":"Danby Appliances"},"image":[],"sameAs":["https:\/\/www.facebook.com\/DanbyAppliances","https:\/\/x.com\/DanbyAppliance","https:\/\/instagram.com\/danbyappliances\/","https:\/\/www.linkedin.com\/company\/danbyappliances","https:\/\/www.pinterest.ca\/danbyappliances\/","https:\/\/www.youtube.com\/user\/DanbyProducts","https:\/\/en.wikipedia.org\/wiki\/Danby_(appliances)"]}]}},"post_mailing_queue_ids":[],"_links":{"self":[{"href":"https:\/\/www.danby.com\/fr\/wp-json\/wp\/v2\/product\/4934","targetHints":{"allow":["GET"]}}],"collection":[{"href":"https:\/\/www.danby.com\/fr\/wp-json\/wp\/v2\/product"}],"about":[{"href":"https:\/\/www.danby.com\/fr\/wp-json\/wp\/v2\/types\/product"}],"replies":[{"embeddable":true,"href":"https:\/\/www.danby.com\/fr\/wp-json\/wp\/v2\/comments?post=4934"}],"wp:featuredmedia":[{"embeddable":true,"href":"https:\/\/www.danby.com\/fr\/wp-json\/wp\/v2\/media\/26728"}],"wp:attachment":[{"href":"https:\/\/www.danby.com\/fr\/wp-json\/wp\/v2\/media?parent=4934"}],"wp:term":[{"taxonomy":"product_brand","embeddable":true,"href":"https:\/\/www.danby.com\/fr\/wp-json\/wp\/v2\/product_brand?post=4934"},{"taxonomy":"product_cat","embeddable":true,"href":"https:\/\/www.danby.com\/fr\/wp-json\/wp\/v2\/product_cat?post=4934"},{"taxonomy":"product_tag","embeddable":true,"href":"https:\/\/www.danby.com\/fr\/wp-json\/wp\/v2\/product_tag?post=4934"}],"curies":[{"name":"wp","href":"https:\/\/api.w.org\/{rel}","templated":true}]}}