{"id":4931,"date":"2022-02-03T19:17:32","date_gmt":"2022-02-03T19:17:32","guid":{"rendered":"https:\/\/www.danby.com\/fr\/product\/der241wc\/"},"modified":"2026-04-14T10:07:17","modified_gmt":"2026-04-14T10:07:17","slug":"der241wc","status":"publish","type":"product","link":"https:\/\/www.danby.com\/fr\/products\/cuisinieres\/der241wc\/","title":{"rendered":"Danby Designer 3 pi3 Cuisini\u00e8re"},"content":{"rendered":"","protected":false},"excerpt":{"rendered":"<ul>\n<li>Cuisini\u00e8re \u00e9lectrique compacte d&#8217;une largeur de 24.25 po, dot\u00e9e d&#8217;un four d&#8217;une capacit\u00e9 de 3,0 pi3<\/li>\n<li>Un \u00e9l\u00e9ment en serpentin de 8 po (2100W) pour une cuisson rapide et trois \u00e9l\u00e9ments en serpentin de 6 po (1250W) <\/li>\n<li>Surface de cuisson de porcelaine ouvrable et facile \u00e0 nettoyer, \u00e9quip\u00e9e de quatre cuvettes ramasse-gouttes chrom\u00e9es amovibles <\/li>\n<li>Grilloir puissant \u00e0 hauteur taille, dot\u00e9 de 2400W de puissance de cuisson <\/li>\n<li>Boutons-poussoirs rotatifs s\u00e9curitaires en fa\u00e7ade <\/li>\n<li>La plage de temp\u00e9rature du four s&#8217;\u00e9tale de 250\u00b0F-500\u00b0F <\/li>\n<li>Syst\u00e8me d&#8217;\u00e9clairage int\u00e9rieur<\/li>\n<li>Des voyants lumineux de surface chaude vous permettent de voir si le four ou la surface de cuisson est encore allum\u00e9 <\/li>\n<li>Dosseret de grande dimension muni d&#8217;une horloge num\u00e9rique et d&#8217;une minuterie <\/li>\n<li>Deux grilles de cuisson, quatre positions de r\u00e9glage et des m\u00e9canismes d&#8217;arr\u00eat pour une cuisson optimum <\/li>\n<li>Quatre pieds ajustables, permettant une installation sur mesure, adapt\u00e9e \u00e0 la hauteur de votre plan de travail <\/li>\n<li>Gril-l\u00e8chefrite de trois pi\u00e8ces inclus <\/li>\n<li>Four \u00e0 nettoyage manuel <\/li>\n<li>Fiche 240V NEMA incluse <\/li>\n<\/ul>\n","protected":false},"featured_media":8826,"comment_status":"closed","ping_status":"open","template":"","meta":{"_acf_changed":false},"product_brand":[],"product_cat":[36],"product_tag":[],"class_list":{"0":"post-4931","1":"product","2":"type-product","3":"status-publish","4":"has-post-thumbnail","6":"product_cat-cuisinieres","8":"first","9":"outofstock","10":"taxable","11":"shipping-taxable","12":"product-type-simple"},"acf":[],"yoast_head":"<!-- This site is optimized with the Yoast SEO plugin v26.7 - https:\/\/yoast.com\/wordpress\/plugins\/seo\/ -->\n<title>Danby Designer 3 pi3 Cuisini\u00e8re - DER241WC | Danby Canada<\/title>\n<meta name=\"description\" content=\"Vous n\u2019avez pas besoin d\u2019\u00eatre un grand chef pour prendre plaisir \u00e0 cuisiner avec cette cuisini\u00e8re \u00e9lectrique ultra-compacte de Danby. Ce mod\u00e8le attrayant d\u2019une largeur de seulement 24.25 pouces dispose, pourtant, de tout ce dont vous avez besoin pour la cuisine raffin\u00e9e. Cela comprend un four aussi bien que quatre br\u00fbleurs durables, l\u2019un des \u00e9l\u00e9ments de surface serpentins de huit pouces et les trois autres de six pouces. Cette unit\u00e9 \u00e0 la mode fournit un espace du four de 3 pieds carr\u00e9s, ce qui la rende id\u00e9al pour des petites espaces comme les appartements annexes, les cottages et les caravanes. La cuisini\u00e8re poss\u00e8de une surface de cuisson en c\u00e9ramique, anti-gouttes et facile \u00e0 nettoyer, ainsi qu\u2019un grand dosseret. La plage de temp\u00e9ratures est comprise entre 250 \u00b0F et 500 \u00b0F (122 \u00b0C et 260 \u00b0C), alors que la r\u00f4tissoire est capable d\u2019une puissance de 2 400 watts lorsqu\u2019elle est branch\u00e9e dans une prise de 220 volts. Cette cuisini\u00e8re \u00e9lectrique fiable est fournie avec des boutons \u00ab enfoncer-et-tourner \u00bb pour plus de s\u00e9curit\u00e9 et elle comprend une grille du four robuste avec des but\u00e9es de s\u00e9curit\u00e9. De plus, cette cuisini\u00e8re \u00e9lectrique moderne est offerte avec une garantie de 18 mois sur les pi\u00e8ces et la main-d\u2019\u0153uvre, incluant le service \u00e0 domicile pratique.\" \/>\n<meta name=\"robots\" content=\"index, follow, max-snippet:-1, max-image-preview:large, max-video-preview:-1\" \/>\n<link rel=\"canonical\" href=\"https:\/\/www.danby.com\/fr\/products\/cuisinieres\/der241wc\/\" \/>\n<meta property=\"og:locale\" content=\"fr_CA\" \/>\n<meta property=\"og:type\" content=\"article\" \/>\n<meta property=\"og:title\" content=\"Danby Designer 3 pi3 Cuisini\u00e8re - DER241WC | Danby Canada\" \/>\n<meta property=\"og:description\" content=\"Vous n\u2019avez pas besoin d\u2019\u00eatre un grand chef pour prendre plaisir \u00e0 cuisiner avec cette cuisini\u00e8re \u00e9lectrique ultra-compacte de Danby. Ce mod\u00e8le attrayant d\u2019une largeur de seulement 24.25 pouces dispose, pourtant, de tout ce dont vous avez besoin pour la cuisine raffin\u00e9e. Cela comprend un four aussi bien que quatre br\u00fbleurs durables, l\u2019un des \u00e9l\u00e9ments de surface serpentins de huit pouces et les trois autres de six pouces. Cette unit\u00e9 \u00e0 la mode fournit un espace du four de 3 pieds carr\u00e9s, ce qui la rende id\u00e9al pour des petites espaces comme les appartements annexes, les cottages et les caravanes. La cuisini\u00e8re poss\u00e8de une surface de cuisson en c\u00e9ramique, anti-gouttes et facile \u00e0 nettoyer, ainsi qu\u2019un grand dosseret. La plage de temp\u00e9ratures est comprise entre 250 \u00b0F et 500 \u00b0F (122 \u00b0C et 260 \u00b0C), alors que la r\u00f4tissoire est capable d\u2019une puissance de 2 400 watts lorsqu\u2019elle est branch\u00e9e dans une prise de 220 volts. Cette cuisini\u00e8re \u00e9lectrique fiable est fournie avec des boutons \u00ab enfoncer-et-tourner \u00bb pour plus de s\u00e9curit\u00e9 et elle comprend une grille du four robuste avec des but\u00e9es de s\u00e9curit\u00e9. De plus, cette cuisini\u00e8re \u00e9lectrique moderne est offerte avec une garantie de 18 mois sur les pi\u00e8ces et la main-d\u2019\u0153uvre, incluant le service \u00e0 domicile pratique.\" \/>\n<meta property=\"og:url\" content=\"https:\/\/www.danby.com\/fr\/products\/cuisinieres\/der241wc\/\" \/>\n<meta property=\"og:site_name\" content=\"Danby - Canada - French\" \/>\n<meta property=\"article:publisher\" content=\"https:\/\/www.facebook.com\/DanbyAppliances\" \/>\n<meta property=\"article:modified_time\" content=\"2026-04-14T10:07:17+00:00\" \/>\n<meta property=\"og:image\" content=\"https:\/\/cdnweb.danby.com\/wp-content\/uploads\/sites\/2\/2022\/02\/08211555\/DER241WC_Right.jpg\" \/>\n\t<meta property=\"og:image:width\" content=\"300\" \/>\n\t<meta property=\"og:image:height\" content=\"440\" \/>\n\t<meta property=\"og:image:type\" content=\"image\/jpeg\" \/>\n<meta name=\"twitter:card\" content=\"summary_large_image\" \/>\n<meta name=\"twitter:site\" content=\"@DanbyAppliance\" \/>\n<script type=\"application\/ld+json\" class=\"yoast-schema-graph\">{\"@context\":\"https:\/\/schema.org\",\"@graph\":[{\"@type\":[\"WebPage\",\"ItemPage\"],\"url\":\"https:\/\/www.danby.com\/fr\/products\/cuisinieres\/der241wc\/\",\"name\":\"Danby Designer 3 pi3 Cuisini\u00e8re - DER241WC | Danby Canada\",\"isPartOf\":[],\"primaryImageOfPage\":[],\"image\":[],\"thumbnailUrl\":\"https:\/\/cdnweb.danby.com\/wp-content\/uploads\/sites\/2\/2022\/02\/08211555\/DER241WC_Right.jpg\",\"datePublished\":\"2022-02-03T19:17:32+00:00\",\"dateModified\":\"2026-04-14T10:07:17+00:00\",\"description\":\"Vous n\u2019avez pas besoin d\u2019\u00eatre un grand chef pour prendre plaisir \u00e0 cuisiner avec cette cuisini\u00e8re \u00e9lectrique ultra-compacte de Danby. Ce mod\u00e8le attrayant d\u2019une largeur de seulement 24.25 pouces dispose, pourtant, de tout ce dont vous avez besoin pour la cuisine raffin\u00e9e. Cela comprend un four aussi bien que quatre br\u00fbleurs durables, l\u2019un des \u00e9l\u00e9ments de surface serpentins de huit pouces et les trois autres de six pouces. Cette unit\u00e9 \u00e0 la mode fournit un espace du four de 3 pieds carr\u00e9s, ce qui la rende id\u00e9al pour des petites espaces comme les appartements annexes, les cottages et les caravanes. La cuisini\u00e8re poss\u00e8de une surface de cuisson en c\u00e9ramique, anti-gouttes et facile \u00e0 nettoyer, ainsi qu\u2019un grand dosseret. La plage de temp\u00e9ratures est comprise entre 250 \u00b0F et 500 \u00b0F (122 \u00b0C et 260 \u00b0C), alors que la r\u00f4tissoire est capable d\u2019une puissance de 2 400 watts lorsqu\u2019elle est branch\u00e9e dans une prise de 220 volts. Cette cuisini\u00e8re \u00e9lectrique fiable est fournie avec des boutons \u00ab enfoncer-et-tourner \u00bb pour plus de s\u00e9curit\u00e9 et elle comprend une grille du four robuste avec des but\u00e9es de s\u00e9curit\u00e9. De plus, cette cuisini\u00e8re \u00e9lectrique moderne est offerte avec une garantie de 18 mois sur les pi\u00e8ces et la main-d\u2019\u0153uvre, incluant le service \u00e0 domicile pratique.\",\"breadcrumb\":[],\"inLanguage\":\"fr-CA\",\"potentialAction\":[{\"@type\":\"ReadAction\",\"target\":[\"https:\/\/www.danby.com\/fr\/products\/cuisinieres\/der241wc\/\"]}]},{\"@type\":\"ImageObject\",\"inLanguage\":\"fr-CA\",\"url\":\"https:\/\/cdnweb.danby.com\/wp-content\/uploads\/sites\/2\/2022\/02\/08211555\/DER241WC_Right.jpg\",\"contentUrl\":\"https:\/\/cdnweb.danby.com\/wp-content\/uploads\/sites\/2\/2022\/02\/08211555\/DER241WC_Right.jpg\",\"width\":300,\"height\":440},{\"@type\":\"BreadcrumbList\",\"itemListElement\":[{\"@type\":\"ListItem\",\"position\":1,\"name\":\"Home\",\"item\":\"https:\/\/www.danby.com\/fr\/\"},{\"@type\":\"ListItem\",\"position\":2,\"name\":\"Boutique\",\"item\":\"https:\/\/www.danby.com\/fr\/boutique\/\"},{\"@type\":\"ListItem\",\"position\":3,\"name\":\"Danby Designer 3 pi3 Cuisini\u00e8re\"}]},{\"@type\":\"WebSite\",\"url\":\"https:\/\/www.danby.com\/fr\/\",\"name\":\"Danby - Canada - French\",\"description\":\"Leader dans le domaine de la r\u00e9frig\u00e9ration et des appareils sp\u00e9cialis\u00e9s\",\"publisher\":[],\"potentialAction\":[{\"@type\":\"SearchAction\",\"target\":{\"@type\":\"EntryPoint\",\"urlTemplate\":\"https:\/\/www.danby.com\/fr\/?s={search_term_string}\"},\"query-input\":{\"@type\":\"PropertyValueSpecification\",\"valueRequired\":true,\"valueName\":\"search_term_string\"}}],\"inLanguage\":\"fr-CA\"},{\"@type\":\"Organization\",\"name\":\"Danby Appliances\",\"url\":\"https:\/\/www.danby.com\/fr\/\",\"logo\":{\"@type\":\"ImageObject\",\"inLanguage\":\"fr-CA\",\"url\":\"https:\/\/cdnweb.danby.com\/wp-content\/uploads\/sites\/2\/2022\/02\/10141906\/Danby75Ans_Blue.png\",\"contentUrl\":\"https:\/\/cdnweb.danby.com\/wp-content\/uploads\/sites\/2\/2022\/02\/10141906\/Danby75Ans_Blue.png\",\"width\":470,\"height\":110,\"caption\":\"Danby Appliances\"},\"image\":[],\"sameAs\":[\"https:\/\/www.facebook.com\/DanbyAppliances\",\"https:\/\/x.com\/DanbyAppliance\",\"https:\/\/instagram.com\/danbyappliances\/\",\"https:\/\/www.linkedin.com\/company\/danbyappliances\",\"https:\/\/www.pinterest.ca\/danbyappliances\/\",\"https:\/\/www.youtube.com\/user\/DanbyProducts\",\"https:\/\/en.wikipedia.org\/wiki\/Danby_(appliances)\"]}]}<\/script>\n<!-- \/ Yoast SEO plugin. -->","yoast_head_json":{"title":"Danby Designer 3 pi3 Cuisini\u00e8re - DER241WC | Danby Canada","description":"Vous n\u2019avez pas besoin d\u2019\u00eatre un grand chef pour prendre plaisir \u00e0 cuisiner avec cette cuisini\u00e8re \u00e9lectrique ultra-compacte de Danby. Ce mod\u00e8le attrayant d\u2019une largeur de seulement 24.25 pouces dispose, pourtant, de tout ce dont vous avez besoin pour la cuisine raffin\u00e9e. Cela comprend un four aussi bien que quatre br\u00fbleurs durables, l\u2019un des \u00e9l\u00e9ments de surface serpentins de huit pouces et les trois autres de six pouces. Cette unit\u00e9 \u00e0 la mode fournit un espace du four de 3 pieds carr\u00e9s, ce qui la rende id\u00e9al pour des petites espaces comme les appartements annexes, les cottages et les caravanes. La cuisini\u00e8re poss\u00e8de une surface de cuisson en c\u00e9ramique, anti-gouttes et facile \u00e0 nettoyer, ainsi qu\u2019un grand dosseret. La plage de temp\u00e9ratures est comprise entre 250 \u00b0F et 500 \u00b0F (122 \u00b0C et 260 \u00b0C), alors que la r\u00f4tissoire est capable d\u2019une puissance de 2 400 watts lorsqu\u2019elle est branch\u00e9e dans une prise de 220 volts. Cette cuisini\u00e8re \u00e9lectrique fiable est fournie avec des boutons \u00ab enfoncer-et-tourner \u00bb pour plus de s\u00e9curit\u00e9 et elle comprend une grille du four robuste avec des but\u00e9es de s\u00e9curit\u00e9. De plus, cette cuisini\u00e8re \u00e9lectrique moderne est offerte avec une garantie de 18 mois sur les pi\u00e8ces et la main-d\u2019\u0153uvre, incluant le service \u00e0 domicile pratique.","robots":{"index":"index","follow":"follow","max-snippet":"max-snippet:-1","max-image-preview":"max-image-preview:large","max-video-preview":"max-video-preview:-1"},"canonical":"https:\/\/www.danby.com\/fr\/products\/cuisinieres\/der241wc\/","og_locale":"fr_CA","og_type":"article","og_title":"Danby Designer 3 pi3 Cuisini\u00e8re - DER241WC | Danby Canada","og_description":"Vous n\u2019avez pas besoin d\u2019\u00eatre un grand chef pour prendre plaisir \u00e0 cuisiner avec cette cuisini\u00e8re \u00e9lectrique ultra-compacte de Danby. Ce mod\u00e8le attrayant d\u2019une largeur de seulement 24.25 pouces dispose, pourtant, de tout ce dont vous avez besoin pour la cuisine raffin\u00e9e. Cela comprend un four aussi bien que quatre br\u00fbleurs durables, l\u2019un des \u00e9l\u00e9ments de surface serpentins de huit pouces et les trois autres de six pouces. Cette unit\u00e9 \u00e0 la mode fournit un espace du four de 3 pieds carr\u00e9s, ce qui la rende id\u00e9al pour des petites espaces comme les appartements annexes, les cottages et les caravanes. La cuisini\u00e8re poss\u00e8de une surface de cuisson en c\u00e9ramique, anti-gouttes et facile \u00e0 nettoyer, ainsi qu\u2019un grand dosseret. La plage de temp\u00e9ratures est comprise entre 250 \u00b0F et 500 \u00b0F (122 \u00b0C et 260 \u00b0C), alors que la r\u00f4tissoire est capable d\u2019une puissance de 2 400 watts lorsqu\u2019elle est branch\u00e9e dans une prise de 220 volts. Cette cuisini\u00e8re \u00e9lectrique fiable est fournie avec des boutons \u00ab enfoncer-et-tourner \u00bb pour plus de s\u00e9curit\u00e9 et elle comprend une grille du four robuste avec des but\u00e9es de s\u00e9curit\u00e9. De plus, cette cuisini\u00e8re \u00e9lectrique moderne est offerte avec une garantie de 18 mois sur les pi\u00e8ces et la main-d\u2019\u0153uvre, incluant le service \u00e0 domicile pratique.","og_url":"https:\/\/www.danby.com\/fr\/products\/cuisinieres\/der241wc\/","og_site_name":"Danby - Canada - French","article_publisher":"https:\/\/www.facebook.com\/DanbyAppliances","article_modified_time":"2026-04-14T10:07:17+00:00","og_image":[{"width":300,"height":440,"url":"https:\/\/cdnweb.danby.com\/wp-content\/uploads\/sites\/2\/2022\/02\/08211555\/DER241WC_Right.jpg","type":"image\/jpeg"}],"twitter_card":"summary_large_image","twitter_site":"@DanbyAppliance","schema":{"@context":"https:\/\/schema.org","@graph":[{"@type":["WebPage","ItemPage"],"url":"https:\/\/www.danby.com\/fr\/products\/cuisinieres\/der241wc\/","name":"Danby Designer 3 pi3 Cuisini\u00e8re - DER241WC | Danby Canada","isPartOf":[],"primaryImageOfPage":[],"image":[],"thumbnailUrl":"https:\/\/cdnweb.danby.com\/wp-content\/uploads\/sites\/2\/2022\/02\/08211555\/DER241WC_Right.jpg","datePublished":"2022-02-03T19:17:32+00:00","dateModified":"2026-04-14T10:07:17+00:00","description":"Vous n\u2019avez pas besoin d\u2019\u00eatre un grand chef pour prendre plaisir \u00e0 cuisiner avec cette cuisini\u00e8re \u00e9lectrique ultra-compacte de Danby. Ce mod\u00e8le attrayant d\u2019une largeur de seulement 24.25 pouces dispose, pourtant, de tout ce dont vous avez besoin pour la cuisine raffin\u00e9e. Cela comprend un four aussi bien que quatre br\u00fbleurs durables, l\u2019un des \u00e9l\u00e9ments de surface serpentins de huit pouces et les trois autres de six pouces. Cette unit\u00e9 \u00e0 la mode fournit un espace du four de 3 pieds carr\u00e9s, ce qui la rende id\u00e9al pour des petites espaces comme les appartements annexes, les cottages et les caravanes. La cuisini\u00e8re poss\u00e8de une surface de cuisson en c\u00e9ramique, anti-gouttes et facile \u00e0 nettoyer, ainsi qu\u2019un grand dosseret. La plage de temp\u00e9ratures est comprise entre 250 \u00b0F et 500 \u00b0F (122 \u00b0C et 260 \u00b0C), alors que la r\u00f4tissoire est capable d\u2019une puissance de 2 400 watts lorsqu\u2019elle est branch\u00e9e dans une prise de 220 volts. Cette cuisini\u00e8re \u00e9lectrique fiable est fournie avec des boutons \u00ab enfoncer-et-tourner \u00bb pour plus de s\u00e9curit\u00e9 et elle comprend une grille du four robuste avec des but\u00e9es de s\u00e9curit\u00e9. De plus, cette cuisini\u00e8re \u00e9lectrique moderne est offerte avec une garantie de 18 mois sur les pi\u00e8ces et la main-d\u2019\u0153uvre, incluant le service \u00e0 domicile pratique.","breadcrumb":[],"inLanguage":"fr-CA","potentialAction":[{"@type":"ReadAction","target":["https:\/\/www.danby.com\/fr\/products\/cuisinieres\/der241wc\/"]}]},{"@type":"ImageObject","inLanguage":"fr-CA","url":"https:\/\/cdnweb.danby.com\/wp-content\/uploads\/sites\/2\/2022\/02\/08211555\/DER241WC_Right.jpg","contentUrl":"https:\/\/cdnweb.danby.com\/wp-content\/uploads\/sites\/2\/2022\/02\/08211555\/DER241WC_Right.jpg","width":300,"height":440},{"@type":"BreadcrumbList","itemListElement":[{"@type":"ListItem","position":1,"name":"Home","item":"https:\/\/www.danby.com\/fr\/"},{"@type":"ListItem","position":2,"name":"Boutique","item":"https:\/\/www.danby.com\/fr\/boutique\/"},{"@type":"ListItem","position":3,"name":"Danby Designer 3 pi3 Cuisini\u00e8re"}]},{"@type":"WebSite","url":"https:\/\/www.danby.com\/fr\/","name":"Danby - Canada - French","description":"Leader dans le domaine de la r\u00e9frig\u00e9ration et des appareils sp\u00e9cialis\u00e9s","publisher":[],"potentialAction":[{"@type":"SearchAction","target":{"@type":"EntryPoint","urlTemplate":"https:\/\/www.danby.com\/fr\/?s={search_term_string}"},"query-input":{"@type":"PropertyValueSpecification","valueRequired":true,"valueName":"search_term_string"}}],"inLanguage":"fr-CA"},{"@type":"Organization","name":"Danby Appliances","url":"https:\/\/www.danby.com\/fr\/","logo":{"@type":"ImageObject","inLanguage":"fr-CA","url":"https:\/\/cdnweb.danby.com\/wp-content\/uploads\/sites\/2\/2022\/02\/10141906\/Danby75Ans_Blue.png","contentUrl":"https:\/\/cdnweb.danby.com\/wp-content\/uploads\/sites\/2\/2022\/02\/10141906\/Danby75Ans_Blue.png","width":470,"height":110,"caption":"Danby Appliances"},"image":[],"sameAs":["https:\/\/www.facebook.com\/DanbyAppliances","https:\/\/x.com\/DanbyAppliance","https:\/\/instagram.com\/danbyappliances\/","https:\/\/www.linkedin.com\/company\/danbyappliances","https:\/\/www.pinterest.ca\/danbyappliances\/","https:\/\/www.youtube.com\/user\/DanbyProducts","https:\/\/en.wikipedia.org\/wiki\/Danby_(appliances)"]}]}},"post_mailing_queue_ids":[],"_links":{"self":[{"href":"https:\/\/www.danby.com\/fr\/wp-json\/wp\/v2\/product\/4931","targetHints":{"allow":["GET"]}}],"collection":[{"href":"https:\/\/www.danby.com\/fr\/wp-json\/wp\/v2\/product"}],"about":[{"href":"https:\/\/www.danby.com\/fr\/wp-json\/wp\/v2\/types\/product"}],"replies":[{"embeddable":true,"href":"https:\/\/www.danby.com\/fr\/wp-json\/wp\/v2\/comments?post=4931"}],"wp:featuredmedia":[{"embeddable":true,"href":"https:\/\/www.danby.com\/fr\/wp-json\/wp\/v2\/media\/8826"}],"wp:attachment":[{"href":"https:\/\/www.danby.com\/fr\/wp-json\/wp\/v2\/media?parent=4931"}],"wp:term":[{"taxonomy":"product_brand","embeddable":true,"href":"https:\/\/www.danby.com\/fr\/wp-json\/wp\/v2\/product_brand?post=4931"},{"taxonomy":"product_cat","embeddable":true,"href":"https:\/\/www.danby.com\/fr\/wp-json\/wp\/v2\/product_cat?post=4931"},{"taxonomy":"product_tag","embeddable":true,"href":"https:\/\/www.danby.com\/fr\/wp-json\/wp\/v2\/product_tag?post=4931"}],"curies":[{"name":"wp","href":"https:\/\/api.w.org\/{rel}","templated":true}]}}