{"id":4925,"date":"2022-02-03T19:17:21","date_gmt":"2022-02-03T19:17:21","guid":{"rendered":"https:\/\/www.danby.com\/fr\/product\/ddw621wdb\/"},"modified":"2026-04-28T10:09:15","modified_gmt":"2026-04-28T10:09:15","slug":"ddw621wdb","status":"publish","type":"product","link":"https:\/\/www.danby.com\/fr\/products\/lave-vaiselle\/ddw621wdb\/","title":{"rendered":"Danby Lave-vaisselle de comptoir 6 places en Blanc"},"content":{"rendered":"","protected":false},"excerpt":{"rendered":"<ul>\n<li>Lave-vaisselle de comptoir compact et peu encombrant dot\u00e9 d&#8217;une fonction de connexion rapide compatible avec la plupart des robinets de cuisine. Se glisse sous la plupart des armoires<\/li>\n<li>Capacit\u00e9 de 6 couverts avec panier \u00e0 couverts<\/li>\n<li>Certifi\u00e9 ENERGY STAR\u00ae et faible consommation d&#8217;eau (jusqu&#8217;\u00e0 11,7 litres d&#8217;eau par lavage) pour vous aider \u00e0 \u00e9conomiser de l&#8217;argent.<\/li>\n<li>6 cycles de lavage &#8211; lourd, normal, l\u00e9ger, rapide, rin\u00e7age et verre<\/li>\n<li>Option de d\u00e9marrage diff\u00e9r\u00e9 de 2, 4, 6 ou 8 heures<\/li>\n<li>Bras d&#8217;aspersion et filtre nouveaux et am\u00e9lior\u00e9s pour une vaisselle plus propre<\/li>\n<li>Con\u00e7u pour fonctionner \u00e0 52 d\u00e9cibels, soit moins de bruit qu&#8217;une conversation normale.<\/li>\n<li>Commandes \u00e9lectroniques avec affichage LED<\/li>\n<\/ul>\n","protected":false},"featured_media":35217,"comment_status":"closed","ping_status":"closed","template":"","meta":{"_acf_changed":false},"product_brand":[],"product_cat":[24,1449],"product_tag":[],"class_list":{"0":"post-4925","1":"product","2":"type-product","3":"status-publish","4":"has-post-thumbnail","6":"product_cat-lave-vaiselle","7":"product_cat-sales","9":"first","10":"instock","11":"taxable","12":"shipping-taxable","13":"purchasable","14":"product-type-simple"},"acf":[],"yoast_head":"<!-- This site is optimized with the Yoast SEO plugin v27.5 - https:\/\/yoast.com\/product\/yoast-seo-wordpress\/ -->\n<title>Danby Lave-vaisselle de comptoir 6 places en Blanc - DDW621WDB | Danby Canada<\/title>\n<meta name=\"description\" content=\"Laver n&#039;a jamais \u00e9t\u00e9 aussi facile qu&#039;avec cet \u00e9l\u00e9gant lave-vaisselle de comptoir. Cet appareil utilise seulement 11,7 litres d&#039;eau pour un cycle normal. Il est dot\u00e9 de six r\u00e9glages diff\u00e9rents qui peuvent \u00eatre facilement programm\u00e9s et contr\u00f4l\u00e9s \u00e0 l&#039;aide de l&#039;\u00e9cran \u00e9lectronique \u00e0 DEL. Les cycles de lavage sont les suivants : lourd, normal, l\u00e9ger, rapide, rin\u00e7age et verre. Le lave-vaisselle est con\u00e7u pour une installation simple et rapide car il peut \u00eatre facilement raccord\u00e9 \u00e0 n&#039;importe quel robinet de votre cuisine. La propret\u00e9 de l&#039;appareil est un jeu d&#039;enfant gr\u00e2ce \u00e0 son int\u00e9rieur durable en acier inoxydable. Un distributeur automatique de d\u00e9tergent et de produit de rin\u00e7age est pr\u00e9vu pour votre confort et ce lave-vaisselle chic est con\u00e7u pour s&#039;adapter \u00e0 tous les types d&#039;armoires de cuisine.\" \/>\n<meta name=\"robots\" content=\"index, follow, max-snippet:-1, max-image-preview:large, max-video-preview:-1\" \/>\n<link rel=\"canonical\" href=\"https:\/\/www.danby.com\/fr\/products\/lave-vaiselle\/ddw621wdb\/\" \/>\n<meta property=\"og:locale\" content=\"fr_CA\" \/>\n<meta property=\"og:type\" content=\"article\" \/>\n<meta property=\"og:title\" content=\"Danby Lave-vaisselle de comptoir 6 places en Blanc - DDW621WDB | Danby Canada\" \/>\n<meta property=\"og:description\" content=\"Laver n&#039;a jamais \u00e9t\u00e9 aussi facile qu&#039;avec cet \u00e9l\u00e9gant lave-vaisselle de comptoir. Cet appareil utilise seulement 11,7 litres d&#039;eau pour un cycle normal. Il est dot\u00e9 de six r\u00e9glages diff\u00e9rents qui peuvent \u00eatre facilement programm\u00e9s et contr\u00f4l\u00e9s \u00e0 l&#039;aide de l&#039;\u00e9cran \u00e9lectronique \u00e0 DEL. Les cycles de lavage sont les suivants : lourd, normal, l\u00e9ger, rapide, rin\u00e7age et verre. Le lave-vaisselle est con\u00e7u pour une installation simple et rapide car il peut \u00eatre facilement raccord\u00e9 \u00e0 n&#039;importe quel robinet de votre cuisine. La propret\u00e9 de l&#039;appareil est un jeu d&#039;enfant gr\u00e2ce \u00e0 son int\u00e9rieur durable en acier inoxydable. Un distributeur automatique de d\u00e9tergent et de produit de rin\u00e7age est pr\u00e9vu pour votre confort et ce lave-vaisselle chic est con\u00e7u pour s&#039;adapter \u00e0 tous les types d&#039;armoires de cuisine.\" \/>\n<meta property=\"og:url\" content=\"https:\/\/www.danby.com\/fr\/products\/lave-vaiselle\/ddw621wdb\/\" \/>\n<meta property=\"og:site_name\" content=\"Danby - Canada - French\" \/>\n<meta property=\"article:publisher\" content=\"https:\/\/www.facebook.com\/DanbyAppliances\" \/>\n<meta property=\"article:modified_time\" content=\"2026-04-28T10:09:15+00:00\" \/>\n<meta property=\"og:image\" content=\"https:\/\/cdnweb.danby.com\/wp-content\/uploads\/sites\/2\/2024\/04\/23155436\/Front.jpg\" \/>\n\t<meta property=\"og:image:width\" content=\"1500\" \/>\n\t<meta property=\"og:image:height\" content=\"2000\" \/>\n\t<meta property=\"og:image:type\" content=\"image\/jpeg\" \/>\n<meta name=\"twitter:card\" content=\"summary_large_image\" \/>\n<meta name=\"twitter:site\" content=\"@DanbyAppliance\" \/>\n<script type=\"application\/ld+json\" class=\"yoast-schema-graph\">{\"@context\":\"https:\\\/\\\/schema.org\",\"@graph\":[{\"@type\":[\"WebPage\",\"ItemPage\"],\"url\":\"https:\\\/\\\/www.danby.com\\\/fr\\\/products\\\/lave-vaiselle\\\/ddw621wdb\\\/\",\"name\":\"Danby Lave-vaisselle de comptoir 6 places en Blanc - DDW621WDB | Danby Canada\",\"isPartOf\":[],\"primaryImageOfPage\":[],\"image\":[],\"thumbnailUrl\":\"https:\\\/\\\/www.danby.com\\\/fr\\\/wp-content\\\/uploads\\\/sites\\\/2\\\/2025\\\/09\\\/ddw621wdb-thumbnail.jpg\",\"datePublished\":\"2022-02-03T19:17:21+00:00\",\"dateModified\":\"2026-04-28T10:09:15+00:00\",\"description\":\"Laver n'a jamais \u00e9t\u00e9 aussi facile qu'avec cet \u00e9l\u00e9gant lave-vaisselle de comptoir. Cet appareil utilise seulement 11,7 litres d'eau pour un cycle normal. Il est dot\u00e9 de six r\u00e9glages diff\u00e9rents qui peuvent \u00eatre facilement programm\u00e9s et contr\u00f4l\u00e9s \u00e0 l'aide de l'\u00e9cran \u00e9lectronique \u00e0 DEL. Les cycles de lavage sont les suivants : lourd, normal, l\u00e9ger, rapide, rin\u00e7age et verre. Le lave-vaisselle est con\u00e7u pour une installation simple et rapide car il peut \u00eatre facilement raccord\u00e9 \u00e0 n'importe quel robinet de votre cuisine. La propret\u00e9 de l'appareil est un jeu d'enfant gr\u00e2ce \u00e0 son int\u00e9rieur durable en acier inoxydable. Un distributeur automatique de d\u00e9tergent et de produit de rin\u00e7age est pr\u00e9vu pour votre confort et ce lave-vaisselle chic est con\u00e7u pour s'adapter \u00e0 tous les types d'armoires de cuisine.\",\"breadcrumb\":[],\"inLanguage\":\"fr-CA\",\"potentialAction\":[{\"@type\":\"ReadAction\",\"target\":[\"https:\\\/\\\/www.danby.com\\\/fr\\\/products\\\/lave-vaiselle\\\/ddw621wdb\\\/\"]}]},{\"@type\":\"ImageObject\",\"inLanguage\":\"fr-CA\",\"url\":\"https:\\\/\\\/www.danby.com\\\/fr\\\/wp-content\\\/uploads\\\/sites\\\/2\\\/2025\\\/09\\\/ddw621wdb-thumbnail.jpg\",\"contentUrl\":\"https:\\\/\\\/www.danby.com\\\/fr\\\/wp-content\\\/uploads\\\/sites\\\/2\\\/2025\\\/09\\\/ddw621wdb-thumbnail.jpg\",\"width\":768,\"height\":1024},{\"@type\":\"BreadcrumbList\",\"itemListElement\":[{\"@type\":\"ListItem\",\"position\":1,\"name\":\"Home\",\"item\":\"https:\\\/\\\/www.danby.com\\\/fr\\\/\"},{\"@type\":\"ListItem\",\"position\":2,\"name\":\"Boutique\",\"item\":\"https:\\\/\\\/www.danby.com\\\/fr\\\/boutique\\\/\"},{\"@type\":\"ListItem\",\"position\":3,\"name\":\"Danby Lave-vaisselle de comptoir 6 places en blanc\"}]},{\"@type\":\"WebSite\",\"url\":\"https:\\\/\\\/www.danby.com\\\/fr\\\/\",\"name\":\"Danby - Canada - French\",\"description\":\"Leader dans le domaine de la r\u00e9frig\u00e9ration et des appareils sp\u00e9cialis\u00e9s\",\"publisher\":[],\"potentialAction\":[{\"@type\":\"SearchAction\",\"target\":{\"@type\":\"EntryPoint\",\"urlTemplate\":\"https:\\\/\\\/www.danby.com\\\/fr\\\/?s={search_term_string}\"},\"query-input\":{\"@type\":\"PropertyValueSpecification\",\"valueRequired\":true,\"valueName\":\"search_term_string\"}}],\"inLanguage\":\"fr-CA\"},{\"@type\":\"Organization\",\"name\":\"Danby Appliances\",\"url\":\"https:\\\/\\\/www.danby.com\\\/fr\\\/\",\"logo\":{\"@type\":\"ImageObject\",\"inLanguage\":\"fr-CA\",\"url\":\"https:\\\/\\\/cdnweb.danby.com\\\/wp-content\\\/uploads\\\/sites\\\/2\\\/2022\\\/02\\\/10141906\\\/Danby75Ans_Blue.png\",\"contentUrl\":\"https:\\\/\\\/cdnweb.danby.com\\\/wp-content\\\/uploads\\\/sites\\\/2\\\/2022\\\/02\\\/10141906\\\/Danby75Ans_Blue.png\",\"width\":470,\"height\":110,\"caption\":\"Danby Appliances\"},\"image\":[],\"sameAs\":[\"https:\\\/\\\/www.facebook.com\\\/DanbyAppliances\",\"https:\\\/\\\/x.com\\\/DanbyAppliance\",\"https:\\\/\\\/instagram.com\\\/danbyappliances\\\/\",\"https:\\\/\\\/www.linkedin.com\\\/company\\\/danbyappliances\",\"https:\\\/\\\/www.pinterest.ca\\\/danbyappliances\\\/\",\"https:\\\/\\\/www.youtube.com\\\/user\\\/DanbyProducts\",\"https:\\\/\\\/en.wikipedia.org\\\/wiki\\\/Danby_(appliances)\"]}]}<\/script>\n<!-- \/ Yoast SEO plugin. -->","yoast_head_json":{"title":"Danby Lave-vaisselle de comptoir 6 places en Blanc - DDW621WDB | Danby Canada","description":"Laver n'a jamais \u00e9t\u00e9 aussi facile qu'avec cet \u00e9l\u00e9gant lave-vaisselle de comptoir. Cet appareil utilise seulement 11,7 litres d'eau pour un cycle normal. Il est dot\u00e9 de six r\u00e9glages diff\u00e9rents qui peuvent \u00eatre facilement programm\u00e9s et contr\u00f4l\u00e9s \u00e0 l'aide de l'\u00e9cran \u00e9lectronique \u00e0 DEL. Les cycles de lavage sont les suivants : lourd, normal, l\u00e9ger, rapide, rin\u00e7age et verre. Le lave-vaisselle est con\u00e7u pour une installation simple et rapide car il peut \u00eatre facilement raccord\u00e9 \u00e0 n'importe quel robinet de votre cuisine. La propret\u00e9 de l'appareil est un jeu d'enfant gr\u00e2ce \u00e0 son int\u00e9rieur durable en acier inoxydable. Un distributeur automatique de d\u00e9tergent et de produit de rin\u00e7age est pr\u00e9vu pour votre confort et ce lave-vaisselle chic est con\u00e7u pour s'adapter \u00e0 tous les types d'armoires de cuisine.","robots":{"index":"index","follow":"follow","max-snippet":"max-snippet:-1","max-image-preview":"max-image-preview:large","max-video-preview":"max-video-preview:-1"},"canonical":"https:\/\/www.danby.com\/fr\/products\/lave-vaiselle\/ddw621wdb\/","og_locale":"fr_CA","og_type":"article","og_title":"Danby Lave-vaisselle de comptoir 6 places en Blanc - DDW621WDB | Danby Canada","og_description":"Laver n'a jamais \u00e9t\u00e9 aussi facile qu'avec cet \u00e9l\u00e9gant lave-vaisselle de comptoir. Cet appareil utilise seulement 11,7 litres d'eau pour un cycle normal. Il est dot\u00e9 de six r\u00e9glages diff\u00e9rents qui peuvent \u00eatre facilement programm\u00e9s et contr\u00f4l\u00e9s \u00e0 l'aide de l'\u00e9cran \u00e9lectronique \u00e0 DEL. Les cycles de lavage sont les suivants : lourd, normal, l\u00e9ger, rapide, rin\u00e7age et verre. Le lave-vaisselle est con\u00e7u pour une installation simple et rapide car il peut \u00eatre facilement raccord\u00e9 \u00e0 n'importe quel robinet de votre cuisine. La propret\u00e9 de l'appareil est un jeu d'enfant gr\u00e2ce \u00e0 son int\u00e9rieur durable en acier inoxydable. Un distributeur automatique de d\u00e9tergent et de produit de rin\u00e7age est pr\u00e9vu pour votre confort et ce lave-vaisselle chic est con\u00e7u pour s'adapter \u00e0 tous les types d'armoires de cuisine.","og_url":"https:\/\/www.danby.com\/fr\/products\/lave-vaiselle\/ddw621wdb\/","og_site_name":"Danby - Canada - French","article_publisher":"https:\/\/www.facebook.com\/DanbyAppliances","article_modified_time":"2026-04-28T10:09:15+00:00","og_image":[{"width":1500,"height":2000,"url":"https:\/\/cdnweb.danby.com\/wp-content\/uploads\/sites\/2\/2024\/04\/23155436\/Front.jpg","type":"image\/jpeg"}],"twitter_card":"summary_large_image","twitter_site":"@DanbyAppliance","schema":{"@context":"https:\/\/schema.org","@graph":[{"@type":["WebPage","ItemPage"],"url":"https:\/\/www.danby.com\/fr\/products\/lave-vaiselle\/ddw621wdb\/","name":"Danby Lave-vaisselle de comptoir 6 places en Blanc - DDW621WDB | Danby Canada","isPartOf":[],"primaryImageOfPage":[],"image":[],"thumbnailUrl":"https:\/\/www.danby.com\/fr\/wp-content\/uploads\/sites\/2\/2025\/09\/ddw621wdb-thumbnail.jpg","datePublished":"2022-02-03T19:17:21+00:00","dateModified":"2026-04-28T10:09:15+00:00","description":"Laver n'a jamais \u00e9t\u00e9 aussi facile qu'avec cet \u00e9l\u00e9gant lave-vaisselle de comptoir. Cet appareil utilise seulement 11,7 litres d'eau pour un cycle normal. Il est dot\u00e9 de six r\u00e9glages diff\u00e9rents qui peuvent \u00eatre facilement programm\u00e9s et contr\u00f4l\u00e9s \u00e0 l'aide de l'\u00e9cran \u00e9lectronique \u00e0 DEL. Les cycles de lavage sont les suivants : lourd, normal, l\u00e9ger, rapide, rin\u00e7age et verre. Le lave-vaisselle est con\u00e7u pour une installation simple et rapide car il peut \u00eatre facilement raccord\u00e9 \u00e0 n'importe quel robinet de votre cuisine. La propret\u00e9 de l'appareil est un jeu d'enfant gr\u00e2ce \u00e0 son int\u00e9rieur durable en acier inoxydable. Un distributeur automatique de d\u00e9tergent et de produit de rin\u00e7age est pr\u00e9vu pour votre confort et ce lave-vaisselle chic est con\u00e7u pour s'adapter \u00e0 tous les types d'armoires de cuisine.","breadcrumb":[],"inLanguage":"fr-CA","potentialAction":[{"@type":"ReadAction","target":["https:\/\/www.danby.com\/fr\/products\/lave-vaiselle\/ddw621wdb\/"]}]},{"@type":"ImageObject","inLanguage":"fr-CA","url":"https:\/\/www.danby.com\/fr\/wp-content\/uploads\/sites\/2\/2025\/09\/ddw621wdb-thumbnail.jpg","contentUrl":"https:\/\/www.danby.com\/fr\/wp-content\/uploads\/sites\/2\/2025\/09\/ddw621wdb-thumbnail.jpg","width":768,"height":1024},{"@type":"BreadcrumbList","itemListElement":[{"@type":"ListItem","position":1,"name":"Home","item":"https:\/\/www.danby.com\/fr\/"},{"@type":"ListItem","position":2,"name":"Boutique","item":"https:\/\/www.danby.com\/fr\/boutique\/"},{"@type":"ListItem","position":3,"name":"Danby Lave-vaisselle de comptoir 6 places en blanc"}]},{"@type":"WebSite","url":"https:\/\/www.danby.com\/fr\/","name":"Danby - Canada - French","description":"Leader dans le domaine de la r\u00e9frig\u00e9ration et des appareils sp\u00e9cialis\u00e9s","publisher":[],"potentialAction":[{"@type":"SearchAction","target":{"@type":"EntryPoint","urlTemplate":"https:\/\/www.danby.com\/fr\/?s={search_term_string}"},"query-input":{"@type":"PropertyValueSpecification","valueRequired":true,"valueName":"search_term_string"}}],"inLanguage":"fr-CA"},{"@type":"Organization","name":"Danby Appliances","url":"https:\/\/www.danby.com\/fr\/","logo":{"@type":"ImageObject","inLanguage":"fr-CA","url":"https:\/\/cdnweb.danby.com\/wp-content\/uploads\/sites\/2\/2022\/02\/10141906\/Danby75Ans_Blue.png","contentUrl":"https:\/\/cdnweb.danby.com\/wp-content\/uploads\/sites\/2\/2022\/02\/10141906\/Danby75Ans_Blue.png","width":470,"height":110,"caption":"Danby Appliances"},"image":[],"sameAs":["https:\/\/www.facebook.com\/DanbyAppliances","https:\/\/x.com\/DanbyAppliance","https:\/\/instagram.com\/danbyappliances\/","https:\/\/www.linkedin.com\/company\/danbyappliances","https:\/\/www.pinterest.ca\/danbyappliances\/","https:\/\/www.youtube.com\/user\/DanbyProducts","https:\/\/en.wikipedia.org\/wiki\/Danby_(appliances)"]}]}},"post_mailing_queue_ids":[],"_links":{"self":[{"href":"https:\/\/www.danby.com\/fr\/wp-json\/wp\/v2\/product\/4925","targetHints":{"allow":["GET"]}}],"collection":[{"href":"https:\/\/www.danby.com\/fr\/wp-json\/wp\/v2\/product"}],"about":[{"href":"https:\/\/www.danby.com\/fr\/wp-json\/wp\/v2\/types\/product"}],"replies":[{"embeddable":true,"href":"https:\/\/www.danby.com\/fr\/wp-json\/wp\/v2\/comments?post=4925"}],"wp:featuredmedia":[{"embeddable":true,"href":"https:\/\/www.danby.com\/fr\/wp-json\/wp\/v2\/media\/35217"}],"wp:attachment":[{"href":"https:\/\/www.danby.com\/fr\/wp-json\/wp\/v2\/media?parent=4925"}],"wp:term":[{"taxonomy":"product_brand","embeddable":true,"href":"https:\/\/www.danby.com\/fr\/wp-json\/wp\/v2\/product_brand?post=4925"},{"taxonomy":"product_cat","embeddable":true,"href":"https:\/\/www.danby.com\/fr\/wp-json\/wp\/v2\/product_cat?post=4925"},{"taxonomy":"product_tag","embeddable":true,"href":"https:\/\/www.danby.com\/fr\/wp-json\/wp\/v2\/product_tag?post=4925"}],"curies":[{"name":"wp","href":"https:\/\/api.w.org\/{rel}","templated":true}]}}