{"id":4924,"date":"2022-02-03T19:17:21","date_gmt":"2022-02-03T19:17:21","guid":{"rendered":"https:\/\/www.danby.com\/fr\/product\/ddw611wled\/"},"modified":"2026-04-30T10:06:17","modified_gmt":"2026-04-30T10:06:17","slug":"ddw611wled","status":"publish","type":"product","link":"https:\/\/www.danby.com\/fr\/products\/lave-vaiselle\/ddw611wled\/","title":{"rendered":"Danby 6 Couvert Lave-vaiselle"},"content":{"rendered":"","protected":false},"excerpt":{"rendered":"<ul>\n<li>Lave-vaisselle de comptoir avec une capacit\u00e9 pour un service de vaisselle pour six personnes <\/li>\n<li>Faible consommation d&#8217;eau de 12 litres (3,17 gal.) durant le cycle normal <\/li>\n<li>Raccordement rapide sur tous les robinets de cuisine <\/li>\n<li>6 programmes de lavage (normal, super, lavage l\u00e9ger, lavage rapide, trempage, verre) <\/li>\n<li>Int\u00e9rieur durable en acier inoxydable <\/li>\n<li>Distributeur automatique de d\u00e9tergent et distributeur d&#8217;agent de rin\u00e7age <\/li>\n<li>Commande \u00e9lectronique avec affichage \u00e0 DEL <\/li>\n<li>Adaptable sous la plupart des cabinets de cuisine<\/li>\n<\/ul>\n","protected":false},"featured_media":7374,"comment_status":"closed","ping_status":"open","template":"","meta":{"_acf_changed":false},"product_brand":[],"product_cat":[24],"product_tag":[],"class_list":{"0":"post-4924","1":"product","2":"type-product","3":"status-publish","4":"has-post-thumbnail","6":"product_cat-lave-vaiselle","8":"first","9":"outofstock","10":"taxable","11":"shipping-taxable","12":"product-type-simple"},"acf":[],"yoast_head":"<!-- This site is optimized with the Yoast SEO plugin v27.5 - https:\/\/yoast.com\/product\/yoast-seo-wordpress\/ -->\n<title>Danby 6 Couvert Lave-vaiselle - DDW611WLED | Danby Canada<\/title>\n<meta name=\"description\" content=\"Il n&#039;a jamais \u00e9t\u00e9 aussi facile de laver la vaisselle, gr\u00e2ce \u00e0 cet \u00e9l\u00e9gant lave-vaisselle de comptoir. Cet appareil utilise seulement 3,17 gallons d\u2019eau (12 litres) pour r\u00e9aliser un cycle normal. Il est livr\u00e9 avec six r\u00e9glages diff\u00e9rents, ais\u00e9ment programmables et contr\u00f4lables gr\u00e2ce \u00e0 l\u2019affichage \u00e9lectronique \u00e0 DEL. Les cycles de lavage propos\u00e9s sont\u00a0: trempage, verre, rapide, intense, l\u00e9ger et normal. Le lave-vaisselle est con\u00e7u pour une installation simple et rapide, car il peut facilement \u00eatre reli\u00e9 \u00e0 n&#039;importe quel robinet de cuisine. Le nettoyage de l&#039;appareil est un jeu d&#039;enfant gr\u00e2ce \u00e0 son int\u00e9rieur fait d\u2019acier inoxydable durable. Il est \u00e9quip\u00e9 d\u2019un distributeur automatique de d\u00e9tergent et de produit de rin\u00e7age pratique et ce chic mod\u00e8le est con\u00e7u pour s&#039;installer sous n&#039;importe quel type d&#039;armoire de cuisine. Il est \u00e9galement livr\u00e9 avec une garantie de 12 mois sur les pi\u00e8ces et la main-d\u2019\u0153uvre.\" \/>\n<meta name=\"robots\" content=\"index, follow, max-snippet:-1, max-image-preview:large, max-video-preview:-1\" \/>\n<link rel=\"canonical\" href=\"https:\/\/www.danby.com\/fr\/products\/lave-vaiselle\/ddw611wled\/\" \/>\n<meta property=\"og:locale\" content=\"fr_CA\" \/>\n<meta property=\"og:type\" content=\"article\" \/>\n<meta property=\"og:title\" content=\"Danby 6 Couvert Lave-vaiselle - DDW611WLED | Danby Canada\" \/>\n<meta property=\"og:description\" content=\"Il n&#039;a jamais \u00e9t\u00e9 aussi facile de laver la vaisselle, gr\u00e2ce \u00e0 cet \u00e9l\u00e9gant lave-vaisselle de comptoir. Cet appareil utilise seulement 3,17 gallons d\u2019eau (12 litres) pour r\u00e9aliser un cycle normal. Il est livr\u00e9 avec six r\u00e9glages diff\u00e9rents, ais\u00e9ment programmables et contr\u00f4lables gr\u00e2ce \u00e0 l\u2019affichage \u00e9lectronique \u00e0 DEL. Les cycles de lavage propos\u00e9s sont\u00a0: trempage, verre, rapide, intense, l\u00e9ger et normal. Le lave-vaisselle est con\u00e7u pour une installation simple et rapide, car il peut facilement \u00eatre reli\u00e9 \u00e0 n&#039;importe quel robinet de cuisine. Le nettoyage de l&#039;appareil est un jeu d&#039;enfant gr\u00e2ce \u00e0 son int\u00e9rieur fait d\u2019acier inoxydable durable. Il est \u00e9quip\u00e9 d\u2019un distributeur automatique de d\u00e9tergent et de produit de rin\u00e7age pratique et ce chic mod\u00e8le est con\u00e7u pour s&#039;installer sous n&#039;importe quel type d&#039;armoire de cuisine. Il est \u00e9galement livr\u00e9 avec une garantie de 12 mois sur les pi\u00e8ces et la main-d\u2019\u0153uvre.\" \/>\n<meta property=\"og:url\" content=\"https:\/\/www.danby.com\/fr\/products\/lave-vaiselle\/ddw611wled\/\" \/>\n<meta property=\"og:site_name\" content=\"Danby - Canada - French\" \/>\n<meta property=\"article:publisher\" content=\"https:\/\/www.facebook.com\/DanbyAppliances\" \/>\n<meta property=\"article:modified_time\" content=\"2026-04-30T10:06:17+00:00\" \/>\n<meta property=\"og:image\" content=\"https:\/\/cdnweb.danby.com\/wp-content\/uploads\/sites\/2\/2022\/02\/08192927\/Medium-ddw611wled2.jpg\" \/>\n\t<meta property=\"og:image:width\" content=\"300\" \/>\n\t<meta property=\"og:image:height\" content=\"272\" \/>\n\t<meta property=\"og:image:type\" content=\"image\/jpeg\" \/>\n<meta name=\"twitter:card\" content=\"summary_large_image\" \/>\n<meta name=\"twitter:site\" content=\"@DanbyAppliance\" \/>\n<script type=\"application\/ld+json\" class=\"yoast-schema-graph\">{\"@context\":\"https:\\\/\\\/schema.org\",\"@graph\":[{\"@type\":[\"WebPage\",\"ItemPage\"],\"url\":\"https:\\\/\\\/www.danby.com\\\/fr\\\/products\\\/lave-vaiselle\\\/ddw611wled\\\/\",\"name\":\"Danby 6 Couvert Lave-vaiselle - DDW611WLED | Danby Canada\",\"isPartOf\":[],\"primaryImageOfPage\":[],\"image\":[],\"thumbnailUrl\":\"https:\\\/\\\/cdnweb.danby.com\\\/wp-content\\\/uploads\\\/sites\\\/2\\\/2022\\\/02\\\/08192927\\\/Medium-ddw611wled2.jpg\",\"datePublished\":\"2022-02-03T19:17:21+00:00\",\"dateModified\":\"2026-04-30T10:06:17+00:00\",\"description\":\"Il n'a jamais \u00e9t\u00e9 aussi facile de laver la vaisselle, gr\u00e2ce \u00e0 cet \u00e9l\u00e9gant lave-vaisselle de comptoir. Cet appareil utilise seulement 3,17 gallons d\u2019eau (12 litres) pour r\u00e9aliser un cycle normal. Il est livr\u00e9 avec six r\u00e9glages diff\u00e9rents, ais\u00e9ment programmables et contr\u00f4lables gr\u00e2ce \u00e0 l\u2019affichage \u00e9lectronique \u00e0 DEL. Les cycles de lavage propos\u00e9s sont\u00a0: trempage, verre, rapide, intense, l\u00e9ger et normal. Le lave-vaisselle est con\u00e7u pour une installation simple et rapide, car il peut facilement \u00eatre reli\u00e9 \u00e0 n'importe quel robinet de cuisine. Le nettoyage de l'appareil est un jeu d'enfant gr\u00e2ce \u00e0 son int\u00e9rieur fait d\u2019acier inoxydable durable. Il est \u00e9quip\u00e9 d\u2019un distributeur automatique de d\u00e9tergent et de produit de rin\u00e7age pratique et ce chic mod\u00e8le est con\u00e7u pour s'installer sous n'importe quel type d'armoire de cuisine. Il est \u00e9galement livr\u00e9 avec une garantie de 12 mois sur les pi\u00e8ces et la main-d\u2019\u0153uvre.\",\"breadcrumb\":[],\"inLanguage\":\"fr-CA\",\"potentialAction\":[{\"@type\":\"ReadAction\",\"target\":[\"https:\\\/\\\/www.danby.com\\\/fr\\\/products\\\/lave-vaiselle\\\/ddw611wled\\\/\"]}]},{\"@type\":\"ImageObject\",\"inLanguage\":\"fr-CA\",\"url\":\"https:\\\/\\\/cdnweb.danby.com\\\/wp-content\\\/uploads\\\/sites\\\/2\\\/2022\\\/02\\\/08192927\\\/Medium-ddw611wled2.jpg\",\"contentUrl\":\"https:\\\/\\\/cdnweb.danby.com\\\/wp-content\\\/uploads\\\/sites\\\/2\\\/2022\\\/02\\\/08192927\\\/Medium-ddw611wled2.jpg\",\"width\":300,\"height\":272},{\"@type\":\"BreadcrumbList\",\"itemListElement\":[{\"@type\":\"ListItem\",\"position\":1,\"name\":\"Home\",\"item\":\"https:\\\/\\\/www.danby.com\\\/fr\\\/\"},{\"@type\":\"ListItem\",\"position\":2,\"name\":\"Boutique\",\"item\":\"https:\\\/\\\/www.danby.com\\\/fr\\\/boutique\\\/\"},{\"@type\":\"ListItem\",\"position\":3,\"name\":\"Danby 6 Couvert Lave-vaiselle\"}]},{\"@type\":\"WebSite\",\"url\":\"https:\\\/\\\/www.danby.com\\\/fr\\\/\",\"name\":\"Danby - Canada - French\",\"description\":\"Leader dans le domaine de la r\u00e9frig\u00e9ration et des appareils sp\u00e9cialis\u00e9s\",\"publisher\":[],\"potentialAction\":[{\"@type\":\"SearchAction\",\"target\":{\"@type\":\"EntryPoint\",\"urlTemplate\":\"https:\\\/\\\/www.danby.com\\\/fr\\\/?s={search_term_string}\"},\"query-input\":{\"@type\":\"PropertyValueSpecification\",\"valueRequired\":true,\"valueName\":\"search_term_string\"}}],\"inLanguage\":\"fr-CA\"},{\"@type\":\"Organization\",\"name\":\"Danby Appliances\",\"url\":\"https:\\\/\\\/www.danby.com\\\/fr\\\/\",\"logo\":{\"@type\":\"ImageObject\",\"inLanguage\":\"fr-CA\",\"url\":\"https:\\\/\\\/cdnweb.danby.com\\\/wp-content\\\/uploads\\\/sites\\\/2\\\/2022\\\/02\\\/10141906\\\/Danby75Ans_Blue.png\",\"contentUrl\":\"https:\\\/\\\/cdnweb.danby.com\\\/wp-content\\\/uploads\\\/sites\\\/2\\\/2022\\\/02\\\/10141906\\\/Danby75Ans_Blue.png\",\"width\":470,\"height\":110,\"caption\":\"Danby Appliances\"},\"image\":[],\"sameAs\":[\"https:\\\/\\\/www.facebook.com\\\/DanbyAppliances\",\"https:\\\/\\\/x.com\\\/DanbyAppliance\",\"https:\\\/\\\/instagram.com\\\/danbyappliances\\\/\",\"https:\\\/\\\/www.linkedin.com\\\/company\\\/danbyappliances\",\"https:\\\/\\\/www.pinterest.ca\\\/danbyappliances\\\/\",\"https:\\\/\\\/www.youtube.com\\\/user\\\/DanbyProducts\",\"https:\\\/\\\/en.wikipedia.org\\\/wiki\\\/Danby_(appliances)\"]}]}<\/script>\n<!-- \/ Yoast SEO plugin. -->","yoast_head_json":{"title":"Danby 6 Couvert Lave-vaiselle - DDW611WLED | Danby Canada","description":"Il n'a jamais \u00e9t\u00e9 aussi facile de laver la vaisselle, gr\u00e2ce \u00e0 cet \u00e9l\u00e9gant lave-vaisselle de comptoir. Cet appareil utilise seulement 3,17 gallons d\u2019eau (12 litres) pour r\u00e9aliser un cycle normal. Il est livr\u00e9 avec six r\u00e9glages diff\u00e9rents, ais\u00e9ment programmables et contr\u00f4lables gr\u00e2ce \u00e0 l\u2019affichage \u00e9lectronique \u00e0 DEL. Les cycles de lavage propos\u00e9s sont\u00a0: trempage, verre, rapide, intense, l\u00e9ger et normal. Le lave-vaisselle est con\u00e7u pour une installation simple et rapide, car il peut facilement \u00eatre reli\u00e9 \u00e0 n'importe quel robinet de cuisine. Le nettoyage de l'appareil est un jeu d'enfant gr\u00e2ce \u00e0 son int\u00e9rieur fait d\u2019acier inoxydable durable. Il est \u00e9quip\u00e9 d\u2019un distributeur automatique de d\u00e9tergent et de produit de rin\u00e7age pratique et ce chic mod\u00e8le est con\u00e7u pour s'installer sous n'importe quel type d'armoire de cuisine. Il est \u00e9galement livr\u00e9 avec une garantie de 12 mois sur les pi\u00e8ces et la main-d\u2019\u0153uvre.","robots":{"index":"index","follow":"follow","max-snippet":"max-snippet:-1","max-image-preview":"max-image-preview:large","max-video-preview":"max-video-preview:-1"},"canonical":"https:\/\/www.danby.com\/fr\/products\/lave-vaiselle\/ddw611wled\/","og_locale":"fr_CA","og_type":"article","og_title":"Danby 6 Couvert Lave-vaiselle - DDW611WLED | Danby Canada","og_description":"Il n'a jamais \u00e9t\u00e9 aussi facile de laver la vaisselle, gr\u00e2ce \u00e0 cet \u00e9l\u00e9gant lave-vaisselle de comptoir. Cet appareil utilise seulement 3,17 gallons d\u2019eau (12 litres) pour r\u00e9aliser un cycle normal. Il est livr\u00e9 avec six r\u00e9glages diff\u00e9rents, ais\u00e9ment programmables et contr\u00f4lables gr\u00e2ce \u00e0 l\u2019affichage \u00e9lectronique \u00e0 DEL. Les cycles de lavage propos\u00e9s sont\u00a0: trempage, verre, rapide, intense, l\u00e9ger et normal. Le lave-vaisselle est con\u00e7u pour une installation simple et rapide, car il peut facilement \u00eatre reli\u00e9 \u00e0 n'importe quel robinet de cuisine. Le nettoyage de l'appareil est un jeu d'enfant gr\u00e2ce \u00e0 son int\u00e9rieur fait d\u2019acier inoxydable durable. Il est \u00e9quip\u00e9 d\u2019un distributeur automatique de d\u00e9tergent et de produit de rin\u00e7age pratique et ce chic mod\u00e8le est con\u00e7u pour s'installer sous n'importe quel type d'armoire de cuisine. Il est \u00e9galement livr\u00e9 avec une garantie de 12 mois sur les pi\u00e8ces et la main-d\u2019\u0153uvre.","og_url":"https:\/\/www.danby.com\/fr\/products\/lave-vaiselle\/ddw611wled\/","og_site_name":"Danby - Canada - French","article_publisher":"https:\/\/www.facebook.com\/DanbyAppliances","article_modified_time":"2026-04-30T10:06:17+00:00","og_image":[{"width":300,"height":272,"url":"https:\/\/cdnweb.danby.com\/wp-content\/uploads\/sites\/2\/2022\/02\/08192927\/Medium-ddw611wled2.jpg","type":"image\/jpeg"}],"twitter_card":"summary_large_image","twitter_site":"@DanbyAppliance","schema":{"@context":"https:\/\/schema.org","@graph":[{"@type":["WebPage","ItemPage"],"url":"https:\/\/www.danby.com\/fr\/products\/lave-vaiselle\/ddw611wled\/","name":"Danby 6 Couvert Lave-vaiselle - DDW611WLED | Danby Canada","isPartOf":[],"primaryImageOfPage":[],"image":[],"thumbnailUrl":"https:\/\/cdnweb.danby.com\/wp-content\/uploads\/sites\/2\/2022\/02\/08192927\/Medium-ddw611wled2.jpg","datePublished":"2022-02-03T19:17:21+00:00","dateModified":"2026-04-30T10:06:17+00:00","description":"Il n'a jamais \u00e9t\u00e9 aussi facile de laver la vaisselle, gr\u00e2ce \u00e0 cet \u00e9l\u00e9gant lave-vaisselle de comptoir. Cet appareil utilise seulement 3,17 gallons d\u2019eau (12 litres) pour r\u00e9aliser un cycle normal. Il est livr\u00e9 avec six r\u00e9glages diff\u00e9rents, ais\u00e9ment programmables et contr\u00f4lables gr\u00e2ce \u00e0 l\u2019affichage \u00e9lectronique \u00e0 DEL. Les cycles de lavage propos\u00e9s sont\u00a0: trempage, verre, rapide, intense, l\u00e9ger et normal. Le lave-vaisselle est con\u00e7u pour une installation simple et rapide, car il peut facilement \u00eatre reli\u00e9 \u00e0 n'importe quel robinet de cuisine. Le nettoyage de l'appareil est un jeu d'enfant gr\u00e2ce \u00e0 son int\u00e9rieur fait d\u2019acier inoxydable durable. Il est \u00e9quip\u00e9 d\u2019un distributeur automatique de d\u00e9tergent et de produit de rin\u00e7age pratique et ce chic mod\u00e8le est con\u00e7u pour s'installer sous n'importe quel type d'armoire de cuisine. Il est \u00e9galement livr\u00e9 avec une garantie de 12 mois sur les pi\u00e8ces et la main-d\u2019\u0153uvre.","breadcrumb":[],"inLanguage":"fr-CA","potentialAction":[{"@type":"ReadAction","target":["https:\/\/www.danby.com\/fr\/products\/lave-vaiselle\/ddw611wled\/"]}]},{"@type":"ImageObject","inLanguage":"fr-CA","url":"https:\/\/cdnweb.danby.com\/wp-content\/uploads\/sites\/2\/2022\/02\/08192927\/Medium-ddw611wled2.jpg","contentUrl":"https:\/\/cdnweb.danby.com\/wp-content\/uploads\/sites\/2\/2022\/02\/08192927\/Medium-ddw611wled2.jpg","width":300,"height":272},{"@type":"BreadcrumbList","itemListElement":[{"@type":"ListItem","position":1,"name":"Home","item":"https:\/\/www.danby.com\/fr\/"},{"@type":"ListItem","position":2,"name":"Boutique","item":"https:\/\/www.danby.com\/fr\/boutique\/"},{"@type":"ListItem","position":3,"name":"Danby 6 Couvert Lave-vaiselle"}]},{"@type":"WebSite","url":"https:\/\/www.danby.com\/fr\/","name":"Danby - Canada - French","description":"Leader dans le domaine de la r\u00e9frig\u00e9ration et des appareils sp\u00e9cialis\u00e9s","publisher":[],"potentialAction":[{"@type":"SearchAction","target":{"@type":"EntryPoint","urlTemplate":"https:\/\/www.danby.com\/fr\/?s={search_term_string}"},"query-input":{"@type":"PropertyValueSpecification","valueRequired":true,"valueName":"search_term_string"}}],"inLanguage":"fr-CA"},{"@type":"Organization","name":"Danby Appliances","url":"https:\/\/www.danby.com\/fr\/","logo":{"@type":"ImageObject","inLanguage":"fr-CA","url":"https:\/\/cdnweb.danby.com\/wp-content\/uploads\/sites\/2\/2022\/02\/10141906\/Danby75Ans_Blue.png","contentUrl":"https:\/\/cdnweb.danby.com\/wp-content\/uploads\/sites\/2\/2022\/02\/10141906\/Danby75Ans_Blue.png","width":470,"height":110,"caption":"Danby Appliances"},"image":[],"sameAs":["https:\/\/www.facebook.com\/DanbyAppliances","https:\/\/x.com\/DanbyAppliance","https:\/\/instagram.com\/danbyappliances\/","https:\/\/www.linkedin.com\/company\/danbyappliances","https:\/\/www.pinterest.ca\/danbyappliances\/","https:\/\/www.youtube.com\/user\/DanbyProducts","https:\/\/en.wikipedia.org\/wiki\/Danby_(appliances)"]}]}},"post_mailing_queue_ids":[],"_links":{"self":[{"href":"https:\/\/www.danby.com\/fr\/wp-json\/wp\/v2\/product\/4924","targetHints":{"allow":["GET"]}}],"collection":[{"href":"https:\/\/www.danby.com\/fr\/wp-json\/wp\/v2\/product"}],"about":[{"href":"https:\/\/www.danby.com\/fr\/wp-json\/wp\/v2\/types\/product"}],"replies":[{"embeddable":true,"href":"https:\/\/www.danby.com\/fr\/wp-json\/wp\/v2\/comments?post=4924"}],"wp:featuredmedia":[{"embeddable":true,"href":"https:\/\/www.danby.com\/fr\/wp-json\/wp\/v2\/media\/7374"}],"wp:attachment":[{"href":"https:\/\/www.danby.com\/fr\/wp-json\/wp\/v2\/media?parent=4924"}],"wp:term":[{"taxonomy":"product_brand","embeddable":true,"href":"https:\/\/www.danby.com\/fr\/wp-json\/wp\/v2\/product_brand?post=4924"},{"taxonomy":"product_cat","embeddable":true,"href":"https:\/\/www.danby.com\/fr\/wp-json\/wp\/v2\/product_cat?post=4924"},{"taxonomy":"product_tag","embeddable":true,"href":"https:\/\/www.danby.com\/fr\/wp-json\/wp\/v2\/product_tag?post=4924"}],"curies":[{"name":"wp","href":"https:\/\/api.w.org\/{rel}","templated":true}]}}