{"id":4916,"date":"2022-02-03T19:17:21","date_gmt":"2022-02-03T19:17:21","guid":{"rendered":"https:\/\/www.danby.com\/fr\/product\/ddw1809w-1\/"},"modified":"2026-04-18T10:07:33","modified_gmt":"2026-04-18T10:07:33","slug":"ddw1809w-1","status":"publish","type":"product","link":"https:\/\/www.danby.com\/fr\/products\/lave-vaiselle\/ddw1809w-1\/","title":{"rendered":"Danby 8 Couvert Lave-vaiselle"},"content":{"rendered":"","protected":false},"excerpt":{"rendered":"<ul>\n<li>Capacit\u00e9 de 8 couverts avec panier \u00e0 argenterie<\/li>\n<li>Compatible Energy Star\u00ae<\/li>\n<li>Commandes \u00e9lectroniques simples<\/li>\n<li>6 cycles de lavage<\/li>\n<li>Bras d&#8217;aspersion et int\u00e9rieur en acier inoxydable durable<\/li>\n<li>Distributeur de produit de rin\u00e7age<\/li>\n<li>Distributeur automatique de d\u00e9tergent<\/li>\n<\/ul>\n","protected":false},"featured_media":7345,"comment_status":"closed","ping_status":"open","template":"","meta":{"_acf_changed":false},"product_brand":[],"product_cat":[24],"product_tag":[],"class_list":{"0":"post-4916","1":"product","2":"type-product","3":"status-publish","4":"has-post-thumbnail","6":"product_cat-lave-vaiselle","8":"first","9":"outofstock","10":"taxable","11":"shipping-taxable","12":"product-type-simple"},"acf":[],"yoast_head":"<!-- This site is optimized with the Yoast SEO plugin v26.7 - https:\/\/yoast.com\/wordpress\/plugins\/seo\/ -->\n<title>Danby 8 Couvert Lave-vaiselle - DDW1809W-1 | Danby Canada<\/title>\n<meta name=\"description\" content=\"Malheureusement, le lavage de la vaisselle ne se fait pas tout seul. Vous pouvez cependant l\u2019oublier gr\u00e2ce \u00e0 ce super lave-vaisselle Danby. Vous n\u2019avez en effet qu\u2019\u00e0 remplir cet appareil de tr\u00e8s haute efficacit\u00e9 et il fera le travail. Ce mod\u00e8le dispose d\u2019un panier pour ustensiles et peut accommoder huit couverts. N\u2019ayant que 18 pouces de largeur, il peut ais\u00e9ment s\u2019int\u00e9grer dans n\u2019importe quel demeure, appartement, copropri\u00e9t\u00e9, coin-repas, etc. Cet appareil respectueux de l\u2019environnement b\u00e9n\u00e9ficie d\u2019une fonction de faible niveau de consommation d\u2019eau et son homologation Energy Star contribuera \u00e0 vous faire \u00e9pargner sur vos factures mensuelles. Ses commandes \u00e9lectroniques de pointe d\u2019usage facile, font que ce mod\u00e8le est agr\u00e9able \u00e0 utiliser et, les six cycles de lavage peuvent prendre soin des charges les plus sales ou graisseuses. Parmi les nombreuses caract\u00e9ristiques de choix que propose cet appareil, on retrouve un rev\u00eatement int\u00e9rieur et un bras gicleur faits d\u2019acier inoxydable durable, un distributeur automatique de d\u00e9tergent et un distributeur d\u2019agent de rin\u00e7age pratique. Ce mod\u00e8le \u00e9pargne-temps est assorti d\u2019une garantie sans tracas de 12 mois sur les pi\u00e8ces et la main-d\u2019\u0153uvre, incluant le service \u00e0 domicile.\" \/>\n<meta name=\"robots\" content=\"index, follow, max-snippet:-1, max-image-preview:large, max-video-preview:-1\" \/>\n<link rel=\"canonical\" href=\"https:\/\/www.danby.com\/fr\/products\/lave-vaiselle\/ddw1809w-1\/\" \/>\n<meta property=\"og:locale\" content=\"fr_CA\" \/>\n<meta property=\"og:type\" content=\"article\" \/>\n<meta property=\"og:title\" content=\"Danby 8 Couvert Lave-vaiselle - DDW1809W-1 | Danby Canada\" \/>\n<meta property=\"og:description\" content=\"Malheureusement, le lavage de la vaisselle ne se fait pas tout seul. Vous pouvez cependant l\u2019oublier gr\u00e2ce \u00e0 ce super lave-vaisselle Danby. Vous n\u2019avez en effet qu\u2019\u00e0 remplir cet appareil de tr\u00e8s haute efficacit\u00e9 et il fera le travail. Ce mod\u00e8le dispose d\u2019un panier pour ustensiles et peut accommoder huit couverts. N\u2019ayant que 18 pouces de largeur, il peut ais\u00e9ment s\u2019int\u00e9grer dans n\u2019importe quel demeure, appartement, copropri\u00e9t\u00e9, coin-repas, etc. Cet appareil respectueux de l\u2019environnement b\u00e9n\u00e9ficie d\u2019une fonction de faible niveau de consommation d\u2019eau et son homologation Energy Star contribuera \u00e0 vous faire \u00e9pargner sur vos factures mensuelles. Ses commandes \u00e9lectroniques de pointe d\u2019usage facile, font que ce mod\u00e8le est agr\u00e9able \u00e0 utiliser et, les six cycles de lavage peuvent prendre soin des charges les plus sales ou graisseuses. Parmi les nombreuses caract\u00e9ristiques de choix que propose cet appareil, on retrouve un rev\u00eatement int\u00e9rieur et un bras gicleur faits d\u2019acier inoxydable durable, un distributeur automatique de d\u00e9tergent et un distributeur d\u2019agent de rin\u00e7age pratique. Ce mod\u00e8le \u00e9pargne-temps est assorti d\u2019une garantie sans tracas de 12 mois sur les pi\u00e8ces et la main-d\u2019\u0153uvre, incluant le service \u00e0 domicile.\" \/>\n<meta property=\"og:url\" content=\"https:\/\/www.danby.com\/fr\/products\/lave-vaiselle\/ddw1809w-1\/\" \/>\n<meta property=\"og:site_name\" content=\"Danby - Canada - French\" \/>\n<meta property=\"article:publisher\" content=\"https:\/\/www.facebook.com\/DanbyAppliances\" \/>\n<meta property=\"article:modified_time\" content=\"2026-04-18T10:07:33+00:00\" \/>\n<meta property=\"og:image\" content=\"https:\/\/cdnweb.danby.com\/wp-content\/uploads\/sites\/2\/2022\/02\/08192818\/proMed-ddw1809w_closed1.jpg\" \/>\n\t<meta property=\"og:image:width\" content=\"300\" \/>\n\t<meta property=\"og:image:height\" content=\"272\" \/>\n\t<meta property=\"og:image:type\" content=\"image\/jpeg\" \/>\n<meta name=\"twitter:card\" content=\"summary_large_image\" \/>\n<meta name=\"twitter:site\" content=\"@DanbyAppliance\" \/>\n<script type=\"application\/ld+json\" class=\"yoast-schema-graph\">{\"@context\":\"https:\/\/schema.org\",\"@graph\":[{\"@type\":[\"WebPage\",\"ItemPage\"],\"url\":\"https:\/\/www.danby.com\/fr\/products\/lave-vaiselle\/ddw1809w-1\/\",\"name\":\"Danby 8 Couvert Lave-vaiselle - DDW1809W-1 | Danby Canada\",\"isPartOf\":[],\"primaryImageOfPage\":[],\"image\":[],\"thumbnailUrl\":\"https:\/\/cdnweb.danby.com\/wp-content\/uploads\/sites\/2\/2022\/02\/08192818\/proMed-ddw1809w_closed1.jpg\",\"datePublished\":\"2022-02-03T19:17:21+00:00\",\"dateModified\":\"2026-04-18T10:07:33+00:00\",\"description\":\"Malheureusement, le lavage de la vaisselle ne se fait pas tout seul. Vous pouvez cependant l\u2019oublier gr\u00e2ce \u00e0 ce super lave-vaisselle Danby. Vous n\u2019avez en effet qu\u2019\u00e0 remplir cet appareil de tr\u00e8s haute efficacit\u00e9 et il fera le travail. Ce mod\u00e8le dispose d\u2019un panier pour ustensiles et peut accommoder huit couverts. N\u2019ayant que 18 pouces de largeur, il peut ais\u00e9ment s\u2019int\u00e9grer dans n\u2019importe quel demeure, appartement, copropri\u00e9t\u00e9, coin-repas, etc. Cet appareil respectueux de l\u2019environnement b\u00e9n\u00e9ficie d\u2019une fonction de faible niveau de consommation d\u2019eau et son homologation Energy Star contribuera \u00e0 vous faire \u00e9pargner sur vos factures mensuelles. Ses commandes \u00e9lectroniques de pointe d\u2019usage facile, font que ce mod\u00e8le est agr\u00e9able \u00e0 utiliser et, les six cycles de lavage peuvent prendre soin des charges les plus sales ou graisseuses. Parmi les nombreuses caract\u00e9ristiques de choix que propose cet appareil, on retrouve un rev\u00eatement int\u00e9rieur et un bras gicleur faits d\u2019acier inoxydable durable, un distributeur automatique de d\u00e9tergent et un distributeur d\u2019agent de rin\u00e7age pratique. Ce mod\u00e8le \u00e9pargne-temps est assorti d\u2019une garantie sans tracas de 12 mois sur les pi\u00e8ces et la main-d\u2019\u0153uvre, incluant le service \u00e0 domicile.\",\"breadcrumb\":[],\"inLanguage\":\"fr-CA\",\"potentialAction\":[{\"@type\":\"ReadAction\",\"target\":[\"https:\/\/www.danby.com\/fr\/products\/lave-vaiselle\/ddw1809w-1\/\"]}]},{\"@type\":\"ImageObject\",\"inLanguage\":\"fr-CA\",\"url\":\"https:\/\/cdnweb.danby.com\/wp-content\/uploads\/sites\/2\/2022\/02\/08192818\/proMed-ddw1809w_closed1.jpg\",\"contentUrl\":\"https:\/\/cdnweb.danby.com\/wp-content\/uploads\/sites\/2\/2022\/02\/08192818\/proMed-ddw1809w_closed1.jpg\",\"width\":300,\"height\":272},{\"@type\":\"BreadcrumbList\",\"itemListElement\":[{\"@type\":\"ListItem\",\"position\":1,\"name\":\"Home\",\"item\":\"https:\/\/www.danby.com\/fr\/\"},{\"@type\":\"ListItem\",\"position\":2,\"name\":\"Boutique\",\"item\":\"https:\/\/www.danby.com\/fr\/boutique\/\"},{\"@type\":\"ListItem\",\"position\":3,\"name\":\"Danby 8 Couvert Lave-vaiselle\"}]},{\"@type\":\"WebSite\",\"url\":\"https:\/\/www.danby.com\/fr\/\",\"name\":\"Danby - Canada - French\",\"description\":\"Leader dans le domaine de la r\u00e9frig\u00e9ration et des appareils sp\u00e9cialis\u00e9s\",\"publisher\":[],\"potentialAction\":[{\"@type\":\"SearchAction\",\"target\":{\"@type\":\"EntryPoint\",\"urlTemplate\":\"https:\/\/www.danby.com\/fr\/?s={search_term_string}\"},\"query-input\":{\"@type\":\"PropertyValueSpecification\",\"valueRequired\":true,\"valueName\":\"search_term_string\"}}],\"inLanguage\":\"fr-CA\"},{\"@type\":\"Organization\",\"name\":\"Danby Appliances\",\"url\":\"https:\/\/www.danby.com\/fr\/\",\"logo\":{\"@type\":\"ImageObject\",\"inLanguage\":\"fr-CA\",\"url\":\"https:\/\/cdnweb.danby.com\/wp-content\/uploads\/sites\/2\/2022\/02\/10141906\/Danby75Ans_Blue.png\",\"contentUrl\":\"https:\/\/cdnweb.danby.com\/wp-content\/uploads\/sites\/2\/2022\/02\/10141906\/Danby75Ans_Blue.png\",\"width\":470,\"height\":110,\"caption\":\"Danby Appliances\"},\"image\":[],\"sameAs\":[\"https:\/\/www.facebook.com\/DanbyAppliances\",\"https:\/\/x.com\/DanbyAppliance\",\"https:\/\/instagram.com\/danbyappliances\/\",\"https:\/\/www.linkedin.com\/company\/danbyappliances\",\"https:\/\/www.pinterest.ca\/danbyappliances\/\",\"https:\/\/www.youtube.com\/user\/DanbyProducts\",\"https:\/\/en.wikipedia.org\/wiki\/Danby_(appliances)\"]}]}<\/script>\n<!-- \/ Yoast SEO plugin. -->","yoast_head_json":{"title":"Danby 8 Couvert Lave-vaiselle - DDW1809W-1 | Danby Canada","description":"Malheureusement, le lavage de la vaisselle ne se fait pas tout seul. Vous pouvez cependant l\u2019oublier gr\u00e2ce \u00e0 ce super lave-vaisselle Danby. Vous n\u2019avez en effet qu\u2019\u00e0 remplir cet appareil de tr\u00e8s haute efficacit\u00e9 et il fera le travail. Ce mod\u00e8le dispose d\u2019un panier pour ustensiles et peut accommoder huit couverts. N\u2019ayant que 18 pouces de largeur, il peut ais\u00e9ment s\u2019int\u00e9grer dans n\u2019importe quel demeure, appartement, copropri\u00e9t\u00e9, coin-repas, etc. Cet appareil respectueux de l\u2019environnement b\u00e9n\u00e9ficie d\u2019une fonction de faible niveau de consommation d\u2019eau et son homologation Energy Star contribuera \u00e0 vous faire \u00e9pargner sur vos factures mensuelles. Ses commandes \u00e9lectroniques de pointe d\u2019usage facile, font que ce mod\u00e8le est agr\u00e9able \u00e0 utiliser et, les six cycles de lavage peuvent prendre soin des charges les plus sales ou graisseuses. Parmi les nombreuses caract\u00e9ristiques de choix que propose cet appareil, on retrouve un rev\u00eatement int\u00e9rieur et un bras gicleur faits d\u2019acier inoxydable durable, un distributeur automatique de d\u00e9tergent et un distributeur d\u2019agent de rin\u00e7age pratique. Ce mod\u00e8le \u00e9pargne-temps est assorti d\u2019une garantie sans tracas de 12 mois sur les pi\u00e8ces et la main-d\u2019\u0153uvre, incluant le service \u00e0 domicile.","robots":{"index":"index","follow":"follow","max-snippet":"max-snippet:-1","max-image-preview":"max-image-preview:large","max-video-preview":"max-video-preview:-1"},"canonical":"https:\/\/www.danby.com\/fr\/products\/lave-vaiselle\/ddw1809w-1\/","og_locale":"fr_CA","og_type":"article","og_title":"Danby 8 Couvert Lave-vaiselle - DDW1809W-1 | Danby Canada","og_description":"Malheureusement, le lavage de la vaisselle ne se fait pas tout seul. Vous pouvez cependant l\u2019oublier gr\u00e2ce \u00e0 ce super lave-vaisselle Danby. Vous n\u2019avez en effet qu\u2019\u00e0 remplir cet appareil de tr\u00e8s haute efficacit\u00e9 et il fera le travail. Ce mod\u00e8le dispose d\u2019un panier pour ustensiles et peut accommoder huit couverts. N\u2019ayant que 18 pouces de largeur, il peut ais\u00e9ment s\u2019int\u00e9grer dans n\u2019importe quel demeure, appartement, copropri\u00e9t\u00e9, coin-repas, etc. Cet appareil respectueux de l\u2019environnement b\u00e9n\u00e9ficie d\u2019une fonction de faible niveau de consommation d\u2019eau et son homologation Energy Star contribuera \u00e0 vous faire \u00e9pargner sur vos factures mensuelles. Ses commandes \u00e9lectroniques de pointe d\u2019usage facile, font que ce mod\u00e8le est agr\u00e9able \u00e0 utiliser et, les six cycles de lavage peuvent prendre soin des charges les plus sales ou graisseuses. Parmi les nombreuses caract\u00e9ristiques de choix que propose cet appareil, on retrouve un rev\u00eatement int\u00e9rieur et un bras gicleur faits d\u2019acier inoxydable durable, un distributeur automatique de d\u00e9tergent et un distributeur d\u2019agent de rin\u00e7age pratique. Ce mod\u00e8le \u00e9pargne-temps est assorti d\u2019une garantie sans tracas de 12 mois sur les pi\u00e8ces et la main-d\u2019\u0153uvre, incluant le service \u00e0 domicile.","og_url":"https:\/\/www.danby.com\/fr\/products\/lave-vaiselle\/ddw1809w-1\/","og_site_name":"Danby - Canada - French","article_publisher":"https:\/\/www.facebook.com\/DanbyAppliances","article_modified_time":"2026-04-18T10:07:33+00:00","og_image":[{"width":300,"height":272,"url":"https:\/\/cdnweb.danby.com\/wp-content\/uploads\/sites\/2\/2022\/02\/08192818\/proMed-ddw1809w_closed1.jpg","type":"image\/jpeg"}],"twitter_card":"summary_large_image","twitter_site":"@DanbyAppliance","schema":{"@context":"https:\/\/schema.org","@graph":[{"@type":["WebPage","ItemPage"],"url":"https:\/\/www.danby.com\/fr\/products\/lave-vaiselle\/ddw1809w-1\/","name":"Danby 8 Couvert Lave-vaiselle - DDW1809W-1 | Danby Canada","isPartOf":[],"primaryImageOfPage":[],"image":[],"thumbnailUrl":"https:\/\/cdnweb.danby.com\/wp-content\/uploads\/sites\/2\/2022\/02\/08192818\/proMed-ddw1809w_closed1.jpg","datePublished":"2022-02-03T19:17:21+00:00","dateModified":"2026-04-18T10:07:33+00:00","description":"Malheureusement, le lavage de la vaisselle ne se fait pas tout seul. Vous pouvez cependant l\u2019oublier gr\u00e2ce \u00e0 ce super lave-vaisselle Danby. Vous n\u2019avez en effet qu\u2019\u00e0 remplir cet appareil de tr\u00e8s haute efficacit\u00e9 et il fera le travail. Ce mod\u00e8le dispose d\u2019un panier pour ustensiles et peut accommoder huit couverts. N\u2019ayant que 18 pouces de largeur, il peut ais\u00e9ment s\u2019int\u00e9grer dans n\u2019importe quel demeure, appartement, copropri\u00e9t\u00e9, coin-repas, etc. Cet appareil respectueux de l\u2019environnement b\u00e9n\u00e9ficie d\u2019une fonction de faible niveau de consommation d\u2019eau et son homologation Energy Star contribuera \u00e0 vous faire \u00e9pargner sur vos factures mensuelles. Ses commandes \u00e9lectroniques de pointe d\u2019usage facile, font que ce mod\u00e8le est agr\u00e9able \u00e0 utiliser et, les six cycles de lavage peuvent prendre soin des charges les plus sales ou graisseuses. Parmi les nombreuses caract\u00e9ristiques de choix que propose cet appareil, on retrouve un rev\u00eatement int\u00e9rieur et un bras gicleur faits d\u2019acier inoxydable durable, un distributeur automatique de d\u00e9tergent et un distributeur d\u2019agent de rin\u00e7age pratique. Ce mod\u00e8le \u00e9pargne-temps est assorti d\u2019une garantie sans tracas de 12 mois sur les pi\u00e8ces et la main-d\u2019\u0153uvre, incluant le service \u00e0 domicile.","breadcrumb":[],"inLanguage":"fr-CA","potentialAction":[{"@type":"ReadAction","target":["https:\/\/www.danby.com\/fr\/products\/lave-vaiselle\/ddw1809w-1\/"]}]},{"@type":"ImageObject","inLanguage":"fr-CA","url":"https:\/\/cdnweb.danby.com\/wp-content\/uploads\/sites\/2\/2022\/02\/08192818\/proMed-ddw1809w_closed1.jpg","contentUrl":"https:\/\/cdnweb.danby.com\/wp-content\/uploads\/sites\/2\/2022\/02\/08192818\/proMed-ddw1809w_closed1.jpg","width":300,"height":272},{"@type":"BreadcrumbList","itemListElement":[{"@type":"ListItem","position":1,"name":"Home","item":"https:\/\/www.danby.com\/fr\/"},{"@type":"ListItem","position":2,"name":"Boutique","item":"https:\/\/www.danby.com\/fr\/boutique\/"},{"@type":"ListItem","position":3,"name":"Danby 8 Couvert Lave-vaiselle"}]},{"@type":"WebSite","url":"https:\/\/www.danby.com\/fr\/","name":"Danby - Canada - French","description":"Leader dans le domaine de la r\u00e9frig\u00e9ration et des appareils sp\u00e9cialis\u00e9s","publisher":[],"potentialAction":[{"@type":"SearchAction","target":{"@type":"EntryPoint","urlTemplate":"https:\/\/www.danby.com\/fr\/?s={search_term_string}"},"query-input":{"@type":"PropertyValueSpecification","valueRequired":true,"valueName":"search_term_string"}}],"inLanguage":"fr-CA"},{"@type":"Organization","name":"Danby Appliances","url":"https:\/\/www.danby.com\/fr\/","logo":{"@type":"ImageObject","inLanguage":"fr-CA","url":"https:\/\/cdnweb.danby.com\/wp-content\/uploads\/sites\/2\/2022\/02\/10141906\/Danby75Ans_Blue.png","contentUrl":"https:\/\/cdnweb.danby.com\/wp-content\/uploads\/sites\/2\/2022\/02\/10141906\/Danby75Ans_Blue.png","width":470,"height":110,"caption":"Danby Appliances"},"image":[],"sameAs":["https:\/\/www.facebook.com\/DanbyAppliances","https:\/\/x.com\/DanbyAppliance","https:\/\/instagram.com\/danbyappliances\/","https:\/\/www.linkedin.com\/company\/danbyappliances","https:\/\/www.pinterest.ca\/danbyappliances\/","https:\/\/www.youtube.com\/user\/DanbyProducts","https:\/\/en.wikipedia.org\/wiki\/Danby_(appliances)"]}]}},"post_mailing_queue_ids":[],"_links":{"self":[{"href":"https:\/\/www.danby.com\/fr\/wp-json\/wp\/v2\/product\/4916","targetHints":{"allow":["GET"]}}],"collection":[{"href":"https:\/\/www.danby.com\/fr\/wp-json\/wp\/v2\/product"}],"about":[{"href":"https:\/\/www.danby.com\/fr\/wp-json\/wp\/v2\/types\/product"}],"replies":[{"embeddable":true,"href":"https:\/\/www.danby.com\/fr\/wp-json\/wp\/v2\/comments?post=4916"}],"wp:featuredmedia":[{"embeddable":true,"href":"https:\/\/www.danby.com\/fr\/wp-json\/wp\/v2\/media\/7345"}],"wp:attachment":[{"href":"https:\/\/www.danby.com\/fr\/wp-json\/wp\/v2\/media?parent=4916"}],"wp:term":[{"taxonomy":"product_brand","embeddable":true,"href":"https:\/\/www.danby.com\/fr\/wp-json\/wp\/v2\/product_brand?post=4916"},{"taxonomy":"product_cat","embeddable":true,"href":"https:\/\/www.danby.com\/fr\/wp-json\/wp\/v2\/product_cat?post=4916"},{"taxonomy":"product_tag","embeddable":true,"href":"https:\/\/www.danby.com\/fr\/wp-json\/wp\/v2\/product_tag?post=4916"}],"curies":[{"name":"wp","href":"https:\/\/api.w.org\/{rel}","templated":true}]}}