{"id":4915,"date":"2022-02-03T19:17:08","date_gmt":"2022-02-03T19:17:08","guid":{"rendered":"https:\/\/www.danby.com\/fr\/product\/ddw1805ewp\/"},"modified":"2026-04-29T10:22:52","modified_gmt":"2026-04-29T10:22:52","slug":"ddw1805ewp","status":"publish","type":"product","link":"https:\/\/www.danby.com\/fr\/products\/lave-vaiselle\/ddw1805ewp\/","title":{"rendered":"Danby Lave-vaisselle portable de 18 po de large en Blanc"},"content":{"rendered":"","protected":false},"excerpt":{"rendered":"<ul>\n<li>Avec ses 18 pouces de large, il est parfait pour les petites cuisines \u00e0 l&#8217;espace limit\u00e9 et ses roulettes permettent de le ranger sans effort.<\/li>\n<li>Capacit\u00e9 de 8 couverts avec panier \u00e0 couverts<\/li>\n<li>Conforme \u00e0 la norme ENERGY STAR et consommant peu d&#8217;eau (jusqu&#8217;\u00e0 13,2 litres par lavage), il vous permet de faire des \u00e9conomies.<\/li>\n<li>Commandes \u00e9lectroniques simples et intuitives avec affichage lumineux<\/li>\n<li>4 cycles de lavage : lourd, normal, 90 min et rapide<\/li>\n<li>Lave-vaisselle portable d&#8217;un blanc \u00e9clatant avec fonction de raccordement rapide compatible avec la plupart des robinets de cuisine<\/li>\n<li>Panier sup\u00e9rieur r\u00e9glable<\/li>\n<li>Con\u00e7u pour fonctionner \u00e0 52 d\u00e9cibels, soit moins de bruit qu&#8217;une conversation normale<\/li>\n<li>Bras d&#8217;aspersion et int\u00e9rieur en acier inoxydable durable<\/li>\n<li>Distributeur de produits de rin\u00e7age et de d\u00e9tergentsBras d&#8217;aspersion et int\u00e9rieur en acier inoxydable durable<\/li>\n<\/ul>\n","protected":false},"featured_media":35227,"comment_status":"closed","ping_status":"closed","template":"","meta":{"_acf_changed":false},"product_brand":[],"product_cat":[24],"product_tag":[],"class_list":{"0":"post-4915","1":"product","2":"type-product","3":"status-publish","4":"has-post-thumbnail","6":"product_cat-lave-vaiselle","8":"first","9":"instock","10":"taxable","11":"shipping-taxable","12":"purchasable","13":"product-type-simple"},"acf":[],"yoast_head":"<!-- This site is optimized with the Yoast SEO plugin v27.5 - https:\/\/yoast.com\/product\/yoast-seo-wordpress\/ -->\n<title>Danby Lave-vaisselle portable de 18 po de large en Blanc - DDW1805EWP | Danby Canada<\/title>\n<meta name=\"description\" content=\"Ce mod\u00e8le de lave-vaisselle portable est dot\u00e9 d&#039;un panier \u00e0 argenterie, d&#039;une capacit\u00e9 de 8 couverts et de 4 cycles de lavage diff\u00e9rents. Il ne fait que 18 pouces de large (45,7 cm), ce qui signifie qu&#039;il peut facilement \u00eatre install\u00e9 dans les condos et les appartements. Les roulettes int\u00e9gr\u00e9es tr\u00e8s pratiques vous permettent de le transporter sans effort pour le ranger. Ce mod\u00e8le est dot\u00e9 d&#039;une pr\u00e9cieuse fonction de faible consommation d&#039;eau et est \u00e9galement homologu\u00e9 ENERGY STAR. L&#039;appareil est dot\u00e9 d&#039;un bras d&#039;aspersion et d&#039;un int\u00e9rieur en acier inoxydable durable, ce qui en fait le lave-vaisselle id\u00e9al pour les chalets. En outre, vous trouverez un distributeur automatique de d\u00e9tergent et un distributeur de produit de rin\u00e7age, et l&#039;ensemble de l&#039;appareil peut \u00eatre facilement programm\u00e9 par les commandes \u00e9lectroniques de pointe.\" \/>\n<meta name=\"robots\" content=\"index, follow, max-snippet:-1, max-image-preview:large, max-video-preview:-1\" \/>\n<link rel=\"canonical\" href=\"https:\/\/www.danby.com\/fr\/products\/lave-vaiselle\/ddw1805ewp\/\" \/>\n<meta property=\"og:locale\" content=\"fr_CA\" \/>\n<meta property=\"og:type\" content=\"article\" \/>\n<meta property=\"og:title\" content=\"Danby Lave-vaisselle portable de 18 po de large en Blanc - DDW1805EWP | Danby Canada\" \/>\n<meta property=\"og:description\" content=\"Ce mod\u00e8le de lave-vaisselle portable est dot\u00e9 d&#039;un panier \u00e0 argenterie, d&#039;une capacit\u00e9 de 8 couverts et de 4 cycles de lavage diff\u00e9rents. Il ne fait que 18 pouces de large (45,7 cm), ce qui signifie qu&#039;il peut facilement \u00eatre install\u00e9 dans les condos et les appartements. Les roulettes int\u00e9gr\u00e9es tr\u00e8s pratiques vous permettent de le transporter sans effort pour le ranger. Ce mod\u00e8le est dot\u00e9 d&#039;une pr\u00e9cieuse fonction de faible consommation d&#039;eau et est \u00e9galement homologu\u00e9 ENERGY STAR. L&#039;appareil est dot\u00e9 d&#039;un bras d&#039;aspersion et d&#039;un int\u00e9rieur en acier inoxydable durable, ce qui en fait le lave-vaisselle id\u00e9al pour les chalets. En outre, vous trouverez un distributeur automatique de d\u00e9tergent et un distributeur de produit de rin\u00e7age, et l&#039;ensemble de l&#039;appareil peut \u00eatre facilement programm\u00e9 par les commandes \u00e9lectroniques de pointe.\" \/>\n<meta property=\"og:url\" content=\"https:\/\/www.danby.com\/fr\/products\/lave-vaiselle\/ddw1805ewp\/\" \/>\n<meta property=\"og:site_name\" content=\"Danby - Canada - French\" \/>\n<meta property=\"article:publisher\" content=\"https:\/\/www.facebook.com\/DanbyAppliances\" \/>\n<meta property=\"article:modified_time\" content=\"2026-04-29T10:22:52+00:00\" \/>\n<meta property=\"og:image\" content=\"https:\/\/cdnweb.danby.com\/wp-content\/uploads\/sites\/2\/2024\/07\/23145611\/Thumbnail__0004_DDW1805EWP.jpg\" \/>\n\t<meta property=\"og:image:width\" content=\"1125\" \/>\n\t<meta property=\"og:image:height\" content=\"1500\" \/>\n\t<meta property=\"og:image:type\" content=\"image\/jpeg\" \/>\n<meta name=\"twitter:card\" content=\"summary_large_image\" \/>\n<meta name=\"twitter:site\" content=\"@DanbyAppliance\" \/>\n<meta name=\"twitter:label1\" content=\"Estimation du temps de lecture\" \/>\n\t<meta name=\"twitter:data1\" content=\"1 minute\" \/>\n<script type=\"application\/ld+json\" class=\"yoast-schema-graph\">{\"@context\":\"https:\\\/\\\/schema.org\",\"@graph\":[{\"@type\":[\"WebPage\",\"ItemPage\"],\"url\":\"https:\\\/\\\/www.danby.com\\\/fr\\\/products\\\/lave-vaiselle\\\/ddw1805ewp\\\/\",\"name\":\"Danby Lave-vaisselle portable de 18 po de large en Blanc - DDW1805EWP | Danby Canada\",\"isPartOf\":[],\"primaryImageOfPage\":[],\"image\":[],\"thumbnailUrl\":\"https:\\\/\\\/www.danby.com\\\/fr\\\/wp-content\\\/uploads\\\/sites\\\/2\\\/2025\\\/09\\\/ddw1805ewp-thumbnail.jpg\",\"datePublished\":\"2022-02-03T19:17:08+00:00\",\"dateModified\":\"2026-04-29T10:22:52+00:00\",\"description\":\"Ce mod\u00e8le de lave-vaisselle portable est dot\u00e9 d'un panier \u00e0 argenterie, d'une capacit\u00e9 de 8 couverts et de 4 cycles de lavage diff\u00e9rents. Il ne fait que 18 pouces de large (45,7 cm), ce qui signifie qu'il peut facilement \u00eatre install\u00e9 dans les condos et les appartements. Les roulettes int\u00e9gr\u00e9es tr\u00e8s pratiques vous permettent de le transporter sans effort pour le ranger. Ce mod\u00e8le est dot\u00e9 d'une pr\u00e9cieuse fonction de faible consommation d'eau et est \u00e9galement homologu\u00e9 ENERGY STAR. L'appareil est dot\u00e9 d'un bras d'aspersion et d'un int\u00e9rieur en acier inoxydable durable, ce qui en fait le lave-vaisselle id\u00e9al pour les chalets. En outre, vous trouverez un distributeur automatique de d\u00e9tergent et un distributeur de produit de rin\u00e7age, et l'ensemble de l'appareil peut \u00eatre facilement programm\u00e9 par les commandes \u00e9lectroniques de pointe.\",\"breadcrumb\":[],\"inLanguage\":\"fr-CA\",\"potentialAction\":[{\"@type\":\"ReadAction\",\"target\":[\"https:\\\/\\\/www.danby.com\\\/fr\\\/products\\\/lave-vaiselle\\\/ddw1805ewp\\\/\"]}]},{\"@type\":\"ImageObject\",\"inLanguage\":\"fr-CA\",\"url\":\"https:\\\/\\\/www.danby.com\\\/fr\\\/wp-content\\\/uploads\\\/sites\\\/2\\\/2025\\\/09\\\/ddw1805ewp-thumbnail.jpg\",\"contentUrl\":\"https:\\\/\\\/www.danby.com\\\/fr\\\/wp-content\\\/uploads\\\/sites\\\/2\\\/2025\\\/09\\\/ddw1805ewp-thumbnail.jpg\",\"width\":768,\"height\":1024},{\"@type\":\"BreadcrumbList\",\"itemListElement\":[{\"@type\":\"ListItem\",\"position\":1,\"name\":\"Home\",\"item\":\"https:\\\/\\\/www.danby.com\\\/fr\\\/\"},{\"@type\":\"ListItem\",\"position\":2,\"name\":\"Boutique\",\"item\":\"https:\\\/\\\/www.danby.com\\\/fr\\\/boutique\\\/\"},{\"@type\":\"ListItem\",\"position\":3,\"name\":\"Danby Lave-vaisselle portable de 18 po de large en blanc\"}]},{\"@type\":\"WebSite\",\"url\":\"https:\\\/\\\/www.danby.com\\\/fr\\\/\",\"name\":\"Danby - Canada - French\",\"description\":\"Leader dans le domaine de la r\u00e9frig\u00e9ration et des appareils sp\u00e9cialis\u00e9s\",\"publisher\":[],\"potentialAction\":[{\"@type\":\"SearchAction\",\"target\":{\"@type\":\"EntryPoint\",\"urlTemplate\":\"https:\\\/\\\/www.danby.com\\\/fr\\\/?s={search_term_string}\"},\"query-input\":{\"@type\":\"PropertyValueSpecification\",\"valueRequired\":true,\"valueName\":\"search_term_string\"}}],\"inLanguage\":\"fr-CA\"},{\"@type\":\"Organization\",\"name\":\"Danby Appliances\",\"url\":\"https:\\\/\\\/www.danby.com\\\/fr\\\/\",\"logo\":{\"@type\":\"ImageObject\",\"inLanguage\":\"fr-CA\",\"url\":\"https:\\\/\\\/cdnweb.danby.com\\\/wp-content\\\/uploads\\\/sites\\\/2\\\/2022\\\/02\\\/10141906\\\/Danby75Ans_Blue.png\",\"contentUrl\":\"https:\\\/\\\/cdnweb.danby.com\\\/wp-content\\\/uploads\\\/sites\\\/2\\\/2022\\\/02\\\/10141906\\\/Danby75Ans_Blue.png\",\"width\":470,\"height\":110,\"caption\":\"Danby Appliances\"},\"image\":[],\"sameAs\":[\"https:\\\/\\\/www.facebook.com\\\/DanbyAppliances\",\"https:\\\/\\\/x.com\\\/DanbyAppliance\",\"https:\\\/\\\/instagram.com\\\/danbyappliances\\\/\",\"https:\\\/\\\/www.linkedin.com\\\/company\\\/danbyappliances\",\"https:\\\/\\\/www.pinterest.ca\\\/danbyappliances\\\/\",\"https:\\\/\\\/www.youtube.com\\\/user\\\/DanbyProducts\",\"https:\\\/\\\/en.wikipedia.org\\\/wiki\\\/Danby_(appliances)\"]}]}<\/script>\n<!-- \/ Yoast SEO plugin. -->","yoast_head_json":{"title":"Danby Lave-vaisselle portable de 18 po de large en Blanc - DDW1805EWP | Danby Canada","description":"Ce mod\u00e8le de lave-vaisselle portable est dot\u00e9 d'un panier \u00e0 argenterie, d'une capacit\u00e9 de 8 couverts et de 4 cycles de lavage diff\u00e9rents. Il ne fait que 18 pouces de large (45,7 cm), ce qui signifie qu'il peut facilement \u00eatre install\u00e9 dans les condos et les appartements. Les roulettes int\u00e9gr\u00e9es tr\u00e8s pratiques vous permettent de le transporter sans effort pour le ranger. Ce mod\u00e8le est dot\u00e9 d'une pr\u00e9cieuse fonction de faible consommation d'eau et est \u00e9galement homologu\u00e9 ENERGY STAR. L'appareil est dot\u00e9 d'un bras d'aspersion et d'un int\u00e9rieur en acier inoxydable durable, ce qui en fait le lave-vaisselle id\u00e9al pour les chalets. En outre, vous trouverez un distributeur automatique de d\u00e9tergent et un distributeur de produit de rin\u00e7age, et l'ensemble de l'appareil peut \u00eatre facilement programm\u00e9 par les commandes \u00e9lectroniques de pointe.","robots":{"index":"index","follow":"follow","max-snippet":"max-snippet:-1","max-image-preview":"max-image-preview:large","max-video-preview":"max-video-preview:-1"},"canonical":"https:\/\/www.danby.com\/fr\/products\/lave-vaiselle\/ddw1805ewp\/","og_locale":"fr_CA","og_type":"article","og_title":"Danby Lave-vaisselle portable de 18 po de large en Blanc - DDW1805EWP | Danby Canada","og_description":"Ce mod\u00e8le de lave-vaisselle portable est dot\u00e9 d'un panier \u00e0 argenterie, d'une capacit\u00e9 de 8 couverts et de 4 cycles de lavage diff\u00e9rents. Il ne fait que 18 pouces de large (45,7 cm), ce qui signifie qu'il peut facilement \u00eatre install\u00e9 dans les condos et les appartements. Les roulettes int\u00e9gr\u00e9es tr\u00e8s pratiques vous permettent de le transporter sans effort pour le ranger. Ce mod\u00e8le est dot\u00e9 d'une pr\u00e9cieuse fonction de faible consommation d'eau et est \u00e9galement homologu\u00e9 ENERGY STAR. L'appareil est dot\u00e9 d'un bras d'aspersion et d'un int\u00e9rieur en acier inoxydable durable, ce qui en fait le lave-vaisselle id\u00e9al pour les chalets. En outre, vous trouverez un distributeur automatique de d\u00e9tergent et un distributeur de produit de rin\u00e7age, et l'ensemble de l'appareil peut \u00eatre facilement programm\u00e9 par les commandes \u00e9lectroniques de pointe.","og_url":"https:\/\/www.danby.com\/fr\/products\/lave-vaiselle\/ddw1805ewp\/","og_site_name":"Danby - Canada - French","article_publisher":"https:\/\/www.facebook.com\/DanbyAppliances","article_modified_time":"2026-04-29T10:22:52+00:00","og_image":[{"width":1125,"height":1500,"url":"https:\/\/cdnweb.danby.com\/wp-content\/uploads\/sites\/2\/2024\/07\/23145611\/Thumbnail__0004_DDW1805EWP.jpg","type":"image\/jpeg"}],"twitter_card":"summary_large_image","twitter_site":"@DanbyAppliance","twitter_misc":{"Estimation du temps de lecture":"1 minute"},"schema":{"@context":"https:\/\/schema.org","@graph":[{"@type":["WebPage","ItemPage"],"url":"https:\/\/www.danby.com\/fr\/products\/lave-vaiselle\/ddw1805ewp\/","name":"Danby Lave-vaisselle portable de 18 po de large en Blanc - DDW1805EWP | Danby Canada","isPartOf":[],"primaryImageOfPage":[],"image":[],"thumbnailUrl":"https:\/\/www.danby.com\/fr\/wp-content\/uploads\/sites\/2\/2025\/09\/ddw1805ewp-thumbnail.jpg","datePublished":"2022-02-03T19:17:08+00:00","dateModified":"2026-04-29T10:22:52+00:00","description":"Ce mod\u00e8le de lave-vaisselle portable est dot\u00e9 d'un panier \u00e0 argenterie, d'une capacit\u00e9 de 8 couverts et de 4 cycles de lavage diff\u00e9rents. Il ne fait que 18 pouces de large (45,7 cm), ce qui signifie qu'il peut facilement \u00eatre install\u00e9 dans les condos et les appartements. Les roulettes int\u00e9gr\u00e9es tr\u00e8s pratiques vous permettent de le transporter sans effort pour le ranger. Ce mod\u00e8le est dot\u00e9 d'une pr\u00e9cieuse fonction de faible consommation d'eau et est \u00e9galement homologu\u00e9 ENERGY STAR. L'appareil est dot\u00e9 d'un bras d'aspersion et d'un int\u00e9rieur en acier inoxydable durable, ce qui en fait le lave-vaisselle id\u00e9al pour les chalets. En outre, vous trouverez un distributeur automatique de d\u00e9tergent et un distributeur de produit de rin\u00e7age, et l'ensemble de l'appareil peut \u00eatre facilement programm\u00e9 par les commandes \u00e9lectroniques de pointe.","breadcrumb":[],"inLanguage":"fr-CA","potentialAction":[{"@type":"ReadAction","target":["https:\/\/www.danby.com\/fr\/products\/lave-vaiselle\/ddw1805ewp\/"]}]},{"@type":"ImageObject","inLanguage":"fr-CA","url":"https:\/\/www.danby.com\/fr\/wp-content\/uploads\/sites\/2\/2025\/09\/ddw1805ewp-thumbnail.jpg","contentUrl":"https:\/\/www.danby.com\/fr\/wp-content\/uploads\/sites\/2\/2025\/09\/ddw1805ewp-thumbnail.jpg","width":768,"height":1024},{"@type":"BreadcrumbList","itemListElement":[{"@type":"ListItem","position":1,"name":"Home","item":"https:\/\/www.danby.com\/fr\/"},{"@type":"ListItem","position":2,"name":"Boutique","item":"https:\/\/www.danby.com\/fr\/boutique\/"},{"@type":"ListItem","position":3,"name":"Danby Lave-vaisselle portable de 18 po de large en blanc"}]},{"@type":"WebSite","url":"https:\/\/www.danby.com\/fr\/","name":"Danby - Canada - French","description":"Leader dans le domaine de la r\u00e9frig\u00e9ration et des appareils sp\u00e9cialis\u00e9s","publisher":[],"potentialAction":[{"@type":"SearchAction","target":{"@type":"EntryPoint","urlTemplate":"https:\/\/www.danby.com\/fr\/?s={search_term_string}"},"query-input":{"@type":"PropertyValueSpecification","valueRequired":true,"valueName":"search_term_string"}}],"inLanguage":"fr-CA"},{"@type":"Organization","name":"Danby Appliances","url":"https:\/\/www.danby.com\/fr\/","logo":{"@type":"ImageObject","inLanguage":"fr-CA","url":"https:\/\/cdnweb.danby.com\/wp-content\/uploads\/sites\/2\/2022\/02\/10141906\/Danby75Ans_Blue.png","contentUrl":"https:\/\/cdnweb.danby.com\/wp-content\/uploads\/sites\/2\/2022\/02\/10141906\/Danby75Ans_Blue.png","width":470,"height":110,"caption":"Danby Appliances"},"image":[],"sameAs":["https:\/\/www.facebook.com\/DanbyAppliances","https:\/\/x.com\/DanbyAppliance","https:\/\/instagram.com\/danbyappliances\/","https:\/\/www.linkedin.com\/company\/danbyappliances","https:\/\/www.pinterest.ca\/danbyappliances\/","https:\/\/www.youtube.com\/user\/DanbyProducts","https:\/\/en.wikipedia.org\/wiki\/Danby_(appliances)"]}]}},"post_mailing_queue_ids":[],"_links":{"self":[{"href":"https:\/\/www.danby.com\/fr\/wp-json\/wp\/v2\/product\/4915","targetHints":{"allow":["GET"]}}],"collection":[{"href":"https:\/\/www.danby.com\/fr\/wp-json\/wp\/v2\/product"}],"about":[{"href":"https:\/\/www.danby.com\/fr\/wp-json\/wp\/v2\/types\/product"}],"replies":[{"embeddable":true,"href":"https:\/\/www.danby.com\/fr\/wp-json\/wp\/v2\/comments?post=4915"}],"wp:featuredmedia":[{"embeddable":true,"href":"https:\/\/www.danby.com\/fr\/wp-json\/wp\/v2\/media\/35227"}],"wp:attachment":[{"href":"https:\/\/www.danby.com\/fr\/wp-json\/wp\/v2\/media?parent=4915"}],"wp:term":[{"taxonomy":"product_brand","embeddable":true,"href":"https:\/\/www.danby.com\/fr\/wp-json\/wp\/v2\/product_brand?post=4915"},{"taxonomy":"product_cat","embeddable":true,"href":"https:\/\/www.danby.com\/fr\/wp-json\/wp\/v2\/product_cat?post=4915"},{"taxonomy":"product_tag","embeddable":true,"href":"https:\/\/www.danby.com\/fr\/wp-json\/wp\/v2\/product_tag?post=4915"}],"curies":[{"name":"wp","href":"https:\/\/api.w.org\/{rel}","templated":true}]}}