{"id":4910,"date":"2022-02-03T19:17:08","date_gmt":"2022-02-03T19:17:08","guid":{"rendered":"https:\/\/www.danby.com\/fr\/product\/ddw1801mwp\/"},"modified":"2026-04-12T10:05:59","modified_gmt":"2026-04-12T10:05:59","slug":"ddw1801mwp","status":"publish","type":"product","link":"https:\/\/www.danby.com\/fr\/products\/lave-vaiselle\/ddw1801mwp\/","title":{"rendered":"Danby 8 Couvert Lave-vaiselle"},"content":{"rendered":"","protected":false},"excerpt":{"rendered":"<ul>\n<li>Lave-vaisselle portable en blanc impeccable, avec une caract\u00e9ristique de raccordement rapide compatible avec la plupart des robinets de cuisine<\/li>\n<li>   Avec une largeur de seulement 18 po (45,7 cm), il est parfait pour des petites cuisines avec peu d\u2019espace, pendant que les roulettes assurent que le rangement de l\u2019appareil est un jeu d\u2019enfant      <\/li>\n<li>   Capacit\u00e9 de 8 couverts avec panier \u00e0 couverts      <\/li>\n<li>   Conforme \u00e0 la norme Energy Star, avec une consommation d\u2019eau r\u00e9duite \u2013 utilise jusqu\u2019\u00e0 3,5 gallons d\u2019eau (13,2 l) par lavage pour vous aider \u00e0 \u00e9conomiser de l\u2019argent      <\/li>\n<li>   R\u00e9glages \u00e9lectroniques simples et intuitifs avec affichage lumineuse      <\/li>\n<li>   Une gamme de 6 cycles de lavage comprend les r\u00e9glages Intensif, Normal, \u00c9conomie, Rapide, Verre et Trempage      <\/li>\n<li>   Bras gicleur et int\u00e9rieur r\u00e9sistants en acier inoxydable      <\/li>\n<li>   Adoucisseur d\u2019eau int\u00e9gr\u00e9 est excellent pour des endroits avec de l\u2019eau dure      <\/li>\n<li>Distributeur d\u2019agent de rin\u00e7age et distributeur de d\u00e9tergent sans tracas<\/li>\n<\/ul>\n","protected":false},"featured_media":8852,"comment_status":"closed","ping_status":"open","template":"","meta":{"_acf_changed":false},"product_brand":[],"product_cat":[24],"product_tag":[],"class_list":{"0":"post-4910","1":"product","2":"type-product","3":"status-publish","4":"has-post-thumbnail","6":"product_cat-lave-vaiselle","8":"first","9":"outofstock","10":"taxable","11":"shipping-taxable","12":"product-type-simple"},"acf":[],"yoast_head":"<!-- This site is optimized with the Yoast SEO plugin v26.7 - https:\/\/yoast.com\/wordpress\/plugins\/seo\/ -->\n<title>Danby 8 Couvert Lave-vaiselle - DDW1801MWP | Danby Canada<\/title>\n<meta name=\"description\" content=\"Faire la vaisselle n\u2019a jamais \u00e9t\u00e9 aussi amusant qu\u2019avec ce lave-vaisselle polyvalent de Danby. Cet appareil attrayant est \u00e9quip\u00e9 d\u2019un panier \u00e0 couverts, d\u2019une capacit\u00e9 de huit couverts et de six cycles de lavage diff\u00e9rents. L\u2019unit\u00e9 a une largeur de seulement 18 pouces (45,7 cm), de sorte qu\u2019il peut \u00eatre install\u00e9 facilement dans des copropri\u00e9t\u00e9s et des appartements, pendant que les roulettes int\u00e9gr\u00e9es commodes vous permettent de d\u00e9placer l\u2019appareil ais\u00e9ment. Vos factures d\u2019\u00e9lectricit\u00e9 ne vont pas prendre un coup avec cet appareil intelligent et \u00e9cologique, puisqu\u2019il est dot\u00e9 d\u2019une caract\u00e9ristique de consommation d\u2019eau r\u00e9duite en valeur et il est \u00e9galement conforme \u00e0 la norme Energy Star. Cet appareil est \u00e9quip\u00e9 d\u2019un bras gicleur et d\u2019un int\u00e9rieur r\u00e9sistants en acier inoxydable, ce qui le rend id\u00e9al pour des chalets situ\u00e9s dans des endroits \u00e9loign\u00e9s. De plus, vous trouverez un distributeur de d\u00e9tergent et un distributeur d\u2019agent de rin\u00e7age automatiques, et l\u2019ensemble peut \u00eatre programm\u00e9 facilement en utilisant les r\u00e9glages \u00e9lectroniques de pointe. Ce mod\u00e8le extr\u00eamement performant offre \u00e9galement une garantie de 12 mois sur les pi\u00e8ces et la main d\u2019\u0153uvre, avec service \u00e0 domicile.\" \/>\n<meta name=\"robots\" content=\"index, follow, max-snippet:-1, max-image-preview:large, max-video-preview:-1\" \/>\n<link rel=\"canonical\" href=\"https:\/\/www.danby.com\/fr\/products\/lave-vaiselle\/ddw1801mwp\/\" \/>\n<meta property=\"og:locale\" content=\"fr_CA\" \/>\n<meta property=\"og:type\" content=\"article\" \/>\n<meta property=\"og:title\" content=\"Danby 8 Couvert Lave-vaiselle - DDW1801MWP | Danby Canada\" \/>\n<meta property=\"og:description\" content=\"Faire la vaisselle n\u2019a jamais \u00e9t\u00e9 aussi amusant qu\u2019avec ce lave-vaisselle polyvalent de Danby. Cet appareil attrayant est \u00e9quip\u00e9 d\u2019un panier \u00e0 couverts, d\u2019une capacit\u00e9 de huit couverts et de six cycles de lavage diff\u00e9rents. L\u2019unit\u00e9 a une largeur de seulement 18 pouces (45,7 cm), de sorte qu\u2019il peut \u00eatre install\u00e9 facilement dans des copropri\u00e9t\u00e9s et des appartements, pendant que les roulettes int\u00e9gr\u00e9es commodes vous permettent de d\u00e9placer l\u2019appareil ais\u00e9ment. Vos factures d\u2019\u00e9lectricit\u00e9 ne vont pas prendre un coup avec cet appareil intelligent et \u00e9cologique, puisqu\u2019il est dot\u00e9 d\u2019une caract\u00e9ristique de consommation d\u2019eau r\u00e9duite en valeur et il est \u00e9galement conforme \u00e0 la norme Energy Star. Cet appareil est \u00e9quip\u00e9 d\u2019un bras gicleur et d\u2019un int\u00e9rieur r\u00e9sistants en acier inoxydable, ce qui le rend id\u00e9al pour des chalets situ\u00e9s dans des endroits \u00e9loign\u00e9s. De plus, vous trouverez un distributeur de d\u00e9tergent et un distributeur d\u2019agent de rin\u00e7age automatiques, et l\u2019ensemble peut \u00eatre programm\u00e9 facilement en utilisant les r\u00e9glages \u00e9lectroniques de pointe. Ce mod\u00e8le extr\u00eamement performant offre \u00e9galement une garantie de 12 mois sur les pi\u00e8ces et la main d\u2019\u0153uvre, avec service \u00e0 domicile.\" \/>\n<meta property=\"og:url\" content=\"https:\/\/www.danby.com\/fr\/products\/lave-vaiselle\/ddw1801mwp\/\" \/>\n<meta property=\"og:site_name\" content=\"Danby - Canada - French\" \/>\n<meta property=\"article:publisher\" content=\"https:\/\/www.facebook.com\/DanbyAppliances\" \/>\n<meta property=\"article:modified_time\" content=\"2026-04-12T10:05:59+00:00\" \/>\n<meta property=\"og:image\" content=\"https:\/\/cdnweb.danby.com\/wp-content\/uploads\/sites\/2\/2022\/02\/08211758\/DDW1801MWP-angle-closed.jpg\" \/>\n\t<meta property=\"og:image:width\" content=\"1500\" \/>\n\t<meta property=\"og:image:height\" content=\"2391\" \/>\n\t<meta property=\"og:image:type\" content=\"image\/jpeg\" \/>\n<meta name=\"twitter:card\" content=\"summary_large_image\" \/>\n<meta name=\"twitter:site\" content=\"@DanbyAppliance\" \/>\n<script type=\"application\/ld+json\" class=\"yoast-schema-graph\">{\"@context\":\"https:\/\/schema.org\",\"@graph\":[{\"@type\":[\"WebPage\",\"ItemPage\"],\"url\":\"https:\/\/www.danby.com\/fr\/products\/lave-vaiselle\/ddw1801mwp\/\",\"name\":\"Danby 8 Couvert Lave-vaiselle - DDW1801MWP | Danby Canada\",\"isPartOf\":[],\"primaryImageOfPage\":[],\"image\":[],\"thumbnailUrl\":\"https:\/\/cdnweb.danby.com\/wp-content\/uploads\/sites\/2\/2022\/02\/08211758\/DDW1801MWP-angle-closed.jpg\",\"datePublished\":\"2022-02-03T19:17:08+00:00\",\"dateModified\":\"2026-04-12T10:05:59+00:00\",\"description\":\"Faire la vaisselle n\u2019a jamais \u00e9t\u00e9 aussi amusant qu\u2019avec ce lave-vaisselle polyvalent de Danby. Cet appareil attrayant est \u00e9quip\u00e9 d\u2019un panier \u00e0 couverts, d\u2019une capacit\u00e9 de huit couverts et de six cycles de lavage diff\u00e9rents. L\u2019unit\u00e9 a une largeur de seulement 18 pouces (45,7 cm), de sorte qu\u2019il peut \u00eatre install\u00e9 facilement dans des copropri\u00e9t\u00e9s et des appartements, pendant que les roulettes int\u00e9gr\u00e9es commodes vous permettent de d\u00e9placer l\u2019appareil ais\u00e9ment. Vos factures d\u2019\u00e9lectricit\u00e9 ne vont pas prendre un coup avec cet appareil intelligent et \u00e9cologique, puisqu\u2019il est dot\u00e9 d\u2019une caract\u00e9ristique de consommation d\u2019eau r\u00e9duite en valeur et il est \u00e9galement conforme \u00e0 la norme Energy Star. Cet appareil est \u00e9quip\u00e9 d\u2019un bras gicleur et d\u2019un int\u00e9rieur r\u00e9sistants en acier inoxydable, ce qui le rend id\u00e9al pour des chalets situ\u00e9s dans des endroits \u00e9loign\u00e9s. De plus, vous trouverez un distributeur de d\u00e9tergent et un distributeur d\u2019agent de rin\u00e7age automatiques, et l\u2019ensemble peut \u00eatre programm\u00e9 facilement en utilisant les r\u00e9glages \u00e9lectroniques de pointe. Ce mod\u00e8le extr\u00eamement performant offre \u00e9galement une garantie de 12 mois sur les pi\u00e8ces et la main d\u2019\u0153uvre, avec service \u00e0 domicile.\",\"breadcrumb\":[],\"inLanguage\":\"fr-CA\",\"potentialAction\":[{\"@type\":\"ReadAction\",\"target\":[\"https:\/\/www.danby.com\/fr\/products\/lave-vaiselle\/ddw1801mwp\/\"]}]},{\"@type\":\"ImageObject\",\"inLanguage\":\"fr-CA\",\"url\":\"https:\/\/cdnweb.danby.com\/wp-content\/uploads\/sites\/2\/2022\/02\/08211758\/DDW1801MWP-angle-closed.jpg\",\"contentUrl\":\"https:\/\/cdnweb.danby.com\/wp-content\/uploads\/sites\/2\/2022\/02\/08211758\/DDW1801MWP-angle-closed.jpg\",\"width\":1500,\"height\":2391},{\"@type\":\"BreadcrumbList\",\"itemListElement\":[{\"@type\":\"ListItem\",\"position\":1,\"name\":\"Home\",\"item\":\"https:\/\/www.danby.com\/fr\/\"},{\"@type\":\"ListItem\",\"position\":2,\"name\":\"Boutique\",\"item\":\"https:\/\/www.danby.com\/fr\/boutique\/\"},{\"@type\":\"ListItem\",\"position\":3,\"name\":\"Danby 8 Couvert Lave-vaiselle\"}]},{\"@type\":\"WebSite\",\"url\":\"https:\/\/www.danby.com\/fr\/\",\"name\":\"Danby - Canada - French\",\"description\":\"Leader dans le domaine de la r\u00e9frig\u00e9ration et des appareils sp\u00e9cialis\u00e9s\",\"publisher\":[],\"potentialAction\":[{\"@type\":\"SearchAction\",\"target\":{\"@type\":\"EntryPoint\",\"urlTemplate\":\"https:\/\/www.danby.com\/fr\/?s={search_term_string}\"},\"query-input\":{\"@type\":\"PropertyValueSpecification\",\"valueRequired\":true,\"valueName\":\"search_term_string\"}}],\"inLanguage\":\"fr-CA\"},{\"@type\":\"Organization\",\"name\":\"Danby Appliances\",\"url\":\"https:\/\/www.danby.com\/fr\/\",\"logo\":{\"@type\":\"ImageObject\",\"inLanguage\":\"fr-CA\",\"url\":\"https:\/\/cdnweb.danby.com\/wp-content\/uploads\/sites\/2\/2022\/02\/10141906\/Danby75Ans_Blue.png\",\"contentUrl\":\"https:\/\/cdnweb.danby.com\/wp-content\/uploads\/sites\/2\/2022\/02\/10141906\/Danby75Ans_Blue.png\",\"width\":470,\"height\":110,\"caption\":\"Danby Appliances\"},\"image\":[],\"sameAs\":[\"https:\/\/www.facebook.com\/DanbyAppliances\",\"https:\/\/x.com\/DanbyAppliance\",\"https:\/\/instagram.com\/danbyappliances\/\",\"https:\/\/www.linkedin.com\/company\/danbyappliances\",\"https:\/\/www.pinterest.ca\/danbyappliances\/\",\"https:\/\/www.youtube.com\/user\/DanbyProducts\",\"https:\/\/en.wikipedia.org\/wiki\/Danby_(appliances)\"]}]}<\/script>\n<!-- \/ Yoast SEO plugin. -->","yoast_head_json":{"title":"Danby 8 Couvert Lave-vaiselle - DDW1801MWP | Danby Canada","description":"Faire la vaisselle n\u2019a jamais \u00e9t\u00e9 aussi amusant qu\u2019avec ce lave-vaisselle polyvalent de Danby. Cet appareil attrayant est \u00e9quip\u00e9 d\u2019un panier \u00e0 couverts, d\u2019une capacit\u00e9 de huit couverts et de six cycles de lavage diff\u00e9rents. L\u2019unit\u00e9 a une largeur de seulement 18 pouces (45,7 cm), de sorte qu\u2019il peut \u00eatre install\u00e9 facilement dans des copropri\u00e9t\u00e9s et des appartements, pendant que les roulettes int\u00e9gr\u00e9es commodes vous permettent de d\u00e9placer l\u2019appareil ais\u00e9ment. Vos factures d\u2019\u00e9lectricit\u00e9 ne vont pas prendre un coup avec cet appareil intelligent et \u00e9cologique, puisqu\u2019il est dot\u00e9 d\u2019une caract\u00e9ristique de consommation d\u2019eau r\u00e9duite en valeur et il est \u00e9galement conforme \u00e0 la norme Energy Star. Cet appareil est \u00e9quip\u00e9 d\u2019un bras gicleur et d\u2019un int\u00e9rieur r\u00e9sistants en acier inoxydable, ce qui le rend id\u00e9al pour des chalets situ\u00e9s dans des endroits \u00e9loign\u00e9s. De plus, vous trouverez un distributeur de d\u00e9tergent et un distributeur d\u2019agent de rin\u00e7age automatiques, et l\u2019ensemble peut \u00eatre programm\u00e9 facilement en utilisant les r\u00e9glages \u00e9lectroniques de pointe. Ce mod\u00e8le extr\u00eamement performant offre \u00e9galement une garantie de 12 mois sur les pi\u00e8ces et la main d\u2019\u0153uvre, avec service \u00e0 domicile.","robots":{"index":"index","follow":"follow","max-snippet":"max-snippet:-1","max-image-preview":"max-image-preview:large","max-video-preview":"max-video-preview:-1"},"canonical":"https:\/\/www.danby.com\/fr\/products\/lave-vaiselle\/ddw1801mwp\/","og_locale":"fr_CA","og_type":"article","og_title":"Danby 8 Couvert Lave-vaiselle - DDW1801MWP | Danby Canada","og_description":"Faire la vaisselle n\u2019a jamais \u00e9t\u00e9 aussi amusant qu\u2019avec ce lave-vaisselle polyvalent de Danby. Cet appareil attrayant est \u00e9quip\u00e9 d\u2019un panier \u00e0 couverts, d\u2019une capacit\u00e9 de huit couverts et de six cycles de lavage diff\u00e9rents. L\u2019unit\u00e9 a une largeur de seulement 18 pouces (45,7 cm), de sorte qu\u2019il peut \u00eatre install\u00e9 facilement dans des copropri\u00e9t\u00e9s et des appartements, pendant que les roulettes int\u00e9gr\u00e9es commodes vous permettent de d\u00e9placer l\u2019appareil ais\u00e9ment. Vos factures d\u2019\u00e9lectricit\u00e9 ne vont pas prendre un coup avec cet appareil intelligent et \u00e9cologique, puisqu\u2019il est dot\u00e9 d\u2019une caract\u00e9ristique de consommation d\u2019eau r\u00e9duite en valeur et il est \u00e9galement conforme \u00e0 la norme Energy Star. Cet appareil est \u00e9quip\u00e9 d\u2019un bras gicleur et d\u2019un int\u00e9rieur r\u00e9sistants en acier inoxydable, ce qui le rend id\u00e9al pour des chalets situ\u00e9s dans des endroits \u00e9loign\u00e9s. De plus, vous trouverez un distributeur de d\u00e9tergent et un distributeur d\u2019agent de rin\u00e7age automatiques, et l\u2019ensemble peut \u00eatre programm\u00e9 facilement en utilisant les r\u00e9glages \u00e9lectroniques de pointe. Ce mod\u00e8le extr\u00eamement performant offre \u00e9galement une garantie de 12 mois sur les pi\u00e8ces et la main d\u2019\u0153uvre, avec service \u00e0 domicile.","og_url":"https:\/\/www.danby.com\/fr\/products\/lave-vaiselle\/ddw1801mwp\/","og_site_name":"Danby - Canada - French","article_publisher":"https:\/\/www.facebook.com\/DanbyAppliances","article_modified_time":"2026-04-12T10:05:59+00:00","og_image":[{"width":1500,"height":2391,"url":"https:\/\/cdnweb.danby.com\/wp-content\/uploads\/sites\/2\/2022\/02\/08211758\/DDW1801MWP-angle-closed.jpg","type":"image\/jpeg"}],"twitter_card":"summary_large_image","twitter_site":"@DanbyAppliance","schema":{"@context":"https:\/\/schema.org","@graph":[{"@type":["WebPage","ItemPage"],"url":"https:\/\/www.danby.com\/fr\/products\/lave-vaiselle\/ddw1801mwp\/","name":"Danby 8 Couvert Lave-vaiselle - DDW1801MWP | Danby Canada","isPartOf":[],"primaryImageOfPage":[],"image":[],"thumbnailUrl":"https:\/\/cdnweb.danby.com\/wp-content\/uploads\/sites\/2\/2022\/02\/08211758\/DDW1801MWP-angle-closed.jpg","datePublished":"2022-02-03T19:17:08+00:00","dateModified":"2026-04-12T10:05:59+00:00","description":"Faire la vaisselle n\u2019a jamais \u00e9t\u00e9 aussi amusant qu\u2019avec ce lave-vaisselle polyvalent de Danby. Cet appareil attrayant est \u00e9quip\u00e9 d\u2019un panier \u00e0 couverts, d\u2019une capacit\u00e9 de huit couverts et de six cycles de lavage diff\u00e9rents. L\u2019unit\u00e9 a une largeur de seulement 18 pouces (45,7 cm), de sorte qu\u2019il peut \u00eatre install\u00e9 facilement dans des copropri\u00e9t\u00e9s et des appartements, pendant que les roulettes int\u00e9gr\u00e9es commodes vous permettent de d\u00e9placer l\u2019appareil ais\u00e9ment. Vos factures d\u2019\u00e9lectricit\u00e9 ne vont pas prendre un coup avec cet appareil intelligent et \u00e9cologique, puisqu\u2019il est dot\u00e9 d\u2019une caract\u00e9ristique de consommation d\u2019eau r\u00e9duite en valeur et il est \u00e9galement conforme \u00e0 la norme Energy Star. Cet appareil est \u00e9quip\u00e9 d\u2019un bras gicleur et d\u2019un int\u00e9rieur r\u00e9sistants en acier inoxydable, ce qui le rend id\u00e9al pour des chalets situ\u00e9s dans des endroits \u00e9loign\u00e9s. De plus, vous trouverez un distributeur de d\u00e9tergent et un distributeur d\u2019agent de rin\u00e7age automatiques, et l\u2019ensemble peut \u00eatre programm\u00e9 facilement en utilisant les r\u00e9glages \u00e9lectroniques de pointe. Ce mod\u00e8le extr\u00eamement performant offre \u00e9galement une garantie de 12 mois sur les pi\u00e8ces et la main d\u2019\u0153uvre, avec service \u00e0 domicile.","breadcrumb":[],"inLanguage":"fr-CA","potentialAction":[{"@type":"ReadAction","target":["https:\/\/www.danby.com\/fr\/products\/lave-vaiselle\/ddw1801mwp\/"]}]},{"@type":"ImageObject","inLanguage":"fr-CA","url":"https:\/\/cdnweb.danby.com\/wp-content\/uploads\/sites\/2\/2022\/02\/08211758\/DDW1801MWP-angle-closed.jpg","contentUrl":"https:\/\/cdnweb.danby.com\/wp-content\/uploads\/sites\/2\/2022\/02\/08211758\/DDW1801MWP-angle-closed.jpg","width":1500,"height":2391},{"@type":"BreadcrumbList","itemListElement":[{"@type":"ListItem","position":1,"name":"Home","item":"https:\/\/www.danby.com\/fr\/"},{"@type":"ListItem","position":2,"name":"Boutique","item":"https:\/\/www.danby.com\/fr\/boutique\/"},{"@type":"ListItem","position":3,"name":"Danby 8 Couvert Lave-vaiselle"}]},{"@type":"WebSite","url":"https:\/\/www.danby.com\/fr\/","name":"Danby - Canada - French","description":"Leader dans le domaine de la r\u00e9frig\u00e9ration et des appareils sp\u00e9cialis\u00e9s","publisher":[],"potentialAction":[{"@type":"SearchAction","target":{"@type":"EntryPoint","urlTemplate":"https:\/\/www.danby.com\/fr\/?s={search_term_string}"},"query-input":{"@type":"PropertyValueSpecification","valueRequired":true,"valueName":"search_term_string"}}],"inLanguage":"fr-CA"},{"@type":"Organization","name":"Danby Appliances","url":"https:\/\/www.danby.com\/fr\/","logo":{"@type":"ImageObject","inLanguage":"fr-CA","url":"https:\/\/cdnweb.danby.com\/wp-content\/uploads\/sites\/2\/2022\/02\/10141906\/Danby75Ans_Blue.png","contentUrl":"https:\/\/cdnweb.danby.com\/wp-content\/uploads\/sites\/2\/2022\/02\/10141906\/Danby75Ans_Blue.png","width":470,"height":110,"caption":"Danby Appliances"},"image":[],"sameAs":["https:\/\/www.facebook.com\/DanbyAppliances","https:\/\/x.com\/DanbyAppliance","https:\/\/instagram.com\/danbyappliances\/","https:\/\/www.linkedin.com\/company\/danbyappliances","https:\/\/www.pinterest.ca\/danbyappliances\/","https:\/\/www.youtube.com\/user\/DanbyProducts","https:\/\/en.wikipedia.org\/wiki\/Danby_(appliances)"]}]}},"post_mailing_queue_ids":[],"_links":{"self":[{"href":"https:\/\/www.danby.com\/fr\/wp-json\/wp\/v2\/product\/4910","targetHints":{"allow":["GET"]}}],"collection":[{"href":"https:\/\/www.danby.com\/fr\/wp-json\/wp\/v2\/product"}],"about":[{"href":"https:\/\/www.danby.com\/fr\/wp-json\/wp\/v2\/types\/product"}],"replies":[{"embeddable":true,"href":"https:\/\/www.danby.com\/fr\/wp-json\/wp\/v2\/comments?post=4910"}],"wp:featuredmedia":[{"embeddable":true,"href":"https:\/\/www.danby.com\/fr\/wp-json\/wp\/v2\/media\/8852"}],"wp:attachment":[{"href":"https:\/\/www.danby.com\/fr\/wp-json\/wp\/v2\/media?parent=4910"}],"wp:term":[{"taxonomy":"product_brand","embeddable":true,"href":"https:\/\/www.danby.com\/fr\/wp-json\/wp\/v2\/product_brand?post=4910"},{"taxonomy":"product_cat","embeddable":true,"href":"https:\/\/www.danby.com\/fr\/wp-json\/wp\/v2\/product_cat?post=4910"},{"taxonomy":"product_tag","embeddable":true,"href":"https:\/\/www.danby.com\/fr\/wp-json\/wp\/v2\/product_tag?post=4910"}],"curies":[{"name":"wp","href":"https:\/\/api.w.org\/{rel}","templated":true}]}}