{"id":4907,"date":"2022-02-03T19:17:08","date_gmt":"2022-02-03T19:17:08","guid":{"rendered":"https:\/\/www.danby.com\/fr\/product\/ddr70b1cp\/"},"modified":"2026-05-01T10:07:52","modified_gmt":"2026-05-01T10:07:52","slug":"ddr70b1cp","status":"publish","type":"product","link":"https:\/\/www.danby.com\/fr\/products\/deshumidificateurs\/ddr70b1cp\/","title":{"rendered":"Premiere 70 Pinte D\u00e9shumidificateur"},"content":{"rendered":"","protected":false},"excerpt":{"rendered":"<ul>\n<li>Capacit\u00e9 de 33,0 litres (70 pintes am\u00e9ricaines) par 24 heures<\/li>\n<li>Pour des surfaces allant jusqu&#8217;\u00e0 4,500 pi2, d\u00e9pendant des conditions<\/li>\n<li>Homologu\u00e9 Energy StarMD<\/li>\n<li>R\u00e9frig\u00e9rant R410a respectueux de l&#8217;environnement<\/li>\n<li>Contr\u00f4les \u00e9lectroniques<\/li>\n<li>Ventilateur \u00e0 2 vitesses (Haute-Basse)<\/li>\n<li>Fonction de basse temp\u00e9rature , permettant au syst\u00e8me de fonctionner jusqu\u2019\u00e0 ce que la temp\u00e9rature atteigne 5\u00baC<\/li>\n<li>Fonction de red\u00e9marrage automatique<\/li>\n<li>D\u00e9givreur automatique emp\u00eachant l&#8217;accumulation de glace sur les se<\/li>\n<li>Caract\u00e9ristique de vidange directe pour le fonctionnement continu<\/li>\n<li>Filtre \u00e0 air amovible, ais\u00e9 \u00e0 nettoyer<\/li>\n<li>Roulettes pivotantes pour faciliter la portabilit\u00e9<\/li>\n<\/ul>\n","protected":false},"featured_media":8581,"comment_status":"closed","ping_status":"open","template":"","meta":{"_acf_changed":false},"product_brand":[],"product_cat":[23],"product_tag":[],"class_list":{"0":"post-4907","1":"product","2":"type-product","3":"status-publish","4":"has-post-thumbnail","6":"product_cat-deshumidificateurs","8":"first","9":"outofstock","10":"taxable","11":"shipping-taxable","12":"product-type-simple"},"acf":[],"yoast_head":"<!-- This site is optimized with the Yoast SEO plugin v27.5 - https:\/\/yoast.com\/product\/yoast-seo-wordpress\/ -->\n<title>Premiere 70 Pinte D\u00e9shumidificateur - DDR70B1CP | Danby Canada<\/title>\n<meta name=\"description\" content=\"L&#039;humidit\u00e9 et les moisissures ne sont certainement pas bonnes pour votre sant\u00e9, ni pour la structure de votre maison, mais elles peuvent facilement \u00eatre \u00e9limin\u00e9es de l&#039;environnement avec le concours de ce classique d\u00e9shumidificateur portable d\u2019une capacit\u00e9 de 70 chopines (33,1 litres). Il contribuera \u00e0 \u00e9liminer jusqu&#039;\u00e0 70 chopines d&#039;humidit\u00e9 de l&#039;air par 24 heures dans des espaces allant jusqu&#039;\u00e0 4500 pieds carr\u00e9s. L&#039;appareil permet de r\u00e9duire les factures d&#039;\u00e9lectricit\u00e9 en raison de sa conformit\u00e9 \u00e0 la norme Energy Star et le r\u00e9frig\u00e9rant R410A est tr\u00e8s respectueux de l&#039;environnement. Un panneau \u00e9lectronique num\u00e9rique, facile \u00e0 op\u00e9rer, vous donne la possibilit\u00e9 de choisir une vitesse de ventilation basse ou haute. La fonctionnalit\u00e9 de d\u00e9givrage automatique voit \u00e0 pr\u00e9venir l\u2019accumulation de glace sur les serpentins. L\u2019appareil est aussi \u00e9quip\u00e9 d\u2019un dispositif intelligent de fonctionnement \u00e0 basse temp\u00e9rature lui permettant de continuer \u00e0 fonctionner jusqu\u2019\u00e0 une temp\u00e9rature aussi basse que 5\u00baC (41\u00baF). Il peut \u00e9galement fonctionner en mode continu, gr\u00e2ce au syst\u00e8me de drainage direct pratique et il b\u00e9n\u00e9ficie d\u2019un dispositif de red\u00e9marrage automatique efficace. Lorsque vous \u00eates pr\u00eat \u00e0 l\u2019employer dans une autre pi\u00e8ce, vous pouvez facilement d\u00e9placer l&#039;appareil, gr\u00e2ce \u00e0 ses roulettes pivotantes int\u00e9gr\u00e9es. Le nettoyage est simple et rapide, car le filtre peut \u00eatre retir\u00e9 et lav\u00e9.\" \/>\n<meta name=\"robots\" content=\"index, follow, max-snippet:-1, max-image-preview:large, max-video-preview:-1\" \/>\n<link rel=\"canonical\" href=\"https:\/\/www.danby.com\/fr\/products\/deshumidificateurs\/ddr70b1cp\/\" \/>\n<meta property=\"og:locale\" content=\"fr_CA\" \/>\n<meta property=\"og:type\" content=\"article\" \/>\n<meta property=\"og:title\" content=\"Premiere 70 Pinte D\u00e9shumidificateur - DDR70B1CP | Danby Canada\" \/>\n<meta property=\"og:description\" content=\"L&#039;humidit\u00e9 et les moisissures ne sont certainement pas bonnes pour votre sant\u00e9, ni pour la structure de votre maison, mais elles peuvent facilement \u00eatre \u00e9limin\u00e9es de l&#039;environnement avec le concours de ce classique d\u00e9shumidificateur portable d\u2019une capacit\u00e9 de 70 chopines (33,1 litres). Il contribuera \u00e0 \u00e9liminer jusqu&#039;\u00e0 70 chopines d&#039;humidit\u00e9 de l&#039;air par 24 heures dans des espaces allant jusqu&#039;\u00e0 4500 pieds carr\u00e9s. L&#039;appareil permet de r\u00e9duire les factures d&#039;\u00e9lectricit\u00e9 en raison de sa conformit\u00e9 \u00e0 la norme Energy Star et le r\u00e9frig\u00e9rant R410A est tr\u00e8s respectueux de l&#039;environnement. Un panneau \u00e9lectronique num\u00e9rique, facile \u00e0 op\u00e9rer, vous donne la possibilit\u00e9 de choisir une vitesse de ventilation basse ou haute. La fonctionnalit\u00e9 de d\u00e9givrage automatique voit \u00e0 pr\u00e9venir l\u2019accumulation de glace sur les serpentins. L\u2019appareil est aussi \u00e9quip\u00e9 d\u2019un dispositif intelligent de fonctionnement \u00e0 basse temp\u00e9rature lui permettant de continuer \u00e0 fonctionner jusqu\u2019\u00e0 une temp\u00e9rature aussi basse que 5\u00baC (41\u00baF). Il peut \u00e9galement fonctionner en mode continu, gr\u00e2ce au syst\u00e8me de drainage direct pratique et il b\u00e9n\u00e9ficie d\u2019un dispositif de red\u00e9marrage automatique efficace. Lorsque vous \u00eates pr\u00eat \u00e0 l\u2019employer dans une autre pi\u00e8ce, vous pouvez facilement d\u00e9placer l&#039;appareil, gr\u00e2ce \u00e0 ses roulettes pivotantes int\u00e9gr\u00e9es. Le nettoyage est simple et rapide, car le filtre peut \u00eatre retir\u00e9 et lav\u00e9.\" \/>\n<meta property=\"og:url\" content=\"https:\/\/www.danby.com\/fr\/products\/deshumidificateurs\/ddr70b1cp\/\" \/>\n<meta property=\"og:site_name\" content=\"Danby - Canada - French\" \/>\n<meta property=\"article:publisher\" content=\"https:\/\/www.facebook.com\/DanbyAppliances\" \/>\n<meta property=\"article:modified_time\" content=\"2026-05-01T10:07:52+00:00\" \/>\n<meta property=\"og:image\" content=\"https:\/\/cdnweb.danby.com\/wp-content\/uploads\/sites\/2\/2022\/02\/08205603\/Medium-DDR70B1CP.jpg\" \/>\n\t<meta property=\"og:image:width\" content=\"300\" \/>\n\t<meta property=\"og:image:height\" content=\"272\" \/>\n\t<meta property=\"og:image:type\" content=\"image\/jpeg\" \/>\n<meta name=\"twitter:card\" content=\"summary_large_image\" \/>\n<meta name=\"twitter:site\" content=\"@DanbyAppliance\" \/>\n<script type=\"application\/ld+json\" class=\"yoast-schema-graph\">{\"@context\":\"https:\\\/\\\/schema.org\",\"@graph\":[{\"@type\":[\"WebPage\",\"ItemPage\"],\"url\":\"https:\\\/\\\/www.danby.com\\\/fr\\\/products\\\/deshumidificateurs\\\/ddr70b1cp\\\/\",\"name\":\"Premiere 70 Pinte D\u00e9shumidificateur - DDR70B1CP | Danby Canada\",\"isPartOf\":[],\"primaryImageOfPage\":[],\"image\":[],\"thumbnailUrl\":\"https:\\\/\\\/cdnweb.danby.com\\\/wp-content\\\/uploads\\\/sites\\\/2\\\/2022\\\/02\\\/08205603\\\/Medium-DDR70B1CP.jpg\",\"datePublished\":\"2022-02-03T19:17:08+00:00\",\"dateModified\":\"2026-05-01T10:07:52+00:00\",\"description\":\"L'humidit\u00e9 et les moisissures ne sont certainement pas bonnes pour votre sant\u00e9, ni pour la structure de votre maison, mais elles peuvent facilement \u00eatre \u00e9limin\u00e9es de l'environnement avec le concours de ce classique d\u00e9shumidificateur portable d\u2019une capacit\u00e9 de 70 chopines (33,1 litres). Il contribuera \u00e0 \u00e9liminer jusqu'\u00e0 70 chopines d'humidit\u00e9 de l'air par 24 heures dans des espaces allant jusqu'\u00e0 4500 pieds carr\u00e9s. L'appareil permet de r\u00e9duire les factures d'\u00e9lectricit\u00e9 en raison de sa conformit\u00e9 \u00e0 la norme Energy Star et le r\u00e9frig\u00e9rant R410A est tr\u00e8s respectueux de l'environnement. Un panneau \u00e9lectronique num\u00e9rique, facile \u00e0 op\u00e9rer, vous donne la possibilit\u00e9 de choisir une vitesse de ventilation basse ou haute. La fonctionnalit\u00e9 de d\u00e9givrage automatique voit \u00e0 pr\u00e9venir l\u2019accumulation de glace sur les serpentins. L\u2019appareil est aussi \u00e9quip\u00e9 d\u2019un dispositif intelligent de fonctionnement \u00e0 basse temp\u00e9rature lui permettant de continuer \u00e0 fonctionner jusqu\u2019\u00e0 une temp\u00e9rature aussi basse que 5\u00baC (41\u00baF). Il peut \u00e9galement fonctionner en mode continu, gr\u00e2ce au syst\u00e8me de drainage direct pratique et il b\u00e9n\u00e9ficie d\u2019un dispositif de red\u00e9marrage automatique efficace. Lorsque vous \u00eates pr\u00eat \u00e0 l\u2019employer dans une autre pi\u00e8ce, vous pouvez facilement d\u00e9placer l'appareil, gr\u00e2ce \u00e0 ses roulettes pivotantes int\u00e9gr\u00e9es. Le nettoyage est simple et rapide, car le filtre peut \u00eatre retir\u00e9 et lav\u00e9.\",\"breadcrumb\":[],\"inLanguage\":\"fr-CA\",\"potentialAction\":[{\"@type\":\"ReadAction\",\"target\":[\"https:\\\/\\\/www.danby.com\\\/fr\\\/products\\\/deshumidificateurs\\\/ddr70b1cp\\\/\"]}]},{\"@type\":\"ImageObject\",\"inLanguage\":\"fr-CA\",\"url\":\"https:\\\/\\\/cdnweb.danby.com\\\/wp-content\\\/uploads\\\/sites\\\/2\\\/2022\\\/02\\\/08205603\\\/Medium-DDR70B1CP.jpg\",\"contentUrl\":\"https:\\\/\\\/cdnweb.danby.com\\\/wp-content\\\/uploads\\\/sites\\\/2\\\/2022\\\/02\\\/08205603\\\/Medium-DDR70B1CP.jpg\",\"width\":300,\"height\":272},{\"@type\":\"BreadcrumbList\",\"itemListElement\":[{\"@type\":\"ListItem\",\"position\":1,\"name\":\"Home\",\"item\":\"https:\\\/\\\/www.danby.com\\\/fr\\\/\"},{\"@type\":\"ListItem\",\"position\":2,\"name\":\"Boutique\",\"item\":\"https:\\\/\\\/www.danby.com\\\/fr\\\/boutique\\\/\"},{\"@type\":\"ListItem\",\"position\":3,\"name\":\"Premiere 70 Pinte D\u00e9shumidificateur\"}]},{\"@type\":\"WebSite\",\"url\":\"https:\\\/\\\/www.danby.com\\\/fr\\\/\",\"name\":\"Danby - Canada - French\",\"description\":\"Leader dans le domaine de la r\u00e9frig\u00e9ration et des appareils sp\u00e9cialis\u00e9s\",\"publisher\":[],\"potentialAction\":[{\"@type\":\"SearchAction\",\"target\":{\"@type\":\"EntryPoint\",\"urlTemplate\":\"https:\\\/\\\/www.danby.com\\\/fr\\\/?s={search_term_string}\"},\"query-input\":{\"@type\":\"PropertyValueSpecification\",\"valueRequired\":true,\"valueName\":\"search_term_string\"}}],\"inLanguage\":\"fr-CA\"},{\"@type\":\"Organization\",\"name\":\"Danby Appliances\",\"url\":\"https:\\\/\\\/www.danby.com\\\/fr\\\/\",\"logo\":{\"@type\":\"ImageObject\",\"inLanguage\":\"fr-CA\",\"url\":\"https:\\\/\\\/cdnweb.danby.com\\\/wp-content\\\/uploads\\\/sites\\\/2\\\/2022\\\/02\\\/10141906\\\/Danby75Ans_Blue.png\",\"contentUrl\":\"https:\\\/\\\/cdnweb.danby.com\\\/wp-content\\\/uploads\\\/sites\\\/2\\\/2022\\\/02\\\/10141906\\\/Danby75Ans_Blue.png\",\"width\":470,\"height\":110,\"caption\":\"Danby Appliances\"},\"image\":[],\"sameAs\":[\"https:\\\/\\\/www.facebook.com\\\/DanbyAppliances\",\"https:\\\/\\\/x.com\\\/DanbyAppliance\",\"https:\\\/\\\/instagram.com\\\/danbyappliances\\\/\",\"https:\\\/\\\/www.linkedin.com\\\/company\\\/danbyappliances\",\"https:\\\/\\\/www.pinterest.ca\\\/danbyappliances\\\/\",\"https:\\\/\\\/www.youtube.com\\\/user\\\/DanbyProducts\",\"https:\\\/\\\/en.wikipedia.org\\\/wiki\\\/Danby_(appliances)\"]}]}<\/script>\n<!-- \/ Yoast SEO plugin. -->","yoast_head_json":{"title":"Premiere 70 Pinte D\u00e9shumidificateur - DDR70B1CP | Danby Canada","description":"L'humidit\u00e9 et les moisissures ne sont certainement pas bonnes pour votre sant\u00e9, ni pour la structure de votre maison, mais elles peuvent facilement \u00eatre \u00e9limin\u00e9es de l'environnement avec le concours de ce classique d\u00e9shumidificateur portable d\u2019une capacit\u00e9 de 70 chopines (33,1 litres). Il contribuera \u00e0 \u00e9liminer jusqu'\u00e0 70 chopines d'humidit\u00e9 de l'air par 24 heures dans des espaces allant jusqu'\u00e0 4500 pieds carr\u00e9s. L'appareil permet de r\u00e9duire les factures d'\u00e9lectricit\u00e9 en raison de sa conformit\u00e9 \u00e0 la norme Energy Star et le r\u00e9frig\u00e9rant R410A est tr\u00e8s respectueux de l'environnement. Un panneau \u00e9lectronique num\u00e9rique, facile \u00e0 op\u00e9rer, vous donne la possibilit\u00e9 de choisir une vitesse de ventilation basse ou haute. La fonctionnalit\u00e9 de d\u00e9givrage automatique voit \u00e0 pr\u00e9venir l\u2019accumulation de glace sur les serpentins. L\u2019appareil est aussi \u00e9quip\u00e9 d\u2019un dispositif intelligent de fonctionnement \u00e0 basse temp\u00e9rature lui permettant de continuer \u00e0 fonctionner jusqu\u2019\u00e0 une temp\u00e9rature aussi basse que 5\u00baC (41\u00baF). Il peut \u00e9galement fonctionner en mode continu, gr\u00e2ce au syst\u00e8me de drainage direct pratique et il b\u00e9n\u00e9ficie d\u2019un dispositif de red\u00e9marrage automatique efficace. Lorsque vous \u00eates pr\u00eat \u00e0 l\u2019employer dans une autre pi\u00e8ce, vous pouvez facilement d\u00e9placer l'appareil, gr\u00e2ce \u00e0 ses roulettes pivotantes int\u00e9gr\u00e9es. Le nettoyage est simple et rapide, car le filtre peut \u00eatre retir\u00e9 et lav\u00e9.","robots":{"index":"index","follow":"follow","max-snippet":"max-snippet:-1","max-image-preview":"max-image-preview:large","max-video-preview":"max-video-preview:-1"},"canonical":"https:\/\/www.danby.com\/fr\/products\/deshumidificateurs\/ddr70b1cp\/","og_locale":"fr_CA","og_type":"article","og_title":"Premiere 70 Pinte D\u00e9shumidificateur - DDR70B1CP | Danby Canada","og_description":"L'humidit\u00e9 et les moisissures ne sont certainement pas bonnes pour votre sant\u00e9, ni pour la structure de votre maison, mais elles peuvent facilement \u00eatre \u00e9limin\u00e9es de l'environnement avec le concours de ce classique d\u00e9shumidificateur portable d\u2019une capacit\u00e9 de 70 chopines (33,1 litres). Il contribuera \u00e0 \u00e9liminer jusqu'\u00e0 70 chopines d'humidit\u00e9 de l'air par 24 heures dans des espaces allant jusqu'\u00e0 4500 pieds carr\u00e9s. L'appareil permet de r\u00e9duire les factures d'\u00e9lectricit\u00e9 en raison de sa conformit\u00e9 \u00e0 la norme Energy Star et le r\u00e9frig\u00e9rant R410A est tr\u00e8s respectueux de l'environnement. Un panneau \u00e9lectronique num\u00e9rique, facile \u00e0 op\u00e9rer, vous donne la possibilit\u00e9 de choisir une vitesse de ventilation basse ou haute. La fonctionnalit\u00e9 de d\u00e9givrage automatique voit \u00e0 pr\u00e9venir l\u2019accumulation de glace sur les serpentins. L\u2019appareil est aussi \u00e9quip\u00e9 d\u2019un dispositif intelligent de fonctionnement \u00e0 basse temp\u00e9rature lui permettant de continuer \u00e0 fonctionner jusqu\u2019\u00e0 une temp\u00e9rature aussi basse que 5\u00baC (41\u00baF). Il peut \u00e9galement fonctionner en mode continu, gr\u00e2ce au syst\u00e8me de drainage direct pratique et il b\u00e9n\u00e9ficie d\u2019un dispositif de red\u00e9marrage automatique efficace. Lorsque vous \u00eates pr\u00eat \u00e0 l\u2019employer dans une autre pi\u00e8ce, vous pouvez facilement d\u00e9placer l'appareil, gr\u00e2ce \u00e0 ses roulettes pivotantes int\u00e9gr\u00e9es. Le nettoyage est simple et rapide, car le filtre peut \u00eatre retir\u00e9 et lav\u00e9.","og_url":"https:\/\/www.danby.com\/fr\/products\/deshumidificateurs\/ddr70b1cp\/","og_site_name":"Danby - Canada - French","article_publisher":"https:\/\/www.facebook.com\/DanbyAppliances","article_modified_time":"2026-05-01T10:07:52+00:00","og_image":[{"width":300,"height":272,"url":"https:\/\/cdnweb.danby.com\/wp-content\/uploads\/sites\/2\/2022\/02\/08205603\/Medium-DDR70B1CP.jpg","type":"image\/jpeg"}],"twitter_card":"summary_large_image","twitter_site":"@DanbyAppliance","schema":{"@context":"https:\/\/schema.org","@graph":[{"@type":["WebPage","ItemPage"],"url":"https:\/\/www.danby.com\/fr\/products\/deshumidificateurs\/ddr70b1cp\/","name":"Premiere 70 Pinte D\u00e9shumidificateur - DDR70B1CP | Danby Canada","isPartOf":[],"primaryImageOfPage":[],"image":[],"thumbnailUrl":"https:\/\/cdnweb.danby.com\/wp-content\/uploads\/sites\/2\/2022\/02\/08205603\/Medium-DDR70B1CP.jpg","datePublished":"2022-02-03T19:17:08+00:00","dateModified":"2026-05-01T10:07:52+00:00","description":"L'humidit\u00e9 et les moisissures ne sont certainement pas bonnes pour votre sant\u00e9, ni pour la structure de votre maison, mais elles peuvent facilement \u00eatre \u00e9limin\u00e9es de l'environnement avec le concours de ce classique d\u00e9shumidificateur portable d\u2019une capacit\u00e9 de 70 chopines (33,1 litres). Il contribuera \u00e0 \u00e9liminer jusqu'\u00e0 70 chopines d'humidit\u00e9 de l'air par 24 heures dans des espaces allant jusqu'\u00e0 4500 pieds carr\u00e9s. L'appareil permet de r\u00e9duire les factures d'\u00e9lectricit\u00e9 en raison de sa conformit\u00e9 \u00e0 la norme Energy Star et le r\u00e9frig\u00e9rant R410A est tr\u00e8s respectueux de l'environnement. Un panneau \u00e9lectronique num\u00e9rique, facile \u00e0 op\u00e9rer, vous donne la possibilit\u00e9 de choisir une vitesse de ventilation basse ou haute. La fonctionnalit\u00e9 de d\u00e9givrage automatique voit \u00e0 pr\u00e9venir l\u2019accumulation de glace sur les serpentins. L\u2019appareil est aussi \u00e9quip\u00e9 d\u2019un dispositif intelligent de fonctionnement \u00e0 basse temp\u00e9rature lui permettant de continuer \u00e0 fonctionner jusqu\u2019\u00e0 une temp\u00e9rature aussi basse que 5\u00baC (41\u00baF). Il peut \u00e9galement fonctionner en mode continu, gr\u00e2ce au syst\u00e8me de drainage direct pratique et il b\u00e9n\u00e9ficie d\u2019un dispositif de red\u00e9marrage automatique efficace. Lorsque vous \u00eates pr\u00eat \u00e0 l\u2019employer dans une autre pi\u00e8ce, vous pouvez facilement d\u00e9placer l'appareil, gr\u00e2ce \u00e0 ses roulettes pivotantes int\u00e9gr\u00e9es. Le nettoyage est simple et rapide, car le filtre peut \u00eatre retir\u00e9 et lav\u00e9.","breadcrumb":[],"inLanguage":"fr-CA","potentialAction":[{"@type":"ReadAction","target":["https:\/\/www.danby.com\/fr\/products\/deshumidificateurs\/ddr70b1cp\/"]}]},{"@type":"ImageObject","inLanguage":"fr-CA","url":"https:\/\/cdnweb.danby.com\/wp-content\/uploads\/sites\/2\/2022\/02\/08205603\/Medium-DDR70B1CP.jpg","contentUrl":"https:\/\/cdnweb.danby.com\/wp-content\/uploads\/sites\/2\/2022\/02\/08205603\/Medium-DDR70B1CP.jpg","width":300,"height":272},{"@type":"BreadcrumbList","itemListElement":[{"@type":"ListItem","position":1,"name":"Home","item":"https:\/\/www.danby.com\/fr\/"},{"@type":"ListItem","position":2,"name":"Boutique","item":"https:\/\/www.danby.com\/fr\/boutique\/"},{"@type":"ListItem","position":3,"name":"Premiere 70 Pinte D\u00e9shumidificateur"}]},{"@type":"WebSite","url":"https:\/\/www.danby.com\/fr\/","name":"Danby - Canada - French","description":"Leader dans le domaine de la r\u00e9frig\u00e9ration et des appareils sp\u00e9cialis\u00e9s","publisher":[],"potentialAction":[{"@type":"SearchAction","target":{"@type":"EntryPoint","urlTemplate":"https:\/\/www.danby.com\/fr\/?s={search_term_string}"},"query-input":{"@type":"PropertyValueSpecification","valueRequired":true,"valueName":"search_term_string"}}],"inLanguage":"fr-CA"},{"@type":"Organization","name":"Danby Appliances","url":"https:\/\/www.danby.com\/fr\/","logo":{"@type":"ImageObject","inLanguage":"fr-CA","url":"https:\/\/cdnweb.danby.com\/wp-content\/uploads\/sites\/2\/2022\/02\/10141906\/Danby75Ans_Blue.png","contentUrl":"https:\/\/cdnweb.danby.com\/wp-content\/uploads\/sites\/2\/2022\/02\/10141906\/Danby75Ans_Blue.png","width":470,"height":110,"caption":"Danby Appliances"},"image":[],"sameAs":["https:\/\/www.facebook.com\/DanbyAppliances","https:\/\/x.com\/DanbyAppliance","https:\/\/instagram.com\/danbyappliances\/","https:\/\/www.linkedin.com\/company\/danbyappliances","https:\/\/www.pinterest.ca\/danbyappliances\/","https:\/\/www.youtube.com\/user\/DanbyProducts","https:\/\/en.wikipedia.org\/wiki\/Danby_(appliances)"]}]}},"post_mailing_queue_ids":[],"_links":{"self":[{"href":"https:\/\/www.danby.com\/fr\/wp-json\/wp\/v2\/product\/4907","targetHints":{"allow":["GET"]}}],"collection":[{"href":"https:\/\/www.danby.com\/fr\/wp-json\/wp\/v2\/product"}],"about":[{"href":"https:\/\/www.danby.com\/fr\/wp-json\/wp\/v2\/types\/product"}],"replies":[{"embeddable":true,"href":"https:\/\/www.danby.com\/fr\/wp-json\/wp\/v2\/comments?post=4907"}],"wp:featuredmedia":[{"embeddable":true,"href":"https:\/\/www.danby.com\/fr\/wp-json\/wp\/v2\/media\/8581"}],"wp:attachment":[{"href":"https:\/\/www.danby.com\/fr\/wp-json\/wp\/v2\/media?parent=4907"}],"wp:term":[{"taxonomy":"product_brand","embeddable":true,"href":"https:\/\/www.danby.com\/fr\/wp-json\/wp\/v2\/product_brand?post=4907"},{"taxonomy":"product_cat","embeddable":true,"href":"https:\/\/www.danby.com\/fr\/wp-json\/wp\/v2\/product_cat?post=4907"},{"taxonomy":"product_tag","embeddable":true,"href":"https:\/\/www.danby.com\/fr\/wp-json\/wp\/v2\/product_tag?post=4907"}],"curies":[{"name":"wp","href":"https:\/\/api.w.org\/{rel}","templated":true}]}}