{"id":4901,"date":"2022-02-03T19:17:08","date_gmt":"2022-02-03T19:17:08","guid":{"rendered":"https:\/\/www.danby.com\/fr\/product\/ddr60b3wp\/"},"modified":"2026-04-11T10:02:42","modified_gmt":"2026-04-11T10:02:42","slug":"ddr60b3wp","status":"publish","type":"product","link":"https:\/\/www.danby.com\/fr\/products\/deshumidificateurs\/ddr60b3wp\/","title":{"rendered":"Premiere 60 Pinte D\u00e9shumidificateur"},"content":{"rendered":"","protected":false},"excerpt":{"rendered":"<ul>\n<li>Capacit\u00e9 de 28,4 litres (60 pintes am\u00e9ricaines) par 24 heures   <\/li>\n<li>Pour des surfaces allant jusqu&#8217;\u00e0 4,000 pi2, d\u00e9pendant des conditions   <\/li>\n<li>Homologu\u00e9 Energy StarMD   <\/li>\n<li>R\u00e9frig\u00e9rant R410a respectueux de l&#8217;environnement   <\/li>\n<li>Ventilateur \u00e0 2 vitesses (Haute-Basse)   <\/li>\n<li>Fonction de red\u00e9marrage automatique   <\/li>\n<li>Fonction de basse temp\u00e9rature , permettant au syst\u00e8me de fonctionner jusqu\u2019\u00e0 ce que la temp\u00e9rature atteigne 5\u00baC   <\/li>\n<li>Filtre \u00e0 air amovible, ais\u00e9 \u00e0 nettoyer   <\/li>\n<li>Roulettes pivotantes pour faciliter la portabilit\u00e9<\/li>\n<\/ul>\n","protected":false},"featured_media":8576,"comment_status":"closed","ping_status":"open","template":"","meta":{"_acf_changed":false},"product_brand":[],"product_cat":[23],"product_tag":[],"class_list":{"0":"post-4901","1":"product","2":"type-product","3":"status-publish","4":"has-post-thumbnail","6":"product_cat-deshumidificateurs","8":"first","9":"outofstock","10":"taxable","11":"shipping-taxable","12":"product-type-simple"},"acf":[],"yoast_head":"<!-- This site is optimized with the Yoast SEO plugin v26.7 - https:\/\/yoast.com\/wordpress\/plugins\/seo\/ -->\n<title>Premiere 60 Pinte D\u00e9shumidificateur - DDR60B3WP | Danby Canada<\/title>\n<meta name=\"description\" content=\"Personne ne veut vivre dans une demeure humide. Une solution s\u2019offre \u00e0 vous, gr\u00e2ce \u00e0 ce d\u00e9shumidificateur Danby haut de gamme. Cet appareil, d\u2019une capacit\u00e9 de 28,4 litres (60 chopines), donne son meilleur rendement lorsqu\u2019il fonctionne dans des surfaces allant jusqu\u2019\u00e0 4 000 pi2. Il est \u00e0 la fois \u00e9conerg\u00e9tique et \u00e9cologique, gr\u00e2ce \u00e0 son homologation Energy Star\u00ae coupl\u00e9e au r\u00e9frig\u00e9rant R410A. Les commandes \u00e9lectroniques vous permettront de choisir et d\u2019alterner l\u2019une ou l\u2019autre des deux vitesses de ventilation \u00e0 volont\u00e9. Gr\u00e2ce au dispositif de red\u00e9marrage automatique, ce mod\u00e8le continuera \u00e0 fonctionner jusqu\u2019\u00e0 ce que la temp\u00e9rature atteigne 5\u00b0C (41\u00b0F). Les filtres amovibles contribuent \u00e0 faciliter le nettoyage de l\u2019appareil et les roulettes font en sorte qu\u2019il se transporte ais\u00e9ment d\u2019une pi\u00e8ce \u00e0 l\u2019autre. Pour couronner le tout, cet attrayant d\u00e9shumidificateur est couvert par une garantie de 24 mois sur les pi\u00e8ces et la main-d\u2019\u0153uvre.\" \/>\n<meta name=\"robots\" content=\"index, follow, max-snippet:-1, max-image-preview:large, max-video-preview:-1\" \/>\n<link rel=\"canonical\" href=\"https:\/\/www.danby.com\/fr\/products\/deshumidificateurs\/ddr60b3wp\/\" \/>\n<meta property=\"og:locale\" content=\"fr_CA\" \/>\n<meta property=\"og:type\" content=\"article\" \/>\n<meta property=\"og:title\" content=\"Premiere 60 Pinte D\u00e9shumidificateur - DDR60B3WP | Danby Canada\" \/>\n<meta property=\"og:description\" content=\"Personne ne veut vivre dans une demeure humide. Une solution s\u2019offre \u00e0 vous, gr\u00e2ce \u00e0 ce d\u00e9shumidificateur Danby haut de gamme. Cet appareil, d\u2019une capacit\u00e9 de 28,4 litres (60 chopines), donne son meilleur rendement lorsqu\u2019il fonctionne dans des surfaces allant jusqu\u2019\u00e0 4 000 pi2. Il est \u00e0 la fois \u00e9conerg\u00e9tique et \u00e9cologique, gr\u00e2ce \u00e0 son homologation Energy Star\u00ae coupl\u00e9e au r\u00e9frig\u00e9rant R410A. Les commandes \u00e9lectroniques vous permettront de choisir et d\u2019alterner l\u2019une ou l\u2019autre des deux vitesses de ventilation \u00e0 volont\u00e9. Gr\u00e2ce au dispositif de red\u00e9marrage automatique, ce mod\u00e8le continuera \u00e0 fonctionner jusqu\u2019\u00e0 ce que la temp\u00e9rature atteigne 5\u00b0C (41\u00b0F). Les filtres amovibles contribuent \u00e0 faciliter le nettoyage de l\u2019appareil et les roulettes font en sorte qu\u2019il se transporte ais\u00e9ment d\u2019une pi\u00e8ce \u00e0 l\u2019autre. Pour couronner le tout, cet attrayant d\u00e9shumidificateur est couvert par une garantie de 24 mois sur les pi\u00e8ces et la main-d\u2019\u0153uvre.\" \/>\n<meta property=\"og:url\" content=\"https:\/\/www.danby.com\/fr\/products\/deshumidificateurs\/ddr60b3wp\/\" \/>\n<meta property=\"og:site_name\" content=\"Danby - Canada - French\" \/>\n<meta property=\"article:publisher\" content=\"https:\/\/www.facebook.com\/DanbyAppliances\" \/>\n<meta property=\"article:modified_time\" content=\"2026-04-11T10:02:42+00:00\" \/>\n<meta property=\"og:image\" content=\"https:\/\/cdnweb.danby.com\/wp-content\/uploads\/sites\/2\/2022\/02\/08205552\/Medium-DDR30_45_60_70B3WP-2.jpg\" \/>\n\t<meta property=\"og:image:width\" content=\"300\" \/>\n\t<meta property=\"og:image:height\" content=\"272\" \/>\n\t<meta property=\"og:image:type\" content=\"image\/jpeg\" \/>\n<meta name=\"twitter:card\" content=\"summary_large_image\" \/>\n<meta name=\"twitter:site\" content=\"@DanbyAppliance\" \/>\n<script type=\"application\/ld+json\" class=\"yoast-schema-graph\">{\"@context\":\"https:\/\/schema.org\",\"@graph\":[{\"@type\":[\"WebPage\",\"ItemPage\"],\"url\":\"https:\/\/www.danby.com\/fr\/products\/deshumidificateurs\/ddr60b3wp\/\",\"name\":\"Premiere 60 Pinte D\u00e9shumidificateur - DDR60B3WP | Danby Canada\",\"isPartOf\":[],\"primaryImageOfPage\":[],\"image\":[],\"thumbnailUrl\":\"https:\/\/cdnweb.danby.com\/wp-content\/uploads\/sites\/2\/2022\/02\/08205552\/Medium-DDR30_45_60_70B3WP-2.jpg\",\"datePublished\":\"2022-02-03T19:17:08+00:00\",\"dateModified\":\"2026-04-11T10:02:42+00:00\",\"description\":\"Personne ne veut vivre dans une demeure humide. Une solution s\u2019offre \u00e0 vous, gr\u00e2ce \u00e0 ce d\u00e9shumidificateur Danby haut de gamme. Cet appareil, d\u2019une capacit\u00e9 de 28,4 litres (60 chopines), donne son meilleur rendement lorsqu\u2019il fonctionne dans des surfaces allant jusqu\u2019\u00e0 4 000 pi2. Il est \u00e0 la fois \u00e9conerg\u00e9tique et \u00e9cologique, gr\u00e2ce \u00e0 son homologation Energy Star\u00ae coupl\u00e9e au r\u00e9frig\u00e9rant R410A. Les commandes \u00e9lectroniques vous permettront de choisir et d\u2019alterner l\u2019une ou l\u2019autre des deux vitesses de ventilation \u00e0 volont\u00e9. Gr\u00e2ce au dispositif de red\u00e9marrage automatique, ce mod\u00e8le continuera \u00e0 fonctionner jusqu\u2019\u00e0 ce que la temp\u00e9rature atteigne 5\u00b0C (41\u00b0F). Les filtres amovibles contribuent \u00e0 faciliter le nettoyage de l\u2019appareil et les roulettes font en sorte qu\u2019il se transporte ais\u00e9ment d\u2019une pi\u00e8ce \u00e0 l\u2019autre. Pour couronner le tout, cet attrayant d\u00e9shumidificateur est couvert par une garantie de 24 mois sur les pi\u00e8ces et la main-d\u2019\u0153uvre.\",\"breadcrumb\":[],\"inLanguage\":\"fr-CA\",\"potentialAction\":[{\"@type\":\"ReadAction\",\"target\":[\"https:\/\/www.danby.com\/fr\/products\/deshumidificateurs\/ddr60b3wp\/\"]}]},{\"@type\":\"ImageObject\",\"inLanguage\":\"fr-CA\",\"url\":\"https:\/\/cdnweb.danby.com\/wp-content\/uploads\/sites\/2\/2022\/02\/08205552\/Medium-DDR30_45_60_70B3WP-2.jpg\",\"contentUrl\":\"https:\/\/cdnweb.danby.com\/wp-content\/uploads\/sites\/2\/2022\/02\/08205552\/Medium-DDR30_45_60_70B3WP-2.jpg\",\"width\":300,\"height\":272},{\"@type\":\"BreadcrumbList\",\"itemListElement\":[{\"@type\":\"ListItem\",\"position\":1,\"name\":\"Home\",\"item\":\"https:\/\/www.danby.com\/fr\/\"},{\"@type\":\"ListItem\",\"position\":2,\"name\":\"Boutique\",\"item\":\"https:\/\/www.danby.com\/fr\/boutique\/\"},{\"@type\":\"ListItem\",\"position\":3,\"name\":\"Premiere 60 Pinte D\u00e9shumidificateur\"}]},{\"@type\":\"WebSite\",\"url\":\"https:\/\/www.danby.com\/fr\/\",\"name\":\"Danby - Canada - French\",\"description\":\"Leader dans le domaine de la r\u00e9frig\u00e9ration et des appareils sp\u00e9cialis\u00e9s\",\"publisher\":[],\"potentialAction\":[{\"@type\":\"SearchAction\",\"target\":{\"@type\":\"EntryPoint\",\"urlTemplate\":\"https:\/\/www.danby.com\/fr\/?s={search_term_string}\"},\"query-input\":{\"@type\":\"PropertyValueSpecification\",\"valueRequired\":true,\"valueName\":\"search_term_string\"}}],\"inLanguage\":\"fr-CA\"},{\"@type\":\"Organization\",\"name\":\"Danby Appliances\",\"url\":\"https:\/\/www.danby.com\/fr\/\",\"logo\":{\"@type\":\"ImageObject\",\"inLanguage\":\"fr-CA\",\"url\":\"https:\/\/cdnweb.danby.com\/wp-content\/uploads\/sites\/2\/2022\/02\/10141906\/Danby75Ans_Blue.png\",\"contentUrl\":\"https:\/\/cdnweb.danby.com\/wp-content\/uploads\/sites\/2\/2022\/02\/10141906\/Danby75Ans_Blue.png\",\"width\":470,\"height\":110,\"caption\":\"Danby Appliances\"},\"image\":[],\"sameAs\":[\"https:\/\/www.facebook.com\/DanbyAppliances\",\"https:\/\/x.com\/DanbyAppliance\",\"https:\/\/instagram.com\/danbyappliances\/\",\"https:\/\/www.linkedin.com\/company\/danbyappliances\",\"https:\/\/www.pinterest.ca\/danbyappliances\/\",\"https:\/\/www.youtube.com\/user\/DanbyProducts\",\"https:\/\/en.wikipedia.org\/wiki\/Danby_(appliances)\"]}]}<\/script>\n<!-- \/ Yoast SEO plugin. -->","yoast_head_json":{"title":"Premiere 60 Pinte D\u00e9shumidificateur - DDR60B3WP | Danby Canada","description":"Personne ne veut vivre dans une demeure humide. Une solution s\u2019offre \u00e0 vous, gr\u00e2ce \u00e0 ce d\u00e9shumidificateur Danby haut de gamme. Cet appareil, d\u2019une capacit\u00e9 de 28,4 litres (60 chopines), donne son meilleur rendement lorsqu\u2019il fonctionne dans des surfaces allant jusqu\u2019\u00e0 4 000 pi2. Il est \u00e0 la fois \u00e9conerg\u00e9tique et \u00e9cologique, gr\u00e2ce \u00e0 son homologation Energy Star\u00ae coupl\u00e9e au r\u00e9frig\u00e9rant R410A. Les commandes \u00e9lectroniques vous permettront de choisir et d\u2019alterner l\u2019une ou l\u2019autre des deux vitesses de ventilation \u00e0 volont\u00e9. Gr\u00e2ce au dispositif de red\u00e9marrage automatique, ce mod\u00e8le continuera \u00e0 fonctionner jusqu\u2019\u00e0 ce que la temp\u00e9rature atteigne 5\u00b0C (41\u00b0F). Les filtres amovibles contribuent \u00e0 faciliter le nettoyage de l\u2019appareil et les roulettes font en sorte qu\u2019il se transporte ais\u00e9ment d\u2019une pi\u00e8ce \u00e0 l\u2019autre. Pour couronner le tout, cet attrayant d\u00e9shumidificateur est couvert par une garantie de 24 mois sur les pi\u00e8ces et la main-d\u2019\u0153uvre.","robots":{"index":"index","follow":"follow","max-snippet":"max-snippet:-1","max-image-preview":"max-image-preview:large","max-video-preview":"max-video-preview:-1"},"canonical":"https:\/\/www.danby.com\/fr\/products\/deshumidificateurs\/ddr60b3wp\/","og_locale":"fr_CA","og_type":"article","og_title":"Premiere 60 Pinte D\u00e9shumidificateur - DDR60B3WP | Danby Canada","og_description":"Personne ne veut vivre dans une demeure humide. Une solution s\u2019offre \u00e0 vous, gr\u00e2ce \u00e0 ce d\u00e9shumidificateur Danby haut de gamme. Cet appareil, d\u2019une capacit\u00e9 de 28,4 litres (60 chopines), donne son meilleur rendement lorsqu\u2019il fonctionne dans des surfaces allant jusqu\u2019\u00e0 4 000 pi2. Il est \u00e0 la fois \u00e9conerg\u00e9tique et \u00e9cologique, gr\u00e2ce \u00e0 son homologation Energy Star\u00ae coupl\u00e9e au r\u00e9frig\u00e9rant R410A. Les commandes \u00e9lectroniques vous permettront de choisir et d\u2019alterner l\u2019une ou l\u2019autre des deux vitesses de ventilation \u00e0 volont\u00e9. Gr\u00e2ce au dispositif de red\u00e9marrage automatique, ce mod\u00e8le continuera \u00e0 fonctionner jusqu\u2019\u00e0 ce que la temp\u00e9rature atteigne 5\u00b0C (41\u00b0F). Les filtres amovibles contribuent \u00e0 faciliter le nettoyage de l\u2019appareil et les roulettes font en sorte qu\u2019il se transporte ais\u00e9ment d\u2019une pi\u00e8ce \u00e0 l\u2019autre. Pour couronner le tout, cet attrayant d\u00e9shumidificateur est couvert par une garantie de 24 mois sur les pi\u00e8ces et la main-d\u2019\u0153uvre.","og_url":"https:\/\/www.danby.com\/fr\/products\/deshumidificateurs\/ddr60b3wp\/","og_site_name":"Danby - Canada - French","article_publisher":"https:\/\/www.facebook.com\/DanbyAppliances","article_modified_time":"2026-04-11T10:02:42+00:00","og_image":[{"width":300,"height":272,"url":"https:\/\/cdnweb.danby.com\/wp-content\/uploads\/sites\/2\/2022\/02\/08205552\/Medium-DDR30_45_60_70B3WP-2.jpg","type":"image\/jpeg"}],"twitter_card":"summary_large_image","twitter_site":"@DanbyAppliance","schema":{"@context":"https:\/\/schema.org","@graph":[{"@type":["WebPage","ItemPage"],"url":"https:\/\/www.danby.com\/fr\/products\/deshumidificateurs\/ddr60b3wp\/","name":"Premiere 60 Pinte D\u00e9shumidificateur - DDR60B3WP | Danby Canada","isPartOf":[],"primaryImageOfPage":[],"image":[],"thumbnailUrl":"https:\/\/cdnweb.danby.com\/wp-content\/uploads\/sites\/2\/2022\/02\/08205552\/Medium-DDR30_45_60_70B3WP-2.jpg","datePublished":"2022-02-03T19:17:08+00:00","dateModified":"2026-04-11T10:02:42+00:00","description":"Personne ne veut vivre dans une demeure humide. Une solution s\u2019offre \u00e0 vous, gr\u00e2ce \u00e0 ce d\u00e9shumidificateur Danby haut de gamme. Cet appareil, d\u2019une capacit\u00e9 de 28,4 litres (60 chopines), donne son meilleur rendement lorsqu\u2019il fonctionne dans des surfaces allant jusqu\u2019\u00e0 4 000 pi2. Il est \u00e0 la fois \u00e9conerg\u00e9tique et \u00e9cologique, gr\u00e2ce \u00e0 son homologation Energy Star\u00ae coupl\u00e9e au r\u00e9frig\u00e9rant R410A. Les commandes \u00e9lectroniques vous permettront de choisir et d\u2019alterner l\u2019une ou l\u2019autre des deux vitesses de ventilation \u00e0 volont\u00e9. Gr\u00e2ce au dispositif de red\u00e9marrage automatique, ce mod\u00e8le continuera \u00e0 fonctionner jusqu\u2019\u00e0 ce que la temp\u00e9rature atteigne 5\u00b0C (41\u00b0F). Les filtres amovibles contribuent \u00e0 faciliter le nettoyage de l\u2019appareil et les roulettes font en sorte qu\u2019il se transporte ais\u00e9ment d\u2019une pi\u00e8ce \u00e0 l\u2019autre. Pour couronner le tout, cet attrayant d\u00e9shumidificateur est couvert par une garantie de 24 mois sur les pi\u00e8ces et la main-d\u2019\u0153uvre.","breadcrumb":[],"inLanguage":"fr-CA","potentialAction":[{"@type":"ReadAction","target":["https:\/\/www.danby.com\/fr\/products\/deshumidificateurs\/ddr60b3wp\/"]}]},{"@type":"ImageObject","inLanguage":"fr-CA","url":"https:\/\/cdnweb.danby.com\/wp-content\/uploads\/sites\/2\/2022\/02\/08205552\/Medium-DDR30_45_60_70B3WP-2.jpg","contentUrl":"https:\/\/cdnweb.danby.com\/wp-content\/uploads\/sites\/2\/2022\/02\/08205552\/Medium-DDR30_45_60_70B3WP-2.jpg","width":300,"height":272},{"@type":"BreadcrumbList","itemListElement":[{"@type":"ListItem","position":1,"name":"Home","item":"https:\/\/www.danby.com\/fr\/"},{"@type":"ListItem","position":2,"name":"Boutique","item":"https:\/\/www.danby.com\/fr\/boutique\/"},{"@type":"ListItem","position":3,"name":"Premiere 60 Pinte D\u00e9shumidificateur"}]},{"@type":"WebSite","url":"https:\/\/www.danby.com\/fr\/","name":"Danby - Canada - French","description":"Leader dans le domaine de la r\u00e9frig\u00e9ration et des appareils sp\u00e9cialis\u00e9s","publisher":[],"potentialAction":[{"@type":"SearchAction","target":{"@type":"EntryPoint","urlTemplate":"https:\/\/www.danby.com\/fr\/?s={search_term_string}"},"query-input":{"@type":"PropertyValueSpecification","valueRequired":true,"valueName":"search_term_string"}}],"inLanguage":"fr-CA"},{"@type":"Organization","name":"Danby Appliances","url":"https:\/\/www.danby.com\/fr\/","logo":{"@type":"ImageObject","inLanguage":"fr-CA","url":"https:\/\/cdnweb.danby.com\/wp-content\/uploads\/sites\/2\/2022\/02\/10141906\/Danby75Ans_Blue.png","contentUrl":"https:\/\/cdnweb.danby.com\/wp-content\/uploads\/sites\/2\/2022\/02\/10141906\/Danby75Ans_Blue.png","width":470,"height":110,"caption":"Danby Appliances"},"image":[],"sameAs":["https:\/\/www.facebook.com\/DanbyAppliances","https:\/\/x.com\/DanbyAppliance","https:\/\/instagram.com\/danbyappliances\/","https:\/\/www.linkedin.com\/company\/danbyappliances","https:\/\/www.pinterest.ca\/danbyappliances\/","https:\/\/www.youtube.com\/user\/DanbyProducts","https:\/\/en.wikipedia.org\/wiki\/Danby_(appliances)"]}]}},"post_mailing_queue_ids":[],"_links":{"self":[{"href":"https:\/\/www.danby.com\/fr\/wp-json\/wp\/v2\/product\/4901","targetHints":{"allow":["GET"]}}],"collection":[{"href":"https:\/\/www.danby.com\/fr\/wp-json\/wp\/v2\/product"}],"about":[{"href":"https:\/\/www.danby.com\/fr\/wp-json\/wp\/v2\/types\/product"}],"replies":[{"embeddable":true,"href":"https:\/\/www.danby.com\/fr\/wp-json\/wp\/v2\/comments?post=4901"}],"wp:featuredmedia":[{"embeddable":true,"href":"https:\/\/www.danby.com\/fr\/wp-json\/wp\/v2\/media\/8576"}],"wp:attachment":[{"href":"https:\/\/www.danby.com\/fr\/wp-json\/wp\/v2\/media?parent=4901"}],"wp:term":[{"taxonomy":"product_brand","embeddable":true,"href":"https:\/\/www.danby.com\/fr\/wp-json\/wp\/v2\/product_brand?post=4901"},{"taxonomy":"product_cat","embeddable":true,"href":"https:\/\/www.danby.com\/fr\/wp-json\/wp\/v2\/product_cat?post=4901"},{"taxonomy":"product_tag","embeddable":true,"href":"https:\/\/www.danby.com\/fr\/wp-json\/wp\/v2\/product_tag?post=4901"}],"curies":[{"name":"wp","href":"https:\/\/api.w.org\/{rel}","templated":true}]}}