{"id":4896,"date":"2022-02-03T19:17:00","date_gmt":"2022-02-03T19:17:00","guid":{"rendered":"https:\/\/www.danby.com\/fr\/product\/ddr50b3wp\/"},"modified":"2026-05-01T10:07:49","modified_gmt":"2026-05-01T10:07:49","slug":"ddr50b3wp","status":"publish","type":"product","link":"https:\/\/www.danby.com\/fr\/products\/deshumidificateurs\/ddr50b3wp\/","title":{"rendered":"Premiere 50 Pinte D\u00e9shumidificateur"},"content":{"rendered":"","protected":false},"excerpt":{"rendered":"<ul>\n<li>Capacit\u00e9 de 23.7 litres (50 pintes am\u00e9ricaines) par 24 heures <\/li>\n<li>Pour des surfaces allant jusqu&#8217;\u00e0 3,000 pi2, d\u00e9pendant des conditions <\/li>\n<li>Homologu\u00e9 Energy StarMD <\/li>\n<li>R\u00e9frig\u00e9rant R410a respectueux de l&#8217;environnement <\/li>\n<li>Commandes \u00e9lectroniques <\/li>\n<li>Fonctionnement silencieux <\/li>\n<li>R\u00e9glages de l&#8217;humidit\u00e9 <\/li>\n<li>D\u00e9givreur automatique emp\u00eachant l&#8217;accumulation de glace sur les serpentins <\/li>\n<li>Filtre \u00e0 air amovible, ais\u00e9 \u00e0 nettoyer <\/li>\n<li>Roulettes pivotantes pour faciliter la portabilit\u00e9<\/li>\n<\/ul>\n","protected":false},"featured_media":8555,"comment_status":"closed","ping_status":"open","template":"","meta":{"_acf_changed":false},"product_brand":[],"product_cat":[23],"product_tag":[],"class_list":{"0":"post-4896","1":"product","2":"type-product","3":"status-publish","4":"has-post-thumbnail","6":"product_cat-deshumidificateurs","8":"first","9":"outofstock","10":"taxable","11":"shipping-taxable","12":"product-type-simple"},"acf":[],"yoast_head":"<!-- This site is optimized with the Yoast SEO plugin v27.5 - https:\/\/yoast.com\/product\/yoast-seo-wordpress\/ -->\n<title>Premiere 50 Pinte D\u00e9shumidificateur - DDR50B3WP | Danby Canada<\/title>\n<meta name=\"description\" content=\"Lorsqu\u2019il fait chaud et humide dehors, la derni\u00e8re chose que vous avez envie de faire, c\u2019est d\u2019entrer dans une pi\u00e8ce qui rappelle cet inconfort. Avec notre d\u00e9shumidificateur chic \u00e0 la fine pointe de la mode, vous serez assur\u00e9 d\u2019une atmosph\u00e8re int\u00e9rieure parfaitement confortable. Cet appareil portatif d\u2019une capacit\u00e9 de 23,7 litres (50 chopines), peut d\u00e9barrasser de son humidit\u00e9, une pi\u00e8ce d\u2019une surface allant jusqu\u2019\u00e0 3000 pieds carr\u00e9s. Ce mod\u00e8le, qui b\u00e9n\u00e9ficie de l\u2019homologation Energy Star\u00ae et qui fonctionne gr\u00e2ce au r\u00e9frig\u00e9rant \u00e9cologique R410A, ne vous fera pas uniquement \u00e9conomiser de l\u2019\u00e9nergie mais il vous permettra aussi d\u2019\u00e9conomiser des sous. Cet appareil silencieux poss\u00e8de un filtre \u00e0 air amovible et un syst\u00e8me de d\u00e9givrage, ce qui en facilite le nettoyage. En outre, les roulettes orientables vous permettent de le d\u00e9placer ais\u00e9ment d\u2019une pi\u00e8ce \u00e0 l\u2019autre. Ce d\u00e9shumidificateur exceptionnel est assorti d\u2019une garantie de 24 mois sur les pi\u00e8ces et la main-d\u2019\u0153uvre.\" \/>\n<meta name=\"robots\" content=\"index, follow, max-snippet:-1, max-image-preview:large, max-video-preview:-1\" \/>\n<link rel=\"canonical\" href=\"https:\/\/www.danby.com\/fr\/products\/deshumidificateurs\/ddr50b3wp\/\" \/>\n<meta property=\"og:locale\" content=\"fr_CA\" \/>\n<meta property=\"og:type\" content=\"article\" \/>\n<meta property=\"og:title\" content=\"Premiere 50 Pinte D\u00e9shumidificateur - DDR50B3WP | Danby Canada\" \/>\n<meta property=\"og:description\" content=\"Lorsqu\u2019il fait chaud et humide dehors, la derni\u00e8re chose que vous avez envie de faire, c\u2019est d\u2019entrer dans une pi\u00e8ce qui rappelle cet inconfort. Avec notre d\u00e9shumidificateur chic \u00e0 la fine pointe de la mode, vous serez assur\u00e9 d\u2019une atmosph\u00e8re int\u00e9rieure parfaitement confortable. Cet appareil portatif d\u2019une capacit\u00e9 de 23,7 litres (50 chopines), peut d\u00e9barrasser de son humidit\u00e9, une pi\u00e8ce d\u2019une surface allant jusqu\u2019\u00e0 3000 pieds carr\u00e9s. Ce mod\u00e8le, qui b\u00e9n\u00e9ficie de l\u2019homologation Energy Star\u00ae et qui fonctionne gr\u00e2ce au r\u00e9frig\u00e9rant \u00e9cologique R410A, ne vous fera pas uniquement \u00e9conomiser de l\u2019\u00e9nergie mais il vous permettra aussi d\u2019\u00e9conomiser des sous. Cet appareil silencieux poss\u00e8de un filtre \u00e0 air amovible et un syst\u00e8me de d\u00e9givrage, ce qui en facilite le nettoyage. En outre, les roulettes orientables vous permettent de le d\u00e9placer ais\u00e9ment d\u2019une pi\u00e8ce \u00e0 l\u2019autre. Ce d\u00e9shumidificateur exceptionnel est assorti d\u2019une garantie de 24 mois sur les pi\u00e8ces et la main-d\u2019\u0153uvre.\" \/>\n<meta property=\"og:url\" content=\"https:\/\/www.danby.com\/fr\/products\/deshumidificateurs\/ddr50b3wp\/\" \/>\n<meta property=\"og:site_name\" content=\"Danby - Canada - French\" \/>\n<meta property=\"article:publisher\" content=\"https:\/\/www.facebook.com\/DanbyAppliances\" \/>\n<meta property=\"article:modified_time\" content=\"2026-05-01T10:07:49+00:00\" \/>\n<meta property=\"og:image\" content=\"https:\/\/cdnweb.danby.com\/wp-content\/uploads\/sites\/2\/2022\/02\/08205505\/Large_DDR30B3WP_front15.jpg\" \/>\n\t<meta property=\"og:image:width\" content=\"640\" \/>\n\t<meta property=\"og:image:height\" content=\"800\" \/>\n\t<meta property=\"og:image:type\" content=\"image\/jpeg\" \/>\n<meta name=\"twitter:card\" content=\"summary_large_image\" \/>\n<meta name=\"twitter:site\" content=\"@DanbyAppliance\" \/>\n<script type=\"application\/ld+json\" class=\"yoast-schema-graph\">{\"@context\":\"https:\\\/\\\/schema.org\",\"@graph\":[{\"@type\":[\"WebPage\",\"ItemPage\"],\"url\":\"https:\\\/\\\/www.danby.com\\\/fr\\\/products\\\/deshumidificateurs\\\/ddr50b3wp\\\/\",\"name\":\"Premiere 50 Pinte D\u00e9shumidificateur - DDR50B3WP | Danby Canada\",\"isPartOf\":[],\"primaryImageOfPage\":[],\"image\":[],\"thumbnailUrl\":\"https:\\\/\\\/cdnweb.danby.com\\\/wp-content\\\/uploads\\\/sites\\\/2\\\/2022\\\/02\\\/08205505\\\/Large_DDR30B3WP_front15.jpg\",\"datePublished\":\"2022-02-03T19:17:00+00:00\",\"dateModified\":\"2026-05-01T10:07:49+00:00\",\"description\":\"Lorsqu\u2019il fait chaud et humide dehors, la derni\u00e8re chose que vous avez envie de faire, c\u2019est d\u2019entrer dans une pi\u00e8ce qui rappelle cet inconfort. Avec notre d\u00e9shumidificateur chic \u00e0 la fine pointe de la mode, vous serez assur\u00e9 d\u2019une atmosph\u00e8re int\u00e9rieure parfaitement confortable. Cet appareil portatif d\u2019une capacit\u00e9 de 23,7 litres (50 chopines), peut d\u00e9barrasser de son humidit\u00e9, une pi\u00e8ce d\u2019une surface allant jusqu\u2019\u00e0 3000 pieds carr\u00e9s. Ce mod\u00e8le, qui b\u00e9n\u00e9ficie de l\u2019homologation Energy Star\u00ae et qui fonctionne gr\u00e2ce au r\u00e9frig\u00e9rant \u00e9cologique R410A, ne vous fera pas uniquement \u00e9conomiser de l\u2019\u00e9nergie mais il vous permettra aussi d\u2019\u00e9conomiser des sous. Cet appareil silencieux poss\u00e8de un filtre \u00e0 air amovible et un syst\u00e8me de d\u00e9givrage, ce qui en facilite le nettoyage. En outre, les roulettes orientables vous permettent de le d\u00e9placer ais\u00e9ment d\u2019une pi\u00e8ce \u00e0 l\u2019autre. Ce d\u00e9shumidificateur exceptionnel est assorti d\u2019une garantie de 24 mois sur les pi\u00e8ces et la main-d\u2019\u0153uvre.\",\"breadcrumb\":[],\"inLanguage\":\"fr-CA\",\"potentialAction\":[{\"@type\":\"ReadAction\",\"target\":[\"https:\\\/\\\/www.danby.com\\\/fr\\\/products\\\/deshumidificateurs\\\/ddr50b3wp\\\/\"]}]},{\"@type\":\"ImageObject\",\"inLanguage\":\"fr-CA\",\"url\":\"https:\\\/\\\/cdnweb.danby.com\\\/wp-content\\\/uploads\\\/sites\\\/2\\\/2022\\\/02\\\/08205505\\\/Large_DDR30B3WP_front15.jpg\",\"contentUrl\":\"https:\\\/\\\/cdnweb.danby.com\\\/wp-content\\\/uploads\\\/sites\\\/2\\\/2022\\\/02\\\/08205505\\\/Large_DDR30B3WP_front15.jpg\",\"width\":640,\"height\":800},{\"@type\":\"BreadcrumbList\",\"itemListElement\":[{\"@type\":\"ListItem\",\"position\":1,\"name\":\"Home\",\"item\":\"https:\\\/\\\/www.danby.com\\\/fr\\\/\"},{\"@type\":\"ListItem\",\"position\":2,\"name\":\"Boutique\",\"item\":\"https:\\\/\\\/www.danby.com\\\/fr\\\/boutique\\\/\"},{\"@type\":\"ListItem\",\"position\":3,\"name\":\"Premiere 50 Pinte D\u00e9shumidificateur\"}]},{\"@type\":\"WebSite\",\"url\":\"https:\\\/\\\/www.danby.com\\\/fr\\\/\",\"name\":\"Danby - Canada - French\",\"description\":\"Leader dans le domaine de la r\u00e9frig\u00e9ration et des appareils sp\u00e9cialis\u00e9s\",\"publisher\":[],\"potentialAction\":[{\"@type\":\"SearchAction\",\"target\":{\"@type\":\"EntryPoint\",\"urlTemplate\":\"https:\\\/\\\/www.danby.com\\\/fr\\\/?s={search_term_string}\"},\"query-input\":{\"@type\":\"PropertyValueSpecification\",\"valueRequired\":true,\"valueName\":\"search_term_string\"}}],\"inLanguage\":\"fr-CA\"},{\"@type\":\"Organization\",\"name\":\"Danby Appliances\",\"url\":\"https:\\\/\\\/www.danby.com\\\/fr\\\/\",\"logo\":{\"@type\":\"ImageObject\",\"inLanguage\":\"fr-CA\",\"url\":\"https:\\\/\\\/cdnweb.danby.com\\\/wp-content\\\/uploads\\\/sites\\\/2\\\/2022\\\/02\\\/10141906\\\/Danby75Ans_Blue.png\",\"contentUrl\":\"https:\\\/\\\/cdnweb.danby.com\\\/wp-content\\\/uploads\\\/sites\\\/2\\\/2022\\\/02\\\/10141906\\\/Danby75Ans_Blue.png\",\"width\":470,\"height\":110,\"caption\":\"Danby Appliances\"},\"image\":[],\"sameAs\":[\"https:\\\/\\\/www.facebook.com\\\/DanbyAppliances\",\"https:\\\/\\\/x.com\\\/DanbyAppliance\",\"https:\\\/\\\/instagram.com\\\/danbyappliances\\\/\",\"https:\\\/\\\/www.linkedin.com\\\/company\\\/danbyappliances\",\"https:\\\/\\\/www.pinterest.ca\\\/danbyappliances\\\/\",\"https:\\\/\\\/www.youtube.com\\\/user\\\/DanbyProducts\",\"https:\\\/\\\/en.wikipedia.org\\\/wiki\\\/Danby_(appliances)\"]}]}<\/script>\n<!-- \/ Yoast SEO plugin. -->","yoast_head_json":{"title":"Premiere 50 Pinte D\u00e9shumidificateur - DDR50B3WP | Danby Canada","description":"Lorsqu\u2019il fait chaud et humide dehors, la derni\u00e8re chose que vous avez envie de faire, c\u2019est d\u2019entrer dans une pi\u00e8ce qui rappelle cet inconfort. Avec notre d\u00e9shumidificateur chic \u00e0 la fine pointe de la mode, vous serez assur\u00e9 d\u2019une atmosph\u00e8re int\u00e9rieure parfaitement confortable. Cet appareil portatif d\u2019une capacit\u00e9 de 23,7 litres (50 chopines), peut d\u00e9barrasser de son humidit\u00e9, une pi\u00e8ce d\u2019une surface allant jusqu\u2019\u00e0 3000 pieds carr\u00e9s. Ce mod\u00e8le, qui b\u00e9n\u00e9ficie de l\u2019homologation Energy Star\u00ae et qui fonctionne gr\u00e2ce au r\u00e9frig\u00e9rant \u00e9cologique R410A, ne vous fera pas uniquement \u00e9conomiser de l\u2019\u00e9nergie mais il vous permettra aussi d\u2019\u00e9conomiser des sous. Cet appareil silencieux poss\u00e8de un filtre \u00e0 air amovible et un syst\u00e8me de d\u00e9givrage, ce qui en facilite le nettoyage. En outre, les roulettes orientables vous permettent de le d\u00e9placer ais\u00e9ment d\u2019une pi\u00e8ce \u00e0 l\u2019autre. Ce d\u00e9shumidificateur exceptionnel est assorti d\u2019une garantie de 24 mois sur les pi\u00e8ces et la main-d\u2019\u0153uvre.","robots":{"index":"index","follow":"follow","max-snippet":"max-snippet:-1","max-image-preview":"max-image-preview:large","max-video-preview":"max-video-preview:-1"},"canonical":"https:\/\/www.danby.com\/fr\/products\/deshumidificateurs\/ddr50b3wp\/","og_locale":"fr_CA","og_type":"article","og_title":"Premiere 50 Pinte D\u00e9shumidificateur - DDR50B3WP | Danby Canada","og_description":"Lorsqu\u2019il fait chaud et humide dehors, la derni\u00e8re chose que vous avez envie de faire, c\u2019est d\u2019entrer dans une pi\u00e8ce qui rappelle cet inconfort. Avec notre d\u00e9shumidificateur chic \u00e0 la fine pointe de la mode, vous serez assur\u00e9 d\u2019une atmosph\u00e8re int\u00e9rieure parfaitement confortable. Cet appareil portatif d\u2019une capacit\u00e9 de 23,7 litres (50 chopines), peut d\u00e9barrasser de son humidit\u00e9, une pi\u00e8ce d\u2019une surface allant jusqu\u2019\u00e0 3000 pieds carr\u00e9s. Ce mod\u00e8le, qui b\u00e9n\u00e9ficie de l\u2019homologation Energy Star\u00ae et qui fonctionne gr\u00e2ce au r\u00e9frig\u00e9rant \u00e9cologique R410A, ne vous fera pas uniquement \u00e9conomiser de l\u2019\u00e9nergie mais il vous permettra aussi d\u2019\u00e9conomiser des sous. Cet appareil silencieux poss\u00e8de un filtre \u00e0 air amovible et un syst\u00e8me de d\u00e9givrage, ce qui en facilite le nettoyage. En outre, les roulettes orientables vous permettent de le d\u00e9placer ais\u00e9ment d\u2019une pi\u00e8ce \u00e0 l\u2019autre. Ce d\u00e9shumidificateur exceptionnel est assorti d\u2019une garantie de 24 mois sur les pi\u00e8ces et la main-d\u2019\u0153uvre.","og_url":"https:\/\/www.danby.com\/fr\/products\/deshumidificateurs\/ddr50b3wp\/","og_site_name":"Danby - Canada - French","article_publisher":"https:\/\/www.facebook.com\/DanbyAppliances","article_modified_time":"2026-05-01T10:07:49+00:00","og_image":[{"width":640,"height":800,"url":"https:\/\/cdnweb.danby.com\/wp-content\/uploads\/sites\/2\/2022\/02\/08205505\/Large_DDR30B3WP_front15.jpg","type":"image\/jpeg"}],"twitter_card":"summary_large_image","twitter_site":"@DanbyAppliance","schema":{"@context":"https:\/\/schema.org","@graph":[{"@type":["WebPage","ItemPage"],"url":"https:\/\/www.danby.com\/fr\/products\/deshumidificateurs\/ddr50b3wp\/","name":"Premiere 50 Pinte D\u00e9shumidificateur - DDR50B3WP | Danby Canada","isPartOf":[],"primaryImageOfPage":[],"image":[],"thumbnailUrl":"https:\/\/cdnweb.danby.com\/wp-content\/uploads\/sites\/2\/2022\/02\/08205505\/Large_DDR30B3WP_front15.jpg","datePublished":"2022-02-03T19:17:00+00:00","dateModified":"2026-05-01T10:07:49+00:00","description":"Lorsqu\u2019il fait chaud et humide dehors, la derni\u00e8re chose que vous avez envie de faire, c\u2019est d\u2019entrer dans une pi\u00e8ce qui rappelle cet inconfort. Avec notre d\u00e9shumidificateur chic \u00e0 la fine pointe de la mode, vous serez assur\u00e9 d\u2019une atmosph\u00e8re int\u00e9rieure parfaitement confortable. Cet appareil portatif d\u2019une capacit\u00e9 de 23,7 litres (50 chopines), peut d\u00e9barrasser de son humidit\u00e9, une pi\u00e8ce d\u2019une surface allant jusqu\u2019\u00e0 3000 pieds carr\u00e9s. Ce mod\u00e8le, qui b\u00e9n\u00e9ficie de l\u2019homologation Energy Star\u00ae et qui fonctionne gr\u00e2ce au r\u00e9frig\u00e9rant \u00e9cologique R410A, ne vous fera pas uniquement \u00e9conomiser de l\u2019\u00e9nergie mais il vous permettra aussi d\u2019\u00e9conomiser des sous. Cet appareil silencieux poss\u00e8de un filtre \u00e0 air amovible et un syst\u00e8me de d\u00e9givrage, ce qui en facilite le nettoyage. En outre, les roulettes orientables vous permettent de le d\u00e9placer ais\u00e9ment d\u2019une pi\u00e8ce \u00e0 l\u2019autre. Ce d\u00e9shumidificateur exceptionnel est assorti d\u2019une garantie de 24 mois sur les pi\u00e8ces et la main-d\u2019\u0153uvre.","breadcrumb":[],"inLanguage":"fr-CA","potentialAction":[{"@type":"ReadAction","target":["https:\/\/www.danby.com\/fr\/products\/deshumidificateurs\/ddr50b3wp\/"]}]},{"@type":"ImageObject","inLanguage":"fr-CA","url":"https:\/\/cdnweb.danby.com\/wp-content\/uploads\/sites\/2\/2022\/02\/08205505\/Large_DDR30B3WP_front15.jpg","contentUrl":"https:\/\/cdnweb.danby.com\/wp-content\/uploads\/sites\/2\/2022\/02\/08205505\/Large_DDR30B3WP_front15.jpg","width":640,"height":800},{"@type":"BreadcrumbList","itemListElement":[{"@type":"ListItem","position":1,"name":"Home","item":"https:\/\/www.danby.com\/fr\/"},{"@type":"ListItem","position":2,"name":"Boutique","item":"https:\/\/www.danby.com\/fr\/boutique\/"},{"@type":"ListItem","position":3,"name":"Premiere 50 Pinte D\u00e9shumidificateur"}]},{"@type":"WebSite","url":"https:\/\/www.danby.com\/fr\/","name":"Danby - Canada - French","description":"Leader dans le domaine de la r\u00e9frig\u00e9ration et des appareils sp\u00e9cialis\u00e9s","publisher":[],"potentialAction":[{"@type":"SearchAction","target":{"@type":"EntryPoint","urlTemplate":"https:\/\/www.danby.com\/fr\/?s={search_term_string}"},"query-input":{"@type":"PropertyValueSpecification","valueRequired":true,"valueName":"search_term_string"}}],"inLanguage":"fr-CA"},{"@type":"Organization","name":"Danby Appliances","url":"https:\/\/www.danby.com\/fr\/","logo":{"@type":"ImageObject","inLanguage":"fr-CA","url":"https:\/\/cdnweb.danby.com\/wp-content\/uploads\/sites\/2\/2022\/02\/10141906\/Danby75Ans_Blue.png","contentUrl":"https:\/\/cdnweb.danby.com\/wp-content\/uploads\/sites\/2\/2022\/02\/10141906\/Danby75Ans_Blue.png","width":470,"height":110,"caption":"Danby Appliances"},"image":[],"sameAs":["https:\/\/www.facebook.com\/DanbyAppliances","https:\/\/x.com\/DanbyAppliance","https:\/\/instagram.com\/danbyappliances\/","https:\/\/www.linkedin.com\/company\/danbyappliances","https:\/\/www.pinterest.ca\/danbyappliances\/","https:\/\/www.youtube.com\/user\/DanbyProducts","https:\/\/en.wikipedia.org\/wiki\/Danby_(appliances)"]}]}},"post_mailing_queue_ids":[],"_links":{"self":[{"href":"https:\/\/www.danby.com\/fr\/wp-json\/wp\/v2\/product\/4896","targetHints":{"allow":["GET"]}}],"collection":[{"href":"https:\/\/www.danby.com\/fr\/wp-json\/wp\/v2\/product"}],"about":[{"href":"https:\/\/www.danby.com\/fr\/wp-json\/wp\/v2\/types\/product"}],"replies":[{"embeddable":true,"href":"https:\/\/www.danby.com\/fr\/wp-json\/wp\/v2\/comments?post=4896"}],"wp:featuredmedia":[{"embeddable":true,"href":"https:\/\/www.danby.com\/fr\/wp-json\/wp\/v2\/media\/8555"}],"wp:attachment":[{"href":"https:\/\/www.danby.com\/fr\/wp-json\/wp\/v2\/media?parent=4896"}],"wp:term":[{"taxonomy":"product_brand","embeddable":true,"href":"https:\/\/www.danby.com\/fr\/wp-json\/wp\/v2\/product_brand?post=4896"},{"taxonomy":"product_cat","embeddable":true,"href":"https:\/\/www.danby.com\/fr\/wp-json\/wp\/v2\/product_cat?post=4896"},{"taxonomy":"product_tag","embeddable":true,"href":"https:\/\/www.danby.com\/fr\/wp-json\/wp\/v2\/product_tag?post=4896"}],"curies":[{"name":"wp","href":"https:\/\/api.w.org\/{rel}","templated":true}]}}