{"id":4893,"date":"2022-02-03T19:17:00","date_gmt":"2022-02-03T19:17:00","guid":{"rendered":"https:\/\/www.danby.com\/fr\/product\/ddr45b3wp\/"},"modified":"2026-05-02T10:08:46","modified_gmt":"2026-05-02T10:08:46","slug":"ddr45b3wp","status":"publish","type":"product","link":"https:\/\/www.danby.com\/fr\/products\/deshumidificateurs\/ddr45b3wp\/","title":{"rendered":"Premiere 45 Pinte D\u00e9shumidificateur"},"content":{"rendered":"","protected":false},"excerpt":{"rendered":"<ul>\n<li>Capacit\u00e9 de 21,3 litres (45 pintes am\u00e9ricaines) par 24 heures <\/li>\n<li>Pour des surfaces allant jusqu&#8217;\u00e0 2,500 pi2, d\u00e9pendant des conditions <\/li>\n<li>Homologu\u00e9 Energy StarMD <\/li>\n<li>R\u00e9frig\u00e9rant R410a respectueux de l&#8217;environnement <\/li>\n<li>Commandes \u00e9lectroniques <\/li>\n<li>R\u00e9glages de l&#8217;humidit\u00e9 <\/li>\n<li>Fonctionnement silencieux <\/li>\n<li>D\u00e9givreur automatique emp\u00eachant l&#8217;accumulation de glace sur les serpentins <\/li>\n<li>Filtre \u00e0 air amovible, ais\u00e9 \u00e0 nettoyer <\/li>\n<li>2 vitesses du ventilateur <\/li>\n<li>Fonction de basse temp\u00e9rature, permettant au syst\u00e8me de fonctionner jusqu&#8217;\u00e0 ce que la temp\u00e9rature atteigne 5\u00baC <\/li>\n<li>Caract\u00e9ristique de vidange directe pour le fonctionnement continu <\/li>\n<li>Roulettes pivotantes pour faciliter la portabilit\u00e9<\/li>\n<\/ul>\n","protected":false},"featured_media":8555,"comment_status":"closed","ping_status":"open","template":"","meta":{"_acf_changed":false},"product_brand":[],"product_cat":[23],"product_tag":[],"class_list":{"0":"post-4893","1":"product","2":"type-product","3":"status-publish","4":"has-post-thumbnail","6":"product_cat-deshumidificateurs","8":"first","9":"outofstock","10":"taxable","11":"shipping-taxable","12":"product-type-simple"},"acf":[],"yoast_head":"<!-- This site is optimized with the Yoast SEO plugin v27.5 - https:\/\/yoast.com\/product\/yoast-seo-wordpress\/ -->\n<title>Premiere 45 Pinte D\u00e9shumidificateur - DDR45B3WP | Danby Canada<\/title>\n<meta name=\"description\" content=\"\u00c9tats-Unis.Gr\u00e2ce \u00e0 ce d\u00e9shumidificateur Danby, d\u2019une capacit\u00e9 de 21,3 litres (45 chopines), vous n\u2019aurez plus \u00e0 vous soucier sur le fait que le sous-sol, le bureau ou une autre pi\u00e8ce de votre maison soit trop humide. Cet appareil est parfaitement ad\u00e9quat pour qui veut se d\u00e9barrasser d\u2019un exc\u00e8s d\u2019humidit\u00e9 dans des zones d\u2019une superficie allant jusqu\u2019\u00e0 2 500 pi2. Son homologation Energy Star\u00ae, vous permet de r\u00e9duire vos factures d\u2019\u00e9lectricit\u00e9 et le fait qu\u2019il fonctionne gr\u00e2ce au r\u00e9frig\u00e9rant R410A, un produit \u00e9cologique, contribue \u00e0 votre tranquillit\u00e9 d\u2019esprit. Ce mod\u00e8le au style \u00e9pur\u00e9 poss\u00e8de un dispositif d\u2019humidification r\u00e9glable et deux vitesses de ventilation contr\u00f4l\u00e9es \u00e9lectroniquement. De plus, il continuera \u00e0 fonctionner en silence, jusqu\u2019\u00e0 ce que la temp\u00e9rature atteigne 5\u00b0C (41\u00b0F), gr\u00e2ce \u00e0 un dispositif de basse temp\u00e9rature d\u2019une grande pr\u00e9cision. Son syst\u00e8me d\u2019\u00e9vacuation directe et son filtre amovible simplifient le nettoyage de l\u2019appareil et ses roulettes qui fonctionnent ais\u00e9ment transforment son d\u00e9placement en un jeu d\u2019enfant. Il est pourvu d\u2019une garantie de 24 mois couvrant les pi\u00e8ces et la main-d\u2019\u0153uvre, incluant le service en atelier. L\u2019installation et\/ou l\u2019entretien annuel (nettoyage) ne sont pas compris.\" \/>\n<meta name=\"robots\" content=\"index, follow, max-snippet:-1, max-image-preview:large, max-video-preview:-1\" \/>\n<link rel=\"canonical\" href=\"https:\/\/www.danby.com\/fr\/products\/deshumidificateurs\/ddr45b3wp\/\" \/>\n<meta property=\"og:locale\" content=\"fr_CA\" \/>\n<meta property=\"og:type\" content=\"article\" \/>\n<meta property=\"og:title\" content=\"Premiere 45 Pinte D\u00e9shumidificateur - DDR45B3WP | Danby Canada\" \/>\n<meta property=\"og:description\" content=\"\u00c9tats-Unis.Gr\u00e2ce \u00e0 ce d\u00e9shumidificateur Danby, d\u2019une capacit\u00e9 de 21,3 litres (45 chopines), vous n\u2019aurez plus \u00e0 vous soucier sur le fait que le sous-sol, le bureau ou une autre pi\u00e8ce de votre maison soit trop humide. Cet appareil est parfaitement ad\u00e9quat pour qui veut se d\u00e9barrasser d\u2019un exc\u00e8s d\u2019humidit\u00e9 dans des zones d\u2019une superficie allant jusqu\u2019\u00e0 2 500 pi2. Son homologation Energy Star\u00ae, vous permet de r\u00e9duire vos factures d\u2019\u00e9lectricit\u00e9 et le fait qu\u2019il fonctionne gr\u00e2ce au r\u00e9frig\u00e9rant R410A, un produit \u00e9cologique, contribue \u00e0 votre tranquillit\u00e9 d\u2019esprit. Ce mod\u00e8le au style \u00e9pur\u00e9 poss\u00e8de un dispositif d\u2019humidification r\u00e9glable et deux vitesses de ventilation contr\u00f4l\u00e9es \u00e9lectroniquement. De plus, il continuera \u00e0 fonctionner en silence, jusqu\u2019\u00e0 ce que la temp\u00e9rature atteigne 5\u00b0C (41\u00b0F), gr\u00e2ce \u00e0 un dispositif de basse temp\u00e9rature d\u2019une grande pr\u00e9cision. Son syst\u00e8me d\u2019\u00e9vacuation directe et son filtre amovible simplifient le nettoyage de l\u2019appareil et ses roulettes qui fonctionnent ais\u00e9ment transforment son d\u00e9placement en un jeu d\u2019enfant. Il est pourvu d\u2019une garantie de 24 mois couvrant les pi\u00e8ces et la main-d\u2019\u0153uvre, incluant le service en atelier. L\u2019installation et\/ou l\u2019entretien annuel (nettoyage) ne sont pas compris.\" \/>\n<meta property=\"og:url\" content=\"https:\/\/www.danby.com\/fr\/products\/deshumidificateurs\/ddr45b3wp\/\" \/>\n<meta property=\"og:site_name\" content=\"Danby - Canada - French\" \/>\n<meta property=\"article:publisher\" content=\"https:\/\/www.facebook.com\/DanbyAppliances\" \/>\n<meta property=\"article:modified_time\" content=\"2026-05-02T10:08:46+00:00\" \/>\n<meta property=\"og:image\" content=\"https:\/\/cdnweb.danby.com\/wp-content\/uploads\/sites\/2\/2022\/02\/08205505\/Large_DDR30B3WP_front15.jpg\" \/>\n\t<meta property=\"og:image:width\" content=\"640\" \/>\n\t<meta property=\"og:image:height\" content=\"800\" \/>\n\t<meta property=\"og:image:type\" content=\"image\/jpeg\" \/>\n<meta name=\"twitter:card\" content=\"summary_large_image\" \/>\n<meta name=\"twitter:site\" content=\"@DanbyAppliance\" \/>\n<script type=\"application\/ld+json\" class=\"yoast-schema-graph\">{\"@context\":\"https:\\\/\\\/schema.org\",\"@graph\":[{\"@type\":[\"WebPage\",\"ItemPage\"],\"url\":\"https:\\\/\\\/www.danby.com\\\/fr\\\/products\\\/deshumidificateurs\\\/ddr45b3wp\\\/\",\"name\":\"Premiere 45 Pinte D\u00e9shumidificateur - DDR45B3WP | Danby Canada\",\"isPartOf\":[],\"primaryImageOfPage\":[],\"image\":[],\"thumbnailUrl\":\"https:\\\/\\\/cdnweb.danby.com\\\/wp-content\\\/uploads\\\/sites\\\/2\\\/2022\\\/02\\\/08205505\\\/Large_DDR30B3WP_front15.jpg\",\"datePublished\":\"2022-02-03T19:17:00+00:00\",\"dateModified\":\"2026-05-02T10:08:46+00:00\",\"description\":\"\u00c9tats-Unis.Gr\u00e2ce \u00e0 ce d\u00e9shumidificateur Danby, d\u2019une capacit\u00e9 de 21,3 litres (45 chopines), vous n\u2019aurez plus \u00e0 vous soucier sur le fait que le sous-sol, le bureau ou une autre pi\u00e8ce de votre maison soit trop humide. Cet appareil est parfaitement ad\u00e9quat pour qui veut se d\u00e9barrasser d\u2019un exc\u00e8s d\u2019humidit\u00e9 dans des zones d\u2019une superficie allant jusqu\u2019\u00e0 2 500 pi2. Son homologation Energy Star\u00ae, vous permet de r\u00e9duire vos factures d\u2019\u00e9lectricit\u00e9 et le fait qu\u2019il fonctionne gr\u00e2ce au r\u00e9frig\u00e9rant R410A, un produit \u00e9cologique, contribue \u00e0 votre tranquillit\u00e9 d\u2019esprit. Ce mod\u00e8le au style \u00e9pur\u00e9 poss\u00e8de un dispositif d\u2019humidification r\u00e9glable et deux vitesses de ventilation contr\u00f4l\u00e9es \u00e9lectroniquement. De plus, il continuera \u00e0 fonctionner en silence, jusqu\u2019\u00e0 ce que la temp\u00e9rature atteigne 5\u00b0C (41\u00b0F), gr\u00e2ce \u00e0 un dispositif de basse temp\u00e9rature d\u2019une grande pr\u00e9cision. Son syst\u00e8me d\u2019\u00e9vacuation directe et son filtre amovible simplifient le nettoyage de l\u2019appareil et ses roulettes qui fonctionnent ais\u00e9ment transforment son d\u00e9placement en un jeu d\u2019enfant. Il est pourvu d\u2019une garantie de 24 mois couvrant les pi\u00e8ces et la main-d\u2019\u0153uvre, incluant le service en atelier. L\u2019installation et\\\/ou l\u2019entretien annuel (nettoyage) ne sont pas compris.\",\"breadcrumb\":[],\"inLanguage\":\"fr-CA\",\"potentialAction\":[{\"@type\":\"ReadAction\",\"target\":[\"https:\\\/\\\/www.danby.com\\\/fr\\\/products\\\/deshumidificateurs\\\/ddr45b3wp\\\/\"]}]},{\"@type\":\"ImageObject\",\"inLanguage\":\"fr-CA\",\"url\":\"https:\\\/\\\/cdnweb.danby.com\\\/wp-content\\\/uploads\\\/sites\\\/2\\\/2022\\\/02\\\/08205505\\\/Large_DDR30B3WP_front15.jpg\",\"contentUrl\":\"https:\\\/\\\/cdnweb.danby.com\\\/wp-content\\\/uploads\\\/sites\\\/2\\\/2022\\\/02\\\/08205505\\\/Large_DDR30B3WP_front15.jpg\",\"width\":640,\"height\":800},{\"@type\":\"BreadcrumbList\",\"itemListElement\":[{\"@type\":\"ListItem\",\"position\":1,\"name\":\"Home\",\"item\":\"https:\\\/\\\/www.danby.com\\\/fr\\\/\"},{\"@type\":\"ListItem\",\"position\":2,\"name\":\"Boutique\",\"item\":\"https:\\\/\\\/www.danby.com\\\/fr\\\/boutique\\\/\"},{\"@type\":\"ListItem\",\"position\":3,\"name\":\"Premiere 45 Pinte D\u00e9shumidificateur\"}]},{\"@type\":\"WebSite\",\"url\":\"https:\\\/\\\/www.danby.com\\\/fr\\\/\",\"name\":\"Danby - Canada - French\",\"description\":\"Leader dans le domaine de la r\u00e9frig\u00e9ration et des appareils sp\u00e9cialis\u00e9s\",\"publisher\":[],\"potentialAction\":[{\"@type\":\"SearchAction\",\"target\":{\"@type\":\"EntryPoint\",\"urlTemplate\":\"https:\\\/\\\/www.danby.com\\\/fr\\\/?s={search_term_string}\"},\"query-input\":{\"@type\":\"PropertyValueSpecification\",\"valueRequired\":true,\"valueName\":\"search_term_string\"}}],\"inLanguage\":\"fr-CA\"},{\"@type\":\"Organization\",\"name\":\"Danby Appliances\",\"url\":\"https:\\\/\\\/www.danby.com\\\/fr\\\/\",\"logo\":{\"@type\":\"ImageObject\",\"inLanguage\":\"fr-CA\",\"url\":\"https:\\\/\\\/cdnweb.danby.com\\\/wp-content\\\/uploads\\\/sites\\\/2\\\/2022\\\/02\\\/10141906\\\/Danby75Ans_Blue.png\",\"contentUrl\":\"https:\\\/\\\/cdnweb.danby.com\\\/wp-content\\\/uploads\\\/sites\\\/2\\\/2022\\\/02\\\/10141906\\\/Danby75Ans_Blue.png\",\"width\":470,\"height\":110,\"caption\":\"Danby Appliances\"},\"image\":[],\"sameAs\":[\"https:\\\/\\\/www.facebook.com\\\/DanbyAppliances\",\"https:\\\/\\\/x.com\\\/DanbyAppliance\",\"https:\\\/\\\/instagram.com\\\/danbyappliances\\\/\",\"https:\\\/\\\/www.linkedin.com\\\/company\\\/danbyappliances\",\"https:\\\/\\\/www.pinterest.ca\\\/danbyappliances\\\/\",\"https:\\\/\\\/www.youtube.com\\\/user\\\/DanbyProducts\",\"https:\\\/\\\/en.wikipedia.org\\\/wiki\\\/Danby_(appliances)\"]}]}<\/script>\n<!-- \/ Yoast SEO plugin. -->","yoast_head_json":{"title":"Premiere 45 Pinte D\u00e9shumidificateur - DDR45B3WP | Danby Canada","description":"\u00c9tats-Unis.Gr\u00e2ce \u00e0 ce d\u00e9shumidificateur Danby, d\u2019une capacit\u00e9 de 21,3 litres (45 chopines), vous n\u2019aurez plus \u00e0 vous soucier sur le fait que le sous-sol, le bureau ou une autre pi\u00e8ce de votre maison soit trop humide. Cet appareil est parfaitement ad\u00e9quat pour qui veut se d\u00e9barrasser d\u2019un exc\u00e8s d\u2019humidit\u00e9 dans des zones d\u2019une superficie allant jusqu\u2019\u00e0 2 500 pi2. Son homologation Energy Star\u00ae, vous permet de r\u00e9duire vos factures d\u2019\u00e9lectricit\u00e9 et le fait qu\u2019il fonctionne gr\u00e2ce au r\u00e9frig\u00e9rant R410A, un produit \u00e9cologique, contribue \u00e0 votre tranquillit\u00e9 d\u2019esprit. Ce mod\u00e8le au style \u00e9pur\u00e9 poss\u00e8de un dispositif d\u2019humidification r\u00e9glable et deux vitesses de ventilation contr\u00f4l\u00e9es \u00e9lectroniquement. De plus, il continuera \u00e0 fonctionner en silence, jusqu\u2019\u00e0 ce que la temp\u00e9rature atteigne 5\u00b0C (41\u00b0F), gr\u00e2ce \u00e0 un dispositif de basse temp\u00e9rature d\u2019une grande pr\u00e9cision. Son syst\u00e8me d\u2019\u00e9vacuation directe et son filtre amovible simplifient le nettoyage de l\u2019appareil et ses roulettes qui fonctionnent ais\u00e9ment transforment son d\u00e9placement en un jeu d\u2019enfant. Il est pourvu d\u2019une garantie de 24 mois couvrant les pi\u00e8ces et la main-d\u2019\u0153uvre, incluant le service en atelier. L\u2019installation et\/ou l\u2019entretien annuel (nettoyage) ne sont pas compris.","robots":{"index":"index","follow":"follow","max-snippet":"max-snippet:-1","max-image-preview":"max-image-preview:large","max-video-preview":"max-video-preview:-1"},"canonical":"https:\/\/www.danby.com\/fr\/products\/deshumidificateurs\/ddr45b3wp\/","og_locale":"fr_CA","og_type":"article","og_title":"Premiere 45 Pinte D\u00e9shumidificateur - DDR45B3WP | Danby Canada","og_description":"\u00c9tats-Unis.Gr\u00e2ce \u00e0 ce d\u00e9shumidificateur Danby, d\u2019une capacit\u00e9 de 21,3 litres (45 chopines), vous n\u2019aurez plus \u00e0 vous soucier sur le fait que le sous-sol, le bureau ou une autre pi\u00e8ce de votre maison soit trop humide. Cet appareil est parfaitement ad\u00e9quat pour qui veut se d\u00e9barrasser d\u2019un exc\u00e8s d\u2019humidit\u00e9 dans des zones d\u2019une superficie allant jusqu\u2019\u00e0 2 500 pi2. Son homologation Energy Star\u00ae, vous permet de r\u00e9duire vos factures d\u2019\u00e9lectricit\u00e9 et le fait qu\u2019il fonctionne gr\u00e2ce au r\u00e9frig\u00e9rant R410A, un produit \u00e9cologique, contribue \u00e0 votre tranquillit\u00e9 d\u2019esprit. Ce mod\u00e8le au style \u00e9pur\u00e9 poss\u00e8de un dispositif d\u2019humidification r\u00e9glable et deux vitesses de ventilation contr\u00f4l\u00e9es \u00e9lectroniquement. De plus, il continuera \u00e0 fonctionner en silence, jusqu\u2019\u00e0 ce que la temp\u00e9rature atteigne 5\u00b0C (41\u00b0F), gr\u00e2ce \u00e0 un dispositif de basse temp\u00e9rature d\u2019une grande pr\u00e9cision. Son syst\u00e8me d\u2019\u00e9vacuation directe et son filtre amovible simplifient le nettoyage de l\u2019appareil et ses roulettes qui fonctionnent ais\u00e9ment transforment son d\u00e9placement en un jeu d\u2019enfant. Il est pourvu d\u2019une garantie de 24 mois couvrant les pi\u00e8ces et la main-d\u2019\u0153uvre, incluant le service en atelier. L\u2019installation et\/ou l\u2019entretien annuel (nettoyage) ne sont pas compris.","og_url":"https:\/\/www.danby.com\/fr\/products\/deshumidificateurs\/ddr45b3wp\/","og_site_name":"Danby - Canada - French","article_publisher":"https:\/\/www.facebook.com\/DanbyAppliances","article_modified_time":"2026-05-02T10:08:46+00:00","og_image":[{"width":640,"height":800,"url":"https:\/\/cdnweb.danby.com\/wp-content\/uploads\/sites\/2\/2022\/02\/08205505\/Large_DDR30B3WP_front15.jpg","type":"image\/jpeg"}],"twitter_card":"summary_large_image","twitter_site":"@DanbyAppliance","schema":{"@context":"https:\/\/schema.org","@graph":[{"@type":["WebPage","ItemPage"],"url":"https:\/\/www.danby.com\/fr\/products\/deshumidificateurs\/ddr45b3wp\/","name":"Premiere 45 Pinte D\u00e9shumidificateur - DDR45B3WP | Danby Canada","isPartOf":[],"primaryImageOfPage":[],"image":[],"thumbnailUrl":"https:\/\/cdnweb.danby.com\/wp-content\/uploads\/sites\/2\/2022\/02\/08205505\/Large_DDR30B3WP_front15.jpg","datePublished":"2022-02-03T19:17:00+00:00","dateModified":"2026-05-02T10:08:46+00:00","description":"\u00c9tats-Unis.Gr\u00e2ce \u00e0 ce d\u00e9shumidificateur Danby, d\u2019une capacit\u00e9 de 21,3 litres (45 chopines), vous n\u2019aurez plus \u00e0 vous soucier sur le fait que le sous-sol, le bureau ou une autre pi\u00e8ce de votre maison soit trop humide. Cet appareil est parfaitement ad\u00e9quat pour qui veut se d\u00e9barrasser d\u2019un exc\u00e8s d\u2019humidit\u00e9 dans des zones d\u2019une superficie allant jusqu\u2019\u00e0 2 500 pi2. Son homologation Energy Star\u00ae, vous permet de r\u00e9duire vos factures d\u2019\u00e9lectricit\u00e9 et le fait qu\u2019il fonctionne gr\u00e2ce au r\u00e9frig\u00e9rant R410A, un produit \u00e9cologique, contribue \u00e0 votre tranquillit\u00e9 d\u2019esprit. Ce mod\u00e8le au style \u00e9pur\u00e9 poss\u00e8de un dispositif d\u2019humidification r\u00e9glable et deux vitesses de ventilation contr\u00f4l\u00e9es \u00e9lectroniquement. De plus, il continuera \u00e0 fonctionner en silence, jusqu\u2019\u00e0 ce que la temp\u00e9rature atteigne 5\u00b0C (41\u00b0F), gr\u00e2ce \u00e0 un dispositif de basse temp\u00e9rature d\u2019une grande pr\u00e9cision. Son syst\u00e8me d\u2019\u00e9vacuation directe et son filtre amovible simplifient le nettoyage de l\u2019appareil et ses roulettes qui fonctionnent ais\u00e9ment transforment son d\u00e9placement en un jeu d\u2019enfant. Il est pourvu d\u2019une garantie de 24 mois couvrant les pi\u00e8ces et la main-d\u2019\u0153uvre, incluant le service en atelier. L\u2019installation et\/ou l\u2019entretien annuel (nettoyage) ne sont pas compris.","breadcrumb":[],"inLanguage":"fr-CA","potentialAction":[{"@type":"ReadAction","target":["https:\/\/www.danby.com\/fr\/products\/deshumidificateurs\/ddr45b3wp\/"]}]},{"@type":"ImageObject","inLanguage":"fr-CA","url":"https:\/\/cdnweb.danby.com\/wp-content\/uploads\/sites\/2\/2022\/02\/08205505\/Large_DDR30B3WP_front15.jpg","contentUrl":"https:\/\/cdnweb.danby.com\/wp-content\/uploads\/sites\/2\/2022\/02\/08205505\/Large_DDR30B3WP_front15.jpg","width":640,"height":800},{"@type":"BreadcrumbList","itemListElement":[{"@type":"ListItem","position":1,"name":"Home","item":"https:\/\/www.danby.com\/fr\/"},{"@type":"ListItem","position":2,"name":"Boutique","item":"https:\/\/www.danby.com\/fr\/boutique\/"},{"@type":"ListItem","position":3,"name":"Premiere 45 Pinte D\u00e9shumidificateur"}]},{"@type":"WebSite","url":"https:\/\/www.danby.com\/fr\/","name":"Danby - Canada - French","description":"Leader dans le domaine de la r\u00e9frig\u00e9ration et des appareils sp\u00e9cialis\u00e9s","publisher":[],"potentialAction":[{"@type":"SearchAction","target":{"@type":"EntryPoint","urlTemplate":"https:\/\/www.danby.com\/fr\/?s={search_term_string}"},"query-input":{"@type":"PropertyValueSpecification","valueRequired":true,"valueName":"search_term_string"}}],"inLanguage":"fr-CA"},{"@type":"Organization","name":"Danby Appliances","url":"https:\/\/www.danby.com\/fr\/","logo":{"@type":"ImageObject","inLanguage":"fr-CA","url":"https:\/\/cdnweb.danby.com\/wp-content\/uploads\/sites\/2\/2022\/02\/10141906\/Danby75Ans_Blue.png","contentUrl":"https:\/\/cdnweb.danby.com\/wp-content\/uploads\/sites\/2\/2022\/02\/10141906\/Danby75Ans_Blue.png","width":470,"height":110,"caption":"Danby Appliances"},"image":[],"sameAs":["https:\/\/www.facebook.com\/DanbyAppliances","https:\/\/x.com\/DanbyAppliance","https:\/\/instagram.com\/danbyappliances\/","https:\/\/www.linkedin.com\/company\/danbyappliances","https:\/\/www.pinterest.ca\/danbyappliances\/","https:\/\/www.youtube.com\/user\/DanbyProducts","https:\/\/en.wikipedia.org\/wiki\/Danby_(appliances)"]}]}},"post_mailing_queue_ids":[],"_links":{"self":[{"href":"https:\/\/www.danby.com\/fr\/wp-json\/wp\/v2\/product\/4893","targetHints":{"allow":["GET"]}}],"collection":[{"href":"https:\/\/www.danby.com\/fr\/wp-json\/wp\/v2\/product"}],"about":[{"href":"https:\/\/www.danby.com\/fr\/wp-json\/wp\/v2\/types\/product"}],"replies":[{"embeddable":true,"href":"https:\/\/www.danby.com\/fr\/wp-json\/wp\/v2\/comments?post=4893"}],"wp:featuredmedia":[{"embeddable":true,"href":"https:\/\/www.danby.com\/fr\/wp-json\/wp\/v2\/media\/8555"}],"wp:attachment":[{"href":"https:\/\/www.danby.com\/fr\/wp-json\/wp\/v2\/media?parent=4893"}],"wp:term":[{"taxonomy":"product_brand","embeddable":true,"href":"https:\/\/www.danby.com\/fr\/wp-json\/wp\/v2\/product_brand?post=4893"},{"taxonomy":"product_cat","embeddable":true,"href":"https:\/\/www.danby.com\/fr\/wp-json\/wp\/v2\/product_cat?post=4893"},{"taxonomy":"product_tag","embeddable":true,"href":"https:\/\/www.danby.com\/fr\/wp-json\/wp\/v2\/product_tag?post=4893"}],"curies":[{"name":"wp","href":"https:\/\/api.w.org\/{rel}","templated":true}]}}