{"id":4891,"date":"2022-02-03T19:17:00","date_gmt":"2022-02-03T19:17:00","guid":{"rendered":"https:\/\/www.danby.com\/fr\/product\/ddr45b1gp\/"},"modified":"2026-04-13T10:04:19","modified_gmt":"2026-04-13T10:04:19","slug":"ddr45b1gp","status":"publish","type":"product","link":"https:\/\/www.danby.com\/fr\/products\/deshumidificateurs\/ddr45b1gp\/","title":{"rendered":"Premiere 45 Pinte D\u00e9shumidificateur"},"content":{"rendered":"","protected":false},"excerpt":{"rendered":"<ul>\n<li>Capacit\u00e9 de 21,3 litres (45 pintes am\u00e9ricaines) par 24 heures<\/li>\n<li>Pour des surfaces allant jusqu&#8217;\u00e0 2,500 pi2, d\u00e9pendant des conditions<\/li>\n<li>Homologu\u00e9 Energy StarMD<\/li>\n<li>R\u00e9frig\u00e9rant R410a respectueux de l&#8217;environnement<\/li>\n<li>Commandes \u00e9lectroniques<\/li>\n<li>R\u00e9glages de l&#8217;humidit\u00e9<\/li>\n<li>Fonctionnement silencieux<\/li>\n<li>D\u00e9givreur automatique emp\u00eachant l&#8217;accumulation de glace sur les serpentins<\/li>\n<li>2 vitesses du ventilateur<\/li>\n<li>Filtre \u00e0 air amovible, ais\u00e9 \u00e0 nettoyer<\/li>\n<li>Fonction de basse temp\u00e9rature, permettant au syst\u00e8me de fonctionner jusqu&#8217;\u00e0 ce que la temp\u00e9rature atteigne 5\u00baC<\/li>\n<li>Caract\u00e9ristique de vidange directe pour le fonctionnement continu<\/li>\n<li>Roulettes pivotantes pour faciliter la portabilit\u00e9<\/li>\n<\/ul>\n","protected":false},"featured_media":8561,"comment_status":"closed","ping_status":"open","template":"","meta":{"_acf_changed":false},"product_brand":[],"product_cat":[23],"product_tag":[],"class_list":{"0":"post-4891","1":"product","2":"type-product","3":"status-publish","4":"has-post-thumbnail","6":"product_cat-deshumidificateurs","8":"first","9":"outofstock","10":"taxable","11":"shipping-taxable","12":"product-type-simple"},"acf":[],"yoast_head":"<!-- This site is optimized with the Yoast SEO plugin v26.7 - https:\/\/yoast.com\/wordpress\/plugins\/seo\/ -->\n<title>Premiere 45 Pinte D\u00e9shumidificateur - DDR45B1GP | Danby Canada<\/title>\n<meta name=\"description\" content=\"Les sous-sols, les pi\u00e8ces et les bureaux humides et lugubres sont chose du pass\u00e9, gr\u00e2ce \u00e0 ce d\u00e9shumidificateur Danby raffin\u00e9 d\u2019une capacit\u00e9 de 45 chopines (21,3 litres). Cet appareil r\u00e9pond \u00e0 la recommandation du m\u00e9decin, sugg\u00e9rant que la sant\u00e9 passe par une \u00e9limination de l&#039;exc\u00e8s d&#039;humidit\u00e9 et il le fait pour des espaces allant jusqu&#039;\u00e0 2500 pieds carr\u00e9s. Vous serez en mesure de r\u00e9duire vos factures d&#039;\u00e9lectricit\u00e9 avec cet appareil intelligent, conforme \u00e0 la norme Energy Star et vous deviendrez un ami de l\u2019environnement, gr\u00e2ce au r\u00e9frig\u00e9rant R410A. L&#039;appareil dispose de fonctionnalit\u00e9s d&#039;humidit\u00e9 r\u00e9glables et d\u2019un ventilateur \u00e0 deux vitesses facilement contr\u00f4l\u00e9es \u00e9lectroniquement. Son fonctionnement silencieux ne d\u00e9rangera pas votre sommeil et vous serez en mesure de vous concentrer sur autre chose, pendant qu\u2019il fonctionne. L&#039;accumulation de glace sur les serpentins est une chose du pass\u00e9, le syst\u00e8me de d\u00e9givrage automatique \u00e9limine en effet le probl\u00e8me. Le d\u00e9shumidificateur peut continuer \u00e0 fonctionner, jusqu&#039;\u00e0 ce que la temp\u00e9rature atteigne 5\u00baC (41\u00baF), gr\u00e2ce au dispositif intelligent de fonctionnement \u00e0 basse temp\u00e9rature. Il est aussi muni d\u2019un syst\u00e8me de drainage direct et de roulettes pivotantes qui facilitent le d\u00e9placement de l\u2019appareil. Le nettoyage de ce mod\u00e8le est \u00e9galement un jeu d&#039;enfant, gr\u00e2ce au filtre \u00e0 air amovible.\" \/>\n<meta name=\"robots\" content=\"index, follow, max-snippet:-1, max-image-preview:large, max-video-preview:-1\" \/>\n<link rel=\"canonical\" href=\"https:\/\/www.danby.com\/fr\/products\/deshumidificateurs\/ddr45b1gp\/\" \/>\n<meta property=\"og:locale\" content=\"fr_CA\" \/>\n<meta property=\"og:type\" content=\"article\" \/>\n<meta property=\"og:title\" content=\"Premiere 45 Pinte D\u00e9shumidificateur - DDR45B1GP | Danby Canada\" \/>\n<meta property=\"og:description\" content=\"Les sous-sols, les pi\u00e8ces et les bureaux humides et lugubres sont chose du pass\u00e9, gr\u00e2ce \u00e0 ce d\u00e9shumidificateur Danby raffin\u00e9 d\u2019une capacit\u00e9 de 45 chopines (21,3 litres). Cet appareil r\u00e9pond \u00e0 la recommandation du m\u00e9decin, sugg\u00e9rant que la sant\u00e9 passe par une \u00e9limination de l&#039;exc\u00e8s d&#039;humidit\u00e9 et il le fait pour des espaces allant jusqu&#039;\u00e0 2500 pieds carr\u00e9s. Vous serez en mesure de r\u00e9duire vos factures d&#039;\u00e9lectricit\u00e9 avec cet appareil intelligent, conforme \u00e0 la norme Energy Star et vous deviendrez un ami de l\u2019environnement, gr\u00e2ce au r\u00e9frig\u00e9rant R410A. L&#039;appareil dispose de fonctionnalit\u00e9s d&#039;humidit\u00e9 r\u00e9glables et d\u2019un ventilateur \u00e0 deux vitesses facilement contr\u00f4l\u00e9es \u00e9lectroniquement. Son fonctionnement silencieux ne d\u00e9rangera pas votre sommeil et vous serez en mesure de vous concentrer sur autre chose, pendant qu\u2019il fonctionne. L&#039;accumulation de glace sur les serpentins est une chose du pass\u00e9, le syst\u00e8me de d\u00e9givrage automatique \u00e9limine en effet le probl\u00e8me. Le d\u00e9shumidificateur peut continuer \u00e0 fonctionner, jusqu&#039;\u00e0 ce que la temp\u00e9rature atteigne 5\u00baC (41\u00baF), gr\u00e2ce au dispositif intelligent de fonctionnement \u00e0 basse temp\u00e9rature. Il est aussi muni d\u2019un syst\u00e8me de drainage direct et de roulettes pivotantes qui facilitent le d\u00e9placement de l\u2019appareil. Le nettoyage de ce mod\u00e8le est \u00e9galement un jeu d&#039;enfant, gr\u00e2ce au filtre \u00e0 air amovible.\" \/>\n<meta property=\"og:url\" content=\"https:\/\/www.danby.com\/fr\/products\/deshumidificateurs\/ddr45b1gp\/\" \/>\n<meta property=\"og:site_name\" content=\"Danby - Canada - French\" \/>\n<meta property=\"article:publisher\" content=\"https:\/\/www.facebook.com\/DanbyAppliances\" \/>\n<meta property=\"article:modified_time\" content=\"2026-04-13T10:04:19+00:00\" \/>\n<meta property=\"og:image\" content=\"https:\/\/cdnweb.danby.com\/wp-content\/uploads\/sites\/2\/2022\/02\/08205518\/Medium-DDR45B1GP.jpg\" \/>\n\t<meta property=\"og:image:width\" content=\"300\" \/>\n\t<meta property=\"og:image:height\" content=\"272\" \/>\n\t<meta property=\"og:image:type\" content=\"image\/jpeg\" \/>\n<meta name=\"twitter:card\" content=\"summary_large_image\" \/>\n<meta name=\"twitter:site\" content=\"@DanbyAppliance\" \/>\n<script type=\"application\/ld+json\" class=\"yoast-schema-graph\">{\"@context\":\"https:\/\/schema.org\",\"@graph\":[{\"@type\":[\"WebPage\",\"ItemPage\"],\"url\":\"https:\/\/www.danby.com\/fr\/products\/deshumidificateurs\/ddr45b1gp\/\",\"name\":\"Premiere 45 Pinte D\u00e9shumidificateur - DDR45B1GP | Danby Canada\",\"isPartOf\":[],\"primaryImageOfPage\":[],\"image\":[],\"thumbnailUrl\":\"https:\/\/cdnweb.danby.com\/wp-content\/uploads\/sites\/2\/2022\/02\/08205518\/Medium-DDR45B1GP.jpg\",\"datePublished\":\"2022-02-03T19:17:00+00:00\",\"dateModified\":\"2026-04-13T10:04:19+00:00\",\"description\":\"Les sous-sols, les pi\u00e8ces et les bureaux humides et lugubres sont chose du pass\u00e9, gr\u00e2ce \u00e0 ce d\u00e9shumidificateur Danby raffin\u00e9 d\u2019une capacit\u00e9 de 45 chopines (21,3 litres). Cet appareil r\u00e9pond \u00e0 la recommandation du m\u00e9decin, sugg\u00e9rant que la sant\u00e9 passe par une \u00e9limination de l'exc\u00e8s d'humidit\u00e9 et il le fait pour des espaces allant jusqu'\u00e0 2500 pieds carr\u00e9s. Vous serez en mesure de r\u00e9duire vos factures d'\u00e9lectricit\u00e9 avec cet appareil intelligent, conforme \u00e0 la norme Energy Star et vous deviendrez un ami de l\u2019environnement, gr\u00e2ce au r\u00e9frig\u00e9rant R410A. L'appareil dispose de fonctionnalit\u00e9s d'humidit\u00e9 r\u00e9glables et d\u2019un ventilateur \u00e0 deux vitesses facilement contr\u00f4l\u00e9es \u00e9lectroniquement. Son fonctionnement silencieux ne d\u00e9rangera pas votre sommeil et vous serez en mesure de vous concentrer sur autre chose, pendant qu\u2019il fonctionne. L'accumulation de glace sur les serpentins est une chose du pass\u00e9, le syst\u00e8me de d\u00e9givrage automatique \u00e9limine en effet le probl\u00e8me. Le d\u00e9shumidificateur peut continuer \u00e0 fonctionner, jusqu'\u00e0 ce que la temp\u00e9rature atteigne 5\u00baC (41\u00baF), gr\u00e2ce au dispositif intelligent de fonctionnement \u00e0 basse temp\u00e9rature. Il est aussi muni d\u2019un syst\u00e8me de drainage direct et de roulettes pivotantes qui facilitent le d\u00e9placement de l\u2019appareil. Le nettoyage de ce mod\u00e8le est \u00e9galement un jeu d'enfant, gr\u00e2ce au filtre \u00e0 air amovible.\",\"breadcrumb\":[],\"inLanguage\":\"fr-CA\",\"potentialAction\":[{\"@type\":\"ReadAction\",\"target\":[\"https:\/\/www.danby.com\/fr\/products\/deshumidificateurs\/ddr45b1gp\/\"]}]},{\"@type\":\"ImageObject\",\"inLanguage\":\"fr-CA\",\"url\":\"https:\/\/cdnweb.danby.com\/wp-content\/uploads\/sites\/2\/2022\/02\/08205518\/Medium-DDR45B1GP.jpg\",\"contentUrl\":\"https:\/\/cdnweb.danby.com\/wp-content\/uploads\/sites\/2\/2022\/02\/08205518\/Medium-DDR45B1GP.jpg\",\"width\":300,\"height\":272},{\"@type\":\"BreadcrumbList\",\"itemListElement\":[{\"@type\":\"ListItem\",\"position\":1,\"name\":\"Home\",\"item\":\"https:\/\/www.danby.com\/fr\/\"},{\"@type\":\"ListItem\",\"position\":2,\"name\":\"Boutique\",\"item\":\"https:\/\/www.danby.com\/fr\/boutique\/\"},{\"@type\":\"ListItem\",\"position\":3,\"name\":\"Premiere 45 Pinte D\u00e9shumidificateur\"}]},{\"@type\":\"WebSite\",\"url\":\"https:\/\/www.danby.com\/fr\/\",\"name\":\"Danby - Canada - French\",\"description\":\"Leader dans le domaine de la r\u00e9frig\u00e9ration et des appareils sp\u00e9cialis\u00e9s\",\"publisher\":[],\"potentialAction\":[{\"@type\":\"SearchAction\",\"target\":{\"@type\":\"EntryPoint\",\"urlTemplate\":\"https:\/\/www.danby.com\/fr\/?s={search_term_string}\"},\"query-input\":{\"@type\":\"PropertyValueSpecification\",\"valueRequired\":true,\"valueName\":\"search_term_string\"}}],\"inLanguage\":\"fr-CA\"},{\"@type\":\"Organization\",\"name\":\"Danby Appliances\",\"url\":\"https:\/\/www.danby.com\/fr\/\",\"logo\":{\"@type\":\"ImageObject\",\"inLanguage\":\"fr-CA\",\"url\":\"https:\/\/cdnweb.danby.com\/wp-content\/uploads\/sites\/2\/2022\/02\/10141906\/Danby75Ans_Blue.png\",\"contentUrl\":\"https:\/\/cdnweb.danby.com\/wp-content\/uploads\/sites\/2\/2022\/02\/10141906\/Danby75Ans_Blue.png\",\"width\":470,\"height\":110,\"caption\":\"Danby Appliances\"},\"image\":[],\"sameAs\":[\"https:\/\/www.facebook.com\/DanbyAppliances\",\"https:\/\/x.com\/DanbyAppliance\",\"https:\/\/instagram.com\/danbyappliances\/\",\"https:\/\/www.linkedin.com\/company\/danbyappliances\",\"https:\/\/www.pinterest.ca\/danbyappliances\/\",\"https:\/\/www.youtube.com\/user\/DanbyProducts\",\"https:\/\/en.wikipedia.org\/wiki\/Danby_(appliances)\"]}]}<\/script>\n<!-- \/ Yoast SEO plugin. -->","yoast_head_json":{"title":"Premiere 45 Pinte D\u00e9shumidificateur - DDR45B1GP | Danby Canada","description":"Les sous-sols, les pi\u00e8ces et les bureaux humides et lugubres sont chose du pass\u00e9, gr\u00e2ce \u00e0 ce d\u00e9shumidificateur Danby raffin\u00e9 d\u2019une capacit\u00e9 de 45 chopines (21,3 litres). Cet appareil r\u00e9pond \u00e0 la recommandation du m\u00e9decin, sugg\u00e9rant que la sant\u00e9 passe par une \u00e9limination de l'exc\u00e8s d'humidit\u00e9 et il le fait pour des espaces allant jusqu'\u00e0 2500 pieds carr\u00e9s. Vous serez en mesure de r\u00e9duire vos factures d'\u00e9lectricit\u00e9 avec cet appareil intelligent, conforme \u00e0 la norme Energy Star et vous deviendrez un ami de l\u2019environnement, gr\u00e2ce au r\u00e9frig\u00e9rant R410A. L'appareil dispose de fonctionnalit\u00e9s d'humidit\u00e9 r\u00e9glables et d\u2019un ventilateur \u00e0 deux vitesses facilement contr\u00f4l\u00e9es \u00e9lectroniquement. Son fonctionnement silencieux ne d\u00e9rangera pas votre sommeil et vous serez en mesure de vous concentrer sur autre chose, pendant qu\u2019il fonctionne. L'accumulation de glace sur les serpentins est une chose du pass\u00e9, le syst\u00e8me de d\u00e9givrage automatique \u00e9limine en effet le probl\u00e8me. Le d\u00e9shumidificateur peut continuer \u00e0 fonctionner, jusqu'\u00e0 ce que la temp\u00e9rature atteigne 5\u00baC (41\u00baF), gr\u00e2ce au dispositif intelligent de fonctionnement \u00e0 basse temp\u00e9rature. Il est aussi muni d\u2019un syst\u00e8me de drainage direct et de roulettes pivotantes qui facilitent le d\u00e9placement de l\u2019appareil. Le nettoyage de ce mod\u00e8le est \u00e9galement un jeu d'enfant, gr\u00e2ce au filtre \u00e0 air amovible.","robots":{"index":"index","follow":"follow","max-snippet":"max-snippet:-1","max-image-preview":"max-image-preview:large","max-video-preview":"max-video-preview:-1"},"canonical":"https:\/\/www.danby.com\/fr\/products\/deshumidificateurs\/ddr45b1gp\/","og_locale":"fr_CA","og_type":"article","og_title":"Premiere 45 Pinte D\u00e9shumidificateur - DDR45B1GP | Danby Canada","og_description":"Les sous-sols, les pi\u00e8ces et les bureaux humides et lugubres sont chose du pass\u00e9, gr\u00e2ce \u00e0 ce d\u00e9shumidificateur Danby raffin\u00e9 d\u2019une capacit\u00e9 de 45 chopines (21,3 litres). Cet appareil r\u00e9pond \u00e0 la recommandation du m\u00e9decin, sugg\u00e9rant que la sant\u00e9 passe par une \u00e9limination de l'exc\u00e8s d'humidit\u00e9 et il le fait pour des espaces allant jusqu'\u00e0 2500 pieds carr\u00e9s. Vous serez en mesure de r\u00e9duire vos factures d'\u00e9lectricit\u00e9 avec cet appareil intelligent, conforme \u00e0 la norme Energy Star et vous deviendrez un ami de l\u2019environnement, gr\u00e2ce au r\u00e9frig\u00e9rant R410A. L'appareil dispose de fonctionnalit\u00e9s d'humidit\u00e9 r\u00e9glables et d\u2019un ventilateur \u00e0 deux vitesses facilement contr\u00f4l\u00e9es \u00e9lectroniquement. Son fonctionnement silencieux ne d\u00e9rangera pas votre sommeil et vous serez en mesure de vous concentrer sur autre chose, pendant qu\u2019il fonctionne. L'accumulation de glace sur les serpentins est une chose du pass\u00e9, le syst\u00e8me de d\u00e9givrage automatique \u00e9limine en effet le probl\u00e8me. Le d\u00e9shumidificateur peut continuer \u00e0 fonctionner, jusqu'\u00e0 ce que la temp\u00e9rature atteigne 5\u00baC (41\u00baF), gr\u00e2ce au dispositif intelligent de fonctionnement \u00e0 basse temp\u00e9rature. Il est aussi muni d\u2019un syst\u00e8me de drainage direct et de roulettes pivotantes qui facilitent le d\u00e9placement de l\u2019appareil. Le nettoyage de ce mod\u00e8le est \u00e9galement un jeu d'enfant, gr\u00e2ce au filtre \u00e0 air amovible.","og_url":"https:\/\/www.danby.com\/fr\/products\/deshumidificateurs\/ddr45b1gp\/","og_site_name":"Danby - Canada - French","article_publisher":"https:\/\/www.facebook.com\/DanbyAppliances","article_modified_time":"2026-04-13T10:04:19+00:00","og_image":[{"width":300,"height":272,"url":"https:\/\/cdnweb.danby.com\/wp-content\/uploads\/sites\/2\/2022\/02\/08205518\/Medium-DDR45B1GP.jpg","type":"image\/jpeg"}],"twitter_card":"summary_large_image","twitter_site":"@DanbyAppliance","schema":{"@context":"https:\/\/schema.org","@graph":[{"@type":["WebPage","ItemPage"],"url":"https:\/\/www.danby.com\/fr\/products\/deshumidificateurs\/ddr45b1gp\/","name":"Premiere 45 Pinte D\u00e9shumidificateur - DDR45B1GP | Danby Canada","isPartOf":[],"primaryImageOfPage":[],"image":[],"thumbnailUrl":"https:\/\/cdnweb.danby.com\/wp-content\/uploads\/sites\/2\/2022\/02\/08205518\/Medium-DDR45B1GP.jpg","datePublished":"2022-02-03T19:17:00+00:00","dateModified":"2026-04-13T10:04:19+00:00","description":"Les sous-sols, les pi\u00e8ces et les bureaux humides et lugubres sont chose du pass\u00e9, gr\u00e2ce \u00e0 ce d\u00e9shumidificateur Danby raffin\u00e9 d\u2019une capacit\u00e9 de 45 chopines (21,3 litres). Cet appareil r\u00e9pond \u00e0 la recommandation du m\u00e9decin, sugg\u00e9rant que la sant\u00e9 passe par une \u00e9limination de l'exc\u00e8s d'humidit\u00e9 et il le fait pour des espaces allant jusqu'\u00e0 2500 pieds carr\u00e9s. Vous serez en mesure de r\u00e9duire vos factures d'\u00e9lectricit\u00e9 avec cet appareil intelligent, conforme \u00e0 la norme Energy Star et vous deviendrez un ami de l\u2019environnement, gr\u00e2ce au r\u00e9frig\u00e9rant R410A. L'appareil dispose de fonctionnalit\u00e9s d'humidit\u00e9 r\u00e9glables et d\u2019un ventilateur \u00e0 deux vitesses facilement contr\u00f4l\u00e9es \u00e9lectroniquement. Son fonctionnement silencieux ne d\u00e9rangera pas votre sommeil et vous serez en mesure de vous concentrer sur autre chose, pendant qu\u2019il fonctionne. L'accumulation de glace sur les serpentins est une chose du pass\u00e9, le syst\u00e8me de d\u00e9givrage automatique \u00e9limine en effet le probl\u00e8me. Le d\u00e9shumidificateur peut continuer \u00e0 fonctionner, jusqu'\u00e0 ce que la temp\u00e9rature atteigne 5\u00baC (41\u00baF), gr\u00e2ce au dispositif intelligent de fonctionnement \u00e0 basse temp\u00e9rature. Il est aussi muni d\u2019un syst\u00e8me de drainage direct et de roulettes pivotantes qui facilitent le d\u00e9placement de l\u2019appareil. Le nettoyage de ce mod\u00e8le est \u00e9galement un jeu d'enfant, gr\u00e2ce au filtre \u00e0 air amovible.","breadcrumb":[],"inLanguage":"fr-CA","potentialAction":[{"@type":"ReadAction","target":["https:\/\/www.danby.com\/fr\/products\/deshumidificateurs\/ddr45b1gp\/"]}]},{"@type":"ImageObject","inLanguage":"fr-CA","url":"https:\/\/cdnweb.danby.com\/wp-content\/uploads\/sites\/2\/2022\/02\/08205518\/Medium-DDR45B1GP.jpg","contentUrl":"https:\/\/cdnweb.danby.com\/wp-content\/uploads\/sites\/2\/2022\/02\/08205518\/Medium-DDR45B1GP.jpg","width":300,"height":272},{"@type":"BreadcrumbList","itemListElement":[{"@type":"ListItem","position":1,"name":"Home","item":"https:\/\/www.danby.com\/fr\/"},{"@type":"ListItem","position":2,"name":"Boutique","item":"https:\/\/www.danby.com\/fr\/boutique\/"},{"@type":"ListItem","position":3,"name":"Premiere 45 Pinte D\u00e9shumidificateur"}]},{"@type":"WebSite","url":"https:\/\/www.danby.com\/fr\/","name":"Danby - Canada - French","description":"Leader dans le domaine de la r\u00e9frig\u00e9ration et des appareils sp\u00e9cialis\u00e9s","publisher":[],"potentialAction":[{"@type":"SearchAction","target":{"@type":"EntryPoint","urlTemplate":"https:\/\/www.danby.com\/fr\/?s={search_term_string}"},"query-input":{"@type":"PropertyValueSpecification","valueRequired":true,"valueName":"search_term_string"}}],"inLanguage":"fr-CA"},{"@type":"Organization","name":"Danby Appliances","url":"https:\/\/www.danby.com\/fr\/","logo":{"@type":"ImageObject","inLanguage":"fr-CA","url":"https:\/\/cdnweb.danby.com\/wp-content\/uploads\/sites\/2\/2022\/02\/10141906\/Danby75Ans_Blue.png","contentUrl":"https:\/\/cdnweb.danby.com\/wp-content\/uploads\/sites\/2\/2022\/02\/10141906\/Danby75Ans_Blue.png","width":470,"height":110,"caption":"Danby Appliances"},"image":[],"sameAs":["https:\/\/www.facebook.com\/DanbyAppliances","https:\/\/x.com\/DanbyAppliance","https:\/\/instagram.com\/danbyappliances\/","https:\/\/www.linkedin.com\/company\/danbyappliances","https:\/\/www.pinterest.ca\/danbyappliances\/","https:\/\/www.youtube.com\/user\/DanbyProducts","https:\/\/en.wikipedia.org\/wiki\/Danby_(appliances)"]}]}},"post_mailing_queue_ids":[],"_links":{"self":[{"href":"https:\/\/www.danby.com\/fr\/wp-json\/wp\/v2\/product\/4891","targetHints":{"allow":["GET"]}}],"collection":[{"href":"https:\/\/www.danby.com\/fr\/wp-json\/wp\/v2\/product"}],"about":[{"href":"https:\/\/www.danby.com\/fr\/wp-json\/wp\/v2\/types\/product"}],"replies":[{"embeddable":true,"href":"https:\/\/www.danby.com\/fr\/wp-json\/wp\/v2\/comments?post=4891"}],"wp:featuredmedia":[{"embeddable":true,"href":"https:\/\/www.danby.com\/fr\/wp-json\/wp\/v2\/media\/8561"}],"wp:attachment":[{"href":"https:\/\/www.danby.com\/fr\/wp-json\/wp\/v2\/media?parent=4891"}],"wp:term":[{"taxonomy":"product_brand","embeddable":true,"href":"https:\/\/www.danby.com\/fr\/wp-json\/wp\/v2\/product_brand?post=4891"},{"taxonomy":"product_cat","embeddable":true,"href":"https:\/\/www.danby.com\/fr\/wp-json\/wp\/v2\/product_cat?post=4891"},{"taxonomy":"product_tag","embeddable":true,"href":"https:\/\/www.danby.com\/fr\/wp-json\/wp\/v2\/product_tag?post=4891"}],"curies":[{"name":"wp","href":"https:\/\/api.w.org\/{rel}","templated":true}]}}