{"id":4890,"date":"2022-02-03T19:17:00","date_gmt":"2022-02-03T19:17:00","guid":{"rendered":"https:\/\/www.danby.com\/fr\/product\/ddr45a3gdb\/"},"modified":"2026-04-30T10:06:08","modified_gmt":"2026-04-30T10:06:08","slug":"ddr45a3gdb","status":"publish","type":"product","link":"https:\/\/www.danby.com\/fr\/products\/deshumidificateurs\/ddr45a3gdb\/","title":{"rendered":"Danby 45 Pinte D\u00e9shumidificateur"},"content":{"rendered":"","protected":false},"excerpt":{"rendered":"<ul>\n<li>Capacit\u00e9 de 45 pintes am\u00e9ricaines (21,3 litres) par 24 heures<\/li>\n<li>Pour des zones allant jusqu&#8217;\u00e0 2 500 pieds carr\u00e9s. selon les conditions<\/li>\n<li>Compatible avec le programme Energy Star\u00ae<\/li>\n<li>R\u00e9frig\u00e9rant R410A respectueux de l&#8217;environnement<\/li>\n<li>Commandes \u00e9lectroniques<\/li>\n<li>2 vitesses de ventilateur (haute &#8211; basse)<\/li>\n<li>Fonction de red\u00e9marrage automatique<\/li>\n<li>La fonction basse temp\u00e9rature permet au syst\u00e8me de continuer \u00e0 fonctionner jusqu&#8217;\u00e0 ce que la temp\u00e9rature atteigne 5\u00baC<\/li>\n<li>Le d\u00e9-glaceur automatique emp\u00eache la formation de glace sur les coques de l&#8217;appareilicer emp\u00eache l&#8217;accumulation de glace sur les serpentins<\/li>\n<li>Fonction de vidange directe pour un fonctionnement continu<\/li>\n<li>Filtre \u00e0 air amovible facile \u00e0 nettoyer<\/li>\n<li>Castors pour une portabilit\u00e9 facile<\/li>\n<\/ul>\n","protected":false},"featured_media":7188,"comment_status":"closed","ping_status":"open","template":"","meta":{"_acf_changed":false},"product_brand":[],"product_cat":[23],"product_tag":[],"class_list":{"0":"post-4890","1":"product","2":"type-product","3":"status-publish","4":"has-post-thumbnail","6":"product_cat-deshumidificateurs","7":"pa_duree-de-la-garantie-en-mois-1173","9":"first","10":"outofstock","11":"taxable","12":"shipping-taxable","13":"product-type-simple"},"acf":[],"yoast_head":"<!-- This site is optimized with the Yoast SEO plugin v27.5 - https:\/\/yoast.com\/product\/yoast-seo-wordpress\/ -->\n<title>Danby 45 Pinte D\u00e9shumidificateur - DDR45A3GDB | Danby Canada<\/title>\n<meta name=\"description\" content=\"Ce d\u00e9shumidificateur portatif de 21,3 litres (45 chopines) est populaire aupr\u00e8s des propri\u00e9taires d\u00e9termin\u00e9s \u00e0 garder leur demeure moins humide et plus confortable. Cette unit\u00e9 \u00e9l\u00e9gante et efficace, homologu\u00e9e Energy Star, contribue \u00e0 r\u00e9duire les co\u00fbts d&#039;\u00e9lectricit\u00e9 et elle utilise le r\u00e9frig\u00e9rant \u00e9cologique R410A qui favorise la protection de la couche d\u2019ozone. Cet appareil, con\u00e7u pour \u00e9liminer jusqu&#039;\u00e0 45 litres d&#039;humidit\u00e9 en exc\u00e8s par 24 heures, dans des surfaces allant jusqu&#039;\u00e0 environ 2500 pieds carr\u00e9s, repr\u00e9sente l\u2019option id\u00e9ale pour les appartements, copropri\u00e9t\u00e9s, bureaux et espaces spacieux. Il est \u00e9quip\u00e9 d\u2019un ventilateur \u00e0 basse et haute vitesse et peut \u00eatre programm\u00e9, contr\u00f4l\u00e9 et surveill\u00e9, gr\u00e2ce \u00e0 un clavier num\u00e9rique \u00e9lectronique \u00e0 la fine pointe de la technologie. Ce mod\u00e8le est \u00e9quip\u00e9 d&#039;un dispositif de d\u00e9givrage automatique, qui pr\u00e9vient le gel des serpentins et d\u2019un filtre \u00e0 air amovible rendant le nettoyage rapide et facile. Le red\u00e9marrage automatique remet l&#039;appareil en marche, apr\u00e8s une panne de courant, alors que la fonction de basse temp\u00e9rature pratique, fera tourner l&#039;appareil en continu jusqu&#039;\u00e0 ce que la temp\u00e9rature atteigne 5\u00b0C (41\u00b0F). Le d\u00e9shumidificateur peut \u00e9galement fonctionner en continu en raison de son syst\u00e8me d\u2019\u00e9vacuation directe avant-gardiste. Ce mod\u00e8le \u00e9l\u00e9gant est pourvu de roulettes int\u00e9gr\u00e9es, pour en faciliter le transport, de m\u00eame que d&#039;une attrayante garantie de 12 mois sur les pi\u00e8ces et la main-d\u2019\u0153uvre, incluant le service apr\u00e8s-vente en atelier.\" \/>\n<meta name=\"robots\" content=\"index, follow, max-snippet:-1, max-image-preview:large, max-video-preview:-1\" \/>\n<link rel=\"canonical\" href=\"https:\/\/www.danby.com\/fr\/products\/deshumidificateurs\/ddr45a3gdb\/\" \/>\n<meta property=\"og:locale\" content=\"fr_CA\" \/>\n<meta property=\"og:type\" content=\"article\" \/>\n<meta property=\"og:title\" content=\"Danby 45 Pinte D\u00e9shumidificateur - DDR45A3GDB | Danby Canada\" \/>\n<meta property=\"og:description\" content=\"Ce d\u00e9shumidificateur portatif de 21,3 litres (45 chopines) est populaire aupr\u00e8s des propri\u00e9taires d\u00e9termin\u00e9s \u00e0 garder leur demeure moins humide et plus confortable. Cette unit\u00e9 \u00e9l\u00e9gante et efficace, homologu\u00e9e Energy Star, contribue \u00e0 r\u00e9duire les co\u00fbts d&#039;\u00e9lectricit\u00e9 et elle utilise le r\u00e9frig\u00e9rant \u00e9cologique R410A qui favorise la protection de la couche d\u2019ozone. Cet appareil, con\u00e7u pour \u00e9liminer jusqu&#039;\u00e0 45 litres d&#039;humidit\u00e9 en exc\u00e8s par 24 heures, dans des surfaces allant jusqu&#039;\u00e0 environ 2500 pieds carr\u00e9s, repr\u00e9sente l\u2019option id\u00e9ale pour les appartements, copropri\u00e9t\u00e9s, bureaux et espaces spacieux. Il est \u00e9quip\u00e9 d\u2019un ventilateur \u00e0 basse et haute vitesse et peut \u00eatre programm\u00e9, contr\u00f4l\u00e9 et surveill\u00e9, gr\u00e2ce \u00e0 un clavier num\u00e9rique \u00e9lectronique \u00e0 la fine pointe de la technologie. Ce mod\u00e8le est \u00e9quip\u00e9 d&#039;un dispositif de d\u00e9givrage automatique, qui pr\u00e9vient le gel des serpentins et d\u2019un filtre \u00e0 air amovible rendant le nettoyage rapide et facile. Le red\u00e9marrage automatique remet l&#039;appareil en marche, apr\u00e8s une panne de courant, alors que la fonction de basse temp\u00e9rature pratique, fera tourner l&#039;appareil en continu jusqu&#039;\u00e0 ce que la temp\u00e9rature atteigne 5\u00b0C (41\u00b0F). Le d\u00e9shumidificateur peut \u00e9galement fonctionner en continu en raison de son syst\u00e8me d\u2019\u00e9vacuation directe avant-gardiste. Ce mod\u00e8le \u00e9l\u00e9gant est pourvu de roulettes int\u00e9gr\u00e9es, pour en faciliter le transport, de m\u00eame que d&#039;une attrayante garantie de 12 mois sur les pi\u00e8ces et la main-d\u2019\u0153uvre, incluant le service apr\u00e8s-vente en atelier.\" \/>\n<meta property=\"og:url\" content=\"https:\/\/www.danby.com\/fr\/products\/deshumidificateurs\/ddr45a3gdb\/\" \/>\n<meta property=\"og:site_name\" content=\"Danby - Canada - French\" \/>\n<meta property=\"article:publisher\" content=\"https:\/\/www.facebook.com\/DanbyAppliances\" \/>\n<meta property=\"article:modified_time\" content=\"2026-04-30T10:06:08+00:00\" \/>\n<meta property=\"og:image\" content=\"https:\/\/cdnweb.danby.com\/wp-content\/uploads\/sites\/2\/2022\/02\/08192105\/Medium-DDR45A3GDB.jpg\" \/>\n\t<meta property=\"og:image:width\" content=\"300\" \/>\n\t<meta property=\"og:image:height\" content=\"272\" \/>\n\t<meta property=\"og:image:type\" content=\"image\/jpeg\" \/>\n<meta name=\"twitter:card\" content=\"summary_large_image\" \/>\n<meta name=\"twitter:site\" content=\"@DanbyAppliance\" \/>\n<script type=\"application\/ld+json\" class=\"yoast-schema-graph\">{\"@context\":\"https:\\\/\\\/schema.org\",\"@graph\":[{\"@type\":[\"WebPage\",\"ItemPage\"],\"url\":\"https:\\\/\\\/www.danby.com\\\/fr\\\/products\\\/deshumidificateurs\\\/ddr45a3gdb\\\/\",\"name\":\"Danby 45 Pinte D\u00e9shumidificateur - DDR45A3GDB | Danby Canada\",\"isPartOf\":[],\"primaryImageOfPage\":[],\"image\":[],\"thumbnailUrl\":\"https:\\\/\\\/cdnweb.danby.com\\\/wp-content\\\/uploads\\\/sites\\\/2\\\/2022\\\/02\\\/08192105\\\/Medium-DDR45A3GDB.jpg\",\"datePublished\":\"2022-02-03T19:17:00+00:00\",\"dateModified\":\"2026-04-30T10:06:08+00:00\",\"description\":\"Ce d\u00e9shumidificateur portatif de 21,3 litres (45 chopines) est populaire aupr\u00e8s des propri\u00e9taires d\u00e9termin\u00e9s \u00e0 garder leur demeure moins humide et plus confortable. Cette unit\u00e9 \u00e9l\u00e9gante et efficace, homologu\u00e9e Energy Star, contribue \u00e0 r\u00e9duire les co\u00fbts d'\u00e9lectricit\u00e9 et elle utilise le r\u00e9frig\u00e9rant \u00e9cologique R410A qui favorise la protection de la couche d\u2019ozone. Cet appareil, con\u00e7u pour \u00e9liminer jusqu'\u00e0 45 litres d'humidit\u00e9 en exc\u00e8s par 24 heures, dans des surfaces allant jusqu'\u00e0 environ 2500 pieds carr\u00e9s, repr\u00e9sente l\u2019option id\u00e9ale pour les appartements, copropri\u00e9t\u00e9s, bureaux et espaces spacieux. Il est \u00e9quip\u00e9 d\u2019un ventilateur \u00e0 basse et haute vitesse et peut \u00eatre programm\u00e9, contr\u00f4l\u00e9 et surveill\u00e9, gr\u00e2ce \u00e0 un clavier num\u00e9rique \u00e9lectronique \u00e0 la fine pointe de la technologie. Ce mod\u00e8le est \u00e9quip\u00e9 d'un dispositif de d\u00e9givrage automatique, qui pr\u00e9vient le gel des serpentins et d\u2019un filtre \u00e0 air amovible rendant le nettoyage rapide et facile. Le red\u00e9marrage automatique remet l'appareil en marche, apr\u00e8s une panne de courant, alors que la fonction de basse temp\u00e9rature pratique, fera tourner l'appareil en continu jusqu'\u00e0 ce que la temp\u00e9rature atteigne 5\u00b0C (41\u00b0F). Le d\u00e9shumidificateur peut \u00e9galement fonctionner en continu en raison de son syst\u00e8me d\u2019\u00e9vacuation directe avant-gardiste. Ce mod\u00e8le \u00e9l\u00e9gant est pourvu de roulettes int\u00e9gr\u00e9es, pour en faciliter le transport, de m\u00eame que d'une attrayante garantie de 12 mois sur les pi\u00e8ces et la main-d\u2019\u0153uvre, incluant le service apr\u00e8s-vente en atelier.\",\"breadcrumb\":[],\"inLanguage\":\"fr-CA\",\"potentialAction\":[{\"@type\":\"ReadAction\",\"target\":[\"https:\\\/\\\/www.danby.com\\\/fr\\\/products\\\/deshumidificateurs\\\/ddr45a3gdb\\\/\"]}]},{\"@type\":\"ImageObject\",\"inLanguage\":\"fr-CA\",\"url\":\"https:\\\/\\\/cdnweb.danby.com\\\/wp-content\\\/uploads\\\/sites\\\/2\\\/2022\\\/02\\\/08192105\\\/Medium-DDR45A3GDB.jpg\",\"contentUrl\":\"https:\\\/\\\/cdnweb.danby.com\\\/wp-content\\\/uploads\\\/sites\\\/2\\\/2022\\\/02\\\/08192105\\\/Medium-DDR45A3GDB.jpg\",\"width\":300,\"height\":272},{\"@type\":\"BreadcrumbList\",\"itemListElement\":[{\"@type\":\"ListItem\",\"position\":1,\"name\":\"Home\",\"item\":\"https:\\\/\\\/www.danby.com\\\/fr\\\/\"},{\"@type\":\"ListItem\",\"position\":2,\"name\":\"Boutique\",\"item\":\"https:\\\/\\\/www.danby.com\\\/fr\\\/boutique\\\/\"},{\"@type\":\"ListItem\",\"position\":3,\"name\":\"Danby 45 Pinte D\u00e9shumidificateur\"}]},{\"@type\":\"WebSite\",\"url\":\"https:\\\/\\\/www.danby.com\\\/fr\\\/\",\"name\":\"Danby - Canada - French\",\"description\":\"Leader dans le domaine de la r\u00e9frig\u00e9ration et des appareils sp\u00e9cialis\u00e9s\",\"publisher\":[],\"potentialAction\":[{\"@type\":\"SearchAction\",\"target\":{\"@type\":\"EntryPoint\",\"urlTemplate\":\"https:\\\/\\\/www.danby.com\\\/fr\\\/?s={search_term_string}\"},\"query-input\":{\"@type\":\"PropertyValueSpecification\",\"valueRequired\":true,\"valueName\":\"search_term_string\"}}],\"inLanguage\":\"fr-CA\"},{\"@type\":\"Organization\",\"name\":\"Danby Appliances\",\"url\":\"https:\\\/\\\/www.danby.com\\\/fr\\\/\",\"logo\":{\"@type\":\"ImageObject\",\"inLanguage\":\"fr-CA\",\"url\":\"https:\\\/\\\/cdnweb.danby.com\\\/wp-content\\\/uploads\\\/sites\\\/2\\\/2022\\\/02\\\/10141906\\\/Danby75Ans_Blue.png\",\"contentUrl\":\"https:\\\/\\\/cdnweb.danby.com\\\/wp-content\\\/uploads\\\/sites\\\/2\\\/2022\\\/02\\\/10141906\\\/Danby75Ans_Blue.png\",\"width\":470,\"height\":110,\"caption\":\"Danby Appliances\"},\"image\":[],\"sameAs\":[\"https:\\\/\\\/www.facebook.com\\\/DanbyAppliances\",\"https:\\\/\\\/x.com\\\/DanbyAppliance\",\"https:\\\/\\\/instagram.com\\\/danbyappliances\\\/\",\"https:\\\/\\\/www.linkedin.com\\\/company\\\/danbyappliances\",\"https:\\\/\\\/www.pinterest.ca\\\/danbyappliances\\\/\",\"https:\\\/\\\/www.youtube.com\\\/user\\\/DanbyProducts\",\"https:\\\/\\\/en.wikipedia.org\\\/wiki\\\/Danby_(appliances)\"]}]}<\/script>\n<!-- \/ Yoast SEO plugin. -->","yoast_head_json":{"title":"Danby 45 Pinte D\u00e9shumidificateur - DDR45A3GDB | Danby Canada","description":"Ce d\u00e9shumidificateur portatif de 21,3 litres (45 chopines) est populaire aupr\u00e8s des propri\u00e9taires d\u00e9termin\u00e9s \u00e0 garder leur demeure moins humide et plus confortable. Cette unit\u00e9 \u00e9l\u00e9gante et efficace, homologu\u00e9e Energy Star, contribue \u00e0 r\u00e9duire les co\u00fbts d'\u00e9lectricit\u00e9 et elle utilise le r\u00e9frig\u00e9rant \u00e9cologique R410A qui favorise la protection de la couche d\u2019ozone. Cet appareil, con\u00e7u pour \u00e9liminer jusqu'\u00e0 45 litres d'humidit\u00e9 en exc\u00e8s par 24 heures, dans des surfaces allant jusqu'\u00e0 environ 2500 pieds carr\u00e9s, repr\u00e9sente l\u2019option id\u00e9ale pour les appartements, copropri\u00e9t\u00e9s, bureaux et espaces spacieux. Il est \u00e9quip\u00e9 d\u2019un ventilateur \u00e0 basse et haute vitesse et peut \u00eatre programm\u00e9, contr\u00f4l\u00e9 et surveill\u00e9, gr\u00e2ce \u00e0 un clavier num\u00e9rique \u00e9lectronique \u00e0 la fine pointe de la technologie. Ce mod\u00e8le est \u00e9quip\u00e9 d'un dispositif de d\u00e9givrage automatique, qui pr\u00e9vient le gel des serpentins et d\u2019un filtre \u00e0 air amovible rendant le nettoyage rapide et facile. Le red\u00e9marrage automatique remet l'appareil en marche, apr\u00e8s une panne de courant, alors que la fonction de basse temp\u00e9rature pratique, fera tourner l'appareil en continu jusqu'\u00e0 ce que la temp\u00e9rature atteigne 5\u00b0C (41\u00b0F). Le d\u00e9shumidificateur peut \u00e9galement fonctionner en continu en raison de son syst\u00e8me d\u2019\u00e9vacuation directe avant-gardiste. Ce mod\u00e8le \u00e9l\u00e9gant est pourvu de roulettes int\u00e9gr\u00e9es, pour en faciliter le transport, de m\u00eame que d'une attrayante garantie de 12 mois sur les pi\u00e8ces et la main-d\u2019\u0153uvre, incluant le service apr\u00e8s-vente en atelier.","robots":{"index":"index","follow":"follow","max-snippet":"max-snippet:-1","max-image-preview":"max-image-preview:large","max-video-preview":"max-video-preview:-1"},"canonical":"https:\/\/www.danby.com\/fr\/products\/deshumidificateurs\/ddr45a3gdb\/","og_locale":"fr_CA","og_type":"article","og_title":"Danby 45 Pinte D\u00e9shumidificateur - DDR45A3GDB | Danby Canada","og_description":"Ce d\u00e9shumidificateur portatif de 21,3 litres (45 chopines) est populaire aupr\u00e8s des propri\u00e9taires d\u00e9termin\u00e9s \u00e0 garder leur demeure moins humide et plus confortable. Cette unit\u00e9 \u00e9l\u00e9gante et efficace, homologu\u00e9e Energy Star, contribue \u00e0 r\u00e9duire les co\u00fbts d'\u00e9lectricit\u00e9 et elle utilise le r\u00e9frig\u00e9rant \u00e9cologique R410A qui favorise la protection de la couche d\u2019ozone. Cet appareil, con\u00e7u pour \u00e9liminer jusqu'\u00e0 45 litres d'humidit\u00e9 en exc\u00e8s par 24 heures, dans des surfaces allant jusqu'\u00e0 environ 2500 pieds carr\u00e9s, repr\u00e9sente l\u2019option id\u00e9ale pour les appartements, copropri\u00e9t\u00e9s, bureaux et espaces spacieux. Il est \u00e9quip\u00e9 d\u2019un ventilateur \u00e0 basse et haute vitesse et peut \u00eatre programm\u00e9, contr\u00f4l\u00e9 et surveill\u00e9, gr\u00e2ce \u00e0 un clavier num\u00e9rique \u00e9lectronique \u00e0 la fine pointe de la technologie. Ce mod\u00e8le est \u00e9quip\u00e9 d'un dispositif de d\u00e9givrage automatique, qui pr\u00e9vient le gel des serpentins et d\u2019un filtre \u00e0 air amovible rendant le nettoyage rapide et facile. Le red\u00e9marrage automatique remet l'appareil en marche, apr\u00e8s une panne de courant, alors que la fonction de basse temp\u00e9rature pratique, fera tourner l'appareil en continu jusqu'\u00e0 ce que la temp\u00e9rature atteigne 5\u00b0C (41\u00b0F). Le d\u00e9shumidificateur peut \u00e9galement fonctionner en continu en raison de son syst\u00e8me d\u2019\u00e9vacuation directe avant-gardiste. Ce mod\u00e8le \u00e9l\u00e9gant est pourvu de roulettes int\u00e9gr\u00e9es, pour en faciliter le transport, de m\u00eame que d'une attrayante garantie de 12 mois sur les pi\u00e8ces et la main-d\u2019\u0153uvre, incluant le service apr\u00e8s-vente en atelier.","og_url":"https:\/\/www.danby.com\/fr\/products\/deshumidificateurs\/ddr45a3gdb\/","og_site_name":"Danby - Canada - French","article_publisher":"https:\/\/www.facebook.com\/DanbyAppliances","article_modified_time":"2026-04-30T10:06:08+00:00","og_image":[{"width":300,"height":272,"url":"https:\/\/cdnweb.danby.com\/wp-content\/uploads\/sites\/2\/2022\/02\/08192105\/Medium-DDR45A3GDB.jpg","type":"image\/jpeg"}],"twitter_card":"summary_large_image","twitter_site":"@DanbyAppliance","schema":{"@context":"https:\/\/schema.org","@graph":[{"@type":["WebPage","ItemPage"],"url":"https:\/\/www.danby.com\/fr\/products\/deshumidificateurs\/ddr45a3gdb\/","name":"Danby 45 Pinte D\u00e9shumidificateur - DDR45A3GDB | Danby Canada","isPartOf":[],"primaryImageOfPage":[],"image":[],"thumbnailUrl":"https:\/\/cdnweb.danby.com\/wp-content\/uploads\/sites\/2\/2022\/02\/08192105\/Medium-DDR45A3GDB.jpg","datePublished":"2022-02-03T19:17:00+00:00","dateModified":"2026-04-30T10:06:08+00:00","description":"Ce d\u00e9shumidificateur portatif de 21,3 litres (45 chopines) est populaire aupr\u00e8s des propri\u00e9taires d\u00e9termin\u00e9s \u00e0 garder leur demeure moins humide et plus confortable. Cette unit\u00e9 \u00e9l\u00e9gante et efficace, homologu\u00e9e Energy Star, contribue \u00e0 r\u00e9duire les co\u00fbts d'\u00e9lectricit\u00e9 et elle utilise le r\u00e9frig\u00e9rant \u00e9cologique R410A qui favorise la protection de la couche d\u2019ozone. Cet appareil, con\u00e7u pour \u00e9liminer jusqu'\u00e0 45 litres d'humidit\u00e9 en exc\u00e8s par 24 heures, dans des surfaces allant jusqu'\u00e0 environ 2500 pieds carr\u00e9s, repr\u00e9sente l\u2019option id\u00e9ale pour les appartements, copropri\u00e9t\u00e9s, bureaux et espaces spacieux. Il est \u00e9quip\u00e9 d\u2019un ventilateur \u00e0 basse et haute vitesse et peut \u00eatre programm\u00e9, contr\u00f4l\u00e9 et surveill\u00e9, gr\u00e2ce \u00e0 un clavier num\u00e9rique \u00e9lectronique \u00e0 la fine pointe de la technologie. Ce mod\u00e8le est \u00e9quip\u00e9 d'un dispositif de d\u00e9givrage automatique, qui pr\u00e9vient le gel des serpentins et d\u2019un filtre \u00e0 air amovible rendant le nettoyage rapide et facile. Le red\u00e9marrage automatique remet l'appareil en marche, apr\u00e8s une panne de courant, alors que la fonction de basse temp\u00e9rature pratique, fera tourner l'appareil en continu jusqu'\u00e0 ce que la temp\u00e9rature atteigne 5\u00b0C (41\u00b0F). Le d\u00e9shumidificateur peut \u00e9galement fonctionner en continu en raison de son syst\u00e8me d\u2019\u00e9vacuation directe avant-gardiste. Ce mod\u00e8le \u00e9l\u00e9gant est pourvu de roulettes int\u00e9gr\u00e9es, pour en faciliter le transport, de m\u00eame que d'une attrayante garantie de 12 mois sur les pi\u00e8ces et la main-d\u2019\u0153uvre, incluant le service apr\u00e8s-vente en atelier.","breadcrumb":[],"inLanguage":"fr-CA","potentialAction":[{"@type":"ReadAction","target":["https:\/\/www.danby.com\/fr\/products\/deshumidificateurs\/ddr45a3gdb\/"]}]},{"@type":"ImageObject","inLanguage":"fr-CA","url":"https:\/\/cdnweb.danby.com\/wp-content\/uploads\/sites\/2\/2022\/02\/08192105\/Medium-DDR45A3GDB.jpg","contentUrl":"https:\/\/cdnweb.danby.com\/wp-content\/uploads\/sites\/2\/2022\/02\/08192105\/Medium-DDR45A3GDB.jpg","width":300,"height":272},{"@type":"BreadcrumbList","itemListElement":[{"@type":"ListItem","position":1,"name":"Home","item":"https:\/\/www.danby.com\/fr\/"},{"@type":"ListItem","position":2,"name":"Boutique","item":"https:\/\/www.danby.com\/fr\/boutique\/"},{"@type":"ListItem","position":3,"name":"Danby 45 Pinte D\u00e9shumidificateur"}]},{"@type":"WebSite","url":"https:\/\/www.danby.com\/fr\/","name":"Danby - Canada - French","description":"Leader dans le domaine de la r\u00e9frig\u00e9ration et des appareils sp\u00e9cialis\u00e9s","publisher":[],"potentialAction":[{"@type":"SearchAction","target":{"@type":"EntryPoint","urlTemplate":"https:\/\/www.danby.com\/fr\/?s={search_term_string}"},"query-input":{"@type":"PropertyValueSpecification","valueRequired":true,"valueName":"search_term_string"}}],"inLanguage":"fr-CA"},{"@type":"Organization","name":"Danby Appliances","url":"https:\/\/www.danby.com\/fr\/","logo":{"@type":"ImageObject","inLanguage":"fr-CA","url":"https:\/\/cdnweb.danby.com\/wp-content\/uploads\/sites\/2\/2022\/02\/10141906\/Danby75Ans_Blue.png","contentUrl":"https:\/\/cdnweb.danby.com\/wp-content\/uploads\/sites\/2\/2022\/02\/10141906\/Danby75Ans_Blue.png","width":470,"height":110,"caption":"Danby Appliances"},"image":[],"sameAs":["https:\/\/www.facebook.com\/DanbyAppliances","https:\/\/x.com\/DanbyAppliance","https:\/\/instagram.com\/danbyappliances\/","https:\/\/www.linkedin.com\/company\/danbyappliances","https:\/\/www.pinterest.ca\/danbyappliances\/","https:\/\/www.youtube.com\/user\/DanbyProducts","https:\/\/en.wikipedia.org\/wiki\/Danby_(appliances)"]}]}},"post_mailing_queue_ids":[],"_links":{"self":[{"href":"https:\/\/www.danby.com\/fr\/wp-json\/wp\/v2\/product\/4890","targetHints":{"allow":["GET"]}}],"collection":[{"href":"https:\/\/www.danby.com\/fr\/wp-json\/wp\/v2\/product"}],"about":[{"href":"https:\/\/www.danby.com\/fr\/wp-json\/wp\/v2\/types\/product"}],"replies":[{"embeddable":true,"href":"https:\/\/www.danby.com\/fr\/wp-json\/wp\/v2\/comments?post=4890"}],"wp:featuredmedia":[{"embeddable":true,"href":"https:\/\/www.danby.com\/fr\/wp-json\/wp\/v2\/media\/7188"}],"wp:attachment":[{"href":"https:\/\/www.danby.com\/fr\/wp-json\/wp\/v2\/media?parent=4890"}],"wp:term":[{"taxonomy":"product_brand","embeddable":true,"href":"https:\/\/www.danby.com\/fr\/wp-json\/wp\/v2\/product_brand?post=4890"},{"taxonomy":"product_cat","embeddable":true,"href":"https:\/\/www.danby.com\/fr\/wp-json\/wp\/v2\/product_cat?post=4890"},{"taxonomy":"product_tag","embeddable":true,"href":"https:\/\/www.danby.com\/fr\/wp-json\/wp\/v2\/product_tag?post=4890"}],"curies":[{"name":"wp","href":"https:\/\/api.w.org\/{rel}","templated":true}]}}