{"id":4886,"date":"2022-02-03T19:16:54","date_gmt":"2022-02-03T19:16:54","guid":{"rendered":"https:\/\/www.danby.com\/fr\/product\/ddr30b3wp\/"},"modified":"2026-04-19T10:07:49","modified_gmt":"2026-04-19T10:07:49","slug":"ddr30b3wp","status":"publish","type":"product","link":"https:\/\/www.danby.com\/fr\/products\/deshumidificateurs\/ddr30b3wp\/","title":{"rendered":"Premiere 30 Pinte D\u00e9shumidificateur"},"content":{"rendered":"","protected":false},"excerpt":{"rendered":"<ul>\n<li>Capacit\u00e9 de 14,2 litres (30 pintes am\u00e9ricaines) par 24 heures <\/li>\n<li>Pour des surfaces allant jusqu\u2019\u00e0 1,500 pi2, d\u00e9pendant des conditions <\/li>\n<li>Homologu\u00e9 Energy StarMD <\/li>\n<li>R\u00e9frig\u00e9rant R140A respectueux de l&#8217;environnement <\/li>\n<li>Commandes \u00e9lectroniques <\/li>\n<li>Ventilateur \u00e0 2 vitesses (Haute-Basse) <\/li>\n<li>Fonction de red\u00e9marrage automatique <\/li>\n<li>Fonction de basse temp\u00e9rature, permettant au syst\u00e8me de fonctionner jusqu&#8217;\u00e0 ce que la temp\u00e9rature atteigne 5\u00baC <\/li>\n<li>D\u00e9givreur automatique emp\u00eachant l&#8217;accumulation de glace sur les serpentins <\/li>\n<li>Filtre \u00e0 air amovible, ais\u00e9 \u00e0 nettoyer <\/li>\n<li>Roulettes pivotantes pour faciliter la portabilit\u00e9 <\/li>\n<\/ul>\n","protected":false},"featured_media":8555,"comment_status":"closed","ping_status":"open","template":"","meta":{"_acf_changed":false},"product_brand":[],"product_cat":[23],"product_tag":[],"class_list":{"0":"post-4886","1":"product","2":"type-product","3":"status-publish","4":"has-post-thumbnail","6":"product_cat-deshumidificateurs","8":"first","9":"outofstock","10":"taxable","11":"shipping-taxable","12":"product-type-simple"},"acf":[],"yoast_head":"<!-- This site is optimized with the Yoast SEO plugin v26.7 - https:\/\/yoast.com\/wordpress\/plugins\/seo\/ -->\n<title>Premiere 30 Pinte D\u00e9shumidificateur - DDR30B3WP | Danby Canada<\/title>\n<meta name=\"description\" content=\"Ce d\u00e9shumidificateur de 14,2 litres (30 chopines), vous permet non seulement d\u2019am\u00e9liorer la sant\u00e9 de votre famille, mais aussi son confort. Cet appareil portatif efficace, homologu\u00e9 Energy Star\u00ae, fonctionne silencieusement dans des pi\u00e8ces d\u2019une surface allant jusqu\u2019\u00e0 1 500 pi2. Son dispositif de basse temp\u00e9rature l\u2019autorise \u00e0 fonctionner jusqu\u2019\u00e0 ce que la temp\u00e9rature atteigne 5\u00b0C (41\u00b0F). Le filtre amovible et le syst\u00e8me d\u2019\u00e9vacuation directe simplifient grandement le nettoyage. Cette unit\u00e9 est pourvue d\u2019une fonction de red\u00e9marrage automatique et ses roulettes int\u00e9gr\u00e9es simplifient son d\u00e9placement d\u2019une pi\u00e8ce \u00e0 l\u2019autre. Cet \u00e9l\u00e9gant appareil utilise le r\u00e9frig\u00e9rant R410A, ce qui vous permet d\u2019avoir l\u2019esprit tranquille concernant la protection de la couche d\u2019ozone. Le syst\u00e8me de d\u00e9givrage automatique vous garantit que les serpentins sont toujours exempts de glace. Ce d\u00e9shumidificateur est couvert par notre garantie de 24 mois sur les pi\u00e8ces et la main-d\u2019\u0153uvre comprenant le service en atelier.\" \/>\n<meta name=\"robots\" content=\"index, follow, max-snippet:-1, max-image-preview:large, max-video-preview:-1\" \/>\n<link rel=\"canonical\" href=\"https:\/\/www.danby.com\/fr\/products\/deshumidificateurs\/ddr30b3wp\/\" \/>\n<meta property=\"og:locale\" content=\"fr_CA\" \/>\n<meta property=\"og:type\" content=\"article\" \/>\n<meta property=\"og:title\" content=\"Premiere 30 Pinte D\u00e9shumidificateur - DDR30B3WP | Danby Canada\" \/>\n<meta property=\"og:description\" content=\"Ce d\u00e9shumidificateur de 14,2 litres (30 chopines), vous permet non seulement d\u2019am\u00e9liorer la sant\u00e9 de votre famille, mais aussi son confort. Cet appareil portatif efficace, homologu\u00e9 Energy Star\u00ae, fonctionne silencieusement dans des pi\u00e8ces d\u2019une surface allant jusqu\u2019\u00e0 1 500 pi2. Son dispositif de basse temp\u00e9rature l\u2019autorise \u00e0 fonctionner jusqu\u2019\u00e0 ce que la temp\u00e9rature atteigne 5\u00b0C (41\u00b0F). Le filtre amovible et le syst\u00e8me d\u2019\u00e9vacuation directe simplifient grandement le nettoyage. Cette unit\u00e9 est pourvue d\u2019une fonction de red\u00e9marrage automatique et ses roulettes int\u00e9gr\u00e9es simplifient son d\u00e9placement d\u2019une pi\u00e8ce \u00e0 l\u2019autre. Cet \u00e9l\u00e9gant appareil utilise le r\u00e9frig\u00e9rant R410A, ce qui vous permet d\u2019avoir l\u2019esprit tranquille concernant la protection de la couche d\u2019ozone. Le syst\u00e8me de d\u00e9givrage automatique vous garantit que les serpentins sont toujours exempts de glace. Ce d\u00e9shumidificateur est couvert par notre garantie de 24 mois sur les pi\u00e8ces et la main-d\u2019\u0153uvre comprenant le service en atelier.\" \/>\n<meta property=\"og:url\" content=\"https:\/\/www.danby.com\/fr\/products\/deshumidificateurs\/ddr30b3wp\/\" \/>\n<meta property=\"og:site_name\" content=\"Danby - Canada - French\" \/>\n<meta property=\"article:publisher\" content=\"https:\/\/www.facebook.com\/DanbyAppliances\" \/>\n<meta property=\"article:modified_time\" content=\"2026-04-19T10:07:49+00:00\" \/>\n<meta property=\"og:image\" content=\"https:\/\/cdnweb.danby.com\/wp-content\/uploads\/sites\/2\/2022\/02\/08205505\/Large_DDR30B3WP_front15.jpg\" \/>\n\t<meta property=\"og:image:width\" content=\"640\" \/>\n\t<meta property=\"og:image:height\" content=\"800\" \/>\n\t<meta property=\"og:image:type\" content=\"image\/jpeg\" \/>\n<meta name=\"twitter:card\" content=\"summary_large_image\" \/>\n<meta name=\"twitter:site\" content=\"@DanbyAppliance\" \/>\n<script type=\"application\/ld+json\" class=\"yoast-schema-graph\">{\"@context\":\"https:\/\/schema.org\",\"@graph\":[{\"@type\":[\"WebPage\",\"ItemPage\"],\"url\":\"https:\/\/www.danby.com\/fr\/products\/deshumidificateurs\/ddr30b3wp\/\",\"name\":\"Premiere 30 Pinte D\u00e9shumidificateur - DDR30B3WP | Danby Canada\",\"isPartOf\":[],\"primaryImageOfPage\":[],\"image\":[],\"thumbnailUrl\":\"https:\/\/cdnweb.danby.com\/wp-content\/uploads\/sites\/2\/2022\/02\/08205505\/Large_DDR30B3WP_front15.jpg\",\"datePublished\":\"2022-02-03T19:16:54+00:00\",\"dateModified\":\"2026-04-19T10:07:49+00:00\",\"description\":\"Ce d\u00e9shumidificateur de 14,2 litres (30 chopines), vous permet non seulement d\u2019am\u00e9liorer la sant\u00e9 de votre famille, mais aussi son confort. Cet appareil portatif efficace, homologu\u00e9 Energy Star\u00ae, fonctionne silencieusement dans des pi\u00e8ces d\u2019une surface allant jusqu\u2019\u00e0 1 500 pi2. Son dispositif de basse temp\u00e9rature l\u2019autorise \u00e0 fonctionner jusqu\u2019\u00e0 ce que la temp\u00e9rature atteigne 5\u00b0C (41\u00b0F). Le filtre amovible et le syst\u00e8me d\u2019\u00e9vacuation directe simplifient grandement le nettoyage. Cette unit\u00e9 est pourvue d\u2019une fonction de red\u00e9marrage automatique et ses roulettes int\u00e9gr\u00e9es simplifient son d\u00e9placement d\u2019une pi\u00e8ce \u00e0 l\u2019autre. Cet \u00e9l\u00e9gant appareil utilise le r\u00e9frig\u00e9rant R410A, ce qui vous permet d\u2019avoir l\u2019esprit tranquille concernant la protection de la couche d\u2019ozone. Le syst\u00e8me de d\u00e9givrage automatique vous garantit que les serpentins sont toujours exempts de glace. Ce d\u00e9shumidificateur est couvert par notre garantie de 24 mois sur les pi\u00e8ces et la main-d\u2019\u0153uvre comprenant le service en atelier.\",\"breadcrumb\":[],\"inLanguage\":\"fr-CA\",\"potentialAction\":[{\"@type\":\"ReadAction\",\"target\":[\"https:\/\/www.danby.com\/fr\/products\/deshumidificateurs\/ddr30b3wp\/\"]}]},{\"@type\":\"ImageObject\",\"inLanguage\":\"fr-CA\",\"url\":\"https:\/\/cdnweb.danby.com\/wp-content\/uploads\/sites\/2\/2022\/02\/08205505\/Large_DDR30B3WP_front15.jpg\",\"contentUrl\":\"https:\/\/cdnweb.danby.com\/wp-content\/uploads\/sites\/2\/2022\/02\/08205505\/Large_DDR30B3WP_front15.jpg\",\"width\":640,\"height\":800},{\"@type\":\"BreadcrumbList\",\"itemListElement\":[{\"@type\":\"ListItem\",\"position\":1,\"name\":\"Home\",\"item\":\"https:\/\/www.danby.com\/fr\/\"},{\"@type\":\"ListItem\",\"position\":2,\"name\":\"Boutique\",\"item\":\"https:\/\/www.danby.com\/fr\/boutique\/\"},{\"@type\":\"ListItem\",\"position\":3,\"name\":\"Premiere 30 Pinte D\u00e9shumidificateur\"}]},{\"@type\":\"WebSite\",\"url\":\"https:\/\/www.danby.com\/fr\/\",\"name\":\"Danby - Canada - French\",\"description\":\"Leader dans le domaine de la r\u00e9frig\u00e9ration et des appareils sp\u00e9cialis\u00e9s\",\"publisher\":[],\"potentialAction\":[{\"@type\":\"SearchAction\",\"target\":{\"@type\":\"EntryPoint\",\"urlTemplate\":\"https:\/\/www.danby.com\/fr\/?s={search_term_string}\"},\"query-input\":{\"@type\":\"PropertyValueSpecification\",\"valueRequired\":true,\"valueName\":\"search_term_string\"}}],\"inLanguage\":\"fr-CA\"},{\"@type\":\"Organization\",\"name\":\"Danby Appliances\",\"url\":\"https:\/\/www.danby.com\/fr\/\",\"logo\":{\"@type\":\"ImageObject\",\"inLanguage\":\"fr-CA\",\"url\":\"https:\/\/cdnweb.danby.com\/wp-content\/uploads\/sites\/2\/2022\/02\/10141906\/Danby75Ans_Blue.png\",\"contentUrl\":\"https:\/\/cdnweb.danby.com\/wp-content\/uploads\/sites\/2\/2022\/02\/10141906\/Danby75Ans_Blue.png\",\"width\":470,\"height\":110,\"caption\":\"Danby Appliances\"},\"image\":[],\"sameAs\":[\"https:\/\/www.facebook.com\/DanbyAppliances\",\"https:\/\/x.com\/DanbyAppliance\",\"https:\/\/instagram.com\/danbyappliances\/\",\"https:\/\/www.linkedin.com\/company\/danbyappliances\",\"https:\/\/www.pinterest.ca\/danbyappliances\/\",\"https:\/\/www.youtube.com\/user\/DanbyProducts\",\"https:\/\/en.wikipedia.org\/wiki\/Danby_(appliances)\"]}]}<\/script>\n<!-- \/ Yoast SEO plugin. -->","yoast_head_json":{"title":"Premiere 30 Pinte D\u00e9shumidificateur - DDR30B3WP | Danby Canada","description":"Ce d\u00e9shumidificateur de 14,2 litres (30 chopines), vous permet non seulement d\u2019am\u00e9liorer la sant\u00e9 de votre famille, mais aussi son confort. Cet appareil portatif efficace, homologu\u00e9 Energy Star\u00ae, fonctionne silencieusement dans des pi\u00e8ces d\u2019une surface allant jusqu\u2019\u00e0 1 500 pi2. Son dispositif de basse temp\u00e9rature l\u2019autorise \u00e0 fonctionner jusqu\u2019\u00e0 ce que la temp\u00e9rature atteigne 5\u00b0C (41\u00b0F). Le filtre amovible et le syst\u00e8me d\u2019\u00e9vacuation directe simplifient grandement le nettoyage. Cette unit\u00e9 est pourvue d\u2019une fonction de red\u00e9marrage automatique et ses roulettes int\u00e9gr\u00e9es simplifient son d\u00e9placement d\u2019une pi\u00e8ce \u00e0 l\u2019autre. Cet \u00e9l\u00e9gant appareil utilise le r\u00e9frig\u00e9rant R410A, ce qui vous permet d\u2019avoir l\u2019esprit tranquille concernant la protection de la couche d\u2019ozone. Le syst\u00e8me de d\u00e9givrage automatique vous garantit que les serpentins sont toujours exempts de glace. Ce d\u00e9shumidificateur est couvert par notre garantie de 24 mois sur les pi\u00e8ces et la main-d\u2019\u0153uvre comprenant le service en atelier.","robots":{"index":"index","follow":"follow","max-snippet":"max-snippet:-1","max-image-preview":"max-image-preview:large","max-video-preview":"max-video-preview:-1"},"canonical":"https:\/\/www.danby.com\/fr\/products\/deshumidificateurs\/ddr30b3wp\/","og_locale":"fr_CA","og_type":"article","og_title":"Premiere 30 Pinte D\u00e9shumidificateur - DDR30B3WP | Danby Canada","og_description":"Ce d\u00e9shumidificateur de 14,2 litres (30 chopines), vous permet non seulement d\u2019am\u00e9liorer la sant\u00e9 de votre famille, mais aussi son confort. Cet appareil portatif efficace, homologu\u00e9 Energy Star\u00ae, fonctionne silencieusement dans des pi\u00e8ces d\u2019une surface allant jusqu\u2019\u00e0 1 500 pi2. Son dispositif de basse temp\u00e9rature l\u2019autorise \u00e0 fonctionner jusqu\u2019\u00e0 ce que la temp\u00e9rature atteigne 5\u00b0C (41\u00b0F). Le filtre amovible et le syst\u00e8me d\u2019\u00e9vacuation directe simplifient grandement le nettoyage. Cette unit\u00e9 est pourvue d\u2019une fonction de red\u00e9marrage automatique et ses roulettes int\u00e9gr\u00e9es simplifient son d\u00e9placement d\u2019une pi\u00e8ce \u00e0 l\u2019autre. Cet \u00e9l\u00e9gant appareil utilise le r\u00e9frig\u00e9rant R410A, ce qui vous permet d\u2019avoir l\u2019esprit tranquille concernant la protection de la couche d\u2019ozone. Le syst\u00e8me de d\u00e9givrage automatique vous garantit que les serpentins sont toujours exempts de glace. Ce d\u00e9shumidificateur est couvert par notre garantie de 24 mois sur les pi\u00e8ces et la main-d\u2019\u0153uvre comprenant le service en atelier.","og_url":"https:\/\/www.danby.com\/fr\/products\/deshumidificateurs\/ddr30b3wp\/","og_site_name":"Danby - Canada - French","article_publisher":"https:\/\/www.facebook.com\/DanbyAppliances","article_modified_time":"2026-04-19T10:07:49+00:00","og_image":[{"width":640,"height":800,"url":"https:\/\/cdnweb.danby.com\/wp-content\/uploads\/sites\/2\/2022\/02\/08205505\/Large_DDR30B3WP_front15.jpg","type":"image\/jpeg"}],"twitter_card":"summary_large_image","twitter_site":"@DanbyAppliance","schema":{"@context":"https:\/\/schema.org","@graph":[{"@type":["WebPage","ItemPage"],"url":"https:\/\/www.danby.com\/fr\/products\/deshumidificateurs\/ddr30b3wp\/","name":"Premiere 30 Pinte D\u00e9shumidificateur - DDR30B3WP | Danby Canada","isPartOf":[],"primaryImageOfPage":[],"image":[],"thumbnailUrl":"https:\/\/cdnweb.danby.com\/wp-content\/uploads\/sites\/2\/2022\/02\/08205505\/Large_DDR30B3WP_front15.jpg","datePublished":"2022-02-03T19:16:54+00:00","dateModified":"2026-04-19T10:07:49+00:00","description":"Ce d\u00e9shumidificateur de 14,2 litres (30 chopines), vous permet non seulement d\u2019am\u00e9liorer la sant\u00e9 de votre famille, mais aussi son confort. Cet appareil portatif efficace, homologu\u00e9 Energy Star\u00ae, fonctionne silencieusement dans des pi\u00e8ces d\u2019une surface allant jusqu\u2019\u00e0 1 500 pi2. Son dispositif de basse temp\u00e9rature l\u2019autorise \u00e0 fonctionner jusqu\u2019\u00e0 ce que la temp\u00e9rature atteigne 5\u00b0C (41\u00b0F). Le filtre amovible et le syst\u00e8me d\u2019\u00e9vacuation directe simplifient grandement le nettoyage. Cette unit\u00e9 est pourvue d\u2019une fonction de red\u00e9marrage automatique et ses roulettes int\u00e9gr\u00e9es simplifient son d\u00e9placement d\u2019une pi\u00e8ce \u00e0 l\u2019autre. Cet \u00e9l\u00e9gant appareil utilise le r\u00e9frig\u00e9rant R410A, ce qui vous permet d\u2019avoir l\u2019esprit tranquille concernant la protection de la couche d\u2019ozone. Le syst\u00e8me de d\u00e9givrage automatique vous garantit que les serpentins sont toujours exempts de glace. Ce d\u00e9shumidificateur est couvert par notre garantie de 24 mois sur les pi\u00e8ces et la main-d\u2019\u0153uvre comprenant le service en atelier.","breadcrumb":[],"inLanguage":"fr-CA","potentialAction":[{"@type":"ReadAction","target":["https:\/\/www.danby.com\/fr\/products\/deshumidificateurs\/ddr30b3wp\/"]}]},{"@type":"ImageObject","inLanguage":"fr-CA","url":"https:\/\/cdnweb.danby.com\/wp-content\/uploads\/sites\/2\/2022\/02\/08205505\/Large_DDR30B3WP_front15.jpg","contentUrl":"https:\/\/cdnweb.danby.com\/wp-content\/uploads\/sites\/2\/2022\/02\/08205505\/Large_DDR30B3WP_front15.jpg","width":640,"height":800},{"@type":"BreadcrumbList","itemListElement":[{"@type":"ListItem","position":1,"name":"Home","item":"https:\/\/www.danby.com\/fr\/"},{"@type":"ListItem","position":2,"name":"Boutique","item":"https:\/\/www.danby.com\/fr\/boutique\/"},{"@type":"ListItem","position":3,"name":"Premiere 30 Pinte D\u00e9shumidificateur"}]},{"@type":"WebSite","url":"https:\/\/www.danby.com\/fr\/","name":"Danby - Canada - French","description":"Leader dans le domaine de la r\u00e9frig\u00e9ration et des appareils sp\u00e9cialis\u00e9s","publisher":[],"potentialAction":[{"@type":"SearchAction","target":{"@type":"EntryPoint","urlTemplate":"https:\/\/www.danby.com\/fr\/?s={search_term_string}"},"query-input":{"@type":"PropertyValueSpecification","valueRequired":true,"valueName":"search_term_string"}}],"inLanguage":"fr-CA"},{"@type":"Organization","name":"Danby Appliances","url":"https:\/\/www.danby.com\/fr\/","logo":{"@type":"ImageObject","inLanguage":"fr-CA","url":"https:\/\/cdnweb.danby.com\/wp-content\/uploads\/sites\/2\/2022\/02\/10141906\/Danby75Ans_Blue.png","contentUrl":"https:\/\/cdnweb.danby.com\/wp-content\/uploads\/sites\/2\/2022\/02\/10141906\/Danby75Ans_Blue.png","width":470,"height":110,"caption":"Danby Appliances"},"image":[],"sameAs":["https:\/\/www.facebook.com\/DanbyAppliances","https:\/\/x.com\/DanbyAppliance","https:\/\/instagram.com\/danbyappliances\/","https:\/\/www.linkedin.com\/company\/danbyappliances","https:\/\/www.pinterest.ca\/danbyappliances\/","https:\/\/www.youtube.com\/user\/DanbyProducts","https:\/\/en.wikipedia.org\/wiki\/Danby_(appliances)"]}]}},"post_mailing_queue_ids":[],"_links":{"self":[{"href":"https:\/\/www.danby.com\/fr\/wp-json\/wp\/v2\/product\/4886","targetHints":{"allow":["GET"]}}],"collection":[{"href":"https:\/\/www.danby.com\/fr\/wp-json\/wp\/v2\/product"}],"about":[{"href":"https:\/\/www.danby.com\/fr\/wp-json\/wp\/v2\/types\/product"}],"replies":[{"embeddable":true,"href":"https:\/\/www.danby.com\/fr\/wp-json\/wp\/v2\/comments?post=4886"}],"wp:featuredmedia":[{"embeddable":true,"href":"https:\/\/www.danby.com\/fr\/wp-json\/wp\/v2\/media\/8555"}],"wp:attachment":[{"href":"https:\/\/www.danby.com\/fr\/wp-json\/wp\/v2\/media?parent=4886"}],"wp:term":[{"taxonomy":"product_brand","embeddable":true,"href":"https:\/\/www.danby.com\/fr\/wp-json\/wp\/v2\/product_brand?post=4886"},{"taxonomy":"product_cat","embeddable":true,"href":"https:\/\/www.danby.com\/fr\/wp-json\/wp\/v2\/product_cat?post=4886"},{"taxonomy":"product_tag","embeddable":true,"href":"https:\/\/www.danby.com\/fr\/wp-json\/wp\/v2\/product_tag?post=4886"}],"curies":[{"name":"wp","href":"https:\/\/api.w.org\/{rel}","templated":true}]}}