{"id":4884,"date":"2022-02-03T19:16:54","date_gmt":"2022-02-03T19:16:54","guid":{"rendered":"https:\/\/www.danby.com\/fr\/product\/ddr30b1wdb\/"},"modified":"2026-04-30T10:06:05","modified_gmt":"2026-04-30T10:06:05","slug":"ddr30b1wdb","status":"publish","type":"product","link":"https:\/\/www.danby.com\/fr\/products\/deshumidificateurs\/ddr30b1wdb\/","title":{"rendered":"Danby 30 Pint D\u00e9shumidificateur"},"content":{"rendered":"","protected":false},"excerpt":{"rendered":"<ul>\n<li>D\u00e9shumidificateur de 30 pintes (14,2 l) : contr\u00f4le l\u2019humidit\u00e9 dans des espaces de superficie allant jusqu\u2019\u00e0 1 500 pi\u00b2.<\/li>\n<li>Cote Energy Star<\/li>\n<li>Commandes \u00e9lectroniques avec affichage LED<\/li>\n<li>Puissant ventilateur \u00e0 2 vitesses<\/li>\n<li>D\u00e9shumidification intelligente : L\u2019unit\u00e9 contr\u00f4le automatiquement l\u2019humidit\u00e9 du local en fonction de la temp\u00e9rature ambiante<\/li>\n<li>La fonction de vidange directe permet un fonctionnement continu<\/li>\n<li>Red\u00e9marrage automatique : L\u2019unit\u00e9 red\u00e9marre automatiquement apr\u00e8s une panne de courant<\/li>\n<li>D\u00e9givrage automatique : emp\u00eache toute formation de givre<\/li>\n<li>Minuterie programmable sur 24 heures<\/li>\n<li>Fonction basse temp\u00e9rature : L\u2019unit\u00e9 fonctionne \u00e0 des temp\u00e9ratures aussi basses que 5 \u00b0C<\/li>\n<li>4 roulettes pour faciliter le transport de pi\u00e8ce en pi\u00e8ce<\/li>\n<li>Filtre lavable et r\u00e9utilisable<\/li>\n<li>Fluide frigorig\u00e8ne R410a \u00e9cologique<\/li>\n<li>Limited 2 year carry in warranty<\/li>\n<\/ul>\n","protected":false},"featured_media":10547,"comment_status":"closed","ping_status":"open","template":"","meta":{"_acf_changed":false},"product_brand":[],"product_cat":[23],"product_tag":[],"class_list":{"0":"post-4884","1":"product","2":"type-product","3":"status-publish","4":"has-post-thumbnail","6":"product_cat-deshumidificateurs","8":"first","9":"outofstock","10":"taxable","11":"shipping-taxable","12":"product-type-simple"},"acf":[],"yoast_head":"<!-- This site is optimized with the Yoast SEO plugin v27.5 - https:\/\/yoast.com\/product\/yoast-seo-wordpress\/ -->\n<title>Danby 30 Pint D\u00e9shumidificateur - DDR30B1WDB | Danby Canada<\/title>\n<meta name=\"description\" content=\"Avec ce d\u00e9shumidificateur de 30 pintes (14,2 litres) de la marque Danby Appliances, vous pourrez non seulement am\u00e9liorer la sant\u00e9 de votre famille, mais \u00e9galement leurs niveaux de confort. Cet appareil portatif cot\u00e9 Energy Star\u00ae est efficace et fonctionne silencieusement dans les locaux de superficie allant jusqu\u2019\u00e0 1 500 pieds carr\u00e9s. La fonction de d\u00e9shumidification intelligente contr\u00f4le automatiquement l\u2019humidit\u00e9 du local en fonction de la temp\u00e9rature ambiante. Le mode de fonctionnement basse temp\u00e9rature de l\u2019unit\u00e9 lui permet de fonctionner jusqu\u2019\u00e0 41 \u00b0F (5 \u00b0C). Le nettoyage est facilit\u00e9 gr\u00e2ce au filtre amovible et au syst\u00e8me de vidange directe. Cette unit\u00e9 est \u00e9quip\u00e9e d\u2019une fonction de red\u00e9marrage automatique et ses roulettes encastr\u00e9es permettent de la d\u00e9placer facilement et commod\u00e9ment d\u2019une pi\u00e8ce \u00e0 une autre. Cette unit\u00e9 attrayante fonctionne \u00e9galement avec le fluide frigorig\u00e8ne \u00e9cologique R410A, ce qui vous permet de bien dormir en sachant que vous faites du bien \u00e0 la couche d\u2019ozone. Le syst\u00e8me de d\u00e9givrage automatique garantit que les serpentins sont toujours exempts de glace. Ce d\u00e9shumidificateur est couvert par notre garantie de report de 2 ans.\" \/>\n<meta name=\"robots\" content=\"index, follow, max-snippet:-1, max-image-preview:large, max-video-preview:-1\" \/>\n<link rel=\"canonical\" href=\"https:\/\/www.danby.com\/fr\/products\/deshumidificateurs\/ddr30b1wdb\/\" \/>\n<meta property=\"og:locale\" content=\"fr_CA\" \/>\n<meta property=\"og:type\" content=\"article\" \/>\n<meta property=\"og:title\" content=\"Danby 30 Pint D\u00e9shumidificateur - DDR30B1WDB | Danby Canada\" \/>\n<meta property=\"og:description\" content=\"Avec ce d\u00e9shumidificateur de 30 pintes (14,2 litres) de la marque Danby Appliances, vous pourrez non seulement am\u00e9liorer la sant\u00e9 de votre famille, mais \u00e9galement leurs niveaux de confort. Cet appareil portatif cot\u00e9 Energy Star\u00ae est efficace et fonctionne silencieusement dans les locaux de superficie allant jusqu\u2019\u00e0 1 500 pieds carr\u00e9s. La fonction de d\u00e9shumidification intelligente contr\u00f4le automatiquement l\u2019humidit\u00e9 du local en fonction de la temp\u00e9rature ambiante. Le mode de fonctionnement basse temp\u00e9rature de l\u2019unit\u00e9 lui permet de fonctionner jusqu\u2019\u00e0 41 \u00b0F (5 \u00b0C). Le nettoyage est facilit\u00e9 gr\u00e2ce au filtre amovible et au syst\u00e8me de vidange directe. Cette unit\u00e9 est \u00e9quip\u00e9e d\u2019une fonction de red\u00e9marrage automatique et ses roulettes encastr\u00e9es permettent de la d\u00e9placer facilement et commod\u00e9ment d\u2019une pi\u00e8ce \u00e0 une autre. Cette unit\u00e9 attrayante fonctionne \u00e9galement avec le fluide frigorig\u00e8ne \u00e9cologique R410A, ce qui vous permet de bien dormir en sachant que vous faites du bien \u00e0 la couche d\u2019ozone. Le syst\u00e8me de d\u00e9givrage automatique garantit que les serpentins sont toujours exempts de glace. Ce d\u00e9shumidificateur est couvert par notre garantie de report de 2 ans.\" \/>\n<meta property=\"og:url\" content=\"https:\/\/www.danby.com\/fr\/products\/deshumidificateurs\/ddr30b1wdb\/\" \/>\n<meta property=\"og:site_name\" content=\"Danby - Canada - French\" \/>\n<meta property=\"article:publisher\" content=\"https:\/\/www.facebook.com\/DanbyAppliances\" \/>\n<meta property=\"article:modified_time\" content=\"2026-04-30T10:06:05+00:00\" \/>\n<meta property=\"og:image\" content=\"https:\/\/cdnweb.danby.com\/wp-content\/uploads\/sites\/2\/2022\/02\/08232008\/DDR30B1WDB_Right.jpg\" \/>\n\t<meta property=\"og:image:width\" content=\"450\" \/>\n\t<meta property=\"og:image:height\" content=\"560\" \/>\n\t<meta property=\"og:image:type\" content=\"image\/jpeg\" \/>\n<meta name=\"twitter:card\" content=\"summary_large_image\" \/>\n<meta name=\"twitter:site\" content=\"@DanbyAppliance\" \/>\n<script type=\"application\/ld+json\" class=\"yoast-schema-graph\">{\"@context\":\"https:\\\/\\\/schema.org\",\"@graph\":[{\"@type\":[\"WebPage\",\"ItemPage\"],\"url\":\"https:\\\/\\\/www.danby.com\\\/fr\\\/products\\\/deshumidificateurs\\\/ddr30b1wdb\\\/\",\"name\":\"Danby 30 Pint D\u00e9shumidificateur - DDR30B1WDB | Danby Canada\",\"isPartOf\":[],\"primaryImageOfPage\":[],\"image\":[],\"thumbnailUrl\":\"https:\\\/\\\/cdnweb.danby.com\\\/wp-content\\\/uploads\\\/sites\\\/2\\\/2022\\\/02\\\/08232008\\\/DDR30B1WDB_Right.jpg\",\"datePublished\":\"2022-02-03T19:16:54+00:00\",\"dateModified\":\"2026-04-30T10:06:05+00:00\",\"description\":\"Avec ce d\u00e9shumidificateur de 30 pintes (14,2 litres) de la marque Danby Appliances, vous pourrez non seulement am\u00e9liorer la sant\u00e9 de votre famille, mais \u00e9galement leurs niveaux de confort. Cet appareil portatif cot\u00e9 Energy Star\u00ae est efficace et fonctionne silencieusement dans les locaux de superficie allant jusqu\u2019\u00e0 1 500 pieds carr\u00e9s. La fonction de d\u00e9shumidification intelligente contr\u00f4le automatiquement l\u2019humidit\u00e9 du local en fonction de la temp\u00e9rature ambiante. Le mode de fonctionnement basse temp\u00e9rature de l\u2019unit\u00e9 lui permet de fonctionner jusqu\u2019\u00e0 41 \u00b0F (5 \u00b0C). Le nettoyage est facilit\u00e9 gr\u00e2ce au filtre amovible et au syst\u00e8me de vidange directe. Cette unit\u00e9 est \u00e9quip\u00e9e d\u2019une fonction de red\u00e9marrage automatique et ses roulettes encastr\u00e9es permettent de la d\u00e9placer facilement et commod\u00e9ment d\u2019une pi\u00e8ce \u00e0 une autre. Cette unit\u00e9 attrayante fonctionne \u00e9galement avec le fluide frigorig\u00e8ne \u00e9cologique R410A, ce qui vous permet de bien dormir en sachant que vous faites du bien \u00e0 la couche d\u2019ozone. Le syst\u00e8me de d\u00e9givrage automatique garantit que les serpentins sont toujours exempts de glace. Ce d\u00e9shumidificateur est couvert par notre garantie de report de 2 ans.\",\"breadcrumb\":[],\"inLanguage\":\"fr-CA\",\"potentialAction\":[{\"@type\":\"ReadAction\",\"target\":[\"https:\\\/\\\/www.danby.com\\\/fr\\\/products\\\/deshumidificateurs\\\/ddr30b1wdb\\\/\"]}]},{\"@type\":\"ImageObject\",\"inLanguage\":\"fr-CA\",\"url\":\"https:\\\/\\\/cdnweb.danby.com\\\/wp-content\\\/uploads\\\/sites\\\/2\\\/2022\\\/02\\\/08232008\\\/DDR30B1WDB_Right.jpg\",\"contentUrl\":\"https:\\\/\\\/cdnweb.danby.com\\\/wp-content\\\/uploads\\\/sites\\\/2\\\/2022\\\/02\\\/08232008\\\/DDR30B1WDB_Right.jpg\",\"width\":450,\"height\":560},{\"@type\":\"BreadcrumbList\",\"itemListElement\":[{\"@type\":\"ListItem\",\"position\":1,\"name\":\"Home\",\"item\":\"https:\\\/\\\/www.danby.com\\\/fr\\\/\"},{\"@type\":\"ListItem\",\"position\":2,\"name\":\"Boutique\",\"item\":\"https:\\\/\\\/www.danby.com\\\/fr\\\/boutique\\\/\"},{\"@type\":\"ListItem\",\"position\":3,\"name\":\"Danby 30 Pint D\u00e9shumidificateur\"}]},{\"@type\":\"WebSite\",\"url\":\"https:\\\/\\\/www.danby.com\\\/fr\\\/\",\"name\":\"Danby - Canada - French\",\"description\":\"Leader dans le domaine de la r\u00e9frig\u00e9ration et des appareils sp\u00e9cialis\u00e9s\",\"publisher\":[],\"potentialAction\":[{\"@type\":\"SearchAction\",\"target\":{\"@type\":\"EntryPoint\",\"urlTemplate\":\"https:\\\/\\\/www.danby.com\\\/fr\\\/?s={search_term_string}\"},\"query-input\":{\"@type\":\"PropertyValueSpecification\",\"valueRequired\":true,\"valueName\":\"search_term_string\"}}],\"inLanguage\":\"fr-CA\"},{\"@type\":\"Organization\",\"name\":\"Danby Appliances\",\"url\":\"https:\\\/\\\/www.danby.com\\\/fr\\\/\",\"logo\":{\"@type\":\"ImageObject\",\"inLanguage\":\"fr-CA\",\"url\":\"https:\\\/\\\/cdnweb.danby.com\\\/wp-content\\\/uploads\\\/sites\\\/2\\\/2022\\\/02\\\/10141906\\\/Danby75Ans_Blue.png\",\"contentUrl\":\"https:\\\/\\\/cdnweb.danby.com\\\/wp-content\\\/uploads\\\/sites\\\/2\\\/2022\\\/02\\\/10141906\\\/Danby75Ans_Blue.png\",\"width\":470,\"height\":110,\"caption\":\"Danby Appliances\"},\"image\":[],\"sameAs\":[\"https:\\\/\\\/www.facebook.com\\\/DanbyAppliances\",\"https:\\\/\\\/x.com\\\/DanbyAppliance\",\"https:\\\/\\\/instagram.com\\\/danbyappliances\\\/\",\"https:\\\/\\\/www.linkedin.com\\\/company\\\/danbyappliances\",\"https:\\\/\\\/www.pinterest.ca\\\/danbyappliances\\\/\",\"https:\\\/\\\/www.youtube.com\\\/user\\\/DanbyProducts\",\"https:\\\/\\\/en.wikipedia.org\\\/wiki\\\/Danby_(appliances)\"]}]}<\/script>\n<!-- \/ Yoast SEO plugin. -->","yoast_head_json":{"title":"Danby 30 Pint D\u00e9shumidificateur - DDR30B1WDB | Danby Canada","description":"Avec ce d\u00e9shumidificateur de 30 pintes (14,2 litres) de la marque Danby Appliances, vous pourrez non seulement am\u00e9liorer la sant\u00e9 de votre famille, mais \u00e9galement leurs niveaux de confort. Cet appareil portatif cot\u00e9 Energy Star\u00ae est efficace et fonctionne silencieusement dans les locaux de superficie allant jusqu\u2019\u00e0 1 500 pieds carr\u00e9s. La fonction de d\u00e9shumidification intelligente contr\u00f4le automatiquement l\u2019humidit\u00e9 du local en fonction de la temp\u00e9rature ambiante. Le mode de fonctionnement basse temp\u00e9rature de l\u2019unit\u00e9 lui permet de fonctionner jusqu\u2019\u00e0 41 \u00b0F (5 \u00b0C). Le nettoyage est facilit\u00e9 gr\u00e2ce au filtre amovible et au syst\u00e8me de vidange directe. Cette unit\u00e9 est \u00e9quip\u00e9e d\u2019une fonction de red\u00e9marrage automatique et ses roulettes encastr\u00e9es permettent de la d\u00e9placer facilement et commod\u00e9ment d\u2019une pi\u00e8ce \u00e0 une autre. Cette unit\u00e9 attrayante fonctionne \u00e9galement avec le fluide frigorig\u00e8ne \u00e9cologique R410A, ce qui vous permet de bien dormir en sachant que vous faites du bien \u00e0 la couche d\u2019ozone. Le syst\u00e8me de d\u00e9givrage automatique garantit que les serpentins sont toujours exempts de glace. Ce d\u00e9shumidificateur est couvert par notre garantie de report de 2 ans.","robots":{"index":"index","follow":"follow","max-snippet":"max-snippet:-1","max-image-preview":"max-image-preview:large","max-video-preview":"max-video-preview:-1"},"canonical":"https:\/\/www.danby.com\/fr\/products\/deshumidificateurs\/ddr30b1wdb\/","og_locale":"fr_CA","og_type":"article","og_title":"Danby 30 Pint D\u00e9shumidificateur - DDR30B1WDB | Danby Canada","og_description":"Avec ce d\u00e9shumidificateur de 30 pintes (14,2 litres) de la marque Danby Appliances, vous pourrez non seulement am\u00e9liorer la sant\u00e9 de votre famille, mais \u00e9galement leurs niveaux de confort. Cet appareil portatif cot\u00e9 Energy Star\u00ae est efficace et fonctionne silencieusement dans les locaux de superficie allant jusqu\u2019\u00e0 1 500 pieds carr\u00e9s. La fonction de d\u00e9shumidification intelligente contr\u00f4le automatiquement l\u2019humidit\u00e9 du local en fonction de la temp\u00e9rature ambiante. Le mode de fonctionnement basse temp\u00e9rature de l\u2019unit\u00e9 lui permet de fonctionner jusqu\u2019\u00e0 41 \u00b0F (5 \u00b0C). Le nettoyage est facilit\u00e9 gr\u00e2ce au filtre amovible et au syst\u00e8me de vidange directe. Cette unit\u00e9 est \u00e9quip\u00e9e d\u2019une fonction de red\u00e9marrage automatique et ses roulettes encastr\u00e9es permettent de la d\u00e9placer facilement et commod\u00e9ment d\u2019une pi\u00e8ce \u00e0 une autre. Cette unit\u00e9 attrayante fonctionne \u00e9galement avec le fluide frigorig\u00e8ne \u00e9cologique R410A, ce qui vous permet de bien dormir en sachant que vous faites du bien \u00e0 la couche d\u2019ozone. Le syst\u00e8me de d\u00e9givrage automatique garantit que les serpentins sont toujours exempts de glace. Ce d\u00e9shumidificateur est couvert par notre garantie de report de 2 ans.","og_url":"https:\/\/www.danby.com\/fr\/products\/deshumidificateurs\/ddr30b1wdb\/","og_site_name":"Danby - Canada - French","article_publisher":"https:\/\/www.facebook.com\/DanbyAppliances","article_modified_time":"2026-04-30T10:06:05+00:00","og_image":[{"width":450,"height":560,"url":"https:\/\/cdnweb.danby.com\/wp-content\/uploads\/sites\/2\/2022\/02\/08232008\/DDR30B1WDB_Right.jpg","type":"image\/jpeg"}],"twitter_card":"summary_large_image","twitter_site":"@DanbyAppliance","schema":{"@context":"https:\/\/schema.org","@graph":[{"@type":["WebPage","ItemPage"],"url":"https:\/\/www.danby.com\/fr\/products\/deshumidificateurs\/ddr30b1wdb\/","name":"Danby 30 Pint D\u00e9shumidificateur - DDR30B1WDB | Danby Canada","isPartOf":[],"primaryImageOfPage":[],"image":[],"thumbnailUrl":"https:\/\/cdnweb.danby.com\/wp-content\/uploads\/sites\/2\/2022\/02\/08232008\/DDR30B1WDB_Right.jpg","datePublished":"2022-02-03T19:16:54+00:00","dateModified":"2026-04-30T10:06:05+00:00","description":"Avec ce d\u00e9shumidificateur de 30 pintes (14,2 litres) de la marque Danby Appliances, vous pourrez non seulement am\u00e9liorer la sant\u00e9 de votre famille, mais \u00e9galement leurs niveaux de confort. Cet appareil portatif cot\u00e9 Energy Star\u00ae est efficace et fonctionne silencieusement dans les locaux de superficie allant jusqu\u2019\u00e0 1 500 pieds carr\u00e9s. La fonction de d\u00e9shumidification intelligente contr\u00f4le automatiquement l\u2019humidit\u00e9 du local en fonction de la temp\u00e9rature ambiante. Le mode de fonctionnement basse temp\u00e9rature de l\u2019unit\u00e9 lui permet de fonctionner jusqu\u2019\u00e0 41 \u00b0F (5 \u00b0C). Le nettoyage est facilit\u00e9 gr\u00e2ce au filtre amovible et au syst\u00e8me de vidange directe. Cette unit\u00e9 est \u00e9quip\u00e9e d\u2019une fonction de red\u00e9marrage automatique et ses roulettes encastr\u00e9es permettent de la d\u00e9placer facilement et commod\u00e9ment d\u2019une pi\u00e8ce \u00e0 une autre. Cette unit\u00e9 attrayante fonctionne \u00e9galement avec le fluide frigorig\u00e8ne \u00e9cologique R410A, ce qui vous permet de bien dormir en sachant que vous faites du bien \u00e0 la couche d\u2019ozone. Le syst\u00e8me de d\u00e9givrage automatique garantit que les serpentins sont toujours exempts de glace. Ce d\u00e9shumidificateur est couvert par notre garantie de report de 2 ans.","breadcrumb":[],"inLanguage":"fr-CA","potentialAction":[{"@type":"ReadAction","target":["https:\/\/www.danby.com\/fr\/products\/deshumidificateurs\/ddr30b1wdb\/"]}]},{"@type":"ImageObject","inLanguage":"fr-CA","url":"https:\/\/cdnweb.danby.com\/wp-content\/uploads\/sites\/2\/2022\/02\/08232008\/DDR30B1WDB_Right.jpg","contentUrl":"https:\/\/cdnweb.danby.com\/wp-content\/uploads\/sites\/2\/2022\/02\/08232008\/DDR30B1WDB_Right.jpg","width":450,"height":560},{"@type":"BreadcrumbList","itemListElement":[{"@type":"ListItem","position":1,"name":"Home","item":"https:\/\/www.danby.com\/fr\/"},{"@type":"ListItem","position":2,"name":"Boutique","item":"https:\/\/www.danby.com\/fr\/boutique\/"},{"@type":"ListItem","position":3,"name":"Danby 30 Pint D\u00e9shumidificateur"}]},{"@type":"WebSite","url":"https:\/\/www.danby.com\/fr\/","name":"Danby - Canada - French","description":"Leader dans le domaine de la r\u00e9frig\u00e9ration et des appareils sp\u00e9cialis\u00e9s","publisher":[],"potentialAction":[{"@type":"SearchAction","target":{"@type":"EntryPoint","urlTemplate":"https:\/\/www.danby.com\/fr\/?s={search_term_string}"},"query-input":{"@type":"PropertyValueSpecification","valueRequired":true,"valueName":"search_term_string"}}],"inLanguage":"fr-CA"},{"@type":"Organization","name":"Danby Appliances","url":"https:\/\/www.danby.com\/fr\/","logo":{"@type":"ImageObject","inLanguage":"fr-CA","url":"https:\/\/cdnweb.danby.com\/wp-content\/uploads\/sites\/2\/2022\/02\/10141906\/Danby75Ans_Blue.png","contentUrl":"https:\/\/cdnweb.danby.com\/wp-content\/uploads\/sites\/2\/2022\/02\/10141906\/Danby75Ans_Blue.png","width":470,"height":110,"caption":"Danby Appliances"},"image":[],"sameAs":["https:\/\/www.facebook.com\/DanbyAppliances","https:\/\/x.com\/DanbyAppliance","https:\/\/instagram.com\/danbyappliances\/","https:\/\/www.linkedin.com\/company\/danbyappliances","https:\/\/www.pinterest.ca\/danbyappliances\/","https:\/\/www.youtube.com\/user\/DanbyProducts","https:\/\/en.wikipedia.org\/wiki\/Danby_(appliances)"]}]}},"post_mailing_queue_ids":[],"_links":{"self":[{"href":"https:\/\/www.danby.com\/fr\/wp-json\/wp\/v2\/product\/4884","targetHints":{"allow":["GET"]}}],"collection":[{"href":"https:\/\/www.danby.com\/fr\/wp-json\/wp\/v2\/product"}],"about":[{"href":"https:\/\/www.danby.com\/fr\/wp-json\/wp\/v2\/types\/product"}],"replies":[{"embeddable":true,"href":"https:\/\/www.danby.com\/fr\/wp-json\/wp\/v2\/comments?post=4884"}],"wp:featuredmedia":[{"embeddable":true,"href":"https:\/\/www.danby.com\/fr\/wp-json\/wp\/v2\/media\/10547"}],"wp:attachment":[{"href":"https:\/\/www.danby.com\/fr\/wp-json\/wp\/v2\/media?parent=4884"}],"wp:term":[{"taxonomy":"product_brand","embeddable":true,"href":"https:\/\/www.danby.com\/fr\/wp-json\/wp\/v2\/product_brand?post=4884"},{"taxonomy":"product_cat","embeddable":true,"href":"https:\/\/www.danby.com\/fr\/wp-json\/wp\/v2\/product_cat?post=4884"},{"taxonomy":"product_tag","embeddable":true,"href":"https:\/\/www.danby.com\/fr\/wp-json\/wp\/v2\/product_tag?post=4884"}],"curies":[{"name":"wp","href":"https:\/\/api.w.org\/{rel}","templated":true}]}}