{"id":4883,"date":"2022-02-03T19:16:54","date_gmt":"2022-02-03T19:16:54","guid":{"rendered":"https:\/\/www.danby.com\/fr\/product\/ddr30b1gp\/"},"modified":"2026-04-29T10:22:46","modified_gmt":"2026-04-29T10:22:46","slug":"ddr30b1gp","status":"publish","type":"product","link":"https:\/\/www.danby.com\/fr\/products\/deshumidificateurs\/ddr30b1gp\/","title":{"rendered":"Premiere 30 Pinte D\u00e9shumidificateur"},"content":{"rendered":"","protected":false},"excerpt":{"rendered":"<ul>\n<li>Capacit\u00e9 de 14,2 litres (30 pintes am\u00e9ricaines) par 24 heures <\/li>\n<li>Pour des surfaces allant jusqu&#8217;\u00e0 1,500 pi2, d\u00e9pendant des conditions <\/li>\n<li>Homologu\u00e9 Energy StarMD <\/li>\n<li>R\u00e9frig\u00e9rant R410a respectueux de l&#8217;environnement <\/li>\n<li>Fonctionnement silencieux <\/li>\n<li>R\u00e9glages de l&#8217;humidit\u00e9 <\/li>\n<li>D\u00e9givreur automatique emp\u00eachant l&#8217;accumulation de glace sur les serpentins <\/li>\n<li>Filtre \u00e0 air amovible, ais\u00e9 \u00e0 nettoyer <\/li>\n<li>2 vitesses du ventilateur <\/li>\n<li>Fonction de basse temp\u00e9rature, permettant au syst\u00e8me de fonctionner jusqu&#8217;\u00e0 ce que la temp\u00e9rature atteigne 5\u00baC <\/li>\n<\/ul>\n","protected":false},"featured_media":8554,"comment_status":"closed","ping_status":"open","template":"","meta":{"_acf_changed":false},"product_brand":[],"product_cat":[23],"product_tag":[],"class_list":{"0":"post-4883","1":"product","2":"type-product","3":"status-publish","4":"has-post-thumbnail","6":"product_cat-deshumidificateurs","8":"first","9":"outofstock","10":"taxable","11":"shipping-taxable","12":"product-type-simple"},"acf":[],"yoast_head":"<!-- This site is optimized with the Yoast SEO plugin v27.5 - https:\/\/yoast.com\/product\/yoast-seo-wordpress\/ -->\n<title>Premiere 30 Pinte D\u00e9shumidificateur - DDR30B1GP | Danby Canada<\/title>\n<meta name=\"description\" content=\"L\u2019air humide et froid provoque souvent des allergies et les moisissures endommagent la structure de votre habitation. Ces enjeux peuvent facilement \u00eatre neutralis\u00e9s gr\u00e2ce \u00e0 ce d\u00e9shumidificateur portatif de 14,2 litres (30 chopines). Ce mod\u00e8le costaud est id\u00e9al pour retirer l&#039;humidit\u00e9 de l&#039;air dans les sous-sols et autres lieux d\u2019une surface allant jusqu&#039;\u00e0 environ 1500 pieds carr\u00e9s. Il n\u2019en co\u00fbtera pas les yeux de la t\u00eate \u00e0 le faire fonctionner, \u00e9tant donn\u00e9 qu\u2019il est homologu\u00e9 Energy Star et qu\u2019il utilise le r\u00e9frig\u00e9rant \u00e9cologique R410A. Cet appareil est dot\u00e9 d&#039;un panneau de commande \u00e9lectronique convivial, d\u2019un dispositif de d\u00e9givrage automatique, pour \u00e9viter que de la glace se forme sur les serpentins, de m\u00eame que de param\u00e8tres d&#039;humidit\u00e9 r\u00e9glables. Le ventilateur \u00e0 deux vitesses silencieux et la fonction de red\u00e9marrage automatique sont accompagn\u00e9s d\u2019un filtre amovible pour qui favorise un nettoyage facile et rapide. L\u2019astucieuse composante de basse temp\u00e9rature de l&#039;appareil continue \u00e0 fonctionner, jusqu&#039;\u00e0 ce que la temp\u00e9rature atteigne 5\u00b0C (41\u00b0F) et le syst\u00e8me d&#039;\u00e9vacuation directe pratique lui assure un fonctionnement en continu. Les roulettes int\u00e9gr\u00e9es simplifient le d\u00e9placement du d\u00e9shumidificateur et il b\u00e9n\u00e9ficie en plus d\u2019une garantie de 24 mois sur les pi\u00e8ces et la main-d&#039;\u0153uvre, incluant le service apr\u00e8s-vente en atelier.\" \/>\n<meta name=\"robots\" content=\"index, follow, max-snippet:-1, max-image-preview:large, max-video-preview:-1\" \/>\n<link rel=\"canonical\" href=\"https:\/\/www.danby.com\/fr\/products\/deshumidificateurs\/ddr30b1gp\/\" \/>\n<meta property=\"og:locale\" content=\"fr_CA\" \/>\n<meta property=\"og:type\" content=\"article\" \/>\n<meta property=\"og:title\" content=\"Premiere 30 Pinte D\u00e9shumidificateur - DDR30B1GP | Danby Canada\" \/>\n<meta property=\"og:description\" content=\"L\u2019air humide et froid provoque souvent des allergies et les moisissures endommagent la structure de votre habitation. Ces enjeux peuvent facilement \u00eatre neutralis\u00e9s gr\u00e2ce \u00e0 ce d\u00e9shumidificateur portatif de 14,2 litres (30 chopines). Ce mod\u00e8le costaud est id\u00e9al pour retirer l&#039;humidit\u00e9 de l&#039;air dans les sous-sols et autres lieux d\u2019une surface allant jusqu&#039;\u00e0 environ 1500 pieds carr\u00e9s. Il n\u2019en co\u00fbtera pas les yeux de la t\u00eate \u00e0 le faire fonctionner, \u00e9tant donn\u00e9 qu\u2019il est homologu\u00e9 Energy Star et qu\u2019il utilise le r\u00e9frig\u00e9rant \u00e9cologique R410A. Cet appareil est dot\u00e9 d&#039;un panneau de commande \u00e9lectronique convivial, d\u2019un dispositif de d\u00e9givrage automatique, pour \u00e9viter que de la glace se forme sur les serpentins, de m\u00eame que de param\u00e8tres d&#039;humidit\u00e9 r\u00e9glables. Le ventilateur \u00e0 deux vitesses silencieux et la fonction de red\u00e9marrage automatique sont accompagn\u00e9s d\u2019un filtre amovible pour qui favorise un nettoyage facile et rapide. L\u2019astucieuse composante de basse temp\u00e9rature de l&#039;appareil continue \u00e0 fonctionner, jusqu&#039;\u00e0 ce que la temp\u00e9rature atteigne 5\u00b0C (41\u00b0F) et le syst\u00e8me d&#039;\u00e9vacuation directe pratique lui assure un fonctionnement en continu. Les roulettes int\u00e9gr\u00e9es simplifient le d\u00e9placement du d\u00e9shumidificateur et il b\u00e9n\u00e9ficie en plus d\u2019une garantie de 24 mois sur les pi\u00e8ces et la main-d&#039;\u0153uvre, incluant le service apr\u00e8s-vente en atelier.\" \/>\n<meta property=\"og:url\" content=\"https:\/\/www.danby.com\/fr\/products\/deshumidificateurs\/ddr30b1gp\/\" \/>\n<meta property=\"og:site_name\" content=\"Danby - Canada - French\" \/>\n<meta property=\"article:publisher\" content=\"https:\/\/www.facebook.com\/DanbyAppliances\" \/>\n<meta property=\"article:modified_time\" content=\"2026-04-29T10:22:46+00:00\" \/>\n<meta property=\"og:image\" content=\"https:\/\/cdnweb.danby.com\/wp-content\/uploads\/sites\/2\/2022\/02\/08205504\/Medium-DDR30B1GP.jpg\" \/>\n\t<meta property=\"og:image:width\" content=\"300\" \/>\n\t<meta property=\"og:image:height\" content=\"272\" \/>\n\t<meta property=\"og:image:type\" content=\"image\/jpeg\" \/>\n<meta name=\"twitter:card\" content=\"summary_large_image\" \/>\n<meta name=\"twitter:site\" content=\"@DanbyAppliance\" \/>\n<script type=\"application\/ld+json\" class=\"yoast-schema-graph\">{\"@context\":\"https:\\\/\\\/schema.org\",\"@graph\":[{\"@type\":[\"WebPage\",\"ItemPage\"],\"url\":\"https:\\\/\\\/www.danby.com\\\/fr\\\/products\\\/deshumidificateurs\\\/ddr30b1gp\\\/\",\"name\":\"Premiere 30 Pinte D\u00e9shumidificateur - DDR30B1GP | Danby Canada\",\"isPartOf\":[],\"primaryImageOfPage\":[],\"image\":[],\"thumbnailUrl\":\"https:\\\/\\\/cdnweb.danby.com\\\/wp-content\\\/uploads\\\/sites\\\/2\\\/2022\\\/02\\\/08205504\\\/Medium-DDR30B1GP.jpg\",\"datePublished\":\"2022-02-03T19:16:54+00:00\",\"dateModified\":\"2026-04-29T10:22:46+00:00\",\"description\":\"L\u2019air humide et froid provoque souvent des allergies et les moisissures endommagent la structure de votre habitation. Ces enjeux peuvent facilement \u00eatre neutralis\u00e9s gr\u00e2ce \u00e0 ce d\u00e9shumidificateur portatif de 14,2 litres (30 chopines). Ce mod\u00e8le costaud est id\u00e9al pour retirer l'humidit\u00e9 de l'air dans les sous-sols et autres lieux d\u2019une surface allant jusqu'\u00e0 environ 1500 pieds carr\u00e9s. Il n\u2019en co\u00fbtera pas les yeux de la t\u00eate \u00e0 le faire fonctionner, \u00e9tant donn\u00e9 qu\u2019il est homologu\u00e9 Energy Star et qu\u2019il utilise le r\u00e9frig\u00e9rant \u00e9cologique R410A. Cet appareil est dot\u00e9 d'un panneau de commande \u00e9lectronique convivial, d\u2019un dispositif de d\u00e9givrage automatique, pour \u00e9viter que de la glace se forme sur les serpentins, de m\u00eame que de param\u00e8tres d'humidit\u00e9 r\u00e9glables. Le ventilateur \u00e0 deux vitesses silencieux et la fonction de red\u00e9marrage automatique sont accompagn\u00e9s d\u2019un filtre amovible pour qui favorise un nettoyage facile et rapide. L\u2019astucieuse composante de basse temp\u00e9rature de l'appareil continue \u00e0 fonctionner, jusqu'\u00e0 ce que la temp\u00e9rature atteigne 5\u00b0C (41\u00b0F) et le syst\u00e8me d'\u00e9vacuation directe pratique lui assure un fonctionnement en continu. Les roulettes int\u00e9gr\u00e9es simplifient le d\u00e9placement du d\u00e9shumidificateur et il b\u00e9n\u00e9ficie en plus d\u2019une garantie de 24 mois sur les pi\u00e8ces et la main-d'\u0153uvre, incluant le service apr\u00e8s-vente en atelier.\",\"breadcrumb\":[],\"inLanguage\":\"fr-CA\",\"potentialAction\":[{\"@type\":\"ReadAction\",\"target\":[\"https:\\\/\\\/www.danby.com\\\/fr\\\/products\\\/deshumidificateurs\\\/ddr30b1gp\\\/\"]}]},{\"@type\":\"ImageObject\",\"inLanguage\":\"fr-CA\",\"url\":\"https:\\\/\\\/cdnweb.danby.com\\\/wp-content\\\/uploads\\\/sites\\\/2\\\/2022\\\/02\\\/08205504\\\/Medium-DDR30B1GP.jpg\",\"contentUrl\":\"https:\\\/\\\/cdnweb.danby.com\\\/wp-content\\\/uploads\\\/sites\\\/2\\\/2022\\\/02\\\/08205504\\\/Medium-DDR30B1GP.jpg\",\"width\":300,\"height\":272},{\"@type\":\"BreadcrumbList\",\"itemListElement\":[{\"@type\":\"ListItem\",\"position\":1,\"name\":\"Home\",\"item\":\"https:\\\/\\\/www.danby.com\\\/fr\\\/\"},{\"@type\":\"ListItem\",\"position\":2,\"name\":\"Boutique\",\"item\":\"https:\\\/\\\/www.danby.com\\\/fr\\\/boutique\\\/\"},{\"@type\":\"ListItem\",\"position\":3,\"name\":\"Premiere 30 Pinte D\u00e9shumidificateur\"}]},{\"@type\":\"WebSite\",\"url\":\"https:\\\/\\\/www.danby.com\\\/fr\\\/\",\"name\":\"Danby - Canada - French\",\"description\":\"Leader dans le domaine de la r\u00e9frig\u00e9ration et des appareils sp\u00e9cialis\u00e9s\",\"publisher\":[],\"potentialAction\":[{\"@type\":\"SearchAction\",\"target\":{\"@type\":\"EntryPoint\",\"urlTemplate\":\"https:\\\/\\\/www.danby.com\\\/fr\\\/?s={search_term_string}\"},\"query-input\":{\"@type\":\"PropertyValueSpecification\",\"valueRequired\":true,\"valueName\":\"search_term_string\"}}],\"inLanguage\":\"fr-CA\"},{\"@type\":\"Organization\",\"name\":\"Danby Appliances\",\"url\":\"https:\\\/\\\/www.danby.com\\\/fr\\\/\",\"logo\":{\"@type\":\"ImageObject\",\"inLanguage\":\"fr-CA\",\"url\":\"https:\\\/\\\/cdnweb.danby.com\\\/wp-content\\\/uploads\\\/sites\\\/2\\\/2022\\\/02\\\/10141906\\\/Danby75Ans_Blue.png\",\"contentUrl\":\"https:\\\/\\\/cdnweb.danby.com\\\/wp-content\\\/uploads\\\/sites\\\/2\\\/2022\\\/02\\\/10141906\\\/Danby75Ans_Blue.png\",\"width\":470,\"height\":110,\"caption\":\"Danby Appliances\"},\"image\":[],\"sameAs\":[\"https:\\\/\\\/www.facebook.com\\\/DanbyAppliances\",\"https:\\\/\\\/x.com\\\/DanbyAppliance\",\"https:\\\/\\\/instagram.com\\\/danbyappliances\\\/\",\"https:\\\/\\\/www.linkedin.com\\\/company\\\/danbyappliances\",\"https:\\\/\\\/www.pinterest.ca\\\/danbyappliances\\\/\",\"https:\\\/\\\/www.youtube.com\\\/user\\\/DanbyProducts\",\"https:\\\/\\\/en.wikipedia.org\\\/wiki\\\/Danby_(appliances)\"]}]}<\/script>\n<!-- \/ Yoast SEO plugin. -->","yoast_head_json":{"title":"Premiere 30 Pinte D\u00e9shumidificateur - DDR30B1GP | Danby Canada","description":"L\u2019air humide et froid provoque souvent des allergies et les moisissures endommagent la structure de votre habitation. Ces enjeux peuvent facilement \u00eatre neutralis\u00e9s gr\u00e2ce \u00e0 ce d\u00e9shumidificateur portatif de 14,2 litres (30 chopines). Ce mod\u00e8le costaud est id\u00e9al pour retirer l'humidit\u00e9 de l'air dans les sous-sols et autres lieux d\u2019une surface allant jusqu'\u00e0 environ 1500 pieds carr\u00e9s. Il n\u2019en co\u00fbtera pas les yeux de la t\u00eate \u00e0 le faire fonctionner, \u00e9tant donn\u00e9 qu\u2019il est homologu\u00e9 Energy Star et qu\u2019il utilise le r\u00e9frig\u00e9rant \u00e9cologique R410A. Cet appareil est dot\u00e9 d'un panneau de commande \u00e9lectronique convivial, d\u2019un dispositif de d\u00e9givrage automatique, pour \u00e9viter que de la glace se forme sur les serpentins, de m\u00eame que de param\u00e8tres d'humidit\u00e9 r\u00e9glables. Le ventilateur \u00e0 deux vitesses silencieux et la fonction de red\u00e9marrage automatique sont accompagn\u00e9s d\u2019un filtre amovible pour qui favorise un nettoyage facile et rapide. L\u2019astucieuse composante de basse temp\u00e9rature de l'appareil continue \u00e0 fonctionner, jusqu'\u00e0 ce que la temp\u00e9rature atteigne 5\u00b0C (41\u00b0F) et le syst\u00e8me d'\u00e9vacuation directe pratique lui assure un fonctionnement en continu. Les roulettes int\u00e9gr\u00e9es simplifient le d\u00e9placement du d\u00e9shumidificateur et il b\u00e9n\u00e9ficie en plus d\u2019une garantie de 24 mois sur les pi\u00e8ces et la main-d'\u0153uvre, incluant le service apr\u00e8s-vente en atelier.","robots":{"index":"index","follow":"follow","max-snippet":"max-snippet:-1","max-image-preview":"max-image-preview:large","max-video-preview":"max-video-preview:-1"},"canonical":"https:\/\/www.danby.com\/fr\/products\/deshumidificateurs\/ddr30b1gp\/","og_locale":"fr_CA","og_type":"article","og_title":"Premiere 30 Pinte D\u00e9shumidificateur - DDR30B1GP | Danby Canada","og_description":"L\u2019air humide et froid provoque souvent des allergies et les moisissures endommagent la structure de votre habitation. Ces enjeux peuvent facilement \u00eatre neutralis\u00e9s gr\u00e2ce \u00e0 ce d\u00e9shumidificateur portatif de 14,2 litres (30 chopines). Ce mod\u00e8le costaud est id\u00e9al pour retirer l'humidit\u00e9 de l'air dans les sous-sols et autres lieux d\u2019une surface allant jusqu'\u00e0 environ 1500 pieds carr\u00e9s. Il n\u2019en co\u00fbtera pas les yeux de la t\u00eate \u00e0 le faire fonctionner, \u00e9tant donn\u00e9 qu\u2019il est homologu\u00e9 Energy Star et qu\u2019il utilise le r\u00e9frig\u00e9rant \u00e9cologique R410A. Cet appareil est dot\u00e9 d'un panneau de commande \u00e9lectronique convivial, d\u2019un dispositif de d\u00e9givrage automatique, pour \u00e9viter que de la glace se forme sur les serpentins, de m\u00eame que de param\u00e8tres d'humidit\u00e9 r\u00e9glables. Le ventilateur \u00e0 deux vitesses silencieux et la fonction de red\u00e9marrage automatique sont accompagn\u00e9s d\u2019un filtre amovible pour qui favorise un nettoyage facile et rapide. L\u2019astucieuse composante de basse temp\u00e9rature de l'appareil continue \u00e0 fonctionner, jusqu'\u00e0 ce que la temp\u00e9rature atteigne 5\u00b0C (41\u00b0F) et le syst\u00e8me d'\u00e9vacuation directe pratique lui assure un fonctionnement en continu. Les roulettes int\u00e9gr\u00e9es simplifient le d\u00e9placement du d\u00e9shumidificateur et il b\u00e9n\u00e9ficie en plus d\u2019une garantie de 24 mois sur les pi\u00e8ces et la main-d'\u0153uvre, incluant le service apr\u00e8s-vente en atelier.","og_url":"https:\/\/www.danby.com\/fr\/products\/deshumidificateurs\/ddr30b1gp\/","og_site_name":"Danby - Canada - French","article_publisher":"https:\/\/www.facebook.com\/DanbyAppliances","article_modified_time":"2026-04-29T10:22:46+00:00","og_image":[{"width":300,"height":272,"url":"https:\/\/cdnweb.danby.com\/wp-content\/uploads\/sites\/2\/2022\/02\/08205504\/Medium-DDR30B1GP.jpg","type":"image\/jpeg"}],"twitter_card":"summary_large_image","twitter_site":"@DanbyAppliance","schema":{"@context":"https:\/\/schema.org","@graph":[{"@type":["WebPage","ItemPage"],"url":"https:\/\/www.danby.com\/fr\/products\/deshumidificateurs\/ddr30b1gp\/","name":"Premiere 30 Pinte D\u00e9shumidificateur - DDR30B1GP | Danby Canada","isPartOf":[],"primaryImageOfPage":[],"image":[],"thumbnailUrl":"https:\/\/cdnweb.danby.com\/wp-content\/uploads\/sites\/2\/2022\/02\/08205504\/Medium-DDR30B1GP.jpg","datePublished":"2022-02-03T19:16:54+00:00","dateModified":"2026-04-29T10:22:46+00:00","description":"L\u2019air humide et froid provoque souvent des allergies et les moisissures endommagent la structure de votre habitation. Ces enjeux peuvent facilement \u00eatre neutralis\u00e9s gr\u00e2ce \u00e0 ce d\u00e9shumidificateur portatif de 14,2 litres (30 chopines). Ce mod\u00e8le costaud est id\u00e9al pour retirer l'humidit\u00e9 de l'air dans les sous-sols et autres lieux d\u2019une surface allant jusqu'\u00e0 environ 1500 pieds carr\u00e9s. Il n\u2019en co\u00fbtera pas les yeux de la t\u00eate \u00e0 le faire fonctionner, \u00e9tant donn\u00e9 qu\u2019il est homologu\u00e9 Energy Star et qu\u2019il utilise le r\u00e9frig\u00e9rant \u00e9cologique R410A. Cet appareil est dot\u00e9 d'un panneau de commande \u00e9lectronique convivial, d\u2019un dispositif de d\u00e9givrage automatique, pour \u00e9viter que de la glace se forme sur les serpentins, de m\u00eame que de param\u00e8tres d'humidit\u00e9 r\u00e9glables. Le ventilateur \u00e0 deux vitesses silencieux et la fonction de red\u00e9marrage automatique sont accompagn\u00e9s d\u2019un filtre amovible pour qui favorise un nettoyage facile et rapide. L\u2019astucieuse composante de basse temp\u00e9rature de l'appareil continue \u00e0 fonctionner, jusqu'\u00e0 ce que la temp\u00e9rature atteigne 5\u00b0C (41\u00b0F) et le syst\u00e8me d'\u00e9vacuation directe pratique lui assure un fonctionnement en continu. Les roulettes int\u00e9gr\u00e9es simplifient le d\u00e9placement du d\u00e9shumidificateur et il b\u00e9n\u00e9ficie en plus d\u2019une garantie de 24 mois sur les pi\u00e8ces et la main-d'\u0153uvre, incluant le service apr\u00e8s-vente en atelier.","breadcrumb":[],"inLanguage":"fr-CA","potentialAction":[{"@type":"ReadAction","target":["https:\/\/www.danby.com\/fr\/products\/deshumidificateurs\/ddr30b1gp\/"]}]},{"@type":"ImageObject","inLanguage":"fr-CA","url":"https:\/\/cdnweb.danby.com\/wp-content\/uploads\/sites\/2\/2022\/02\/08205504\/Medium-DDR30B1GP.jpg","contentUrl":"https:\/\/cdnweb.danby.com\/wp-content\/uploads\/sites\/2\/2022\/02\/08205504\/Medium-DDR30B1GP.jpg","width":300,"height":272},{"@type":"BreadcrumbList","itemListElement":[{"@type":"ListItem","position":1,"name":"Home","item":"https:\/\/www.danby.com\/fr\/"},{"@type":"ListItem","position":2,"name":"Boutique","item":"https:\/\/www.danby.com\/fr\/boutique\/"},{"@type":"ListItem","position":3,"name":"Premiere 30 Pinte D\u00e9shumidificateur"}]},{"@type":"WebSite","url":"https:\/\/www.danby.com\/fr\/","name":"Danby - Canada - French","description":"Leader dans le domaine de la r\u00e9frig\u00e9ration et des appareils sp\u00e9cialis\u00e9s","publisher":[],"potentialAction":[{"@type":"SearchAction","target":{"@type":"EntryPoint","urlTemplate":"https:\/\/www.danby.com\/fr\/?s={search_term_string}"},"query-input":{"@type":"PropertyValueSpecification","valueRequired":true,"valueName":"search_term_string"}}],"inLanguage":"fr-CA"},{"@type":"Organization","name":"Danby Appliances","url":"https:\/\/www.danby.com\/fr\/","logo":{"@type":"ImageObject","inLanguage":"fr-CA","url":"https:\/\/cdnweb.danby.com\/wp-content\/uploads\/sites\/2\/2022\/02\/10141906\/Danby75Ans_Blue.png","contentUrl":"https:\/\/cdnweb.danby.com\/wp-content\/uploads\/sites\/2\/2022\/02\/10141906\/Danby75Ans_Blue.png","width":470,"height":110,"caption":"Danby Appliances"},"image":[],"sameAs":["https:\/\/www.facebook.com\/DanbyAppliances","https:\/\/x.com\/DanbyAppliance","https:\/\/instagram.com\/danbyappliances\/","https:\/\/www.linkedin.com\/company\/danbyappliances","https:\/\/www.pinterest.ca\/danbyappliances\/","https:\/\/www.youtube.com\/user\/DanbyProducts","https:\/\/en.wikipedia.org\/wiki\/Danby_(appliances)"]}]}},"post_mailing_queue_ids":[],"_links":{"self":[{"href":"https:\/\/www.danby.com\/fr\/wp-json\/wp\/v2\/product\/4883","targetHints":{"allow":["GET"]}}],"collection":[{"href":"https:\/\/www.danby.com\/fr\/wp-json\/wp\/v2\/product"}],"about":[{"href":"https:\/\/www.danby.com\/fr\/wp-json\/wp\/v2\/types\/product"}],"replies":[{"embeddable":true,"href":"https:\/\/www.danby.com\/fr\/wp-json\/wp\/v2\/comments?post=4883"}],"wp:featuredmedia":[{"embeddable":true,"href":"https:\/\/www.danby.com\/fr\/wp-json\/wp\/v2\/media\/8554"}],"wp:attachment":[{"href":"https:\/\/www.danby.com\/fr\/wp-json\/wp\/v2\/media?parent=4883"}],"wp:term":[{"taxonomy":"product_brand","embeddable":true,"href":"https:\/\/www.danby.com\/fr\/wp-json\/wp\/v2\/product_brand?post=4883"},{"taxonomy":"product_cat","embeddable":true,"href":"https:\/\/www.danby.com\/fr\/wp-json\/wp\/v2\/product_cat?post=4883"},{"taxonomy":"product_tag","embeddable":true,"href":"https:\/\/www.danby.com\/fr\/wp-json\/wp\/v2\/product_tag?post=4883"}],"curies":[{"name":"wp","href":"https:\/\/api.w.org\/{rel}","templated":true}]}}