{"id":4882,"date":"2022-02-03T19:16:54","date_gmt":"2022-02-03T19:16:54","guid":{"rendered":"https:\/\/www.danby.com\/fr\/product\/ddr30b1gb\/"},"modified":"2026-04-11T10:02:36","modified_gmt":"2026-04-11T10:02:36","slug":"ddr30b1gb","status":"publish","type":"product","link":"https:\/\/www.danby.com\/fr\/products\/deshumidificateurs\/ddr30b1gb\/","title":{"rendered":"Danby 30 Pinte D\u00e9shumidificateur"},"content":{"rendered":"","protected":false},"excerpt":{"rendered":"<ul>\n<li>D\u00e9shumidificateur d&#8217;une capacit\u00e9 de 30 pintes (14,2 litres) par 24 heures<\/li>\n<li>Pour des espaces allant jusqu&#8217;\u00e0 2000 pieds carr\u00e9s. selon les conditions<\/li>\n<li>Conforme \u00e0 la norme Energy Star\u00ae<\/li>\n<li>R\u00e9frig\u00e9rant R410a \u00e9cologique<\/li>\n<li>Commandes \u00e9lectroniques<\/li>\n<li>Fonctionnement silencieux<\/li>\n<li>R\u00e9glages d&#8217;humidit\u00e9 r\u00e9glables<\/li>\n<li>Le d\u00e9givreur automatique emp\u00eache l&#8217;accumulation de glace sur les serpentins<\/li>\n<li>Filtre \u00e0 air amovible facile \u00e0 nettoyer<\/li>\n<li>2 vitesses de ventilateur<\/li>\n<\/ul>\n","protected":false},"featured_media":7216,"comment_status":"closed","ping_status":"open","template":"","meta":{"_acf_changed":false},"product_brand":[],"product_cat":[23],"product_tag":[],"class_list":{"0":"post-4882","1":"product","2":"type-product","3":"status-publish","4":"has-post-thumbnail","6":"product_cat-deshumidificateurs","8":"first","9":"outofstock","10":"taxable","11":"shipping-taxable","12":"product-type-simple"},"acf":[],"yoast_head":"<!-- This site is optimized with the Yoast SEO plugin v26.7 - https:\/\/yoast.com\/wordpress\/plugins\/seo\/ -->\n<title>Danby 30 Pinte D\u00e9shumidificateur - DDR30B1GB | Danby Canada<\/title>\n<meta name=\"description\" content=\"Luttez efficacement contre l\u2019inconfortable humidit\u00e9 estivale avec ce d\u00e9shumidificateur portable de 30 chopines (14,2 litres) \u00e0 la fine pointe de la technologie. Cet appareil est parfaitement adapt\u00e9 aux espaces allant jusqu&#039;\u00e0 2000 pieds carr\u00e9s. Sa conformit\u00e9 \u00e0 la norme Energy Star signifie qu&#039;il contribuera \u00e0 r\u00e9duire vos co\u00fbts d&#039;\u00e9nergie et l\u2019emploi du r\u00e9frig\u00e9rant R410A en fait un appareil respectueux de l&#039;environnement. Les fonctionnalit\u00e9s d&#039;humidit\u00e9 sont r\u00e9glables et programmables \u00e9lectroniquement, transformant leur op\u00e9ration en un jeu d&#039;enfant. L\u2019appareil est \u00e9quip\u00e9 d\u2019un ventilateur \u00e0 deux vitesses extr\u00eamement silencieux et gr\u00e2ce \u00e0 la fonction de d\u00e9givrage automatique, jamais vous ne constaterez aucune accumulation de glace sur les serpentins. Quand vient le temps de nettoyer l&#039;appareil, le pratique filtre \u00e0 air amovible transforme cette action en une sin\u00e9cure. Ce performant d\u00e9shumidificateur s\u2019accompagne d\u2019une garantie de 12 mois sur les pi\u00e8ces et la main d&#039;\u0153uvre.\" \/>\n<meta name=\"robots\" content=\"index, follow, max-snippet:-1, max-image-preview:large, max-video-preview:-1\" \/>\n<link rel=\"canonical\" href=\"https:\/\/www.danby.com\/fr\/products\/deshumidificateurs\/ddr30b1gb\/\" \/>\n<meta property=\"og:locale\" content=\"fr_CA\" \/>\n<meta property=\"og:type\" content=\"article\" \/>\n<meta property=\"og:title\" content=\"Danby 30 Pinte D\u00e9shumidificateur - DDR30B1GB | Danby Canada\" \/>\n<meta property=\"og:description\" content=\"Luttez efficacement contre l\u2019inconfortable humidit\u00e9 estivale avec ce d\u00e9shumidificateur portable de 30 chopines (14,2 litres) \u00e0 la fine pointe de la technologie. Cet appareil est parfaitement adapt\u00e9 aux espaces allant jusqu&#039;\u00e0 2000 pieds carr\u00e9s. Sa conformit\u00e9 \u00e0 la norme Energy Star signifie qu&#039;il contribuera \u00e0 r\u00e9duire vos co\u00fbts d&#039;\u00e9nergie et l\u2019emploi du r\u00e9frig\u00e9rant R410A en fait un appareil respectueux de l&#039;environnement. Les fonctionnalit\u00e9s d&#039;humidit\u00e9 sont r\u00e9glables et programmables \u00e9lectroniquement, transformant leur op\u00e9ration en un jeu d&#039;enfant. L\u2019appareil est \u00e9quip\u00e9 d\u2019un ventilateur \u00e0 deux vitesses extr\u00eamement silencieux et gr\u00e2ce \u00e0 la fonction de d\u00e9givrage automatique, jamais vous ne constaterez aucune accumulation de glace sur les serpentins. Quand vient le temps de nettoyer l&#039;appareil, le pratique filtre \u00e0 air amovible transforme cette action en une sin\u00e9cure. Ce performant d\u00e9shumidificateur s\u2019accompagne d\u2019une garantie de 12 mois sur les pi\u00e8ces et la main d&#039;\u0153uvre.\" \/>\n<meta property=\"og:url\" content=\"https:\/\/www.danby.com\/fr\/products\/deshumidificateurs\/ddr30b1gb\/\" \/>\n<meta property=\"og:site_name\" content=\"Danby - Canada - French\" \/>\n<meta property=\"article:publisher\" content=\"https:\/\/www.facebook.com\/DanbyAppliances\" \/>\n<meta property=\"article:modified_time\" content=\"2026-04-11T10:02:36+00:00\" \/>\n<meta property=\"og:image\" content=\"https:\/\/cdnweb.danby.com\/wp-content\/uploads\/sites\/2\/2022\/02\/08192204\/Medium-DDR30_45B1GB.jpg\" \/>\n\t<meta property=\"og:image:width\" content=\"300\" \/>\n\t<meta property=\"og:image:height\" content=\"272\" \/>\n\t<meta property=\"og:image:type\" content=\"image\/jpeg\" \/>\n<meta name=\"twitter:card\" content=\"summary_large_image\" \/>\n<meta name=\"twitter:site\" content=\"@DanbyAppliance\" \/>\n<script type=\"application\/ld+json\" class=\"yoast-schema-graph\">{\"@context\":\"https:\/\/schema.org\",\"@graph\":[{\"@type\":[\"WebPage\",\"ItemPage\"],\"url\":\"https:\/\/www.danby.com\/fr\/products\/deshumidificateurs\/ddr30b1gb\/\",\"name\":\"Danby 30 Pinte D\u00e9shumidificateur - DDR30B1GB | Danby Canada\",\"isPartOf\":[],\"primaryImageOfPage\":[],\"image\":[],\"thumbnailUrl\":\"https:\/\/cdnweb.danby.com\/wp-content\/uploads\/sites\/2\/2022\/02\/08192204\/Medium-DDR30_45B1GB.jpg\",\"datePublished\":\"2022-02-03T19:16:54+00:00\",\"dateModified\":\"2026-04-11T10:02:36+00:00\",\"description\":\"Luttez efficacement contre l\u2019inconfortable humidit\u00e9 estivale avec ce d\u00e9shumidificateur portable de 30 chopines (14,2 litres) \u00e0 la fine pointe de la technologie. Cet appareil est parfaitement adapt\u00e9 aux espaces allant jusqu'\u00e0 2000 pieds carr\u00e9s. Sa conformit\u00e9 \u00e0 la norme Energy Star signifie qu'il contribuera \u00e0 r\u00e9duire vos co\u00fbts d'\u00e9nergie et l\u2019emploi du r\u00e9frig\u00e9rant R410A en fait un appareil respectueux de l'environnement. Les fonctionnalit\u00e9s d'humidit\u00e9 sont r\u00e9glables et programmables \u00e9lectroniquement, transformant leur op\u00e9ration en un jeu d'enfant. L\u2019appareil est \u00e9quip\u00e9 d\u2019un ventilateur \u00e0 deux vitesses extr\u00eamement silencieux et gr\u00e2ce \u00e0 la fonction de d\u00e9givrage automatique, jamais vous ne constaterez aucune accumulation de glace sur les serpentins. Quand vient le temps de nettoyer l'appareil, le pratique filtre \u00e0 air amovible transforme cette action en une sin\u00e9cure. Ce performant d\u00e9shumidificateur s\u2019accompagne d\u2019une garantie de 12 mois sur les pi\u00e8ces et la main d'\u0153uvre.\",\"breadcrumb\":[],\"inLanguage\":\"fr-CA\",\"potentialAction\":[{\"@type\":\"ReadAction\",\"target\":[\"https:\/\/www.danby.com\/fr\/products\/deshumidificateurs\/ddr30b1gb\/\"]}]},{\"@type\":\"ImageObject\",\"inLanguage\":\"fr-CA\",\"url\":\"https:\/\/cdnweb.danby.com\/wp-content\/uploads\/sites\/2\/2022\/02\/08192204\/Medium-DDR30_45B1GB.jpg\",\"contentUrl\":\"https:\/\/cdnweb.danby.com\/wp-content\/uploads\/sites\/2\/2022\/02\/08192204\/Medium-DDR30_45B1GB.jpg\",\"width\":300,\"height\":272},{\"@type\":\"BreadcrumbList\",\"itemListElement\":[{\"@type\":\"ListItem\",\"position\":1,\"name\":\"Home\",\"item\":\"https:\/\/www.danby.com\/fr\/\"},{\"@type\":\"ListItem\",\"position\":2,\"name\":\"Boutique\",\"item\":\"https:\/\/www.danby.com\/fr\/boutique\/\"},{\"@type\":\"ListItem\",\"position\":3,\"name\":\"Danby 30 Pinte D\u00e9shumidificateur\"}]},{\"@type\":\"WebSite\",\"url\":\"https:\/\/www.danby.com\/fr\/\",\"name\":\"Danby - Canada - French\",\"description\":\"Leader dans le domaine de la r\u00e9frig\u00e9ration et des appareils sp\u00e9cialis\u00e9s\",\"publisher\":[],\"potentialAction\":[{\"@type\":\"SearchAction\",\"target\":{\"@type\":\"EntryPoint\",\"urlTemplate\":\"https:\/\/www.danby.com\/fr\/?s={search_term_string}\"},\"query-input\":{\"@type\":\"PropertyValueSpecification\",\"valueRequired\":true,\"valueName\":\"search_term_string\"}}],\"inLanguage\":\"fr-CA\"},{\"@type\":\"Organization\",\"name\":\"Danby Appliances\",\"url\":\"https:\/\/www.danby.com\/fr\/\",\"logo\":{\"@type\":\"ImageObject\",\"inLanguage\":\"fr-CA\",\"url\":\"https:\/\/cdnweb.danby.com\/wp-content\/uploads\/sites\/2\/2022\/02\/10141906\/Danby75Ans_Blue.png\",\"contentUrl\":\"https:\/\/cdnweb.danby.com\/wp-content\/uploads\/sites\/2\/2022\/02\/10141906\/Danby75Ans_Blue.png\",\"width\":470,\"height\":110,\"caption\":\"Danby Appliances\"},\"image\":[],\"sameAs\":[\"https:\/\/www.facebook.com\/DanbyAppliances\",\"https:\/\/x.com\/DanbyAppliance\",\"https:\/\/instagram.com\/danbyappliances\/\",\"https:\/\/www.linkedin.com\/company\/danbyappliances\",\"https:\/\/www.pinterest.ca\/danbyappliances\/\",\"https:\/\/www.youtube.com\/user\/DanbyProducts\",\"https:\/\/en.wikipedia.org\/wiki\/Danby_(appliances)\"]}]}<\/script>\n<!-- \/ Yoast SEO plugin. -->","yoast_head_json":{"title":"Danby 30 Pinte D\u00e9shumidificateur - DDR30B1GB | Danby Canada","description":"Luttez efficacement contre l\u2019inconfortable humidit\u00e9 estivale avec ce d\u00e9shumidificateur portable de 30 chopines (14,2 litres) \u00e0 la fine pointe de la technologie. Cet appareil est parfaitement adapt\u00e9 aux espaces allant jusqu'\u00e0 2000 pieds carr\u00e9s. Sa conformit\u00e9 \u00e0 la norme Energy Star signifie qu'il contribuera \u00e0 r\u00e9duire vos co\u00fbts d'\u00e9nergie et l\u2019emploi du r\u00e9frig\u00e9rant R410A en fait un appareil respectueux de l'environnement. Les fonctionnalit\u00e9s d'humidit\u00e9 sont r\u00e9glables et programmables \u00e9lectroniquement, transformant leur op\u00e9ration en un jeu d'enfant. L\u2019appareil est \u00e9quip\u00e9 d\u2019un ventilateur \u00e0 deux vitesses extr\u00eamement silencieux et gr\u00e2ce \u00e0 la fonction de d\u00e9givrage automatique, jamais vous ne constaterez aucune accumulation de glace sur les serpentins. Quand vient le temps de nettoyer l'appareil, le pratique filtre \u00e0 air amovible transforme cette action en une sin\u00e9cure. Ce performant d\u00e9shumidificateur s\u2019accompagne d\u2019une garantie de 12 mois sur les pi\u00e8ces et la main d'\u0153uvre.","robots":{"index":"index","follow":"follow","max-snippet":"max-snippet:-1","max-image-preview":"max-image-preview:large","max-video-preview":"max-video-preview:-1"},"canonical":"https:\/\/www.danby.com\/fr\/products\/deshumidificateurs\/ddr30b1gb\/","og_locale":"fr_CA","og_type":"article","og_title":"Danby 30 Pinte D\u00e9shumidificateur - DDR30B1GB | Danby Canada","og_description":"Luttez efficacement contre l\u2019inconfortable humidit\u00e9 estivale avec ce d\u00e9shumidificateur portable de 30 chopines (14,2 litres) \u00e0 la fine pointe de la technologie. Cet appareil est parfaitement adapt\u00e9 aux espaces allant jusqu'\u00e0 2000 pieds carr\u00e9s. Sa conformit\u00e9 \u00e0 la norme Energy Star signifie qu'il contribuera \u00e0 r\u00e9duire vos co\u00fbts d'\u00e9nergie et l\u2019emploi du r\u00e9frig\u00e9rant R410A en fait un appareil respectueux de l'environnement. Les fonctionnalit\u00e9s d'humidit\u00e9 sont r\u00e9glables et programmables \u00e9lectroniquement, transformant leur op\u00e9ration en un jeu d'enfant. L\u2019appareil est \u00e9quip\u00e9 d\u2019un ventilateur \u00e0 deux vitesses extr\u00eamement silencieux et gr\u00e2ce \u00e0 la fonction de d\u00e9givrage automatique, jamais vous ne constaterez aucune accumulation de glace sur les serpentins. Quand vient le temps de nettoyer l'appareil, le pratique filtre \u00e0 air amovible transforme cette action en une sin\u00e9cure. Ce performant d\u00e9shumidificateur s\u2019accompagne d\u2019une garantie de 12 mois sur les pi\u00e8ces et la main d'\u0153uvre.","og_url":"https:\/\/www.danby.com\/fr\/products\/deshumidificateurs\/ddr30b1gb\/","og_site_name":"Danby - Canada - French","article_publisher":"https:\/\/www.facebook.com\/DanbyAppliances","article_modified_time":"2026-04-11T10:02:36+00:00","og_image":[{"width":300,"height":272,"url":"https:\/\/cdnweb.danby.com\/wp-content\/uploads\/sites\/2\/2022\/02\/08192204\/Medium-DDR30_45B1GB.jpg","type":"image\/jpeg"}],"twitter_card":"summary_large_image","twitter_site":"@DanbyAppliance","schema":{"@context":"https:\/\/schema.org","@graph":[{"@type":["WebPage","ItemPage"],"url":"https:\/\/www.danby.com\/fr\/products\/deshumidificateurs\/ddr30b1gb\/","name":"Danby 30 Pinte D\u00e9shumidificateur - DDR30B1GB | Danby Canada","isPartOf":[],"primaryImageOfPage":[],"image":[],"thumbnailUrl":"https:\/\/cdnweb.danby.com\/wp-content\/uploads\/sites\/2\/2022\/02\/08192204\/Medium-DDR30_45B1GB.jpg","datePublished":"2022-02-03T19:16:54+00:00","dateModified":"2026-04-11T10:02:36+00:00","description":"Luttez efficacement contre l\u2019inconfortable humidit\u00e9 estivale avec ce d\u00e9shumidificateur portable de 30 chopines (14,2 litres) \u00e0 la fine pointe de la technologie. Cet appareil est parfaitement adapt\u00e9 aux espaces allant jusqu'\u00e0 2000 pieds carr\u00e9s. Sa conformit\u00e9 \u00e0 la norme Energy Star signifie qu'il contribuera \u00e0 r\u00e9duire vos co\u00fbts d'\u00e9nergie et l\u2019emploi du r\u00e9frig\u00e9rant R410A en fait un appareil respectueux de l'environnement. Les fonctionnalit\u00e9s d'humidit\u00e9 sont r\u00e9glables et programmables \u00e9lectroniquement, transformant leur op\u00e9ration en un jeu d'enfant. L\u2019appareil est \u00e9quip\u00e9 d\u2019un ventilateur \u00e0 deux vitesses extr\u00eamement silencieux et gr\u00e2ce \u00e0 la fonction de d\u00e9givrage automatique, jamais vous ne constaterez aucune accumulation de glace sur les serpentins. Quand vient le temps de nettoyer l'appareil, le pratique filtre \u00e0 air amovible transforme cette action en une sin\u00e9cure. Ce performant d\u00e9shumidificateur s\u2019accompagne d\u2019une garantie de 12 mois sur les pi\u00e8ces et la main d'\u0153uvre.","breadcrumb":[],"inLanguage":"fr-CA","potentialAction":[{"@type":"ReadAction","target":["https:\/\/www.danby.com\/fr\/products\/deshumidificateurs\/ddr30b1gb\/"]}]},{"@type":"ImageObject","inLanguage":"fr-CA","url":"https:\/\/cdnweb.danby.com\/wp-content\/uploads\/sites\/2\/2022\/02\/08192204\/Medium-DDR30_45B1GB.jpg","contentUrl":"https:\/\/cdnweb.danby.com\/wp-content\/uploads\/sites\/2\/2022\/02\/08192204\/Medium-DDR30_45B1GB.jpg","width":300,"height":272},{"@type":"BreadcrumbList","itemListElement":[{"@type":"ListItem","position":1,"name":"Home","item":"https:\/\/www.danby.com\/fr\/"},{"@type":"ListItem","position":2,"name":"Boutique","item":"https:\/\/www.danby.com\/fr\/boutique\/"},{"@type":"ListItem","position":3,"name":"Danby 30 Pinte D\u00e9shumidificateur"}]},{"@type":"WebSite","url":"https:\/\/www.danby.com\/fr\/","name":"Danby - Canada - French","description":"Leader dans le domaine de la r\u00e9frig\u00e9ration et des appareils sp\u00e9cialis\u00e9s","publisher":[],"potentialAction":[{"@type":"SearchAction","target":{"@type":"EntryPoint","urlTemplate":"https:\/\/www.danby.com\/fr\/?s={search_term_string}"},"query-input":{"@type":"PropertyValueSpecification","valueRequired":true,"valueName":"search_term_string"}}],"inLanguage":"fr-CA"},{"@type":"Organization","name":"Danby Appliances","url":"https:\/\/www.danby.com\/fr\/","logo":{"@type":"ImageObject","inLanguage":"fr-CA","url":"https:\/\/cdnweb.danby.com\/wp-content\/uploads\/sites\/2\/2022\/02\/10141906\/Danby75Ans_Blue.png","contentUrl":"https:\/\/cdnweb.danby.com\/wp-content\/uploads\/sites\/2\/2022\/02\/10141906\/Danby75Ans_Blue.png","width":470,"height":110,"caption":"Danby Appliances"},"image":[],"sameAs":["https:\/\/www.facebook.com\/DanbyAppliances","https:\/\/x.com\/DanbyAppliance","https:\/\/instagram.com\/danbyappliances\/","https:\/\/www.linkedin.com\/company\/danbyappliances","https:\/\/www.pinterest.ca\/danbyappliances\/","https:\/\/www.youtube.com\/user\/DanbyProducts","https:\/\/en.wikipedia.org\/wiki\/Danby_(appliances)"]}]}},"post_mailing_queue_ids":[],"_links":{"self":[{"href":"https:\/\/www.danby.com\/fr\/wp-json\/wp\/v2\/product\/4882","targetHints":{"allow":["GET"]}}],"collection":[{"href":"https:\/\/www.danby.com\/fr\/wp-json\/wp\/v2\/product"}],"about":[{"href":"https:\/\/www.danby.com\/fr\/wp-json\/wp\/v2\/types\/product"}],"replies":[{"embeddable":true,"href":"https:\/\/www.danby.com\/fr\/wp-json\/wp\/v2\/comments?post=4882"}],"wp:featuredmedia":[{"embeddable":true,"href":"https:\/\/www.danby.com\/fr\/wp-json\/wp\/v2\/media\/7216"}],"wp:attachment":[{"href":"https:\/\/www.danby.com\/fr\/wp-json\/wp\/v2\/media?parent=4882"}],"wp:term":[{"taxonomy":"product_brand","embeddable":true,"href":"https:\/\/www.danby.com\/fr\/wp-json\/wp\/v2\/product_brand?post=4882"},{"taxonomy":"product_cat","embeddable":true,"href":"https:\/\/www.danby.com\/fr\/wp-json\/wp\/v2\/product_cat?post=4882"},{"taxonomy":"product_tag","embeddable":true,"href":"https:\/\/www.danby.com\/fr\/wp-json\/wp\/v2\/product_tag?post=4882"}],"curies":[{"name":"wp","href":"https:\/\/api.w.org\/{rel}","templated":true}]}}