{"id":4880,"date":"2022-02-03T19:16:48","date_gmt":"2022-02-03T19:16:48","guid":{"rendered":"https:\/\/www.danby.com\/fr\/product\/ddr095bdpwdb\/"},"modified":"2026-04-17T10:03:24","modified_gmt":"2026-04-17T10:03:24","slug":"ddr095bdpwdb","status":"publish","type":"product","link":"https:\/\/www.danby.com\/fr\/products\/deshumidificateurs\/ddr095bdpwdb\/","title":{"rendered":"Danby 95 Pint D\u00e9shumidificateur"},"content":{"rendered":"","protected":false},"excerpt":{"rendered":"<ul>\n<li>Capacit\u00e9 de 45,0 litres (95 chopines US) par 24 heures<\/li>\n<li>Pour les surfaces allant jusqu\u2019\u00e0 560 m\u00b2 (6 000 pieds carr\u00e9s), en fonction des conditions<\/li>\n<li>Certifi\u00e9 Energy Star<\/li>\n<li>Pompe verticale : L\u2019appareil peut pomper l\u2019eau directement dans un \u00e9vier ou un drain pour un fonctionnement continu<\/li>\n<li>Fonction ioniseur pour \u00e9liminer les bact\u00e9ries et les odeurs ind\u00e9sirables de la pi\u00e8ce<\/li>\n<li>Fonction de d\u00e9shumidification intelligente : l\u2019appareil contr\u00f4le automatiquement l\u2019humidit\u00e9 de la pi\u00e8ce en tenant compte de la temp\u00e9rature ambiante<\/li>\n<li>Fluide frigorig\u00e8ne respectueux de l\u2019environnement R410A<\/li>\n<li>Commandes \u00e9lectroniques<\/li>\n<li>Ventilateur \u00e0 2 vitesses (\u00e9lev\u00e9e\/basse)<\/li>\n<li>Le dispositif basse temp\u00e9rature permet \u00e0 l\u2019appareil de fonctionner \u00e0 des temp\u00e9ratures jusqu\u2019\u00e0 5 \u00b0C (41 \u00b0F)<\/li>\n<li>Red\u00e9marrage automatique : l\u2019appareil red\u00e9marre automatiquement apr\u00e8s une panne de courant<\/li>\n<li>Le d\u00e9givrage automatique emp\u00eache la formation de givre<\/li>\n<li>La fonction de vidage direct permet un fonctionnement continu<\/li>\n<li>Filtre \u00e0 air lavable et r\u00e9utilisable<\/li>\n<li>4 roulettes pour faciliter le d\u00e9placement d\u2019une pi\u00e8ce \u00e0 l\u2019autre<\/li>\n<li>Environmentally friendly R410A refrigerant<\/li>\n<li>Limited 2 year carry in warranty<\/li>\n<\/ul>\n","protected":false},"featured_media":9339,"comment_status":"closed","ping_status":"open","template":"","meta":{"_acf_changed":false},"product_brand":[],"product_cat":[23],"product_tag":[],"class_list":{"0":"post-4880","1":"product","2":"type-product","3":"status-publish","4":"has-post-thumbnail","6":"product_cat-deshumidificateurs","7":"pa_duree-de-la-garantie-en-mois-1169","9":"first","10":"outofstock","11":"taxable","12":"shipping-taxable","13":"product-type-simple"},"acf":[],"yoast_head":"<!-- This site is optimized with the Yoast SEO plugin v26.7 - https:\/\/yoast.com\/wordpress\/plugins\/seo\/ -->\n<title>Danby 95 Pint D\u00e9shumidificateur - DDR095BDPWDB | Danby Canada<\/title>\n<meta name=\"description\" content=\"D\u00e9barrassez votre maison de son humidit\u00e9 ind\u00e9sirable gr\u00e2ce \u00e0 de d\u00e9shumidificateur Danby de 45,0 litres (95 chopines US). Ce d\u00e9shumidificateur \u00e9limine jusqu\u2019\u00e0 23,7 litres (95 chopines US) d\u2019humidit\u00e9 dans une p\u00e9riode de 24 heures ; il est id\u00e9al pour les espaces jusqu\u2019\u00e0 560 m\u00b2 (6 000 pieds carr\u00e9s). La fonction de d\u00e9shumidification intelligente contr\u00f4le automatiquement l\u2019humidit\u00e9 de la pi\u00e8ce en tenant compte de la temp\u00e9rature ambiante. L\u2019ioniseur \u00e9limine les bact\u00e9ries et les odeurs ind\u00e9sirables de la pi\u00e8ce. De plus, la fonction de pompage vertical permet de pomper l\u2019eau directement dans un \u00e9vier ou un drain pour un fonctionnement continu. Cet appareil certifi\u00e9 Energy Star poss\u00e8de \u00e9galement une minuterie de 24 heures qui vous permet d\u2019utiliser votre d\u00e9shumidificateur Danby en dehors des heures de pointe pour vous aider \u00e0 \u00e9conomiser sur votre facture mensuelle d\u2019\u00e9lectricit\u00e9. Si vous pr\u00e9voyez d\u2019utiliser cet appareil dans un endroit froid, comme un sous-sol, la fonction de d\u00e9givrage automatique permet \u00e0 l\u2019appareil de fonctionner \u00e0 des temp\u00e9ratures jusqu\u2019\u00e0 5 \u00b0C (41 \u00b0F).\" \/>\n<meta name=\"robots\" content=\"index, follow, max-snippet:-1, max-image-preview:large, max-video-preview:-1\" \/>\n<link rel=\"canonical\" href=\"https:\/\/www.danby.com\/fr\/products\/deshumidificateurs\/ddr095bdpwdb\/\" \/>\n<meta property=\"og:locale\" content=\"fr_CA\" \/>\n<meta property=\"og:type\" content=\"article\" \/>\n<meta property=\"og:title\" content=\"Danby 95 Pint D\u00e9shumidificateur - DDR095BDPWDB | Danby Canada\" \/>\n<meta property=\"og:description\" content=\"D\u00e9barrassez votre maison de son humidit\u00e9 ind\u00e9sirable gr\u00e2ce \u00e0 de d\u00e9shumidificateur Danby de 45,0 litres (95 chopines US). Ce d\u00e9shumidificateur \u00e9limine jusqu\u2019\u00e0 23,7 litres (95 chopines US) d\u2019humidit\u00e9 dans une p\u00e9riode de 24 heures ; il est id\u00e9al pour les espaces jusqu\u2019\u00e0 560 m\u00b2 (6 000 pieds carr\u00e9s). La fonction de d\u00e9shumidification intelligente contr\u00f4le automatiquement l\u2019humidit\u00e9 de la pi\u00e8ce en tenant compte de la temp\u00e9rature ambiante. L\u2019ioniseur \u00e9limine les bact\u00e9ries et les odeurs ind\u00e9sirables de la pi\u00e8ce. De plus, la fonction de pompage vertical permet de pomper l\u2019eau directement dans un \u00e9vier ou un drain pour un fonctionnement continu. Cet appareil certifi\u00e9 Energy Star poss\u00e8de \u00e9galement une minuterie de 24 heures qui vous permet d\u2019utiliser votre d\u00e9shumidificateur Danby en dehors des heures de pointe pour vous aider \u00e0 \u00e9conomiser sur votre facture mensuelle d\u2019\u00e9lectricit\u00e9. Si vous pr\u00e9voyez d\u2019utiliser cet appareil dans un endroit froid, comme un sous-sol, la fonction de d\u00e9givrage automatique permet \u00e0 l\u2019appareil de fonctionner \u00e0 des temp\u00e9ratures jusqu\u2019\u00e0 5 \u00b0C (41 \u00b0F).\" \/>\n<meta property=\"og:url\" content=\"https:\/\/www.danby.com\/fr\/products\/deshumidificateurs\/ddr095bdpwdb\/\" \/>\n<meta property=\"og:site_name\" content=\"Danby - Canada - French\" \/>\n<meta property=\"article:publisher\" content=\"https:\/\/www.facebook.com\/DanbyAppliances\" \/>\n<meta property=\"article:modified_time\" content=\"2026-04-17T10:03:24+00:00\" \/>\n<meta property=\"og:image\" content=\"https:\/\/cdnweb.danby.com\/wp-content\/uploads\/sites\/2\/2022\/02\/08220123\/DDR095BDPWDB_Right.jpg\" \/>\n\t<meta property=\"og:image:width\" content=\"375\" \/>\n\t<meta property=\"og:image:height\" content=\"462\" \/>\n\t<meta property=\"og:image:type\" content=\"image\/jpeg\" \/>\n<meta name=\"twitter:card\" content=\"summary_large_image\" \/>\n<meta name=\"twitter:site\" content=\"@DanbyAppliance\" \/>\n<script type=\"application\/ld+json\" class=\"yoast-schema-graph\">{\"@context\":\"https:\/\/schema.org\",\"@graph\":[{\"@type\":[\"WebPage\",\"ItemPage\"],\"url\":\"https:\/\/www.danby.com\/fr\/products\/deshumidificateurs\/ddr095bdpwdb\/\",\"name\":\"Danby 95 Pint D\u00e9shumidificateur - DDR095BDPWDB | Danby Canada\",\"isPartOf\":[],\"primaryImageOfPage\":[],\"image\":[],\"thumbnailUrl\":\"https:\/\/cdnweb.danby.com\/wp-content\/uploads\/sites\/2\/2022\/02\/08220123\/DDR095BDPWDB_Right.jpg\",\"datePublished\":\"2022-02-03T19:16:48+00:00\",\"dateModified\":\"2026-04-17T10:03:24+00:00\",\"description\":\"D\u00e9barrassez votre maison de son humidit\u00e9 ind\u00e9sirable gr\u00e2ce \u00e0 de d\u00e9shumidificateur Danby de 45,0 litres (95 chopines US). Ce d\u00e9shumidificateur \u00e9limine jusqu\u2019\u00e0 23,7 litres (95 chopines US) d\u2019humidit\u00e9 dans une p\u00e9riode de 24 heures ; il est id\u00e9al pour les espaces jusqu\u2019\u00e0 560 m\u00b2 (6 000 pieds carr\u00e9s). La fonction de d\u00e9shumidification intelligente contr\u00f4le automatiquement l\u2019humidit\u00e9 de la pi\u00e8ce en tenant compte de la temp\u00e9rature ambiante. L\u2019ioniseur \u00e9limine les bact\u00e9ries et les odeurs ind\u00e9sirables de la pi\u00e8ce. De plus, la fonction de pompage vertical permet de pomper l\u2019eau directement dans un \u00e9vier ou un drain pour un fonctionnement continu. Cet appareil certifi\u00e9 Energy Star poss\u00e8de \u00e9galement une minuterie de 24 heures qui vous permet d\u2019utiliser votre d\u00e9shumidificateur Danby en dehors des heures de pointe pour vous aider \u00e0 \u00e9conomiser sur votre facture mensuelle d\u2019\u00e9lectricit\u00e9. Si vous pr\u00e9voyez d\u2019utiliser cet appareil dans un endroit froid, comme un sous-sol, la fonction de d\u00e9givrage automatique permet \u00e0 l\u2019appareil de fonctionner \u00e0 des temp\u00e9ratures jusqu\u2019\u00e0 5 \u00b0C (41 \u00b0F).\",\"breadcrumb\":[],\"inLanguage\":\"fr-CA\",\"potentialAction\":[{\"@type\":\"ReadAction\",\"target\":[\"https:\/\/www.danby.com\/fr\/products\/deshumidificateurs\/ddr095bdpwdb\/\"]}]},{\"@type\":\"ImageObject\",\"inLanguage\":\"fr-CA\",\"url\":\"https:\/\/cdnweb.danby.com\/wp-content\/uploads\/sites\/2\/2022\/02\/08220123\/DDR095BDPWDB_Right.jpg\",\"contentUrl\":\"https:\/\/cdnweb.danby.com\/wp-content\/uploads\/sites\/2\/2022\/02\/08220123\/DDR095BDPWDB_Right.jpg\",\"width\":375,\"height\":462},{\"@type\":\"BreadcrumbList\",\"itemListElement\":[{\"@type\":\"ListItem\",\"position\":1,\"name\":\"Home\",\"item\":\"https:\/\/www.danby.com\/fr\/\"},{\"@type\":\"ListItem\",\"position\":2,\"name\":\"Boutique\",\"item\":\"https:\/\/www.danby.com\/fr\/boutique\/\"},{\"@type\":\"ListItem\",\"position\":3,\"name\":\"Danby 95 Pint D\u00e9shumidificateur\"}]},{\"@type\":\"WebSite\",\"url\":\"https:\/\/www.danby.com\/fr\/\",\"name\":\"Danby - Canada - French\",\"description\":\"Leader dans le domaine de la r\u00e9frig\u00e9ration et des appareils sp\u00e9cialis\u00e9s\",\"publisher\":[],\"potentialAction\":[{\"@type\":\"SearchAction\",\"target\":{\"@type\":\"EntryPoint\",\"urlTemplate\":\"https:\/\/www.danby.com\/fr\/?s={search_term_string}\"},\"query-input\":{\"@type\":\"PropertyValueSpecification\",\"valueRequired\":true,\"valueName\":\"search_term_string\"}}],\"inLanguage\":\"fr-CA\"},{\"@type\":\"Organization\",\"name\":\"Danby Appliances\",\"url\":\"https:\/\/www.danby.com\/fr\/\",\"logo\":{\"@type\":\"ImageObject\",\"inLanguage\":\"fr-CA\",\"url\":\"https:\/\/cdnweb.danby.com\/wp-content\/uploads\/sites\/2\/2022\/02\/10141906\/Danby75Ans_Blue.png\",\"contentUrl\":\"https:\/\/cdnweb.danby.com\/wp-content\/uploads\/sites\/2\/2022\/02\/10141906\/Danby75Ans_Blue.png\",\"width\":470,\"height\":110,\"caption\":\"Danby Appliances\"},\"image\":[],\"sameAs\":[\"https:\/\/www.facebook.com\/DanbyAppliances\",\"https:\/\/x.com\/DanbyAppliance\",\"https:\/\/instagram.com\/danbyappliances\/\",\"https:\/\/www.linkedin.com\/company\/danbyappliances\",\"https:\/\/www.pinterest.ca\/danbyappliances\/\",\"https:\/\/www.youtube.com\/user\/DanbyProducts\",\"https:\/\/en.wikipedia.org\/wiki\/Danby_(appliances)\"]}]}<\/script>\n<!-- \/ Yoast SEO plugin. -->","yoast_head_json":{"title":"Danby 95 Pint D\u00e9shumidificateur - DDR095BDPWDB | Danby Canada","description":"D\u00e9barrassez votre maison de son humidit\u00e9 ind\u00e9sirable gr\u00e2ce \u00e0 de d\u00e9shumidificateur Danby de 45,0 litres (95 chopines US). Ce d\u00e9shumidificateur \u00e9limine jusqu\u2019\u00e0 23,7 litres (95 chopines US) d\u2019humidit\u00e9 dans une p\u00e9riode de 24 heures ; il est id\u00e9al pour les espaces jusqu\u2019\u00e0 560 m\u00b2 (6 000 pieds carr\u00e9s). La fonction de d\u00e9shumidification intelligente contr\u00f4le automatiquement l\u2019humidit\u00e9 de la pi\u00e8ce en tenant compte de la temp\u00e9rature ambiante. L\u2019ioniseur \u00e9limine les bact\u00e9ries et les odeurs ind\u00e9sirables de la pi\u00e8ce. De plus, la fonction de pompage vertical permet de pomper l\u2019eau directement dans un \u00e9vier ou un drain pour un fonctionnement continu. Cet appareil certifi\u00e9 Energy Star poss\u00e8de \u00e9galement une minuterie de 24 heures qui vous permet d\u2019utiliser votre d\u00e9shumidificateur Danby en dehors des heures de pointe pour vous aider \u00e0 \u00e9conomiser sur votre facture mensuelle d\u2019\u00e9lectricit\u00e9. Si vous pr\u00e9voyez d\u2019utiliser cet appareil dans un endroit froid, comme un sous-sol, la fonction de d\u00e9givrage automatique permet \u00e0 l\u2019appareil de fonctionner \u00e0 des temp\u00e9ratures jusqu\u2019\u00e0 5 \u00b0C (41 \u00b0F).","robots":{"index":"index","follow":"follow","max-snippet":"max-snippet:-1","max-image-preview":"max-image-preview:large","max-video-preview":"max-video-preview:-1"},"canonical":"https:\/\/www.danby.com\/fr\/products\/deshumidificateurs\/ddr095bdpwdb\/","og_locale":"fr_CA","og_type":"article","og_title":"Danby 95 Pint D\u00e9shumidificateur - DDR095BDPWDB | Danby Canada","og_description":"D\u00e9barrassez votre maison de son humidit\u00e9 ind\u00e9sirable gr\u00e2ce \u00e0 de d\u00e9shumidificateur Danby de 45,0 litres (95 chopines US). Ce d\u00e9shumidificateur \u00e9limine jusqu\u2019\u00e0 23,7 litres (95 chopines US) d\u2019humidit\u00e9 dans une p\u00e9riode de 24 heures ; il est id\u00e9al pour les espaces jusqu\u2019\u00e0 560 m\u00b2 (6 000 pieds carr\u00e9s). La fonction de d\u00e9shumidification intelligente contr\u00f4le automatiquement l\u2019humidit\u00e9 de la pi\u00e8ce en tenant compte de la temp\u00e9rature ambiante. L\u2019ioniseur \u00e9limine les bact\u00e9ries et les odeurs ind\u00e9sirables de la pi\u00e8ce. De plus, la fonction de pompage vertical permet de pomper l\u2019eau directement dans un \u00e9vier ou un drain pour un fonctionnement continu. Cet appareil certifi\u00e9 Energy Star poss\u00e8de \u00e9galement une minuterie de 24 heures qui vous permet d\u2019utiliser votre d\u00e9shumidificateur Danby en dehors des heures de pointe pour vous aider \u00e0 \u00e9conomiser sur votre facture mensuelle d\u2019\u00e9lectricit\u00e9. Si vous pr\u00e9voyez d\u2019utiliser cet appareil dans un endroit froid, comme un sous-sol, la fonction de d\u00e9givrage automatique permet \u00e0 l\u2019appareil de fonctionner \u00e0 des temp\u00e9ratures jusqu\u2019\u00e0 5 \u00b0C (41 \u00b0F).","og_url":"https:\/\/www.danby.com\/fr\/products\/deshumidificateurs\/ddr095bdpwdb\/","og_site_name":"Danby - Canada - French","article_publisher":"https:\/\/www.facebook.com\/DanbyAppliances","article_modified_time":"2026-04-17T10:03:24+00:00","og_image":[{"width":375,"height":462,"url":"https:\/\/cdnweb.danby.com\/wp-content\/uploads\/sites\/2\/2022\/02\/08220123\/DDR095BDPWDB_Right.jpg","type":"image\/jpeg"}],"twitter_card":"summary_large_image","twitter_site":"@DanbyAppliance","schema":{"@context":"https:\/\/schema.org","@graph":[{"@type":["WebPage","ItemPage"],"url":"https:\/\/www.danby.com\/fr\/products\/deshumidificateurs\/ddr095bdpwdb\/","name":"Danby 95 Pint D\u00e9shumidificateur - DDR095BDPWDB | Danby Canada","isPartOf":[],"primaryImageOfPage":[],"image":[],"thumbnailUrl":"https:\/\/cdnweb.danby.com\/wp-content\/uploads\/sites\/2\/2022\/02\/08220123\/DDR095BDPWDB_Right.jpg","datePublished":"2022-02-03T19:16:48+00:00","dateModified":"2026-04-17T10:03:24+00:00","description":"D\u00e9barrassez votre maison de son humidit\u00e9 ind\u00e9sirable gr\u00e2ce \u00e0 de d\u00e9shumidificateur Danby de 45,0 litres (95 chopines US). Ce d\u00e9shumidificateur \u00e9limine jusqu\u2019\u00e0 23,7 litres (95 chopines US) d\u2019humidit\u00e9 dans une p\u00e9riode de 24 heures ; il est id\u00e9al pour les espaces jusqu\u2019\u00e0 560 m\u00b2 (6 000 pieds carr\u00e9s). La fonction de d\u00e9shumidification intelligente contr\u00f4le automatiquement l\u2019humidit\u00e9 de la pi\u00e8ce en tenant compte de la temp\u00e9rature ambiante. L\u2019ioniseur \u00e9limine les bact\u00e9ries et les odeurs ind\u00e9sirables de la pi\u00e8ce. De plus, la fonction de pompage vertical permet de pomper l\u2019eau directement dans un \u00e9vier ou un drain pour un fonctionnement continu. Cet appareil certifi\u00e9 Energy Star poss\u00e8de \u00e9galement une minuterie de 24 heures qui vous permet d\u2019utiliser votre d\u00e9shumidificateur Danby en dehors des heures de pointe pour vous aider \u00e0 \u00e9conomiser sur votre facture mensuelle d\u2019\u00e9lectricit\u00e9. Si vous pr\u00e9voyez d\u2019utiliser cet appareil dans un endroit froid, comme un sous-sol, la fonction de d\u00e9givrage automatique permet \u00e0 l\u2019appareil de fonctionner \u00e0 des temp\u00e9ratures jusqu\u2019\u00e0 5 \u00b0C (41 \u00b0F).","breadcrumb":[],"inLanguage":"fr-CA","potentialAction":[{"@type":"ReadAction","target":["https:\/\/www.danby.com\/fr\/products\/deshumidificateurs\/ddr095bdpwdb\/"]}]},{"@type":"ImageObject","inLanguage":"fr-CA","url":"https:\/\/cdnweb.danby.com\/wp-content\/uploads\/sites\/2\/2022\/02\/08220123\/DDR095BDPWDB_Right.jpg","contentUrl":"https:\/\/cdnweb.danby.com\/wp-content\/uploads\/sites\/2\/2022\/02\/08220123\/DDR095BDPWDB_Right.jpg","width":375,"height":462},{"@type":"BreadcrumbList","itemListElement":[{"@type":"ListItem","position":1,"name":"Home","item":"https:\/\/www.danby.com\/fr\/"},{"@type":"ListItem","position":2,"name":"Boutique","item":"https:\/\/www.danby.com\/fr\/boutique\/"},{"@type":"ListItem","position":3,"name":"Danby 95 Pint D\u00e9shumidificateur"}]},{"@type":"WebSite","url":"https:\/\/www.danby.com\/fr\/","name":"Danby - Canada - French","description":"Leader dans le domaine de la r\u00e9frig\u00e9ration et des appareils sp\u00e9cialis\u00e9s","publisher":[],"potentialAction":[{"@type":"SearchAction","target":{"@type":"EntryPoint","urlTemplate":"https:\/\/www.danby.com\/fr\/?s={search_term_string}"},"query-input":{"@type":"PropertyValueSpecification","valueRequired":true,"valueName":"search_term_string"}}],"inLanguage":"fr-CA"},{"@type":"Organization","name":"Danby Appliances","url":"https:\/\/www.danby.com\/fr\/","logo":{"@type":"ImageObject","inLanguage":"fr-CA","url":"https:\/\/cdnweb.danby.com\/wp-content\/uploads\/sites\/2\/2022\/02\/10141906\/Danby75Ans_Blue.png","contentUrl":"https:\/\/cdnweb.danby.com\/wp-content\/uploads\/sites\/2\/2022\/02\/10141906\/Danby75Ans_Blue.png","width":470,"height":110,"caption":"Danby Appliances"},"image":[],"sameAs":["https:\/\/www.facebook.com\/DanbyAppliances","https:\/\/x.com\/DanbyAppliance","https:\/\/instagram.com\/danbyappliances\/","https:\/\/www.linkedin.com\/company\/danbyappliances","https:\/\/www.pinterest.ca\/danbyappliances\/","https:\/\/www.youtube.com\/user\/DanbyProducts","https:\/\/en.wikipedia.org\/wiki\/Danby_(appliances)"]}]}},"post_mailing_queue_ids":[],"_links":{"self":[{"href":"https:\/\/www.danby.com\/fr\/wp-json\/wp\/v2\/product\/4880","targetHints":{"allow":["GET"]}}],"collection":[{"href":"https:\/\/www.danby.com\/fr\/wp-json\/wp\/v2\/product"}],"about":[{"href":"https:\/\/www.danby.com\/fr\/wp-json\/wp\/v2\/types\/product"}],"replies":[{"embeddable":true,"href":"https:\/\/www.danby.com\/fr\/wp-json\/wp\/v2\/comments?post=4880"}],"wp:featuredmedia":[{"embeddable":true,"href":"https:\/\/www.danby.com\/fr\/wp-json\/wp\/v2\/media\/9339"}],"wp:attachment":[{"href":"https:\/\/www.danby.com\/fr\/wp-json\/wp\/v2\/media?parent=4880"}],"wp:term":[{"taxonomy":"product_brand","embeddable":true,"href":"https:\/\/www.danby.com\/fr\/wp-json\/wp\/v2\/product_brand?post=4880"},{"taxonomy":"product_cat","embeddable":true,"href":"https:\/\/www.danby.com\/fr\/wp-json\/wp\/v2\/product_cat?post=4880"},{"taxonomy":"product_tag","embeddable":true,"href":"https:\/\/www.danby.com\/fr\/wp-json\/wp\/v2\/product_tag?post=4880"}],"curies":[{"name":"wp","href":"https:\/\/api.w.org\/{rel}","templated":true}]}}