{"id":4878,"date":"2022-02-03T19:16:48","date_gmt":"2022-02-03T19:16:48","guid":{"rendered":"https:\/\/www.danby.com\/fr\/product\/ddr060bfcwdb\/"},"modified":"2026-04-18T10:07:14","modified_gmt":"2026-04-18T10:07:14","slug":"ddr060bfcwdb","status":"publish","type":"product","link":"https:\/\/www.danby.com\/fr\/products\/deshumidificateurs\/ddr060bfcwdb\/","title":{"rendered":"Danby 60 Pint D\u00e9shumidificateur"},"content":{"rendered":"","protected":false},"excerpt":{"rendered":"<ul>\n<li>Capacit\u00e9 de 60 pintes (28,4 litres) par p\u00e9riode de 24 heures<\/li>\n<li>Certifi\u00e9 Energy Star\u00ae<\/li>\n<li>Fluide frigorig\u00e8ne R410A \u00e9cologique<\/li>\n<li>La fonction de vidange directe permet un fonctionnement continu<\/li>\n<li>Le d\u00e9givrage automatique emp\u00eache l\u2019accumulation de gel<\/li>\n<li>Filtre \u00e0 air lavable et r\u00e9utilisable<\/li>\n<li>Fonction de d\u00e9shumidification intelligente : L\u2019appareil contr\u00f4lera automatiquement l\u2019humidit\u00e9 ambiante en fonction de la temp\u00e9rature ambiante<\/li>\n<li>Commandes \u00e9lectroniques<\/li>\n<li>2 vitesses de ventilation (\u00e9lev\u00e9e\/basse)<\/li>\n<li>Red\u00e9marrage automatique : l\u2019appareil red\u00e9marre automatiquement apr\u00e8s une panne de courant<\/li>\n<li>4 roulettes pour faciliter le transport de pi\u00e8ce en pi\u00e8ce<\/li>\n<li>Minuterie programmable sur 24 heures<\/li>\n<li>Fonction basse temp\u00e9rature : L\u2019appareil fonctionne \u00e0 des temp\u00e9ratures tr\u00e8s basses avoisinant 5 \u00b0C<\/li>\n<li>R410A Refrigerant<\/li>\n<li>Limited 2 year carry in warranty<\/li>\n<li>Packaging: Corrugate packaging with desiccant <\/li>\n<\/ul>\n","protected":false},"featured_media":10003,"comment_status":"closed","ping_status":"open","template":"","meta":{"_acf_changed":false},"product_brand":[],"product_cat":[23],"product_tag":[],"class_list":{"0":"post-4878","1":"product","2":"type-product","3":"status-publish","4":"has-post-thumbnail","6":"product_cat-deshumidificateurs","7":"pa_couleur-white","8":"pa_duree-de-la-garantie-en-mois-1169","10":"first","11":"outofstock","12":"taxable","13":"shipping-taxable","14":"product-type-simple"},"acf":[],"yoast_head":"<!-- This site is optimized with the Yoast SEO plugin v26.7 - https:\/\/yoast.com\/wordpress\/plugins\/seo\/ -->\n<title>Danby 60 Pint D\u00e9shumidificateur - DDR060BFCWDB | Danby Canada<\/title>\n<meta name=\"description\" content=\"Ce d\u00e9shumidificateur Danby Appliances de 60 pintes (28,4 litres) est id\u00e9al pour les salles de superficie allant jusqu\u2019\u00e0 4 000 pieds carr\u00e9s. Cet appareil portable certifi\u00e9 Energy Star\u00ae offre deux vitesses de ventilation, est efficace et a un fonctionnement silencieux. Le mode Basse temp\u00e9rature de l\u2019appareil lui permet de fonctionner \u00e0 des temp\u00e9ratures tr\u00e8s basses, notamment \u00e0 5 \u00b0C (41 \u00b0F). Et sa fonction de d\u00e9shumidification intelligente lui permet de contr\u00f4ler automatiquement l\u2019humidit\u00e9 ambiante en fonction de la temp\u00e9rature ambiante. Le nettoyage est facilit\u00e9 par un filtre amovible et un syst\u00e8me de vidange directe. Cet appareil est \u00e9quip\u00e9 d\u2019une fonction de red\u00e9marrage automatique et ses roulettes int\u00e9gr\u00e9es permettent de le d\u00e9placer en toute commodit\u00e9 et facilit\u00e9 d\u2019une pi\u00e8ce \u00e0 l\u2019autre. Cet appareil fonctionne \u00e9galement avec un fluide frigorig\u00e8ne R410A \u00e9cologique et le syst\u00e8me de d\u00e9givrage automatique garantit que les bobines sont toujours exemptes de glace. Pr\u00e9servez le confort de votre famille et de votre maison avec notre d\u00e9shumidificateur b\u00e9n\u00e9ficiant d\u2019une garantie limit\u00e9e de 24 mois.\" \/>\n<meta name=\"robots\" content=\"index, follow, max-snippet:-1, max-image-preview:large, max-video-preview:-1\" \/>\n<link rel=\"canonical\" href=\"https:\/\/www.danby.com\/fr\/products\/deshumidificateurs\/ddr060bfcwdb\/\" \/>\n<meta property=\"og:locale\" content=\"fr_CA\" \/>\n<meta property=\"og:type\" content=\"article\" \/>\n<meta property=\"og:title\" content=\"Danby 60 Pint D\u00e9shumidificateur - DDR060BFCWDB | Danby Canada\" \/>\n<meta property=\"og:description\" content=\"Ce d\u00e9shumidificateur Danby Appliances de 60 pintes (28,4 litres) est id\u00e9al pour les salles de superficie allant jusqu\u2019\u00e0 4 000 pieds carr\u00e9s. Cet appareil portable certifi\u00e9 Energy Star\u00ae offre deux vitesses de ventilation, est efficace et a un fonctionnement silencieux. Le mode Basse temp\u00e9rature de l\u2019appareil lui permet de fonctionner \u00e0 des temp\u00e9ratures tr\u00e8s basses, notamment \u00e0 5 \u00b0C (41 \u00b0F). Et sa fonction de d\u00e9shumidification intelligente lui permet de contr\u00f4ler automatiquement l\u2019humidit\u00e9 ambiante en fonction de la temp\u00e9rature ambiante. Le nettoyage est facilit\u00e9 par un filtre amovible et un syst\u00e8me de vidange directe. Cet appareil est \u00e9quip\u00e9 d\u2019une fonction de red\u00e9marrage automatique et ses roulettes int\u00e9gr\u00e9es permettent de le d\u00e9placer en toute commodit\u00e9 et facilit\u00e9 d\u2019une pi\u00e8ce \u00e0 l\u2019autre. Cet appareil fonctionne \u00e9galement avec un fluide frigorig\u00e8ne R410A \u00e9cologique et le syst\u00e8me de d\u00e9givrage automatique garantit que les bobines sont toujours exemptes de glace. Pr\u00e9servez le confort de votre famille et de votre maison avec notre d\u00e9shumidificateur b\u00e9n\u00e9ficiant d\u2019une garantie limit\u00e9e de 24 mois.\" \/>\n<meta property=\"og:url\" content=\"https:\/\/www.danby.com\/fr\/products\/deshumidificateurs\/ddr060bfcwdb\/\" \/>\n<meta property=\"og:site_name\" content=\"Danby - Canada - French\" \/>\n<meta property=\"article:publisher\" content=\"https:\/\/www.facebook.com\/DanbyAppliances\" \/>\n<meta property=\"article:modified_time\" content=\"2026-04-18T10:07:14+00:00\" \/>\n<meta property=\"og:image\" content=\"https:\/\/cdnweb.danby.com\/wp-content\/uploads\/sites\/2\/2022\/02\/08224547\/DDR060BFCWDB_Right.jpg\" \/>\n\t<meta property=\"og:image:width\" content=\"450\" \/>\n\t<meta property=\"og:image:height\" content=\"605\" \/>\n\t<meta property=\"og:image:type\" content=\"image\/jpeg\" \/>\n<meta name=\"twitter:card\" content=\"summary_large_image\" \/>\n<meta name=\"twitter:site\" content=\"@DanbyAppliance\" \/>\n<script type=\"application\/ld+json\" class=\"yoast-schema-graph\">{\"@context\":\"https:\/\/schema.org\",\"@graph\":[{\"@type\":[\"WebPage\",\"ItemPage\"],\"url\":\"https:\/\/www.danby.com\/fr\/products\/deshumidificateurs\/ddr060bfcwdb\/\",\"name\":\"Danby 60 Pint D\u00e9shumidificateur - DDR060BFCWDB | Danby Canada\",\"isPartOf\":[],\"primaryImageOfPage\":[],\"image\":[],\"thumbnailUrl\":\"https:\/\/cdnweb.danby.com\/wp-content\/uploads\/sites\/2\/2022\/02\/08224547\/DDR060BFCWDB_Right.jpg\",\"datePublished\":\"2022-02-03T19:16:48+00:00\",\"dateModified\":\"2026-04-18T10:07:14+00:00\",\"description\":\"Ce d\u00e9shumidificateur Danby Appliances de 60 pintes (28,4 litres) est id\u00e9al pour les salles de superficie allant jusqu\u2019\u00e0 4 000 pieds carr\u00e9s. Cet appareil portable certifi\u00e9 Energy Star\u00ae offre deux vitesses de ventilation, est efficace et a un fonctionnement silencieux. Le mode Basse temp\u00e9rature de l\u2019appareil lui permet de fonctionner \u00e0 des temp\u00e9ratures tr\u00e8s basses, notamment \u00e0 5 \u00b0C (41 \u00b0F). Et sa fonction de d\u00e9shumidification intelligente lui permet de contr\u00f4ler automatiquement l\u2019humidit\u00e9 ambiante en fonction de la temp\u00e9rature ambiante. Le nettoyage est facilit\u00e9 par un filtre amovible et un syst\u00e8me de vidange directe. Cet appareil est \u00e9quip\u00e9 d\u2019une fonction de red\u00e9marrage automatique et ses roulettes int\u00e9gr\u00e9es permettent de le d\u00e9placer en toute commodit\u00e9 et facilit\u00e9 d\u2019une pi\u00e8ce \u00e0 l\u2019autre. Cet appareil fonctionne \u00e9galement avec un fluide frigorig\u00e8ne R410A \u00e9cologique et le syst\u00e8me de d\u00e9givrage automatique garantit que les bobines sont toujours exemptes de glace. Pr\u00e9servez le confort de votre famille et de votre maison avec notre d\u00e9shumidificateur b\u00e9n\u00e9ficiant d\u2019une garantie limit\u00e9e de 24 mois.\",\"breadcrumb\":[],\"inLanguage\":\"fr-CA\",\"potentialAction\":[{\"@type\":\"ReadAction\",\"target\":[\"https:\/\/www.danby.com\/fr\/products\/deshumidificateurs\/ddr060bfcwdb\/\"]}]},{\"@type\":\"ImageObject\",\"inLanguage\":\"fr-CA\",\"url\":\"https:\/\/cdnweb.danby.com\/wp-content\/uploads\/sites\/2\/2022\/02\/08224547\/DDR060BFCWDB_Right.jpg\",\"contentUrl\":\"https:\/\/cdnweb.danby.com\/wp-content\/uploads\/sites\/2\/2022\/02\/08224547\/DDR060BFCWDB_Right.jpg\",\"width\":450,\"height\":605},{\"@type\":\"BreadcrumbList\",\"itemListElement\":[{\"@type\":\"ListItem\",\"position\":1,\"name\":\"Home\",\"item\":\"https:\/\/www.danby.com\/fr\/\"},{\"@type\":\"ListItem\",\"position\":2,\"name\":\"Boutique\",\"item\":\"https:\/\/www.danby.com\/fr\/boutique\/\"},{\"@type\":\"ListItem\",\"position\":3,\"name\":\"Danby 60 Pint D\u00e9shumidificateur\"}]},{\"@type\":\"WebSite\",\"url\":\"https:\/\/www.danby.com\/fr\/\",\"name\":\"Danby - Canada - French\",\"description\":\"Leader dans le domaine de la r\u00e9frig\u00e9ration et des appareils sp\u00e9cialis\u00e9s\",\"publisher\":[],\"potentialAction\":[{\"@type\":\"SearchAction\",\"target\":{\"@type\":\"EntryPoint\",\"urlTemplate\":\"https:\/\/www.danby.com\/fr\/?s={search_term_string}\"},\"query-input\":{\"@type\":\"PropertyValueSpecification\",\"valueRequired\":true,\"valueName\":\"search_term_string\"}}],\"inLanguage\":\"fr-CA\"},{\"@type\":\"Organization\",\"name\":\"Danby Appliances\",\"url\":\"https:\/\/www.danby.com\/fr\/\",\"logo\":{\"@type\":\"ImageObject\",\"inLanguage\":\"fr-CA\",\"url\":\"https:\/\/cdnweb.danby.com\/wp-content\/uploads\/sites\/2\/2022\/02\/10141906\/Danby75Ans_Blue.png\",\"contentUrl\":\"https:\/\/cdnweb.danby.com\/wp-content\/uploads\/sites\/2\/2022\/02\/10141906\/Danby75Ans_Blue.png\",\"width\":470,\"height\":110,\"caption\":\"Danby Appliances\"},\"image\":[],\"sameAs\":[\"https:\/\/www.facebook.com\/DanbyAppliances\",\"https:\/\/x.com\/DanbyAppliance\",\"https:\/\/instagram.com\/danbyappliances\/\",\"https:\/\/www.linkedin.com\/company\/danbyappliances\",\"https:\/\/www.pinterest.ca\/danbyappliances\/\",\"https:\/\/www.youtube.com\/user\/DanbyProducts\",\"https:\/\/en.wikipedia.org\/wiki\/Danby_(appliances)\"]}]}<\/script>\n<!-- \/ Yoast SEO plugin. -->","yoast_head_json":{"title":"Danby 60 Pint D\u00e9shumidificateur - DDR060BFCWDB | Danby Canada","description":"Ce d\u00e9shumidificateur Danby Appliances de 60 pintes (28,4 litres) est id\u00e9al pour les salles de superficie allant jusqu\u2019\u00e0 4 000 pieds carr\u00e9s. Cet appareil portable certifi\u00e9 Energy Star\u00ae offre deux vitesses de ventilation, est efficace et a un fonctionnement silencieux. Le mode Basse temp\u00e9rature de l\u2019appareil lui permet de fonctionner \u00e0 des temp\u00e9ratures tr\u00e8s basses, notamment \u00e0 5 \u00b0C (41 \u00b0F). Et sa fonction de d\u00e9shumidification intelligente lui permet de contr\u00f4ler automatiquement l\u2019humidit\u00e9 ambiante en fonction de la temp\u00e9rature ambiante. Le nettoyage est facilit\u00e9 par un filtre amovible et un syst\u00e8me de vidange directe. Cet appareil est \u00e9quip\u00e9 d\u2019une fonction de red\u00e9marrage automatique et ses roulettes int\u00e9gr\u00e9es permettent de le d\u00e9placer en toute commodit\u00e9 et facilit\u00e9 d\u2019une pi\u00e8ce \u00e0 l\u2019autre. Cet appareil fonctionne \u00e9galement avec un fluide frigorig\u00e8ne R410A \u00e9cologique et le syst\u00e8me de d\u00e9givrage automatique garantit que les bobines sont toujours exemptes de glace. Pr\u00e9servez le confort de votre famille et de votre maison avec notre d\u00e9shumidificateur b\u00e9n\u00e9ficiant d\u2019une garantie limit\u00e9e de 24 mois.","robots":{"index":"index","follow":"follow","max-snippet":"max-snippet:-1","max-image-preview":"max-image-preview:large","max-video-preview":"max-video-preview:-1"},"canonical":"https:\/\/www.danby.com\/fr\/products\/deshumidificateurs\/ddr060bfcwdb\/","og_locale":"fr_CA","og_type":"article","og_title":"Danby 60 Pint D\u00e9shumidificateur - DDR060BFCWDB | Danby Canada","og_description":"Ce d\u00e9shumidificateur Danby Appliances de 60 pintes (28,4 litres) est id\u00e9al pour les salles de superficie allant jusqu\u2019\u00e0 4 000 pieds carr\u00e9s. Cet appareil portable certifi\u00e9 Energy Star\u00ae offre deux vitesses de ventilation, est efficace et a un fonctionnement silencieux. Le mode Basse temp\u00e9rature de l\u2019appareil lui permet de fonctionner \u00e0 des temp\u00e9ratures tr\u00e8s basses, notamment \u00e0 5 \u00b0C (41 \u00b0F). Et sa fonction de d\u00e9shumidification intelligente lui permet de contr\u00f4ler automatiquement l\u2019humidit\u00e9 ambiante en fonction de la temp\u00e9rature ambiante. Le nettoyage est facilit\u00e9 par un filtre amovible et un syst\u00e8me de vidange directe. Cet appareil est \u00e9quip\u00e9 d\u2019une fonction de red\u00e9marrage automatique et ses roulettes int\u00e9gr\u00e9es permettent de le d\u00e9placer en toute commodit\u00e9 et facilit\u00e9 d\u2019une pi\u00e8ce \u00e0 l\u2019autre. Cet appareil fonctionne \u00e9galement avec un fluide frigorig\u00e8ne R410A \u00e9cologique et le syst\u00e8me de d\u00e9givrage automatique garantit que les bobines sont toujours exemptes de glace. Pr\u00e9servez le confort de votre famille et de votre maison avec notre d\u00e9shumidificateur b\u00e9n\u00e9ficiant d\u2019une garantie limit\u00e9e de 24 mois.","og_url":"https:\/\/www.danby.com\/fr\/products\/deshumidificateurs\/ddr060bfcwdb\/","og_site_name":"Danby - Canada - French","article_publisher":"https:\/\/www.facebook.com\/DanbyAppliances","article_modified_time":"2026-04-18T10:07:14+00:00","og_image":[{"width":450,"height":605,"url":"https:\/\/cdnweb.danby.com\/wp-content\/uploads\/sites\/2\/2022\/02\/08224547\/DDR060BFCWDB_Right.jpg","type":"image\/jpeg"}],"twitter_card":"summary_large_image","twitter_site":"@DanbyAppliance","schema":{"@context":"https:\/\/schema.org","@graph":[{"@type":["WebPage","ItemPage"],"url":"https:\/\/www.danby.com\/fr\/products\/deshumidificateurs\/ddr060bfcwdb\/","name":"Danby 60 Pint D\u00e9shumidificateur - DDR060BFCWDB | Danby Canada","isPartOf":[],"primaryImageOfPage":[],"image":[],"thumbnailUrl":"https:\/\/cdnweb.danby.com\/wp-content\/uploads\/sites\/2\/2022\/02\/08224547\/DDR060BFCWDB_Right.jpg","datePublished":"2022-02-03T19:16:48+00:00","dateModified":"2026-04-18T10:07:14+00:00","description":"Ce d\u00e9shumidificateur Danby Appliances de 60 pintes (28,4 litres) est id\u00e9al pour les salles de superficie allant jusqu\u2019\u00e0 4 000 pieds carr\u00e9s. Cet appareil portable certifi\u00e9 Energy Star\u00ae offre deux vitesses de ventilation, est efficace et a un fonctionnement silencieux. Le mode Basse temp\u00e9rature de l\u2019appareil lui permet de fonctionner \u00e0 des temp\u00e9ratures tr\u00e8s basses, notamment \u00e0 5 \u00b0C (41 \u00b0F). Et sa fonction de d\u00e9shumidification intelligente lui permet de contr\u00f4ler automatiquement l\u2019humidit\u00e9 ambiante en fonction de la temp\u00e9rature ambiante. Le nettoyage est facilit\u00e9 par un filtre amovible et un syst\u00e8me de vidange directe. Cet appareil est \u00e9quip\u00e9 d\u2019une fonction de red\u00e9marrage automatique et ses roulettes int\u00e9gr\u00e9es permettent de le d\u00e9placer en toute commodit\u00e9 et facilit\u00e9 d\u2019une pi\u00e8ce \u00e0 l\u2019autre. Cet appareil fonctionne \u00e9galement avec un fluide frigorig\u00e8ne R410A \u00e9cologique et le syst\u00e8me de d\u00e9givrage automatique garantit que les bobines sont toujours exemptes de glace. Pr\u00e9servez le confort de votre famille et de votre maison avec notre d\u00e9shumidificateur b\u00e9n\u00e9ficiant d\u2019une garantie limit\u00e9e de 24 mois.","breadcrumb":[],"inLanguage":"fr-CA","potentialAction":[{"@type":"ReadAction","target":["https:\/\/www.danby.com\/fr\/products\/deshumidificateurs\/ddr060bfcwdb\/"]}]},{"@type":"ImageObject","inLanguage":"fr-CA","url":"https:\/\/cdnweb.danby.com\/wp-content\/uploads\/sites\/2\/2022\/02\/08224547\/DDR060BFCWDB_Right.jpg","contentUrl":"https:\/\/cdnweb.danby.com\/wp-content\/uploads\/sites\/2\/2022\/02\/08224547\/DDR060BFCWDB_Right.jpg","width":450,"height":605},{"@type":"BreadcrumbList","itemListElement":[{"@type":"ListItem","position":1,"name":"Home","item":"https:\/\/www.danby.com\/fr\/"},{"@type":"ListItem","position":2,"name":"Boutique","item":"https:\/\/www.danby.com\/fr\/boutique\/"},{"@type":"ListItem","position":3,"name":"Danby 60 Pint D\u00e9shumidificateur"}]},{"@type":"WebSite","url":"https:\/\/www.danby.com\/fr\/","name":"Danby - Canada - French","description":"Leader dans le domaine de la r\u00e9frig\u00e9ration et des appareils sp\u00e9cialis\u00e9s","publisher":[],"potentialAction":[{"@type":"SearchAction","target":{"@type":"EntryPoint","urlTemplate":"https:\/\/www.danby.com\/fr\/?s={search_term_string}"},"query-input":{"@type":"PropertyValueSpecification","valueRequired":true,"valueName":"search_term_string"}}],"inLanguage":"fr-CA"},{"@type":"Organization","name":"Danby Appliances","url":"https:\/\/www.danby.com\/fr\/","logo":{"@type":"ImageObject","inLanguage":"fr-CA","url":"https:\/\/cdnweb.danby.com\/wp-content\/uploads\/sites\/2\/2022\/02\/10141906\/Danby75Ans_Blue.png","contentUrl":"https:\/\/cdnweb.danby.com\/wp-content\/uploads\/sites\/2\/2022\/02\/10141906\/Danby75Ans_Blue.png","width":470,"height":110,"caption":"Danby Appliances"},"image":[],"sameAs":["https:\/\/www.facebook.com\/DanbyAppliances","https:\/\/x.com\/DanbyAppliance","https:\/\/instagram.com\/danbyappliances\/","https:\/\/www.linkedin.com\/company\/danbyappliances","https:\/\/www.pinterest.ca\/danbyappliances\/","https:\/\/www.youtube.com\/user\/DanbyProducts","https:\/\/en.wikipedia.org\/wiki\/Danby_(appliances)"]}]}},"post_mailing_queue_ids":[],"_links":{"self":[{"href":"https:\/\/www.danby.com\/fr\/wp-json\/wp\/v2\/product\/4878","targetHints":{"allow":["GET"]}}],"collection":[{"href":"https:\/\/www.danby.com\/fr\/wp-json\/wp\/v2\/product"}],"about":[{"href":"https:\/\/www.danby.com\/fr\/wp-json\/wp\/v2\/types\/product"}],"replies":[{"embeddable":true,"href":"https:\/\/www.danby.com\/fr\/wp-json\/wp\/v2\/comments?post=4878"}],"wp:featuredmedia":[{"embeddable":true,"href":"https:\/\/www.danby.com\/fr\/wp-json\/wp\/v2\/media\/10003"}],"wp:attachment":[{"href":"https:\/\/www.danby.com\/fr\/wp-json\/wp\/v2\/media?parent=4878"}],"wp:term":[{"taxonomy":"product_brand","embeddable":true,"href":"https:\/\/www.danby.com\/fr\/wp-json\/wp\/v2\/product_brand?post=4878"},{"taxonomy":"product_cat","embeddable":true,"href":"https:\/\/www.danby.com\/fr\/wp-json\/wp\/v2\/product_cat?post=4878"},{"taxonomy":"product_tag","embeddable":true,"href":"https:\/\/www.danby.com\/fr\/wp-json\/wp\/v2\/product_tag?post=4878"}],"curies":[{"name":"wp","href":"https:\/\/api.w.org\/{rel}","templated":true}]}}