{"id":4868,"date":"2022-02-03T19:16:40","date_gmt":"2022-02-03T19:16:40","guid":{"rendered":"https:\/\/www.danby.com\/fr\/product\/ddr050bgwdb\/"},"modified":"2026-04-29T10:22:40","modified_gmt":"2026-04-29T10:22:40","slug":"ddr050bgwdb","status":"publish","type":"product","link":"https:\/\/www.danby.com\/fr\/products\/deshumidificateurs\/ddr050bgwdb\/","title":{"rendered":"D\u00e9shumidificateur Danby de 50 pintes en blanc"},"content":{"rendered":"","protected":false},"excerpt":{"rendered":"<ul>\n<li>D\u00e9shumidificateur de 50 pintes (23,7 L) : contr\u00f4le l&#8217;humidit\u00e9 dans des espaces jusqu&#8217;\u00e0 2 500 pieds carr\u00e9s<\/li>\n<li>Certifi\u00e9 ENERGY STAR\u00ae<\/li>\n<li>Commandes \u00e9lectroniques avec affichage LED<\/li>\n<li>Fonction de d\u00e9shumidification intelligente : l&#8217;appareil contr\u00f4le automatiquement l&#8217;humidit\u00e9 de la pi\u00e8ce en tenant compte de la temp\u00e9rature ambiante<\/li>\n<li>Fonction de drainage direct permettant un fonctionnement continu<\/li>\n<li>Red\u00e9marrage automatique : l&#8217;appareil red\u00e9marre automatiquement apr\u00e8s une panne de courant<\/li>\n<li>D\u00e9givrage automatique : emp\u00eache l&#8217;accumulation de givre<\/li>\n<li>Fonction basse temp\u00e9rature : l&#8217;appareil fonctionne \u00e0 des temp\u00e9ratures aussi basses que 5\u00b0C<\/li>\n<li>4 roulettes pour un transport facile d&#8217;une pi\u00e8ce \u00e0 l&#8217;autre<\/li>\n<li>Filtre \u00e0 air r\u00e9utilisable et lavable<\/li>\n<li>R\u00e9frig\u00e9rant R410A \u00e9cologique<\/li>\n<\/ul>\n","protected":false},"featured_media":30186,"comment_status":"closed","ping_status":"closed","template":"","meta":{"_acf_changed":false},"product_brand":[],"product_cat":[23],"product_tag":[],"class_list":{"0":"post-4868","1":"product","2":"type-product","3":"status-publish","4":"has-post-thumbnail","6":"product_cat-deshumidificateurs","7":"pa_couleur-white","8":"pa_duree-de-la-garantie-en-mois-1169","10":"first","11":"outofstock","12":"taxable","13":"shipping-taxable","14":"product-type-simple"},"acf":[],"yoast_head":"<!-- This site is optimized with the Yoast SEO plugin v27.5 - https:\/\/yoast.com\/product\/yoast-seo-wordpress\/ -->\n<title>D\u00e9shumidificateur Danby de 50 pintes en blanc - DDR050BGWDB | Danby Canada<\/title>\n<meta name=\"description\" content=\"\u00c9liminez l&#039;humidit\u00e9 ind\u00e9sirable de votre maison avec ce d\u00e9shumidificateur de 50 pintes de Danby. Ce d\u00e9shumidificateur \u00e9limine jusqu&#039;\u00e0 50 pintes (23,7 litres) d&#039;humidit\u00e9 en 24 heures et est id\u00e9al pour des espaces allant jusqu&#039;\u00e0 3 000 pieds carr\u00e9s. La fonction de d\u00e9shumidification intelligente contr\u00f4le automatiquement l&#039;humidit\u00e9 de la pi\u00e8ce en tenant compte de la temp\u00e9rature ambiante \u2013 sans avoir \u00e0 deviner. La fonction d&#039;arr\u00eat automatique emp\u00eache le seau de d\u00e9border, et gr\u00e2ce \u00e0 la fonction de drainage direct, vous pouvez opter pour un fonctionnement continu. Class\u00e9 Energy Star, cet appareil est \u00e9galement \u00e9quip\u00e9 d&#039;un minuteur de 24 heures qui vous permet de faire fonctionner le d\u00e9shumidificateur Danby pendant les heures creuses, ce qui peut vous aider \u00e0 \u00e9conomiser sur votre facture d&#039;\u00e9lectricit\u00e9 mensuelle. Si vous pr\u00e9voyez d&#039;utiliser cet appareil dans un endroit froid comme un sous-sol, la fonction de d\u00e9givrage automatique permet \u00e0 l&#039;unit\u00e9 de fonctionner m\u00eame \u00e0 des temp\u00e9ratures aussi basses que 41\u00baF (5\u00baC).\" \/>\n<meta name=\"robots\" content=\"index, follow, max-snippet:-1, max-image-preview:large, max-video-preview:-1\" \/>\n<link rel=\"canonical\" href=\"https:\/\/www.danby.com\/fr\/products\/deshumidificateurs\/ddr050bgwdb\/\" \/>\n<meta property=\"og:locale\" content=\"fr_CA\" \/>\n<meta property=\"og:type\" content=\"article\" \/>\n<meta property=\"og:title\" content=\"D\u00e9shumidificateur Danby de 50 pintes en blanc - DDR050BGWDB | Danby Canada\" \/>\n<meta property=\"og:description\" content=\"\u00c9liminez l&#039;humidit\u00e9 ind\u00e9sirable de votre maison avec ce d\u00e9shumidificateur de 50 pintes de Danby. Ce d\u00e9shumidificateur \u00e9limine jusqu&#039;\u00e0 50 pintes (23,7 litres) d&#039;humidit\u00e9 en 24 heures et est id\u00e9al pour des espaces allant jusqu&#039;\u00e0 3 000 pieds carr\u00e9s. La fonction de d\u00e9shumidification intelligente contr\u00f4le automatiquement l&#039;humidit\u00e9 de la pi\u00e8ce en tenant compte de la temp\u00e9rature ambiante \u2013 sans avoir \u00e0 deviner. La fonction d&#039;arr\u00eat automatique emp\u00eache le seau de d\u00e9border, et gr\u00e2ce \u00e0 la fonction de drainage direct, vous pouvez opter pour un fonctionnement continu. Class\u00e9 Energy Star, cet appareil est \u00e9galement \u00e9quip\u00e9 d&#039;un minuteur de 24 heures qui vous permet de faire fonctionner le d\u00e9shumidificateur Danby pendant les heures creuses, ce qui peut vous aider \u00e0 \u00e9conomiser sur votre facture d&#039;\u00e9lectricit\u00e9 mensuelle. Si vous pr\u00e9voyez d&#039;utiliser cet appareil dans un endroit froid comme un sous-sol, la fonction de d\u00e9givrage automatique permet \u00e0 l&#039;unit\u00e9 de fonctionner m\u00eame \u00e0 des temp\u00e9ratures aussi basses que 41\u00baF (5\u00baC).\" \/>\n<meta property=\"og:url\" content=\"https:\/\/www.danby.com\/fr\/products\/deshumidificateurs\/ddr050bgwdb\/\" \/>\n<meta property=\"og:site_name\" content=\"Danby - Canada - French\" \/>\n<meta property=\"article:publisher\" content=\"https:\/\/www.facebook.com\/DanbyAppliances\" \/>\n<meta property=\"article:modified_time\" content=\"2026-04-29T10:22:40+00:00\" \/>\n<meta property=\"og:image\" content=\"https:\/\/cdnweb.danby.com\/wp-content\/uploads\/sites\/2\/2022\/02\/09154918\/DDR050BGWDB-Featured.jpg\" \/>\n\t<meta property=\"og:image:width\" content=\"1440\" \/>\n\t<meta property=\"og:image:height\" content=\"1920\" \/>\n\t<meta property=\"og:image:type\" content=\"image\/jpeg\" \/>\n<meta name=\"twitter:card\" content=\"summary_large_image\" \/>\n<meta name=\"twitter:site\" content=\"@DanbyAppliance\" \/>\n<script type=\"application\/ld+json\" class=\"yoast-schema-graph\">{\"@context\":\"https:\\\/\\\/schema.org\",\"@graph\":[{\"@type\":[\"WebPage\",\"ItemPage\"],\"url\":\"https:\\\/\\\/www.danby.com\\\/fr\\\/products\\\/deshumidificateurs\\\/ddr050bgwdb\\\/\",\"name\":\"D\u00e9shumidificateur Danby de 50 pintes en blanc - DDR050BGWDB | Danby Canada\",\"isPartOf\":[],\"primaryImageOfPage\":[],\"image\":[],\"thumbnailUrl\":\"https:\\\/\\\/www.danby.com\\\/fr\\\/wp-content\\\/uploads\\\/sites\\\/2\\\/2025\\\/01\\\/Thumbnail_DDR050BGWDB.jpg\",\"datePublished\":\"2022-02-03T19:16:40+00:00\",\"dateModified\":\"2026-04-29T10:22:40+00:00\",\"description\":\"\u00c9liminez l'humidit\u00e9 ind\u00e9sirable de votre maison avec ce d\u00e9shumidificateur de 50 pintes de Danby. Ce d\u00e9shumidificateur \u00e9limine jusqu'\u00e0 50 pintes (23,7 litres) d'humidit\u00e9 en 24 heures et est id\u00e9al pour des espaces allant jusqu'\u00e0 3 000 pieds carr\u00e9s. La fonction de d\u00e9shumidification intelligente contr\u00f4le automatiquement l'humidit\u00e9 de la pi\u00e8ce en tenant compte de la temp\u00e9rature ambiante \u2013 sans avoir \u00e0 deviner. La fonction d'arr\u00eat automatique emp\u00eache le seau de d\u00e9border, et gr\u00e2ce \u00e0 la fonction de drainage direct, vous pouvez opter pour un fonctionnement continu. Class\u00e9 Energy Star, cet appareil est \u00e9galement \u00e9quip\u00e9 d'un minuteur de 24 heures qui vous permet de faire fonctionner le d\u00e9shumidificateur Danby pendant les heures creuses, ce qui peut vous aider \u00e0 \u00e9conomiser sur votre facture d'\u00e9lectricit\u00e9 mensuelle. Si vous pr\u00e9voyez d'utiliser cet appareil dans un endroit froid comme un sous-sol, la fonction de d\u00e9givrage automatique permet \u00e0 l'unit\u00e9 de fonctionner m\u00eame \u00e0 des temp\u00e9ratures aussi basses que 41\u00baF (5\u00baC).\",\"breadcrumb\":[],\"inLanguage\":\"fr-CA\",\"potentialAction\":[{\"@type\":\"ReadAction\",\"target\":[\"https:\\\/\\\/www.danby.com\\\/fr\\\/products\\\/deshumidificateurs\\\/ddr050bgwdb\\\/\"]}]},{\"@type\":\"ImageObject\",\"inLanguage\":\"fr-CA\",\"url\":\"https:\\\/\\\/www.danby.com\\\/fr\\\/wp-content\\\/uploads\\\/sites\\\/2\\\/2025\\\/01\\\/Thumbnail_DDR050BGWDB.jpg\",\"contentUrl\":\"https:\\\/\\\/www.danby.com\\\/fr\\\/wp-content\\\/uploads\\\/sites\\\/2\\\/2025\\\/01\\\/Thumbnail_DDR050BGWDB.jpg\",\"width\":1125,\"height\":1500},{\"@type\":\"BreadcrumbList\",\"itemListElement\":[{\"@type\":\"ListItem\",\"position\":1,\"name\":\"Home\",\"item\":\"https:\\\/\\\/www.danby.com\\\/fr\\\/\"},{\"@type\":\"ListItem\",\"position\":2,\"name\":\"Boutique\",\"item\":\"https:\\\/\\\/www.danby.com\\\/fr\\\/boutique\\\/\"},{\"@type\":\"ListItem\",\"position\":3,\"name\":\"D\u00e9shumidificateur Danby 50 chopines\"}]},{\"@type\":\"WebSite\",\"url\":\"https:\\\/\\\/www.danby.com\\\/fr\\\/\",\"name\":\"Danby - Canada - French\",\"description\":\"Leader dans le domaine de la r\u00e9frig\u00e9ration et des appareils sp\u00e9cialis\u00e9s\",\"publisher\":[],\"potentialAction\":[{\"@type\":\"SearchAction\",\"target\":{\"@type\":\"EntryPoint\",\"urlTemplate\":\"https:\\\/\\\/www.danby.com\\\/fr\\\/?s={search_term_string}\"},\"query-input\":{\"@type\":\"PropertyValueSpecification\",\"valueRequired\":true,\"valueName\":\"search_term_string\"}}],\"inLanguage\":\"fr-CA\"},{\"@type\":\"Organization\",\"name\":\"Danby Appliances\",\"url\":\"https:\\\/\\\/www.danby.com\\\/fr\\\/\",\"logo\":{\"@type\":\"ImageObject\",\"inLanguage\":\"fr-CA\",\"url\":\"https:\\\/\\\/cdnweb.danby.com\\\/wp-content\\\/uploads\\\/sites\\\/2\\\/2022\\\/02\\\/10141906\\\/Danby75Ans_Blue.png\",\"contentUrl\":\"https:\\\/\\\/cdnweb.danby.com\\\/wp-content\\\/uploads\\\/sites\\\/2\\\/2022\\\/02\\\/10141906\\\/Danby75Ans_Blue.png\",\"width\":470,\"height\":110,\"caption\":\"Danby Appliances\"},\"image\":[],\"sameAs\":[\"https:\\\/\\\/www.facebook.com\\\/DanbyAppliances\",\"https:\\\/\\\/x.com\\\/DanbyAppliance\",\"https:\\\/\\\/instagram.com\\\/danbyappliances\\\/\",\"https:\\\/\\\/www.linkedin.com\\\/company\\\/danbyappliances\",\"https:\\\/\\\/www.pinterest.ca\\\/danbyappliances\\\/\",\"https:\\\/\\\/www.youtube.com\\\/user\\\/DanbyProducts\",\"https:\\\/\\\/en.wikipedia.org\\\/wiki\\\/Danby_(appliances)\"]}]}<\/script>\n<!-- \/ Yoast SEO plugin. -->","yoast_head_json":{"title":"D\u00e9shumidificateur Danby de 50 pintes en blanc - DDR050BGWDB | Danby Canada","description":"\u00c9liminez l'humidit\u00e9 ind\u00e9sirable de votre maison avec ce d\u00e9shumidificateur de 50 pintes de Danby. Ce d\u00e9shumidificateur \u00e9limine jusqu'\u00e0 50 pintes (23,7 litres) d'humidit\u00e9 en 24 heures et est id\u00e9al pour des espaces allant jusqu'\u00e0 3 000 pieds carr\u00e9s. La fonction de d\u00e9shumidification intelligente contr\u00f4le automatiquement l'humidit\u00e9 de la pi\u00e8ce en tenant compte de la temp\u00e9rature ambiante \u2013 sans avoir \u00e0 deviner. La fonction d'arr\u00eat automatique emp\u00eache le seau de d\u00e9border, et gr\u00e2ce \u00e0 la fonction de drainage direct, vous pouvez opter pour un fonctionnement continu. Class\u00e9 Energy Star, cet appareil est \u00e9galement \u00e9quip\u00e9 d'un minuteur de 24 heures qui vous permet de faire fonctionner le d\u00e9shumidificateur Danby pendant les heures creuses, ce qui peut vous aider \u00e0 \u00e9conomiser sur votre facture d'\u00e9lectricit\u00e9 mensuelle. Si vous pr\u00e9voyez d'utiliser cet appareil dans un endroit froid comme un sous-sol, la fonction de d\u00e9givrage automatique permet \u00e0 l'unit\u00e9 de fonctionner m\u00eame \u00e0 des temp\u00e9ratures aussi basses que 41\u00baF (5\u00baC).","robots":{"index":"index","follow":"follow","max-snippet":"max-snippet:-1","max-image-preview":"max-image-preview:large","max-video-preview":"max-video-preview:-1"},"canonical":"https:\/\/www.danby.com\/fr\/products\/deshumidificateurs\/ddr050bgwdb\/","og_locale":"fr_CA","og_type":"article","og_title":"D\u00e9shumidificateur Danby de 50 pintes en blanc - DDR050BGWDB | Danby Canada","og_description":"\u00c9liminez l'humidit\u00e9 ind\u00e9sirable de votre maison avec ce d\u00e9shumidificateur de 50 pintes de Danby. Ce d\u00e9shumidificateur \u00e9limine jusqu'\u00e0 50 pintes (23,7 litres) d'humidit\u00e9 en 24 heures et est id\u00e9al pour des espaces allant jusqu'\u00e0 3 000 pieds carr\u00e9s. La fonction de d\u00e9shumidification intelligente contr\u00f4le automatiquement l'humidit\u00e9 de la pi\u00e8ce en tenant compte de la temp\u00e9rature ambiante \u2013 sans avoir \u00e0 deviner. La fonction d'arr\u00eat automatique emp\u00eache le seau de d\u00e9border, et gr\u00e2ce \u00e0 la fonction de drainage direct, vous pouvez opter pour un fonctionnement continu. Class\u00e9 Energy Star, cet appareil est \u00e9galement \u00e9quip\u00e9 d'un minuteur de 24 heures qui vous permet de faire fonctionner le d\u00e9shumidificateur Danby pendant les heures creuses, ce qui peut vous aider \u00e0 \u00e9conomiser sur votre facture d'\u00e9lectricit\u00e9 mensuelle. Si vous pr\u00e9voyez d'utiliser cet appareil dans un endroit froid comme un sous-sol, la fonction de d\u00e9givrage automatique permet \u00e0 l'unit\u00e9 de fonctionner m\u00eame \u00e0 des temp\u00e9ratures aussi basses que 41\u00baF (5\u00baC).","og_url":"https:\/\/www.danby.com\/fr\/products\/deshumidificateurs\/ddr050bgwdb\/","og_site_name":"Danby - Canada - French","article_publisher":"https:\/\/www.facebook.com\/DanbyAppliances","article_modified_time":"2026-04-29T10:22:40+00:00","og_image":[{"width":1440,"height":1920,"url":"https:\/\/cdnweb.danby.com\/wp-content\/uploads\/sites\/2\/2022\/02\/09154918\/DDR050BGWDB-Featured.jpg","type":"image\/jpeg"}],"twitter_card":"summary_large_image","twitter_site":"@DanbyAppliance","schema":{"@context":"https:\/\/schema.org","@graph":[{"@type":["WebPage","ItemPage"],"url":"https:\/\/www.danby.com\/fr\/products\/deshumidificateurs\/ddr050bgwdb\/","name":"D\u00e9shumidificateur Danby de 50 pintes en blanc - DDR050BGWDB | Danby Canada","isPartOf":[],"primaryImageOfPage":[],"image":[],"thumbnailUrl":"https:\/\/www.danby.com\/fr\/wp-content\/uploads\/sites\/2\/2025\/01\/Thumbnail_DDR050BGWDB.jpg","datePublished":"2022-02-03T19:16:40+00:00","dateModified":"2026-04-29T10:22:40+00:00","description":"\u00c9liminez l'humidit\u00e9 ind\u00e9sirable de votre maison avec ce d\u00e9shumidificateur de 50 pintes de Danby. Ce d\u00e9shumidificateur \u00e9limine jusqu'\u00e0 50 pintes (23,7 litres) d'humidit\u00e9 en 24 heures et est id\u00e9al pour des espaces allant jusqu'\u00e0 3 000 pieds carr\u00e9s. La fonction de d\u00e9shumidification intelligente contr\u00f4le automatiquement l'humidit\u00e9 de la pi\u00e8ce en tenant compte de la temp\u00e9rature ambiante \u2013 sans avoir \u00e0 deviner. La fonction d'arr\u00eat automatique emp\u00eache le seau de d\u00e9border, et gr\u00e2ce \u00e0 la fonction de drainage direct, vous pouvez opter pour un fonctionnement continu. Class\u00e9 Energy Star, cet appareil est \u00e9galement \u00e9quip\u00e9 d'un minuteur de 24 heures qui vous permet de faire fonctionner le d\u00e9shumidificateur Danby pendant les heures creuses, ce qui peut vous aider \u00e0 \u00e9conomiser sur votre facture d'\u00e9lectricit\u00e9 mensuelle. Si vous pr\u00e9voyez d'utiliser cet appareil dans un endroit froid comme un sous-sol, la fonction de d\u00e9givrage automatique permet \u00e0 l'unit\u00e9 de fonctionner m\u00eame \u00e0 des temp\u00e9ratures aussi basses que 41\u00baF (5\u00baC).","breadcrumb":[],"inLanguage":"fr-CA","potentialAction":[{"@type":"ReadAction","target":["https:\/\/www.danby.com\/fr\/products\/deshumidificateurs\/ddr050bgwdb\/"]}]},{"@type":"ImageObject","inLanguage":"fr-CA","url":"https:\/\/www.danby.com\/fr\/wp-content\/uploads\/sites\/2\/2025\/01\/Thumbnail_DDR050BGWDB.jpg","contentUrl":"https:\/\/www.danby.com\/fr\/wp-content\/uploads\/sites\/2\/2025\/01\/Thumbnail_DDR050BGWDB.jpg","width":1125,"height":1500},{"@type":"BreadcrumbList","itemListElement":[{"@type":"ListItem","position":1,"name":"Home","item":"https:\/\/www.danby.com\/fr\/"},{"@type":"ListItem","position":2,"name":"Boutique","item":"https:\/\/www.danby.com\/fr\/boutique\/"},{"@type":"ListItem","position":3,"name":"D\u00e9shumidificateur Danby 50 chopines"}]},{"@type":"WebSite","url":"https:\/\/www.danby.com\/fr\/","name":"Danby - Canada - French","description":"Leader dans le domaine de la r\u00e9frig\u00e9ration et des appareils sp\u00e9cialis\u00e9s","publisher":[],"potentialAction":[{"@type":"SearchAction","target":{"@type":"EntryPoint","urlTemplate":"https:\/\/www.danby.com\/fr\/?s={search_term_string}"},"query-input":{"@type":"PropertyValueSpecification","valueRequired":true,"valueName":"search_term_string"}}],"inLanguage":"fr-CA"},{"@type":"Organization","name":"Danby Appliances","url":"https:\/\/www.danby.com\/fr\/","logo":{"@type":"ImageObject","inLanguage":"fr-CA","url":"https:\/\/cdnweb.danby.com\/wp-content\/uploads\/sites\/2\/2022\/02\/10141906\/Danby75Ans_Blue.png","contentUrl":"https:\/\/cdnweb.danby.com\/wp-content\/uploads\/sites\/2\/2022\/02\/10141906\/Danby75Ans_Blue.png","width":470,"height":110,"caption":"Danby Appliances"},"image":[],"sameAs":["https:\/\/www.facebook.com\/DanbyAppliances","https:\/\/x.com\/DanbyAppliance","https:\/\/instagram.com\/danbyappliances\/","https:\/\/www.linkedin.com\/company\/danbyappliances","https:\/\/www.pinterest.ca\/danbyappliances\/","https:\/\/www.youtube.com\/user\/DanbyProducts","https:\/\/en.wikipedia.org\/wiki\/Danby_(appliances)"]}]}},"post_mailing_queue_ids":[],"_links":{"self":[{"href":"https:\/\/www.danby.com\/fr\/wp-json\/wp\/v2\/product\/4868","targetHints":{"allow":["GET"]}}],"collection":[{"href":"https:\/\/www.danby.com\/fr\/wp-json\/wp\/v2\/product"}],"about":[{"href":"https:\/\/www.danby.com\/fr\/wp-json\/wp\/v2\/types\/product"}],"replies":[{"embeddable":true,"href":"https:\/\/www.danby.com\/fr\/wp-json\/wp\/v2\/comments?post=4868"}],"wp:featuredmedia":[{"embeddable":true,"href":"https:\/\/www.danby.com\/fr\/wp-json\/wp\/v2\/media\/30186"}],"wp:attachment":[{"href":"https:\/\/www.danby.com\/fr\/wp-json\/wp\/v2\/media?parent=4868"}],"wp:term":[{"taxonomy":"product_brand","embeddable":true,"href":"https:\/\/www.danby.com\/fr\/wp-json\/wp\/v2\/product_brand?post=4868"},{"taxonomy":"product_cat","embeddable":true,"href":"https:\/\/www.danby.com\/fr\/wp-json\/wp\/v2\/product_cat?post=4868"},{"taxonomy":"product_tag","embeddable":true,"href":"https:\/\/www.danby.com\/fr\/wp-json\/wp\/v2\/product_tag?post=4868"}],"curies":[{"name":"wp","href":"https:\/\/api.w.org\/{rel}","templated":true}]}}