{"id":4865,"date":"2022-02-03T19:16:29","date_gmt":"2022-02-03T19:16:29","guid":{"rendered":"https:\/\/www.danby.com\/fr\/product\/ddr040bfcwdb-me\/"},"modified":"2026-04-25T10:09:20","modified_gmt":"2026-04-25T10:09:20","slug":"ddr040bfcwdb-me","status":"publish","type":"product","link":"https:\/\/www.danby.com\/fr\/products\/deshumidificateurs\/ddr040bfcwdb-me\/","title":{"rendered":"Danby D\u00e9shumidificateur 40 pintes"},"content":{"rendered":"","protected":false},"excerpt":{"rendered":"<ul>\n<li>D\u00e9shumidificateur 40 pintes (19L) : contr\u00f4le l&#8217;humidit\u00e9 dans les espaces jusqu&#8217;\u00e0 2500 pieds carr\u00e9s<\/li>\n<li>ENERGY STAR\u00ae Certifi\u00e9<\/li>\n<li>Commandes \u00e9lectroniques avec affichage LED<\/li>\n<li>Puissant ventilateur \u00e0 2 vitesses<\/li>\n<li>D\u00e9shumidification intelligente : L&#8217;appareil contr\u00f4le automatiquement l&#8217;humidit\u00e9 de la pi\u00e8ce en tenant compte de la temp\u00e9rature ambiante<\/li>\n<li>La fonction de vidange directe permet un fonctionnement continu<\/li>\n<li>Red\u00e9marrage automatique : L&#8217;appareil red\u00e9marre automatiquement apr\u00e8s une coupure de courant<\/li>\n<li>Op\u00e9ration silencieuse : Fonctionne entre 48dB- 50dB (vitesses de ventilateur basses-\u00e9lev\u00e9es)<\/li>\n<li>D\u00e9givreur automatique : emp\u00eache l&#8217;accumulation de givre<\/li>\n<li>Minuterie programmable de 24 heures<\/li>\n<li>Fonction de basse temp\u00e9rature : L&#8217;appareil fonctionne \u00e0 des temp\u00e9ratures aussi basses que 5\u00b0C<\/li>\n<li>4 roulettes pour faciliter le transport de pi\u00e8ce \u00e0 pi\u00e8ce<\/li>\n<\/ul>\n","protected":false},"featured_media":25900,"comment_status":"closed","ping_status":"closed","template":"","meta":{"_acf_changed":false},"product_brand":[],"product_cat":[23],"product_tag":[],"class_list":{"0":"post-4865","1":"product","2":"type-product","3":"status-publish","4":"has-post-thumbnail","6":"product_cat-deshumidificateurs","7":"pa_couleur-white","8":"pa_duree-de-la-garantie-en-mois-1169","10":"first","11":"outofstock","12":"taxable","13":"shipping-taxable","14":"product-type-simple"},"acf":[],"yoast_head":"<!-- This site is optimized with the Yoast SEO plugin v27.4 - https:\/\/yoast.com\/product\/yoast-seo-wordpress\/ -->\n<title>Danby D\u00e9shumidificateur 40 pintes - DDR040BFCWDB-ME | Danby Canada<\/title>\n<meta name=\"description\" content=\"D\u00e9barrassez-vous de l&#039;humidit\u00e9 ind\u00e9sirable dans votre maison avec ce d\u00e9shumidificateur de 19 litres (40 chopines) de Danby, qui contr\u00f4le l&#039;humidit\u00e9 dans des espaces allant jusqu&#039;\u00e0 2500 pieds carr\u00e9s. La fonction de d\u00e9shumidification intelligente contr\u00f4le automatiquement l&#039;humidit\u00e9 de la pi\u00e8ce en fonction de la temp\u00e9rature ambiante. La fonction de red\u00e9marrage automatique vous permet de red\u00e9marrer apr\u00e8s une panne de courant, et avec la fonction de vidange directe, vous avez la possibilit\u00e9 de fonctionner en continu. Vous n&#039;avez pas \u00e0 vous soucier des bruits de fonctionnement irritants avec cette unit\u00e9 silencieuse. Class\u00e9 Energy Star, cet appareil dispose \u00e9galement d&#039;une minuterie de 24 heures qui vous permet de faire fonctionner votre d\u00e9shumidificateur Danby pendant les heures creuses afin d&#039;\u00e9conomiser sur votre facture d&#039;\u00e9lectricit\u00e9 mensuelle. La fonction de d\u00e9givrage automatique permet \u00e0 l&#039;appareil de fonctionner \u00e0 des temp\u00e9ratures aussi basses que 5\u00b0C (41\u00b0F).\" \/>\n<meta name=\"robots\" content=\"index, follow, max-snippet:-1, max-image-preview:large, max-video-preview:-1\" \/>\n<link rel=\"canonical\" href=\"https:\/\/www.danby.com\/fr\/products\/deshumidificateurs\/ddr040bfcwdb-me\/\" \/>\n<meta property=\"og:locale\" content=\"fr_CA\" \/>\n<meta property=\"og:type\" content=\"article\" \/>\n<meta property=\"og:title\" content=\"Danby D\u00e9shumidificateur 40 pintes - DDR040BFCWDB-ME | Danby Canada\" \/>\n<meta property=\"og:description\" content=\"D\u00e9barrassez-vous de l&#039;humidit\u00e9 ind\u00e9sirable dans votre maison avec ce d\u00e9shumidificateur de 19 litres (40 chopines) de Danby, qui contr\u00f4le l&#039;humidit\u00e9 dans des espaces allant jusqu&#039;\u00e0 2500 pieds carr\u00e9s. La fonction de d\u00e9shumidification intelligente contr\u00f4le automatiquement l&#039;humidit\u00e9 de la pi\u00e8ce en fonction de la temp\u00e9rature ambiante. La fonction de red\u00e9marrage automatique vous permet de red\u00e9marrer apr\u00e8s une panne de courant, et avec la fonction de vidange directe, vous avez la possibilit\u00e9 de fonctionner en continu. Vous n&#039;avez pas \u00e0 vous soucier des bruits de fonctionnement irritants avec cette unit\u00e9 silencieuse. Class\u00e9 Energy Star, cet appareil dispose \u00e9galement d&#039;une minuterie de 24 heures qui vous permet de faire fonctionner votre d\u00e9shumidificateur Danby pendant les heures creuses afin d&#039;\u00e9conomiser sur votre facture d&#039;\u00e9lectricit\u00e9 mensuelle. La fonction de d\u00e9givrage automatique permet \u00e0 l&#039;appareil de fonctionner \u00e0 des temp\u00e9ratures aussi basses que 5\u00b0C (41\u00b0F).\" \/>\n<meta property=\"og:url\" content=\"https:\/\/www.danby.com\/fr\/products\/deshumidificateurs\/ddr040bfcwdb-me\/\" \/>\n<meta property=\"og:site_name\" content=\"Danby - Canada - French\" \/>\n<meta property=\"article:publisher\" content=\"https:\/\/www.facebook.com\/DanbyAppliances\" \/>\n<meta property=\"article:modified_time\" content=\"2026-04-25T10:09:20+00:00\" \/>\n<meta property=\"og:image\" content=\"https:\/\/cdnweb.danby.com\/wp-content\/uploads\/sites\/2\/2023\/04\/28124112\/DDR040BFCWDB_Straight.jpg\" \/>\n\t<meta property=\"og:image:width\" content=\"1500\" \/>\n\t<meta property=\"og:image:height\" content=\"2125\" \/>\n\t<meta property=\"og:image:type\" content=\"image\/jpeg\" \/>\n<meta name=\"twitter:card\" content=\"summary_large_image\" \/>\n<meta name=\"twitter:site\" content=\"@DanbyAppliance\" \/>\n<script type=\"application\/ld+json\" class=\"yoast-schema-graph\">{\"@context\":\"https:\\\/\\\/schema.org\",\"@graph\":[{\"@type\":[\"WebPage\",\"ItemPage\"],\"url\":\"https:\\\/\\\/www.danby.com\\\/fr\\\/products\\\/deshumidificateurs\\\/ddr040bfcwdb-me\\\/\",\"name\":\"Danby D\u00e9shumidificateur 40 pintes - DDR040BFCWDB-ME | Danby Canada\",\"isPartOf\":[],\"primaryImageOfPage\":[],\"image\":[],\"thumbnailUrl\":\"https:\\\/\\\/cdnweb.danby.com\\\/wp-content\\\/uploads\\\/sites\\\/2\\\/2023\\\/11\\\/29214411\\\/Thumbnail__0008_DDR040BFCWDB-ME_WP.jpg\",\"datePublished\":\"2022-02-03T19:16:29+00:00\",\"dateModified\":\"2026-04-25T10:09:20+00:00\",\"description\":\"D\u00e9barrassez-vous de l'humidit\u00e9 ind\u00e9sirable dans votre maison avec ce d\u00e9shumidificateur de 19 litres (40 chopines) de Danby, qui contr\u00f4le l'humidit\u00e9 dans des espaces allant jusqu'\u00e0 2500 pieds carr\u00e9s. La fonction de d\u00e9shumidification intelligente contr\u00f4le automatiquement l'humidit\u00e9 de la pi\u00e8ce en fonction de la temp\u00e9rature ambiante. La fonction de red\u00e9marrage automatique vous permet de red\u00e9marrer apr\u00e8s une panne de courant, et avec la fonction de vidange directe, vous avez la possibilit\u00e9 de fonctionner en continu. Vous n'avez pas \u00e0 vous soucier des bruits de fonctionnement irritants avec cette unit\u00e9 silencieuse. Class\u00e9 Energy Star, cet appareil dispose \u00e9galement d'une minuterie de 24 heures qui vous permet de faire fonctionner votre d\u00e9shumidificateur Danby pendant les heures creuses afin d'\u00e9conomiser sur votre facture d'\u00e9lectricit\u00e9 mensuelle. La fonction de d\u00e9givrage automatique permet \u00e0 l'appareil de fonctionner \u00e0 des temp\u00e9ratures aussi basses que 5\u00b0C (41\u00b0F).\",\"breadcrumb\":[],\"inLanguage\":\"fr-CA\",\"potentialAction\":[{\"@type\":\"ReadAction\",\"target\":[\"https:\\\/\\\/www.danby.com\\\/fr\\\/products\\\/deshumidificateurs\\\/ddr040bfcwdb-me\\\/\"]}]},{\"@type\":\"ImageObject\",\"inLanguage\":\"fr-CA\",\"url\":\"https:\\\/\\\/cdnweb.danby.com\\\/wp-content\\\/uploads\\\/sites\\\/2\\\/2023\\\/11\\\/29214411\\\/Thumbnail__0008_DDR040BFCWDB-ME_WP.jpg\",\"contentUrl\":\"https:\\\/\\\/cdnweb.danby.com\\\/wp-content\\\/uploads\\\/sites\\\/2\\\/2023\\\/11\\\/29214411\\\/Thumbnail__0008_DDR040BFCWDB-ME_WP.jpg\",\"width\":1125,\"height\":1500},{\"@type\":\"BreadcrumbList\",\"itemListElement\":[{\"@type\":\"ListItem\",\"position\":1,\"name\":\"Home\",\"item\":\"https:\\\/\\\/www.danby.com\\\/fr\\\/\"},{\"@type\":\"ListItem\",\"position\":2,\"name\":\"Boutique\",\"item\":\"https:\\\/\\\/www.danby.com\\\/fr\\\/boutique\\\/\"},{\"@type\":\"ListItem\",\"position\":3,\"name\":\"Danby D\u00e9shumidificateur 40 pintes\"}]},{\"@type\":\"WebSite\",\"url\":\"https:\\\/\\\/www.danby.com\\\/fr\\\/\",\"name\":\"Danby - Canada - French\",\"description\":\"Leader dans le domaine de la r\u00e9frig\u00e9ration et des appareils sp\u00e9cialis\u00e9s\",\"publisher\":[],\"potentialAction\":[{\"@type\":\"SearchAction\",\"target\":{\"@type\":\"EntryPoint\",\"urlTemplate\":\"https:\\\/\\\/www.danby.com\\\/fr\\\/?s={search_term_string}\"},\"query-input\":{\"@type\":\"PropertyValueSpecification\",\"valueRequired\":true,\"valueName\":\"search_term_string\"}}],\"inLanguage\":\"fr-CA\"},{\"@type\":\"Organization\",\"name\":\"Danby Appliances\",\"url\":\"https:\\\/\\\/www.danby.com\\\/fr\\\/\",\"logo\":{\"@type\":\"ImageObject\",\"inLanguage\":\"fr-CA\",\"url\":\"https:\\\/\\\/cdnweb.danby.com\\\/wp-content\\\/uploads\\\/sites\\\/2\\\/2022\\\/02\\\/10141906\\\/Danby75Ans_Blue.png\",\"contentUrl\":\"https:\\\/\\\/cdnweb.danby.com\\\/wp-content\\\/uploads\\\/sites\\\/2\\\/2022\\\/02\\\/10141906\\\/Danby75Ans_Blue.png\",\"width\":470,\"height\":110,\"caption\":\"Danby Appliances\"},\"image\":[],\"sameAs\":[\"https:\\\/\\\/www.facebook.com\\\/DanbyAppliances\",\"https:\\\/\\\/x.com\\\/DanbyAppliance\",\"https:\\\/\\\/instagram.com\\\/danbyappliances\\\/\",\"https:\\\/\\\/www.linkedin.com\\\/company\\\/danbyappliances\",\"https:\\\/\\\/www.pinterest.ca\\\/danbyappliances\\\/\",\"https:\\\/\\\/www.youtube.com\\\/user\\\/DanbyProducts\",\"https:\\\/\\\/en.wikipedia.org\\\/wiki\\\/Danby_(appliances)\"]}]}<\/script>\n<!-- \/ Yoast SEO plugin. -->","yoast_head_json":{"title":"Danby D\u00e9shumidificateur 40 pintes - DDR040BFCWDB-ME | Danby Canada","description":"D\u00e9barrassez-vous de l'humidit\u00e9 ind\u00e9sirable dans votre maison avec ce d\u00e9shumidificateur de 19 litres (40 chopines) de Danby, qui contr\u00f4le l'humidit\u00e9 dans des espaces allant jusqu'\u00e0 2500 pieds carr\u00e9s. La fonction de d\u00e9shumidification intelligente contr\u00f4le automatiquement l'humidit\u00e9 de la pi\u00e8ce en fonction de la temp\u00e9rature ambiante. La fonction de red\u00e9marrage automatique vous permet de red\u00e9marrer apr\u00e8s une panne de courant, et avec la fonction de vidange directe, vous avez la possibilit\u00e9 de fonctionner en continu. Vous n'avez pas \u00e0 vous soucier des bruits de fonctionnement irritants avec cette unit\u00e9 silencieuse. Class\u00e9 Energy Star, cet appareil dispose \u00e9galement d'une minuterie de 24 heures qui vous permet de faire fonctionner votre d\u00e9shumidificateur Danby pendant les heures creuses afin d'\u00e9conomiser sur votre facture d'\u00e9lectricit\u00e9 mensuelle. La fonction de d\u00e9givrage automatique permet \u00e0 l'appareil de fonctionner \u00e0 des temp\u00e9ratures aussi basses que 5\u00b0C (41\u00b0F).","robots":{"index":"index","follow":"follow","max-snippet":"max-snippet:-1","max-image-preview":"max-image-preview:large","max-video-preview":"max-video-preview:-1"},"canonical":"https:\/\/www.danby.com\/fr\/products\/deshumidificateurs\/ddr040bfcwdb-me\/","og_locale":"fr_CA","og_type":"article","og_title":"Danby D\u00e9shumidificateur 40 pintes - DDR040BFCWDB-ME | Danby Canada","og_description":"D\u00e9barrassez-vous de l'humidit\u00e9 ind\u00e9sirable dans votre maison avec ce d\u00e9shumidificateur de 19 litres (40 chopines) de Danby, qui contr\u00f4le l'humidit\u00e9 dans des espaces allant jusqu'\u00e0 2500 pieds carr\u00e9s. La fonction de d\u00e9shumidification intelligente contr\u00f4le automatiquement l'humidit\u00e9 de la pi\u00e8ce en fonction de la temp\u00e9rature ambiante. La fonction de red\u00e9marrage automatique vous permet de red\u00e9marrer apr\u00e8s une panne de courant, et avec la fonction de vidange directe, vous avez la possibilit\u00e9 de fonctionner en continu. Vous n'avez pas \u00e0 vous soucier des bruits de fonctionnement irritants avec cette unit\u00e9 silencieuse. Class\u00e9 Energy Star, cet appareil dispose \u00e9galement d'une minuterie de 24 heures qui vous permet de faire fonctionner votre d\u00e9shumidificateur Danby pendant les heures creuses afin d'\u00e9conomiser sur votre facture d'\u00e9lectricit\u00e9 mensuelle. La fonction de d\u00e9givrage automatique permet \u00e0 l'appareil de fonctionner \u00e0 des temp\u00e9ratures aussi basses que 5\u00b0C (41\u00b0F).","og_url":"https:\/\/www.danby.com\/fr\/products\/deshumidificateurs\/ddr040bfcwdb-me\/","og_site_name":"Danby - Canada - French","article_publisher":"https:\/\/www.facebook.com\/DanbyAppliances","article_modified_time":"2026-04-25T10:09:20+00:00","og_image":[{"width":1500,"height":2125,"url":"https:\/\/cdnweb.danby.com\/wp-content\/uploads\/sites\/2\/2023\/04\/28124112\/DDR040BFCWDB_Straight.jpg","type":"image\/jpeg"}],"twitter_card":"summary_large_image","twitter_site":"@DanbyAppliance","schema":{"@context":"https:\/\/schema.org","@graph":[{"@type":["WebPage","ItemPage"],"url":"https:\/\/www.danby.com\/fr\/products\/deshumidificateurs\/ddr040bfcwdb-me\/","name":"Danby D\u00e9shumidificateur 40 pintes - DDR040BFCWDB-ME | Danby Canada","isPartOf":[],"primaryImageOfPage":[],"image":[],"thumbnailUrl":"https:\/\/cdnweb.danby.com\/wp-content\/uploads\/sites\/2\/2023\/11\/29214411\/Thumbnail__0008_DDR040BFCWDB-ME_WP.jpg","datePublished":"2022-02-03T19:16:29+00:00","dateModified":"2026-04-25T10:09:20+00:00","description":"D\u00e9barrassez-vous de l'humidit\u00e9 ind\u00e9sirable dans votre maison avec ce d\u00e9shumidificateur de 19 litres (40 chopines) de Danby, qui contr\u00f4le l'humidit\u00e9 dans des espaces allant jusqu'\u00e0 2500 pieds carr\u00e9s. La fonction de d\u00e9shumidification intelligente contr\u00f4le automatiquement l'humidit\u00e9 de la pi\u00e8ce en fonction de la temp\u00e9rature ambiante. La fonction de red\u00e9marrage automatique vous permet de red\u00e9marrer apr\u00e8s une panne de courant, et avec la fonction de vidange directe, vous avez la possibilit\u00e9 de fonctionner en continu. Vous n'avez pas \u00e0 vous soucier des bruits de fonctionnement irritants avec cette unit\u00e9 silencieuse. Class\u00e9 Energy Star, cet appareil dispose \u00e9galement d'une minuterie de 24 heures qui vous permet de faire fonctionner votre d\u00e9shumidificateur Danby pendant les heures creuses afin d'\u00e9conomiser sur votre facture d'\u00e9lectricit\u00e9 mensuelle. La fonction de d\u00e9givrage automatique permet \u00e0 l'appareil de fonctionner \u00e0 des temp\u00e9ratures aussi basses que 5\u00b0C (41\u00b0F).","breadcrumb":[],"inLanguage":"fr-CA","potentialAction":[{"@type":"ReadAction","target":["https:\/\/www.danby.com\/fr\/products\/deshumidificateurs\/ddr040bfcwdb-me\/"]}]},{"@type":"ImageObject","inLanguage":"fr-CA","url":"https:\/\/cdnweb.danby.com\/wp-content\/uploads\/sites\/2\/2023\/11\/29214411\/Thumbnail__0008_DDR040BFCWDB-ME_WP.jpg","contentUrl":"https:\/\/cdnweb.danby.com\/wp-content\/uploads\/sites\/2\/2023\/11\/29214411\/Thumbnail__0008_DDR040BFCWDB-ME_WP.jpg","width":1125,"height":1500},{"@type":"BreadcrumbList","itemListElement":[{"@type":"ListItem","position":1,"name":"Home","item":"https:\/\/www.danby.com\/fr\/"},{"@type":"ListItem","position":2,"name":"Boutique","item":"https:\/\/www.danby.com\/fr\/boutique\/"},{"@type":"ListItem","position":3,"name":"Danby D\u00e9shumidificateur 40 pintes"}]},{"@type":"WebSite","url":"https:\/\/www.danby.com\/fr\/","name":"Danby - Canada - French","description":"Leader dans le domaine de la r\u00e9frig\u00e9ration et des appareils sp\u00e9cialis\u00e9s","publisher":[],"potentialAction":[{"@type":"SearchAction","target":{"@type":"EntryPoint","urlTemplate":"https:\/\/www.danby.com\/fr\/?s={search_term_string}"},"query-input":{"@type":"PropertyValueSpecification","valueRequired":true,"valueName":"search_term_string"}}],"inLanguage":"fr-CA"},{"@type":"Organization","name":"Danby Appliances","url":"https:\/\/www.danby.com\/fr\/","logo":{"@type":"ImageObject","inLanguage":"fr-CA","url":"https:\/\/cdnweb.danby.com\/wp-content\/uploads\/sites\/2\/2022\/02\/10141906\/Danby75Ans_Blue.png","contentUrl":"https:\/\/cdnweb.danby.com\/wp-content\/uploads\/sites\/2\/2022\/02\/10141906\/Danby75Ans_Blue.png","width":470,"height":110,"caption":"Danby Appliances"},"image":[],"sameAs":["https:\/\/www.facebook.com\/DanbyAppliances","https:\/\/x.com\/DanbyAppliance","https:\/\/instagram.com\/danbyappliances\/","https:\/\/www.linkedin.com\/company\/danbyappliances","https:\/\/www.pinterest.ca\/danbyappliances\/","https:\/\/www.youtube.com\/user\/DanbyProducts","https:\/\/en.wikipedia.org\/wiki\/Danby_(appliances)"]}]}},"post_mailing_queue_ids":[],"_links":{"self":[{"href":"https:\/\/www.danby.com\/fr\/wp-json\/wp\/v2\/product\/4865","targetHints":{"allow":["GET"]}}],"collection":[{"href":"https:\/\/www.danby.com\/fr\/wp-json\/wp\/v2\/product"}],"about":[{"href":"https:\/\/www.danby.com\/fr\/wp-json\/wp\/v2\/types\/product"}],"replies":[{"embeddable":true,"href":"https:\/\/www.danby.com\/fr\/wp-json\/wp\/v2\/comments?post=4865"}],"wp:featuredmedia":[{"embeddable":true,"href":"https:\/\/www.danby.com\/fr\/wp-json\/wp\/v2\/media\/25900"}],"wp:attachment":[{"href":"https:\/\/www.danby.com\/fr\/wp-json\/wp\/v2\/media?parent=4865"}],"wp:term":[{"taxonomy":"product_brand","embeddable":true,"href":"https:\/\/www.danby.com\/fr\/wp-json\/wp\/v2\/product_brand?post=4865"},{"taxonomy":"product_cat","embeddable":true,"href":"https:\/\/www.danby.com\/fr\/wp-json\/wp\/v2\/product_cat?post=4865"},{"taxonomy":"product_tag","embeddable":true,"href":"https:\/\/www.danby.com\/fr\/wp-json\/wp\/v2\/product_tag?post=4865"}],"curies":[{"name":"wp","href":"https:\/\/api.w.org\/{rel}","templated":true}]}}