{"id":4864,"date":"2022-02-03T19:16:29","date_gmt":"2022-02-03T19:16:29","guid":{"rendered":"https:\/\/www.danby.com\/fr\/product\/ddr040bfcwdb\/"},"modified":"2026-04-10T10:06:01","modified_gmt":"2026-04-10T10:06:01","slug":"ddr040bfcwdb","status":"publish","type":"product","link":"https:\/\/www.danby.com\/fr\/products\/deshumidificateurs\/ddr040bfcwdb\/","title":{"rendered":"Danby 770  D\u00e9shumidificateur"},"content":{"rendered":"","protected":false},"excerpt":{"rendered":"<ul>\n<li>D\u00e9shumidificateur de 40 pintes (18,9 L) : contr\u00f4le l&#8217;humidit\u00e9 dans les espaces jusqu&#8217;\u00e0 2500 pieds carr\u00e9s.<\/li>\n<li>Certifi\u00e9 ENERGY STAR\u00ae<\/li>\n<li>Commandes \u00e9lectroniques avec affichage \u00e0 DEL<\/li>\n<li>Puissant ventilateur \u00e0 2 vitesses<\/li>\n<li>D\u00e9shumidification intelligente : l&#8217;appareil contr\u00f4le automatiquement l&#8217;humidit\u00e9 de la pi\u00e8ce en tenant compte de la temp\u00e9rature ambiante<\/li>\n<li>La fonction de vidange directe permet un fonctionnement continu<\/li>\n<li>D\u00e9marrage automatique : l&#8217;appareil red\u00e9marre automatiquement apr\u00e8s une panne de courant<\/li>\n<li>Fonctionnement silencieux : fonctionne entre 48dB- 50dB (vitesses de ventilateur basse-haute)<\/li>\n<li>D\u00e9givreur automatique : emp\u00eache la formation de givre<\/li>\n<li>Temporisateur programmable de 24 heures<\/li>\n<li>Fonction basse temp\u00e9rature : l&#8217;appareil fonctionne \u00e0 des temp\u00e9ratures aussi basses que 5\u00b0C<\/li>\n<li>4 roulettes pour un transport facile d&#8217;une pi\u00e8ce \u00e0 l&#8217;autre<\/li>\n<li>Filtre r\u00e9utilisable et lavable<\/li>\n<li>R410A R\u00e9frig\u00e9rant<\/li>\n<li>Garantie limit\u00e9e de 2 ans en portage<\/li>\n<\/ul>\n","protected":false},"featured_media":10913,"comment_status":"closed","ping_status":"closed","template":"","meta":{"_acf_changed":false},"product_brand":[],"product_cat":[23],"product_tag":[],"class_list":{"0":"post-4864","1":"product","2":"type-product","3":"status-publish","4":"has-post-thumbnail","6":"product_cat-deshumidificateurs","7":"pa_couleur-blanc","8":"pa_duree-de-la-garantie-en-mois-24-months","9":"pa_pints-40-pints","11":"first","12":"outofstock","13":"taxable","14":"shipping-taxable","15":"product-type-simple"},"acf":[],"yoast_head":"<!-- This site is optimized with the Yoast SEO plugin v26.7 - https:\/\/yoast.com\/wordpress\/plugins\/seo\/ -->\n<title>Danby 770 D\u00e9shumidificateur - DDR040BFCWDB | Danby Canada<\/title>\n<meta name=\"description\" content=\"D\u00e9barrassez-vous de l&#039;humidit\u00e9 ind\u00e9sirable dans des espaces allant jusqu&#039;\u00e0 2 500 pieds carr\u00e9s avec ce d\u00e9shumidificateur de 18,9 L (40 pint) de Danby. La fonction de d\u00e9shumidification intelligente contr\u00f4le automatiquement l&#039;humidit\u00e9 de la pi\u00e8ce en tenant compte de la temp\u00e9rature ambiante. La fonction de red\u00e9marrage automatique red\u00e9marre apr\u00e8s une panne de courant et, gr\u00e2ce \u00e0 la fonction de vidange directe, vous avez la possibilit\u00e9 de fonctionner en continu. Vous n&#039;avez pas \u00e0 vous soucier des bruits de fonctionnement irritants avec cette unit\u00e9 \u00e0 fonctionnement silencieux. Certifi\u00e9 ENERGY STAR\u00ae, cet appareil est \u00e9galement dot\u00e9 d&#039;une minuterie de 24 heures qui vous permet de faire fonctionner votre d\u00e9shumidificateur Danby pendant les heures creuses afin d&#039;\u00e9conomiser sur votre facture d&#039;\u00e9lectricit\u00e9 mensuelle. De plus, la fonction de d\u00e9givrage automatique permet \u00e0 l&#039;appareil de fonctionner \u00e0 des temp\u00e9ratures aussi basses que 5 \u00b0C (41 \u00b0F).\" \/>\n<meta name=\"robots\" content=\"index, follow, max-snippet:-1, max-image-preview:large, max-video-preview:-1\" \/>\n<link rel=\"canonical\" href=\"https:\/\/www.danby.com\/fr\/products\/deshumidificateurs\/ddr040bfcwdb\/\" \/>\n<meta property=\"og:locale\" content=\"fr_CA\" \/>\n<meta property=\"og:type\" content=\"article\" \/>\n<meta property=\"og:title\" content=\"Danby 770 D\u00e9shumidificateur - DDR040BFCWDB | Danby Canada\" \/>\n<meta property=\"og:description\" content=\"D\u00e9barrassez-vous de l&#039;humidit\u00e9 ind\u00e9sirable dans des espaces allant jusqu&#039;\u00e0 2 500 pieds carr\u00e9s avec ce d\u00e9shumidificateur de 18,9 L (40 pint) de Danby. La fonction de d\u00e9shumidification intelligente contr\u00f4le automatiquement l&#039;humidit\u00e9 de la pi\u00e8ce en tenant compte de la temp\u00e9rature ambiante. La fonction de red\u00e9marrage automatique red\u00e9marre apr\u00e8s une panne de courant et, gr\u00e2ce \u00e0 la fonction de vidange directe, vous avez la possibilit\u00e9 de fonctionner en continu. Vous n&#039;avez pas \u00e0 vous soucier des bruits de fonctionnement irritants avec cette unit\u00e9 \u00e0 fonctionnement silencieux. Certifi\u00e9 ENERGY STAR\u00ae, cet appareil est \u00e9galement dot\u00e9 d&#039;une minuterie de 24 heures qui vous permet de faire fonctionner votre d\u00e9shumidificateur Danby pendant les heures creuses afin d&#039;\u00e9conomiser sur votre facture d&#039;\u00e9lectricit\u00e9 mensuelle. De plus, la fonction de d\u00e9givrage automatique permet \u00e0 l&#039;appareil de fonctionner \u00e0 des temp\u00e9ratures aussi basses que 5 \u00b0C (41 \u00b0F).\" \/>\n<meta property=\"og:url\" content=\"https:\/\/www.danby.com\/fr\/products\/deshumidificateurs\/ddr040bfcwdb\/\" \/>\n<meta property=\"og:site_name\" content=\"Danby - Canada - French\" \/>\n<meta property=\"article:publisher\" content=\"https:\/\/www.facebook.com\/DanbyAppliances\" \/>\n<meta property=\"article:modified_time\" content=\"2026-04-10T10:06:01+00:00\" \/>\n<meta property=\"og:image\" content=\"https:\/\/cdnweb.danby.com\/wp-content\/uploads\/sites\/2\/2022\/02\/08235141\/DDR040BFCWDB-Featured.jpg\" \/>\n\t<meta property=\"og:image:width\" content=\"1440\" \/>\n\t<meta property=\"og:image:height\" content=\"1920\" \/>\n\t<meta property=\"og:image:type\" content=\"image\/jpeg\" \/>\n<meta name=\"twitter:card\" content=\"summary_large_image\" \/>\n<meta name=\"twitter:site\" content=\"@DanbyAppliance\" \/>\n<script type=\"application\/ld+json\" class=\"yoast-schema-graph\">{\"@context\":\"https:\/\/schema.org\",\"@graph\":[{\"@type\":[\"WebPage\",\"ItemPage\"],\"url\":\"https:\/\/www.danby.com\/fr\/products\/deshumidificateurs\/ddr040bfcwdb\/\",\"name\":\"Danby 770 D\u00e9shumidificateur - DDR040BFCWDB | Danby Canada\",\"isPartOf\":[],\"primaryImageOfPage\":[],\"image\":[],\"thumbnailUrl\":\"https:\/\/cdnweb.danby.com\/wp-content\/uploads\/sites\/2\/2022\/02\/08235141\/DDR040BFCWDB-Featured.jpg\",\"datePublished\":\"2022-02-03T19:16:29+00:00\",\"dateModified\":\"2026-04-10T10:06:01+00:00\",\"description\":\"D\u00e9barrassez-vous de l'humidit\u00e9 ind\u00e9sirable dans des espaces allant jusqu'\u00e0 2 500 pieds carr\u00e9s avec ce d\u00e9shumidificateur de 18,9 L (40 pint) de Danby. La fonction de d\u00e9shumidification intelligente contr\u00f4le automatiquement l'humidit\u00e9 de la pi\u00e8ce en tenant compte de la temp\u00e9rature ambiante. La fonction de red\u00e9marrage automatique red\u00e9marre apr\u00e8s une panne de courant et, gr\u00e2ce \u00e0 la fonction de vidange directe, vous avez la possibilit\u00e9 de fonctionner en continu. Vous n'avez pas \u00e0 vous soucier des bruits de fonctionnement irritants avec cette unit\u00e9 \u00e0 fonctionnement silencieux. Certifi\u00e9 ENERGY STAR\u00ae, cet appareil est \u00e9galement dot\u00e9 d'une minuterie de 24 heures qui vous permet de faire fonctionner votre d\u00e9shumidificateur Danby pendant les heures creuses afin d'\u00e9conomiser sur votre facture d'\u00e9lectricit\u00e9 mensuelle. De plus, la fonction de d\u00e9givrage automatique permet \u00e0 l'appareil de fonctionner \u00e0 des temp\u00e9ratures aussi basses que 5 \u00b0C (41 \u00b0F).\",\"breadcrumb\":[],\"inLanguage\":\"fr-CA\",\"potentialAction\":[{\"@type\":\"ReadAction\",\"target\":[\"https:\/\/www.danby.com\/fr\/products\/deshumidificateurs\/ddr040bfcwdb\/\"]}]},{\"@type\":\"ImageObject\",\"inLanguage\":\"fr-CA\",\"url\":\"https:\/\/cdnweb.danby.com\/wp-content\/uploads\/sites\/2\/2022\/02\/08235141\/DDR040BFCWDB-Featured.jpg\",\"contentUrl\":\"https:\/\/cdnweb.danby.com\/wp-content\/uploads\/sites\/2\/2022\/02\/08235141\/DDR040BFCWDB-Featured.jpg\",\"width\":1440,\"height\":1920},{\"@type\":\"BreadcrumbList\",\"itemListElement\":[{\"@type\":\"ListItem\",\"position\":1,\"name\":\"Home\",\"item\":\"https:\/\/www.danby.com\/fr\/\"},{\"@type\":\"ListItem\",\"position\":2,\"name\":\"Boutique\",\"item\":\"https:\/\/www.danby.com\/fr\/boutique\/\"},{\"@type\":\"ListItem\",\"position\":3,\"name\":\"Danby 770 D\u00e9shumidificateur\"}]},{\"@type\":\"WebSite\",\"url\":\"https:\/\/www.danby.com\/fr\/\",\"name\":\"Danby - Canada - French\",\"description\":\"Leader dans le domaine de la r\u00e9frig\u00e9ration et des appareils sp\u00e9cialis\u00e9s\",\"publisher\":[],\"potentialAction\":[{\"@type\":\"SearchAction\",\"target\":{\"@type\":\"EntryPoint\",\"urlTemplate\":\"https:\/\/www.danby.com\/fr\/?s={search_term_string}\"},\"query-input\":{\"@type\":\"PropertyValueSpecification\",\"valueRequired\":true,\"valueName\":\"search_term_string\"}}],\"inLanguage\":\"fr-CA\"},{\"@type\":\"Organization\",\"name\":\"Danby Appliances\",\"url\":\"https:\/\/www.danby.com\/fr\/\",\"logo\":{\"@type\":\"ImageObject\",\"inLanguage\":\"fr-CA\",\"url\":\"https:\/\/cdnweb.danby.com\/wp-content\/uploads\/sites\/2\/2022\/02\/10141906\/Danby75Ans_Blue.png\",\"contentUrl\":\"https:\/\/cdnweb.danby.com\/wp-content\/uploads\/sites\/2\/2022\/02\/10141906\/Danby75Ans_Blue.png\",\"width\":470,\"height\":110,\"caption\":\"Danby Appliances\"},\"image\":[],\"sameAs\":[\"https:\/\/www.facebook.com\/DanbyAppliances\",\"https:\/\/x.com\/DanbyAppliance\",\"https:\/\/instagram.com\/danbyappliances\/\",\"https:\/\/www.linkedin.com\/company\/danbyappliances\",\"https:\/\/www.pinterest.ca\/danbyappliances\/\",\"https:\/\/www.youtube.com\/user\/DanbyProducts\",\"https:\/\/en.wikipedia.org\/wiki\/Danby_(appliances)\"]}]}<\/script>\n<!-- \/ Yoast SEO plugin. -->","yoast_head_json":{"title":"Danby 770 D\u00e9shumidificateur - DDR040BFCWDB | Danby Canada","description":"D\u00e9barrassez-vous de l'humidit\u00e9 ind\u00e9sirable dans des espaces allant jusqu'\u00e0 2 500 pieds carr\u00e9s avec ce d\u00e9shumidificateur de 18,9 L (40 pint) de Danby. La fonction de d\u00e9shumidification intelligente contr\u00f4le automatiquement l'humidit\u00e9 de la pi\u00e8ce en tenant compte de la temp\u00e9rature ambiante. La fonction de red\u00e9marrage automatique red\u00e9marre apr\u00e8s une panne de courant et, gr\u00e2ce \u00e0 la fonction de vidange directe, vous avez la possibilit\u00e9 de fonctionner en continu. Vous n'avez pas \u00e0 vous soucier des bruits de fonctionnement irritants avec cette unit\u00e9 \u00e0 fonctionnement silencieux. Certifi\u00e9 ENERGY STAR\u00ae, cet appareil est \u00e9galement dot\u00e9 d'une minuterie de 24 heures qui vous permet de faire fonctionner votre d\u00e9shumidificateur Danby pendant les heures creuses afin d'\u00e9conomiser sur votre facture d'\u00e9lectricit\u00e9 mensuelle. De plus, la fonction de d\u00e9givrage automatique permet \u00e0 l'appareil de fonctionner \u00e0 des temp\u00e9ratures aussi basses que 5 \u00b0C (41 \u00b0F).","robots":{"index":"index","follow":"follow","max-snippet":"max-snippet:-1","max-image-preview":"max-image-preview:large","max-video-preview":"max-video-preview:-1"},"canonical":"https:\/\/www.danby.com\/fr\/products\/deshumidificateurs\/ddr040bfcwdb\/","og_locale":"fr_CA","og_type":"article","og_title":"Danby 770 D\u00e9shumidificateur - DDR040BFCWDB | Danby Canada","og_description":"D\u00e9barrassez-vous de l'humidit\u00e9 ind\u00e9sirable dans des espaces allant jusqu'\u00e0 2 500 pieds carr\u00e9s avec ce d\u00e9shumidificateur de 18,9 L (40 pint) de Danby. La fonction de d\u00e9shumidification intelligente contr\u00f4le automatiquement l'humidit\u00e9 de la pi\u00e8ce en tenant compte de la temp\u00e9rature ambiante. La fonction de red\u00e9marrage automatique red\u00e9marre apr\u00e8s une panne de courant et, gr\u00e2ce \u00e0 la fonction de vidange directe, vous avez la possibilit\u00e9 de fonctionner en continu. Vous n'avez pas \u00e0 vous soucier des bruits de fonctionnement irritants avec cette unit\u00e9 \u00e0 fonctionnement silencieux. Certifi\u00e9 ENERGY STAR\u00ae, cet appareil est \u00e9galement dot\u00e9 d'une minuterie de 24 heures qui vous permet de faire fonctionner votre d\u00e9shumidificateur Danby pendant les heures creuses afin d'\u00e9conomiser sur votre facture d'\u00e9lectricit\u00e9 mensuelle. De plus, la fonction de d\u00e9givrage automatique permet \u00e0 l'appareil de fonctionner \u00e0 des temp\u00e9ratures aussi basses que 5 \u00b0C (41 \u00b0F).","og_url":"https:\/\/www.danby.com\/fr\/products\/deshumidificateurs\/ddr040bfcwdb\/","og_site_name":"Danby - Canada - French","article_publisher":"https:\/\/www.facebook.com\/DanbyAppliances","article_modified_time":"2026-04-10T10:06:01+00:00","og_image":[{"width":1440,"height":1920,"url":"https:\/\/cdnweb.danby.com\/wp-content\/uploads\/sites\/2\/2022\/02\/08235141\/DDR040BFCWDB-Featured.jpg","type":"image\/jpeg"}],"twitter_card":"summary_large_image","twitter_site":"@DanbyAppliance","schema":{"@context":"https:\/\/schema.org","@graph":[{"@type":["WebPage","ItemPage"],"url":"https:\/\/www.danby.com\/fr\/products\/deshumidificateurs\/ddr040bfcwdb\/","name":"Danby 770 D\u00e9shumidificateur - DDR040BFCWDB | Danby Canada","isPartOf":[],"primaryImageOfPage":[],"image":[],"thumbnailUrl":"https:\/\/cdnweb.danby.com\/wp-content\/uploads\/sites\/2\/2022\/02\/08235141\/DDR040BFCWDB-Featured.jpg","datePublished":"2022-02-03T19:16:29+00:00","dateModified":"2026-04-10T10:06:01+00:00","description":"D\u00e9barrassez-vous de l'humidit\u00e9 ind\u00e9sirable dans des espaces allant jusqu'\u00e0 2 500 pieds carr\u00e9s avec ce d\u00e9shumidificateur de 18,9 L (40 pint) de Danby. La fonction de d\u00e9shumidification intelligente contr\u00f4le automatiquement l'humidit\u00e9 de la pi\u00e8ce en tenant compte de la temp\u00e9rature ambiante. La fonction de red\u00e9marrage automatique red\u00e9marre apr\u00e8s une panne de courant et, gr\u00e2ce \u00e0 la fonction de vidange directe, vous avez la possibilit\u00e9 de fonctionner en continu. Vous n'avez pas \u00e0 vous soucier des bruits de fonctionnement irritants avec cette unit\u00e9 \u00e0 fonctionnement silencieux. Certifi\u00e9 ENERGY STAR\u00ae, cet appareil est \u00e9galement dot\u00e9 d'une minuterie de 24 heures qui vous permet de faire fonctionner votre d\u00e9shumidificateur Danby pendant les heures creuses afin d'\u00e9conomiser sur votre facture d'\u00e9lectricit\u00e9 mensuelle. De plus, la fonction de d\u00e9givrage automatique permet \u00e0 l'appareil de fonctionner \u00e0 des temp\u00e9ratures aussi basses que 5 \u00b0C (41 \u00b0F).","breadcrumb":[],"inLanguage":"fr-CA","potentialAction":[{"@type":"ReadAction","target":["https:\/\/www.danby.com\/fr\/products\/deshumidificateurs\/ddr040bfcwdb\/"]}]},{"@type":"ImageObject","inLanguage":"fr-CA","url":"https:\/\/cdnweb.danby.com\/wp-content\/uploads\/sites\/2\/2022\/02\/08235141\/DDR040BFCWDB-Featured.jpg","contentUrl":"https:\/\/cdnweb.danby.com\/wp-content\/uploads\/sites\/2\/2022\/02\/08235141\/DDR040BFCWDB-Featured.jpg","width":1440,"height":1920},{"@type":"BreadcrumbList","itemListElement":[{"@type":"ListItem","position":1,"name":"Home","item":"https:\/\/www.danby.com\/fr\/"},{"@type":"ListItem","position":2,"name":"Boutique","item":"https:\/\/www.danby.com\/fr\/boutique\/"},{"@type":"ListItem","position":3,"name":"Danby 770 D\u00e9shumidificateur"}]},{"@type":"WebSite","url":"https:\/\/www.danby.com\/fr\/","name":"Danby - Canada - French","description":"Leader dans le domaine de la r\u00e9frig\u00e9ration et des appareils sp\u00e9cialis\u00e9s","publisher":[],"potentialAction":[{"@type":"SearchAction","target":{"@type":"EntryPoint","urlTemplate":"https:\/\/www.danby.com\/fr\/?s={search_term_string}"},"query-input":{"@type":"PropertyValueSpecification","valueRequired":true,"valueName":"search_term_string"}}],"inLanguage":"fr-CA"},{"@type":"Organization","name":"Danby Appliances","url":"https:\/\/www.danby.com\/fr\/","logo":{"@type":"ImageObject","inLanguage":"fr-CA","url":"https:\/\/cdnweb.danby.com\/wp-content\/uploads\/sites\/2\/2022\/02\/10141906\/Danby75Ans_Blue.png","contentUrl":"https:\/\/cdnweb.danby.com\/wp-content\/uploads\/sites\/2\/2022\/02\/10141906\/Danby75Ans_Blue.png","width":470,"height":110,"caption":"Danby Appliances"},"image":[],"sameAs":["https:\/\/www.facebook.com\/DanbyAppliances","https:\/\/x.com\/DanbyAppliance","https:\/\/instagram.com\/danbyappliances\/","https:\/\/www.linkedin.com\/company\/danbyappliances","https:\/\/www.pinterest.ca\/danbyappliances\/","https:\/\/www.youtube.com\/user\/DanbyProducts","https:\/\/en.wikipedia.org\/wiki\/Danby_(appliances)"]}]}},"post_mailing_queue_ids":[],"_links":{"self":[{"href":"https:\/\/www.danby.com\/fr\/wp-json\/wp\/v2\/product\/4864","targetHints":{"allow":["GET"]}}],"collection":[{"href":"https:\/\/www.danby.com\/fr\/wp-json\/wp\/v2\/product"}],"about":[{"href":"https:\/\/www.danby.com\/fr\/wp-json\/wp\/v2\/types\/product"}],"replies":[{"embeddable":true,"href":"https:\/\/www.danby.com\/fr\/wp-json\/wp\/v2\/comments?post=4864"}],"wp:featuredmedia":[{"embeddable":true,"href":"https:\/\/www.danby.com\/fr\/wp-json\/wp\/v2\/media\/10913"}],"wp:attachment":[{"href":"https:\/\/www.danby.com\/fr\/wp-json\/wp\/v2\/media?parent=4864"}],"wp:term":[{"taxonomy":"product_brand","embeddable":true,"href":"https:\/\/www.danby.com\/fr\/wp-json\/wp\/v2\/product_brand?post=4864"},{"taxonomy":"product_cat","embeddable":true,"href":"https:\/\/www.danby.com\/fr\/wp-json\/wp\/v2\/product_cat?post=4864"},{"taxonomy":"product_tag","embeddable":true,"href":"https:\/\/www.danby.com\/fr\/wp-json\/wp\/v2\/product_tag?post=4864"}],"curies":[{"name":"wp","href":"https:\/\/api.w.org\/{rel}","templated":true}]}}