{"id":4863,"date":"2022-02-03T19:16:29","date_gmt":"2022-02-03T19:16:29","guid":{"rendered":"https:\/\/www.danby.com\/fr\/product\/ddr030ebwdb\/"},"modified":"2026-05-01T10:07:38","modified_gmt":"2026-05-01T10:07:38","slug":"ddr030ebwdb","status":"publish","type":"product","link":"https:\/\/www.danby.com\/fr\/products\/deshumidificateurs\/ddr030ebwdb\/","title":{"rendered":"Danby D\u00e9shumidificateur 30 pintes"},"content":{"rendered":"","protected":false},"excerpt":{"rendered":"<ul>\n<li>D\u00e9shumidificateur de 14,7 litres (30 pint) : contr\u00f4le l&#8217;humidit\u00e9 dans les espaces jusqu&#8217;\u00e0 2000 pieds carr\u00e9s<\/li>\n<li>ENERGY STAR\u00ae Certifi\u00e9<\/li>\n<li>Commandes \u00e9lectroniques avec affichage LED<\/li>\n<li>Puissant ventilateur \u00e0 2 vitesses<\/li>\n<li>La fonction de drainage direct permet un fonctionnement continu<\/li>\n<li>Red\u00e9marrage automatique : L&#8217;unit\u00e9 red\u00e9marre automatiquement apr\u00e8s une panne de courant<\/li>\n<li>D\u00e9givreur automatique : \u00e9vite la formation de givre<\/li>\n<li>Minuterie programmable de 24 heures\n<\/li>\n<li>Fonction basse temp\u00e9rature : L&#8217;unit\u00e9 fonctionne \u00e0 des temp\u00e9ratures aussi basses que 5\u00b0C\n<\/li>\n<li>4 roulettes pour un transport facile de pi\u00e8ce en pi\u00e8ce<\/li>\n<li>Filtre r\u00e9utilisable et lavable<\/li>\n<li>R\u00e9frig\u00e9rant R410A respectueux de l&#8217;environnement<\/li>\n<\/ul>\n","protected":false},"featured_media":25928,"comment_status":"closed","ping_status":"closed","template":"","meta":{"_acf_changed":false},"product_brand":[],"product_cat":[23],"product_tag":[],"class_list":{"0":"post-4863","1":"product","2":"type-product","3":"status-publish","4":"has-post-thumbnail","6":"product_cat-deshumidificateurs","7":"pa_couleur-white","8":"pa_duree-de-la-garantie-en-mois-1169","10":"first","11":"outofstock","12":"taxable","13":"shipping-taxable","14":"product-type-simple"},"acf":[],"yoast_head":"<!-- This site is optimized with the Yoast SEO plugin v27.5 - https:\/\/yoast.com\/product\/yoast-seo-wordpress\/ -->\n<title>Danby D\u00e9shumidificateur 30 pintes - DDR030EBWDB | Danby Canada<\/title>\n<meta name=\"description\" content=\"Ce d\u00e9shumidificateur Danby de 30 chopines aidera \u00e0 prot\u00e9ger votre maison de l&#039;humidit\u00e9 en \u00e9liminant jusqu&#039;\u00e0 14,7 litres d&#039;humidit\u00e9 par jour, ce qui est id\u00e9al pour tout espace jusqu&#039;\u00e0 2 000 pieds carr\u00e9s. La fonction de red\u00e9marrage automatique red\u00e9marre apr\u00e8s une panne de courant, et avec la fonction de vidange directe, vous avez la possibilit\u00e9 de fonctionner en continu. Class\u00e9 Energy Star, cet appareil est \u00e9galement dot\u00e9 d&#039;une minuterie de 24 heures qui vous permet de faire fonctionner votre d\u00e9shumidificateur Danby pendant les heures creuses afin d&#039;\u00e9conomiser sur votre facture d&#039;\u00e9lectricit\u00e9 mensuelle. La fonction de d\u00e9givrage automatique permet \u00e0 l&#039;appareil de fonctionner \u00e0 des temp\u00e9ratures aussi basses que 5\u00b0C (41\u00b0F).\" \/>\n<meta name=\"robots\" content=\"index, follow, max-snippet:-1, max-image-preview:large, max-video-preview:-1\" \/>\n<link rel=\"canonical\" href=\"https:\/\/www.danby.com\/fr\/products\/deshumidificateurs\/ddr030ebwdb\/\" \/>\n<meta property=\"og:locale\" content=\"fr_CA\" \/>\n<meta property=\"og:type\" content=\"article\" \/>\n<meta property=\"og:title\" content=\"Danby D\u00e9shumidificateur 30 pintes - DDR030EBWDB | Danby Canada\" \/>\n<meta property=\"og:description\" content=\"Ce d\u00e9shumidificateur Danby de 30 chopines aidera \u00e0 prot\u00e9ger votre maison de l&#039;humidit\u00e9 en \u00e9liminant jusqu&#039;\u00e0 14,7 litres d&#039;humidit\u00e9 par jour, ce qui est id\u00e9al pour tout espace jusqu&#039;\u00e0 2 000 pieds carr\u00e9s. La fonction de red\u00e9marrage automatique red\u00e9marre apr\u00e8s une panne de courant, et avec la fonction de vidange directe, vous avez la possibilit\u00e9 de fonctionner en continu. Class\u00e9 Energy Star, cet appareil est \u00e9galement dot\u00e9 d&#039;une minuterie de 24 heures qui vous permet de faire fonctionner votre d\u00e9shumidificateur Danby pendant les heures creuses afin d&#039;\u00e9conomiser sur votre facture d&#039;\u00e9lectricit\u00e9 mensuelle. La fonction de d\u00e9givrage automatique permet \u00e0 l&#039;appareil de fonctionner \u00e0 des temp\u00e9ratures aussi basses que 5\u00b0C (41\u00b0F).\" \/>\n<meta property=\"og:url\" content=\"https:\/\/www.danby.com\/fr\/products\/deshumidificateurs\/ddr030ebwdb\/\" \/>\n<meta property=\"og:site_name\" content=\"Danby - Canada - French\" \/>\n<meta property=\"article:publisher\" content=\"https:\/\/www.facebook.com\/DanbyAppliances\" \/>\n<meta property=\"article:modified_time\" content=\"2026-05-01T10:07:38+00:00\" \/>\n<meta property=\"og:image\" content=\"https:\/\/cdnweb.danby.com\/wp-content\/uploads\/sites\/2\/2023\/04\/28123229\/DDR030EBWDB_Front.jpg\" \/>\n\t<meta property=\"og:image:width\" content=\"1500\" \/>\n\t<meta property=\"og:image:height\" content=\"2107\" \/>\n\t<meta property=\"og:image:type\" content=\"image\/jpeg\" \/>\n<meta name=\"twitter:card\" content=\"summary_large_image\" \/>\n<meta name=\"twitter:site\" content=\"@DanbyAppliance\" \/>\n<script type=\"application\/ld+json\" class=\"yoast-schema-graph\">{\"@context\":\"https:\\\/\\\/schema.org\",\"@graph\":[{\"@type\":[\"WebPage\",\"ItemPage\"],\"url\":\"https:\\\/\\\/www.danby.com\\\/fr\\\/products\\\/deshumidificateurs\\\/ddr030ebwdb\\\/\",\"name\":\"Danby D\u00e9shumidificateur 30 pintes - DDR030EBWDB | Danby Canada\",\"isPartOf\":[],\"primaryImageOfPage\":[],\"image\":[],\"thumbnailUrl\":\"https:\\\/\\\/cdnweb.danby.com\\\/wp-content\\\/uploads\\\/sites\\\/2\\\/2023\\\/11\\\/29214717\\\/Thumbnail__0013_DDR030EBWDB_WP.jpg\",\"datePublished\":\"2022-02-03T19:16:29+00:00\",\"dateModified\":\"2026-05-01T10:07:38+00:00\",\"description\":\"Ce d\u00e9shumidificateur Danby de 30 chopines aidera \u00e0 prot\u00e9ger votre maison de l'humidit\u00e9 en \u00e9liminant jusqu'\u00e0 14,7 litres d'humidit\u00e9 par jour, ce qui est id\u00e9al pour tout espace jusqu'\u00e0 2 000 pieds carr\u00e9s. La fonction de red\u00e9marrage automatique red\u00e9marre apr\u00e8s une panne de courant, et avec la fonction de vidange directe, vous avez la possibilit\u00e9 de fonctionner en continu. Class\u00e9 Energy Star, cet appareil est \u00e9galement dot\u00e9 d'une minuterie de 24 heures qui vous permet de faire fonctionner votre d\u00e9shumidificateur Danby pendant les heures creuses afin d'\u00e9conomiser sur votre facture d'\u00e9lectricit\u00e9 mensuelle. La fonction de d\u00e9givrage automatique permet \u00e0 l'appareil de fonctionner \u00e0 des temp\u00e9ratures aussi basses que 5\u00b0C (41\u00b0F).\",\"breadcrumb\":[],\"inLanguage\":\"fr-CA\",\"potentialAction\":[{\"@type\":\"ReadAction\",\"target\":[\"https:\\\/\\\/www.danby.com\\\/fr\\\/products\\\/deshumidificateurs\\\/ddr030ebwdb\\\/\"]}]},{\"@type\":\"ImageObject\",\"inLanguage\":\"fr-CA\",\"url\":\"https:\\\/\\\/cdnweb.danby.com\\\/wp-content\\\/uploads\\\/sites\\\/2\\\/2023\\\/11\\\/29214717\\\/Thumbnail__0013_DDR030EBWDB_WP.jpg\",\"contentUrl\":\"https:\\\/\\\/cdnweb.danby.com\\\/wp-content\\\/uploads\\\/sites\\\/2\\\/2023\\\/11\\\/29214717\\\/Thumbnail__0013_DDR030EBWDB_WP.jpg\",\"width\":1125,\"height\":1500},{\"@type\":\"BreadcrumbList\",\"itemListElement\":[{\"@type\":\"ListItem\",\"position\":1,\"name\":\"Home\",\"item\":\"https:\\\/\\\/www.danby.com\\\/fr\\\/\"},{\"@type\":\"ListItem\",\"position\":2,\"name\":\"Boutique\",\"item\":\"https:\\\/\\\/www.danby.com\\\/fr\\\/boutique\\\/\"},{\"@type\":\"ListItem\",\"position\":3,\"name\":\"Danby D\u00e9shumidificateur 30 pintes\"}]},{\"@type\":\"WebSite\",\"url\":\"https:\\\/\\\/www.danby.com\\\/fr\\\/\",\"name\":\"Danby - Canada - French\",\"description\":\"Leader dans le domaine de la r\u00e9frig\u00e9ration et des appareils sp\u00e9cialis\u00e9s\",\"publisher\":[],\"potentialAction\":[{\"@type\":\"SearchAction\",\"target\":{\"@type\":\"EntryPoint\",\"urlTemplate\":\"https:\\\/\\\/www.danby.com\\\/fr\\\/?s={search_term_string}\"},\"query-input\":{\"@type\":\"PropertyValueSpecification\",\"valueRequired\":true,\"valueName\":\"search_term_string\"}}],\"inLanguage\":\"fr-CA\"},{\"@type\":\"Organization\",\"name\":\"Danby Appliances\",\"url\":\"https:\\\/\\\/www.danby.com\\\/fr\\\/\",\"logo\":{\"@type\":\"ImageObject\",\"inLanguage\":\"fr-CA\",\"url\":\"https:\\\/\\\/cdnweb.danby.com\\\/wp-content\\\/uploads\\\/sites\\\/2\\\/2022\\\/02\\\/10141906\\\/Danby75Ans_Blue.png\",\"contentUrl\":\"https:\\\/\\\/cdnweb.danby.com\\\/wp-content\\\/uploads\\\/sites\\\/2\\\/2022\\\/02\\\/10141906\\\/Danby75Ans_Blue.png\",\"width\":470,\"height\":110,\"caption\":\"Danby Appliances\"},\"image\":[],\"sameAs\":[\"https:\\\/\\\/www.facebook.com\\\/DanbyAppliances\",\"https:\\\/\\\/x.com\\\/DanbyAppliance\",\"https:\\\/\\\/instagram.com\\\/danbyappliances\\\/\",\"https:\\\/\\\/www.linkedin.com\\\/company\\\/danbyappliances\",\"https:\\\/\\\/www.pinterest.ca\\\/danbyappliances\\\/\",\"https:\\\/\\\/www.youtube.com\\\/user\\\/DanbyProducts\",\"https:\\\/\\\/en.wikipedia.org\\\/wiki\\\/Danby_(appliances)\"]}]}<\/script>\n<!-- \/ Yoast SEO plugin. -->","yoast_head_json":{"title":"Danby D\u00e9shumidificateur 30 pintes - DDR030EBWDB | Danby Canada","description":"Ce d\u00e9shumidificateur Danby de 30 chopines aidera \u00e0 prot\u00e9ger votre maison de l'humidit\u00e9 en \u00e9liminant jusqu'\u00e0 14,7 litres d'humidit\u00e9 par jour, ce qui est id\u00e9al pour tout espace jusqu'\u00e0 2 000 pieds carr\u00e9s. La fonction de red\u00e9marrage automatique red\u00e9marre apr\u00e8s une panne de courant, et avec la fonction de vidange directe, vous avez la possibilit\u00e9 de fonctionner en continu. Class\u00e9 Energy Star, cet appareil est \u00e9galement dot\u00e9 d'une minuterie de 24 heures qui vous permet de faire fonctionner votre d\u00e9shumidificateur Danby pendant les heures creuses afin d'\u00e9conomiser sur votre facture d'\u00e9lectricit\u00e9 mensuelle. La fonction de d\u00e9givrage automatique permet \u00e0 l'appareil de fonctionner \u00e0 des temp\u00e9ratures aussi basses que 5\u00b0C (41\u00b0F).","robots":{"index":"index","follow":"follow","max-snippet":"max-snippet:-1","max-image-preview":"max-image-preview:large","max-video-preview":"max-video-preview:-1"},"canonical":"https:\/\/www.danby.com\/fr\/products\/deshumidificateurs\/ddr030ebwdb\/","og_locale":"fr_CA","og_type":"article","og_title":"Danby D\u00e9shumidificateur 30 pintes - DDR030EBWDB | Danby Canada","og_description":"Ce d\u00e9shumidificateur Danby de 30 chopines aidera \u00e0 prot\u00e9ger votre maison de l'humidit\u00e9 en \u00e9liminant jusqu'\u00e0 14,7 litres d'humidit\u00e9 par jour, ce qui est id\u00e9al pour tout espace jusqu'\u00e0 2 000 pieds carr\u00e9s. La fonction de red\u00e9marrage automatique red\u00e9marre apr\u00e8s une panne de courant, et avec la fonction de vidange directe, vous avez la possibilit\u00e9 de fonctionner en continu. Class\u00e9 Energy Star, cet appareil est \u00e9galement dot\u00e9 d'une minuterie de 24 heures qui vous permet de faire fonctionner votre d\u00e9shumidificateur Danby pendant les heures creuses afin d'\u00e9conomiser sur votre facture d'\u00e9lectricit\u00e9 mensuelle. La fonction de d\u00e9givrage automatique permet \u00e0 l'appareil de fonctionner \u00e0 des temp\u00e9ratures aussi basses que 5\u00b0C (41\u00b0F).","og_url":"https:\/\/www.danby.com\/fr\/products\/deshumidificateurs\/ddr030ebwdb\/","og_site_name":"Danby - Canada - French","article_publisher":"https:\/\/www.facebook.com\/DanbyAppliances","article_modified_time":"2026-05-01T10:07:38+00:00","og_image":[{"width":1500,"height":2107,"url":"https:\/\/cdnweb.danby.com\/wp-content\/uploads\/sites\/2\/2023\/04\/28123229\/DDR030EBWDB_Front.jpg","type":"image\/jpeg"}],"twitter_card":"summary_large_image","twitter_site":"@DanbyAppliance","schema":{"@context":"https:\/\/schema.org","@graph":[{"@type":["WebPage","ItemPage"],"url":"https:\/\/www.danby.com\/fr\/products\/deshumidificateurs\/ddr030ebwdb\/","name":"Danby D\u00e9shumidificateur 30 pintes - DDR030EBWDB | Danby Canada","isPartOf":[],"primaryImageOfPage":[],"image":[],"thumbnailUrl":"https:\/\/cdnweb.danby.com\/wp-content\/uploads\/sites\/2\/2023\/11\/29214717\/Thumbnail__0013_DDR030EBWDB_WP.jpg","datePublished":"2022-02-03T19:16:29+00:00","dateModified":"2026-05-01T10:07:38+00:00","description":"Ce d\u00e9shumidificateur Danby de 30 chopines aidera \u00e0 prot\u00e9ger votre maison de l'humidit\u00e9 en \u00e9liminant jusqu'\u00e0 14,7 litres d'humidit\u00e9 par jour, ce qui est id\u00e9al pour tout espace jusqu'\u00e0 2 000 pieds carr\u00e9s. La fonction de red\u00e9marrage automatique red\u00e9marre apr\u00e8s une panne de courant, et avec la fonction de vidange directe, vous avez la possibilit\u00e9 de fonctionner en continu. Class\u00e9 Energy Star, cet appareil est \u00e9galement dot\u00e9 d'une minuterie de 24 heures qui vous permet de faire fonctionner votre d\u00e9shumidificateur Danby pendant les heures creuses afin d'\u00e9conomiser sur votre facture d'\u00e9lectricit\u00e9 mensuelle. La fonction de d\u00e9givrage automatique permet \u00e0 l'appareil de fonctionner \u00e0 des temp\u00e9ratures aussi basses que 5\u00b0C (41\u00b0F).","breadcrumb":[],"inLanguage":"fr-CA","potentialAction":[{"@type":"ReadAction","target":["https:\/\/www.danby.com\/fr\/products\/deshumidificateurs\/ddr030ebwdb\/"]}]},{"@type":"ImageObject","inLanguage":"fr-CA","url":"https:\/\/cdnweb.danby.com\/wp-content\/uploads\/sites\/2\/2023\/11\/29214717\/Thumbnail__0013_DDR030EBWDB_WP.jpg","contentUrl":"https:\/\/cdnweb.danby.com\/wp-content\/uploads\/sites\/2\/2023\/11\/29214717\/Thumbnail__0013_DDR030EBWDB_WP.jpg","width":1125,"height":1500},{"@type":"BreadcrumbList","itemListElement":[{"@type":"ListItem","position":1,"name":"Home","item":"https:\/\/www.danby.com\/fr\/"},{"@type":"ListItem","position":2,"name":"Boutique","item":"https:\/\/www.danby.com\/fr\/boutique\/"},{"@type":"ListItem","position":3,"name":"Danby D\u00e9shumidificateur 30 pintes"}]},{"@type":"WebSite","url":"https:\/\/www.danby.com\/fr\/","name":"Danby - Canada - French","description":"Leader dans le domaine de la r\u00e9frig\u00e9ration et des appareils sp\u00e9cialis\u00e9s","publisher":[],"potentialAction":[{"@type":"SearchAction","target":{"@type":"EntryPoint","urlTemplate":"https:\/\/www.danby.com\/fr\/?s={search_term_string}"},"query-input":{"@type":"PropertyValueSpecification","valueRequired":true,"valueName":"search_term_string"}}],"inLanguage":"fr-CA"},{"@type":"Organization","name":"Danby Appliances","url":"https:\/\/www.danby.com\/fr\/","logo":{"@type":"ImageObject","inLanguage":"fr-CA","url":"https:\/\/cdnweb.danby.com\/wp-content\/uploads\/sites\/2\/2022\/02\/10141906\/Danby75Ans_Blue.png","contentUrl":"https:\/\/cdnweb.danby.com\/wp-content\/uploads\/sites\/2\/2022\/02\/10141906\/Danby75Ans_Blue.png","width":470,"height":110,"caption":"Danby Appliances"},"image":[],"sameAs":["https:\/\/www.facebook.com\/DanbyAppliances","https:\/\/x.com\/DanbyAppliance","https:\/\/instagram.com\/danbyappliances\/","https:\/\/www.linkedin.com\/company\/danbyappliances","https:\/\/www.pinterest.ca\/danbyappliances\/","https:\/\/www.youtube.com\/user\/DanbyProducts","https:\/\/en.wikipedia.org\/wiki\/Danby_(appliances)"]}]}},"post_mailing_queue_ids":[],"_links":{"self":[{"href":"https:\/\/www.danby.com\/fr\/wp-json\/wp\/v2\/product\/4863","targetHints":{"allow":["GET"]}}],"collection":[{"href":"https:\/\/www.danby.com\/fr\/wp-json\/wp\/v2\/product"}],"about":[{"href":"https:\/\/www.danby.com\/fr\/wp-json\/wp\/v2\/types\/product"}],"replies":[{"embeddable":true,"href":"https:\/\/www.danby.com\/fr\/wp-json\/wp\/v2\/comments?post=4863"}],"wp:featuredmedia":[{"embeddable":true,"href":"https:\/\/www.danby.com\/fr\/wp-json\/wp\/v2\/media\/25928"}],"wp:attachment":[{"href":"https:\/\/www.danby.com\/fr\/wp-json\/wp\/v2\/media?parent=4863"}],"wp:term":[{"taxonomy":"product_brand","embeddable":true,"href":"https:\/\/www.danby.com\/fr\/wp-json\/wp\/v2\/product_brand?post=4863"},{"taxonomy":"product_cat","embeddable":true,"href":"https:\/\/www.danby.com\/fr\/wp-json\/wp\/v2\/product_cat?post=4863"},{"taxonomy":"product_tag","embeddable":true,"href":"https:\/\/www.danby.com\/fr\/wp-json\/wp\/v2\/product_tag?post=4863"}],"curies":[{"name":"wp","href":"https:\/\/api.w.org\/{rel}","templated":true}]}}