{"id":4862,"date":"2022-02-03T19:16:29","date_gmt":"2022-02-03T19:16:29","guid":{"rendered":"https:\/\/www.danby.com\/fr\/product\/ddr030blwdb-me\/"},"modified":"2026-04-09T10:06:38","modified_gmt":"2026-04-09T10:06:38","slug":"ddr030blwdb-me","status":"publish","type":"product","link":"https:\/\/www.danby.com\/fr\/products\/deshumidificateurs\/ddr030blwdb-me\/","title":{"rendered":"Danby D\u00e9shumidificateur 30 pintes"},"content":{"rendered":"","protected":false},"excerpt":{"rendered":"<ul>\n<li>D\u00e9shumidificateur de 14,2 L (30 pint) : Contr\u00f4le l&#8217;humidit\u00e9 dans les espaces jusqu&#8217;\u00e0 2 000 pieds carr\u00e9s<\/li>\n<li>ENERGY STAR\u00ae Certifi\u00e9<\/li>\n<li>Commandes \u00e9lectroniques avec affichage LED<\/li>\n<li>Puissant ventilateur \u00e0 2 vitesses<\/li>\n<li>D\u00e9shumidification intelligente : L&#8217;appareil contr\u00f4le automatiquement l&#8217;humidit\u00e9 de la pi\u00e8ce en tenant compte de la temp\u00e9rature ambiante<\/li>\n<li>La fonction de drainage direct permet un fonctionnement continu<\/li>\n<li>Red\u00e9marrage automatique : L&#8217;unit\u00e9 red\u00e9marre automatiquement apr\u00e8s une panne de courant<\/li>\n<li>D\u00e9givreur automatique : Emp\u00eache la formation de givre<\/li>\n<li>Minuterie programmable de 24 heures<\/li>\n<li>Fonction basse temp\u00e9rature : L&#8217;unit\u00e9 fonctionne \u00e0 des temp\u00e9ratures aussi basses que 5\u00b0C<\/li>\n<li>4 roulettes pour un transport facile d&#8217;une pi\u00e8ce \u00e0 l&#8217;autre<\/li>\n<li>Filtre r\u00e9utilisable et lavable<\/li>\n<\/ul>\n","protected":false},"featured_media":25925,"comment_status":"closed","ping_status":"closed","template":"","meta":{"_acf_changed":false},"product_brand":[],"product_cat":[23],"product_tag":[],"class_list":{"0":"post-4862","1":"product","2":"type-product","3":"status-publish","4":"has-post-thumbnail","6":"product_cat-deshumidificateurs","7":"pa_couleur-white","8":"pa_duree-de-la-garantie-en-mois-1169","10":"first","11":"outofstock","12":"taxable","13":"shipping-taxable","14":"product-type-simple"},"acf":[],"yoast_head":"<!-- This site is optimized with the Yoast SEO plugin v26.7 - https:\/\/yoast.com\/wordpress\/plugins\/seo\/ -->\n<title>Danby D\u00e9shumidificateur 30 pintes - DDR030BLWDB-ME | Danby Canada<\/title>\n<meta name=\"description\" content=\"Aidez \u00e0 \u00e9liminer l&#039;humidit\u00e9 ind\u00e9sirable de votre maison gr\u00e2ce \u00e0 ce d\u00e9shumidificateur de 14,2 L (30 pintes) de Danby ! La fonction de d\u00e9shumidification intelligente de ce mod\u00e8le contr\u00f4le automatiquement l&#039;humidit\u00e9 de la pi\u00e8ce en tenant compte de la temp\u00e9rature ambiante. La fonction d&#039;arr\u00eat automatique emp\u00eache les d\u00e9bordements et, gr\u00e2ce \u00e0 la fonction de vidange directe, vous avez la possibilit\u00e9 de laisser l&#039;appareil fonctionner en continu pendant le jour et la nuit. Ce mod\u00e8le est certifi\u00e9 Energy Star\u00ae et il est dot\u00e9 d&#039;une minuterie de 24 heures qui vous permet de faire fonctionner votre d\u00e9shumidificateur pendant les heures creuses, ce qui vous aidera \u00e0 \u00e9conomiser sur votre facture d&#039;\u00e9lectricit\u00e9 mensuelle ! En outre, la fonction de d\u00e9givrage automatique permet \u00e0 l&#039;appareil de fonctionner \u00e0 des temp\u00e9ratures aussi basses que 5 \u00b0C (41 \u00b0F) et il est \u00e9quip\u00e9 d&#039;un filtre \u00e0 air r\u00e9utilisable et lavable.\" \/>\n<meta name=\"robots\" content=\"index, follow, max-snippet:-1, max-image-preview:large, max-video-preview:-1\" \/>\n<link rel=\"canonical\" href=\"https:\/\/www.danby.com\/fr\/products\/deshumidificateurs\/ddr030blwdb-me\/\" \/>\n<meta property=\"og:locale\" content=\"fr_CA\" \/>\n<meta property=\"og:type\" content=\"article\" \/>\n<meta property=\"og:title\" content=\"Danby D\u00e9shumidificateur 30 pintes - DDR030BLWDB-ME | Danby Canada\" \/>\n<meta property=\"og:description\" content=\"Aidez \u00e0 \u00e9liminer l&#039;humidit\u00e9 ind\u00e9sirable de votre maison gr\u00e2ce \u00e0 ce d\u00e9shumidificateur de 14,2 L (30 pintes) de Danby ! La fonction de d\u00e9shumidification intelligente de ce mod\u00e8le contr\u00f4le automatiquement l&#039;humidit\u00e9 de la pi\u00e8ce en tenant compte de la temp\u00e9rature ambiante. La fonction d&#039;arr\u00eat automatique emp\u00eache les d\u00e9bordements et, gr\u00e2ce \u00e0 la fonction de vidange directe, vous avez la possibilit\u00e9 de laisser l&#039;appareil fonctionner en continu pendant le jour et la nuit. Ce mod\u00e8le est certifi\u00e9 Energy Star\u00ae et il est dot\u00e9 d&#039;une minuterie de 24 heures qui vous permet de faire fonctionner votre d\u00e9shumidificateur pendant les heures creuses, ce qui vous aidera \u00e0 \u00e9conomiser sur votre facture d&#039;\u00e9lectricit\u00e9 mensuelle ! En outre, la fonction de d\u00e9givrage automatique permet \u00e0 l&#039;appareil de fonctionner \u00e0 des temp\u00e9ratures aussi basses que 5 \u00b0C (41 \u00b0F) et il est \u00e9quip\u00e9 d&#039;un filtre \u00e0 air r\u00e9utilisable et lavable.\" \/>\n<meta property=\"og:url\" content=\"https:\/\/www.danby.com\/fr\/products\/deshumidificateurs\/ddr030blwdb-me\/\" \/>\n<meta property=\"og:site_name\" content=\"Danby - Canada - French\" \/>\n<meta property=\"article:publisher\" content=\"https:\/\/www.facebook.com\/DanbyAppliances\" \/>\n<meta property=\"article:modified_time\" content=\"2026-04-09T10:06:38+00:00\" \/>\n<meta property=\"og:image\" content=\"https:\/\/cdnweb.danby.com\/wp-content\/uploads\/sites\/2\/2023\/11\/29214643\/Thumbnail__0012_DDR030BLWDB-ME_WP.jpg\" \/>\n\t<meta property=\"og:image:width\" content=\"1125\" \/>\n\t<meta property=\"og:image:height\" content=\"1500\" \/>\n\t<meta property=\"og:image:type\" content=\"image\/jpeg\" \/>\n<meta name=\"twitter:card\" content=\"summary_large_image\" \/>\n<meta name=\"twitter:site\" content=\"@DanbyAppliance\" \/>\n<meta name=\"twitter:label1\" content=\"Estimation du temps de lecture\" \/>\n\t<meta name=\"twitter:data1\" content=\"1 minute\" \/>\n<script type=\"application\/ld+json\" class=\"yoast-schema-graph\">{\"@context\":\"https:\/\/schema.org\",\"@graph\":[{\"@type\":[\"WebPage\",\"ItemPage\"],\"url\":\"https:\/\/www.danby.com\/fr\/products\/deshumidificateurs\/ddr030blwdb-me\/\",\"name\":\"Danby D\u00e9shumidificateur 30 pintes - DDR030BLWDB-ME | Danby Canada\",\"isPartOf\":[],\"primaryImageOfPage\":[],\"image\":[],\"thumbnailUrl\":\"https:\/\/cdnweb.danby.com\/wp-content\/uploads\/sites\/2\/2023\/11\/29214643\/Thumbnail__0012_DDR030BLWDB-ME_WP.jpg\",\"datePublished\":\"2022-02-03T19:16:29+00:00\",\"dateModified\":\"2026-04-09T10:06:38+00:00\",\"description\":\"Aidez \u00e0 \u00e9liminer l'humidit\u00e9 ind\u00e9sirable de votre maison gr\u00e2ce \u00e0 ce d\u00e9shumidificateur de 14,2 L (30 pintes) de Danby ! La fonction de d\u00e9shumidification intelligente de ce mod\u00e8le contr\u00f4le automatiquement l'humidit\u00e9 de la pi\u00e8ce en tenant compte de la temp\u00e9rature ambiante. La fonction d'arr\u00eat automatique emp\u00eache les d\u00e9bordements et, gr\u00e2ce \u00e0 la fonction de vidange directe, vous avez la possibilit\u00e9 de laisser l'appareil fonctionner en continu pendant le jour et la nuit. Ce mod\u00e8le est certifi\u00e9 Energy Star\u00ae et il est dot\u00e9 d'une minuterie de 24 heures qui vous permet de faire fonctionner votre d\u00e9shumidificateur pendant les heures creuses, ce qui vous aidera \u00e0 \u00e9conomiser sur votre facture d'\u00e9lectricit\u00e9 mensuelle ! En outre, la fonction de d\u00e9givrage automatique permet \u00e0 l'appareil de fonctionner \u00e0 des temp\u00e9ratures aussi basses que 5 \u00b0C (41 \u00b0F) et il est \u00e9quip\u00e9 d'un filtre \u00e0 air r\u00e9utilisable et lavable.\",\"breadcrumb\":[],\"inLanguage\":\"fr-CA\",\"potentialAction\":[{\"@type\":\"ReadAction\",\"target\":[\"https:\/\/www.danby.com\/fr\/products\/deshumidificateurs\/ddr030blwdb-me\/\"]}]},{\"@type\":\"ImageObject\",\"inLanguage\":\"fr-CA\",\"url\":\"https:\/\/cdnweb.danby.com\/wp-content\/uploads\/sites\/2\/2023\/11\/29214643\/Thumbnail__0012_DDR030BLWDB-ME_WP.jpg\",\"contentUrl\":\"https:\/\/cdnweb.danby.com\/wp-content\/uploads\/sites\/2\/2023\/11\/29214643\/Thumbnail__0012_DDR030BLWDB-ME_WP.jpg\",\"width\":1125,\"height\":1500},{\"@type\":\"BreadcrumbList\",\"itemListElement\":[{\"@type\":\"ListItem\",\"position\":1,\"name\":\"Home\",\"item\":\"https:\/\/www.danby.com\/fr\/\"},{\"@type\":\"ListItem\",\"position\":2,\"name\":\"Boutique\",\"item\":\"https:\/\/www.danby.com\/fr\/boutique\/\"},{\"@type\":\"ListItem\",\"position\":3,\"name\":\"Danby D\u00e9shumidificateur 30 pintes\"}]},{\"@type\":\"WebSite\",\"url\":\"https:\/\/www.danby.com\/fr\/\",\"name\":\"Danby - Canada - French\",\"description\":\"Leader dans le domaine de la r\u00e9frig\u00e9ration et des appareils sp\u00e9cialis\u00e9s\",\"publisher\":[],\"potentialAction\":[{\"@type\":\"SearchAction\",\"target\":{\"@type\":\"EntryPoint\",\"urlTemplate\":\"https:\/\/www.danby.com\/fr\/?s={search_term_string}\"},\"query-input\":{\"@type\":\"PropertyValueSpecification\",\"valueRequired\":true,\"valueName\":\"search_term_string\"}}],\"inLanguage\":\"fr-CA\"},{\"@type\":\"Organization\",\"name\":\"Danby Appliances\",\"url\":\"https:\/\/www.danby.com\/fr\/\",\"logo\":{\"@type\":\"ImageObject\",\"inLanguage\":\"fr-CA\",\"url\":\"https:\/\/cdnweb.danby.com\/wp-content\/uploads\/sites\/2\/2022\/02\/10141906\/Danby75Ans_Blue.png\",\"contentUrl\":\"https:\/\/cdnweb.danby.com\/wp-content\/uploads\/sites\/2\/2022\/02\/10141906\/Danby75Ans_Blue.png\",\"width\":470,\"height\":110,\"caption\":\"Danby Appliances\"},\"image\":[],\"sameAs\":[\"https:\/\/www.facebook.com\/DanbyAppliances\",\"https:\/\/x.com\/DanbyAppliance\",\"https:\/\/instagram.com\/danbyappliances\/\",\"https:\/\/www.linkedin.com\/company\/danbyappliances\",\"https:\/\/www.pinterest.ca\/danbyappliances\/\",\"https:\/\/www.youtube.com\/user\/DanbyProducts\",\"https:\/\/en.wikipedia.org\/wiki\/Danby_(appliances)\"]}]}<\/script>\n<!-- \/ Yoast SEO plugin. -->","yoast_head_json":{"title":"Danby D\u00e9shumidificateur 30 pintes - DDR030BLWDB-ME | Danby Canada","description":"Aidez \u00e0 \u00e9liminer l'humidit\u00e9 ind\u00e9sirable de votre maison gr\u00e2ce \u00e0 ce d\u00e9shumidificateur de 14,2 L (30 pintes) de Danby ! La fonction de d\u00e9shumidification intelligente de ce mod\u00e8le contr\u00f4le automatiquement l'humidit\u00e9 de la pi\u00e8ce en tenant compte de la temp\u00e9rature ambiante. La fonction d'arr\u00eat automatique emp\u00eache les d\u00e9bordements et, gr\u00e2ce \u00e0 la fonction de vidange directe, vous avez la possibilit\u00e9 de laisser l'appareil fonctionner en continu pendant le jour et la nuit. Ce mod\u00e8le est certifi\u00e9 Energy Star\u00ae et il est dot\u00e9 d'une minuterie de 24 heures qui vous permet de faire fonctionner votre d\u00e9shumidificateur pendant les heures creuses, ce qui vous aidera \u00e0 \u00e9conomiser sur votre facture d'\u00e9lectricit\u00e9 mensuelle ! En outre, la fonction de d\u00e9givrage automatique permet \u00e0 l'appareil de fonctionner \u00e0 des temp\u00e9ratures aussi basses que 5 \u00b0C (41 \u00b0F) et il est \u00e9quip\u00e9 d'un filtre \u00e0 air r\u00e9utilisable et lavable.","robots":{"index":"index","follow":"follow","max-snippet":"max-snippet:-1","max-image-preview":"max-image-preview:large","max-video-preview":"max-video-preview:-1"},"canonical":"https:\/\/www.danby.com\/fr\/products\/deshumidificateurs\/ddr030blwdb-me\/","og_locale":"fr_CA","og_type":"article","og_title":"Danby D\u00e9shumidificateur 30 pintes - DDR030BLWDB-ME | Danby Canada","og_description":"Aidez \u00e0 \u00e9liminer l'humidit\u00e9 ind\u00e9sirable de votre maison gr\u00e2ce \u00e0 ce d\u00e9shumidificateur de 14,2 L (30 pintes) de Danby ! La fonction de d\u00e9shumidification intelligente de ce mod\u00e8le contr\u00f4le automatiquement l'humidit\u00e9 de la pi\u00e8ce en tenant compte de la temp\u00e9rature ambiante. La fonction d'arr\u00eat automatique emp\u00eache les d\u00e9bordements et, gr\u00e2ce \u00e0 la fonction de vidange directe, vous avez la possibilit\u00e9 de laisser l'appareil fonctionner en continu pendant le jour et la nuit. Ce mod\u00e8le est certifi\u00e9 Energy Star\u00ae et il est dot\u00e9 d'une minuterie de 24 heures qui vous permet de faire fonctionner votre d\u00e9shumidificateur pendant les heures creuses, ce qui vous aidera \u00e0 \u00e9conomiser sur votre facture d'\u00e9lectricit\u00e9 mensuelle ! En outre, la fonction de d\u00e9givrage automatique permet \u00e0 l'appareil de fonctionner \u00e0 des temp\u00e9ratures aussi basses que 5 \u00b0C (41 \u00b0F) et il est \u00e9quip\u00e9 d'un filtre \u00e0 air r\u00e9utilisable et lavable.","og_url":"https:\/\/www.danby.com\/fr\/products\/deshumidificateurs\/ddr030blwdb-me\/","og_site_name":"Danby - Canada - French","article_publisher":"https:\/\/www.facebook.com\/DanbyAppliances","article_modified_time":"2026-04-09T10:06:38+00:00","og_image":[{"width":1125,"height":1500,"url":"https:\/\/cdnweb.danby.com\/wp-content\/uploads\/sites\/2\/2023\/11\/29214643\/Thumbnail__0012_DDR030BLWDB-ME_WP.jpg","type":"image\/jpeg"}],"twitter_card":"summary_large_image","twitter_site":"@DanbyAppliance","twitter_misc":{"Estimation du temps de lecture":"1 minute"},"schema":{"@context":"https:\/\/schema.org","@graph":[{"@type":["WebPage","ItemPage"],"url":"https:\/\/www.danby.com\/fr\/products\/deshumidificateurs\/ddr030blwdb-me\/","name":"Danby D\u00e9shumidificateur 30 pintes - DDR030BLWDB-ME | Danby Canada","isPartOf":[],"primaryImageOfPage":[],"image":[],"thumbnailUrl":"https:\/\/cdnweb.danby.com\/wp-content\/uploads\/sites\/2\/2023\/11\/29214643\/Thumbnail__0012_DDR030BLWDB-ME_WP.jpg","datePublished":"2022-02-03T19:16:29+00:00","dateModified":"2026-04-09T10:06:38+00:00","description":"Aidez \u00e0 \u00e9liminer l'humidit\u00e9 ind\u00e9sirable de votre maison gr\u00e2ce \u00e0 ce d\u00e9shumidificateur de 14,2 L (30 pintes) de Danby ! La fonction de d\u00e9shumidification intelligente de ce mod\u00e8le contr\u00f4le automatiquement l'humidit\u00e9 de la pi\u00e8ce en tenant compte de la temp\u00e9rature ambiante. La fonction d'arr\u00eat automatique emp\u00eache les d\u00e9bordements et, gr\u00e2ce \u00e0 la fonction de vidange directe, vous avez la possibilit\u00e9 de laisser l'appareil fonctionner en continu pendant le jour et la nuit. Ce mod\u00e8le est certifi\u00e9 Energy Star\u00ae et il est dot\u00e9 d'une minuterie de 24 heures qui vous permet de faire fonctionner votre d\u00e9shumidificateur pendant les heures creuses, ce qui vous aidera \u00e0 \u00e9conomiser sur votre facture d'\u00e9lectricit\u00e9 mensuelle ! En outre, la fonction de d\u00e9givrage automatique permet \u00e0 l'appareil de fonctionner \u00e0 des temp\u00e9ratures aussi basses que 5 \u00b0C (41 \u00b0F) et il est \u00e9quip\u00e9 d'un filtre \u00e0 air r\u00e9utilisable et lavable.","breadcrumb":[],"inLanguage":"fr-CA","potentialAction":[{"@type":"ReadAction","target":["https:\/\/www.danby.com\/fr\/products\/deshumidificateurs\/ddr030blwdb-me\/"]}]},{"@type":"ImageObject","inLanguage":"fr-CA","url":"https:\/\/cdnweb.danby.com\/wp-content\/uploads\/sites\/2\/2023\/11\/29214643\/Thumbnail__0012_DDR030BLWDB-ME_WP.jpg","contentUrl":"https:\/\/cdnweb.danby.com\/wp-content\/uploads\/sites\/2\/2023\/11\/29214643\/Thumbnail__0012_DDR030BLWDB-ME_WP.jpg","width":1125,"height":1500},{"@type":"BreadcrumbList","itemListElement":[{"@type":"ListItem","position":1,"name":"Home","item":"https:\/\/www.danby.com\/fr\/"},{"@type":"ListItem","position":2,"name":"Boutique","item":"https:\/\/www.danby.com\/fr\/boutique\/"},{"@type":"ListItem","position":3,"name":"Danby D\u00e9shumidificateur 30 pintes"}]},{"@type":"WebSite","url":"https:\/\/www.danby.com\/fr\/","name":"Danby - Canada - French","description":"Leader dans le domaine de la r\u00e9frig\u00e9ration et des appareils sp\u00e9cialis\u00e9s","publisher":[],"potentialAction":[{"@type":"SearchAction","target":{"@type":"EntryPoint","urlTemplate":"https:\/\/www.danby.com\/fr\/?s={search_term_string}"},"query-input":{"@type":"PropertyValueSpecification","valueRequired":true,"valueName":"search_term_string"}}],"inLanguage":"fr-CA"},{"@type":"Organization","name":"Danby Appliances","url":"https:\/\/www.danby.com\/fr\/","logo":{"@type":"ImageObject","inLanguage":"fr-CA","url":"https:\/\/cdnweb.danby.com\/wp-content\/uploads\/sites\/2\/2022\/02\/10141906\/Danby75Ans_Blue.png","contentUrl":"https:\/\/cdnweb.danby.com\/wp-content\/uploads\/sites\/2\/2022\/02\/10141906\/Danby75Ans_Blue.png","width":470,"height":110,"caption":"Danby Appliances"},"image":[],"sameAs":["https:\/\/www.facebook.com\/DanbyAppliances","https:\/\/x.com\/DanbyAppliance","https:\/\/instagram.com\/danbyappliances\/","https:\/\/www.linkedin.com\/company\/danbyappliances","https:\/\/www.pinterest.ca\/danbyappliances\/","https:\/\/www.youtube.com\/user\/DanbyProducts","https:\/\/en.wikipedia.org\/wiki\/Danby_(appliances)"]}]}},"post_mailing_queue_ids":[],"_links":{"self":[{"href":"https:\/\/www.danby.com\/fr\/wp-json\/wp\/v2\/product\/4862","targetHints":{"allow":["GET"]}}],"collection":[{"href":"https:\/\/www.danby.com\/fr\/wp-json\/wp\/v2\/product"}],"about":[{"href":"https:\/\/www.danby.com\/fr\/wp-json\/wp\/v2\/types\/product"}],"replies":[{"embeddable":true,"href":"https:\/\/www.danby.com\/fr\/wp-json\/wp\/v2\/comments?post=4862"}],"wp:featuredmedia":[{"embeddable":true,"href":"https:\/\/www.danby.com\/fr\/wp-json\/wp\/v2\/media\/25925"}],"wp:attachment":[{"href":"https:\/\/www.danby.com\/fr\/wp-json\/wp\/v2\/media?parent=4862"}],"wp:term":[{"taxonomy":"product_brand","embeddable":true,"href":"https:\/\/www.danby.com\/fr\/wp-json\/wp\/v2\/product_brand?post=4862"},{"taxonomy":"product_cat","embeddable":true,"href":"https:\/\/www.danby.com\/fr\/wp-json\/wp\/v2\/product_cat?post=4862"},{"taxonomy":"product_tag","embeddable":true,"href":"https:\/\/www.danby.com\/fr\/wp-json\/wp\/v2\/product_tag?post=4862"}],"curies":[{"name":"wp","href":"https:\/\/api.w.org\/{rel}","templated":true}]}}