{"id":4855,"date":"2022-02-03T19:16:29","date_gmt":"2022-02-03T19:16:29","guid":{"rendered":"https:\/\/www.danby.com\/fr\/product\/ddmw1060bss-6\/"},"modified":"2026-04-13T10:04:03","modified_gmt":"2026-04-13T10:04:03","slug":"ddmw1060bss-6","status":"publish","type":"product","link":"https:\/\/www.danby.com\/fr\/products\/fours-a-micro-ondes\/ddmw1060bss-6\/","title":{"rendered":"Danby Four \u00e0 micro-ondes multifonctionnel 5 en 1 avec friteuse en acier inoxydable"},"content":{"rendered":"","protected":false},"excerpt":{"rendered":"<ul>\n<li>Capacit\u00e9 de 1,0 pi3\/28 L, puissance de cuisson de 1 000 watts, 10 niveaux de puissance<\/li>\n<li>Four \u00e0 micro-ondes multifonctionnel 5 en 1<\/li>\n<li>Air Fry : De d\u00e9licieux aliments &#8220;frits&#8221; avec peu ou pas d&#8217;huile. Options : Frites surgel\u00e9es, rondelles d&#8217;oignon surgel\u00e9es, p\u00e9pites de poulet surgel\u00e9es, cuisses de poulet surgel\u00e9es, tendres de poulet, crevettes surgel\u00e9es, b\u00e2tonnets de poisson, rouleaux de printemps, b\u00e2tonnets de mozzarella.<\/li>\n<li>R\u00f4tissage\/cuisson par convection : Permet au four \u00e0 micro-ondes de fonctionner comme un four ordinaire avec des temp\u00e9ratures de 100 \u00e0 425F avec ou sans pr\u00e9chauffage.<\/li>\n<li>Broil\/Grill : Fonction minut\u00e9e utilisant l&#8217;\u00e9l\u00e9ment Broil\/Grill pendant 5:00 &#8211; 95:00 minutes.<\/li>\n<li>Micro-ondes : 9 programmes de menu automatique : Boisson, Assiette, Soupe, Pomme de terre, L\u00e9gumes, G\u00e2teau d&#8217;avoine, Pizza, G\u00e2teau, Biscuit.<\/li>\n<li>Combinaison de cuisson Micro\/Convection ou Micro\/Grill : C1 micro-ondes et ventilateur de convection, C2 micro-ondes + gril<\/li>\n<li>D\u00e9cong\u00e9lation par poids ou par temps<\/li>\n<li>Contr\u00f4le de la temp\u00e9rature de maintien\/basse temp\u00e9rature : Yaourt, levage, maintien au chaud et cuisson lente.<\/li>\n<li>Cuisson rapide : Ajoute 30 secondes<\/li>\n<li>D\u00e9sodorisation : d\u00e9sodorise la cavit\u00e9 pour \u00e9liminer les odeurs<\/li>\n<\/ul>\n","protected":false},"featured_media":35336,"comment_status":"closed","ping_status":"closed","template":"","meta":{"_acf_changed":false},"product_brand":[],"product_cat":[32],"product_tag":[],"class_list":{"0":"post-4855","1":"product","2":"type-product","3":"status-publish","4":"has-post-thumbnail","6":"product_cat-fours-a-micro-ondes","7":"pa_capacite-pi3-1342","8":"pa_couleur-stainless-steel","9":"pa_duree-de-la-garantie-en-mois-1170","11":"first","12":"outofstock","13":"taxable","14":"shipping-taxable","15":"purchasable","16":"product-type-simple"},"acf":[],"yoast_head":"<!-- This site is optimized with the Yoast SEO plugin v26.7 - https:\/\/yoast.com\/wordpress\/plugins\/seo\/ -->\n<title>Danby Four \u00e0 micro-ondes multifonctionnel 5 en 1 avec friteuse en acier inoxydable - DDMW1060BSS-6 | Danby Canada<\/title>\n<meta name=\"description\" content=\"Le four \u00e0 micro-ondes multifonctionnel 5-en-1 de Danby en met beaucoup dans un four \u00e0 micro-ondes de 1 pi3 : Friture \u00e0 l&#039;air, r\u00f4tissage\/cuisson par convection, gril\/gril, micro-ondes, combinaison micro\/convection ou micro\/gril et 1 000 watts de puissance de cuisson. Il peut faire frire \u00e0 l&#039;air libre certains de vos aliments pr\u00e9f\u00e9r\u00e9s avec peu ou pas d&#039;huile ! Frites, rondelles d&#039;oignon, poulet, fruits de mer, rouleaux de printemps, etc. En plus de ses capacit\u00e9s de friture \u00e0 l&#039;air, cet appareil offre 9 options de menu pratiques, une fonction de gril\/grill qui peut \u00eatre r\u00e9gl\u00e9e de 5 \u00e0 95 minutes et une option de cuisson combin\u00e9e micro\/convection ou micro\/gril. Vous pouvez \u00e9galement d\u00e9congeler vos repas par poids ou par temps, d\u00e9sodoriser la cavit\u00e9 de l&#039;appareil pour aider \u00e0 \u00e9liminer les odeurs ind\u00e9sirables, et engager la s\u00e9curit\u00e9 enfant sur le devant de l&#039;appareil. Il n&#039;y a pas grand-chose que ce micro-ondes ne puisse faire, y compris son aspect \u00e9l\u00e9gant en acier inoxydable, qui peut s&#039;int\u00e9grer dans n&#039;importe quelle cuisine !\" \/>\n<meta name=\"robots\" content=\"index, follow, max-snippet:-1, max-image-preview:large, max-video-preview:-1\" \/>\n<link rel=\"canonical\" href=\"https:\/\/www.danby.com\/fr\/products\/fours-a-micro-ondes\/ddmw1060bss-6\/\" \/>\n<meta property=\"og:locale\" content=\"fr_CA\" \/>\n<meta property=\"og:type\" content=\"article\" \/>\n<meta property=\"og:title\" content=\"Danby Four \u00e0 micro-ondes multifonctionnel 5 en 1 avec friteuse en acier inoxydable - DDMW1060BSS-6 | Danby Canada\" \/>\n<meta property=\"og:description\" content=\"Le four \u00e0 micro-ondes multifonctionnel 5-en-1 de Danby en met beaucoup dans un four \u00e0 micro-ondes de 1 pi3 : Friture \u00e0 l&#039;air, r\u00f4tissage\/cuisson par convection, gril\/gril, micro-ondes, combinaison micro\/convection ou micro\/gril et 1 000 watts de puissance de cuisson. Il peut faire frire \u00e0 l&#039;air libre certains de vos aliments pr\u00e9f\u00e9r\u00e9s avec peu ou pas d&#039;huile ! Frites, rondelles d&#039;oignon, poulet, fruits de mer, rouleaux de printemps, etc. En plus de ses capacit\u00e9s de friture \u00e0 l&#039;air, cet appareil offre 9 options de menu pratiques, une fonction de gril\/grill qui peut \u00eatre r\u00e9gl\u00e9e de 5 \u00e0 95 minutes et une option de cuisson combin\u00e9e micro\/convection ou micro\/gril. Vous pouvez \u00e9galement d\u00e9congeler vos repas par poids ou par temps, d\u00e9sodoriser la cavit\u00e9 de l&#039;appareil pour aider \u00e0 \u00e9liminer les odeurs ind\u00e9sirables, et engager la s\u00e9curit\u00e9 enfant sur le devant de l&#039;appareil. Il n&#039;y a pas grand-chose que ce micro-ondes ne puisse faire, y compris son aspect \u00e9l\u00e9gant en acier inoxydable, qui peut s&#039;int\u00e9grer dans n&#039;importe quelle cuisine !\" \/>\n<meta property=\"og:url\" content=\"https:\/\/www.danby.com\/fr\/products\/fours-a-micro-ondes\/ddmw1060bss-6\/\" \/>\n<meta property=\"og:site_name\" content=\"Danby - Canada - French\" \/>\n<meta property=\"article:publisher\" content=\"https:\/\/www.facebook.com\/DanbyAppliances\" \/>\n<meta property=\"article:modified_time\" content=\"2026-04-13T10:04:03+00:00\" \/>\n<meta property=\"og:image\" content=\"https:\/\/cdnweb.danby.com\/wp-content\/uploads\/sites\/2\/2022\/02\/09153449\/DDMW1060BSS-6-Featured.jpg\" \/>\n\t<meta property=\"og:image:width\" content=\"1440\" \/>\n\t<meta property=\"og:image:height\" content=\"1920\" \/>\n\t<meta property=\"og:image:type\" content=\"image\/jpeg\" \/>\n<meta name=\"twitter:card\" content=\"summary_large_image\" \/>\n<meta name=\"twitter:site\" content=\"@DanbyAppliance\" \/>\n<script type=\"application\/ld+json\" class=\"yoast-schema-graph\">{\"@context\":\"https:\/\/schema.org\",\"@graph\":[{\"@type\":[\"WebPage\",\"ItemPage\"],\"url\":\"https:\/\/www.danby.com\/fr\/products\/fours-a-micro-ondes\/ddmw1060bss-6\/\",\"name\":\"Danby Four \u00e0 micro-ondes multifonctionnel 5 en 1 avec friteuse en acier inoxydable - DDMW1060BSS-6 | Danby Canada\",\"isPartOf\":[],\"primaryImageOfPage\":[],\"image\":[],\"thumbnailUrl\":\"https:\/\/www.danby.com\/fr\/wp-content\/uploads\/sites\/2\/2025\/10\/ddmw1060bss-6-thumbnail.jpg\",\"datePublished\":\"2022-02-03T19:16:29+00:00\",\"dateModified\":\"2026-04-13T10:04:03+00:00\",\"description\":\"Le four \u00e0 micro-ondes multifonctionnel 5-en-1 de Danby en met beaucoup dans un four \u00e0 micro-ondes de 1 pi3 : Friture \u00e0 l'air, r\u00f4tissage\/cuisson par convection, gril\/gril, micro-ondes, combinaison micro\/convection ou micro\/gril et 1 000 watts de puissance de cuisson. Il peut faire frire \u00e0 l'air libre certains de vos aliments pr\u00e9f\u00e9r\u00e9s avec peu ou pas d'huile ! Frites, rondelles d'oignon, poulet, fruits de mer, rouleaux de printemps, etc. En plus de ses capacit\u00e9s de friture \u00e0 l'air, cet appareil offre 9 options de menu pratiques, une fonction de gril\/grill qui peut \u00eatre r\u00e9gl\u00e9e de 5 \u00e0 95 minutes et une option de cuisson combin\u00e9e micro\/convection ou micro\/gril. Vous pouvez \u00e9galement d\u00e9congeler vos repas par poids ou par temps, d\u00e9sodoriser la cavit\u00e9 de l'appareil pour aider \u00e0 \u00e9liminer les odeurs ind\u00e9sirables, et engager la s\u00e9curit\u00e9 enfant sur le devant de l'appareil. Il n'y a pas grand-chose que ce micro-ondes ne puisse faire, y compris son aspect \u00e9l\u00e9gant en acier inoxydable, qui peut s'int\u00e9grer dans n'importe quelle cuisine !\",\"breadcrumb\":[],\"inLanguage\":\"fr-CA\",\"potentialAction\":[{\"@type\":\"ReadAction\",\"target\":[\"https:\/\/www.danby.com\/fr\/products\/fours-a-micro-ondes\/ddmw1060bss-6\/\"]}]},{\"@type\":\"ImageObject\",\"inLanguage\":\"fr-CA\",\"url\":\"https:\/\/www.danby.com\/fr\/wp-content\/uploads\/sites\/2\/2025\/10\/ddmw1060bss-6-thumbnail.jpg\",\"contentUrl\":\"https:\/\/www.danby.com\/fr\/wp-content\/uploads\/sites\/2\/2025\/10\/ddmw1060bss-6-thumbnail.jpg\",\"width\":768,\"height\":1024},{\"@type\":\"BreadcrumbList\",\"itemListElement\":[{\"@type\":\"ListItem\",\"position\":1,\"name\":\"Home\",\"item\":\"https:\/\/www.danby.com\/fr\/\"},{\"@type\":\"ListItem\",\"position\":2,\"name\":\"Boutique\",\"item\":\"https:\/\/www.danby.com\/fr\/boutique\/\"},{\"@type\":\"ListItem\",\"position\":3,\"name\":\"Danby Four \u00e0 micro-ondes multifonctionnel 5 en 1 avec air fry\"}]},{\"@type\":\"WebSite\",\"url\":\"https:\/\/www.danby.com\/fr\/\",\"name\":\"Danby - Canada - French\",\"description\":\"Leader dans le domaine de la r\u00e9frig\u00e9ration et des appareils sp\u00e9cialis\u00e9s\",\"publisher\":[],\"potentialAction\":[{\"@type\":\"SearchAction\",\"target\":{\"@type\":\"EntryPoint\",\"urlTemplate\":\"https:\/\/www.danby.com\/fr\/?s={search_term_string}\"},\"query-input\":{\"@type\":\"PropertyValueSpecification\",\"valueRequired\":true,\"valueName\":\"search_term_string\"}}],\"inLanguage\":\"fr-CA\"},{\"@type\":\"Organization\",\"name\":\"Danby Appliances\",\"url\":\"https:\/\/www.danby.com\/fr\/\",\"logo\":{\"@type\":\"ImageObject\",\"inLanguage\":\"fr-CA\",\"url\":\"https:\/\/cdnweb.danby.com\/wp-content\/uploads\/sites\/2\/2022\/02\/10141906\/Danby75Ans_Blue.png\",\"contentUrl\":\"https:\/\/cdnweb.danby.com\/wp-content\/uploads\/sites\/2\/2022\/02\/10141906\/Danby75Ans_Blue.png\",\"width\":470,\"height\":110,\"caption\":\"Danby Appliances\"},\"image\":[],\"sameAs\":[\"https:\/\/www.facebook.com\/DanbyAppliances\",\"https:\/\/x.com\/DanbyAppliance\",\"https:\/\/instagram.com\/danbyappliances\/\",\"https:\/\/www.linkedin.com\/company\/danbyappliances\",\"https:\/\/www.pinterest.ca\/danbyappliances\/\",\"https:\/\/www.youtube.com\/user\/DanbyProducts\",\"https:\/\/en.wikipedia.org\/wiki\/Danby_(appliances)\"]}]}<\/script>\n<!-- \/ Yoast SEO plugin. -->","yoast_head_json":{"title":"Danby Four \u00e0 micro-ondes multifonctionnel 5 en 1 avec friteuse en acier inoxydable - DDMW1060BSS-6 | Danby Canada","description":"Le four \u00e0 micro-ondes multifonctionnel 5-en-1 de Danby en met beaucoup dans un four \u00e0 micro-ondes de 1 pi3 : Friture \u00e0 l'air, r\u00f4tissage\/cuisson par convection, gril\/gril, micro-ondes, combinaison micro\/convection ou micro\/gril et 1 000 watts de puissance de cuisson. Il peut faire frire \u00e0 l'air libre certains de vos aliments pr\u00e9f\u00e9r\u00e9s avec peu ou pas d'huile ! Frites, rondelles d'oignon, poulet, fruits de mer, rouleaux de printemps, etc. En plus de ses capacit\u00e9s de friture \u00e0 l'air, cet appareil offre 9 options de menu pratiques, une fonction de gril\/grill qui peut \u00eatre r\u00e9gl\u00e9e de 5 \u00e0 95 minutes et une option de cuisson combin\u00e9e micro\/convection ou micro\/gril. Vous pouvez \u00e9galement d\u00e9congeler vos repas par poids ou par temps, d\u00e9sodoriser la cavit\u00e9 de l'appareil pour aider \u00e0 \u00e9liminer les odeurs ind\u00e9sirables, et engager la s\u00e9curit\u00e9 enfant sur le devant de l'appareil. Il n'y a pas grand-chose que ce micro-ondes ne puisse faire, y compris son aspect \u00e9l\u00e9gant en acier inoxydable, qui peut s'int\u00e9grer dans n'importe quelle cuisine !","robots":{"index":"index","follow":"follow","max-snippet":"max-snippet:-1","max-image-preview":"max-image-preview:large","max-video-preview":"max-video-preview:-1"},"canonical":"https:\/\/www.danby.com\/fr\/products\/fours-a-micro-ondes\/ddmw1060bss-6\/","og_locale":"fr_CA","og_type":"article","og_title":"Danby Four \u00e0 micro-ondes multifonctionnel 5 en 1 avec friteuse en acier inoxydable - DDMW1060BSS-6 | Danby Canada","og_description":"Le four \u00e0 micro-ondes multifonctionnel 5-en-1 de Danby en met beaucoup dans un four \u00e0 micro-ondes de 1 pi3 : Friture \u00e0 l'air, r\u00f4tissage\/cuisson par convection, gril\/gril, micro-ondes, combinaison micro\/convection ou micro\/gril et 1 000 watts de puissance de cuisson. Il peut faire frire \u00e0 l'air libre certains de vos aliments pr\u00e9f\u00e9r\u00e9s avec peu ou pas d'huile ! Frites, rondelles d'oignon, poulet, fruits de mer, rouleaux de printemps, etc. En plus de ses capacit\u00e9s de friture \u00e0 l'air, cet appareil offre 9 options de menu pratiques, une fonction de gril\/grill qui peut \u00eatre r\u00e9gl\u00e9e de 5 \u00e0 95 minutes et une option de cuisson combin\u00e9e micro\/convection ou micro\/gril. Vous pouvez \u00e9galement d\u00e9congeler vos repas par poids ou par temps, d\u00e9sodoriser la cavit\u00e9 de l'appareil pour aider \u00e0 \u00e9liminer les odeurs ind\u00e9sirables, et engager la s\u00e9curit\u00e9 enfant sur le devant de l'appareil. Il n'y a pas grand-chose que ce micro-ondes ne puisse faire, y compris son aspect \u00e9l\u00e9gant en acier inoxydable, qui peut s'int\u00e9grer dans n'importe quelle cuisine !","og_url":"https:\/\/www.danby.com\/fr\/products\/fours-a-micro-ondes\/ddmw1060bss-6\/","og_site_name":"Danby - Canada - French","article_publisher":"https:\/\/www.facebook.com\/DanbyAppliances","article_modified_time":"2026-04-13T10:04:03+00:00","og_image":[{"width":1440,"height":1920,"url":"https:\/\/cdnweb.danby.com\/wp-content\/uploads\/sites\/2\/2022\/02\/09153449\/DDMW1060BSS-6-Featured.jpg","type":"image\/jpeg"}],"twitter_card":"summary_large_image","twitter_site":"@DanbyAppliance","schema":{"@context":"https:\/\/schema.org","@graph":[{"@type":["WebPage","ItemPage"],"url":"https:\/\/www.danby.com\/fr\/products\/fours-a-micro-ondes\/ddmw1060bss-6\/","name":"Danby Four \u00e0 micro-ondes multifonctionnel 5 en 1 avec friteuse en acier inoxydable - DDMW1060BSS-6 | Danby Canada","isPartOf":[],"primaryImageOfPage":[],"image":[],"thumbnailUrl":"https:\/\/www.danby.com\/fr\/wp-content\/uploads\/sites\/2\/2025\/10\/ddmw1060bss-6-thumbnail.jpg","datePublished":"2022-02-03T19:16:29+00:00","dateModified":"2026-04-13T10:04:03+00:00","description":"Le four \u00e0 micro-ondes multifonctionnel 5-en-1 de Danby en met beaucoup dans un four \u00e0 micro-ondes de 1 pi3 : Friture \u00e0 l'air, r\u00f4tissage\/cuisson par convection, gril\/gril, micro-ondes, combinaison micro\/convection ou micro\/gril et 1 000 watts de puissance de cuisson. Il peut faire frire \u00e0 l'air libre certains de vos aliments pr\u00e9f\u00e9r\u00e9s avec peu ou pas d'huile ! Frites, rondelles d'oignon, poulet, fruits de mer, rouleaux de printemps, etc. En plus de ses capacit\u00e9s de friture \u00e0 l'air, cet appareil offre 9 options de menu pratiques, une fonction de gril\/grill qui peut \u00eatre r\u00e9gl\u00e9e de 5 \u00e0 95 minutes et une option de cuisson combin\u00e9e micro\/convection ou micro\/gril. Vous pouvez \u00e9galement d\u00e9congeler vos repas par poids ou par temps, d\u00e9sodoriser la cavit\u00e9 de l'appareil pour aider \u00e0 \u00e9liminer les odeurs ind\u00e9sirables, et engager la s\u00e9curit\u00e9 enfant sur le devant de l'appareil. Il n'y a pas grand-chose que ce micro-ondes ne puisse faire, y compris son aspect \u00e9l\u00e9gant en acier inoxydable, qui peut s'int\u00e9grer dans n'importe quelle cuisine !","breadcrumb":[],"inLanguage":"fr-CA","potentialAction":[{"@type":"ReadAction","target":["https:\/\/www.danby.com\/fr\/products\/fours-a-micro-ondes\/ddmw1060bss-6\/"]}]},{"@type":"ImageObject","inLanguage":"fr-CA","url":"https:\/\/www.danby.com\/fr\/wp-content\/uploads\/sites\/2\/2025\/10\/ddmw1060bss-6-thumbnail.jpg","contentUrl":"https:\/\/www.danby.com\/fr\/wp-content\/uploads\/sites\/2\/2025\/10\/ddmw1060bss-6-thumbnail.jpg","width":768,"height":1024},{"@type":"BreadcrumbList","itemListElement":[{"@type":"ListItem","position":1,"name":"Home","item":"https:\/\/www.danby.com\/fr\/"},{"@type":"ListItem","position":2,"name":"Boutique","item":"https:\/\/www.danby.com\/fr\/boutique\/"},{"@type":"ListItem","position":3,"name":"Danby Four \u00e0 micro-ondes multifonctionnel 5 en 1 avec air fry"}]},{"@type":"WebSite","url":"https:\/\/www.danby.com\/fr\/","name":"Danby - Canada - French","description":"Leader dans le domaine de la r\u00e9frig\u00e9ration et des appareils sp\u00e9cialis\u00e9s","publisher":[],"potentialAction":[{"@type":"SearchAction","target":{"@type":"EntryPoint","urlTemplate":"https:\/\/www.danby.com\/fr\/?s={search_term_string}"},"query-input":{"@type":"PropertyValueSpecification","valueRequired":true,"valueName":"search_term_string"}}],"inLanguage":"fr-CA"},{"@type":"Organization","name":"Danby Appliances","url":"https:\/\/www.danby.com\/fr\/","logo":{"@type":"ImageObject","inLanguage":"fr-CA","url":"https:\/\/cdnweb.danby.com\/wp-content\/uploads\/sites\/2\/2022\/02\/10141906\/Danby75Ans_Blue.png","contentUrl":"https:\/\/cdnweb.danby.com\/wp-content\/uploads\/sites\/2\/2022\/02\/10141906\/Danby75Ans_Blue.png","width":470,"height":110,"caption":"Danby Appliances"},"image":[],"sameAs":["https:\/\/www.facebook.com\/DanbyAppliances","https:\/\/x.com\/DanbyAppliance","https:\/\/instagram.com\/danbyappliances\/","https:\/\/www.linkedin.com\/company\/danbyappliances","https:\/\/www.pinterest.ca\/danbyappliances\/","https:\/\/www.youtube.com\/user\/DanbyProducts","https:\/\/en.wikipedia.org\/wiki\/Danby_(appliances)"]}]}},"post_mailing_queue_ids":[],"_links":{"self":[{"href":"https:\/\/www.danby.com\/fr\/wp-json\/wp\/v2\/product\/4855","targetHints":{"allow":["GET"]}}],"collection":[{"href":"https:\/\/www.danby.com\/fr\/wp-json\/wp\/v2\/product"}],"about":[{"href":"https:\/\/www.danby.com\/fr\/wp-json\/wp\/v2\/types\/product"}],"replies":[{"embeddable":true,"href":"https:\/\/www.danby.com\/fr\/wp-json\/wp\/v2\/comments?post=4855"}],"wp:featuredmedia":[{"embeddable":true,"href":"https:\/\/www.danby.com\/fr\/wp-json\/wp\/v2\/media\/35336"}],"wp:attachment":[{"href":"https:\/\/www.danby.com\/fr\/wp-json\/wp\/v2\/media?parent=4855"}],"wp:term":[{"taxonomy":"product_brand","embeddable":true,"href":"https:\/\/www.danby.com\/fr\/wp-json\/wp\/v2\/product_brand?post=4855"},{"taxonomy":"product_cat","embeddable":true,"href":"https:\/\/www.danby.com\/fr\/wp-json\/wp\/v2\/product_cat?post=4855"},{"taxonomy":"product_tag","embeddable":true,"href":"https:\/\/www.danby.com\/fr\/wp-json\/wp\/v2\/product_tag?post=4855"}],"curies":[{"name":"wp","href":"https:\/\/api.w.org\/{rel}","templated":true}]}}