{"id":4851,"date":"2022-02-03T19:16:14","date_gmt":"2022-02-03T19:16:14","guid":{"rendered":"https:\/\/www.danby.com\/fr\/product\/ddmw007501g1\/"},"modified":"2026-05-02T10:08:33","modified_gmt":"2026-05-02T10:08:33","slug":"ddmw007501g1","status":"publish","type":"product","link":"https:\/\/www.danby.com\/fr\/products\/fours-a-micro-ondes\/ddmw007501g1\/","title":{"rendered":"Danby Designer Micro-ondes de comptoir de 0,7 pi3 en Acier Inoxydable"},"content":{"rendered":"","protected":false},"excerpt":{"rendered":"<ul>\n<li>Micro-ondes 2 en 1 flexibles et peu encombrants : installation sur le comptoir ou sous l&#8217;armoire<\/li>\n<li>Kit de suspension sous l&#8217;armoire inclus<\/li>\n<li>Capacit\u00e9 de 0,7 pi3 et 700 watts<\/li>\n<li>10 niveaux de puissance<\/li>\n<li>6 options pratiques de cuisson automatique<\/li>\n<li>Options de d\u00e9cong\u00e9lation automatique : D\u00e9givrage par vitesse (temps) ou par poids<\/li>\n<li>Cuisson au poids<\/li>\n<li>Verrouillage enfant\/commande<\/li>\n<li>Activation et d\u00e9sactivation du son : permet d&#8217;activer ou de d\u00e9sactiver le son de mani\u00e8re pratique<\/li>\n<\/ul>\n","protected":false},"featured_media":35341,"comment_status":"closed","ping_status":"closed","template":"","meta":{"_acf_changed":false},"product_brand":[],"product_cat":[32,1449],"product_tag":[],"class_list":{"0":"post-4851","1":"product","2":"type-product","3":"status-publish","4":"has-post-thumbnail","6":"product_cat-fours-a-micro-ondes","7":"product_cat-sales","9":"first","10":"instock","11":"taxable","12":"shipping-taxable","13":"purchasable","14":"product-type-simple"},"acf":[],"yoast_head":"<!-- This site is optimized with the Yoast SEO plugin v27.5 - https:\/\/yoast.com\/product\/yoast-seo-wordpress\/ -->\n<title>Danby Designer Micro-ondes de comptoir de 0,7 pi3 en Acier Inoxydable - DDMW007501G1 | Danby Canada<\/title>\n<meta name=\"description\" content=\"Vous manquez d&#039;espace sur le comptoir ? D\u00e9couvrez le micro-ondes en acier inoxydable de 0,7 pi3 \u00e0 encombrement r\u00e9duit sous l&#039;armoire de Danby. Ce micro-ondes peut \u00eatre plac\u00e9 sur le comptoir ou n&#039;importe o\u00f9 dans votre cuisine, sous une armoire, haute ou basse. Profitez d&#039;un espace de comptoir plus propre, d&#039;une fonctionnalit\u00e9 am\u00e9lior\u00e9e et d&#039;une asc\u00e8se plus moderne dans votre appartement, votre condo ou votre VR. Avec une puissance de cuisson de 700 watts, ce mod\u00e8le est dot\u00e9 de 6 options de cuisson automatique pratiques : pommes de terre au four, popcorn, pizza, boisson, repas congel\u00e9 et r\u00e9chauffage. L&#039;option de d\u00e9cong\u00e9lation automatique \u00e0 touche unique simplifie vos besoins en mati\u00e8re de cuisson et les boutons de cuisson rapide offrent un temps de cuisson de 1 \u00e0 6 minutes. L&#039;option de verrouillage de la commande par l&#039;enfant garantit un environnement s\u00fbr pour votre enfant ! Faites taire le bip d&#039;alerte de cuisson avec la fonction d&#039;activation\/d\u00e9sactivation du son.\" \/>\n<meta name=\"robots\" content=\"index, follow, max-snippet:-1, max-image-preview:large, max-video-preview:-1\" \/>\n<link rel=\"canonical\" href=\"https:\/\/www.danby.com\/fr\/products\/fours-a-micro-ondes\/ddmw007501g1\/\" \/>\n<meta property=\"og:locale\" content=\"fr_CA\" \/>\n<meta property=\"og:type\" content=\"article\" \/>\n<meta property=\"og:title\" content=\"Danby Designer Micro-ondes de comptoir de 0,7 pi3 en Acier Inoxydable - DDMW007501G1 | Danby Canada\" \/>\n<meta property=\"og:description\" content=\"Vous manquez d&#039;espace sur le comptoir ? D\u00e9couvrez le micro-ondes en acier inoxydable de 0,7 pi3 \u00e0 encombrement r\u00e9duit sous l&#039;armoire de Danby. Ce micro-ondes peut \u00eatre plac\u00e9 sur le comptoir ou n&#039;importe o\u00f9 dans votre cuisine, sous une armoire, haute ou basse. Profitez d&#039;un espace de comptoir plus propre, d&#039;une fonctionnalit\u00e9 am\u00e9lior\u00e9e et d&#039;une asc\u00e8se plus moderne dans votre appartement, votre condo ou votre VR. Avec une puissance de cuisson de 700 watts, ce mod\u00e8le est dot\u00e9 de 6 options de cuisson automatique pratiques : pommes de terre au four, popcorn, pizza, boisson, repas congel\u00e9 et r\u00e9chauffage. L&#039;option de d\u00e9cong\u00e9lation automatique \u00e0 touche unique simplifie vos besoins en mati\u00e8re de cuisson et les boutons de cuisson rapide offrent un temps de cuisson de 1 \u00e0 6 minutes. L&#039;option de verrouillage de la commande par l&#039;enfant garantit un environnement s\u00fbr pour votre enfant ! Faites taire le bip d&#039;alerte de cuisson avec la fonction d&#039;activation\/d\u00e9sactivation du son.\" \/>\n<meta property=\"og:url\" content=\"https:\/\/www.danby.com\/fr\/products\/fours-a-micro-ondes\/ddmw007501g1\/\" \/>\n<meta property=\"og:site_name\" content=\"Danby - Canada - French\" \/>\n<meta property=\"article:publisher\" content=\"https:\/\/www.facebook.com\/DanbyAppliances\" \/>\n<meta property=\"article:modified_time\" content=\"2026-05-02T10:08:33+00:00\" \/>\n<meta property=\"og:image\" content=\"https:\/\/cdnweb.danby.com\/wp-content\/uploads\/sites\/2\/2023\/11\/07182237\/DDMW007501G1_Front-scaled.jpg\" \/>\n\t<meta property=\"og:image:width\" content=\"1920\" \/>\n\t<meta property=\"og:image:height\" content=\"2560\" \/>\n\t<meta property=\"og:image:type\" content=\"image\/jpeg\" \/>\n<meta name=\"twitter:card\" content=\"summary_large_image\" \/>\n<meta name=\"twitter:site\" content=\"@DanbyAppliance\" \/>\n<script type=\"application\/ld+json\" class=\"yoast-schema-graph\">{\"@context\":\"https:\\\/\\\/schema.org\",\"@graph\":[{\"@type\":[\"WebPage\",\"ItemPage\"],\"url\":\"https:\\\/\\\/www.danby.com\\\/fr\\\/products\\\/fours-a-micro-ondes\\\/ddmw007501g1\\\/\",\"name\":\"Danby Designer Micro-ondes de comptoir de 0,7 pi3 en Acier Inoxydable - DDMW007501G1 | Danby Canada\",\"isPartOf\":[],\"primaryImageOfPage\":[],\"image\":[],\"thumbnailUrl\":\"https:\\\/\\\/www.danby.com\\\/fr\\\/wp-content\\\/uploads\\\/sites\\\/2\\\/2025\\\/10\\\/ddmw007501g1-thumbnail.jpg\",\"datePublished\":\"2022-02-03T19:16:14+00:00\",\"dateModified\":\"2026-05-02T10:08:33+00:00\",\"description\":\"Vous manquez d'espace sur le comptoir ? D\u00e9couvrez le micro-ondes en acier inoxydable de 0,7 pi3 \u00e0 encombrement r\u00e9duit sous l'armoire de Danby. Ce micro-ondes peut \u00eatre plac\u00e9 sur le comptoir ou n'importe o\u00f9 dans votre cuisine, sous une armoire, haute ou basse. Profitez d'un espace de comptoir plus propre, d'une fonctionnalit\u00e9 am\u00e9lior\u00e9e et d'une asc\u00e8se plus moderne dans votre appartement, votre condo ou votre VR. Avec une puissance de cuisson de 700 watts, ce mod\u00e8le est dot\u00e9 de 6 options de cuisson automatique pratiques : pommes de terre au four, popcorn, pizza, boisson, repas congel\u00e9 et r\u00e9chauffage. L'option de d\u00e9cong\u00e9lation automatique \u00e0 touche unique simplifie vos besoins en mati\u00e8re de cuisson et les boutons de cuisson rapide offrent un temps de cuisson de 1 \u00e0 6 minutes. L'option de verrouillage de la commande par l'enfant garantit un environnement s\u00fbr pour votre enfant ! Faites taire le bip d'alerte de cuisson avec la fonction d'activation\\\/d\u00e9sactivation du son.\",\"breadcrumb\":[],\"inLanguage\":\"fr-CA\",\"potentialAction\":[{\"@type\":\"ReadAction\",\"target\":[\"https:\\\/\\\/www.danby.com\\\/fr\\\/products\\\/fours-a-micro-ondes\\\/ddmw007501g1\\\/\"]}]},{\"@type\":\"ImageObject\",\"inLanguage\":\"fr-CA\",\"url\":\"https:\\\/\\\/www.danby.com\\\/fr\\\/wp-content\\\/uploads\\\/sites\\\/2\\\/2025\\\/10\\\/ddmw007501g1-thumbnail.jpg\",\"contentUrl\":\"https:\\\/\\\/www.danby.com\\\/fr\\\/wp-content\\\/uploads\\\/sites\\\/2\\\/2025\\\/10\\\/ddmw007501g1-thumbnail.jpg\",\"width\":768,\"height\":1024},{\"@type\":\"BreadcrumbList\",\"itemListElement\":[{\"@type\":\"ListItem\",\"position\":1,\"name\":\"Home\",\"item\":\"https:\\\/\\\/www.danby.com\\\/fr\\\/\"},{\"@type\":\"ListItem\",\"position\":2,\"name\":\"Boutique\",\"item\":\"https:\\\/\\\/www.danby.com\\\/fr\\\/boutique\\\/\"},{\"@type\":\"ListItem\",\"position\":3,\"name\":\"Micro-ondes de comptoir Danby Designer de 0,7 pi3 en Acier Inoxydable\"}]},{\"@type\":\"WebSite\",\"url\":\"https:\\\/\\\/www.danby.com\\\/fr\\\/\",\"name\":\"Danby - Canada - French\",\"description\":\"Leader dans le domaine de la r\u00e9frig\u00e9ration et des appareils sp\u00e9cialis\u00e9s\",\"publisher\":[],\"potentialAction\":[{\"@type\":\"SearchAction\",\"target\":{\"@type\":\"EntryPoint\",\"urlTemplate\":\"https:\\\/\\\/www.danby.com\\\/fr\\\/?s={search_term_string}\"},\"query-input\":{\"@type\":\"PropertyValueSpecification\",\"valueRequired\":true,\"valueName\":\"search_term_string\"}}],\"inLanguage\":\"fr-CA\"},{\"@type\":\"Organization\",\"name\":\"Danby Appliances\",\"url\":\"https:\\\/\\\/www.danby.com\\\/fr\\\/\",\"logo\":{\"@type\":\"ImageObject\",\"inLanguage\":\"fr-CA\",\"url\":\"https:\\\/\\\/cdnweb.danby.com\\\/wp-content\\\/uploads\\\/sites\\\/2\\\/2022\\\/02\\\/10141906\\\/Danby75Ans_Blue.png\",\"contentUrl\":\"https:\\\/\\\/cdnweb.danby.com\\\/wp-content\\\/uploads\\\/sites\\\/2\\\/2022\\\/02\\\/10141906\\\/Danby75Ans_Blue.png\",\"width\":470,\"height\":110,\"caption\":\"Danby Appliances\"},\"image\":[],\"sameAs\":[\"https:\\\/\\\/www.facebook.com\\\/DanbyAppliances\",\"https:\\\/\\\/x.com\\\/DanbyAppliance\",\"https:\\\/\\\/instagram.com\\\/danbyappliances\\\/\",\"https:\\\/\\\/www.linkedin.com\\\/company\\\/danbyappliances\",\"https:\\\/\\\/www.pinterest.ca\\\/danbyappliances\\\/\",\"https:\\\/\\\/www.youtube.com\\\/user\\\/DanbyProducts\",\"https:\\\/\\\/en.wikipedia.org\\\/wiki\\\/Danby_(appliances)\"]}]}<\/script>\n<!-- \/ Yoast SEO plugin. -->","yoast_head_json":{"title":"Danby Designer Micro-ondes de comptoir de 0,7 pi3 en Acier Inoxydable - DDMW007501G1 | Danby Canada","description":"Vous manquez d'espace sur le comptoir ? D\u00e9couvrez le micro-ondes en acier inoxydable de 0,7 pi3 \u00e0 encombrement r\u00e9duit sous l'armoire de Danby. Ce micro-ondes peut \u00eatre plac\u00e9 sur le comptoir ou n'importe o\u00f9 dans votre cuisine, sous une armoire, haute ou basse. Profitez d'un espace de comptoir plus propre, d'une fonctionnalit\u00e9 am\u00e9lior\u00e9e et d'une asc\u00e8se plus moderne dans votre appartement, votre condo ou votre VR. Avec une puissance de cuisson de 700 watts, ce mod\u00e8le est dot\u00e9 de 6 options de cuisson automatique pratiques : pommes de terre au four, popcorn, pizza, boisson, repas congel\u00e9 et r\u00e9chauffage. L'option de d\u00e9cong\u00e9lation automatique \u00e0 touche unique simplifie vos besoins en mati\u00e8re de cuisson et les boutons de cuisson rapide offrent un temps de cuisson de 1 \u00e0 6 minutes. L'option de verrouillage de la commande par l'enfant garantit un environnement s\u00fbr pour votre enfant ! Faites taire le bip d'alerte de cuisson avec la fonction d'activation\/d\u00e9sactivation du son.","robots":{"index":"index","follow":"follow","max-snippet":"max-snippet:-1","max-image-preview":"max-image-preview:large","max-video-preview":"max-video-preview:-1"},"canonical":"https:\/\/www.danby.com\/fr\/products\/fours-a-micro-ondes\/ddmw007501g1\/","og_locale":"fr_CA","og_type":"article","og_title":"Danby Designer Micro-ondes de comptoir de 0,7 pi3 en Acier Inoxydable - DDMW007501G1 | Danby Canada","og_description":"Vous manquez d'espace sur le comptoir ? D\u00e9couvrez le micro-ondes en acier inoxydable de 0,7 pi3 \u00e0 encombrement r\u00e9duit sous l'armoire de Danby. Ce micro-ondes peut \u00eatre plac\u00e9 sur le comptoir ou n'importe o\u00f9 dans votre cuisine, sous une armoire, haute ou basse. Profitez d'un espace de comptoir plus propre, d'une fonctionnalit\u00e9 am\u00e9lior\u00e9e et d'une asc\u00e8se plus moderne dans votre appartement, votre condo ou votre VR. Avec une puissance de cuisson de 700 watts, ce mod\u00e8le est dot\u00e9 de 6 options de cuisson automatique pratiques : pommes de terre au four, popcorn, pizza, boisson, repas congel\u00e9 et r\u00e9chauffage. L'option de d\u00e9cong\u00e9lation automatique \u00e0 touche unique simplifie vos besoins en mati\u00e8re de cuisson et les boutons de cuisson rapide offrent un temps de cuisson de 1 \u00e0 6 minutes. L'option de verrouillage de la commande par l'enfant garantit un environnement s\u00fbr pour votre enfant ! Faites taire le bip d'alerte de cuisson avec la fonction d'activation\/d\u00e9sactivation du son.","og_url":"https:\/\/www.danby.com\/fr\/products\/fours-a-micro-ondes\/ddmw007501g1\/","og_site_name":"Danby - Canada - French","article_publisher":"https:\/\/www.facebook.com\/DanbyAppliances","article_modified_time":"2026-05-02T10:08:33+00:00","og_image":[{"width":1920,"height":2560,"url":"https:\/\/cdnweb.danby.com\/wp-content\/uploads\/sites\/2\/2023\/11\/07182237\/DDMW007501G1_Front-scaled.jpg","type":"image\/jpeg"}],"twitter_card":"summary_large_image","twitter_site":"@DanbyAppliance","schema":{"@context":"https:\/\/schema.org","@graph":[{"@type":["WebPage","ItemPage"],"url":"https:\/\/www.danby.com\/fr\/products\/fours-a-micro-ondes\/ddmw007501g1\/","name":"Danby Designer Micro-ondes de comptoir de 0,7 pi3 en Acier Inoxydable - DDMW007501G1 | Danby Canada","isPartOf":[],"primaryImageOfPage":[],"image":[],"thumbnailUrl":"https:\/\/www.danby.com\/fr\/wp-content\/uploads\/sites\/2\/2025\/10\/ddmw007501g1-thumbnail.jpg","datePublished":"2022-02-03T19:16:14+00:00","dateModified":"2026-05-02T10:08:33+00:00","description":"Vous manquez d'espace sur le comptoir ? D\u00e9couvrez le micro-ondes en acier inoxydable de 0,7 pi3 \u00e0 encombrement r\u00e9duit sous l'armoire de Danby. Ce micro-ondes peut \u00eatre plac\u00e9 sur le comptoir ou n'importe o\u00f9 dans votre cuisine, sous une armoire, haute ou basse. Profitez d'un espace de comptoir plus propre, d'une fonctionnalit\u00e9 am\u00e9lior\u00e9e et d'une asc\u00e8se plus moderne dans votre appartement, votre condo ou votre VR. Avec une puissance de cuisson de 700 watts, ce mod\u00e8le est dot\u00e9 de 6 options de cuisson automatique pratiques : pommes de terre au four, popcorn, pizza, boisson, repas congel\u00e9 et r\u00e9chauffage. L'option de d\u00e9cong\u00e9lation automatique \u00e0 touche unique simplifie vos besoins en mati\u00e8re de cuisson et les boutons de cuisson rapide offrent un temps de cuisson de 1 \u00e0 6 minutes. L'option de verrouillage de la commande par l'enfant garantit un environnement s\u00fbr pour votre enfant ! Faites taire le bip d'alerte de cuisson avec la fonction d'activation\/d\u00e9sactivation du son.","breadcrumb":[],"inLanguage":"fr-CA","potentialAction":[{"@type":"ReadAction","target":["https:\/\/www.danby.com\/fr\/products\/fours-a-micro-ondes\/ddmw007501g1\/"]}]},{"@type":"ImageObject","inLanguage":"fr-CA","url":"https:\/\/www.danby.com\/fr\/wp-content\/uploads\/sites\/2\/2025\/10\/ddmw007501g1-thumbnail.jpg","contentUrl":"https:\/\/www.danby.com\/fr\/wp-content\/uploads\/sites\/2\/2025\/10\/ddmw007501g1-thumbnail.jpg","width":768,"height":1024},{"@type":"BreadcrumbList","itemListElement":[{"@type":"ListItem","position":1,"name":"Home","item":"https:\/\/www.danby.com\/fr\/"},{"@type":"ListItem","position":2,"name":"Boutique","item":"https:\/\/www.danby.com\/fr\/boutique\/"},{"@type":"ListItem","position":3,"name":"Micro-ondes de comptoir Danby Designer de 0,7 pi3 en Acier Inoxydable"}]},{"@type":"WebSite","url":"https:\/\/www.danby.com\/fr\/","name":"Danby - Canada - French","description":"Leader dans le domaine de la r\u00e9frig\u00e9ration et des appareils sp\u00e9cialis\u00e9s","publisher":[],"potentialAction":[{"@type":"SearchAction","target":{"@type":"EntryPoint","urlTemplate":"https:\/\/www.danby.com\/fr\/?s={search_term_string}"},"query-input":{"@type":"PropertyValueSpecification","valueRequired":true,"valueName":"search_term_string"}}],"inLanguage":"fr-CA"},{"@type":"Organization","name":"Danby Appliances","url":"https:\/\/www.danby.com\/fr\/","logo":{"@type":"ImageObject","inLanguage":"fr-CA","url":"https:\/\/cdnweb.danby.com\/wp-content\/uploads\/sites\/2\/2022\/02\/10141906\/Danby75Ans_Blue.png","contentUrl":"https:\/\/cdnweb.danby.com\/wp-content\/uploads\/sites\/2\/2022\/02\/10141906\/Danby75Ans_Blue.png","width":470,"height":110,"caption":"Danby Appliances"},"image":[],"sameAs":["https:\/\/www.facebook.com\/DanbyAppliances","https:\/\/x.com\/DanbyAppliance","https:\/\/instagram.com\/danbyappliances\/","https:\/\/www.linkedin.com\/company\/danbyappliances","https:\/\/www.pinterest.ca\/danbyappliances\/","https:\/\/www.youtube.com\/user\/DanbyProducts","https:\/\/en.wikipedia.org\/wiki\/Danby_(appliances)"]}]}},"post_mailing_queue_ids":[],"_links":{"self":[{"href":"https:\/\/www.danby.com\/fr\/wp-json\/wp\/v2\/product\/4851","targetHints":{"allow":["GET"]}}],"collection":[{"href":"https:\/\/www.danby.com\/fr\/wp-json\/wp\/v2\/product"}],"about":[{"href":"https:\/\/www.danby.com\/fr\/wp-json\/wp\/v2\/types\/product"}],"replies":[{"embeddable":true,"href":"https:\/\/www.danby.com\/fr\/wp-json\/wp\/v2\/comments?post=4851"}],"wp:featuredmedia":[{"embeddable":true,"href":"https:\/\/www.danby.com\/fr\/wp-json\/wp\/v2\/media\/35341"}],"wp:attachment":[{"href":"https:\/\/www.danby.com\/fr\/wp-json\/wp\/v2\/media?parent=4851"}],"wp:term":[{"taxonomy":"product_brand","embeddable":true,"href":"https:\/\/www.danby.com\/fr\/wp-json\/wp\/v2\/product_brand?post=4851"},{"taxonomy":"product_cat","embeddable":true,"href":"https:\/\/www.danby.com\/fr\/wp-json\/wp\/v2\/product_cat?post=4851"},{"taxonomy":"product_tag","embeddable":true,"href":"https:\/\/www.danby.com\/fr\/wp-json\/wp\/v2\/product_tag?post=4851"}],"curies":[{"name":"wp","href":"https:\/\/api.w.org\/{rel}","templated":true}]}}