{"id":4847,"date":"2022-02-03T19:16:14","date_gmt":"2022-02-03T19:16:14","guid":{"rendered":"https:\/\/www.danby.com\/fr\/product\/dcrm31wdd\/"},"modified":"2026-05-01T10:07:35","modified_gmt":"2026-05-01T10:07:35","slug":"dcrm31wdd","status":"publish","type":"product","link":"https:\/\/www.danby.com\/fr\/products\/refrigeration-compact\/dcrm31wdd\/","title":{"rendered":"Danby Designer 3 pi3 R\u00e9frig\u00e9ration Compact"},"content":{"rendered":"","protected":false},"excerpt":{"rendered":"<ul>\n<li>Capacit\u00e9 de 3,0 pi3. (84 litres)<\/li>\n<li>Conforme \u00e0 la norme Energy Star\u00ae<\/li>\n<li>Section cong\u00e9lateur ind\u00e9pendante<\/li>\n<li>D\u00e9givrage automatique partiel<\/li>\n<li>Lumi\u00e8re int\u00e9rieure<\/li>\n<li>Poign\u00e9e int\u00e9gr\u00e9e<\/li>\n<li>Rangement pour grandes bouteilles<\/li>\n<li>S\u00e9parateur de l\u00e9gumes transparent avec couvercle en verre<\/li>\n<li>Dossier lisse<\/li>\n<li>Charni\u00e8re r\u00e9versible pour gauche ou droite\u00e0 travers le bac \u00e0 l\u00e9gumes avec couvercle en verre<\/li>\n<li>Design de l&#8217;arri\u00e8re lisse<\/li>\n<li>Charni\u00e8re de porte r\u00e9versible pour une ouverture \u00e0 gauche ou \u00e0 droite<\/li>\n<\/ul>\n","protected":false},"featured_media":5932,"comment_status":"closed","ping_status":"open","template":"","meta":{"_acf_changed":false},"product_brand":[],"product_cat":[22],"product_tag":[],"class_list":{"0":"post-4847","1":"product","2":"type-product","3":"status-publish","4":"has-post-thumbnail","6":"product_cat-refrigeration-compact","8":"first","9":"outofstock","10":"taxable","11":"shipping-taxable","12":"product-type-simple"},"acf":[],"yoast_head":"<!-- This site is optimized with the Yoast SEO plugin v27.5 - https:\/\/yoast.com\/product\/yoast-seo-wordpress\/ -->\n<title>Danby Designer 3 pi3 R\u00e9frig\u00e9ration Compact - DCRM31WDD | Danby Canada<\/title>\n<meta name=\"description\" content=\"Ce r\u00e9frig\u00e9rateur compact \u00e0 deux portes, r\u00e9pondant aux exigences de rendement Energy Star\u00ae, comprend des compartiments de r\u00e9frig\u00e9ration et de cong\u00e9lation distincts. La capacit\u00e9 de 84 l (3,0 pi\u00b3) offre suffisamment d&#039;espace pour garder \u00e0 port\u00e9e de la main les petits repas, les collations, les restes, les boissons et les aliments congel\u00e9s. Cette version miniature des plus grands mod\u00e8les est parfaite pour la chambre d&#039;\u00e9tudiant, la salle de jeu ou le bureau. Cet appareil est dot\u00e9 d&#039;un thermostat m\u00e9canique, d\u00e9givrage automatique partiel et la porte r\u00e9versible peut s&#039;ouvrir du c\u00f4t\u00e9 droit ou gauche.\" \/>\n<meta name=\"robots\" content=\"index, follow, max-snippet:-1, max-image-preview:large, max-video-preview:-1\" \/>\n<link rel=\"canonical\" href=\"https:\/\/www.danby.com\/fr\/products\/refrigeration-compact\/dcrm31wdd\/\" \/>\n<meta property=\"og:locale\" content=\"fr_CA\" \/>\n<meta property=\"og:type\" content=\"article\" \/>\n<meta property=\"og:title\" content=\"Danby Designer 3 pi3 R\u00e9frig\u00e9ration Compact - DCRM31WDD | Danby Canada\" \/>\n<meta property=\"og:description\" content=\"Ce r\u00e9frig\u00e9rateur compact \u00e0 deux portes, r\u00e9pondant aux exigences de rendement Energy Star\u00ae, comprend des compartiments de r\u00e9frig\u00e9ration et de cong\u00e9lation distincts. La capacit\u00e9 de 84 l (3,0 pi\u00b3) offre suffisamment d&#039;espace pour garder \u00e0 port\u00e9e de la main les petits repas, les collations, les restes, les boissons et les aliments congel\u00e9s. Cette version miniature des plus grands mod\u00e8les est parfaite pour la chambre d&#039;\u00e9tudiant, la salle de jeu ou le bureau. Cet appareil est dot\u00e9 d&#039;un thermostat m\u00e9canique, d\u00e9givrage automatique partiel et la porte r\u00e9versible peut s&#039;ouvrir du c\u00f4t\u00e9 droit ou gauche.\" \/>\n<meta property=\"og:url\" content=\"https:\/\/www.danby.com\/fr\/products\/refrigeration-compact\/dcrm31wdd\/\" \/>\n<meta property=\"og:site_name\" content=\"Danby - Canada - French\" \/>\n<meta property=\"article:publisher\" content=\"https:\/\/www.facebook.com\/DanbyAppliances\" \/>\n<meta property=\"article:modified_time\" content=\"2026-05-01T10:07:35+00:00\" \/>\n<meta property=\"og:image\" content=\"https:\/\/cdnweb.danby.com\/wp-content\/uploads\/sites\/2\/2022\/02\/08182438\/proMed-DCRM31WDD2.jpg\" \/>\n\t<meta property=\"og:image:width\" content=\"300\" \/>\n\t<meta property=\"og:image:height\" content=\"272\" \/>\n\t<meta property=\"og:image:type\" content=\"image\/jpeg\" \/>\n<meta name=\"twitter:card\" content=\"summary_large_image\" \/>\n<meta name=\"twitter:site\" content=\"@DanbyAppliance\" \/>\n<script type=\"application\/ld+json\" class=\"yoast-schema-graph\">{\"@context\":\"https:\\\/\\\/schema.org\",\"@graph\":[{\"@type\":[\"WebPage\",\"ItemPage\"],\"url\":\"https:\\\/\\\/www.danby.com\\\/fr\\\/products\\\/refrigeration-compact\\\/dcrm31wdd\\\/\",\"name\":\"Danby Designer 3 pi3 R\u00e9frig\u00e9ration Compact - DCRM31WDD | Danby Canada\",\"isPartOf\":[],\"primaryImageOfPage\":[],\"image\":[],\"thumbnailUrl\":\"https:\\\/\\\/cdnweb.danby.com\\\/wp-content\\\/uploads\\\/sites\\\/2\\\/2022\\\/02\\\/08182438\\\/proMed-DCRM31WDD2.jpg\",\"datePublished\":\"2022-02-03T19:16:14+00:00\",\"dateModified\":\"2026-05-01T10:07:35+00:00\",\"description\":\"Ce r\u00e9frig\u00e9rateur compact \u00e0 deux portes, r\u00e9pondant aux exigences de rendement Energy Star\u00ae, comprend des compartiments de r\u00e9frig\u00e9ration et de cong\u00e9lation distincts. La capacit\u00e9 de 84 l (3,0 pi\u00b3) offre suffisamment d'espace pour garder \u00e0 port\u00e9e de la main les petits repas, les collations, les restes, les boissons et les aliments congel\u00e9s. Cette version miniature des plus grands mod\u00e8les est parfaite pour la chambre d'\u00e9tudiant, la salle de jeu ou le bureau. Cet appareil est dot\u00e9 d'un thermostat m\u00e9canique, d\u00e9givrage automatique partiel et la porte r\u00e9versible peut s'ouvrir du c\u00f4t\u00e9 droit ou gauche.\",\"breadcrumb\":[],\"inLanguage\":\"fr-CA\",\"potentialAction\":[{\"@type\":\"ReadAction\",\"target\":[\"https:\\\/\\\/www.danby.com\\\/fr\\\/products\\\/refrigeration-compact\\\/dcrm31wdd\\\/\"]}]},{\"@type\":\"ImageObject\",\"inLanguage\":\"fr-CA\",\"url\":\"https:\\\/\\\/cdnweb.danby.com\\\/wp-content\\\/uploads\\\/sites\\\/2\\\/2022\\\/02\\\/08182438\\\/proMed-DCRM31WDD2.jpg\",\"contentUrl\":\"https:\\\/\\\/cdnweb.danby.com\\\/wp-content\\\/uploads\\\/sites\\\/2\\\/2022\\\/02\\\/08182438\\\/proMed-DCRM31WDD2.jpg\",\"width\":300,\"height\":272},{\"@type\":\"BreadcrumbList\",\"itemListElement\":[{\"@type\":\"ListItem\",\"position\":1,\"name\":\"Home\",\"item\":\"https:\\\/\\\/www.danby.com\\\/fr\\\/\"},{\"@type\":\"ListItem\",\"position\":2,\"name\":\"Boutique\",\"item\":\"https:\\\/\\\/www.danby.com\\\/fr\\\/boutique\\\/\"},{\"@type\":\"ListItem\",\"position\":3,\"name\":\"Danby Designer 3 pi3 R\u00e9frig\u00e9ration Compact\"}]},{\"@type\":\"WebSite\",\"url\":\"https:\\\/\\\/www.danby.com\\\/fr\\\/\",\"name\":\"Danby - Canada - French\",\"description\":\"Leader dans le domaine de la r\u00e9frig\u00e9ration et des appareils sp\u00e9cialis\u00e9s\",\"publisher\":[],\"potentialAction\":[{\"@type\":\"SearchAction\",\"target\":{\"@type\":\"EntryPoint\",\"urlTemplate\":\"https:\\\/\\\/www.danby.com\\\/fr\\\/?s={search_term_string}\"},\"query-input\":{\"@type\":\"PropertyValueSpecification\",\"valueRequired\":true,\"valueName\":\"search_term_string\"}}],\"inLanguage\":\"fr-CA\"},{\"@type\":\"Organization\",\"name\":\"Danby Appliances\",\"url\":\"https:\\\/\\\/www.danby.com\\\/fr\\\/\",\"logo\":{\"@type\":\"ImageObject\",\"inLanguage\":\"fr-CA\",\"url\":\"https:\\\/\\\/cdnweb.danby.com\\\/wp-content\\\/uploads\\\/sites\\\/2\\\/2022\\\/02\\\/10141906\\\/Danby75Ans_Blue.png\",\"contentUrl\":\"https:\\\/\\\/cdnweb.danby.com\\\/wp-content\\\/uploads\\\/sites\\\/2\\\/2022\\\/02\\\/10141906\\\/Danby75Ans_Blue.png\",\"width\":470,\"height\":110,\"caption\":\"Danby Appliances\"},\"image\":[],\"sameAs\":[\"https:\\\/\\\/www.facebook.com\\\/DanbyAppliances\",\"https:\\\/\\\/x.com\\\/DanbyAppliance\",\"https:\\\/\\\/instagram.com\\\/danbyappliances\\\/\",\"https:\\\/\\\/www.linkedin.com\\\/company\\\/danbyappliances\",\"https:\\\/\\\/www.pinterest.ca\\\/danbyappliances\\\/\",\"https:\\\/\\\/www.youtube.com\\\/user\\\/DanbyProducts\",\"https:\\\/\\\/en.wikipedia.org\\\/wiki\\\/Danby_(appliances)\"]}]}<\/script>\n<!-- \/ Yoast SEO plugin. -->","yoast_head_json":{"title":"Danby Designer 3 pi3 R\u00e9frig\u00e9ration Compact - DCRM31WDD | Danby Canada","description":"Ce r\u00e9frig\u00e9rateur compact \u00e0 deux portes, r\u00e9pondant aux exigences de rendement Energy Star\u00ae, comprend des compartiments de r\u00e9frig\u00e9ration et de cong\u00e9lation distincts. La capacit\u00e9 de 84 l (3,0 pi\u00b3) offre suffisamment d'espace pour garder \u00e0 port\u00e9e de la main les petits repas, les collations, les restes, les boissons et les aliments congel\u00e9s. Cette version miniature des plus grands mod\u00e8les est parfaite pour la chambre d'\u00e9tudiant, la salle de jeu ou le bureau. Cet appareil est dot\u00e9 d'un thermostat m\u00e9canique, d\u00e9givrage automatique partiel et la porte r\u00e9versible peut s'ouvrir du c\u00f4t\u00e9 droit ou gauche.","robots":{"index":"index","follow":"follow","max-snippet":"max-snippet:-1","max-image-preview":"max-image-preview:large","max-video-preview":"max-video-preview:-1"},"canonical":"https:\/\/www.danby.com\/fr\/products\/refrigeration-compact\/dcrm31wdd\/","og_locale":"fr_CA","og_type":"article","og_title":"Danby Designer 3 pi3 R\u00e9frig\u00e9ration Compact - DCRM31WDD | Danby Canada","og_description":"Ce r\u00e9frig\u00e9rateur compact \u00e0 deux portes, r\u00e9pondant aux exigences de rendement Energy Star\u00ae, comprend des compartiments de r\u00e9frig\u00e9ration et de cong\u00e9lation distincts. La capacit\u00e9 de 84 l (3,0 pi\u00b3) offre suffisamment d'espace pour garder \u00e0 port\u00e9e de la main les petits repas, les collations, les restes, les boissons et les aliments congel\u00e9s. Cette version miniature des plus grands mod\u00e8les est parfaite pour la chambre d'\u00e9tudiant, la salle de jeu ou le bureau. Cet appareil est dot\u00e9 d'un thermostat m\u00e9canique, d\u00e9givrage automatique partiel et la porte r\u00e9versible peut s'ouvrir du c\u00f4t\u00e9 droit ou gauche.","og_url":"https:\/\/www.danby.com\/fr\/products\/refrigeration-compact\/dcrm31wdd\/","og_site_name":"Danby - Canada - French","article_publisher":"https:\/\/www.facebook.com\/DanbyAppliances","article_modified_time":"2026-05-01T10:07:35+00:00","og_image":[{"width":300,"height":272,"url":"https:\/\/cdnweb.danby.com\/wp-content\/uploads\/sites\/2\/2022\/02\/08182438\/proMed-DCRM31WDD2.jpg","type":"image\/jpeg"}],"twitter_card":"summary_large_image","twitter_site":"@DanbyAppliance","schema":{"@context":"https:\/\/schema.org","@graph":[{"@type":["WebPage","ItemPage"],"url":"https:\/\/www.danby.com\/fr\/products\/refrigeration-compact\/dcrm31wdd\/","name":"Danby Designer 3 pi3 R\u00e9frig\u00e9ration Compact - DCRM31WDD | Danby Canada","isPartOf":[],"primaryImageOfPage":[],"image":[],"thumbnailUrl":"https:\/\/cdnweb.danby.com\/wp-content\/uploads\/sites\/2\/2022\/02\/08182438\/proMed-DCRM31WDD2.jpg","datePublished":"2022-02-03T19:16:14+00:00","dateModified":"2026-05-01T10:07:35+00:00","description":"Ce r\u00e9frig\u00e9rateur compact \u00e0 deux portes, r\u00e9pondant aux exigences de rendement Energy Star\u00ae, comprend des compartiments de r\u00e9frig\u00e9ration et de cong\u00e9lation distincts. La capacit\u00e9 de 84 l (3,0 pi\u00b3) offre suffisamment d'espace pour garder \u00e0 port\u00e9e de la main les petits repas, les collations, les restes, les boissons et les aliments congel\u00e9s. Cette version miniature des plus grands mod\u00e8les est parfaite pour la chambre d'\u00e9tudiant, la salle de jeu ou le bureau. Cet appareil est dot\u00e9 d'un thermostat m\u00e9canique, d\u00e9givrage automatique partiel et la porte r\u00e9versible peut s'ouvrir du c\u00f4t\u00e9 droit ou gauche.","breadcrumb":[],"inLanguage":"fr-CA","potentialAction":[{"@type":"ReadAction","target":["https:\/\/www.danby.com\/fr\/products\/refrigeration-compact\/dcrm31wdd\/"]}]},{"@type":"ImageObject","inLanguage":"fr-CA","url":"https:\/\/cdnweb.danby.com\/wp-content\/uploads\/sites\/2\/2022\/02\/08182438\/proMed-DCRM31WDD2.jpg","contentUrl":"https:\/\/cdnweb.danby.com\/wp-content\/uploads\/sites\/2\/2022\/02\/08182438\/proMed-DCRM31WDD2.jpg","width":300,"height":272},{"@type":"BreadcrumbList","itemListElement":[{"@type":"ListItem","position":1,"name":"Home","item":"https:\/\/www.danby.com\/fr\/"},{"@type":"ListItem","position":2,"name":"Boutique","item":"https:\/\/www.danby.com\/fr\/boutique\/"},{"@type":"ListItem","position":3,"name":"Danby Designer 3 pi3 R\u00e9frig\u00e9ration Compact"}]},{"@type":"WebSite","url":"https:\/\/www.danby.com\/fr\/","name":"Danby - Canada - French","description":"Leader dans le domaine de la r\u00e9frig\u00e9ration et des appareils sp\u00e9cialis\u00e9s","publisher":[],"potentialAction":[{"@type":"SearchAction","target":{"@type":"EntryPoint","urlTemplate":"https:\/\/www.danby.com\/fr\/?s={search_term_string}"},"query-input":{"@type":"PropertyValueSpecification","valueRequired":true,"valueName":"search_term_string"}}],"inLanguage":"fr-CA"},{"@type":"Organization","name":"Danby Appliances","url":"https:\/\/www.danby.com\/fr\/","logo":{"@type":"ImageObject","inLanguage":"fr-CA","url":"https:\/\/cdnweb.danby.com\/wp-content\/uploads\/sites\/2\/2022\/02\/10141906\/Danby75Ans_Blue.png","contentUrl":"https:\/\/cdnweb.danby.com\/wp-content\/uploads\/sites\/2\/2022\/02\/10141906\/Danby75Ans_Blue.png","width":470,"height":110,"caption":"Danby Appliances"},"image":[],"sameAs":["https:\/\/www.facebook.com\/DanbyAppliances","https:\/\/x.com\/DanbyAppliance","https:\/\/instagram.com\/danbyappliances\/","https:\/\/www.linkedin.com\/company\/danbyappliances","https:\/\/www.pinterest.ca\/danbyappliances\/","https:\/\/www.youtube.com\/user\/DanbyProducts","https:\/\/en.wikipedia.org\/wiki\/Danby_(appliances)"]}]}},"post_mailing_queue_ids":[],"_links":{"self":[{"href":"https:\/\/www.danby.com\/fr\/wp-json\/wp\/v2\/product\/4847","targetHints":{"allow":["GET"]}}],"collection":[{"href":"https:\/\/www.danby.com\/fr\/wp-json\/wp\/v2\/product"}],"about":[{"href":"https:\/\/www.danby.com\/fr\/wp-json\/wp\/v2\/types\/product"}],"replies":[{"embeddable":true,"href":"https:\/\/www.danby.com\/fr\/wp-json\/wp\/v2\/comments?post=4847"}],"wp:featuredmedia":[{"embeddable":true,"href":"https:\/\/www.danby.com\/fr\/wp-json\/wp\/v2\/media\/5932"}],"wp:attachment":[{"href":"https:\/\/www.danby.com\/fr\/wp-json\/wp\/v2\/media?parent=4847"}],"wp:term":[{"taxonomy":"product_brand","embeddable":true,"href":"https:\/\/www.danby.com\/fr\/wp-json\/wp\/v2\/product_brand?post=4847"},{"taxonomy":"product_cat","embeddable":true,"href":"https:\/\/www.danby.com\/fr\/wp-json\/wp\/v2\/product_cat?post=4847"},{"taxonomy":"product_tag","embeddable":true,"href":"https:\/\/www.danby.com\/fr\/wp-json\/wp\/v2\/product_tag?post=4847"}],"curies":[{"name":"wp","href":"https:\/\/api.w.org\/{rel}","templated":true}]}}