{"id":4842,"date":"2022-02-03T19:16:14","date_gmt":"2022-02-03T19:16:14","guid":{"rendered":"https:\/\/www.danby.com\/fr\/product\/dcr88bldd\/"},"modified":"2026-04-16T10:07:16","modified_gmt":"2026-04-16T10:07:16","slug":"dcr88bldd","status":"publish","type":"product","link":"https:\/\/www.danby.com\/fr\/products\/refrigeration-compact\/dcr88bldd\/","title":{"rendered":"Danby Designer 90 pi3 R\u00e9frig\u00e9ration Compact Climatiseurs de fen\u00eatre"},"content":{"rendered":"","protected":false},"excerpt":{"rendered":"<ul>\n<li>3,2 pi3. (90 litres)<\/li>\n<li>Cat\u00e9gorie Energy Star\u00ae<\/li>\n<li>Disponible en blanc, noir et acier sans tache<\/li>\n<li>Finition acier sans tache &#8211; l&#8217;apparence est identique \u00e0 celle de l&#8217;acier inoxydable, mais sans tache a un aspect identique \u00e0 celui du v\u00e9ritable acier inoxydable, mais sans les taches<\/li>\n<li>Section cong\u00e9lateur ind\u00e9pendante<\/li>\n<li>1 \u00e9tag\u00e8re compl\u00e8te et 1 demi-\u00e9tag\u00e8re pour une polyvalence de rangement maximale<\/li>\n<li>Thermostat m\u00e9canique<\/li>\n<li>D\u00e9givrage manuel (bouton-poussoir)<\/li>\n<li>D\u00e9givrage automatique (bouton-poussoir) de d\u00e9givrage<\/li>\n<li>Distributeur de boissons CanStor\u00ae<\/li>\n<li>Rangement de grandes bouteilles<\/li>\n<li>Poign\u00e9e de porte int\u00e9gr\u00e9e<\/li>\n<li>Dessin de dos lisse<\/li>\n<li>Charni\u00e8re de porte r\u00e9versible pour ouverture \u00e0 droite ou \u00e0 gauche<\/li>\n<\/ul>\n","protected":false},"featured_media":5909,"comment_status":"closed","ping_status":"open","template":"","meta":{"_acf_changed":false},"product_brand":[],"product_cat":[22],"product_tag":[],"class_list":{"0":"post-4842","1":"product","2":"type-product","3":"status-publish","4":"has-post-thumbnail","6":"product_cat-refrigeration-compact","8":"first","9":"outofstock","10":"taxable","11":"shipping-taxable","12":"product-type-simple"},"acf":[],"yoast_head":"<!-- This site is optimized with the Yoast SEO plugin v26.7 - https:\/\/yoast.com\/wordpress\/plugins\/seo\/ -->\n<title>Danby Designer 90 pi3 R\u00e9frig\u00e9ration Compact Climatiseurs de fen\u00eatre - DCR88BLDD | Danby Canada<\/title>\n<meta name=\"description\" content=\"Voir  nouveau mod\u00e8le ici  Si l\u2019espace est votre pr\u00e9occupation premi\u00e8re, ce r\u00e9frig\u00e9rateur compact de la hauteur d\u2019un comptoir est un choix id\u00e9al, car il peut \u00eatre ajust\u00e9 de mani\u00e8re \u00e0 s\u2019adapter parfaitement \u00e0 la hauteur du comptoir de la pi\u00e8ce o\u00f9 il sera install\u00e9. Il s\u2019agit d\u2019un mod\u00e8le populaire de 90,6 litres (3,2 pieds cubes) convenant parfaitement aux coins-repas, cuisinettes, minibars ext\u00e9rieurs et dortoirs. Cet appareil \u00e9l\u00e9gant est \u00e9quip\u00e9 d\u2019un compartiment cong\u00e9lateur pleine largeur ind\u00e9pendant pour les aliments congel\u00e9s et d\u2019un compartiment de rangement moul\u00e9 pour les \u0153ufs. Ce mod\u00e8le offre un maximum de versatilit\u00e9 d\u2019entreposage, gr\u00e2ce \u00e0 une clayette pleine largeur et \u00e0 une autre d\u2019une demi-largeur et il est \u00e9quip\u00e9 d\u2019un thermostat m\u00e9canique intelligent et d\u2019un pratique syst\u00e8me de d\u00e9givrage par bouton-poussoir. Vos boissons favorites sont ais\u00e9ment accessibles gr\u00e2ce au distributeur de boissons CanStor brevet\u00e9 par Danby et il reste beaucoup d\u2019espace pour l\u2019entreposage des bouteilles de boissons gazeuses grand format. De plus, vous n\u2019aurez pas de souci \u00e0 vous faire, relativement \u00e0 la possibilit\u00e9 de co\u00fbts d\u2019\u00e9lectricit\u00e9 incroyablement \u00e9lev\u00e9s, \u00e9tant donn\u00e9 que ce r\u00e9frig\u00e9rateur compact est homologu\u00e9 Energy Star. Ce mod\u00e8le Danby DCR88BLDD s\u2019int\u00e8gre harmonieusement \u00e0 n\u2019importe quel d\u00e9cor existant, car il est disponible en fini classique noir ou blanc et en fini acier inoxydable antitache. Afin de vous simplifier les choses encore plus, la charni\u00e8re de porte r\u00e9versible permet d\u2019utiliser la poign\u00e9e de porte int\u00e9gr\u00e9e pour favoriser l\u2019ouverture de la porte du c\u00f4t\u00e9 gauche ou droit. Vous pouvez \u00eatre assur\u00e9 d\u2019une tranquillit\u00e9 d\u2019esprit gr\u00e2ce \u00e0 la garantie de 18 mois sur les pi\u00e8ces et la main-d\u2019\u0153uvre.\" \/>\n<meta name=\"robots\" content=\"index, follow, max-snippet:-1, max-image-preview:large, max-video-preview:-1\" \/>\n<link rel=\"canonical\" href=\"https:\/\/www.danby.com\/fr\/products\/refrigeration-compact\/dcr88bldd\/\" \/>\n<meta property=\"og:locale\" content=\"fr_CA\" \/>\n<meta property=\"og:type\" content=\"article\" \/>\n<meta property=\"og:title\" content=\"Danby Designer 90 pi3 R\u00e9frig\u00e9ration Compact Climatiseurs de fen\u00eatre - DCR88BLDD | Danby Canada\" \/>\n<meta property=\"og:description\" content=\"Voir  nouveau mod\u00e8le ici  Si l\u2019espace est votre pr\u00e9occupation premi\u00e8re, ce r\u00e9frig\u00e9rateur compact de la hauteur d\u2019un comptoir est un choix id\u00e9al, car il peut \u00eatre ajust\u00e9 de mani\u00e8re \u00e0 s\u2019adapter parfaitement \u00e0 la hauteur du comptoir de la pi\u00e8ce o\u00f9 il sera install\u00e9. Il s\u2019agit d\u2019un mod\u00e8le populaire de 90,6 litres (3,2 pieds cubes) convenant parfaitement aux coins-repas, cuisinettes, minibars ext\u00e9rieurs et dortoirs. Cet appareil \u00e9l\u00e9gant est \u00e9quip\u00e9 d\u2019un compartiment cong\u00e9lateur pleine largeur ind\u00e9pendant pour les aliments congel\u00e9s et d\u2019un compartiment de rangement moul\u00e9 pour les \u0153ufs. Ce mod\u00e8le offre un maximum de versatilit\u00e9 d\u2019entreposage, gr\u00e2ce \u00e0 une clayette pleine largeur et \u00e0 une autre d\u2019une demi-largeur et il est \u00e9quip\u00e9 d\u2019un thermostat m\u00e9canique intelligent et d\u2019un pratique syst\u00e8me de d\u00e9givrage par bouton-poussoir. Vos boissons favorites sont ais\u00e9ment accessibles gr\u00e2ce au distributeur de boissons CanStor brevet\u00e9 par Danby et il reste beaucoup d\u2019espace pour l\u2019entreposage des bouteilles de boissons gazeuses grand format. De plus, vous n\u2019aurez pas de souci \u00e0 vous faire, relativement \u00e0 la possibilit\u00e9 de co\u00fbts d\u2019\u00e9lectricit\u00e9 incroyablement \u00e9lev\u00e9s, \u00e9tant donn\u00e9 que ce r\u00e9frig\u00e9rateur compact est homologu\u00e9 Energy Star. Ce mod\u00e8le Danby DCR88BLDD s\u2019int\u00e8gre harmonieusement \u00e0 n\u2019importe quel d\u00e9cor existant, car il est disponible en fini classique noir ou blanc et en fini acier inoxydable antitache. Afin de vous simplifier les choses encore plus, la charni\u00e8re de porte r\u00e9versible permet d\u2019utiliser la poign\u00e9e de porte int\u00e9gr\u00e9e pour favoriser l\u2019ouverture de la porte du c\u00f4t\u00e9 gauche ou droit. Vous pouvez \u00eatre assur\u00e9 d\u2019une tranquillit\u00e9 d\u2019esprit gr\u00e2ce \u00e0 la garantie de 18 mois sur les pi\u00e8ces et la main-d\u2019\u0153uvre.\" \/>\n<meta property=\"og:url\" content=\"https:\/\/www.danby.com\/fr\/products\/refrigeration-compact\/dcr88bldd\/\" \/>\n<meta property=\"og:site_name\" content=\"Danby - Canada - French\" \/>\n<meta property=\"article:publisher\" content=\"https:\/\/www.facebook.com\/DanbyAppliances\" \/>\n<meta property=\"article:modified_time\" content=\"2026-04-16T10:07:16+00:00\" \/>\n<meta property=\"og:image\" content=\"https:\/\/cdnweb.danby.com\/wp-content\/uploads\/sites\/2\/2022\/02\/08182359\/DCR88BLDD.jpg\" \/>\n\t<meta property=\"og:image:width\" content=\"425\" \/>\n\t<meta property=\"og:image:height\" content=\"595\" \/>\n\t<meta property=\"og:image:type\" content=\"image\/jpeg\" \/>\n<meta name=\"twitter:card\" content=\"summary_large_image\" \/>\n<meta name=\"twitter:site\" content=\"@DanbyAppliance\" \/>\n<script type=\"application\/ld+json\" class=\"yoast-schema-graph\">{\"@context\":\"https:\/\/schema.org\",\"@graph\":[{\"@type\":[\"WebPage\",\"ItemPage\"],\"url\":\"https:\/\/www.danby.com\/fr\/products\/refrigeration-compact\/dcr88bldd\/\",\"name\":\"Danby Designer 90 pi3 R\u00e9frig\u00e9ration Compact Climatiseurs de fen\u00eatre - DCR88BLDD | Danby Canada\",\"isPartOf\":[],\"primaryImageOfPage\":[],\"image\":[],\"thumbnailUrl\":\"https:\/\/cdnweb.danby.com\/wp-content\/uploads\/sites\/2\/2022\/02\/08182359\/DCR88BLDD.jpg\",\"datePublished\":\"2022-02-03T19:16:14+00:00\",\"dateModified\":\"2026-04-16T10:07:16+00:00\",\"description\":\"Voir nouveau mod\u00e8le ici Si l\u2019espace est votre pr\u00e9occupation premi\u00e8re, ce r\u00e9frig\u00e9rateur compact de la hauteur d\u2019un comptoir est un choix id\u00e9al, car il peut \u00eatre ajust\u00e9 de mani\u00e8re \u00e0 s\u2019adapter parfaitement \u00e0 la hauteur du comptoir de la pi\u00e8ce o\u00f9 il sera install\u00e9. Il s\u2019agit d\u2019un mod\u00e8le populaire de 90,6 litres (3,2 pieds cubes) convenant parfaitement aux coins-repas, cuisinettes, minibars ext\u00e9rieurs et dortoirs. Cet appareil \u00e9l\u00e9gant est \u00e9quip\u00e9 d\u2019un compartiment cong\u00e9lateur pleine largeur ind\u00e9pendant pour les aliments congel\u00e9s et d\u2019un compartiment de rangement moul\u00e9 pour les \u0153ufs. Ce mod\u00e8le offre un maximum de versatilit\u00e9 d\u2019entreposage, gr\u00e2ce \u00e0 une clayette pleine largeur et \u00e0 une autre d\u2019une demi-largeur et il est \u00e9quip\u00e9 d\u2019un thermostat m\u00e9canique intelligent et d\u2019un pratique syst\u00e8me de d\u00e9givrage par bouton-poussoir. Vos boissons favorites sont ais\u00e9ment accessibles gr\u00e2ce au distributeur de boissons CanStor brevet\u00e9 par Danby et il reste beaucoup d\u2019espace pour l\u2019entreposage des bouteilles de boissons gazeuses grand format. De plus, vous n\u2019aurez pas de souci \u00e0 vous faire, relativement \u00e0 la possibilit\u00e9 de co\u00fbts d\u2019\u00e9lectricit\u00e9 incroyablement \u00e9lev\u00e9s, \u00e9tant donn\u00e9 que ce r\u00e9frig\u00e9rateur compact est homologu\u00e9 Energy Star. Ce mod\u00e8le Danby DCR88BLDD s\u2019int\u00e8gre harmonieusement \u00e0 n\u2019importe quel d\u00e9cor existant, car il est disponible en fini classique noir ou blanc et en fini acier inoxydable antitache. Afin de vous simplifier les choses encore plus, la charni\u00e8re de porte r\u00e9versible permet d\u2019utiliser la poign\u00e9e de porte int\u00e9gr\u00e9e pour favoriser l\u2019ouverture de la porte du c\u00f4t\u00e9 gauche ou droit. Vous pouvez \u00eatre assur\u00e9 d\u2019une tranquillit\u00e9 d\u2019esprit gr\u00e2ce \u00e0 la garantie de 18 mois sur les pi\u00e8ces et la main-d\u2019\u0153uvre.\",\"breadcrumb\":[],\"inLanguage\":\"fr-CA\",\"potentialAction\":[{\"@type\":\"ReadAction\",\"target\":[\"https:\/\/www.danby.com\/fr\/products\/refrigeration-compact\/dcr88bldd\/\"]}]},{\"@type\":\"ImageObject\",\"inLanguage\":\"fr-CA\",\"url\":\"https:\/\/cdnweb.danby.com\/wp-content\/uploads\/sites\/2\/2022\/02\/08182359\/DCR88BLDD.jpg\",\"contentUrl\":\"https:\/\/cdnweb.danby.com\/wp-content\/uploads\/sites\/2\/2022\/02\/08182359\/DCR88BLDD.jpg\",\"width\":425,\"height\":595},{\"@type\":\"BreadcrumbList\",\"itemListElement\":[{\"@type\":\"ListItem\",\"position\":1,\"name\":\"Home\",\"item\":\"https:\/\/www.danby.com\/fr\/\"},{\"@type\":\"ListItem\",\"position\":2,\"name\":\"Boutique\",\"item\":\"https:\/\/www.danby.com\/fr\/boutique\/\"},{\"@type\":\"ListItem\",\"position\":3,\"name\":\"Danby Designer 90 pi3 R\u00e9frig\u00e9ration Compact Climatiseurs de fen\u00eatre\"}]},{\"@type\":\"WebSite\",\"url\":\"https:\/\/www.danby.com\/fr\/\",\"name\":\"Danby - Canada - French\",\"description\":\"Leader dans le domaine de la r\u00e9frig\u00e9ration et des appareils sp\u00e9cialis\u00e9s\",\"publisher\":[],\"potentialAction\":[{\"@type\":\"SearchAction\",\"target\":{\"@type\":\"EntryPoint\",\"urlTemplate\":\"https:\/\/www.danby.com\/fr\/?s={search_term_string}\"},\"query-input\":{\"@type\":\"PropertyValueSpecification\",\"valueRequired\":true,\"valueName\":\"search_term_string\"}}],\"inLanguage\":\"fr-CA\"},{\"@type\":\"Organization\",\"name\":\"Danby Appliances\",\"url\":\"https:\/\/www.danby.com\/fr\/\",\"logo\":{\"@type\":\"ImageObject\",\"inLanguage\":\"fr-CA\",\"url\":\"https:\/\/cdnweb.danby.com\/wp-content\/uploads\/sites\/2\/2022\/02\/10141906\/Danby75Ans_Blue.png\",\"contentUrl\":\"https:\/\/cdnweb.danby.com\/wp-content\/uploads\/sites\/2\/2022\/02\/10141906\/Danby75Ans_Blue.png\",\"width\":470,\"height\":110,\"caption\":\"Danby Appliances\"},\"image\":[],\"sameAs\":[\"https:\/\/www.facebook.com\/DanbyAppliances\",\"https:\/\/x.com\/DanbyAppliance\",\"https:\/\/instagram.com\/danbyappliances\/\",\"https:\/\/www.linkedin.com\/company\/danbyappliances\",\"https:\/\/www.pinterest.ca\/danbyappliances\/\",\"https:\/\/www.youtube.com\/user\/DanbyProducts\",\"https:\/\/en.wikipedia.org\/wiki\/Danby_(appliances)\"]}]}<\/script>\n<!-- \/ Yoast SEO plugin. -->","yoast_head_json":{"title":"Danby Designer 90 pi3 R\u00e9frig\u00e9ration Compact Climatiseurs de fen\u00eatre - DCR88BLDD | Danby Canada","description":"Voir  nouveau mod\u00e8le ici  Si l\u2019espace est votre pr\u00e9occupation premi\u00e8re, ce r\u00e9frig\u00e9rateur compact de la hauteur d\u2019un comptoir est un choix id\u00e9al, car il peut \u00eatre ajust\u00e9 de mani\u00e8re \u00e0 s\u2019adapter parfaitement \u00e0 la hauteur du comptoir de la pi\u00e8ce o\u00f9 il sera install\u00e9. Il s\u2019agit d\u2019un mod\u00e8le populaire de 90,6 litres (3,2 pieds cubes) convenant parfaitement aux coins-repas, cuisinettes, minibars ext\u00e9rieurs et dortoirs. Cet appareil \u00e9l\u00e9gant est \u00e9quip\u00e9 d\u2019un compartiment cong\u00e9lateur pleine largeur ind\u00e9pendant pour les aliments congel\u00e9s et d\u2019un compartiment de rangement moul\u00e9 pour les \u0153ufs. Ce mod\u00e8le offre un maximum de versatilit\u00e9 d\u2019entreposage, gr\u00e2ce \u00e0 une clayette pleine largeur et \u00e0 une autre d\u2019une demi-largeur et il est \u00e9quip\u00e9 d\u2019un thermostat m\u00e9canique intelligent et d\u2019un pratique syst\u00e8me de d\u00e9givrage par bouton-poussoir. Vos boissons favorites sont ais\u00e9ment accessibles gr\u00e2ce au distributeur de boissons CanStor brevet\u00e9 par Danby et il reste beaucoup d\u2019espace pour l\u2019entreposage des bouteilles de boissons gazeuses grand format. De plus, vous n\u2019aurez pas de souci \u00e0 vous faire, relativement \u00e0 la possibilit\u00e9 de co\u00fbts d\u2019\u00e9lectricit\u00e9 incroyablement \u00e9lev\u00e9s, \u00e9tant donn\u00e9 que ce r\u00e9frig\u00e9rateur compact est homologu\u00e9 Energy Star. Ce mod\u00e8le Danby DCR88BLDD s\u2019int\u00e8gre harmonieusement \u00e0 n\u2019importe quel d\u00e9cor existant, car il est disponible en fini classique noir ou blanc et en fini acier inoxydable antitache. Afin de vous simplifier les choses encore plus, la charni\u00e8re de porte r\u00e9versible permet d\u2019utiliser la poign\u00e9e de porte int\u00e9gr\u00e9e pour favoriser l\u2019ouverture de la porte du c\u00f4t\u00e9 gauche ou droit. Vous pouvez \u00eatre assur\u00e9 d\u2019une tranquillit\u00e9 d\u2019esprit gr\u00e2ce \u00e0 la garantie de 18 mois sur les pi\u00e8ces et la main-d\u2019\u0153uvre.","robots":{"index":"index","follow":"follow","max-snippet":"max-snippet:-1","max-image-preview":"max-image-preview:large","max-video-preview":"max-video-preview:-1"},"canonical":"https:\/\/www.danby.com\/fr\/products\/refrigeration-compact\/dcr88bldd\/","og_locale":"fr_CA","og_type":"article","og_title":"Danby Designer 90 pi3 R\u00e9frig\u00e9ration Compact Climatiseurs de fen\u00eatre - DCR88BLDD | Danby Canada","og_description":"Voir  nouveau mod\u00e8le ici  Si l\u2019espace est votre pr\u00e9occupation premi\u00e8re, ce r\u00e9frig\u00e9rateur compact de la hauteur d\u2019un comptoir est un choix id\u00e9al, car il peut \u00eatre ajust\u00e9 de mani\u00e8re \u00e0 s\u2019adapter parfaitement \u00e0 la hauteur du comptoir de la pi\u00e8ce o\u00f9 il sera install\u00e9. Il s\u2019agit d\u2019un mod\u00e8le populaire de 90,6 litres (3,2 pieds cubes) convenant parfaitement aux coins-repas, cuisinettes, minibars ext\u00e9rieurs et dortoirs. Cet appareil \u00e9l\u00e9gant est \u00e9quip\u00e9 d\u2019un compartiment cong\u00e9lateur pleine largeur ind\u00e9pendant pour les aliments congel\u00e9s et d\u2019un compartiment de rangement moul\u00e9 pour les \u0153ufs. Ce mod\u00e8le offre un maximum de versatilit\u00e9 d\u2019entreposage, gr\u00e2ce \u00e0 une clayette pleine largeur et \u00e0 une autre d\u2019une demi-largeur et il est \u00e9quip\u00e9 d\u2019un thermostat m\u00e9canique intelligent et d\u2019un pratique syst\u00e8me de d\u00e9givrage par bouton-poussoir. Vos boissons favorites sont ais\u00e9ment accessibles gr\u00e2ce au distributeur de boissons CanStor brevet\u00e9 par Danby et il reste beaucoup d\u2019espace pour l\u2019entreposage des bouteilles de boissons gazeuses grand format. De plus, vous n\u2019aurez pas de souci \u00e0 vous faire, relativement \u00e0 la possibilit\u00e9 de co\u00fbts d\u2019\u00e9lectricit\u00e9 incroyablement \u00e9lev\u00e9s, \u00e9tant donn\u00e9 que ce r\u00e9frig\u00e9rateur compact est homologu\u00e9 Energy Star. Ce mod\u00e8le Danby DCR88BLDD s\u2019int\u00e8gre harmonieusement \u00e0 n\u2019importe quel d\u00e9cor existant, car il est disponible en fini classique noir ou blanc et en fini acier inoxydable antitache. Afin de vous simplifier les choses encore plus, la charni\u00e8re de porte r\u00e9versible permet d\u2019utiliser la poign\u00e9e de porte int\u00e9gr\u00e9e pour favoriser l\u2019ouverture de la porte du c\u00f4t\u00e9 gauche ou droit. Vous pouvez \u00eatre assur\u00e9 d\u2019une tranquillit\u00e9 d\u2019esprit gr\u00e2ce \u00e0 la garantie de 18 mois sur les pi\u00e8ces et la main-d\u2019\u0153uvre.","og_url":"https:\/\/www.danby.com\/fr\/products\/refrigeration-compact\/dcr88bldd\/","og_site_name":"Danby - Canada - French","article_publisher":"https:\/\/www.facebook.com\/DanbyAppliances","article_modified_time":"2026-04-16T10:07:16+00:00","og_image":[{"width":425,"height":595,"url":"https:\/\/cdnweb.danby.com\/wp-content\/uploads\/sites\/2\/2022\/02\/08182359\/DCR88BLDD.jpg","type":"image\/jpeg"}],"twitter_card":"summary_large_image","twitter_site":"@DanbyAppliance","schema":{"@context":"https:\/\/schema.org","@graph":[{"@type":["WebPage","ItemPage"],"url":"https:\/\/www.danby.com\/fr\/products\/refrigeration-compact\/dcr88bldd\/","name":"Danby Designer 90 pi3 R\u00e9frig\u00e9ration Compact Climatiseurs de fen\u00eatre - DCR88BLDD | Danby Canada","isPartOf":[],"primaryImageOfPage":[],"image":[],"thumbnailUrl":"https:\/\/cdnweb.danby.com\/wp-content\/uploads\/sites\/2\/2022\/02\/08182359\/DCR88BLDD.jpg","datePublished":"2022-02-03T19:16:14+00:00","dateModified":"2026-04-16T10:07:16+00:00","description":"Voir nouveau mod\u00e8le ici Si l\u2019espace est votre pr\u00e9occupation premi\u00e8re, ce r\u00e9frig\u00e9rateur compact de la hauteur d\u2019un comptoir est un choix id\u00e9al, car il peut \u00eatre ajust\u00e9 de mani\u00e8re \u00e0 s\u2019adapter parfaitement \u00e0 la hauteur du comptoir de la pi\u00e8ce o\u00f9 il sera install\u00e9. Il s\u2019agit d\u2019un mod\u00e8le populaire de 90,6 litres (3,2 pieds cubes) convenant parfaitement aux coins-repas, cuisinettes, minibars ext\u00e9rieurs et dortoirs. Cet appareil \u00e9l\u00e9gant est \u00e9quip\u00e9 d\u2019un compartiment cong\u00e9lateur pleine largeur ind\u00e9pendant pour les aliments congel\u00e9s et d\u2019un compartiment de rangement moul\u00e9 pour les \u0153ufs. Ce mod\u00e8le offre un maximum de versatilit\u00e9 d\u2019entreposage, gr\u00e2ce \u00e0 une clayette pleine largeur et \u00e0 une autre d\u2019une demi-largeur et il est \u00e9quip\u00e9 d\u2019un thermostat m\u00e9canique intelligent et d\u2019un pratique syst\u00e8me de d\u00e9givrage par bouton-poussoir. Vos boissons favorites sont ais\u00e9ment accessibles gr\u00e2ce au distributeur de boissons CanStor brevet\u00e9 par Danby et il reste beaucoup d\u2019espace pour l\u2019entreposage des bouteilles de boissons gazeuses grand format. De plus, vous n\u2019aurez pas de souci \u00e0 vous faire, relativement \u00e0 la possibilit\u00e9 de co\u00fbts d\u2019\u00e9lectricit\u00e9 incroyablement \u00e9lev\u00e9s, \u00e9tant donn\u00e9 que ce r\u00e9frig\u00e9rateur compact est homologu\u00e9 Energy Star. Ce mod\u00e8le Danby DCR88BLDD s\u2019int\u00e8gre harmonieusement \u00e0 n\u2019importe quel d\u00e9cor existant, car il est disponible en fini classique noir ou blanc et en fini acier inoxydable antitache. Afin de vous simplifier les choses encore plus, la charni\u00e8re de porte r\u00e9versible permet d\u2019utiliser la poign\u00e9e de porte int\u00e9gr\u00e9e pour favoriser l\u2019ouverture de la porte du c\u00f4t\u00e9 gauche ou droit. Vous pouvez \u00eatre assur\u00e9 d\u2019une tranquillit\u00e9 d\u2019esprit gr\u00e2ce \u00e0 la garantie de 18 mois sur les pi\u00e8ces et la main-d\u2019\u0153uvre.","breadcrumb":[],"inLanguage":"fr-CA","potentialAction":[{"@type":"ReadAction","target":["https:\/\/www.danby.com\/fr\/products\/refrigeration-compact\/dcr88bldd\/"]}]},{"@type":"ImageObject","inLanguage":"fr-CA","url":"https:\/\/cdnweb.danby.com\/wp-content\/uploads\/sites\/2\/2022\/02\/08182359\/DCR88BLDD.jpg","contentUrl":"https:\/\/cdnweb.danby.com\/wp-content\/uploads\/sites\/2\/2022\/02\/08182359\/DCR88BLDD.jpg","width":425,"height":595},{"@type":"BreadcrumbList","itemListElement":[{"@type":"ListItem","position":1,"name":"Home","item":"https:\/\/www.danby.com\/fr\/"},{"@type":"ListItem","position":2,"name":"Boutique","item":"https:\/\/www.danby.com\/fr\/boutique\/"},{"@type":"ListItem","position":3,"name":"Danby Designer 90 pi3 R\u00e9frig\u00e9ration Compact Climatiseurs de fen\u00eatre"}]},{"@type":"WebSite","url":"https:\/\/www.danby.com\/fr\/","name":"Danby - Canada - French","description":"Leader dans le domaine de la r\u00e9frig\u00e9ration et des appareils sp\u00e9cialis\u00e9s","publisher":[],"potentialAction":[{"@type":"SearchAction","target":{"@type":"EntryPoint","urlTemplate":"https:\/\/www.danby.com\/fr\/?s={search_term_string}"},"query-input":{"@type":"PropertyValueSpecification","valueRequired":true,"valueName":"search_term_string"}}],"inLanguage":"fr-CA"},{"@type":"Organization","name":"Danby Appliances","url":"https:\/\/www.danby.com\/fr\/","logo":{"@type":"ImageObject","inLanguage":"fr-CA","url":"https:\/\/cdnweb.danby.com\/wp-content\/uploads\/sites\/2\/2022\/02\/10141906\/Danby75Ans_Blue.png","contentUrl":"https:\/\/cdnweb.danby.com\/wp-content\/uploads\/sites\/2\/2022\/02\/10141906\/Danby75Ans_Blue.png","width":470,"height":110,"caption":"Danby Appliances"},"image":[],"sameAs":["https:\/\/www.facebook.com\/DanbyAppliances","https:\/\/x.com\/DanbyAppliance","https:\/\/instagram.com\/danbyappliances\/","https:\/\/www.linkedin.com\/company\/danbyappliances","https:\/\/www.pinterest.ca\/danbyappliances\/","https:\/\/www.youtube.com\/user\/DanbyProducts","https:\/\/en.wikipedia.org\/wiki\/Danby_(appliances)"]}]}},"post_mailing_queue_ids":[],"_links":{"self":[{"href":"https:\/\/www.danby.com\/fr\/wp-json\/wp\/v2\/product\/4842","targetHints":{"allow":["GET"]}}],"collection":[{"href":"https:\/\/www.danby.com\/fr\/wp-json\/wp\/v2\/product"}],"about":[{"href":"https:\/\/www.danby.com\/fr\/wp-json\/wp\/v2\/types\/product"}],"replies":[{"embeddable":true,"href":"https:\/\/www.danby.com\/fr\/wp-json\/wp\/v2\/comments?post=4842"}],"wp:featuredmedia":[{"embeddable":true,"href":"https:\/\/www.danby.com\/fr\/wp-json\/wp\/v2\/media\/5909"}],"wp:attachment":[{"href":"https:\/\/www.danby.com\/fr\/wp-json\/wp\/v2\/media?parent=4842"}],"wp:term":[{"taxonomy":"product_brand","embeddable":true,"href":"https:\/\/www.danby.com\/fr\/wp-json\/wp\/v2\/product_brand?post=4842"},{"taxonomy":"product_cat","embeddable":true,"href":"https:\/\/www.danby.com\/fr\/wp-json\/wp\/v2\/product_cat?post=4842"},{"taxonomy":"product_tag","embeddable":true,"href":"https:\/\/www.danby.com\/fr\/wp-json\/wp\/v2\/product_tag?post=4842"}],"curies":[{"name":"wp","href":"https:\/\/api.w.org\/{rel}","templated":true}]}}