{"id":4837,"date":"2022-02-03T19:16:14","date_gmt":"2022-02-03T19:16:14","guid":{"rendered":"https:\/\/www.danby.com\/fr\/product\/dcr34w\/"},"modified":"2026-04-23T09:07:33","modified_gmt":"2026-04-23T09:07:33","slug":"dcr34w","status":"publish","type":"product","link":"https:\/\/www.danby.com\/fr\/products\/refrigeration-compact\/dcr34w\/","title":{"rendered":"Danby 3.2  pi3 R\u00e9frig\u00e9ration Compact"},"content":{"rendered":"","protected":false},"excerpt":{"rendered":"<ul>\n<li>R\u00e9frig\u00e9rateur compact de comptoir<\/li>\n<li>Capacit\u00e9 de 3,2 pi3<\/li>\n<li>Thermostat m\u00e9canique<\/li>\n<li>Faire de la glace ou stocker des articles congel\u00e9s dans la section compacte du cong\u00e9lateur<\/li>\n<li>D\u00e9givrage sans tracas par bouton-poussoir<\/li>\n<li>Syst\u00e8me pratique de distribution de boissons Canstor<\/li>\n<li>2.5 \u00c9tag\u00e8res en fil m\u00e9tallique pour une polyvalence de rangement maximale<\/li>\n<li>Rangement de grandes bouteilles &#8211; id\u00e9al pour les grandes bouteilles de soda<\/li>\n<li>Porte r\u00e9versible pour une ouverture pratique \u00e0 gauche ou \u00e0 droite<\/li>\n<li>Poign\u00e9e de porte int\u00e9gr\u00e9e<\/li>\n<li>Tableau de travail r\u00e9sistant aux rayures est un endroit id\u00e9al pour ranger les accessoires<\/li>\n<li>Le design lisse de l&#8217;arri\u00e8re s&#8217;adapte au ras des murs<\/li>\n<\/ul>\n","protected":false},"featured_media":5722,"comment_status":"closed","ping_status":"open","template":"","meta":{"_acf_changed":false},"product_brand":[],"product_cat":[22],"product_tag":[],"class_list":{"0":"post-4837","1":"product","2":"type-product","3":"status-publish","4":"has-post-thumbnail","6":"product_cat-refrigeration-compact","8":"first","9":"outofstock","10":"taxable","11":"shipping-taxable","12":"product-type-simple"},"acf":[],"yoast_head":"<!-- This site is optimized with the Yoast SEO plugin v27.4 - https:\/\/yoast.com\/product\/yoast-seo-wordpress\/ -->\n<title>Danby 3.2 pi3 R\u00e9frig\u00e9ration Compact - DCR34W | Danby Canada<\/title>\n<meta name=\"description\" content=\"R\u00e9frig\u00e9rateur compact Danby, \u00e0 la hauteur du comptoir, est id\u00e9al pour les dortoirs, les chambres \u00e0 coucher et les salles de d\u00e9tente. Ce mod\u00e8le peut \u00eatre ajust\u00e9 \u00e0 la m\u00eame hauteur que le comptoir et comprend un dessus r\u00e9sistant aux \u00e9gratignures. Ses caract\u00e9ristiques int\u00e9ressantes comprennent une section enti\u00e8re pour le cong\u00e9lateur, notre distributeur \u00e0 boisson brevet\u00e9 Canstor et notre rangement moul\u00e9 pour les \u0153ufs.\" \/>\n<meta name=\"robots\" content=\"index, follow, max-snippet:-1, max-image-preview:large, max-video-preview:-1\" \/>\n<link rel=\"canonical\" href=\"https:\/\/www.danby.com\/fr\/products\/refrigeration-compact\/dcr34w\/\" \/>\n<meta property=\"og:locale\" content=\"fr_CA\" \/>\n<meta property=\"og:type\" content=\"article\" \/>\n<meta property=\"og:title\" content=\"Danby 3.2 pi3 R\u00e9frig\u00e9ration Compact - DCR34W | Danby Canada\" \/>\n<meta property=\"og:description\" content=\"R\u00e9frig\u00e9rateur compact Danby, \u00e0 la hauteur du comptoir, est id\u00e9al pour les dortoirs, les chambres \u00e0 coucher et les salles de d\u00e9tente. Ce mod\u00e8le peut \u00eatre ajust\u00e9 \u00e0 la m\u00eame hauteur que le comptoir et comprend un dessus r\u00e9sistant aux \u00e9gratignures. Ses caract\u00e9ristiques int\u00e9ressantes comprennent une section enti\u00e8re pour le cong\u00e9lateur, notre distributeur \u00e0 boisson brevet\u00e9 Canstor et notre rangement moul\u00e9 pour les \u0153ufs.\" \/>\n<meta property=\"og:url\" content=\"https:\/\/www.danby.com\/fr\/products\/refrigeration-compact\/dcr34w\/\" \/>\n<meta property=\"og:site_name\" content=\"Danby - Canada - French\" \/>\n<meta property=\"article:publisher\" content=\"https:\/\/www.facebook.com\/DanbyAppliances\" \/>\n<meta property=\"article:modified_time\" content=\"2026-04-23T09:07:33+00:00\" \/>\n<meta property=\"og:image\" content=\"https:\/\/cdnweb.danby.com\/wp-content\/uploads\/sites\/2\/2022\/02\/08181830\/proMed-dcr34w.jpg\" \/>\n\t<meta property=\"og:image:width\" content=\"303\" \/>\n\t<meta property=\"og:image:height\" content=\"275\" \/>\n\t<meta property=\"og:image:type\" content=\"image\/jpeg\" \/>\n<meta name=\"twitter:card\" content=\"summary_large_image\" \/>\n<meta name=\"twitter:site\" content=\"@DanbyAppliance\" \/>\n<script type=\"application\/ld+json\" class=\"yoast-schema-graph\">{\"@context\":\"https:\\\/\\\/schema.org\",\"@graph\":[{\"@type\":[\"WebPage\",\"ItemPage\"],\"url\":\"https:\\\/\\\/www.danby.com\\\/fr\\\/products\\\/refrigeration-compact\\\/dcr34w\\\/\",\"name\":\"Danby 3.2 pi3 R\u00e9frig\u00e9ration Compact - DCR34W | Danby Canada\",\"isPartOf\":[],\"primaryImageOfPage\":[],\"image\":[],\"thumbnailUrl\":\"https:\\\/\\\/cdnweb.danby.com\\\/wp-content\\\/uploads\\\/sites\\\/2\\\/2022\\\/02\\\/08181830\\\/proMed-dcr34w.jpg\",\"datePublished\":\"2022-02-03T19:16:14+00:00\",\"dateModified\":\"2026-04-23T09:07:33+00:00\",\"description\":\"R\u00e9frig\u00e9rateur compact Danby, \u00e0 la hauteur du comptoir, est id\u00e9al pour les dortoirs, les chambres \u00e0 coucher et les salles de d\u00e9tente. Ce mod\u00e8le peut \u00eatre ajust\u00e9 \u00e0 la m\u00eame hauteur que le comptoir et comprend un dessus r\u00e9sistant aux \u00e9gratignures. Ses caract\u00e9ristiques int\u00e9ressantes comprennent une section enti\u00e8re pour le cong\u00e9lateur, notre distributeur \u00e0 boisson brevet\u00e9 Canstor et notre rangement moul\u00e9 pour les \u0153ufs.\",\"breadcrumb\":[],\"inLanguage\":\"fr-CA\",\"potentialAction\":[{\"@type\":\"ReadAction\",\"target\":[\"https:\\\/\\\/www.danby.com\\\/fr\\\/products\\\/refrigeration-compact\\\/dcr34w\\\/\"]}]},{\"@type\":\"ImageObject\",\"inLanguage\":\"fr-CA\",\"url\":\"https:\\\/\\\/cdnweb.danby.com\\\/wp-content\\\/uploads\\\/sites\\\/2\\\/2022\\\/02\\\/08181830\\\/proMed-dcr34w.jpg\",\"contentUrl\":\"https:\\\/\\\/cdnweb.danby.com\\\/wp-content\\\/uploads\\\/sites\\\/2\\\/2022\\\/02\\\/08181830\\\/proMed-dcr34w.jpg\",\"width\":303,\"height\":275},{\"@type\":\"BreadcrumbList\",\"itemListElement\":[{\"@type\":\"ListItem\",\"position\":1,\"name\":\"Home\",\"item\":\"https:\\\/\\\/www.danby.com\\\/fr\\\/\"},{\"@type\":\"ListItem\",\"position\":2,\"name\":\"Boutique\",\"item\":\"https:\\\/\\\/www.danby.com\\\/fr\\\/boutique\\\/\"},{\"@type\":\"ListItem\",\"position\":3,\"name\":\"Danby 3.2 pi3 R\u00e9frig\u00e9ration Compact\"}]},{\"@type\":\"WebSite\",\"url\":\"https:\\\/\\\/www.danby.com\\\/fr\\\/\",\"name\":\"Danby - Canada - French\",\"description\":\"Leader dans le domaine de la r\u00e9frig\u00e9ration et des appareils sp\u00e9cialis\u00e9s\",\"publisher\":[],\"potentialAction\":[{\"@type\":\"SearchAction\",\"target\":{\"@type\":\"EntryPoint\",\"urlTemplate\":\"https:\\\/\\\/www.danby.com\\\/fr\\\/?s={search_term_string}\"},\"query-input\":{\"@type\":\"PropertyValueSpecification\",\"valueRequired\":true,\"valueName\":\"search_term_string\"}}],\"inLanguage\":\"fr-CA\"},{\"@type\":\"Organization\",\"name\":\"Danby Appliances\",\"url\":\"https:\\\/\\\/www.danby.com\\\/fr\\\/\",\"logo\":{\"@type\":\"ImageObject\",\"inLanguage\":\"fr-CA\",\"url\":\"https:\\\/\\\/cdnweb.danby.com\\\/wp-content\\\/uploads\\\/sites\\\/2\\\/2022\\\/02\\\/10141906\\\/Danby75Ans_Blue.png\",\"contentUrl\":\"https:\\\/\\\/cdnweb.danby.com\\\/wp-content\\\/uploads\\\/sites\\\/2\\\/2022\\\/02\\\/10141906\\\/Danby75Ans_Blue.png\",\"width\":470,\"height\":110,\"caption\":\"Danby Appliances\"},\"image\":[],\"sameAs\":[\"https:\\\/\\\/www.facebook.com\\\/DanbyAppliances\",\"https:\\\/\\\/x.com\\\/DanbyAppliance\",\"https:\\\/\\\/instagram.com\\\/danbyappliances\\\/\",\"https:\\\/\\\/www.linkedin.com\\\/company\\\/danbyappliances\",\"https:\\\/\\\/www.pinterest.ca\\\/danbyappliances\\\/\",\"https:\\\/\\\/www.youtube.com\\\/user\\\/DanbyProducts\",\"https:\\\/\\\/en.wikipedia.org\\\/wiki\\\/Danby_(appliances)\"]}]}<\/script>\n<!-- \/ Yoast SEO plugin. -->","yoast_head_json":{"title":"Danby 3.2 pi3 R\u00e9frig\u00e9ration Compact - DCR34W | Danby Canada","description":"R\u00e9frig\u00e9rateur compact Danby, \u00e0 la hauteur du comptoir, est id\u00e9al pour les dortoirs, les chambres \u00e0 coucher et les salles de d\u00e9tente. Ce mod\u00e8le peut \u00eatre ajust\u00e9 \u00e0 la m\u00eame hauteur que le comptoir et comprend un dessus r\u00e9sistant aux \u00e9gratignures. Ses caract\u00e9ristiques int\u00e9ressantes comprennent une section enti\u00e8re pour le cong\u00e9lateur, notre distributeur \u00e0 boisson brevet\u00e9 Canstor et notre rangement moul\u00e9 pour les \u0153ufs.","robots":{"index":"index","follow":"follow","max-snippet":"max-snippet:-1","max-image-preview":"max-image-preview:large","max-video-preview":"max-video-preview:-1"},"canonical":"https:\/\/www.danby.com\/fr\/products\/refrigeration-compact\/dcr34w\/","og_locale":"fr_CA","og_type":"article","og_title":"Danby 3.2 pi3 R\u00e9frig\u00e9ration Compact - DCR34W | Danby Canada","og_description":"R\u00e9frig\u00e9rateur compact Danby, \u00e0 la hauteur du comptoir, est id\u00e9al pour les dortoirs, les chambres \u00e0 coucher et les salles de d\u00e9tente. Ce mod\u00e8le peut \u00eatre ajust\u00e9 \u00e0 la m\u00eame hauteur que le comptoir et comprend un dessus r\u00e9sistant aux \u00e9gratignures. Ses caract\u00e9ristiques int\u00e9ressantes comprennent une section enti\u00e8re pour le cong\u00e9lateur, notre distributeur \u00e0 boisson brevet\u00e9 Canstor et notre rangement moul\u00e9 pour les \u0153ufs.","og_url":"https:\/\/www.danby.com\/fr\/products\/refrigeration-compact\/dcr34w\/","og_site_name":"Danby - Canada - French","article_publisher":"https:\/\/www.facebook.com\/DanbyAppliances","article_modified_time":"2026-04-23T09:07:33+00:00","og_image":[{"width":303,"height":275,"url":"https:\/\/cdnweb.danby.com\/wp-content\/uploads\/sites\/2\/2022\/02\/08181830\/proMed-dcr34w.jpg","type":"image\/jpeg"}],"twitter_card":"summary_large_image","twitter_site":"@DanbyAppliance","schema":{"@context":"https:\/\/schema.org","@graph":[{"@type":["WebPage","ItemPage"],"url":"https:\/\/www.danby.com\/fr\/products\/refrigeration-compact\/dcr34w\/","name":"Danby 3.2 pi3 R\u00e9frig\u00e9ration Compact - DCR34W | Danby Canada","isPartOf":[],"primaryImageOfPage":[],"image":[],"thumbnailUrl":"https:\/\/cdnweb.danby.com\/wp-content\/uploads\/sites\/2\/2022\/02\/08181830\/proMed-dcr34w.jpg","datePublished":"2022-02-03T19:16:14+00:00","dateModified":"2026-04-23T09:07:33+00:00","description":"R\u00e9frig\u00e9rateur compact Danby, \u00e0 la hauteur du comptoir, est id\u00e9al pour les dortoirs, les chambres \u00e0 coucher et les salles de d\u00e9tente. Ce mod\u00e8le peut \u00eatre ajust\u00e9 \u00e0 la m\u00eame hauteur que le comptoir et comprend un dessus r\u00e9sistant aux \u00e9gratignures. Ses caract\u00e9ristiques int\u00e9ressantes comprennent une section enti\u00e8re pour le cong\u00e9lateur, notre distributeur \u00e0 boisson brevet\u00e9 Canstor et notre rangement moul\u00e9 pour les \u0153ufs.","breadcrumb":[],"inLanguage":"fr-CA","potentialAction":[{"@type":"ReadAction","target":["https:\/\/www.danby.com\/fr\/products\/refrigeration-compact\/dcr34w\/"]}]},{"@type":"ImageObject","inLanguage":"fr-CA","url":"https:\/\/cdnweb.danby.com\/wp-content\/uploads\/sites\/2\/2022\/02\/08181830\/proMed-dcr34w.jpg","contentUrl":"https:\/\/cdnweb.danby.com\/wp-content\/uploads\/sites\/2\/2022\/02\/08181830\/proMed-dcr34w.jpg","width":303,"height":275},{"@type":"BreadcrumbList","itemListElement":[{"@type":"ListItem","position":1,"name":"Home","item":"https:\/\/www.danby.com\/fr\/"},{"@type":"ListItem","position":2,"name":"Boutique","item":"https:\/\/www.danby.com\/fr\/boutique\/"},{"@type":"ListItem","position":3,"name":"Danby 3.2 pi3 R\u00e9frig\u00e9ration Compact"}]},{"@type":"WebSite","url":"https:\/\/www.danby.com\/fr\/","name":"Danby - Canada - French","description":"Leader dans le domaine de la r\u00e9frig\u00e9ration et des appareils sp\u00e9cialis\u00e9s","publisher":[],"potentialAction":[{"@type":"SearchAction","target":{"@type":"EntryPoint","urlTemplate":"https:\/\/www.danby.com\/fr\/?s={search_term_string}"},"query-input":{"@type":"PropertyValueSpecification","valueRequired":true,"valueName":"search_term_string"}}],"inLanguage":"fr-CA"},{"@type":"Organization","name":"Danby Appliances","url":"https:\/\/www.danby.com\/fr\/","logo":{"@type":"ImageObject","inLanguage":"fr-CA","url":"https:\/\/cdnweb.danby.com\/wp-content\/uploads\/sites\/2\/2022\/02\/10141906\/Danby75Ans_Blue.png","contentUrl":"https:\/\/cdnweb.danby.com\/wp-content\/uploads\/sites\/2\/2022\/02\/10141906\/Danby75Ans_Blue.png","width":470,"height":110,"caption":"Danby Appliances"},"image":[],"sameAs":["https:\/\/www.facebook.com\/DanbyAppliances","https:\/\/x.com\/DanbyAppliance","https:\/\/instagram.com\/danbyappliances\/","https:\/\/www.linkedin.com\/company\/danbyappliances","https:\/\/www.pinterest.ca\/danbyappliances\/","https:\/\/www.youtube.com\/user\/DanbyProducts","https:\/\/en.wikipedia.org\/wiki\/Danby_(appliances)"]}]}},"post_mailing_queue_ids":[],"_links":{"self":[{"href":"https:\/\/www.danby.com\/fr\/wp-json\/wp\/v2\/product\/4837","targetHints":{"allow":["GET"]}}],"collection":[{"href":"https:\/\/www.danby.com\/fr\/wp-json\/wp\/v2\/product"}],"about":[{"href":"https:\/\/www.danby.com\/fr\/wp-json\/wp\/v2\/types\/product"}],"replies":[{"embeddable":true,"href":"https:\/\/www.danby.com\/fr\/wp-json\/wp\/v2\/comments?post=4837"}],"wp:featuredmedia":[{"embeddable":true,"href":"https:\/\/www.danby.com\/fr\/wp-json\/wp\/v2\/media\/5722"}],"wp:attachment":[{"href":"https:\/\/www.danby.com\/fr\/wp-json\/wp\/v2\/media?parent=4837"}],"wp:term":[{"taxonomy":"product_brand","embeddable":true,"href":"https:\/\/www.danby.com\/fr\/wp-json\/wp\/v2\/product_brand?post=4837"},{"taxonomy":"product_cat","embeddable":true,"href":"https:\/\/www.danby.com\/fr\/wp-json\/wp\/v2\/product_cat?post=4837"},{"taxonomy":"product_tag","embeddable":true,"href":"https:\/\/www.danby.com\/fr\/wp-json\/wp\/v2\/product_tag?post=4837"}],"curies":[{"name":"wp","href":"https:\/\/api.w.org\/{rel}","templated":true}]}}