{"id":4836,"date":"2022-02-03T19:16:14","date_gmt":"2022-02-03T19:16:14","guid":{"rendered":"https:\/\/www.danby.com\/fr\/product\/dcr34bls\/"},"modified":"2026-04-19T10:07:31","modified_gmt":"2026-04-19T10:07:31","slug":"dcr34bls","status":"publish","type":"product","link":"https:\/\/www.danby.com\/fr\/products\/refrigeration-compact\/dcr34bls\/","title":{"rendered":"Danby 3.2  pi3 R\u00e9frig\u00e9ration Compact"},"content":{"rendered":"","protected":false},"excerpt":{"rendered":"<ul>\n<li>R\u00e9frig\u00e9rateur compact \u00e0 hauteur de comptoir d&#8217;une capacit\u00e9 de 3,2 pi3<\/li>\n<li>Faire de la glace ou stocker des articles congel\u00e9s dans la section cong\u00e9lateur compacte d&#8217;une capacit\u00e9 de 0,4 pi3 (livr\u00e9 avec 1 bac \u00e0 gla\u00e7ons)<\/li>\n<li>Syst\u00e8me pratique de distribution de boissons Canstor\u00ae<\/li>\n<li>Rangement de bouteilles hautes &#8211; id\u00e9al pour les grandes bouteilles de soda<\/li>\n<li>2.5 tablettes en fil m\u00e9tallique pour une polyvalence de rangement maximale<\/li>\n<li>Thermostat m\u00e9canique<\/li>\n<li>D\u00e9givrage sans tracas par bouton-poussoir<\/li>\n<li>Porte r\u00e9versible pour une ouverture pratique \u00e0 gauche ou \u00e0 droite<\/li>\n<li>Poign\u00e9e de porte int\u00e9gr\u00e9e<\/li>\n<li>Tableau de travail r\u00e9sistant aux rayures, id\u00e9al pour ranger les accessoires<\/li>\n<li>Dessus lisse<\/li>\n<\/ul>\n","protected":false},"featured_media":0,"comment_status":"closed","ping_status":"open","template":"","meta":{"_acf_changed":false},"product_brand":[],"product_cat":[22],"product_tag":[],"class_list":{"0":"post-4836","1":"product","2":"type-product","3":"status-publish","5":"product_cat-refrigeration-compact","7":"first","8":"outofstock","9":"taxable","10":"shipping-taxable","11":"product-type-simple"},"acf":[],"yoast_head":"<!-- This site is optimized with the Yoast SEO plugin v26.7 - https:\/\/yoast.com\/wordpress\/plugins\/seo\/ -->\n<title>Danby 3.2 pi3 R\u00e9frig\u00e9ration Compact - DCR34BLS | Danby Canada<\/title>\n<meta name=\"description\" content=\"Ce r\u00e9frig\u00e9rateur haut de gamme d\u2019une capacit\u00e9 de 90,6 litres (3,2 pieds cubes) est le choix parfait pour les minibars ext\u00e9rieurs, coins-repas, r\u00e9sidences d\u2019\u00e9tudiants et autres petites surfaces d\u2019habitation. Cet appareil de la hauteur d\u2019un comptoir, peut facilement \u00eatre ajust\u00e9, de mani\u00e8re \u00e0 s\u2019adapter \u00e0 la hauteur de votre comptoir et il comprend un distributeur de boissons CanStor, pour vos boissons favorites. Il est aussi \u00e9quip\u00e9 d\u2019un thermostat m\u00e9canique de pr\u00e9cision et peut contenir des bouteilles de divers formats, allant jusqu\u2019\u00e0 deux litres. Il est aussi dot\u00e9 d\u2019un compartiment cong\u00e9lateur pleine largeur de 0,4 pied cube, d\u2019un pratique bac \u00e0 glace et d\u2019un compartiment de rangement moul\u00e9 pour les \u0153ufs. 2,5 solides clayettes permettent un maximum de versatilit\u00e9 d\u2019entreposage et le syst\u00e8me de d\u00e9givrage par bouton-poussoir, d\u2019utilisation facile, fait en sorte que l\u2019appareil fonctionne en permanence et en douceur. Les utilisateurs gauchers comme droitiers auront le plaisir de constater que l\u2019ouverture de la porte peut \u00eatre facilement invers\u00e9e et qu\u2019elle peut \u00eatre ouverte gr\u00e2ce \u00e0 la poign\u00e9e de porte int\u00e9gr\u00e9e. Les accessoires peuvent \u00eatre entrepos\u00e9s sur le plan de travail r\u00e9sistant aux rayures. Cet \u00e9l\u00e9gant r\u00e9frig\u00e9rateur comprend une garantie de 12 mois sur les pi\u00e8ces et la main-d\u2019\u0153uvre.\" \/>\n<meta name=\"robots\" content=\"index, follow, max-snippet:-1, max-image-preview:large, max-video-preview:-1\" \/>\n<link rel=\"canonical\" href=\"https:\/\/www.danby.com\/fr\/products\/refrigeration-compact\/dcr34bls\/\" \/>\n<meta property=\"og:locale\" content=\"fr_CA\" \/>\n<meta property=\"og:type\" content=\"article\" \/>\n<meta property=\"og:title\" content=\"Danby 3.2 pi3 R\u00e9frig\u00e9ration Compact - DCR34BLS | Danby Canada\" \/>\n<meta property=\"og:description\" content=\"Ce r\u00e9frig\u00e9rateur haut de gamme d\u2019une capacit\u00e9 de 90,6 litres (3,2 pieds cubes) est le choix parfait pour les minibars ext\u00e9rieurs, coins-repas, r\u00e9sidences d\u2019\u00e9tudiants et autres petites surfaces d\u2019habitation. Cet appareil de la hauteur d\u2019un comptoir, peut facilement \u00eatre ajust\u00e9, de mani\u00e8re \u00e0 s\u2019adapter \u00e0 la hauteur de votre comptoir et il comprend un distributeur de boissons CanStor, pour vos boissons favorites. Il est aussi \u00e9quip\u00e9 d\u2019un thermostat m\u00e9canique de pr\u00e9cision et peut contenir des bouteilles de divers formats, allant jusqu\u2019\u00e0 deux litres. Il est aussi dot\u00e9 d\u2019un compartiment cong\u00e9lateur pleine largeur de 0,4 pied cube, d\u2019un pratique bac \u00e0 glace et d\u2019un compartiment de rangement moul\u00e9 pour les \u0153ufs. 2,5 solides clayettes permettent un maximum de versatilit\u00e9 d\u2019entreposage et le syst\u00e8me de d\u00e9givrage par bouton-poussoir, d\u2019utilisation facile, fait en sorte que l\u2019appareil fonctionne en permanence et en douceur. Les utilisateurs gauchers comme droitiers auront le plaisir de constater que l\u2019ouverture de la porte peut \u00eatre facilement invers\u00e9e et qu\u2019elle peut \u00eatre ouverte gr\u00e2ce \u00e0 la poign\u00e9e de porte int\u00e9gr\u00e9e. Les accessoires peuvent \u00eatre entrepos\u00e9s sur le plan de travail r\u00e9sistant aux rayures. Cet \u00e9l\u00e9gant r\u00e9frig\u00e9rateur comprend une garantie de 12 mois sur les pi\u00e8ces et la main-d\u2019\u0153uvre.\" \/>\n<meta property=\"og:url\" content=\"https:\/\/www.danby.com\/fr\/products\/refrigeration-compact\/dcr34bls\/\" \/>\n<meta property=\"og:site_name\" content=\"Danby - Canada - French\" \/>\n<meta property=\"article:publisher\" content=\"https:\/\/www.facebook.com\/DanbyAppliances\" \/>\n<meta property=\"article:modified_time\" content=\"2026-04-19T10:07:31+00:00\" \/>\n<meta property=\"og:image\" content=\"https:\/\/cdnweb.danby.com\/wp-content\/uploads\/sites\/2\/2022\/03\/14160239\/Danby75Ans_OG_FB.png\" \/>\n\t<meta property=\"og:image:width\" content=\"1200\" \/>\n\t<meta property=\"og:image:height\" content=\"630\" \/>\n\t<meta property=\"og:image:type\" content=\"image\/png\" \/>\n<meta name=\"twitter:card\" content=\"summary_large_image\" \/>\n<meta name=\"twitter:site\" content=\"@DanbyAppliance\" \/>\n<script type=\"application\/ld+json\" class=\"yoast-schema-graph\">{\"@context\":\"https:\/\/schema.org\",\"@graph\":[{\"@type\":[\"WebPage\",\"ItemPage\"],\"url\":\"https:\/\/www.danby.com\/fr\/products\/refrigeration-compact\/dcr34bls\/\",\"name\":\"Danby 3.2 pi3 R\u00e9frig\u00e9ration Compact - DCR34BLS | Danby Canada\",\"isPartOf\":[],\"datePublished\":\"2022-02-03T19:16:14+00:00\",\"dateModified\":\"2026-04-19T10:07:31+00:00\",\"description\":\"Ce r\u00e9frig\u00e9rateur haut de gamme d\u2019une capacit\u00e9 de 90,6 litres (3,2 pieds cubes) est le choix parfait pour les minibars ext\u00e9rieurs, coins-repas, r\u00e9sidences d\u2019\u00e9tudiants et autres petites surfaces d\u2019habitation. Cet appareil de la hauteur d\u2019un comptoir, peut facilement \u00eatre ajust\u00e9, de mani\u00e8re \u00e0 s\u2019adapter \u00e0 la hauteur de votre comptoir et il comprend un distributeur de boissons CanStor, pour vos boissons favorites. Il est aussi \u00e9quip\u00e9 d\u2019un thermostat m\u00e9canique de pr\u00e9cision et peut contenir des bouteilles de divers formats, allant jusqu\u2019\u00e0 deux litres. Il est aussi dot\u00e9 d\u2019un compartiment cong\u00e9lateur pleine largeur de 0,4 pied cube, d\u2019un pratique bac \u00e0 glace et d\u2019un compartiment de rangement moul\u00e9 pour les \u0153ufs. 2,5 solides clayettes permettent un maximum de versatilit\u00e9 d\u2019entreposage et le syst\u00e8me de d\u00e9givrage par bouton-poussoir, d\u2019utilisation facile, fait en sorte que l\u2019appareil fonctionne en permanence et en douceur. Les utilisateurs gauchers comme droitiers auront le plaisir de constater que l\u2019ouverture de la porte peut \u00eatre facilement invers\u00e9e et qu\u2019elle peut \u00eatre ouverte gr\u00e2ce \u00e0 la poign\u00e9e de porte int\u00e9gr\u00e9e. Les accessoires peuvent \u00eatre entrepos\u00e9s sur le plan de travail r\u00e9sistant aux rayures. Cet \u00e9l\u00e9gant r\u00e9frig\u00e9rateur comprend une garantie de 12 mois sur les pi\u00e8ces et la main-d\u2019\u0153uvre.\",\"breadcrumb\":[],\"inLanguage\":\"fr-CA\",\"potentialAction\":[{\"@type\":\"ReadAction\",\"target\":[\"https:\/\/www.danby.com\/fr\/products\/refrigeration-compact\/dcr34bls\/\"]}]},{\"@type\":\"BreadcrumbList\",\"itemListElement\":[{\"@type\":\"ListItem\",\"position\":1,\"name\":\"Home\",\"item\":\"https:\/\/www.danby.com\/fr\/\"},{\"@type\":\"ListItem\",\"position\":2,\"name\":\"Boutique\",\"item\":\"https:\/\/www.danby.com\/fr\/boutique\/\"},{\"@type\":\"ListItem\",\"position\":3,\"name\":\"Danby 3.2 pi3 R\u00e9frig\u00e9ration Compact\"}]},{\"@type\":\"WebSite\",\"url\":\"https:\/\/www.danby.com\/fr\/\",\"name\":\"Danby - Canada - French\",\"description\":\"Leader dans le domaine de la r\u00e9frig\u00e9ration et des appareils sp\u00e9cialis\u00e9s\",\"publisher\":[],\"potentialAction\":[{\"@type\":\"SearchAction\",\"target\":{\"@type\":\"EntryPoint\",\"urlTemplate\":\"https:\/\/www.danby.com\/fr\/?s={search_term_string}\"},\"query-input\":{\"@type\":\"PropertyValueSpecification\",\"valueRequired\":true,\"valueName\":\"search_term_string\"}}],\"inLanguage\":\"fr-CA\"},{\"@type\":\"Organization\",\"name\":\"Danby Appliances\",\"url\":\"https:\/\/www.danby.com\/fr\/\",\"logo\":{\"@type\":\"ImageObject\",\"inLanguage\":\"fr-CA\",\"url\":\"https:\/\/cdnweb.danby.com\/wp-content\/uploads\/sites\/2\/2022\/02\/10141906\/Danby75Ans_Blue.png\",\"contentUrl\":\"https:\/\/cdnweb.danby.com\/wp-content\/uploads\/sites\/2\/2022\/02\/10141906\/Danby75Ans_Blue.png\",\"width\":470,\"height\":110,\"caption\":\"Danby Appliances\"},\"image\":[],\"sameAs\":[\"https:\/\/www.facebook.com\/DanbyAppliances\",\"https:\/\/x.com\/DanbyAppliance\",\"https:\/\/instagram.com\/danbyappliances\/\",\"https:\/\/www.linkedin.com\/company\/danbyappliances\",\"https:\/\/www.pinterest.ca\/danbyappliances\/\",\"https:\/\/www.youtube.com\/user\/DanbyProducts\",\"https:\/\/en.wikipedia.org\/wiki\/Danby_(appliances)\"]}]}<\/script>\n<!-- \/ Yoast SEO plugin. -->","yoast_head_json":{"title":"Danby 3.2 pi3 R\u00e9frig\u00e9ration Compact - DCR34BLS | Danby Canada","description":"Ce r\u00e9frig\u00e9rateur haut de gamme d\u2019une capacit\u00e9 de 90,6 litres (3,2 pieds cubes) est le choix parfait pour les minibars ext\u00e9rieurs, coins-repas, r\u00e9sidences d\u2019\u00e9tudiants et autres petites surfaces d\u2019habitation. Cet appareil de la hauteur d\u2019un comptoir, peut facilement \u00eatre ajust\u00e9, de mani\u00e8re \u00e0 s\u2019adapter \u00e0 la hauteur de votre comptoir et il comprend un distributeur de boissons CanStor, pour vos boissons favorites. Il est aussi \u00e9quip\u00e9 d\u2019un thermostat m\u00e9canique de pr\u00e9cision et peut contenir des bouteilles de divers formats, allant jusqu\u2019\u00e0 deux litres. Il est aussi dot\u00e9 d\u2019un compartiment cong\u00e9lateur pleine largeur de 0,4 pied cube, d\u2019un pratique bac \u00e0 glace et d\u2019un compartiment de rangement moul\u00e9 pour les \u0153ufs. 2,5 solides clayettes permettent un maximum de versatilit\u00e9 d\u2019entreposage et le syst\u00e8me de d\u00e9givrage par bouton-poussoir, d\u2019utilisation facile, fait en sorte que l\u2019appareil fonctionne en permanence et en douceur. Les utilisateurs gauchers comme droitiers auront le plaisir de constater que l\u2019ouverture de la porte peut \u00eatre facilement invers\u00e9e et qu\u2019elle peut \u00eatre ouverte gr\u00e2ce \u00e0 la poign\u00e9e de porte int\u00e9gr\u00e9e. Les accessoires peuvent \u00eatre entrepos\u00e9s sur le plan de travail r\u00e9sistant aux rayures. Cet \u00e9l\u00e9gant r\u00e9frig\u00e9rateur comprend une garantie de 12 mois sur les pi\u00e8ces et la main-d\u2019\u0153uvre.","robots":{"index":"index","follow":"follow","max-snippet":"max-snippet:-1","max-image-preview":"max-image-preview:large","max-video-preview":"max-video-preview:-1"},"canonical":"https:\/\/www.danby.com\/fr\/products\/refrigeration-compact\/dcr34bls\/","og_locale":"fr_CA","og_type":"article","og_title":"Danby 3.2 pi3 R\u00e9frig\u00e9ration Compact - DCR34BLS | Danby Canada","og_description":"Ce r\u00e9frig\u00e9rateur haut de gamme d\u2019une capacit\u00e9 de 90,6 litres (3,2 pieds cubes) est le choix parfait pour les minibars ext\u00e9rieurs, coins-repas, r\u00e9sidences d\u2019\u00e9tudiants et autres petites surfaces d\u2019habitation. Cet appareil de la hauteur d\u2019un comptoir, peut facilement \u00eatre ajust\u00e9, de mani\u00e8re \u00e0 s\u2019adapter \u00e0 la hauteur de votre comptoir et il comprend un distributeur de boissons CanStor, pour vos boissons favorites. Il est aussi \u00e9quip\u00e9 d\u2019un thermostat m\u00e9canique de pr\u00e9cision et peut contenir des bouteilles de divers formats, allant jusqu\u2019\u00e0 deux litres. Il est aussi dot\u00e9 d\u2019un compartiment cong\u00e9lateur pleine largeur de 0,4 pied cube, d\u2019un pratique bac \u00e0 glace et d\u2019un compartiment de rangement moul\u00e9 pour les \u0153ufs. 2,5 solides clayettes permettent un maximum de versatilit\u00e9 d\u2019entreposage et le syst\u00e8me de d\u00e9givrage par bouton-poussoir, d\u2019utilisation facile, fait en sorte que l\u2019appareil fonctionne en permanence et en douceur. Les utilisateurs gauchers comme droitiers auront le plaisir de constater que l\u2019ouverture de la porte peut \u00eatre facilement invers\u00e9e et qu\u2019elle peut \u00eatre ouverte gr\u00e2ce \u00e0 la poign\u00e9e de porte int\u00e9gr\u00e9e. Les accessoires peuvent \u00eatre entrepos\u00e9s sur le plan de travail r\u00e9sistant aux rayures. Cet \u00e9l\u00e9gant r\u00e9frig\u00e9rateur comprend une garantie de 12 mois sur les pi\u00e8ces et la main-d\u2019\u0153uvre.","og_url":"https:\/\/www.danby.com\/fr\/products\/refrigeration-compact\/dcr34bls\/","og_site_name":"Danby - Canada - French","article_publisher":"https:\/\/www.facebook.com\/DanbyAppliances","article_modified_time":"2026-04-19T10:07:31+00:00","og_image":[{"width":1200,"height":630,"url":"https:\/\/cdnweb.danby.com\/wp-content\/uploads\/sites\/2\/2022\/03\/14160239\/Danby75Ans_OG_FB.png","type":"image\/png"}],"twitter_card":"summary_large_image","twitter_site":"@DanbyAppliance","schema":{"@context":"https:\/\/schema.org","@graph":[{"@type":["WebPage","ItemPage"],"url":"https:\/\/www.danby.com\/fr\/products\/refrigeration-compact\/dcr34bls\/","name":"Danby 3.2 pi3 R\u00e9frig\u00e9ration Compact - DCR34BLS | Danby Canada","isPartOf":[],"datePublished":"2022-02-03T19:16:14+00:00","dateModified":"2026-04-19T10:07:31+00:00","description":"Ce r\u00e9frig\u00e9rateur haut de gamme d\u2019une capacit\u00e9 de 90,6 litres (3,2 pieds cubes) est le choix parfait pour les minibars ext\u00e9rieurs, coins-repas, r\u00e9sidences d\u2019\u00e9tudiants et autres petites surfaces d\u2019habitation. Cet appareil de la hauteur d\u2019un comptoir, peut facilement \u00eatre ajust\u00e9, de mani\u00e8re \u00e0 s\u2019adapter \u00e0 la hauteur de votre comptoir et il comprend un distributeur de boissons CanStor, pour vos boissons favorites. Il est aussi \u00e9quip\u00e9 d\u2019un thermostat m\u00e9canique de pr\u00e9cision et peut contenir des bouteilles de divers formats, allant jusqu\u2019\u00e0 deux litres. Il est aussi dot\u00e9 d\u2019un compartiment cong\u00e9lateur pleine largeur de 0,4 pied cube, d\u2019un pratique bac \u00e0 glace et d\u2019un compartiment de rangement moul\u00e9 pour les \u0153ufs. 2,5 solides clayettes permettent un maximum de versatilit\u00e9 d\u2019entreposage et le syst\u00e8me de d\u00e9givrage par bouton-poussoir, d\u2019utilisation facile, fait en sorte que l\u2019appareil fonctionne en permanence et en douceur. Les utilisateurs gauchers comme droitiers auront le plaisir de constater que l\u2019ouverture de la porte peut \u00eatre facilement invers\u00e9e et qu\u2019elle peut \u00eatre ouverte gr\u00e2ce \u00e0 la poign\u00e9e de porte int\u00e9gr\u00e9e. Les accessoires peuvent \u00eatre entrepos\u00e9s sur le plan de travail r\u00e9sistant aux rayures. Cet \u00e9l\u00e9gant r\u00e9frig\u00e9rateur comprend une garantie de 12 mois sur les pi\u00e8ces et la main-d\u2019\u0153uvre.","breadcrumb":[],"inLanguage":"fr-CA","potentialAction":[{"@type":"ReadAction","target":["https:\/\/www.danby.com\/fr\/products\/refrigeration-compact\/dcr34bls\/"]}]},{"@type":"BreadcrumbList","itemListElement":[{"@type":"ListItem","position":1,"name":"Home","item":"https:\/\/www.danby.com\/fr\/"},{"@type":"ListItem","position":2,"name":"Boutique","item":"https:\/\/www.danby.com\/fr\/boutique\/"},{"@type":"ListItem","position":3,"name":"Danby 3.2 pi3 R\u00e9frig\u00e9ration Compact"}]},{"@type":"WebSite","url":"https:\/\/www.danby.com\/fr\/","name":"Danby - Canada - French","description":"Leader dans le domaine de la r\u00e9frig\u00e9ration et des appareils sp\u00e9cialis\u00e9s","publisher":[],"potentialAction":[{"@type":"SearchAction","target":{"@type":"EntryPoint","urlTemplate":"https:\/\/www.danby.com\/fr\/?s={search_term_string}"},"query-input":{"@type":"PropertyValueSpecification","valueRequired":true,"valueName":"search_term_string"}}],"inLanguage":"fr-CA"},{"@type":"Organization","name":"Danby Appliances","url":"https:\/\/www.danby.com\/fr\/","logo":{"@type":"ImageObject","inLanguage":"fr-CA","url":"https:\/\/cdnweb.danby.com\/wp-content\/uploads\/sites\/2\/2022\/02\/10141906\/Danby75Ans_Blue.png","contentUrl":"https:\/\/cdnweb.danby.com\/wp-content\/uploads\/sites\/2\/2022\/02\/10141906\/Danby75Ans_Blue.png","width":470,"height":110,"caption":"Danby Appliances"},"image":[],"sameAs":["https:\/\/www.facebook.com\/DanbyAppliances","https:\/\/x.com\/DanbyAppliance","https:\/\/instagram.com\/danbyappliances\/","https:\/\/www.linkedin.com\/company\/danbyappliances","https:\/\/www.pinterest.ca\/danbyappliances\/","https:\/\/www.youtube.com\/user\/DanbyProducts","https:\/\/en.wikipedia.org\/wiki\/Danby_(appliances)"]}]}},"post_mailing_queue_ids":[],"_links":{"self":[{"href":"https:\/\/www.danby.com\/fr\/wp-json\/wp\/v2\/product\/4836","targetHints":{"allow":["GET"]}}],"collection":[{"href":"https:\/\/www.danby.com\/fr\/wp-json\/wp\/v2\/product"}],"about":[{"href":"https:\/\/www.danby.com\/fr\/wp-json\/wp\/v2\/types\/product"}],"replies":[{"embeddable":true,"href":"https:\/\/www.danby.com\/fr\/wp-json\/wp\/v2\/comments?post=4836"}],"wp:attachment":[{"href":"https:\/\/www.danby.com\/fr\/wp-json\/wp\/v2\/media?parent=4836"}],"wp:term":[{"taxonomy":"product_brand","embeddable":true,"href":"https:\/\/www.danby.com\/fr\/wp-json\/wp\/v2\/product_brand?post=4836"},{"taxonomy":"product_cat","embeddable":true,"href":"https:\/\/www.danby.com\/fr\/wp-json\/wp\/v2\/product_cat?post=4836"},{"taxonomy":"product_tag","embeddable":true,"href":"https:\/\/www.danby.com\/fr\/wp-json\/wp\/v2\/product_tag?post=4836"}],"curies":[{"name":"wp","href":"https:\/\/api.w.org\/{rel}","templated":true}]}}