{"id":4832,"date":"2022-02-03T19:15:59","date_gmt":"2022-02-03T19:15:59","guid":{"rendered":"https:\/\/www.danby.com\/fr\/product\/dcr122wdd\/"},"modified":"2026-04-29T10:22:33","modified_gmt":"2026-04-29T10:22:33","slug":"dcr122wdd","status":"publish","type":"product","link":"https:\/\/www.danby.com\/fr\/products\/refrigeration-compact\/dcr122wdd\/","title":{"rendered":"Danby Designer 4.3  pi3 R\u00e9frig\u00e9ration Compact"},"content":{"rendered":"","protected":false},"excerpt":{"rendered":"<ul>\n<li>Capacit\u00e9 de 4,3 pi3 (121.8 litres)<\/li>\n<li>R\u00e9f\u00e9renc\u00e9 Energy Star\u00ae<\/li>\n<li>Disponible en finition acier impeccable, noir et blanc<\/li>\n<li>Section cong\u00e9lateur ind\u00e9pendant<\/li>\n<li>2 tablettes compl\u00e8tes et 1 demi-tablette pour une polyvalence de rangement maximale<\/li>\n<li>Thermostat m\u00e9canique<\/li>\n<li>D\u00e9givrage manuel (bouton-poussoir)<\/li>\n<li>Distributeur de boissons CanStor\u00ae<\/li>\n<li>Rangement de grandes bouteilles<\/li>\n<li>Poign\u00e9e de porte int\u00e9gr\u00e9e<\/li>\n<li>Dessin de dos lisse<\/li>\n<li>Charni\u00e8re de porte r\u00e9versible pour ouverture \u00e0 droite ou \u00e0 gauche<\/li>\n<\/ul>\n","protected":false},"featured_media":0,"comment_status":"closed","ping_status":"open","template":"","meta":{"_acf_changed":false},"product_brand":[],"product_cat":[22],"product_tag":[],"class_list":{"0":"post-4832","1":"product","2":"type-product","3":"status-publish","5":"product_cat-refrigeration-compact","7":"first","8":"outofstock","9":"taxable","10":"shipping-taxable","11":"product-type-simple"},"acf":[],"yoast_head":"<!-- This site is optimized with the Yoast SEO plugin v27.5 - https:\/\/yoast.com\/product\/yoast-seo-wordpress\/ -->\n<title>Danby Designer 4.3 pi3 R\u00e9frig\u00e9ration Compact - DCR122WDD | Danby Canada<\/title>\n<meta name=\"description\" content=\"Voir nouveau mod\u00e8le ici Le r\u00e9frig\u00e9rateur \u00e0 hauteur de comptoir de grande capacit\u00e9 de Danby offre des espaces de r\u00e9frig\u00e9ration additionnels dans un espace restreint.\u00a0 Id\u00e9al pour les locaux r\u00e9cr\u00e9atifs, les dortoirs et les ateliers, ce mod\u00e8le de 4,3 pi3 comprend notre distributeur de boissons brevet\u00e9 CanstorMD, une section de cong\u00e9lation pleine largeur et un espace d\u2019entreposage pour les bouteilles plus longues.\" \/>\n<meta name=\"robots\" content=\"index, follow, max-snippet:-1, max-image-preview:large, max-video-preview:-1\" \/>\n<link rel=\"canonical\" href=\"https:\/\/www.danby.com\/fr\/products\/refrigeration-compact\/dcr122wdd\/\" \/>\n<meta property=\"og:locale\" content=\"fr_CA\" \/>\n<meta property=\"og:type\" content=\"article\" \/>\n<meta property=\"og:title\" content=\"Danby Designer 4.3 pi3 R\u00e9frig\u00e9ration Compact - DCR122WDD | Danby Canada\" \/>\n<meta property=\"og:description\" content=\"Voir nouveau mod\u00e8le ici Le r\u00e9frig\u00e9rateur \u00e0 hauteur de comptoir de grande capacit\u00e9 de Danby offre des espaces de r\u00e9frig\u00e9ration additionnels dans un espace restreint.\u00a0 Id\u00e9al pour les locaux r\u00e9cr\u00e9atifs, les dortoirs et les ateliers, ce mod\u00e8le de 4,3 pi3 comprend notre distributeur de boissons brevet\u00e9 CanstorMD, une section de cong\u00e9lation pleine largeur et un espace d\u2019entreposage pour les bouteilles plus longues.\" \/>\n<meta property=\"og:url\" content=\"https:\/\/www.danby.com\/fr\/products\/refrigeration-compact\/dcr122wdd\/\" \/>\n<meta property=\"og:site_name\" content=\"Danby - Canada - French\" \/>\n<meta property=\"article:publisher\" content=\"https:\/\/www.facebook.com\/DanbyAppliances\" \/>\n<meta property=\"article:modified_time\" content=\"2026-04-29T10:22:33+00:00\" \/>\n<meta property=\"og:image\" content=\"https:\/\/cdnweb.danby.com\/wp-content\/uploads\/sites\/2\/2022\/03\/14160239\/Danby75Ans_OG_FB.png\" \/>\n\t<meta property=\"og:image:width\" content=\"1200\" \/>\n\t<meta property=\"og:image:height\" content=\"630\" \/>\n\t<meta property=\"og:image:type\" content=\"image\/png\" \/>\n<meta name=\"twitter:card\" content=\"summary_large_image\" \/>\n<meta name=\"twitter:site\" content=\"@DanbyAppliance\" \/>\n<script type=\"application\/ld+json\" class=\"yoast-schema-graph\">{\"@context\":\"https:\\\/\\\/schema.org\",\"@graph\":[{\"@type\":[\"WebPage\",\"ItemPage\"],\"url\":\"https:\\\/\\\/www.danby.com\\\/fr\\\/products\\\/refrigeration-compact\\\/dcr122wdd\\\/\",\"name\":\"Danby Designer 4.3 pi3 R\u00e9frig\u00e9ration Compact - DCR122WDD | Danby Canada\",\"isPartOf\":[],\"datePublished\":\"2022-02-03T19:15:59+00:00\",\"dateModified\":\"2026-04-29T10:22:33+00:00\",\"description\":\"Voir nouveau mod\u00e8le ici Le r\u00e9frig\u00e9rateur \u00e0 hauteur de comptoir de grande capacit\u00e9 de Danby offre des espaces de r\u00e9frig\u00e9ration additionnels dans un espace restreint.\u00a0 Id\u00e9al pour les locaux r\u00e9cr\u00e9atifs, les dortoirs et les ateliers, ce mod\u00e8le de 4,3 pi3 comprend notre distributeur de boissons brevet\u00e9 CanstorMD, une section de cong\u00e9lation pleine largeur et un espace d\u2019entreposage pour les bouteilles plus longues.\",\"breadcrumb\":[],\"inLanguage\":\"fr-CA\",\"potentialAction\":[{\"@type\":\"ReadAction\",\"target\":[\"https:\\\/\\\/www.danby.com\\\/fr\\\/products\\\/refrigeration-compact\\\/dcr122wdd\\\/\"]}]},{\"@type\":\"BreadcrumbList\",\"itemListElement\":[{\"@type\":\"ListItem\",\"position\":1,\"name\":\"Home\",\"item\":\"https:\\\/\\\/www.danby.com\\\/fr\\\/\"},{\"@type\":\"ListItem\",\"position\":2,\"name\":\"Boutique\",\"item\":\"https:\\\/\\\/www.danby.com\\\/fr\\\/boutique\\\/\"},{\"@type\":\"ListItem\",\"position\":3,\"name\":\"Danby Designer 4.3 pi3 R\u00e9frig\u00e9ration Compact\"}]},{\"@type\":\"WebSite\",\"url\":\"https:\\\/\\\/www.danby.com\\\/fr\\\/\",\"name\":\"Danby - Canada - French\",\"description\":\"Leader dans le domaine de la r\u00e9frig\u00e9ration et des appareils sp\u00e9cialis\u00e9s\",\"publisher\":[],\"potentialAction\":[{\"@type\":\"SearchAction\",\"target\":{\"@type\":\"EntryPoint\",\"urlTemplate\":\"https:\\\/\\\/www.danby.com\\\/fr\\\/?s={search_term_string}\"},\"query-input\":{\"@type\":\"PropertyValueSpecification\",\"valueRequired\":true,\"valueName\":\"search_term_string\"}}],\"inLanguage\":\"fr-CA\"},{\"@type\":\"Organization\",\"name\":\"Danby Appliances\",\"url\":\"https:\\\/\\\/www.danby.com\\\/fr\\\/\",\"logo\":{\"@type\":\"ImageObject\",\"inLanguage\":\"fr-CA\",\"url\":\"https:\\\/\\\/cdnweb.danby.com\\\/wp-content\\\/uploads\\\/sites\\\/2\\\/2022\\\/02\\\/10141906\\\/Danby75Ans_Blue.png\",\"contentUrl\":\"https:\\\/\\\/cdnweb.danby.com\\\/wp-content\\\/uploads\\\/sites\\\/2\\\/2022\\\/02\\\/10141906\\\/Danby75Ans_Blue.png\",\"width\":470,\"height\":110,\"caption\":\"Danby Appliances\"},\"image\":[],\"sameAs\":[\"https:\\\/\\\/www.facebook.com\\\/DanbyAppliances\",\"https:\\\/\\\/x.com\\\/DanbyAppliance\",\"https:\\\/\\\/instagram.com\\\/danbyappliances\\\/\",\"https:\\\/\\\/www.linkedin.com\\\/company\\\/danbyappliances\",\"https:\\\/\\\/www.pinterest.ca\\\/danbyappliances\\\/\",\"https:\\\/\\\/www.youtube.com\\\/user\\\/DanbyProducts\",\"https:\\\/\\\/en.wikipedia.org\\\/wiki\\\/Danby_(appliances)\"]}]}<\/script>\n<!-- \/ Yoast SEO plugin. -->","yoast_head_json":{"title":"Danby Designer 4.3 pi3 R\u00e9frig\u00e9ration Compact - DCR122WDD | Danby Canada","description":"Voir nouveau mod\u00e8le ici Le r\u00e9frig\u00e9rateur \u00e0 hauteur de comptoir de grande capacit\u00e9 de Danby offre des espaces de r\u00e9frig\u00e9ration additionnels dans un espace restreint.\u00a0 Id\u00e9al pour les locaux r\u00e9cr\u00e9atifs, les dortoirs et les ateliers, ce mod\u00e8le de 4,3 pi3 comprend notre distributeur de boissons brevet\u00e9 CanstorMD, une section de cong\u00e9lation pleine largeur et un espace d\u2019entreposage pour les bouteilles plus longues.","robots":{"index":"index","follow":"follow","max-snippet":"max-snippet:-1","max-image-preview":"max-image-preview:large","max-video-preview":"max-video-preview:-1"},"canonical":"https:\/\/www.danby.com\/fr\/products\/refrigeration-compact\/dcr122wdd\/","og_locale":"fr_CA","og_type":"article","og_title":"Danby Designer 4.3 pi3 R\u00e9frig\u00e9ration Compact - DCR122WDD | Danby Canada","og_description":"Voir nouveau mod\u00e8le ici Le r\u00e9frig\u00e9rateur \u00e0 hauteur de comptoir de grande capacit\u00e9 de Danby offre des espaces de r\u00e9frig\u00e9ration additionnels dans un espace restreint.\u00a0 Id\u00e9al pour les locaux r\u00e9cr\u00e9atifs, les dortoirs et les ateliers, ce mod\u00e8le de 4,3 pi3 comprend notre distributeur de boissons brevet\u00e9 CanstorMD, une section de cong\u00e9lation pleine largeur et un espace d\u2019entreposage pour les bouteilles plus longues.","og_url":"https:\/\/www.danby.com\/fr\/products\/refrigeration-compact\/dcr122wdd\/","og_site_name":"Danby - Canada - French","article_publisher":"https:\/\/www.facebook.com\/DanbyAppliances","article_modified_time":"2026-04-29T10:22:33+00:00","og_image":[{"width":1200,"height":630,"url":"https:\/\/cdnweb.danby.com\/wp-content\/uploads\/sites\/2\/2022\/03\/14160239\/Danby75Ans_OG_FB.png","type":"image\/png"}],"twitter_card":"summary_large_image","twitter_site":"@DanbyAppliance","schema":{"@context":"https:\/\/schema.org","@graph":[{"@type":["WebPage","ItemPage"],"url":"https:\/\/www.danby.com\/fr\/products\/refrigeration-compact\/dcr122wdd\/","name":"Danby Designer 4.3 pi3 R\u00e9frig\u00e9ration Compact - DCR122WDD | Danby Canada","isPartOf":[],"datePublished":"2022-02-03T19:15:59+00:00","dateModified":"2026-04-29T10:22:33+00:00","description":"Voir nouveau mod\u00e8le ici Le r\u00e9frig\u00e9rateur \u00e0 hauteur de comptoir de grande capacit\u00e9 de Danby offre des espaces de r\u00e9frig\u00e9ration additionnels dans un espace restreint.\u00a0 Id\u00e9al pour les locaux r\u00e9cr\u00e9atifs, les dortoirs et les ateliers, ce mod\u00e8le de 4,3 pi3 comprend notre distributeur de boissons brevet\u00e9 CanstorMD, une section de cong\u00e9lation pleine largeur et un espace d\u2019entreposage pour les bouteilles plus longues.","breadcrumb":[],"inLanguage":"fr-CA","potentialAction":[{"@type":"ReadAction","target":["https:\/\/www.danby.com\/fr\/products\/refrigeration-compact\/dcr122wdd\/"]}]},{"@type":"BreadcrumbList","itemListElement":[{"@type":"ListItem","position":1,"name":"Home","item":"https:\/\/www.danby.com\/fr\/"},{"@type":"ListItem","position":2,"name":"Boutique","item":"https:\/\/www.danby.com\/fr\/boutique\/"},{"@type":"ListItem","position":3,"name":"Danby Designer 4.3 pi3 R\u00e9frig\u00e9ration Compact"}]},{"@type":"WebSite","url":"https:\/\/www.danby.com\/fr\/","name":"Danby - Canada - French","description":"Leader dans le domaine de la r\u00e9frig\u00e9ration et des appareils sp\u00e9cialis\u00e9s","publisher":[],"potentialAction":[{"@type":"SearchAction","target":{"@type":"EntryPoint","urlTemplate":"https:\/\/www.danby.com\/fr\/?s={search_term_string}"},"query-input":{"@type":"PropertyValueSpecification","valueRequired":true,"valueName":"search_term_string"}}],"inLanguage":"fr-CA"},{"@type":"Organization","name":"Danby Appliances","url":"https:\/\/www.danby.com\/fr\/","logo":{"@type":"ImageObject","inLanguage":"fr-CA","url":"https:\/\/cdnweb.danby.com\/wp-content\/uploads\/sites\/2\/2022\/02\/10141906\/Danby75Ans_Blue.png","contentUrl":"https:\/\/cdnweb.danby.com\/wp-content\/uploads\/sites\/2\/2022\/02\/10141906\/Danby75Ans_Blue.png","width":470,"height":110,"caption":"Danby Appliances"},"image":[],"sameAs":["https:\/\/www.facebook.com\/DanbyAppliances","https:\/\/x.com\/DanbyAppliance","https:\/\/instagram.com\/danbyappliances\/","https:\/\/www.linkedin.com\/company\/danbyappliances","https:\/\/www.pinterest.ca\/danbyappliances\/","https:\/\/www.youtube.com\/user\/DanbyProducts","https:\/\/en.wikipedia.org\/wiki\/Danby_(appliances)"]}]}},"post_mailing_queue_ids":[],"_links":{"self":[{"href":"https:\/\/www.danby.com\/fr\/wp-json\/wp\/v2\/product\/4832","targetHints":{"allow":["GET"]}}],"collection":[{"href":"https:\/\/www.danby.com\/fr\/wp-json\/wp\/v2\/product"}],"about":[{"href":"https:\/\/www.danby.com\/fr\/wp-json\/wp\/v2\/types\/product"}],"replies":[{"embeddable":true,"href":"https:\/\/www.danby.com\/fr\/wp-json\/wp\/v2\/comments?post=4832"}],"wp:attachment":[{"href":"https:\/\/www.danby.com\/fr\/wp-json\/wp\/v2\/media?parent=4832"}],"wp:term":[{"taxonomy":"product_brand","embeddable":true,"href":"https:\/\/www.danby.com\/fr\/wp-json\/wp\/v2\/product_brand?post=4832"},{"taxonomy":"product_cat","embeddable":true,"href":"https:\/\/www.danby.com\/fr\/wp-json\/wp\/v2\/product_cat?post=4832"},{"taxonomy":"product_tag","embeddable":true,"href":"https:\/\/www.danby.com\/fr\/wp-json\/wp\/v2\/product_tag?post=4832"}],"curies":[{"name":"wp","href":"https:\/\/api.w.org\/{rel}","templated":true}]}}