{"id":4831,"date":"2022-02-03T19:15:59","date_gmt":"2022-02-03T19:15:59","guid":{"rendered":"https:\/\/www.danby.com\/fr\/product\/dcr122bsldd\/"},"modified":"2026-04-14T10:06:45","modified_gmt":"2026-04-14T10:06:45","slug":"dcr122bsldd","status":"publish","type":"product","link":"https:\/\/www.danby.com\/fr\/products\/refrigeration-compact\/dcr122bsldd\/","title":{"rendered":"Danby Designer 4.3 pi3 R\u00e9frig\u00e9ration Compact"},"content":{"rendered":"","protected":false},"excerpt":{"rendered":"<ul>\n<li>Capacit\u00e9 de 4,3 pi3 (121.8 litres)<\/li>\n<li>Cat\u00e9gorie Energy Star\u00ae<\/li>\n<li>Disponible en finition acier sans taches, noir et blanc<\/li>\n<li>Finition en acier sans tache &#8211; a l&#8217;air identique au v\u00e9ritable acier inoxydable, mais sans les taches<\/li>\n<li>Section cong\u00e9lateur ind\u00e9pendante<\/li>\n<li>2 \u00e9tag\u00e8res compl\u00e8tes et 1 demi-\u00e9tag\u00e8re pour une polyvalence de stockage maximale<\/li>\n<li>Thermostat m\u00e9canique<\/li>\n<li>Manuel (bouton-poussoir) de d\u00e9givrage<\/li>\n<li>Distributeur de boissons CanStor\u00ae<\/li>\n<li>Rangement de grandes bouteilles<\/li>\n<li>Poign\u00e9e de porte int\u00e9gr\u00e9e<\/li>\n<li>Dessin de dos lisse<\/li>\n<li>Charni\u00e8re de porte r\u00e9versible pour ouverture \u00e0 droite ou \u00e0 gauche<\/li>\n<\/ul>\n","protected":false},"featured_media":7027,"comment_status":"closed","ping_status":"open","template":"","meta":{"_acf_changed":false},"product_brand":[],"product_cat":[22],"product_tag":[],"class_list":{"0":"post-4831","1":"product","2":"type-product","3":"status-publish","4":"has-post-thumbnail","6":"product_cat-refrigeration-compact","8":"first","9":"outofstock","10":"taxable","11":"shipping-taxable","12":"product-type-simple"},"acf":[],"yoast_head":"<!-- This site is optimized with the Yoast SEO plugin v26.7 - https:\/\/yoast.com\/wordpress\/plugins\/seo\/ -->\n<title>Danby Designer 4.3 pi3 R\u00e9frig\u00e9ration Compact - DCR122BSLDD | Danby Canada<\/title>\n<meta name=\"description\" content=\"Le r\u00e9frig\u00e9rateur \u00e0 hauteur de comptoir de grande capacit\u00e9 de Danby offre des espaces de r\u00e9frig\u00e9ration additionnels dans un espace restreint.\u00a0 Id\u00e9al pour les locaux r\u00e9cr\u00e9atifs, les dortoirs et les ateliers, ce mod\u00e8le de 4,3 pi3 comprend notre distributeur de boissons brevet\u00e9 CanstorMD, une section de cong\u00e9lation pleine largeur et un espace d\u2019entreposage pour les bouteilles plus longues.\" \/>\n<meta name=\"robots\" content=\"index, follow, max-snippet:-1, max-image-preview:large, max-video-preview:-1\" \/>\n<link rel=\"canonical\" href=\"https:\/\/www.danby.com\/fr\/products\/refrigeration-compact\/dcr122bsldd\/\" \/>\n<meta property=\"og:locale\" content=\"fr_CA\" \/>\n<meta property=\"og:type\" content=\"article\" \/>\n<meta property=\"og:title\" content=\"Danby Designer 4.3 pi3 R\u00e9frig\u00e9ration Compact - DCR122BSLDD | Danby Canada\" \/>\n<meta property=\"og:description\" content=\"Le r\u00e9frig\u00e9rateur \u00e0 hauteur de comptoir de grande capacit\u00e9 de Danby offre des espaces de r\u00e9frig\u00e9ration additionnels dans un espace restreint.\u00a0 Id\u00e9al pour les locaux r\u00e9cr\u00e9atifs, les dortoirs et les ateliers, ce mod\u00e8le de 4,3 pi3 comprend notre distributeur de boissons brevet\u00e9 CanstorMD, une section de cong\u00e9lation pleine largeur et un espace d\u2019entreposage pour les bouteilles plus longues.\" \/>\n<meta property=\"og:url\" content=\"https:\/\/www.danby.com\/fr\/products\/refrigeration-compact\/dcr122bsldd\/\" \/>\n<meta property=\"og:site_name\" content=\"Danby - Canada - French\" \/>\n<meta property=\"article:publisher\" content=\"https:\/\/www.facebook.com\/DanbyAppliances\" \/>\n<meta property=\"article:modified_time\" content=\"2026-04-14T10:06:45+00:00\" \/>\n<meta property=\"og:image\" content=\"https:\/\/cdnweb.danby.com\/wp-content\/uploads\/sites\/2\/2022\/02\/08191316\/DCR122BSLDD_closed.jpg\" \/>\n\t<meta property=\"og:image:width\" content=\"1500\" \/>\n\t<meta property=\"og:image:height\" content=\"1999\" \/>\n\t<meta property=\"og:image:type\" content=\"image\/jpeg\" \/>\n<meta name=\"twitter:card\" content=\"summary_large_image\" \/>\n<meta name=\"twitter:site\" content=\"@DanbyAppliance\" \/>\n<script type=\"application\/ld+json\" class=\"yoast-schema-graph\">{\"@context\":\"https:\/\/schema.org\",\"@graph\":[{\"@type\":[\"WebPage\",\"ItemPage\"],\"url\":\"https:\/\/www.danby.com\/fr\/products\/refrigeration-compact\/dcr122bsldd\/\",\"name\":\"Danby Designer 4.3 pi3 R\u00e9frig\u00e9ration Compact - DCR122BSLDD | Danby Canada\",\"isPartOf\":[],\"primaryImageOfPage\":[],\"image\":[],\"thumbnailUrl\":\"https:\/\/cdnweb.danby.com\/wp-content\/uploads\/sites\/2\/2022\/02\/08191316\/DCR122BSLDD_closed.jpg\",\"datePublished\":\"2022-02-03T19:15:59+00:00\",\"dateModified\":\"2026-04-14T10:06:45+00:00\",\"description\":\"Le r\u00e9frig\u00e9rateur \u00e0 hauteur de comptoir de grande capacit\u00e9 de Danby offre des espaces de r\u00e9frig\u00e9ration additionnels dans un espace restreint.\u00a0 Id\u00e9al pour les locaux r\u00e9cr\u00e9atifs, les dortoirs et les ateliers, ce mod\u00e8le de 4,3 pi3 comprend notre distributeur de boissons brevet\u00e9 CanstorMD, une section de cong\u00e9lation pleine largeur et un espace d\u2019entreposage pour les bouteilles plus longues.\",\"breadcrumb\":[],\"inLanguage\":\"fr-CA\",\"potentialAction\":[{\"@type\":\"ReadAction\",\"target\":[\"https:\/\/www.danby.com\/fr\/products\/refrigeration-compact\/dcr122bsldd\/\"]}]},{\"@type\":\"ImageObject\",\"inLanguage\":\"fr-CA\",\"url\":\"https:\/\/cdnweb.danby.com\/wp-content\/uploads\/sites\/2\/2022\/02\/08191316\/DCR122BSLDD_closed.jpg\",\"contentUrl\":\"https:\/\/cdnweb.danby.com\/wp-content\/uploads\/sites\/2\/2022\/02\/08191316\/DCR122BSLDD_closed.jpg\",\"width\":1500,\"height\":1999},{\"@type\":\"BreadcrumbList\",\"itemListElement\":[{\"@type\":\"ListItem\",\"position\":1,\"name\":\"Home\",\"item\":\"https:\/\/www.danby.com\/fr\/\"},{\"@type\":\"ListItem\",\"position\":2,\"name\":\"Boutique\",\"item\":\"https:\/\/www.danby.com\/fr\/boutique\/\"},{\"@type\":\"ListItem\",\"position\":3,\"name\":\"Danby Designer 4.3 pi3 R\u00e9frig\u00e9ration Compact\"}]},{\"@type\":\"WebSite\",\"url\":\"https:\/\/www.danby.com\/fr\/\",\"name\":\"Danby - Canada - French\",\"description\":\"Leader dans le domaine de la r\u00e9frig\u00e9ration et des appareils sp\u00e9cialis\u00e9s\",\"publisher\":[],\"potentialAction\":[{\"@type\":\"SearchAction\",\"target\":{\"@type\":\"EntryPoint\",\"urlTemplate\":\"https:\/\/www.danby.com\/fr\/?s={search_term_string}\"},\"query-input\":{\"@type\":\"PropertyValueSpecification\",\"valueRequired\":true,\"valueName\":\"search_term_string\"}}],\"inLanguage\":\"fr-CA\"},{\"@type\":\"Organization\",\"name\":\"Danby Appliances\",\"url\":\"https:\/\/www.danby.com\/fr\/\",\"logo\":{\"@type\":\"ImageObject\",\"inLanguage\":\"fr-CA\",\"url\":\"https:\/\/cdnweb.danby.com\/wp-content\/uploads\/sites\/2\/2022\/02\/10141906\/Danby75Ans_Blue.png\",\"contentUrl\":\"https:\/\/cdnweb.danby.com\/wp-content\/uploads\/sites\/2\/2022\/02\/10141906\/Danby75Ans_Blue.png\",\"width\":470,\"height\":110,\"caption\":\"Danby Appliances\"},\"image\":[],\"sameAs\":[\"https:\/\/www.facebook.com\/DanbyAppliances\",\"https:\/\/x.com\/DanbyAppliance\",\"https:\/\/instagram.com\/danbyappliances\/\",\"https:\/\/www.linkedin.com\/company\/danbyappliances\",\"https:\/\/www.pinterest.ca\/danbyappliances\/\",\"https:\/\/www.youtube.com\/user\/DanbyProducts\",\"https:\/\/en.wikipedia.org\/wiki\/Danby_(appliances)\"]}]}<\/script>\n<!-- \/ Yoast SEO plugin. -->","yoast_head_json":{"title":"Danby Designer 4.3 pi3 R\u00e9frig\u00e9ration Compact - DCR122BSLDD | Danby Canada","description":"Le r\u00e9frig\u00e9rateur \u00e0 hauteur de comptoir de grande capacit\u00e9 de Danby offre des espaces de r\u00e9frig\u00e9ration additionnels dans un espace restreint.\u00a0 Id\u00e9al pour les locaux r\u00e9cr\u00e9atifs, les dortoirs et les ateliers, ce mod\u00e8le de 4,3 pi3 comprend notre distributeur de boissons brevet\u00e9 CanstorMD, une section de cong\u00e9lation pleine largeur et un espace d\u2019entreposage pour les bouteilles plus longues.","robots":{"index":"index","follow":"follow","max-snippet":"max-snippet:-1","max-image-preview":"max-image-preview:large","max-video-preview":"max-video-preview:-1"},"canonical":"https:\/\/www.danby.com\/fr\/products\/refrigeration-compact\/dcr122bsldd\/","og_locale":"fr_CA","og_type":"article","og_title":"Danby Designer 4.3 pi3 R\u00e9frig\u00e9ration Compact - DCR122BSLDD | Danby Canada","og_description":"Le r\u00e9frig\u00e9rateur \u00e0 hauteur de comptoir de grande capacit\u00e9 de Danby offre des espaces de r\u00e9frig\u00e9ration additionnels dans un espace restreint.\u00a0 Id\u00e9al pour les locaux r\u00e9cr\u00e9atifs, les dortoirs et les ateliers, ce mod\u00e8le de 4,3 pi3 comprend notre distributeur de boissons brevet\u00e9 CanstorMD, une section de cong\u00e9lation pleine largeur et un espace d\u2019entreposage pour les bouteilles plus longues.","og_url":"https:\/\/www.danby.com\/fr\/products\/refrigeration-compact\/dcr122bsldd\/","og_site_name":"Danby - Canada - French","article_publisher":"https:\/\/www.facebook.com\/DanbyAppliances","article_modified_time":"2026-04-14T10:06:45+00:00","og_image":[{"width":1500,"height":1999,"url":"https:\/\/cdnweb.danby.com\/wp-content\/uploads\/sites\/2\/2022\/02\/08191316\/DCR122BSLDD_closed.jpg","type":"image\/jpeg"}],"twitter_card":"summary_large_image","twitter_site":"@DanbyAppliance","schema":{"@context":"https:\/\/schema.org","@graph":[{"@type":["WebPage","ItemPage"],"url":"https:\/\/www.danby.com\/fr\/products\/refrigeration-compact\/dcr122bsldd\/","name":"Danby Designer 4.3 pi3 R\u00e9frig\u00e9ration Compact - DCR122BSLDD | Danby Canada","isPartOf":[],"primaryImageOfPage":[],"image":[],"thumbnailUrl":"https:\/\/cdnweb.danby.com\/wp-content\/uploads\/sites\/2\/2022\/02\/08191316\/DCR122BSLDD_closed.jpg","datePublished":"2022-02-03T19:15:59+00:00","dateModified":"2026-04-14T10:06:45+00:00","description":"Le r\u00e9frig\u00e9rateur \u00e0 hauteur de comptoir de grande capacit\u00e9 de Danby offre des espaces de r\u00e9frig\u00e9ration additionnels dans un espace restreint.\u00a0 Id\u00e9al pour les locaux r\u00e9cr\u00e9atifs, les dortoirs et les ateliers, ce mod\u00e8le de 4,3 pi3 comprend notre distributeur de boissons brevet\u00e9 CanstorMD, une section de cong\u00e9lation pleine largeur et un espace d\u2019entreposage pour les bouteilles plus longues.","breadcrumb":[],"inLanguage":"fr-CA","potentialAction":[{"@type":"ReadAction","target":["https:\/\/www.danby.com\/fr\/products\/refrigeration-compact\/dcr122bsldd\/"]}]},{"@type":"ImageObject","inLanguage":"fr-CA","url":"https:\/\/cdnweb.danby.com\/wp-content\/uploads\/sites\/2\/2022\/02\/08191316\/DCR122BSLDD_closed.jpg","contentUrl":"https:\/\/cdnweb.danby.com\/wp-content\/uploads\/sites\/2\/2022\/02\/08191316\/DCR122BSLDD_closed.jpg","width":1500,"height":1999},{"@type":"BreadcrumbList","itemListElement":[{"@type":"ListItem","position":1,"name":"Home","item":"https:\/\/www.danby.com\/fr\/"},{"@type":"ListItem","position":2,"name":"Boutique","item":"https:\/\/www.danby.com\/fr\/boutique\/"},{"@type":"ListItem","position":3,"name":"Danby Designer 4.3 pi3 R\u00e9frig\u00e9ration Compact"}]},{"@type":"WebSite","url":"https:\/\/www.danby.com\/fr\/","name":"Danby - Canada - French","description":"Leader dans le domaine de la r\u00e9frig\u00e9ration et des appareils sp\u00e9cialis\u00e9s","publisher":[],"potentialAction":[{"@type":"SearchAction","target":{"@type":"EntryPoint","urlTemplate":"https:\/\/www.danby.com\/fr\/?s={search_term_string}"},"query-input":{"@type":"PropertyValueSpecification","valueRequired":true,"valueName":"search_term_string"}}],"inLanguage":"fr-CA"},{"@type":"Organization","name":"Danby Appliances","url":"https:\/\/www.danby.com\/fr\/","logo":{"@type":"ImageObject","inLanguage":"fr-CA","url":"https:\/\/cdnweb.danby.com\/wp-content\/uploads\/sites\/2\/2022\/02\/10141906\/Danby75Ans_Blue.png","contentUrl":"https:\/\/cdnweb.danby.com\/wp-content\/uploads\/sites\/2\/2022\/02\/10141906\/Danby75Ans_Blue.png","width":470,"height":110,"caption":"Danby Appliances"},"image":[],"sameAs":["https:\/\/www.facebook.com\/DanbyAppliances","https:\/\/x.com\/DanbyAppliance","https:\/\/instagram.com\/danbyappliances\/","https:\/\/www.linkedin.com\/company\/danbyappliances","https:\/\/www.pinterest.ca\/danbyappliances\/","https:\/\/www.youtube.com\/user\/DanbyProducts","https:\/\/en.wikipedia.org\/wiki\/Danby_(appliances)"]}]}},"post_mailing_queue_ids":[],"_links":{"self":[{"href":"https:\/\/www.danby.com\/fr\/wp-json\/wp\/v2\/product\/4831","targetHints":{"allow":["GET"]}}],"collection":[{"href":"https:\/\/www.danby.com\/fr\/wp-json\/wp\/v2\/product"}],"about":[{"href":"https:\/\/www.danby.com\/fr\/wp-json\/wp\/v2\/types\/product"}],"replies":[{"embeddable":true,"href":"https:\/\/www.danby.com\/fr\/wp-json\/wp\/v2\/comments?post=4831"}],"wp:featuredmedia":[{"embeddable":true,"href":"https:\/\/www.danby.com\/fr\/wp-json\/wp\/v2\/media\/7027"}],"wp:attachment":[{"href":"https:\/\/www.danby.com\/fr\/wp-json\/wp\/v2\/media?parent=4831"}],"wp:term":[{"taxonomy":"product_brand","embeddable":true,"href":"https:\/\/www.danby.com\/fr\/wp-json\/wp\/v2\/product_brand?post=4831"},{"taxonomy":"product_cat","embeddable":true,"href":"https:\/\/www.danby.com\/fr\/wp-json\/wp\/v2\/product_cat?post=4831"},{"taxonomy":"product_tag","embeddable":true,"href":"https:\/\/www.danby.com\/fr\/wp-json\/wp\/v2\/product_tag?post=4831"}],"curies":[{"name":"wp","href":"https:\/\/api.w.org\/{rel}","templated":true}]}}