{"id":4827,"date":"2022-02-03T19:15:59","date_gmt":"2022-02-03T19:15:59","guid":{"rendered":"https:\/\/www.danby.com\/fr\/product\/dcr059we\/"},"modified":"2026-04-17T10:03:08","modified_gmt":"2026-04-17T10:03:08","slug":"dcr059we","status":"publish","type":"product","link":"https:\/\/www.danby.com\/fr\/products\/refrigeration-compact\/dcr059we\/","title":{"rendered":"Danby 1.7  pi3 R\u00e9frig\u00e9ration Compact"},"content":{"rendered":"","protected":false},"excerpt":{"rendered":"<ul>\n<li>R\u00e9frig\u00e9rateur compact de 47 L (1,7 pi3)<\/li>\n<li>Section cong\u00e9lateur pleine largeur<\/li>\n<li>Conforme \u00e0 la norme Energy Star\u00ae<\/li>\n<li>Distributeur de boissons CanStor\u00ae<\/li>\n<li>Rangement de bouteilles de 2 L<\/li>\n<li>Poign\u00e9e de porte int\u00e9gr\u00e9e<\/li>\n<li>D\u00e9givrage manuel (bouton-poussoir)<\/li>\n<li>Thermostat m\u00e9canique<\/li>\n<\/ul>\n","protected":false},"featured_media":5615,"comment_status":"closed","ping_status":"open","template":"","meta":{"_acf_changed":false},"product_brand":[],"product_cat":[22],"product_tag":[],"class_list":{"0":"post-4827","1":"product","2":"type-product","3":"status-publish","4":"has-post-thumbnail","6":"product_cat-refrigeration-compact","8":"first","9":"outofstock","10":"taxable","11":"shipping-taxable","12":"product-type-simple"},"acf":[],"yoast_head":"<!-- This site is optimized with the Yoast SEO plugin v26.7 - https:\/\/yoast.com\/wordpress\/plugins\/seo\/ -->\n<title>Danby 1.7 pi3 R\u00e9frig\u00e9ration Compact - DCR059WE | Danby Canada<\/title>\n<meta name=\"description\" content=\"Un r\u00e9frig\u00e9rateur compact s\u2019int\u00e8gre parfaitement aux logements \u00e0 surface r\u00e9duite, minibars, chalets et r\u00e9sidences d\u2019\u00e9tudiants. Il repr\u00e9sente un excellent choix pour assurer la conservation de vos aliments et breuvages favoris. Ce superbe appareil Danby dispose de 47 litres (1,7 pied cube) d\u2019espace de r\u00e9frig\u00e9ration et d\u2019un compartiment cong\u00e9lateur pleine largeur, pour les gla\u00e7ons et les aliments congel\u00e9s. Il est \u00e9quip\u00e9 d\u2019un distributeur de boisson CanStor int\u00e9gr\u00e9 et offre suffisamment d\u2019espace pour l\u2019entreposage de bouteilles de deux litres. Ce mod\u00e8le aux lignes fluides comprend une int\u00e9ressante homologation Energy Star, qui contribuera \u00e0 conserver vos factures \u00e9nerg\u00e9tiques sous contr\u00f4le. Il poss\u00e8de une \u00e9l\u00e9gante poign\u00e9e de porte int\u00e9gr\u00e9e, ainsi qu\u2019un syst\u00e8me de d\u00e9givrage manuel \u00e0 bouton poussoir facile \u00e0 utiliser. Son thermostat m\u00e9canique sophistiqu\u00e9 est con\u00e7u pour la pr\u00e9cision et l\u2019apparence attrayante de l\u2019appareil lui permet de s\u2019int\u00e9grer \u00e0 tout type de d\u00e9cor. Ce r\u00e9frig\u00e9rateur fiable est assorti d\u2019une garantie de 12 mois sur les pi\u00e8ces et la main-d\u2019\u0153uvre, incluant le service apr\u00e8s-vente en atelier. \u00a0\" \/>\n<meta name=\"robots\" content=\"index, follow, max-snippet:-1, max-image-preview:large, max-video-preview:-1\" \/>\n<link rel=\"canonical\" href=\"https:\/\/www.danby.com\/fr\/products\/refrigeration-compact\/dcr059we\/\" \/>\n<meta property=\"og:locale\" content=\"fr_CA\" \/>\n<meta property=\"og:type\" content=\"article\" \/>\n<meta property=\"og:title\" content=\"Danby 1.7 pi3 R\u00e9frig\u00e9ration Compact - DCR059WE | Danby Canada\" \/>\n<meta property=\"og:description\" content=\"Un r\u00e9frig\u00e9rateur compact s\u2019int\u00e8gre parfaitement aux logements \u00e0 surface r\u00e9duite, minibars, chalets et r\u00e9sidences d\u2019\u00e9tudiants. Il repr\u00e9sente un excellent choix pour assurer la conservation de vos aliments et breuvages favoris. Ce superbe appareil Danby dispose de 47 litres (1,7 pied cube) d\u2019espace de r\u00e9frig\u00e9ration et d\u2019un compartiment cong\u00e9lateur pleine largeur, pour les gla\u00e7ons et les aliments congel\u00e9s. Il est \u00e9quip\u00e9 d\u2019un distributeur de boisson CanStor int\u00e9gr\u00e9 et offre suffisamment d\u2019espace pour l\u2019entreposage de bouteilles de deux litres. Ce mod\u00e8le aux lignes fluides comprend une int\u00e9ressante homologation Energy Star, qui contribuera \u00e0 conserver vos factures \u00e9nerg\u00e9tiques sous contr\u00f4le. Il poss\u00e8de une \u00e9l\u00e9gante poign\u00e9e de porte int\u00e9gr\u00e9e, ainsi qu\u2019un syst\u00e8me de d\u00e9givrage manuel \u00e0 bouton poussoir facile \u00e0 utiliser. Son thermostat m\u00e9canique sophistiqu\u00e9 est con\u00e7u pour la pr\u00e9cision et l\u2019apparence attrayante de l\u2019appareil lui permet de s\u2019int\u00e9grer \u00e0 tout type de d\u00e9cor. Ce r\u00e9frig\u00e9rateur fiable est assorti d\u2019une garantie de 12 mois sur les pi\u00e8ces et la main-d\u2019\u0153uvre, incluant le service apr\u00e8s-vente en atelier. \u00a0\" \/>\n<meta property=\"og:url\" content=\"https:\/\/www.danby.com\/fr\/products\/refrigeration-compact\/dcr059we\/\" \/>\n<meta property=\"og:site_name\" content=\"Danby - Canada - French\" \/>\n<meta property=\"article:publisher\" content=\"https:\/\/www.facebook.com\/DanbyAppliances\" \/>\n<meta property=\"article:modified_time\" content=\"2026-04-17T10:03:08+00:00\" \/>\n<meta property=\"og:image\" content=\"https:\/\/cdnweb.danby.com\/wp-content\/uploads\/sites\/2\/2022\/02\/08181457\/proMed-dcr059w_closed2.jpg\" \/>\n\t<meta property=\"og:image:width\" content=\"300\" \/>\n\t<meta property=\"og:image:height\" content=\"272\" \/>\n\t<meta property=\"og:image:type\" content=\"image\/jpeg\" \/>\n<meta name=\"twitter:card\" content=\"summary_large_image\" \/>\n<meta name=\"twitter:site\" content=\"@DanbyAppliance\" \/>\n<script type=\"application\/ld+json\" class=\"yoast-schema-graph\">{\"@context\":\"https:\/\/schema.org\",\"@graph\":[{\"@type\":[\"WebPage\",\"ItemPage\"],\"url\":\"https:\/\/www.danby.com\/fr\/products\/refrigeration-compact\/dcr059we\/\",\"name\":\"Danby 1.7 pi3 R\u00e9frig\u00e9ration Compact - DCR059WE | Danby Canada\",\"isPartOf\":[],\"primaryImageOfPage\":[],\"image\":[],\"thumbnailUrl\":\"https:\/\/cdnweb.danby.com\/wp-content\/uploads\/sites\/2\/2022\/02\/08181457\/proMed-dcr059w_closed2.jpg\",\"datePublished\":\"2022-02-03T19:15:59+00:00\",\"dateModified\":\"2026-04-17T10:03:08+00:00\",\"description\":\"Un r\u00e9frig\u00e9rateur compact s\u2019int\u00e8gre parfaitement aux logements \u00e0 surface r\u00e9duite, minibars, chalets et r\u00e9sidences d\u2019\u00e9tudiants. Il repr\u00e9sente un excellent choix pour assurer la conservation de vos aliments et breuvages favoris. Ce superbe appareil Danby dispose de 47 litres (1,7 pied cube) d\u2019espace de r\u00e9frig\u00e9ration et d\u2019un compartiment cong\u00e9lateur pleine largeur, pour les gla\u00e7ons et les aliments congel\u00e9s. Il est \u00e9quip\u00e9 d\u2019un distributeur de boisson CanStor int\u00e9gr\u00e9 et offre suffisamment d\u2019espace pour l\u2019entreposage de bouteilles de deux litres. Ce mod\u00e8le aux lignes fluides comprend une int\u00e9ressante homologation Energy Star, qui contribuera \u00e0 conserver vos factures \u00e9nerg\u00e9tiques sous contr\u00f4le. Il poss\u00e8de une \u00e9l\u00e9gante poign\u00e9e de porte int\u00e9gr\u00e9e, ainsi qu\u2019un syst\u00e8me de d\u00e9givrage manuel \u00e0 bouton poussoir facile \u00e0 utiliser. Son thermostat m\u00e9canique sophistiqu\u00e9 est con\u00e7u pour la pr\u00e9cision et l\u2019apparence attrayante de l\u2019appareil lui permet de s\u2019int\u00e9grer \u00e0 tout type de d\u00e9cor. Ce r\u00e9frig\u00e9rateur fiable est assorti d\u2019une garantie de 12 mois sur les pi\u00e8ces et la main-d\u2019\u0153uvre, incluant le service apr\u00e8s-vente en atelier. \u00a0\",\"breadcrumb\":[],\"inLanguage\":\"fr-CA\",\"potentialAction\":[{\"@type\":\"ReadAction\",\"target\":[\"https:\/\/www.danby.com\/fr\/products\/refrigeration-compact\/dcr059we\/\"]}]},{\"@type\":\"ImageObject\",\"inLanguage\":\"fr-CA\",\"url\":\"https:\/\/cdnweb.danby.com\/wp-content\/uploads\/sites\/2\/2022\/02\/08181457\/proMed-dcr059w_closed2.jpg\",\"contentUrl\":\"https:\/\/cdnweb.danby.com\/wp-content\/uploads\/sites\/2\/2022\/02\/08181457\/proMed-dcr059w_closed2.jpg\",\"width\":300,\"height\":272},{\"@type\":\"BreadcrumbList\",\"itemListElement\":[{\"@type\":\"ListItem\",\"position\":1,\"name\":\"Home\",\"item\":\"https:\/\/www.danby.com\/fr\/\"},{\"@type\":\"ListItem\",\"position\":2,\"name\":\"Boutique\",\"item\":\"https:\/\/www.danby.com\/fr\/boutique\/\"},{\"@type\":\"ListItem\",\"position\":3,\"name\":\"Danby 1.7 pi3 R\u00e9frig\u00e9ration Compact\"}]},{\"@type\":\"WebSite\",\"url\":\"https:\/\/www.danby.com\/fr\/\",\"name\":\"Danby - Canada - French\",\"description\":\"Leader dans le domaine de la r\u00e9frig\u00e9ration et des appareils sp\u00e9cialis\u00e9s\",\"publisher\":[],\"potentialAction\":[{\"@type\":\"SearchAction\",\"target\":{\"@type\":\"EntryPoint\",\"urlTemplate\":\"https:\/\/www.danby.com\/fr\/?s={search_term_string}\"},\"query-input\":{\"@type\":\"PropertyValueSpecification\",\"valueRequired\":true,\"valueName\":\"search_term_string\"}}],\"inLanguage\":\"fr-CA\"},{\"@type\":\"Organization\",\"name\":\"Danby Appliances\",\"url\":\"https:\/\/www.danby.com\/fr\/\",\"logo\":{\"@type\":\"ImageObject\",\"inLanguage\":\"fr-CA\",\"url\":\"https:\/\/cdnweb.danby.com\/wp-content\/uploads\/sites\/2\/2022\/02\/10141906\/Danby75Ans_Blue.png\",\"contentUrl\":\"https:\/\/cdnweb.danby.com\/wp-content\/uploads\/sites\/2\/2022\/02\/10141906\/Danby75Ans_Blue.png\",\"width\":470,\"height\":110,\"caption\":\"Danby Appliances\"},\"image\":[],\"sameAs\":[\"https:\/\/www.facebook.com\/DanbyAppliances\",\"https:\/\/x.com\/DanbyAppliance\",\"https:\/\/instagram.com\/danbyappliances\/\",\"https:\/\/www.linkedin.com\/company\/danbyappliances\",\"https:\/\/www.pinterest.ca\/danbyappliances\/\",\"https:\/\/www.youtube.com\/user\/DanbyProducts\",\"https:\/\/en.wikipedia.org\/wiki\/Danby_(appliances)\"]}]}<\/script>\n<!-- \/ Yoast SEO plugin. -->","yoast_head_json":{"title":"Danby 1.7 pi3 R\u00e9frig\u00e9ration Compact - DCR059WE | Danby Canada","description":"Un r\u00e9frig\u00e9rateur compact s\u2019int\u00e8gre parfaitement aux logements \u00e0 surface r\u00e9duite, minibars, chalets et r\u00e9sidences d\u2019\u00e9tudiants. Il repr\u00e9sente un excellent choix pour assurer la conservation de vos aliments et breuvages favoris. Ce superbe appareil Danby dispose de 47 litres (1,7 pied cube) d\u2019espace de r\u00e9frig\u00e9ration et d\u2019un compartiment cong\u00e9lateur pleine largeur, pour les gla\u00e7ons et les aliments congel\u00e9s. Il est \u00e9quip\u00e9 d\u2019un distributeur de boisson CanStor int\u00e9gr\u00e9 et offre suffisamment d\u2019espace pour l\u2019entreposage de bouteilles de deux litres. Ce mod\u00e8le aux lignes fluides comprend une int\u00e9ressante homologation Energy Star, qui contribuera \u00e0 conserver vos factures \u00e9nerg\u00e9tiques sous contr\u00f4le. Il poss\u00e8de une \u00e9l\u00e9gante poign\u00e9e de porte int\u00e9gr\u00e9e, ainsi qu\u2019un syst\u00e8me de d\u00e9givrage manuel \u00e0 bouton poussoir facile \u00e0 utiliser. Son thermostat m\u00e9canique sophistiqu\u00e9 est con\u00e7u pour la pr\u00e9cision et l\u2019apparence attrayante de l\u2019appareil lui permet de s\u2019int\u00e9grer \u00e0 tout type de d\u00e9cor. Ce r\u00e9frig\u00e9rateur fiable est assorti d\u2019une garantie de 12 mois sur les pi\u00e8ces et la main-d\u2019\u0153uvre, incluant le service apr\u00e8s-vente en atelier. \u00a0","robots":{"index":"index","follow":"follow","max-snippet":"max-snippet:-1","max-image-preview":"max-image-preview:large","max-video-preview":"max-video-preview:-1"},"canonical":"https:\/\/www.danby.com\/fr\/products\/refrigeration-compact\/dcr059we\/","og_locale":"fr_CA","og_type":"article","og_title":"Danby 1.7 pi3 R\u00e9frig\u00e9ration Compact - DCR059WE | Danby Canada","og_description":"Un r\u00e9frig\u00e9rateur compact s\u2019int\u00e8gre parfaitement aux logements \u00e0 surface r\u00e9duite, minibars, chalets et r\u00e9sidences d\u2019\u00e9tudiants. Il repr\u00e9sente un excellent choix pour assurer la conservation de vos aliments et breuvages favoris. Ce superbe appareil Danby dispose de 47 litres (1,7 pied cube) d\u2019espace de r\u00e9frig\u00e9ration et d\u2019un compartiment cong\u00e9lateur pleine largeur, pour les gla\u00e7ons et les aliments congel\u00e9s. Il est \u00e9quip\u00e9 d\u2019un distributeur de boisson CanStor int\u00e9gr\u00e9 et offre suffisamment d\u2019espace pour l\u2019entreposage de bouteilles de deux litres. Ce mod\u00e8le aux lignes fluides comprend une int\u00e9ressante homologation Energy Star, qui contribuera \u00e0 conserver vos factures \u00e9nerg\u00e9tiques sous contr\u00f4le. Il poss\u00e8de une \u00e9l\u00e9gante poign\u00e9e de porte int\u00e9gr\u00e9e, ainsi qu\u2019un syst\u00e8me de d\u00e9givrage manuel \u00e0 bouton poussoir facile \u00e0 utiliser. Son thermostat m\u00e9canique sophistiqu\u00e9 est con\u00e7u pour la pr\u00e9cision et l\u2019apparence attrayante de l\u2019appareil lui permet de s\u2019int\u00e9grer \u00e0 tout type de d\u00e9cor. Ce r\u00e9frig\u00e9rateur fiable est assorti d\u2019une garantie de 12 mois sur les pi\u00e8ces et la main-d\u2019\u0153uvre, incluant le service apr\u00e8s-vente en atelier. \u00a0","og_url":"https:\/\/www.danby.com\/fr\/products\/refrigeration-compact\/dcr059we\/","og_site_name":"Danby - Canada - French","article_publisher":"https:\/\/www.facebook.com\/DanbyAppliances","article_modified_time":"2026-04-17T10:03:08+00:00","og_image":[{"width":300,"height":272,"url":"https:\/\/cdnweb.danby.com\/wp-content\/uploads\/sites\/2\/2022\/02\/08181457\/proMed-dcr059w_closed2.jpg","type":"image\/jpeg"}],"twitter_card":"summary_large_image","twitter_site":"@DanbyAppliance","schema":{"@context":"https:\/\/schema.org","@graph":[{"@type":["WebPage","ItemPage"],"url":"https:\/\/www.danby.com\/fr\/products\/refrigeration-compact\/dcr059we\/","name":"Danby 1.7 pi3 R\u00e9frig\u00e9ration Compact - DCR059WE | Danby Canada","isPartOf":[],"primaryImageOfPage":[],"image":[],"thumbnailUrl":"https:\/\/cdnweb.danby.com\/wp-content\/uploads\/sites\/2\/2022\/02\/08181457\/proMed-dcr059w_closed2.jpg","datePublished":"2022-02-03T19:15:59+00:00","dateModified":"2026-04-17T10:03:08+00:00","description":"Un r\u00e9frig\u00e9rateur compact s\u2019int\u00e8gre parfaitement aux logements \u00e0 surface r\u00e9duite, minibars, chalets et r\u00e9sidences d\u2019\u00e9tudiants. Il repr\u00e9sente un excellent choix pour assurer la conservation de vos aliments et breuvages favoris. Ce superbe appareil Danby dispose de 47 litres (1,7 pied cube) d\u2019espace de r\u00e9frig\u00e9ration et d\u2019un compartiment cong\u00e9lateur pleine largeur, pour les gla\u00e7ons et les aliments congel\u00e9s. Il est \u00e9quip\u00e9 d\u2019un distributeur de boisson CanStor int\u00e9gr\u00e9 et offre suffisamment d\u2019espace pour l\u2019entreposage de bouteilles de deux litres. Ce mod\u00e8le aux lignes fluides comprend une int\u00e9ressante homologation Energy Star, qui contribuera \u00e0 conserver vos factures \u00e9nerg\u00e9tiques sous contr\u00f4le. Il poss\u00e8de une \u00e9l\u00e9gante poign\u00e9e de porte int\u00e9gr\u00e9e, ainsi qu\u2019un syst\u00e8me de d\u00e9givrage manuel \u00e0 bouton poussoir facile \u00e0 utiliser. Son thermostat m\u00e9canique sophistiqu\u00e9 est con\u00e7u pour la pr\u00e9cision et l\u2019apparence attrayante de l\u2019appareil lui permet de s\u2019int\u00e9grer \u00e0 tout type de d\u00e9cor. Ce r\u00e9frig\u00e9rateur fiable est assorti d\u2019une garantie de 12 mois sur les pi\u00e8ces et la main-d\u2019\u0153uvre, incluant le service apr\u00e8s-vente en atelier. \u00a0","breadcrumb":[],"inLanguage":"fr-CA","potentialAction":[{"@type":"ReadAction","target":["https:\/\/www.danby.com\/fr\/products\/refrigeration-compact\/dcr059we\/"]}]},{"@type":"ImageObject","inLanguage":"fr-CA","url":"https:\/\/cdnweb.danby.com\/wp-content\/uploads\/sites\/2\/2022\/02\/08181457\/proMed-dcr059w_closed2.jpg","contentUrl":"https:\/\/cdnweb.danby.com\/wp-content\/uploads\/sites\/2\/2022\/02\/08181457\/proMed-dcr059w_closed2.jpg","width":300,"height":272},{"@type":"BreadcrumbList","itemListElement":[{"@type":"ListItem","position":1,"name":"Home","item":"https:\/\/www.danby.com\/fr\/"},{"@type":"ListItem","position":2,"name":"Boutique","item":"https:\/\/www.danby.com\/fr\/boutique\/"},{"@type":"ListItem","position":3,"name":"Danby 1.7 pi3 R\u00e9frig\u00e9ration Compact"}]},{"@type":"WebSite","url":"https:\/\/www.danby.com\/fr\/","name":"Danby - Canada - French","description":"Leader dans le domaine de la r\u00e9frig\u00e9ration et des appareils sp\u00e9cialis\u00e9s","publisher":[],"potentialAction":[{"@type":"SearchAction","target":{"@type":"EntryPoint","urlTemplate":"https:\/\/www.danby.com\/fr\/?s={search_term_string}"},"query-input":{"@type":"PropertyValueSpecification","valueRequired":true,"valueName":"search_term_string"}}],"inLanguage":"fr-CA"},{"@type":"Organization","name":"Danby Appliances","url":"https:\/\/www.danby.com\/fr\/","logo":{"@type":"ImageObject","inLanguage":"fr-CA","url":"https:\/\/cdnweb.danby.com\/wp-content\/uploads\/sites\/2\/2022\/02\/10141906\/Danby75Ans_Blue.png","contentUrl":"https:\/\/cdnweb.danby.com\/wp-content\/uploads\/sites\/2\/2022\/02\/10141906\/Danby75Ans_Blue.png","width":470,"height":110,"caption":"Danby Appliances"},"image":[],"sameAs":["https:\/\/www.facebook.com\/DanbyAppliances","https:\/\/x.com\/DanbyAppliance","https:\/\/instagram.com\/danbyappliances\/","https:\/\/www.linkedin.com\/company\/danbyappliances","https:\/\/www.pinterest.ca\/danbyappliances\/","https:\/\/www.youtube.com\/user\/DanbyProducts","https:\/\/en.wikipedia.org\/wiki\/Danby_(appliances)"]}]}},"post_mailing_queue_ids":[],"_links":{"self":[{"href":"https:\/\/www.danby.com\/fr\/wp-json\/wp\/v2\/product\/4827","targetHints":{"allow":["GET"]}}],"collection":[{"href":"https:\/\/www.danby.com\/fr\/wp-json\/wp\/v2\/product"}],"about":[{"href":"https:\/\/www.danby.com\/fr\/wp-json\/wp\/v2\/types\/product"}],"replies":[{"embeddable":true,"href":"https:\/\/www.danby.com\/fr\/wp-json\/wp\/v2\/comments?post=4827"}],"wp:featuredmedia":[{"embeddable":true,"href":"https:\/\/www.danby.com\/fr\/wp-json\/wp\/v2\/media\/5615"}],"wp:attachment":[{"href":"https:\/\/www.danby.com\/fr\/wp-json\/wp\/v2\/media?parent=4827"}],"wp:term":[{"taxonomy":"product_brand","embeddable":true,"href":"https:\/\/www.danby.com\/fr\/wp-json\/wp\/v2\/product_brand?post=4827"},{"taxonomy":"product_cat","embeddable":true,"href":"https:\/\/www.danby.com\/fr\/wp-json\/wp\/v2\/product_cat?post=4827"},{"taxonomy":"product_tag","embeddable":true,"href":"https:\/\/www.danby.com\/fr\/wp-json\/wp\/v2\/product_tag?post=4827"}],"curies":[{"name":"wp","href":"https:\/\/api.w.org\/{rel}","templated":true}]}}