{"id":4825,"date":"2022-02-03T19:15:59","date_gmt":"2022-02-03T19:15:59","guid":{"rendered":"https:\/\/www.danby.com\/fr\/product\/dcr047a1bbsl\/"},"modified":"2026-04-26T10:03:22","modified_gmt":"2026-04-26T10:03:22","slug":"dcr047a1bbsl","status":"publish","type":"product","link":"https:\/\/www.danby.com\/fr\/products\/refrigeration-compact\/dcr047a1bbsl\/","title":{"rendered":"Danby 4,7 cu. R\u00e9frig\u00e9rateur compact \u00e0 2 portes en Acier Inoxydable Noir"},"content":{"rendered":"","protected":false},"excerpt":{"rendered":"<ul>\n<li>R\u00e9frig\u00e9rateur compact avec capacit\u00e9 de 4,7 pi3 (133 L)<\/li>\n<li>Style accrocheur en acier inoxydable noir<\/li>\n<li>Cong\u00e9lateur ind\u00e9pendant de 1,5 pi3<\/li>\n<li>Certifi\u00e9 ENERGY STAR\u00ae<\/li>\n<li>1 clayette de cong\u00e9lateur r\u00e9glable pleine largeur<\/li>\n<li>\u00c9tag\u00e8res en verre<\/li>\n<li>Bac \u00e0 l\u00e9gumes avec couvercle en verre<\/li>\n<li>\u00c9clairage int\u00e9rieur<\/li>\n<li>Thermostat m\u00e9canique<\/li>\n<li>Syst\u00e8me de d\u00e9givrage manuel<\/li>\n<li>Charni\u00e8res de porte r\u00e9versibles<\/li>\n<\/ul>\n","protected":false},"featured_media":35795,"comment_status":"closed","ping_status":"closed","template":"","meta":{"_acf_changed":false},"product_brand":[],"product_cat":[22,1449],"product_tag":[],"class_list":{"0":"post-4825","1":"product","2":"type-product","3":"status-publish","4":"has-post-thumbnail","6":"product_cat-refrigeration-compact","7":"product_cat-sales","9":"first","10":"instock","11":"taxable","12":"shipping-taxable","13":"purchasable","14":"product-type-simple"},"acf":[],"yoast_head":"<!-- This site is optimized with the Yoast SEO plugin v27.4 - https:\/\/yoast.com\/product\/yoast-seo-wordpress\/ -->\n<title>Danby 4,7 cu. R\u00e9frig\u00e9rateur compact \u00e0 2 portes en Acier Inoxydable Noir - DCR047A1BBSL | Danby Canada<\/title>\n<meta name=\"description\" content=\"Ce mod\u00e8le compact de r\u00e9frig\u00e9rateur et cong\u00e9lateur offre 4,7 pi3 (133 L) de capacit\u00e9 de refroidissement et de cong\u00e9lation et est conforme aux normes Energy Star\u00ae afin de r\u00e9duire les frais d\u2019\u00e9lectricit\u00e9 au maximum. Cet appareil populaire s\u2019adapte parfaitement aux appartements, studios d\u2019enregistrement, bars, chalets et bureaux. Il est dot\u00e9 d\u2019un thermostat m\u00e9canique de haute technologie afin d\u2019assurer que vos aliments sont toujours conserv\u00e9s \u00e0 la temp\u00e9rature requise et comprend un syst\u00e8me de d\u00e9givrage manuel. Il comprend la fonction intelligente de porte r\u00e9versible qui permet d\u2019ajuster la porte pour qu\u2019elle ouvre du c\u00f4t\u00e9 droit ou du c\u00f4t\u00e9 gauche. \u00c0 l\u2019int\u00e9rieur, vous trouverez un \u00e9clairage puissant ainsi qu\u2019un bac \u00e0 l\u00e9gumes avec couvercle en verre et beaucoup d\u2019espace pour les bouteilles de grand format. Cet appareil tr\u00e8s efficace dispose \u00e9galement d\u2019une garantie de 18 mois sur les pi\u00e8ces et la main-d\u2019\u0153uvre.\" \/>\n<meta name=\"robots\" content=\"index, follow, max-snippet:-1, max-image-preview:large, max-video-preview:-1\" \/>\n<link rel=\"canonical\" href=\"https:\/\/www.danby.com\/fr\/products\/refrigeration-compact\/dcr047a1bbsl\/\" \/>\n<meta property=\"og:locale\" content=\"fr_CA\" \/>\n<meta property=\"og:type\" content=\"article\" \/>\n<meta property=\"og:title\" content=\"Danby 4,7 cu. R\u00e9frig\u00e9rateur compact \u00e0 2 portes en Acier Inoxydable Noir - DCR047A1BBSL | Danby Canada\" \/>\n<meta property=\"og:description\" content=\"Ce mod\u00e8le compact de r\u00e9frig\u00e9rateur et cong\u00e9lateur offre 4,7 pi3 (133 L) de capacit\u00e9 de refroidissement et de cong\u00e9lation et est conforme aux normes Energy Star\u00ae afin de r\u00e9duire les frais d\u2019\u00e9lectricit\u00e9 au maximum. Cet appareil populaire s\u2019adapte parfaitement aux appartements, studios d\u2019enregistrement, bars, chalets et bureaux. Il est dot\u00e9 d\u2019un thermostat m\u00e9canique de haute technologie afin d\u2019assurer que vos aliments sont toujours conserv\u00e9s \u00e0 la temp\u00e9rature requise et comprend un syst\u00e8me de d\u00e9givrage manuel. Il comprend la fonction intelligente de porte r\u00e9versible qui permet d\u2019ajuster la porte pour qu\u2019elle ouvre du c\u00f4t\u00e9 droit ou du c\u00f4t\u00e9 gauche. \u00c0 l\u2019int\u00e9rieur, vous trouverez un \u00e9clairage puissant ainsi qu\u2019un bac \u00e0 l\u00e9gumes avec couvercle en verre et beaucoup d\u2019espace pour les bouteilles de grand format. Cet appareil tr\u00e8s efficace dispose \u00e9galement d\u2019une garantie de 18 mois sur les pi\u00e8ces et la main-d\u2019\u0153uvre.\" \/>\n<meta property=\"og:url\" content=\"https:\/\/www.danby.com\/fr\/products\/refrigeration-compact\/dcr047a1bbsl\/\" \/>\n<meta property=\"og:site_name\" content=\"Danby - Canada - French\" \/>\n<meta property=\"article:publisher\" content=\"https:\/\/www.facebook.com\/DanbyAppliances\" \/>\n<meta property=\"article:modified_time\" content=\"2026-04-26T10:03:22+00:00\" \/>\n<meta property=\"og:image\" content=\"https:\/\/www.danby.com\/fr\/wp-content\/uploads\/sites\/2\/2025\/11\/dcr047a1bbsl-thumbnail.jpg\" \/>\n\t<meta property=\"og:image:width\" content=\"768\" \/>\n\t<meta property=\"og:image:height\" content=\"1024\" \/>\n\t<meta property=\"og:image:type\" content=\"image\/jpeg\" \/>\n<meta name=\"twitter:card\" content=\"summary_large_image\" \/>\n<meta name=\"twitter:site\" content=\"@DanbyAppliance\" \/>\n<meta name=\"twitter:label1\" content=\"Estimation du temps de lecture\" \/>\n\t<meta name=\"twitter:data1\" content=\"1 minute\" \/>\n<script type=\"application\/ld+json\" class=\"yoast-schema-graph\">{\"@context\":\"https:\\\/\\\/schema.org\",\"@graph\":[{\"@type\":[\"WebPage\",\"ItemPage\"],\"url\":\"https:\\\/\\\/www.danby.com\\\/fr\\\/products\\\/refrigeration-compact\\\/dcr047a1bbsl\\\/\",\"name\":\"Danby 4,7 cu. R\u00e9frig\u00e9rateur compact \u00e0 2 portes en Acier Inoxydable Noir - DCR047A1BBSL | Danby Canada\",\"isPartOf\":[],\"primaryImageOfPage\":[],\"image\":[],\"thumbnailUrl\":\"https:\\\/\\\/www.danby.com\\\/fr\\\/wp-content\\\/uploads\\\/sites\\\/2\\\/2025\\\/11\\\/dcr047a1bbsl-thumbnail.jpg\",\"datePublished\":\"2022-02-03T19:15:59+00:00\",\"dateModified\":\"2026-04-26T10:03:22+00:00\",\"description\":\"Ce mod\u00e8le compact de r\u00e9frig\u00e9rateur et cong\u00e9lateur offre 4,7 pi3 (133 L) de capacit\u00e9 de refroidissement et de cong\u00e9lation et est conforme aux normes Energy Star\u00ae afin de r\u00e9duire les frais d\u2019\u00e9lectricit\u00e9 au maximum. Cet appareil populaire s\u2019adapte parfaitement aux appartements, studios d\u2019enregistrement, bars, chalets et bureaux. Il est dot\u00e9 d\u2019un thermostat m\u00e9canique de haute technologie afin d\u2019assurer que vos aliments sont toujours conserv\u00e9s \u00e0 la temp\u00e9rature requise et comprend un syst\u00e8me de d\u00e9givrage manuel. Il comprend la fonction intelligente de porte r\u00e9versible qui permet d\u2019ajuster la porte pour qu\u2019elle ouvre du c\u00f4t\u00e9 droit ou du c\u00f4t\u00e9 gauche. \u00c0 l\u2019int\u00e9rieur, vous trouverez un \u00e9clairage puissant ainsi qu\u2019un bac \u00e0 l\u00e9gumes avec couvercle en verre et beaucoup d\u2019espace pour les bouteilles de grand format. Cet appareil tr\u00e8s efficace dispose \u00e9galement d\u2019une garantie de 18 mois sur les pi\u00e8ces et la main-d\u2019\u0153uvre.\",\"breadcrumb\":[],\"inLanguage\":\"fr-CA\",\"potentialAction\":[{\"@type\":\"ReadAction\",\"target\":[\"https:\\\/\\\/www.danby.com\\\/fr\\\/products\\\/refrigeration-compact\\\/dcr047a1bbsl\\\/\"]}]},{\"@type\":\"ImageObject\",\"inLanguage\":\"fr-CA\",\"url\":\"https:\\\/\\\/www.danby.com\\\/fr\\\/wp-content\\\/uploads\\\/sites\\\/2\\\/2025\\\/11\\\/dcr047a1bbsl-thumbnail.jpg\",\"contentUrl\":\"https:\\\/\\\/www.danby.com\\\/fr\\\/wp-content\\\/uploads\\\/sites\\\/2\\\/2025\\\/11\\\/dcr047a1bbsl-thumbnail.jpg\",\"width\":768,\"height\":1024},{\"@type\":\"BreadcrumbList\",\"itemListElement\":[{\"@type\":\"ListItem\",\"position\":1,\"name\":\"Home\",\"item\":\"https:\\\/\\\/www.danby.com\\\/fr\\\/\"},{\"@type\":\"ListItem\",\"position\":2,\"name\":\"Boutique\",\"item\":\"https:\\\/\\\/www.danby.com\\\/fr\\\/boutique\\\/\"},{\"@type\":\"ListItem\",\"position\":3,\"name\":\"Danby 4,7 cu. R\u00e9frig\u00e9rateur compact \u00e0 2 portes en Acier Inoxydable Noir\"}]},{\"@type\":\"WebSite\",\"url\":\"https:\\\/\\\/www.danby.com\\\/fr\\\/\",\"name\":\"Danby - Canada - French\",\"description\":\"Leader dans le domaine de la r\u00e9frig\u00e9ration et des appareils sp\u00e9cialis\u00e9s\",\"publisher\":[],\"potentialAction\":[{\"@type\":\"SearchAction\",\"target\":{\"@type\":\"EntryPoint\",\"urlTemplate\":\"https:\\\/\\\/www.danby.com\\\/fr\\\/?s={search_term_string}\"},\"query-input\":{\"@type\":\"PropertyValueSpecification\",\"valueRequired\":true,\"valueName\":\"search_term_string\"}}],\"inLanguage\":\"fr-CA\"},{\"@type\":\"Organization\",\"name\":\"Danby Appliances\",\"url\":\"https:\\\/\\\/www.danby.com\\\/fr\\\/\",\"logo\":{\"@type\":\"ImageObject\",\"inLanguage\":\"fr-CA\",\"url\":\"https:\\\/\\\/cdnweb.danby.com\\\/wp-content\\\/uploads\\\/sites\\\/2\\\/2022\\\/02\\\/10141906\\\/Danby75Ans_Blue.png\",\"contentUrl\":\"https:\\\/\\\/cdnweb.danby.com\\\/wp-content\\\/uploads\\\/sites\\\/2\\\/2022\\\/02\\\/10141906\\\/Danby75Ans_Blue.png\",\"width\":470,\"height\":110,\"caption\":\"Danby Appliances\"},\"image\":[],\"sameAs\":[\"https:\\\/\\\/www.facebook.com\\\/DanbyAppliances\",\"https:\\\/\\\/x.com\\\/DanbyAppliance\",\"https:\\\/\\\/instagram.com\\\/danbyappliances\\\/\",\"https:\\\/\\\/www.linkedin.com\\\/company\\\/danbyappliances\",\"https:\\\/\\\/www.pinterest.ca\\\/danbyappliances\\\/\",\"https:\\\/\\\/www.youtube.com\\\/user\\\/DanbyProducts\",\"https:\\\/\\\/en.wikipedia.org\\\/wiki\\\/Danby_(appliances)\"]}]}<\/script>\n<!-- \/ Yoast SEO plugin. -->","yoast_head_json":{"title":"Danby 4,7 cu. R\u00e9frig\u00e9rateur compact \u00e0 2 portes en Acier Inoxydable Noir - DCR047A1BBSL | Danby Canada","description":"Ce mod\u00e8le compact de r\u00e9frig\u00e9rateur et cong\u00e9lateur offre 4,7 pi3 (133 L) de capacit\u00e9 de refroidissement et de cong\u00e9lation et est conforme aux normes Energy Star\u00ae afin de r\u00e9duire les frais d\u2019\u00e9lectricit\u00e9 au maximum. Cet appareil populaire s\u2019adapte parfaitement aux appartements, studios d\u2019enregistrement, bars, chalets et bureaux. Il est dot\u00e9 d\u2019un thermostat m\u00e9canique de haute technologie afin d\u2019assurer que vos aliments sont toujours conserv\u00e9s \u00e0 la temp\u00e9rature requise et comprend un syst\u00e8me de d\u00e9givrage manuel. Il comprend la fonction intelligente de porte r\u00e9versible qui permet d\u2019ajuster la porte pour qu\u2019elle ouvre du c\u00f4t\u00e9 droit ou du c\u00f4t\u00e9 gauche. \u00c0 l\u2019int\u00e9rieur, vous trouverez un \u00e9clairage puissant ainsi qu\u2019un bac \u00e0 l\u00e9gumes avec couvercle en verre et beaucoup d\u2019espace pour les bouteilles de grand format. Cet appareil tr\u00e8s efficace dispose \u00e9galement d\u2019une garantie de 18 mois sur les pi\u00e8ces et la main-d\u2019\u0153uvre.","robots":{"index":"index","follow":"follow","max-snippet":"max-snippet:-1","max-image-preview":"max-image-preview:large","max-video-preview":"max-video-preview:-1"},"canonical":"https:\/\/www.danby.com\/fr\/products\/refrigeration-compact\/dcr047a1bbsl\/","og_locale":"fr_CA","og_type":"article","og_title":"Danby 4,7 cu. R\u00e9frig\u00e9rateur compact \u00e0 2 portes en Acier Inoxydable Noir - DCR047A1BBSL | Danby Canada","og_description":"Ce mod\u00e8le compact de r\u00e9frig\u00e9rateur et cong\u00e9lateur offre 4,7 pi3 (133 L) de capacit\u00e9 de refroidissement et de cong\u00e9lation et est conforme aux normes Energy Star\u00ae afin de r\u00e9duire les frais d\u2019\u00e9lectricit\u00e9 au maximum. Cet appareil populaire s\u2019adapte parfaitement aux appartements, studios d\u2019enregistrement, bars, chalets et bureaux. Il est dot\u00e9 d\u2019un thermostat m\u00e9canique de haute technologie afin d\u2019assurer que vos aliments sont toujours conserv\u00e9s \u00e0 la temp\u00e9rature requise et comprend un syst\u00e8me de d\u00e9givrage manuel. Il comprend la fonction intelligente de porte r\u00e9versible qui permet d\u2019ajuster la porte pour qu\u2019elle ouvre du c\u00f4t\u00e9 droit ou du c\u00f4t\u00e9 gauche. \u00c0 l\u2019int\u00e9rieur, vous trouverez un \u00e9clairage puissant ainsi qu\u2019un bac \u00e0 l\u00e9gumes avec couvercle en verre et beaucoup d\u2019espace pour les bouteilles de grand format. Cet appareil tr\u00e8s efficace dispose \u00e9galement d\u2019une garantie de 18 mois sur les pi\u00e8ces et la main-d\u2019\u0153uvre.","og_url":"https:\/\/www.danby.com\/fr\/products\/refrigeration-compact\/dcr047a1bbsl\/","og_site_name":"Danby - Canada - French","article_publisher":"https:\/\/www.facebook.com\/DanbyAppliances","article_modified_time":"2026-04-26T10:03:22+00:00","og_image":[{"width":768,"height":1024,"url":"https:\/\/www.danby.com\/fr\/wp-content\/uploads\/sites\/2\/2025\/11\/dcr047a1bbsl-thumbnail.jpg","type":"image\/jpeg"}],"twitter_card":"summary_large_image","twitter_site":"@DanbyAppliance","twitter_misc":{"Estimation du temps de lecture":"1 minute"},"schema":{"@context":"https:\/\/schema.org","@graph":[{"@type":["WebPage","ItemPage"],"url":"https:\/\/www.danby.com\/fr\/products\/refrigeration-compact\/dcr047a1bbsl\/","name":"Danby 4,7 cu. R\u00e9frig\u00e9rateur compact \u00e0 2 portes en Acier Inoxydable Noir - DCR047A1BBSL | Danby Canada","isPartOf":[],"primaryImageOfPage":[],"image":[],"thumbnailUrl":"https:\/\/www.danby.com\/fr\/wp-content\/uploads\/sites\/2\/2025\/11\/dcr047a1bbsl-thumbnail.jpg","datePublished":"2022-02-03T19:15:59+00:00","dateModified":"2026-04-26T10:03:22+00:00","description":"Ce mod\u00e8le compact de r\u00e9frig\u00e9rateur et cong\u00e9lateur offre 4,7 pi3 (133 L) de capacit\u00e9 de refroidissement et de cong\u00e9lation et est conforme aux normes Energy Star\u00ae afin de r\u00e9duire les frais d\u2019\u00e9lectricit\u00e9 au maximum. Cet appareil populaire s\u2019adapte parfaitement aux appartements, studios d\u2019enregistrement, bars, chalets et bureaux. Il est dot\u00e9 d\u2019un thermostat m\u00e9canique de haute technologie afin d\u2019assurer que vos aliments sont toujours conserv\u00e9s \u00e0 la temp\u00e9rature requise et comprend un syst\u00e8me de d\u00e9givrage manuel. Il comprend la fonction intelligente de porte r\u00e9versible qui permet d\u2019ajuster la porte pour qu\u2019elle ouvre du c\u00f4t\u00e9 droit ou du c\u00f4t\u00e9 gauche. \u00c0 l\u2019int\u00e9rieur, vous trouverez un \u00e9clairage puissant ainsi qu\u2019un bac \u00e0 l\u00e9gumes avec couvercle en verre et beaucoup d\u2019espace pour les bouteilles de grand format. Cet appareil tr\u00e8s efficace dispose \u00e9galement d\u2019une garantie de 18 mois sur les pi\u00e8ces et la main-d\u2019\u0153uvre.","breadcrumb":[],"inLanguage":"fr-CA","potentialAction":[{"@type":"ReadAction","target":["https:\/\/www.danby.com\/fr\/products\/refrigeration-compact\/dcr047a1bbsl\/"]}]},{"@type":"ImageObject","inLanguage":"fr-CA","url":"https:\/\/www.danby.com\/fr\/wp-content\/uploads\/sites\/2\/2025\/11\/dcr047a1bbsl-thumbnail.jpg","contentUrl":"https:\/\/www.danby.com\/fr\/wp-content\/uploads\/sites\/2\/2025\/11\/dcr047a1bbsl-thumbnail.jpg","width":768,"height":1024},{"@type":"BreadcrumbList","itemListElement":[{"@type":"ListItem","position":1,"name":"Home","item":"https:\/\/www.danby.com\/fr\/"},{"@type":"ListItem","position":2,"name":"Boutique","item":"https:\/\/www.danby.com\/fr\/boutique\/"},{"@type":"ListItem","position":3,"name":"Danby 4,7 cu. R\u00e9frig\u00e9rateur compact \u00e0 2 portes en Acier Inoxydable Noir"}]},{"@type":"WebSite","url":"https:\/\/www.danby.com\/fr\/","name":"Danby - Canada - French","description":"Leader dans le domaine de la r\u00e9frig\u00e9ration et des appareils sp\u00e9cialis\u00e9s","publisher":[],"potentialAction":[{"@type":"SearchAction","target":{"@type":"EntryPoint","urlTemplate":"https:\/\/www.danby.com\/fr\/?s={search_term_string}"},"query-input":{"@type":"PropertyValueSpecification","valueRequired":true,"valueName":"search_term_string"}}],"inLanguage":"fr-CA"},{"@type":"Organization","name":"Danby Appliances","url":"https:\/\/www.danby.com\/fr\/","logo":{"@type":"ImageObject","inLanguage":"fr-CA","url":"https:\/\/cdnweb.danby.com\/wp-content\/uploads\/sites\/2\/2022\/02\/10141906\/Danby75Ans_Blue.png","contentUrl":"https:\/\/cdnweb.danby.com\/wp-content\/uploads\/sites\/2\/2022\/02\/10141906\/Danby75Ans_Blue.png","width":470,"height":110,"caption":"Danby Appliances"},"image":[],"sameAs":["https:\/\/www.facebook.com\/DanbyAppliances","https:\/\/x.com\/DanbyAppliance","https:\/\/instagram.com\/danbyappliances\/","https:\/\/www.linkedin.com\/company\/danbyappliances","https:\/\/www.pinterest.ca\/danbyappliances\/","https:\/\/www.youtube.com\/user\/DanbyProducts","https:\/\/en.wikipedia.org\/wiki\/Danby_(appliances)"]}]}},"post_mailing_queue_ids":[],"_links":{"self":[{"href":"https:\/\/www.danby.com\/fr\/wp-json\/wp\/v2\/product\/4825","targetHints":{"allow":["GET"]}}],"collection":[{"href":"https:\/\/www.danby.com\/fr\/wp-json\/wp\/v2\/product"}],"about":[{"href":"https:\/\/www.danby.com\/fr\/wp-json\/wp\/v2\/types\/product"}],"replies":[{"embeddable":true,"href":"https:\/\/www.danby.com\/fr\/wp-json\/wp\/v2\/comments?post=4825"}],"wp:featuredmedia":[{"embeddable":true,"href":"https:\/\/www.danby.com\/fr\/wp-json\/wp\/v2\/media\/35795"}],"wp:attachment":[{"href":"https:\/\/www.danby.com\/fr\/wp-json\/wp\/v2\/media?parent=4825"}],"wp:term":[{"taxonomy":"product_brand","embeddable":true,"href":"https:\/\/www.danby.com\/fr\/wp-json\/wp\/v2\/product_brand?post=4825"},{"taxonomy":"product_cat","embeddable":true,"href":"https:\/\/www.danby.com\/fr\/wp-json\/wp\/v2\/product_cat?post=4825"},{"taxonomy":"product_tag","embeddable":true,"href":"https:\/\/www.danby.com\/fr\/wp-json\/wp\/v2\/product_tag?post=4825"}],"curies":[{"name":"wp","href":"https:\/\/api.w.org\/{rel}","templated":true}]}}