{"id":4824,"date":"2022-02-03T19:15:59","date_gmt":"2022-02-03T19:15:59","guid":{"rendered":"https:\/\/www.danby.com\/fr\/product\/dcr045b1bsldb-3\/"},"modified":"2026-04-29T10:22:32","modified_gmt":"2026-04-29T10:22:32","slug":"dcr045b1bsldb-3","status":"publish","type":"product","link":"https:\/\/www.danby.com\/fr\/products\/refrigeration-compact\/dcr045b1bsldb-3\/","title":{"rendered":"Danby 4,5 cu. R\u00e9frig\u00e9rateur compact de 5,5 pi3 avec v\u00e9ritable cong\u00e9lateur en acier inoxydable"},"content":{"rendered":"","protected":false},"excerpt":{"rendered":"<ul>\n<li>Conception \u00e0 dos lisse<\/li>\n<li>Charni\u00e8re de porte r\u00e9versible<\/li>\n<li>Poign\u00e9e de porte int\u00e9gr\u00e9e<\/li>\n<li>Thermostat m\u00e9canique<\/li>\n<li>Bac \u00e0 l\u00e9gumes<\/li>\n<li>Tablette de porte int\u00e9gr\u00e9e avec rangement pour grosses bouteilles<\/li>\n<li>Tablettes en verre r\u00e9glables : 1 pleine largeur et 1 1\/2 largeur<\/li>\n<li>Syst\u00e8me de d\u00e9givrage manuel<\/li>\n<li>Section de cong\u00e9lateur pleine largeur (fonctionne \u00e0 -18 \u00b0C)<\/li>\n<li>R\u00e9frig\u00e9rant R600a<\/li>\n<li>Certifi\u00e9 ENERGY STAR\u00ae<\/li>\n<li>Capacit\u00e9 r\u00e9frig\u00e9rateur compact 127 L\/4,5 pi3<\/li>\n<\/ul>\n","protected":false},"featured_media":34820,"comment_status":"closed","ping_status":"open","template":"","meta":{"_acf_changed":false},"product_brand":[],"product_cat":[22],"product_tag":[],"class_list":{"0":"post-4824","1":"product","2":"type-product","3":"status-publish","4":"has-post-thumbnail","6":"product_cat-refrigeration-compact","7":"pa_capacite-pi3-4-5-2","8":"pa_couleur-stainless-steel","9":"pa_duree-de-la-garantie-en-mois-1173","11":"first","12":"outofstock","13":"taxable","14":"shipping-taxable","15":"purchasable","16":"product-type-simple"},"acf":[],"yoast_head":"<!-- This site is optimized with the Yoast SEO plugin v27.5 - https:\/\/yoast.com\/product\/yoast-seo-wordpress\/ -->\n<title>Danby 4,5 cu. R\u00e9frig\u00e9rateur compact de 5,5 pi3 avec v\u00e9ritable cong\u00e9lateur en acier inoxydable - DCR045B1BSLDB-3 | Danby Canada<\/title>\n<meta name=\"description\" content=\"Mod\u00e8le Danby de 4,5 pi3 R\u00e9frig\u00e9rateur compact \u00e0 une porte avec un vrai cong\u00e9lateur en acier inoxydable. Ce r\u00e9frig\u00e9rateur compact de Danby offre une capacit\u00e9 de 4,5 pi3 avec un fini \u00e9l\u00e9gant en acier inoxydable. Il comprend une section de cong\u00e9lateur pleine largeur (fonctionne \u00e0 -18 \u00b0C) pour s&#039;assurer que votre cr\u00e8me glac\u00e9e et vos denr\u00e9es p\u00e9rissables soient conserv\u00e9es surgel\u00e9es et il est homologu\u00e9e Energy Star. Cet appareil comportant une porte r\u00e9versible et une conception peut s&#039;adapter parfaitement contre un mur ou dans un coin. Et les tablettes en verre r\u00e9glables facilitent le nettoyage en cas de d\u00e9versement. Parfait pour les dortoirs, les bureaux ou les salles de r\u00e9ception, ce r\u00e9frig\u00e9rateur compact de Danby avec v\u00e9ritable cong\u00e9lateur est le parfait mini-r\u00e9frig\u00e9rateur \u00e0 une porte.\" \/>\n<meta name=\"robots\" content=\"index, follow, max-snippet:-1, max-image-preview:large, max-video-preview:-1\" \/>\n<link rel=\"canonical\" href=\"https:\/\/www.danby.com\/fr\/products\/refrigeration-compact\/dcr045b1bsldb-3\/\" \/>\n<meta property=\"og:locale\" content=\"fr_CA\" \/>\n<meta property=\"og:type\" content=\"article\" \/>\n<meta property=\"og:title\" content=\"Danby 4,5 cu. R\u00e9frig\u00e9rateur compact de 5,5 pi3 avec v\u00e9ritable cong\u00e9lateur en acier inoxydable - DCR045B1BSLDB-3 | Danby Canada\" \/>\n<meta property=\"og:description\" content=\"Mod\u00e8le Danby de 4,5 pi3 R\u00e9frig\u00e9rateur compact \u00e0 une porte avec un vrai cong\u00e9lateur en acier inoxydable. Ce r\u00e9frig\u00e9rateur compact de Danby offre une capacit\u00e9 de 4,5 pi3 avec un fini \u00e9l\u00e9gant en acier inoxydable. Il comprend une section de cong\u00e9lateur pleine largeur (fonctionne \u00e0 -18 \u00b0C) pour s&#039;assurer que votre cr\u00e8me glac\u00e9e et vos denr\u00e9es p\u00e9rissables soient conserv\u00e9es surgel\u00e9es et il est homologu\u00e9e Energy Star. Cet appareil comportant une porte r\u00e9versible et une conception peut s&#039;adapter parfaitement contre un mur ou dans un coin. Et les tablettes en verre r\u00e9glables facilitent le nettoyage en cas de d\u00e9versement. Parfait pour les dortoirs, les bureaux ou les salles de r\u00e9ception, ce r\u00e9frig\u00e9rateur compact de Danby avec v\u00e9ritable cong\u00e9lateur est le parfait mini-r\u00e9frig\u00e9rateur \u00e0 une porte.\" \/>\n<meta property=\"og:url\" content=\"https:\/\/www.danby.com\/fr\/products\/refrigeration-compact\/dcr045b1bsldb-3\/\" \/>\n<meta property=\"og:site_name\" content=\"Danby - Canada - French\" \/>\n<meta property=\"article:publisher\" content=\"https:\/\/www.facebook.com\/DanbyAppliances\" \/>\n<meta property=\"article:modified_time\" content=\"2026-04-29T10:22:32+00:00\" \/>\n<meta property=\"og:image\" content=\"https:\/\/cdnweb.danby.com\/wp-content\/uploads\/sites\/2\/2024\/04\/24181605\/Thumbnail__0018_DCR045B1BSLDB-3.jpg\" \/>\n\t<meta property=\"og:image:width\" content=\"1125\" \/>\n\t<meta property=\"og:image:height\" content=\"1500\" \/>\n\t<meta property=\"og:image:type\" content=\"image\/jpeg\" \/>\n<meta name=\"twitter:card\" content=\"summary_large_image\" \/>\n<meta name=\"twitter:site\" content=\"@DanbyAppliance\" \/>\n<script type=\"application\/ld+json\" class=\"yoast-schema-graph\">{\"@context\":\"https:\\\/\\\/schema.org\",\"@graph\":[{\"@type\":[\"WebPage\",\"ItemPage\"],\"url\":\"https:\\\/\\\/www.danby.com\\\/fr\\\/products\\\/refrigeration-compact\\\/dcr045b1bsldb-3\\\/\",\"name\":\"Danby 4,5 cu. R\u00e9frig\u00e9rateur compact de 5,5 pi3 avec v\u00e9ritable cong\u00e9lateur en acier inoxydable - DCR045B1BSLDB-3 | Danby Canada\",\"isPartOf\":[],\"primaryImageOfPage\":[],\"image\":[],\"thumbnailUrl\":\"https:\\\/\\\/www.danby.com\\\/fr\\\/wp-content\\\/uploads\\\/sites\\\/2\\\/2025\\\/09\\\/dcr045b1bsldb-3-thumbnail.jpg\",\"datePublished\":\"2022-02-03T19:15:59+00:00\",\"dateModified\":\"2026-04-29T10:22:32+00:00\",\"description\":\"Mod\u00e8le Danby de 4,5 pi3 R\u00e9frig\u00e9rateur compact \u00e0 une porte avec un vrai cong\u00e9lateur en acier inoxydable. Ce r\u00e9frig\u00e9rateur compact de Danby offre une capacit\u00e9 de 4,5 pi3 avec un fini \u00e9l\u00e9gant en acier inoxydable. Il comprend une section de cong\u00e9lateur pleine largeur (fonctionne \u00e0 -18 \u00b0C) pour s'assurer que votre cr\u00e8me glac\u00e9e et vos denr\u00e9es p\u00e9rissables soient conserv\u00e9es surgel\u00e9es et il est homologu\u00e9e Energy Star. Cet appareil comportant une porte r\u00e9versible et une conception peut s'adapter parfaitement contre un mur ou dans un coin. Et les tablettes en verre r\u00e9glables facilitent le nettoyage en cas de d\u00e9versement. Parfait pour les dortoirs, les bureaux ou les salles de r\u00e9ception, ce r\u00e9frig\u00e9rateur compact de Danby avec v\u00e9ritable cong\u00e9lateur est le parfait mini-r\u00e9frig\u00e9rateur \u00e0 une porte.\",\"breadcrumb\":[],\"inLanguage\":\"fr-CA\",\"potentialAction\":[{\"@type\":\"ReadAction\",\"target\":[\"https:\\\/\\\/www.danby.com\\\/fr\\\/products\\\/refrigeration-compact\\\/dcr045b1bsldb-3\\\/\"]}]},{\"@type\":\"ImageObject\",\"inLanguage\":\"fr-CA\",\"url\":\"https:\\\/\\\/www.danby.com\\\/fr\\\/wp-content\\\/uploads\\\/sites\\\/2\\\/2025\\\/09\\\/dcr045b1bsldb-3-thumbnail.jpg\",\"contentUrl\":\"https:\\\/\\\/www.danby.com\\\/fr\\\/wp-content\\\/uploads\\\/sites\\\/2\\\/2025\\\/09\\\/dcr045b1bsldb-3-thumbnail.jpg\",\"width\":768,\"height\":1024},{\"@type\":\"BreadcrumbList\",\"itemListElement\":[{\"@type\":\"ListItem\",\"position\":1,\"name\":\"Home\",\"item\":\"https:\\\/\\\/www.danby.com\\\/fr\\\/\"},{\"@type\":\"ListItem\",\"position\":2,\"name\":\"Boutique\",\"item\":\"https:\\\/\\\/www.danby.com\\\/fr\\\/boutique\\\/\"},{\"@type\":\"ListItem\",\"position\":3,\"name\":\"Danby 4,5 cu. R\u00e9frig\u00e9rateur compact de 5,5 pi3 avec v\u00e9ritable cong\u00e9lateur en acier inoxydable\"}]},{\"@type\":\"WebSite\",\"url\":\"https:\\\/\\\/www.danby.com\\\/fr\\\/\",\"name\":\"Danby - Canada - French\",\"description\":\"Leader dans le domaine de la r\u00e9frig\u00e9ration et des appareils sp\u00e9cialis\u00e9s\",\"publisher\":[],\"potentialAction\":[{\"@type\":\"SearchAction\",\"target\":{\"@type\":\"EntryPoint\",\"urlTemplate\":\"https:\\\/\\\/www.danby.com\\\/fr\\\/?s={search_term_string}\"},\"query-input\":{\"@type\":\"PropertyValueSpecification\",\"valueRequired\":true,\"valueName\":\"search_term_string\"}}],\"inLanguage\":\"fr-CA\"},{\"@type\":\"Organization\",\"name\":\"Danby Appliances\",\"url\":\"https:\\\/\\\/www.danby.com\\\/fr\\\/\",\"logo\":{\"@type\":\"ImageObject\",\"inLanguage\":\"fr-CA\",\"url\":\"https:\\\/\\\/cdnweb.danby.com\\\/wp-content\\\/uploads\\\/sites\\\/2\\\/2022\\\/02\\\/10141906\\\/Danby75Ans_Blue.png\",\"contentUrl\":\"https:\\\/\\\/cdnweb.danby.com\\\/wp-content\\\/uploads\\\/sites\\\/2\\\/2022\\\/02\\\/10141906\\\/Danby75Ans_Blue.png\",\"width\":470,\"height\":110,\"caption\":\"Danby Appliances\"},\"image\":[],\"sameAs\":[\"https:\\\/\\\/www.facebook.com\\\/DanbyAppliances\",\"https:\\\/\\\/x.com\\\/DanbyAppliance\",\"https:\\\/\\\/instagram.com\\\/danbyappliances\\\/\",\"https:\\\/\\\/www.linkedin.com\\\/company\\\/danbyappliances\",\"https:\\\/\\\/www.pinterest.ca\\\/danbyappliances\\\/\",\"https:\\\/\\\/www.youtube.com\\\/user\\\/DanbyProducts\",\"https:\\\/\\\/en.wikipedia.org\\\/wiki\\\/Danby_(appliances)\"]}]}<\/script>\n<!-- \/ Yoast SEO plugin. -->","yoast_head_json":{"title":"Danby 4,5 cu. R\u00e9frig\u00e9rateur compact de 5,5 pi3 avec v\u00e9ritable cong\u00e9lateur en acier inoxydable - DCR045B1BSLDB-3 | Danby Canada","description":"Mod\u00e8le Danby de 4,5 pi3 R\u00e9frig\u00e9rateur compact \u00e0 une porte avec un vrai cong\u00e9lateur en acier inoxydable. Ce r\u00e9frig\u00e9rateur compact de Danby offre une capacit\u00e9 de 4,5 pi3 avec un fini \u00e9l\u00e9gant en acier inoxydable. Il comprend une section de cong\u00e9lateur pleine largeur (fonctionne \u00e0 -18 \u00b0C) pour s'assurer que votre cr\u00e8me glac\u00e9e et vos denr\u00e9es p\u00e9rissables soient conserv\u00e9es surgel\u00e9es et il est homologu\u00e9e Energy Star. Cet appareil comportant une porte r\u00e9versible et une conception peut s'adapter parfaitement contre un mur ou dans un coin. Et les tablettes en verre r\u00e9glables facilitent le nettoyage en cas de d\u00e9versement. Parfait pour les dortoirs, les bureaux ou les salles de r\u00e9ception, ce r\u00e9frig\u00e9rateur compact de Danby avec v\u00e9ritable cong\u00e9lateur est le parfait mini-r\u00e9frig\u00e9rateur \u00e0 une porte.","robots":{"index":"index","follow":"follow","max-snippet":"max-snippet:-1","max-image-preview":"max-image-preview:large","max-video-preview":"max-video-preview:-1"},"canonical":"https:\/\/www.danby.com\/fr\/products\/refrigeration-compact\/dcr045b1bsldb-3\/","og_locale":"fr_CA","og_type":"article","og_title":"Danby 4,5 cu. R\u00e9frig\u00e9rateur compact de 5,5 pi3 avec v\u00e9ritable cong\u00e9lateur en acier inoxydable - DCR045B1BSLDB-3 | Danby Canada","og_description":"Mod\u00e8le Danby de 4,5 pi3 R\u00e9frig\u00e9rateur compact \u00e0 une porte avec un vrai cong\u00e9lateur en acier inoxydable. Ce r\u00e9frig\u00e9rateur compact de Danby offre une capacit\u00e9 de 4,5 pi3 avec un fini \u00e9l\u00e9gant en acier inoxydable. Il comprend une section de cong\u00e9lateur pleine largeur (fonctionne \u00e0 -18 \u00b0C) pour s'assurer que votre cr\u00e8me glac\u00e9e et vos denr\u00e9es p\u00e9rissables soient conserv\u00e9es surgel\u00e9es et il est homologu\u00e9e Energy Star. Cet appareil comportant une porte r\u00e9versible et une conception peut s'adapter parfaitement contre un mur ou dans un coin. Et les tablettes en verre r\u00e9glables facilitent le nettoyage en cas de d\u00e9versement. Parfait pour les dortoirs, les bureaux ou les salles de r\u00e9ception, ce r\u00e9frig\u00e9rateur compact de Danby avec v\u00e9ritable cong\u00e9lateur est le parfait mini-r\u00e9frig\u00e9rateur \u00e0 une porte.","og_url":"https:\/\/www.danby.com\/fr\/products\/refrigeration-compact\/dcr045b1bsldb-3\/","og_site_name":"Danby - Canada - French","article_publisher":"https:\/\/www.facebook.com\/DanbyAppliances","article_modified_time":"2026-04-29T10:22:32+00:00","og_image":[{"width":1125,"height":1500,"url":"https:\/\/cdnweb.danby.com\/wp-content\/uploads\/sites\/2\/2024\/04\/24181605\/Thumbnail__0018_DCR045B1BSLDB-3.jpg","type":"image\/jpeg"}],"twitter_card":"summary_large_image","twitter_site":"@DanbyAppliance","schema":{"@context":"https:\/\/schema.org","@graph":[{"@type":["WebPage","ItemPage"],"url":"https:\/\/www.danby.com\/fr\/products\/refrigeration-compact\/dcr045b1bsldb-3\/","name":"Danby 4,5 cu. R\u00e9frig\u00e9rateur compact de 5,5 pi3 avec v\u00e9ritable cong\u00e9lateur en acier inoxydable - DCR045B1BSLDB-3 | Danby Canada","isPartOf":[],"primaryImageOfPage":[],"image":[],"thumbnailUrl":"https:\/\/www.danby.com\/fr\/wp-content\/uploads\/sites\/2\/2025\/09\/dcr045b1bsldb-3-thumbnail.jpg","datePublished":"2022-02-03T19:15:59+00:00","dateModified":"2026-04-29T10:22:32+00:00","description":"Mod\u00e8le Danby de 4,5 pi3 R\u00e9frig\u00e9rateur compact \u00e0 une porte avec un vrai cong\u00e9lateur en acier inoxydable. Ce r\u00e9frig\u00e9rateur compact de Danby offre une capacit\u00e9 de 4,5 pi3 avec un fini \u00e9l\u00e9gant en acier inoxydable. Il comprend une section de cong\u00e9lateur pleine largeur (fonctionne \u00e0 -18 \u00b0C) pour s'assurer que votre cr\u00e8me glac\u00e9e et vos denr\u00e9es p\u00e9rissables soient conserv\u00e9es surgel\u00e9es et il est homologu\u00e9e Energy Star. Cet appareil comportant une porte r\u00e9versible et une conception peut s'adapter parfaitement contre un mur ou dans un coin. Et les tablettes en verre r\u00e9glables facilitent le nettoyage en cas de d\u00e9versement. Parfait pour les dortoirs, les bureaux ou les salles de r\u00e9ception, ce r\u00e9frig\u00e9rateur compact de Danby avec v\u00e9ritable cong\u00e9lateur est le parfait mini-r\u00e9frig\u00e9rateur \u00e0 une porte.","breadcrumb":[],"inLanguage":"fr-CA","potentialAction":[{"@type":"ReadAction","target":["https:\/\/www.danby.com\/fr\/products\/refrigeration-compact\/dcr045b1bsldb-3\/"]}]},{"@type":"ImageObject","inLanguage":"fr-CA","url":"https:\/\/www.danby.com\/fr\/wp-content\/uploads\/sites\/2\/2025\/09\/dcr045b1bsldb-3-thumbnail.jpg","contentUrl":"https:\/\/www.danby.com\/fr\/wp-content\/uploads\/sites\/2\/2025\/09\/dcr045b1bsldb-3-thumbnail.jpg","width":768,"height":1024},{"@type":"BreadcrumbList","itemListElement":[{"@type":"ListItem","position":1,"name":"Home","item":"https:\/\/www.danby.com\/fr\/"},{"@type":"ListItem","position":2,"name":"Boutique","item":"https:\/\/www.danby.com\/fr\/boutique\/"},{"@type":"ListItem","position":3,"name":"Danby 4,5 cu. R\u00e9frig\u00e9rateur compact de 5,5 pi3 avec v\u00e9ritable cong\u00e9lateur en acier inoxydable"}]},{"@type":"WebSite","url":"https:\/\/www.danby.com\/fr\/","name":"Danby - Canada - French","description":"Leader dans le domaine de la r\u00e9frig\u00e9ration et des appareils sp\u00e9cialis\u00e9s","publisher":[],"potentialAction":[{"@type":"SearchAction","target":{"@type":"EntryPoint","urlTemplate":"https:\/\/www.danby.com\/fr\/?s={search_term_string}"},"query-input":{"@type":"PropertyValueSpecification","valueRequired":true,"valueName":"search_term_string"}}],"inLanguage":"fr-CA"},{"@type":"Organization","name":"Danby Appliances","url":"https:\/\/www.danby.com\/fr\/","logo":{"@type":"ImageObject","inLanguage":"fr-CA","url":"https:\/\/cdnweb.danby.com\/wp-content\/uploads\/sites\/2\/2022\/02\/10141906\/Danby75Ans_Blue.png","contentUrl":"https:\/\/cdnweb.danby.com\/wp-content\/uploads\/sites\/2\/2022\/02\/10141906\/Danby75Ans_Blue.png","width":470,"height":110,"caption":"Danby Appliances"},"image":[],"sameAs":["https:\/\/www.facebook.com\/DanbyAppliances","https:\/\/x.com\/DanbyAppliance","https:\/\/instagram.com\/danbyappliances\/","https:\/\/www.linkedin.com\/company\/danbyappliances","https:\/\/www.pinterest.ca\/danbyappliances\/","https:\/\/www.youtube.com\/user\/DanbyProducts","https:\/\/en.wikipedia.org\/wiki\/Danby_(appliances)"]}]}},"post_mailing_queue_ids":[],"_links":{"self":[{"href":"https:\/\/www.danby.com\/fr\/wp-json\/wp\/v2\/product\/4824","targetHints":{"allow":["GET"]}}],"collection":[{"href":"https:\/\/www.danby.com\/fr\/wp-json\/wp\/v2\/product"}],"about":[{"href":"https:\/\/www.danby.com\/fr\/wp-json\/wp\/v2\/types\/product"}],"replies":[{"embeddable":true,"href":"https:\/\/www.danby.com\/fr\/wp-json\/wp\/v2\/comments?post=4824"}],"wp:featuredmedia":[{"embeddable":true,"href":"https:\/\/www.danby.com\/fr\/wp-json\/wp\/v2\/media\/34820"}],"wp:attachment":[{"href":"https:\/\/www.danby.com\/fr\/wp-json\/wp\/v2\/media?parent=4824"}],"wp:term":[{"taxonomy":"product_brand","embeddable":true,"href":"https:\/\/www.danby.com\/fr\/wp-json\/wp\/v2\/product_brand?post=4824"},{"taxonomy":"product_cat","embeddable":true,"href":"https:\/\/www.danby.com\/fr\/wp-json\/wp\/v2\/product_cat?post=4824"},{"taxonomy":"product_tag","embeddable":true,"href":"https:\/\/www.danby.com\/fr\/wp-json\/wp\/v2\/product_tag?post=4824"}],"curies":[{"name":"wp","href":"https:\/\/api.w.org\/{rel}","templated":true}]}}