{"id":4823,"date":"2022-02-03T19:15:59","date_gmt":"2022-02-03T19:15:59","guid":{"rendered":"https:\/\/www.danby.com\/fr\/product\/dcr044b1wm-6\/"},"modified":"2026-04-18T10:06:52","modified_gmt":"2026-04-18T10:06:52","slug":"dcr044b1wm-6","status":"publish","type":"product","link":"https:\/\/www.danby.com\/fr\/products\/refrigeration-compact\/dcr044b1wm-6\/","title":{"rendered":"Danby 4,4 cu. R\u00e9frig\u00e9rateur compact de 5,5 pi3 en blanc"},"content":{"rendered":"","protected":false},"excerpt":{"rendered":"<ul>\n<li>R\u00e9frig\u00e9rateur compact avec capacit\u00e9 de 4<\/li>\n<li>4 pi3 (124 L)<\/li>\n<li>Certifi\u00e9 ENERGY STAR\u00ae<\/li>\n<li>R\u00e9frig\u00e9rant R600a<\/li>\n<li>Refroidisseurs pleine largeur<\/li>\n<li>Syst\u00e8me de d\u00e9givrage manuel<\/li>\n<li>1 \u00e9tag\u00e8re en verre r\u00e9glable pleine largeur et 1 &#8211; 1\/2 \u00e9tag\u00e8re en verre r\u00e9glable demi-largeur<\/li>\n<li>Rayonnages de porte int\u00e9gr\u00e9s avec rangement pour de grandes bouteilles<\/li>\n<li>Bac \u00e0 l\u00e9gumes<\/li>\n<li>Thermostat m\u00e9canique<\/li>\n<li>Poign\u00e9e de porte int\u00e9gr\u00e9e<\/li>\n<li>Charni\u00e8res de porte r\u00e9versibles<\/li>\n<\/ul>\n","protected":false},"featured_media":34818,"comment_status":"closed","ping_status":"open","template":"","meta":{"_acf_changed":false},"product_brand":[],"product_cat":[22],"product_tag":[],"class_list":{"0":"post-4823","1":"product","2":"type-product","3":"status-publish","4":"has-post-thumbnail","6":"product_cat-refrigeration-compact","7":"pa_capacite-pi3-4-4","8":"pa_couleur-white","9":"pa_duree-de-la-garantie-en-mois-1173","11":"first","12":"outofstock","13":"taxable","14":"shipping-taxable","15":"purchasable","16":"product-type-simple"},"acf":[],"yoast_head":"<!-- This site is optimized with the Yoast SEO plugin v26.7 - https:\/\/yoast.com\/wordpress\/plugins\/seo\/ -->\n<title>Danby 4,4 cu. R\u00e9frig\u00e9rateur compact de 5,5 pi3 en blanc - DCR044B1WM-6 | Danby Canada<\/title>\n<meta name=\"description\" content=\"Ce r\u00e9frig\u00e9rateur compact offre 4,4 pi3 (124 L) d\u2019espace de r\u00e9frig\u00e9ration avec un bac \u00e0 l\u00e9gumes pleine largeur et un refroidisseur pleine largeur int\u00e9gr\u00e9s. Il y a des charni\u00e8res de porte r\u00e9versibles qui permettent aux utilisateurs d\u2019ouvrir la porte \u00e0 partir de la droite ou de la gauche avec la poign\u00e9e de porte int\u00e9gr\u00e9e, peu importe l\u2019organisation de la pi\u00e8ce. L\u2019\u00e9tag\u00e8re compl\u00e8te et la demi-\u00e9tag\u00e8re ajustables ainsi que le rangement pour les grandes bouteilles vous permettent de maximiser l\u2019espace de votre r\u00e9frig\u00e9rateur.\" \/>\n<meta name=\"robots\" content=\"index, follow, max-snippet:-1, max-image-preview:large, max-video-preview:-1\" \/>\n<link rel=\"canonical\" href=\"https:\/\/www.danby.com\/fr\/products\/refrigeration-compact\/dcr044b1wm-6\/\" \/>\n<meta property=\"og:locale\" content=\"fr_CA\" \/>\n<meta property=\"og:type\" content=\"article\" \/>\n<meta property=\"og:title\" content=\"Danby 4,4 cu. R\u00e9frig\u00e9rateur compact de 5,5 pi3 en blanc - DCR044B1WM-6 | Danby Canada\" \/>\n<meta property=\"og:description\" content=\"Ce r\u00e9frig\u00e9rateur compact offre 4,4 pi3 (124 L) d\u2019espace de r\u00e9frig\u00e9ration avec un bac \u00e0 l\u00e9gumes pleine largeur et un refroidisseur pleine largeur int\u00e9gr\u00e9s. Il y a des charni\u00e8res de porte r\u00e9versibles qui permettent aux utilisateurs d\u2019ouvrir la porte \u00e0 partir de la droite ou de la gauche avec la poign\u00e9e de porte int\u00e9gr\u00e9e, peu importe l\u2019organisation de la pi\u00e8ce. L\u2019\u00e9tag\u00e8re compl\u00e8te et la demi-\u00e9tag\u00e8re ajustables ainsi que le rangement pour les grandes bouteilles vous permettent de maximiser l\u2019espace de votre r\u00e9frig\u00e9rateur.\" \/>\n<meta property=\"og:url\" content=\"https:\/\/www.danby.com\/fr\/products\/refrigeration-compact\/dcr044b1wm-6\/\" \/>\n<meta property=\"og:site_name\" content=\"Danby - Canada - French\" \/>\n<meta property=\"article:publisher\" content=\"https:\/\/www.facebook.com\/DanbyAppliances\" \/>\n<meta property=\"article:modified_time\" content=\"2026-04-18T10:06:52+00:00\" \/>\n<meta property=\"og:image\" content=\"https:\/\/cdnweb.danby.com\/wp-content\/uploads\/sites\/2\/2023\/05\/02153916\/DCR044B1WM_front_closed-606x404%20%281%29.jpg\" \/>\n\t<meta property=\"og:image:width\" content=\"2000\" \/>\n\t<meta property=\"og:image:height\" content=\"1333\" \/>\n\t<meta property=\"og:image:type\" content=\"image\/jpeg\" \/>\n<meta name=\"twitter:card\" content=\"summary_large_image\" \/>\n<meta name=\"twitter:site\" content=\"@DanbyAppliance\" \/>\n<script type=\"application\/ld+json\" class=\"yoast-schema-graph\">{\"@context\":\"https:\/\/schema.org\",\"@graph\":[{\"@type\":[\"WebPage\",\"ItemPage\"],\"url\":\"https:\/\/www.danby.com\/fr\/products\/refrigeration-compact\/dcr044b1wm-6\/\",\"name\":\"Danby 4,4 cu. R\u00e9frig\u00e9rateur compact de 5,5 pi3 en blanc - DCR044B1WM-6 | Danby Canada\",\"isPartOf\":[],\"primaryImageOfPage\":[],\"image\":[],\"thumbnailUrl\":\"https:\/\/www.danby.com\/fr\/wp-content\/uploads\/sites\/2\/2025\/09\/dcr044b1wm-6-thumbnail.jpg\",\"datePublished\":\"2022-02-03T19:15:59+00:00\",\"dateModified\":\"2026-04-18T10:06:52+00:00\",\"description\":\"Ce r\u00e9frig\u00e9rateur compact offre 4,4 pi3 (124 L) d\u2019espace de r\u00e9frig\u00e9ration avec un bac \u00e0 l\u00e9gumes pleine largeur et un refroidisseur pleine largeur int\u00e9gr\u00e9s. Il y a des charni\u00e8res de porte r\u00e9versibles qui permettent aux utilisateurs d\u2019ouvrir la porte \u00e0 partir de la droite ou de la gauche avec la poign\u00e9e de porte int\u00e9gr\u00e9e, peu importe l\u2019organisation de la pi\u00e8ce. L\u2019\u00e9tag\u00e8re compl\u00e8te et la demi-\u00e9tag\u00e8re ajustables ainsi que le rangement pour les grandes bouteilles vous permettent de maximiser l\u2019espace de votre r\u00e9frig\u00e9rateur.\",\"breadcrumb\":[],\"inLanguage\":\"fr-CA\",\"potentialAction\":[{\"@type\":\"ReadAction\",\"target\":[\"https:\/\/www.danby.com\/fr\/products\/refrigeration-compact\/dcr044b1wm-6\/\"]}]},{\"@type\":\"ImageObject\",\"inLanguage\":\"fr-CA\",\"url\":\"https:\/\/www.danby.com\/fr\/wp-content\/uploads\/sites\/2\/2025\/09\/dcr044b1wm-6-thumbnail.jpg\",\"contentUrl\":\"https:\/\/www.danby.com\/fr\/wp-content\/uploads\/sites\/2\/2025\/09\/dcr044b1wm-6-thumbnail.jpg\",\"width\":768,\"height\":1024},{\"@type\":\"BreadcrumbList\",\"itemListElement\":[{\"@type\":\"ListItem\",\"position\":1,\"name\":\"Home\",\"item\":\"https:\/\/www.danby.com\/fr\/\"},{\"@type\":\"ListItem\",\"position\":2,\"name\":\"Boutique\",\"item\":\"https:\/\/www.danby.com\/fr\/boutique\/\"},{\"@type\":\"ListItem\",\"position\":3,\"name\":\"Danby 4,4 cu. R\u00e9frig\u00e9rateur compact de 5,5 pi3 en blanc\"}]},{\"@type\":\"WebSite\",\"url\":\"https:\/\/www.danby.com\/fr\/\",\"name\":\"Danby - Canada - French\",\"description\":\"Leader dans le domaine de la r\u00e9frig\u00e9ration et des appareils sp\u00e9cialis\u00e9s\",\"publisher\":[],\"potentialAction\":[{\"@type\":\"SearchAction\",\"target\":{\"@type\":\"EntryPoint\",\"urlTemplate\":\"https:\/\/www.danby.com\/fr\/?s={search_term_string}\"},\"query-input\":{\"@type\":\"PropertyValueSpecification\",\"valueRequired\":true,\"valueName\":\"search_term_string\"}}],\"inLanguage\":\"fr-CA\"},{\"@type\":\"Organization\",\"name\":\"Danby Appliances\",\"url\":\"https:\/\/www.danby.com\/fr\/\",\"logo\":{\"@type\":\"ImageObject\",\"inLanguage\":\"fr-CA\",\"url\":\"https:\/\/cdnweb.danby.com\/wp-content\/uploads\/sites\/2\/2022\/02\/10141906\/Danby75Ans_Blue.png\",\"contentUrl\":\"https:\/\/cdnweb.danby.com\/wp-content\/uploads\/sites\/2\/2022\/02\/10141906\/Danby75Ans_Blue.png\",\"width\":470,\"height\":110,\"caption\":\"Danby Appliances\"},\"image\":[],\"sameAs\":[\"https:\/\/www.facebook.com\/DanbyAppliances\",\"https:\/\/x.com\/DanbyAppliance\",\"https:\/\/instagram.com\/danbyappliances\/\",\"https:\/\/www.linkedin.com\/company\/danbyappliances\",\"https:\/\/www.pinterest.ca\/danbyappliances\/\",\"https:\/\/www.youtube.com\/user\/DanbyProducts\",\"https:\/\/en.wikipedia.org\/wiki\/Danby_(appliances)\"]}]}<\/script>\n<!-- \/ Yoast SEO plugin. -->","yoast_head_json":{"title":"Danby 4,4 cu. R\u00e9frig\u00e9rateur compact de 5,5 pi3 en blanc - DCR044B1WM-6 | Danby Canada","description":"Ce r\u00e9frig\u00e9rateur compact offre 4,4 pi3 (124 L) d\u2019espace de r\u00e9frig\u00e9ration avec un bac \u00e0 l\u00e9gumes pleine largeur et un refroidisseur pleine largeur int\u00e9gr\u00e9s. Il y a des charni\u00e8res de porte r\u00e9versibles qui permettent aux utilisateurs d\u2019ouvrir la porte \u00e0 partir de la droite ou de la gauche avec la poign\u00e9e de porte int\u00e9gr\u00e9e, peu importe l\u2019organisation de la pi\u00e8ce. L\u2019\u00e9tag\u00e8re compl\u00e8te et la demi-\u00e9tag\u00e8re ajustables ainsi que le rangement pour les grandes bouteilles vous permettent de maximiser l\u2019espace de votre r\u00e9frig\u00e9rateur.","robots":{"index":"index","follow":"follow","max-snippet":"max-snippet:-1","max-image-preview":"max-image-preview:large","max-video-preview":"max-video-preview:-1"},"canonical":"https:\/\/www.danby.com\/fr\/products\/refrigeration-compact\/dcr044b1wm-6\/","og_locale":"fr_CA","og_type":"article","og_title":"Danby 4,4 cu. R\u00e9frig\u00e9rateur compact de 5,5 pi3 en blanc - DCR044B1WM-6 | Danby Canada","og_description":"Ce r\u00e9frig\u00e9rateur compact offre 4,4 pi3 (124 L) d\u2019espace de r\u00e9frig\u00e9ration avec un bac \u00e0 l\u00e9gumes pleine largeur et un refroidisseur pleine largeur int\u00e9gr\u00e9s. Il y a des charni\u00e8res de porte r\u00e9versibles qui permettent aux utilisateurs d\u2019ouvrir la porte \u00e0 partir de la droite ou de la gauche avec la poign\u00e9e de porte int\u00e9gr\u00e9e, peu importe l\u2019organisation de la pi\u00e8ce. L\u2019\u00e9tag\u00e8re compl\u00e8te et la demi-\u00e9tag\u00e8re ajustables ainsi que le rangement pour les grandes bouteilles vous permettent de maximiser l\u2019espace de votre r\u00e9frig\u00e9rateur.","og_url":"https:\/\/www.danby.com\/fr\/products\/refrigeration-compact\/dcr044b1wm-6\/","og_site_name":"Danby - Canada - French","article_publisher":"https:\/\/www.facebook.com\/DanbyAppliances","article_modified_time":"2026-04-18T10:06:52+00:00","og_image":[{"width":2000,"height":1333,"url":"https:\/\/cdnweb.danby.com\/wp-content\/uploads\/sites\/2\/2023\/05\/02153916\/DCR044B1WM_front_closed-606x404%20%281%29.jpg","type":"image\/jpeg"}],"twitter_card":"summary_large_image","twitter_site":"@DanbyAppliance","schema":{"@context":"https:\/\/schema.org","@graph":[{"@type":["WebPage","ItemPage"],"url":"https:\/\/www.danby.com\/fr\/products\/refrigeration-compact\/dcr044b1wm-6\/","name":"Danby 4,4 cu. R\u00e9frig\u00e9rateur compact de 5,5 pi3 en blanc - DCR044B1WM-6 | Danby Canada","isPartOf":[],"primaryImageOfPage":[],"image":[],"thumbnailUrl":"https:\/\/www.danby.com\/fr\/wp-content\/uploads\/sites\/2\/2025\/09\/dcr044b1wm-6-thumbnail.jpg","datePublished":"2022-02-03T19:15:59+00:00","dateModified":"2026-04-18T10:06:52+00:00","description":"Ce r\u00e9frig\u00e9rateur compact offre 4,4 pi3 (124 L) d\u2019espace de r\u00e9frig\u00e9ration avec un bac \u00e0 l\u00e9gumes pleine largeur et un refroidisseur pleine largeur int\u00e9gr\u00e9s. Il y a des charni\u00e8res de porte r\u00e9versibles qui permettent aux utilisateurs d\u2019ouvrir la porte \u00e0 partir de la droite ou de la gauche avec la poign\u00e9e de porte int\u00e9gr\u00e9e, peu importe l\u2019organisation de la pi\u00e8ce. L\u2019\u00e9tag\u00e8re compl\u00e8te et la demi-\u00e9tag\u00e8re ajustables ainsi que le rangement pour les grandes bouteilles vous permettent de maximiser l\u2019espace de votre r\u00e9frig\u00e9rateur.","breadcrumb":[],"inLanguage":"fr-CA","potentialAction":[{"@type":"ReadAction","target":["https:\/\/www.danby.com\/fr\/products\/refrigeration-compact\/dcr044b1wm-6\/"]}]},{"@type":"ImageObject","inLanguage":"fr-CA","url":"https:\/\/www.danby.com\/fr\/wp-content\/uploads\/sites\/2\/2025\/09\/dcr044b1wm-6-thumbnail.jpg","contentUrl":"https:\/\/www.danby.com\/fr\/wp-content\/uploads\/sites\/2\/2025\/09\/dcr044b1wm-6-thumbnail.jpg","width":768,"height":1024},{"@type":"BreadcrumbList","itemListElement":[{"@type":"ListItem","position":1,"name":"Home","item":"https:\/\/www.danby.com\/fr\/"},{"@type":"ListItem","position":2,"name":"Boutique","item":"https:\/\/www.danby.com\/fr\/boutique\/"},{"@type":"ListItem","position":3,"name":"Danby 4,4 cu. R\u00e9frig\u00e9rateur compact de 5,5 pi3 en blanc"}]},{"@type":"WebSite","url":"https:\/\/www.danby.com\/fr\/","name":"Danby - Canada - French","description":"Leader dans le domaine de la r\u00e9frig\u00e9ration et des appareils sp\u00e9cialis\u00e9s","publisher":[],"potentialAction":[{"@type":"SearchAction","target":{"@type":"EntryPoint","urlTemplate":"https:\/\/www.danby.com\/fr\/?s={search_term_string}"},"query-input":{"@type":"PropertyValueSpecification","valueRequired":true,"valueName":"search_term_string"}}],"inLanguage":"fr-CA"},{"@type":"Organization","name":"Danby Appliances","url":"https:\/\/www.danby.com\/fr\/","logo":{"@type":"ImageObject","inLanguage":"fr-CA","url":"https:\/\/cdnweb.danby.com\/wp-content\/uploads\/sites\/2\/2022\/02\/10141906\/Danby75Ans_Blue.png","contentUrl":"https:\/\/cdnweb.danby.com\/wp-content\/uploads\/sites\/2\/2022\/02\/10141906\/Danby75Ans_Blue.png","width":470,"height":110,"caption":"Danby Appliances"},"image":[],"sameAs":["https:\/\/www.facebook.com\/DanbyAppliances","https:\/\/x.com\/DanbyAppliance","https:\/\/instagram.com\/danbyappliances\/","https:\/\/www.linkedin.com\/company\/danbyappliances","https:\/\/www.pinterest.ca\/danbyappliances\/","https:\/\/www.youtube.com\/user\/DanbyProducts","https:\/\/en.wikipedia.org\/wiki\/Danby_(appliances)"]}]}},"post_mailing_queue_ids":[],"_links":{"self":[{"href":"https:\/\/www.danby.com\/fr\/wp-json\/wp\/v2\/product\/4823","targetHints":{"allow":["GET"]}}],"collection":[{"href":"https:\/\/www.danby.com\/fr\/wp-json\/wp\/v2\/product"}],"about":[{"href":"https:\/\/www.danby.com\/fr\/wp-json\/wp\/v2\/types\/product"}],"replies":[{"embeddable":true,"href":"https:\/\/www.danby.com\/fr\/wp-json\/wp\/v2\/comments?post=4823"}],"wp:featuredmedia":[{"embeddable":true,"href":"https:\/\/www.danby.com\/fr\/wp-json\/wp\/v2\/media\/34818"}],"wp:attachment":[{"href":"https:\/\/www.danby.com\/fr\/wp-json\/wp\/v2\/media?parent=4823"}],"wp:term":[{"taxonomy":"product_brand","embeddable":true,"href":"https:\/\/www.danby.com\/fr\/wp-json\/wp\/v2\/product_brand?post=4823"},{"taxonomy":"product_cat","embeddable":true,"href":"https:\/\/www.danby.com\/fr\/wp-json\/wp\/v2\/product_cat?post=4823"},{"taxonomy":"product_tag","embeddable":true,"href":"https:\/\/www.danby.com\/fr\/wp-json\/wp\/v2\/product_tag?post=4823"}],"curies":[{"name":"wp","href":"https:\/\/api.w.org\/{rel}","templated":true}]}}