{"id":4822,"date":"2022-02-03T19:15:59","date_gmt":"2022-02-03T19:15:59","guid":{"rendered":"https:\/\/www.danby.com\/fr\/product\/dcr044b1wm\/"},"modified":"2026-04-20T10:07:10","modified_gmt":"2026-04-20T10:07:10","slug":"dcr044b1wm","status":"publish","type":"product","link":"https:\/\/www.danby.com\/fr\/products\/refrigeration-compact\/dcr044b1wm\/","title":{"rendered":"Danby R\u00e9frig\u00e9rateur compact de 4,4 pi3 en Blanc"},"content":{"rendered":"","protected":false},"excerpt":{"rendered":"<ul>\n<li>R\u00e9frig\u00e9rateur compact d&#8217;une capacit\u00e9 de 124 L (4,4 pi3)<\/li>\n<li>Certifi\u00e9 ENERGY STAR\u00ae<\/li>\n<li>R\u00e9frig\u00e9rant R600a<\/li>\n<li>Section refroidisseur pleine largeur<\/li>\n<li>Syst\u00e8me de d\u00e9givrage manuel<\/li>\n<li>1 tablette en verre r\u00e9glable sur toute la largeur et 1 tablette en verre sur 1\/2 largeur<\/li>\n<li>\u00c9tag\u00e8res de porte int\u00e9gr\u00e9es avec rangement pour les grandes bouteilles<\/li>\n<li>Bac \u00e0 l\u00e9gumes<\/li>\n<li>Thermostat m\u00e9canique<\/li>\n<li>Poign\u00e9e de porte int\u00e9gr\u00e9e<\/li>\n<li>Charni\u00e8re de porte r\u00e9versible<\/li>\n<li>Conception du dos lisse<\/li>\n<\/ul>\n","protected":false},"featured_media":34819,"comment_status":"closed","ping_status":"open","template":"","meta":{"_acf_changed":false},"product_brand":[],"product_cat":[22],"product_tag":[],"class_list":{"0":"post-4822","1":"product","2":"type-product","3":"status-publish","4":"has-post-thumbnail","6":"product_cat-refrigeration-compact","8":"first","9":"instock","10":"taxable","11":"shipping-taxable","12":"purchasable","13":"product-type-simple"},"acf":[],"yoast_head":"<!-- This site is optimized with the Yoast SEO plugin v26.7 - https:\/\/yoast.com\/wordpress\/plugins\/seo\/ -->\n<title>Danby R\u00e9frig\u00e9rateur compact de 4,4 pi3 en Blanc - DCR044B1WM | Danby Canada<\/title>\n<meta name=\"description\" content=\"Ce r\u00e9frig\u00e9rateur compact offre un espace de r\u00e9frig\u00e9ration consid\u00e9rable de 4,4 pieds cubes (125 L) avec un refroidisseur et un bac \u00e0 l\u00e9gumes int\u00e9gr\u00e9s sur toute la largeur. La charni\u00e8re de la porte est r\u00e9versible, ce qui permet aux utilisateurs d&#039;ouvrir le r\u00e9frig\u00e9rateur \u00e0 gauche ou \u00e0 droite gr\u00e2ce \u00e0 la poign\u00e9e de porte int\u00e9gr\u00e9e, pour s&#039;adapter \u00e0 n&#039;importe quelle configuration de la pi\u00e8ce. Les \u00e9tag\u00e8res et demi r\u00e9glables et le rangement des bouteilles hautes vous permettent d&#039;optimiser l&#039;espace de votre r\u00e9frig\u00e9rateur.\" \/>\n<meta name=\"robots\" content=\"index, follow, max-snippet:-1, max-image-preview:large, max-video-preview:-1\" \/>\n<link rel=\"canonical\" href=\"https:\/\/www.danby.com\/fr\/products\/refrigeration-compact\/dcr044b1wm\/\" \/>\n<meta property=\"og:locale\" content=\"fr_CA\" \/>\n<meta property=\"og:type\" content=\"article\" \/>\n<meta property=\"og:title\" content=\"Danby R\u00e9frig\u00e9rateur compact de 4,4 pi3 en Blanc - DCR044B1WM | Danby Canada\" \/>\n<meta property=\"og:description\" content=\"Ce r\u00e9frig\u00e9rateur compact offre un espace de r\u00e9frig\u00e9ration consid\u00e9rable de 4,4 pieds cubes (125 L) avec un refroidisseur et un bac \u00e0 l\u00e9gumes int\u00e9gr\u00e9s sur toute la largeur. La charni\u00e8re de la porte est r\u00e9versible, ce qui permet aux utilisateurs d&#039;ouvrir le r\u00e9frig\u00e9rateur \u00e0 gauche ou \u00e0 droite gr\u00e2ce \u00e0 la poign\u00e9e de porte int\u00e9gr\u00e9e, pour s&#039;adapter \u00e0 n&#039;importe quelle configuration de la pi\u00e8ce. Les \u00e9tag\u00e8res et demi r\u00e9glables et le rangement des bouteilles hautes vous permettent d&#039;optimiser l&#039;espace de votre r\u00e9frig\u00e9rateur.\" \/>\n<meta property=\"og:url\" content=\"https:\/\/www.danby.com\/fr\/products\/refrigeration-compact\/dcr044b1wm\/\" \/>\n<meta property=\"og:site_name\" content=\"Danby - Canada - French\" \/>\n<meta property=\"article:publisher\" content=\"https:\/\/www.facebook.com\/DanbyAppliances\" \/>\n<meta property=\"article:modified_time\" content=\"2026-04-20T10:07:10+00:00\" \/>\n<meta property=\"og:image\" content=\"https:\/\/cdnweb.danby.com\/wp-content\/uploads\/sites\/2\/2024\/04\/24182051\/Thumbnail__0027_DCR044B1WM.jpg\" \/>\n\t<meta property=\"og:image:width\" content=\"1125\" \/>\n\t<meta property=\"og:image:height\" content=\"1500\" \/>\n\t<meta property=\"og:image:type\" content=\"image\/jpeg\" \/>\n<meta name=\"twitter:card\" content=\"summary_large_image\" \/>\n<meta name=\"twitter:site\" content=\"@DanbyAppliance\" \/>\n<script type=\"application\/ld+json\" class=\"yoast-schema-graph\">{\"@context\":\"https:\/\/schema.org\",\"@graph\":[{\"@type\":[\"WebPage\",\"ItemPage\"],\"url\":\"https:\/\/www.danby.com\/fr\/products\/refrigeration-compact\/dcr044b1wm\/\",\"name\":\"Danby R\u00e9frig\u00e9rateur compact de 4,4 pi3 en Blanc - DCR044B1WM | Danby Canada\",\"isPartOf\":[],\"primaryImageOfPage\":[],\"image\":[],\"thumbnailUrl\":\"https:\/\/www.danby.com\/fr\/wp-content\/uploads\/sites\/2\/2025\/09\/dcr044b1wm-thumbnail.jpg\",\"datePublished\":\"2022-02-03T19:15:59+00:00\",\"dateModified\":\"2026-04-20T10:07:10+00:00\",\"description\":\"Ce r\u00e9frig\u00e9rateur compact offre un espace de r\u00e9frig\u00e9ration consid\u00e9rable de 4,4 pieds cubes (125 L) avec un refroidisseur et un bac \u00e0 l\u00e9gumes int\u00e9gr\u00e9s sur toute la largeur. La charni\u00e8re de la porte est r\u00e9versible, ce qui permet aux utilisateurs d'ouvrir le r\u00e9frig\u00e9rateur \u00e0 gauche ou \u00e0 droite gr\u00e2ce \u00e0 la poign\u00e9e de porte int\u00e9gr\u00e9e, pour s'adapter \u00e0 n'importe quelle configuration de la pi\u00e8ce. Les \u00e9tag\u00e8res et demi r\u00e9glables et le rangement des bouteilles hautes vous permettent d'optimiser l'espace de votre r\u00e9frig\u00e9rateur.\",\"breadcrumb\":[],\"inLanguage\":\"fr-CA\",\"potentialAction\":[{\"@type\":\"ReadAction\",\"target\":[\"https:\/\/www.danby.com\/fr\/products\/refrigeration-compact\/dcr044b1wm\/\"]}]},{\"@type\":\"ImageObject\",\"inLanguage\":\"fr-CA\",\"url\":\"https:\/\/www.danby.com\/fr\/wp-content\/uploads\/sites\/2\/2025\/09\/dcr044b1wm-thumbnail.jpg\",\"contentUrl\":\"https:\/\/www.danby.com\/fr\/wp-content\/uploads\/sites\/2\/2025\/09\/dcr044b1wm-thumbnail.jpg\",\"width\":768,\"height\":1024},{\"@type\":\"BreadcrumbList\",\"itemListElement\":[{\"@type\":\"ListItem\",\"position\":1,\"name\":\"Home\",\"item\":\"https:\/\/www.danby.com\/fr\/\"},{\"@type\":\"ListItem\",\"position\":2,\"name\":\"Boutique\",\"item\":\"https:\/\/www.danby.com\/fr\/boutique\/\"},{\"@type\":\"ListItem\",\"position\":3,\"name\":\"Danby R\u00e9frig\u00e9rateur compact de 4,4 pi3 en blanc\"}]},{\"@type\":\"WebSite\",\"url\":\"https:\/\/www.danby.com\/fr\/\",\"name\":\"Danby - Canada - French\",\"description\":\"Leader dans le domaine de la r\u00e9frig\u00e9ration et des appareils sp\u00e9cialis\u00e9s\",\"publisher\":[],\"potentialAction\":[{\"@type\":\"SearchAction\",\"target\":{\"@type\":\"EntryPoint\",\"urlTemplate\":\"https:\/\/www.danby.com\/fr\/?s={search_term_string}\"},\"query-input\":{\"@type\":\"PropertyValueSpecification\",\"valueRequired\":true,\"valueName\":\"search_term_string\"}}],\"inLanguage\":\"fr-CA\"},{\"@type\":\"Organization\",\"name\":\"Danby Appliances\",\"url\":\"https:\/\/www.danby.com\/fr\/\",\"logo\":{\"@type\":\"ImageObject\",\"inLanguage\":\"fr-CA\",\"url\":\"https:\/\/cdnweb.danby.com\/wp-content\/uploads\/sites\/2\/2022\/02\/10141906\/Danby75Ans_Blue.png\",\"contentUrl\":\"https:\/\/cdnweb.danby.com\/wp-content\/uploads\/sites\/2\/2022\/02\/10141906\/Danby75Ans_Blue.png\",\"width\":470,\"height\":110,\"caption\":\"Danby Appliances\"},\"image\":[],\"sameAs\":[\"https:\/\/www.facebook.com\/DanbyAppliances\",\"https:\/\/x.com\/DanbyAppliance\",\"https:\/\/instagram.com\/danbyappliances\/\",\"https:\/\/www.linkedin.com\/company\/danbyappliances\",\"https:\/\/www.pinterest.ca\/danbyappliances\/\",\"https:\/\/www.youtube.com\/user\/DanbyProducts\",\"https:\/\/en.wikipedia.org\/wiki\/Danby_(appliances)\"]}]}<\/script>\n<!-- \/ Yoast SEO plugin. -->","yoast_head_json":{"title":"Danby R\u00e9frig\u00e9rateur compact de 4,4 pi3 en Blanc - DCR044B1WM | Danby Canada","description":"Ce r\u00e9frig\u00e9rateur compact offre un espace de r\u00e9frig\u00e9ration consid\u00e9rable de 4,4 pieds cubes (125 L) avec un refroidisseur et un bac \u00e0 l\u00e9gumes int\u00e9gr\u00e9s sur toute la largeur. La charni\u00e8re de la porte est r\u00e9versible, ce qui permet aux utilisateurs d'ouvrir le r\u00e9frig\u00e9rateur \u00e0 gauche ou \u00e0 droite gr\u00e2ce \u00e0 la poign\u00e9e de porte int\u00e9gr\u00e9e, pour s'adapter \u00e0 n'importe quelle configuration de la pi\u00e8ce. Les \u00e9tag\u00e8res et demi r\u00e9glables et le rangement des bouteilles hautes vous permettent d'optimiser l'espace de votre r\u00e9frig\u00e9rateur.","robots":{"index":"index","follow":"follow","max-snippet":"max-snippet:-1","max-image-preview":"max-image-preview:large","max-video-preview":"max-video-preview:-1"},"canonical":"https:\/\/www.danby.com\/fr\/products\/refrigeration-compact\/dcr044b1wm\/","og_locale":"fr_CA","og_type":"article","og_title":"Danby R\u00e9frig\u00e9rateur compact de 4,4 pi3 en Blanc - DCR044B1WM | Danby Canada","og_description":"Ce r\u00e9frig\u00e9rateur compact offre un espace de r\u00e9frig\u00e9ration consid\u00e9rable de 4,4 pieds cubes (125 L) avec un refroidisseur et un bac \u00e0 l\u00e9gumes int\u00e9gr\u00e9s sur toute la largeur. La charni\u00e8re de la porte est r\u00e9versible, ce qui permet aux utilisateurs d'ouvrir le r\u00e9frig\u00e9rateur \u00e0 gauche ou \u00e0 droite gr\u00e2ce \u00e0 la poign\u00e9e de porte int\u00e9gr\u00e9e, pour s'adapter \u00e0 n'importe quelle configuration de la pi\u00e8ce. Les \u00e9tag\u00e8res et demi r\u00e9glables et le rangement des bouteilles hautes vous permettent d'optimiser l'espace de votre r\u00e9frig\u00e9rateur.","og_url":"https:\/\/www.danby.com\/fr\/products\/refrigeration-compact\/dcr044b1wm\/","og_site_name":"Danby - Canada - French","article_publisher":"https:\/\/www.facebook.com\/DanbyAppliances","article_modified_time":"2026-04-20T10:07:10+00:00","og_image":[{"width":1125,"height":1500,"url":"https:\/\/cdnweb.danby.com\/wp-content\/uploads\/sites\/2\/2024\/04\/24182051\/Thumbnail__0027_DCR044B1WM.jpg","type":"image\/jpeg"}],"twitter_card":"summary_large_image","twitter_site":"@DanbyAppliance","schema":{"@context":"https:\/\/schema.org","@graph":[{"@type":["WebPage","ItemPage"],"url":"https:\/\/www.danby.com\/fr\/products\/refrigeration-compact\/dcr044b1wm\/","name":"Danby R\u00e9frig\u00e9rateur compact de 4,4 pi3 en Blanc - DCR044B1WM | Danby Canada","isPartOf":[],"primaryImageOfPage":[],"image":[],"thumbnailUrl":"https:\/\/www.danby.com\/fr\/wp-content\/uploads\/sites\/2\/2025\/09\/dcr044b1wm-thumbnail.jpg","datePublished":"2022-02-03T19:15:59+00:00","dateModified":"2026-04-20T10:07:10+00:00","description":"Ce r\u00e9frig\u00e9rateur compact offre un espace de r\u00e9frig\u00e9ration consid\u00e9rable de 4,4 pieds cubes (125 L) avec un refroidisseur et un bac \u00e0 l\u00e9gumes int\u00e9gr\u00e9s sur toute la largeur. La charni\u00e8re de la porte est r\u00e9versible, ce qui permet aux utilisateurs d'ouvrir le r\u00e9frig\u00e9rateur \u00e0 gauche ou \u00e0 droite gr\u00e2ce \u00e0 la poign\u00e9e de porte int\u00e9gr\u00e9e, pour s'adapter \u00e0 n'importe quelle configuration de la pi\u00e8ce. Les \u00e9tag\u00e8res et demi r\u00e9glables et le rangement des bouteilles hautes vous permettent d'optimiser l'espace de votre r\u00e9frig\u00e9rateur.","breadcrumb":[],"inLanguage":"fr-CA","potentialAction":[{"@type":"ReadAction","target":["https:\/\/www.danby.com\/fr\/products\/refrigeration-compact\/dcr044b1wm\/"]}]},{"@type":"ImageObject","inLanguage":"fr-CA","url":"https:\/\/www.danby.com\/fr\/wp-content\/uploads\/sites\/2\/2025\/09\/dcr044b1wm-thumbnail.jpg","contentUrl":"https:\/\/www.danby.com\/fr\/wp-content\/uploads\/sites\/2\/2025\/09\/dcr044b1wm-thumbnail.jpg","width":768,"height":1024},{"@type":"BreadcrumbList","itemListElement":[{"@type":"ListItem","position":1,"name":"Home","item":"https:\/\/www.danby.com\/fr\/"},{"@type":"ListItem","position":2,"name":"Boutique","item":"https:\/\/www.danby.com\/fr\/boutique\/"},{"@type":"ListItem","position":3,"name":"Danby R\u00e9frig\u00e9rateur compact de 4,4 pi3 en blanc"}]},{"@type":"WebSite","url":"https:\/\/www.danby.com\/fr\/","name":"Danby - Canada - French","description":"Leader dans le domaine de la r\u00e9frig\u00e9ration et des appareils sp\u00e9cialis\u00e9s","publisher":[],"potentialAction":[{"@type":"SearchAction","target":{"@type":"EntryPoint","urlTemplate":"https:\/\/www.danby.com\/fr\/?s={search_term_string}"},"query-input":{"@type":"PropertyValueSpecification","valueRequired":true,"valueName":"search_term_string"}}],"inLanguage":"fr-CA"},{"@type":"Organization","name":"Danby Appliances","url":"https:\/\/www.danby.com\/fr\/","logo":{"@type":"ImageObject","inLanguage":"fr-CA","url":"https:\/\/cdnweb.danby.com\/wp-content\/uploads\/sites\/2\/2022\/02\/10141906\/Danby75Ans_Blue.png","contentUrl":"https:\/\/cdnweb.danby.com\/wp-content\/uploads\/sites\/2\/2022\/02\/10141906\/Danby75Ans_Blue.png","width":470,"height":110,"caption":"Danby Appliances"},"image":[],"sameAs":["https:\/\/www.facebook.com\/DanbyAppliances","https:\/\/x.com\/DanbyAppliance","https:\/\/instagram.com\/danbyappliances\/","https:\/\/www.linkedin.com\/company\/danbyappliances","https:\/\/www.pinterest.ca\/danbyappliances\/","https:\/\/www.youtube.com\/user\/DanbyProducts","https:\/\/en.wikipedia.org\/wiki\/Danby_(appliances)"]}]}},"post_mailing_queue_ids":[],"_links":{"self":[{"href":"https:\/\/www.danby.com\/fr\/wp-json\/wp\/v2\/product\/4822","targetHints":{"allow":["GET"]}}],"collection":[{"href":"https:\/\/www.danby.com\/fr\/wp-json\/wp\/v2\/product"}],"about":[{"href":"https:\/\/www.danby.com\/fr\/wp-json\/wp\/v2\/types\/product"}],"replies":[{"embeddable":true,"href":"https:\/\/www.danby.com\/fr\/wp-json\/wp\/v2\/comments?post=4822"}],"wp:featuredmedia":[{"embeddable":true,"href":"https:\/\/www.danby.com\/fr\/wp-json\/wp\/v2\/media\/34819"}],"wp:attachment":[{"href":"https:\/\/www.danby.com\/fr\/wp-json\/wp\/v2\/media?parent=4822"}],"wp:term":[{"taxonomy":"product_brand","embeddable":true,"href":"https:\/\/www.danby.com\/fr\/wp-json\/wp\/v2\/product_brand?post=4822"},{"taxonomy":"product_cat","embeddable":true,"href":"https:\/\/www.danby.com\/fr\/wp-json\/wp\/v2\/product_cat?post=4822"},{"taxonomy":"product_tag","embeddable":true,"href":"https:\/\/www.danby.com\/fr\/wp-json\/wp\/v2\/product_tag?post=4822"}],"curies":[{"name":"wp","href":"https:\/\/api.w.org\/{rel}","templated":true}]}}