{"id":4814,"date":"2022-02-03T19:15:59","date_gmt":"2022-02-03T19:15:59","guid":{"rendered":"https:\/\/www.danby.com\/fr\/product\/dcr044a2bdd\/"},"modified":"2026-04-05T10:05:21","modified_gmt":"2026-04-05T10:05:21","slug":"dcr044a2bdd","status":"publish","type":"product","link":"https:\/\/www.danby.com\/fr\/products\/refrigeration-compact\/dcr044a2bdd\/","title":{"rendered":"R\u00e9frig\u00e9rateur compact de 4,4 pi3 Danby Designer"},"content":{"rendered":"","protected":false},"excerpt":{"rendered":"<ul>\n<li>R\u00e9frig\u00e9rateur compact d&#8217;une capacit\u00e9 de 126 L (4,4 pi3)<\/li>\n<li>Certifi\u00e9 ENERGY STAR\u00ae<\/li>\n<li>R\u00e9frig\u00e9rant R600a <\/li>\n<li>D\u00e9givrage semi-automatique <\/li>\n<li>Section cong\u00e9lateur pleine largeur <\/li>\n<li>2 \u00e9tag\u00e8res en verre r\u00e9glables sur toute la largeur et 1 &#8211; 1\/2 largeur <\/li>\n<li>\u00c9tag\u00e8res de porte int\u00e9gr\u00e9es avec rangement pour grandes bouteilles<\/li>\n<li>Syst\u00e8me de distribution de boissons CanStor\u00ae. <\/li>\n<li>Thermostat m\u00e9canique <\/li>\n<li>Poign\u00e9e de porte int\u00e9gr\u00e9e <\/li>\n<li>Charni\u00e8re de porte r\u00e9versible <\/li>\n<li>Conception du dos lisse <\/li>\n<\/ul>\n","protected":false},"featured_media":34811,"comment_status":"closed","ping_status":"open","template":"","meta":{"_acf_changed":false},"product_brand":[],"product_cat":[22],"product_tag":[],"class_list":{"0":"post-4814","1":"product","2":"type-product","3":"status-publish","4":"has-post-thumbnail","6":"product_cat-refrigeration-compact","8":"first","9":"instock","10":"taxable","11":"shipping-taxable","12":"purchasable","13":"product-type-simple"},"acf":[],"yoast_head":"<!-- This site is optimized with the Yoast SEO plugin v26.7 - https:\/\/yoast.com\/wordpress\/plugins\/seo\/ -->\n<title>R\u00e9frig\u00e9rateur compact de 4,4 pi3 Danby Designer - DCR044A2BDD | Danby Canada<\/title>\n<meta name=\"description\" content=\"Lorsque vous avez besoin d&#039;un r\u00e9frig\u00e9rateur de comptoir qui offre une grande surface de stockage dans un espace compact, vous devez regarder plus loin que le mod\u00e8le Danby Designer. Ce mini r\u00e9frig\u00e9rateur offre une capacit\u00e9 de r\u00e9frig\u00e9ration de 4,4 pieds cubes (125 L) et est id\u00e9al pour les ateliers, les salons, les salles de jeux, les salles \u00e0 manger, etc. Il est \u00e9quip\u00e9 d&#039;un distributeur de boissons CanStor\u00ae pratique pour vos boissons pr\u00e9f\u00e9r\u00e9es et dispose d&#039;un espace suffisant pour les grandes bouteilles. Il est \u00e9quip\u00e9 d&#039;un distributeur de boissons CanStor\u00ae pratique pour vos boissons pr\u00e9f\u00e9r\u00e9es et offre suffisamment d&#039;espace pour les grandes bouteilles. La conception \u00e0 2,5 \u00e9tag\u00e8res offre une polyvalence de stockage maximale, et l&#039;appareil est contr\u00f4l\u00e9 par un thermostat m\u00e9canique pr\u00e9cis et un syst\u00e8me de d\u00e9givrage semi-automatique simple. Si vous avez besoin de congeler certains types d&#039;aliments ou si vous cherchez simplement un endroit pour fabriquer et stocker des gla\u00e7ons, cet appareil r\u00e9pond aux exigences car il dispose \u00e9galement d&#039;une section de cong\u00e9lation ind\u00e9pendante sur toute la largeur. Comme ce mod\u00e8le attrayant est \u00e9galement certifi\u00e9 ENERGY STAR\u00ae, il n&#039;augmentera pas vos factures d&#039;\u00e9lectricit\u00e9. Ce r\u00e9frig\u00e9rateur compact est disponible en blanc, noir et acier inoxydable, ce qui lui permet de s&#039;adapter \u00e0 tous les styles de d\u00e9cor. En outre, il est dot\u00e9 d&#039;une poign\u00e9e de porte int\u00e9gr\u00e9e et d&#039;une charni\u00e8re de porte r\u00e9versible pratique pour une ouverture \u00e0 gauche ou \u00e0 droite.\" \/>\n<meta name=\"robots\" content=\"index, follow, max-snippet:-1, max-image-preview:large, max-video-preview:-1\" \/>\n<link rel=\"canonical\" href=\"https:\/\/www.danby.com\/fr\/products\/refrigeration-compact\/dcr044a2bdd\/\" \/>\n<meta property=\"og:locale\" content=\"fr_CA\" \/>\n<meta property=\"og:type\" content=\"article\" \/>\n<meta property=\"og:title\" content=\"R\u00e9frig\u00e9rateur compact de 4,4 pi3 Danby Designer - DCR044A2BDD | Danby Canada\" \/>\n<meta property=\"og:description\" content=\"Lorsque vous avez besoin d&#039;un r\u00e9frig\u00e9rateur de comptoir qui offre une grande surface de stockage dans un espace compact, vous devez regarder plus loin que le mod\u00e8le Danby Designer. Ce mini r\u00e9frig\u00e9rateur offre une capacit\u00e9 de r\u00e9frig\u00e9ration de 4,4 pieds cubes (125 L) et est id\u00e9al pour les ateliers, les salons, les salles de jeux, les salles \u00e0 manger, etc. Il est \u00e9quip\u00e9 d&#039;un distributeur de boissons CanStor\u00ae pratique pour vos boissons pr\u00e9f\u00e9r\u00e9es et dispose d&#039;un espace suffisant pour les grandes bouteilles. Il est \u00e9quip\u00e9 d&#039;un distributeur de boissons CanStor\u00ae pratique pour vos boissons pr\u00e9f\u00e9r\u00e9es et offre suffisamment d&#039;espace pour les grandes bouteilles. La conception \u00e0 2,5 \u00e9tag\u00e8res offre une polyvalence de stockage maximale, et l&#039;appareil est contr\u00f4l\u00e9 par un thermostat m\u00e9canique pr\u00e9cis et un syst\u00e8me de d\u00e9givrage semi-automatique simple. Si vous avez besoin de congeler certains types d&#039;aliments ou si vous cherchez simplement un endroit pour fabriquer et stocker des gla\u00e7ons, cet appareil r\u00e9pond aux exigences car il dispose \u00e9galement d&#039;une section de cong\u00e9lation ind\u00e9pendante sur toute la largeur. Comme ce mod\u00e8le attrayant est \u00e9galement certifi\u00e9 ENERGY STAR\u00ae, il n&#039;augmentera pas vos factures d&#039;\u00e9lectricit\u00e9. Ce r\u00e9frig\u00e9rateur compact est disponible en blanc, noir et acier inoxydable, ce qui lui permet de s&#039;adapter \u00e0 tous les styles de d\u00e9cor. En outre, il est dot\u00e9 d&#039;une poign\u00e9e de porte int\u00e9gr\u00e9e et d&#039;une charni\u00e8re de porte r\u00e9versible pratique pour une ouverture \u00e0 gauche ou \u00e0 droite.\" \/>\n<meta property=\"og:url\" content=\"https:\/\/www.danby.com\/fr\/products\/refrigeration-compact\/dcr044a2bdd\/\" \/>\n<meta property=\"og:site_name\" content=\"Danby - Canada - French\" \/>\n<meta property=\"article:publisher\" content=\"https:\/\/www.facebook.com\/DanbyAppliances\" \/>\n<meta property=\"article:modified_time\" content=\"2026-04-05T10:05:21+00:00\" \/>\n<meta property=\"og:image\" content=\"https:\/\/cdnweb.danby.com\/wp-content\/uploads\/sites\/2\/2024\/04\/24180415\/Thumbnail__0003_DCR044A2BDD.jpg\" \/>\n\t<meta property=\"og:image:width\" content=\"1125\" \/>\n\t<meta property=\"og:image:height\" content=\"1500\" \/>\n\t<meta property=\"og:image:type\" content=\"image\/jpeg\" \/>\n<meta name=\"twitter:card\" content=\"summary_large_image\" \/>\n<meta name=\"twitter:site\" content=\"@DanbyAppliance\" \/>\n<script type=\"application\/ld+json\" class=\"yoast-schema-graph\">{\"@context\":\"https:\/\/schema.org\",\"@graph\":[{\"@type\":[\"WebPage\",\"ItemPage\"],\"url\":\"https:\/\/www.danby.com\/fr\/products\/refrigeration-compact\/dcr044a2bdd\/\",\"name\":\"R\u00e9frig\u00e9rateur compact de 4,4 pi3 Danby Designer - DCR044A2BDD | Danby Canada\",\"isPartOf\":[],\"primaryImageOfPage\":[],\"image\":[],\"thumbnailUrl\":\"https:\/\/www.danby.com\/fr\/wp-content\/uploads\/sites\/2\/2025\/09\/dcr044a2bdd-thumbnail.jpg\",\"datePublished\":\"2022-02-03T19:15:59+00:00\",\"dateModified\":\"2026-04-05T10:05:21+00:00\",\"description\":\"Lorsque vous avez besoin d'un r\u00e9frig\u00e9rateur de comptoir qui offre une grande surface de stockage dans un espace compact, vous devez regarder plus loin que le mod\u00e8le Danby Designer. Ce mini r\u00e9frig\u00e9rateur offre une capacit\u00e9 de r\u00e9frig\u00e9ration de 4,4 pieds cubes (125 L) et est id\u00e9al pour les ateliers, les salons, les salles de jeux, les salles \u00e0 manger, etc. Il est \u00e9quip\u00e9 d'un distributeur de boissons CanStor\u00ae pratique pour vos boissons pr\u00e9f\u00e9r\u00e9es et dispose d'un espace suffisant pour les grandes bouteilles. Il est \u00e9quip\u00e9 d'un distributeur de boissons CanStor\u00ae pratique pour vos boissons pr\u00e9f\u00e9r\u00e9es et offre suffisamment d'espace pour les grandes bouteilles. La conception \u00e0 2,5 \u00e9tag\u00e8res offre une polyvalence de stockage maximale, et l'appareil est contr\u00f4l\u00e9 par un thermostat m\u00e9canique pr\u00e9cis et un syst\u00e8me de d\u00e9givrage semi-automatique simple. Si vous avez besoin de congeler certains types d'aliments ou si vous cherchez simplement un endroit pour fabriquer et stocker des gla\u00e7ons, cet appareil r\u00e9pond aux exigences car il dispose \u00e9galement d'une section de cong\u00e9lation ind\u00e9pendante sur toute la largeur. Comme ce mod\u00e8le attrayant est \u00e9galement certifi\u00e9 ENERGY STAR\u00ae, il n'augmentera pas vos factures d'\u00e9lectricit\u00e9. Ce r\u00e9frig\u00e9rateur compact est disponible en blanc, noir et acier inoxydable, ce qui lui permet de s'adapter \u00e0 tous les styles de d\u00e9cor. En outre, il est dot\u00e9 d'une poign\u00e9e de porte int\u00e9gr\u00e9e et d'une charni\u00e8re de porte r\u00e9versible pratique pour une ouverture \u00e0 gauche ou \u00e0 droite.\",\"breadcrumb\":[],\"inLanguage\":\"fr-CA\",\"potentialAction\":[{\"@type\":\"ReadAction\",\"target\":[\"https:\/\/www.danby.com\/fr\/products\/refrigeration-compact\/dcr044a2bdd\/\"]}]},{\"@type\":\"ImageObject\",\"inLanguage\":\"fr-CA\",\"url\":\"https:\/\/www.danby.com\/fr\/wp-content\/uploads\/sites\/2\/2025\/09\/dcr044a2bdd-thumbnail.jpg\",\"contentUrl\":\"https:\/\/www.danby.com\/fr\/wp-content\/uploads\/sites\/2\/2025\/09\/dcr044a2bdd-thumbnail.jpg\",\"width\":768,\"height\":1024},{\"@type\":\"BreadcrumbList\",\"itemListElement\":[{\"@type\":\"ListItem\",\"position\":1,\"name\":\"Home\",\"item\":\"https:\/\/www.danby.com\/fr\/\"},{\"@type\":\"ListItem\",\"position\":2,\"name\":\"Boutique\",\"item\":\"https:\/\/www.danby.com\/fr\/boutique\/\"},{\"@type\":\"ListItem\",\"position\":3,\"name\":\"R\u00e9frig\u00e9rateur compact de 4,4 pi3 Danby Designer\"}]},{\"@type\":\"WebSite\",\"url\":\"https:\/\/www.danby.com\/fr\/\",\"name\":\"Danby - Canada - French\",\"description\":\"Leader dans le domaine de la r\u00e9frig\u00e9ration et des appareils sp\u00e9cialis\u00e9s\",\"publisher\":[],\"potentialAction\":[{\"@type\":\"SearchAction\",\"target\":{\"@type\":\"EntryPoint\",\"urlTemplate\":\"https:\/\/www.danby.com\/fr\/?s={search_term_string}\"},\"query-input\":{\"@type\":\"PropertyValueSpecification\",\"valueRequired\":true,\"valueName\":\"search_term_string\"}}],\"inLanguage\":\"fr-CA\"},{\"@type\":\"Organization\",\"name\":\"Danby Appliances\",\"url\":\"https:\/\/www.danby.com\/fr\/\",\"logo\":{\"@type\":\"ImageObject\",\"inLanguage\":\"fr-CA\",\"url\":\"https:\/\/cdnweb.danby.com\/wp-content\/uploads\/sites\/2\/2022\/02\/10141906\/Danby75Ans_Blue.png\",\"contentUrl\":\"https:\/\/cdnweb.danby.com\/wp-content\/uploads\/sites\/2\/2022\/02\/10141906\/Danby75Ans_Blue.png\",\"width\":470,\"height\":110,\"caption\":\"Danby Appliances\"},\"image\":[],\"sameAs\":[\"https:\/\/www.facebook.com\/DanbyAppliances\",\"https:\/\/x.com\/DanbyAppliance\",\"https:\/\/instagram.com\/danbyappliances\/\",\"https:\/\/www.linkedin.com\/company\/danbyappliances\",\"https:\/\/www.pinterest.ca\/danbyappliances\/\",\"https:\/\/www.youtube.com\/user\/DanbyProducts\",\"https:\/\/en.wikipedia.org\/wiki\/Danby_(appliances)\"]}]}<\/script>\n<!-- \/ Yoast SEO plugin. -->","yoast_head_json":{"title":"R\u00e9frig\u00e9rateur compact de 4,4 pi3 Danby Designer - DCR044A2BDD | Danby Canada","description":"Lorsque vous avez besoin d'un r\u00e9frig\u00e9rateur de comptoir qui offre une grande surface de stockage dans un espace compact, vous devez regarder plus loin que le mod\u00e8le Danby Designer. Ce mini r\u00e9frig\u00e9rateur offre une capacit\u00e9 de r\u00e9frig\u00e9ration de 4,4 pieds cubes (125 L) et est id\u00e9al pour les ateliers, les salons, les salles de jeux, les salles \u00e0 manger, etc. Il est \u00e9quip\u00e9 d'un distributeur de boissons CanStor\u00ae pratique pour vos boissons pr\u00e9f\u00e9r\u00e9es et dispose d'un espace suffisant pour les grandes bouteilles. Il est \u00e9quip\u00e9 d'un distributeur de boissons CanStor\u00ae pratique pour vos boissons pr\u00e9f\u00e9r\u00e9es et offre suffisamment d'espace pour les grandes bouteilles. La conception \u00e0 2,5 \u00e9tag\u00e8res offre une polyvalence de stockage maximale, et l'appareil est contr\u00f4l\u00e9 par un thermostat m\u00e9canique pr\u00e9cis et un syst\u00e8me de d\u00e9givrage semi-automatique simple. Si vous avez besoin de congeler certains types d'aliments ou si vous cherchez simplement un endroit pour fabriquer et stocker des gla\u00e7ons, cet appareil r\u00e9pond aux exigences car il dispose \u00e9galement d'une section de cong\u00e9lation ind\u00e9pendante sur toute la largeur. Comme ce mod\u00e8le attrayant est \u00e9galement certifi\u00e9 ENERGY STAR\u00ae, il n'augmentera pas vos factures d'\u00e9lectricit\u00e9. Ce r\u00e9frig\u00e9rateur compact est disponible en blanc, noir et acier inoxydable, ce qui lui permet de s'adapter \u00e0 tous les styles de d\u00e9cor. En outre, il est dot\u00e9 d'une poign\u00e9e de porte int\u00e9gr\u00e9e et d'une charni\u00e8re de porte r\u00e9versible pratique pour une ouverture \u00e0 gauche ou \u00e0 droite.","robots":{"index":"index","follow":"follow","max-snippet":"max-snippet:-1","max-image-preview":"max-image-preview:large","max-video-preview":"max-video-preview:-1"},"canonical":"https:\/\/www.danby.com\/fr\/products\/refrigeration-compact\/dcr044a2bdd\/","og_locale":"fr_CA","og_type":"article","og_title":"R\u00e9frig\u00e9rateur compact de 4,4 pi3 Danby Designer - DCR044A2BDD | Danby Canada","og_description":"Lorsque vous avez besoin d'un r\u00e9frig\u00e9rateur de comptoir qui offre une grande surface de stockage dans un espace compact, vous devez regarder plus loin que le mod\u00e8le Danby Designer. Ce mini r\u00e9frig\u00e9rateur offre une capacit\u00e9 de r\u00e9frig\u00e9ration de 4,4 pieds cubes (125 L) et est id\u00e9al pour les ateliers, les salons, les salles de jeux, les salles \u00e0 manger, etc. Il est \u00e9quip\u00e9 d'un distributeur de boissons CanStor\u00ae pratique pour vos boissons pr\u00e9f\u00e9r\u00e9es et dispose d'un espace suffisant pour les grandes bouteilles. Il est \u00e9quip\u00e9 d'un distributeur de boissons CanStor\u00ae pratique pour vos boissons pr\u00e9f\u00e9r\u00e9es et offre suffisamment d'espace pour les grandes bouteilles. La conception \u00e0 2,5 \u00e9tag\u00e8res offre une polyvalence de stockage maximale, et l'appareil est contr\u00f4l\u00e9 par un thermostat m\u00e9canique pr\u00e9cis et un syst\u00e8me de d\u00e9givrage semi-automatique simple. Si vous avez besoin de congeler certains types d'aliments ou si vous cherchez simplement un endroit pour fabriquer et stocker des gla\u00e7ons, cet appareil r\u00e9pond aux exigences car il dispose \u00e9galement d'une section de cong\u00e9lation ind\u00e9pendante sur toute la largeur. Comme ce mod\u00e8le attrayant est \u00e9galement certifi\u00e9 ENERGY STAR\u00ae, il n'augmentera pas vos factures d'\u00e9lectricit\u00e9. Ce r\u00e9frig\u00e9rateur compact est disponible en blanc, noir et acier inoxydable, ce qui lui permet de s'adapter \u00e0 tous les styles de d\u00e9cor. En outre, il est dot\u00e9 d'une poign\u00e9e de porte int\u00e9gr\u00e9e et d'une charni\u00e8re de porte r\u00e9versible pratique pour une ouverture \u00e0 gauche ou \u00e0 droite.","og_url":"https:\/\/www.danby.com\/fr\/products\/refrigeration-compact\/dcr044a2bdd\/","og_site_name":"Danby - Canada - French","article_publisher":"https:\/\/www.facebook.com\/DanbyAppliances","article_modified_time":"2026-04-05T10:05:21+00:00","og_image":[{"width":1125,"height":1500,"url":"https:\/\/cdnweb.danby.com\/wp-content\/uploads\/sites\/2\/2024\/04\/24180415\/Thumbnail__0003_DCR044A2BDD.jpg","type":"image\/jpeg"}],"twitter_card":"summary_large_image","twitter_site":"@DanbyAppliance","schema":{"@context":"https:\/\/schema.org","@graph":[{"@type":["WebPage","ItemPage"],"url":"https:\/\/www.danby.com\/fr\/products\/refrigeration-compact\/dcr044a2bdd\/","name":"R\u00e9frig\u00e9rateur compact de 4,4 pi3 Danby Designer - DCR044A2BDD | Danby Canada","isPartOf":[],"primaryImageOfPage":[],"image":[],"thumbnailUrl":"https:\/\/www.danby.com\/fr\/wp-content\/uploads\/sites\/2\/2025\/09\/dcr044a2bdd-thumbnail.jpg","datePublished":"2022-02-03T19:15:59+00:00","dateModified":"2026-04-05T10:05:21+00:00","description":"Lorsque vous avez besoin d'un r\u00e9frig\u00e9rateur de comptoir qui offre une grande surface de stockage dans un espace compact, vous devez regarder plus loin que le mod\u00e8le Danby Designer. Ce mini r\u00e9frig\u00e9rateur offre une capacit\u00e9 de r\u00e9frig\u00e9ration de 4,4 pieds cubes (125 L) et est id\u00e9al pour les ateliers, les salons, les salles de jeux, les salles \u00e0 manger, etc. Il est \u00e9quip\u00e9 d'un distributeur de boissons CanStor\u00ae pratique pour vos boissons pr\u00e9f\u00e9r\u00e9es et dispose d'un espace suffisant pour les grandes bouteilles. Il est \u00e9quip\u00e9 d'un distributeur de boissons CanStor\u00ae pratique pour vos boissons pr\u00e9f\u00e9r\u00e9es et offre suffisamment d'espace pour les grandes bouteilles. La conception \u00e0 2,5 \u00e9tag\u00e8res offre une polyvalence de stockage maximale, et l'appareil est contr\u00f4l\u00e9 par un thermostat m\u00e9canique pr\u00e9cis et un syst\u00e8me de d\u00e9givrage semi-automatique simple. Si vous avez besoin de congeler certains types d'aliments ou si vous cherchez simplement un endroit pour fabriquer et stocker des gla\u00e7ons, cet appareil r\u00e9pond aux exigences car il dispose \u00e9galement d'une section de cong\u00e9lation ind\u00e9pendante sur toute la largeur. Comme ce mod\u00e8le attrayant est \u00e9galement certifi\u00e9 ENERGY STAR\u00ae, il n'augmentera pas vos factures d'\u00e9lectricit\u00e9. Ce r\u00e9frig\u00e9rateur compact est disponible en blanc, noir et acier inoxydable, ce qui lui permet de s'adapter \u00e0 tous les styles de d\u00e9cor. En outre, il est dot\u00e9 d'une poign\u00e9e de porte int\u00e9gr\u00e9e et d'une charni\u00e8re de porte r\u00e9versible pratique pour une ouverture \u00e0 gauche ou \u00e0 droite.","breadcrumb":[],"inLanguage":"fr-CA","potentialAction":[{"@type":"ReadAction","target":["https:\/\/www.danby.com\/fr\/products\/refrigeration-compact\/dcr044a2bdd\/"]}]},{"@type":"ImageObject","inLanguage":"fr-CA","url":"https:\/\/www.danby.com\/fr\/wp-content\/uploads\/sites\/2\/2025\/09\/dcr044a2bdd-thumbnail.jpg","contentUrl":"https:\/\/www.danby.com\/fr\/wp-content\/uploads\/sites\/2\/2025\/09\/dcr044a2bdd-thumbnail.jpg","width":768,"height":1024},{"@type":"BreadcrumbList","itemListElement":[{"@type":"ListItem","position":1,"name":"Home","item":"https:\/\/www.danby.com\/fr\/"},{"@type":"ListItem","position":2,"name":"Boutique","item":"https:\/\/www.danby.com\/fr\/boutique\/"},{"@type":"ListItem","position":3,"name":"R\u00e9frig\u00e9rateur compact de 4,4 pi3 Danby Designer"}]},{"@type":"WebSite","url":"https:\/\/www.danby.com\/fr\/","name":"Danby - Canada - French","description":"Leader dans le domaine de la r\u00e9frig\u00e9ration et des appareils sp\u00e9cialis\u00e9s","publisher":[],"potentialAction":[{"@type":"SearchAction","target":{"@type":"EntryPoint","urlTemplate":"https:\/\/www.danby.com\/fr\/?s={search_term_string}"},"query-input":{"@type":"PropertyValueSpecification","valueRequired":true,"valueName":"search_term_string"}}],"inLanguage":"fr-CA"},{"@type":"Organization","name":"Danby Appliances","url":"https:\/\/www.danby.com\/fr\/","logo":{"@type":"ImageObject","inLanguage":"fr-CA","url":"https:\/\/cdnweb.danby.com\/wp-content\/uploads\/sites\/2\/2022\/02\/10141906\/Danby75Ans_Blue.png","contentUrl":"https:\/\/cdnweb.danby.com\/wp-content\/uploads\/sites\/2\/2022\/02\/10141906\/Danby75Ans_Blue.png","width":470,"height":110,"caption":"Danby Appliances"},"image":[],"sameAs":["https:\/\/www.facebook.com\/DanbyAppliances","https:\/\/x.com\/DanbyAppliance","https:\/\/instagram.com\/danbyappliances\/","https:\/\/www.linkedin.com\/company\/danbyappliances","https:\/\/www.pinterest.ca\/danbyappliances\/","https:\/\/www.youtube.com\/user\/DanbyProducts","https:\/\/en.wikipedia.org\/wiki\/Danby_(appliances)"]}]}},"post_mailing_queue_ids":[],"_links":{"self":[{"href":"https:\/\/www.danby.com\/fr\/wp-json\/wp\/v2\/product\/4814","targetHints":{"allow":["GET"]}}],"collection":[{"href":"https:\/\/www.danby.com\/fr\/wp-json\/wp\/v2\/product"}],"about":[{"href":"https:\/\/www.danby.com\/fr\/wp-json\/wp\/v2\/types\/product"}],"replies":[{"embeddable":true,"href":"https:\/\/www.danby.com\/fr\/wp-json\/wp\/v2\/comments?post=4814"}],"wp:featuredmedia":[{"embeddable":true,"href":"https:\/\/www.danby.com\/fr\/wp-json\/wp\/v2\/media\/34811"}],"wp:attachment":[{"href":"https:\/\/www.danby.com\/fr\/wp-json\/wp\/v2\/media?parent=4814"}],"wp:term":[{"taxonomy":"product_brand","embeddable":true,"href":"https:\/\/www.danby.com\/fr\/wp-json\/wp\/v2\/product_brand?post=4814"},{"taxonomy":"product_cat","embeddable":true,"href":"https:\/\/www.danby.com\/fr\/wp-json\/wp\/v2\/product_cat?post=4814"},{"taxonomy":"product_tag","embeddable":true,"href":"https:\/\/www.danby.com\/fr\/wp-json\/wp\/v2\/product_tag?post=4814"}],"curies":[{"name":"wp","href":"https:\/\/api.w.org\/{rel}","templated":true}]}}